{"id":18,"date":"2014-05-13T17:36:30","date_gmt":"2014-05-13T15:36:30","guid":{"rendered":"http:\/\/shop.verlag.uni-potsdam.de\/\/?page_id=11"},"modified":"2026-02-24T10:08:10","modified_gmt":"2026-02-24T09:08:10","slug":"home-2","status":"publish","type":"page","link":"https:\/\/shop.verlag.uni-potsdam.de\/en\/","title":{"rendered":"Publisher&#8217;s catalogue"},"content":{"rendered":"<div aria-live=\"polite\" id=\"soliloquy-container-53293_1\" class=\"soliloquy-container soliloquy-transition-fade  soliloquy-theme-base\" style=\"max-width:680px;max-height:350px;\"><ul id=\"soliloquy-53293_1\" class=\"soliloquy-slider soliloquy-slides soliloquy-wrap soliloquy-clear\"><li aria-hidden=\"true\" class=\"soliloquy-item soliloquy-item-1 soliloquy-image-slide\" draggable=\"false\" style=\"list-style:none\"><a href=\"https:\/\/shop.verlag.uni-potsdam.de\/en\/shop\/universitaet-potsdam\/\" class=\"soliloquy-link\" title=\"223x430_Universitaet_Potsdam_Eine_Geschichte_in_Bildern_UP\"><img decoding=\"async\" id=\"soliloquy-image-73920\" class=\"soliloquy-image soliloquy-image-1\" src=\"https:\/\/shop.verlag.uni-potsdam.de\/wp-content\/uploads\/2022\/06\/223x430_Universitaet_Potsdam_Eine_Geschichte_in_Bildern_UP-680x350_c.png\" alt=\"223x430_Universitaet_Potsdam_Eine_Geschichte_in_Bildern_UP\" \/><\/a><div class=\"soliloquy-caption\"><div class=\"soliloquy-caption-inside\">Universit\u00e4t Potsdam - Eine Geschichte in Bildern | Matthias Zimmermann, Antje Horn-Conrad, Referat f\u00fcr Presse- und \u00d6ffentlichkeitsarbeit<\/div><\/div><\/li><li aria-hidden=\"true\" class=\"soliloquy-item soliloquy-item-2 soliloquy-image-slide\" draggable=\"false\" style=\"list-style:none\"><a href=\"https:\/\/shop.verlag.uni-potsdam.de\/shop\/alexander-von-humboldt-im-netz-22-2021-42\/\" class=\"soliloquy-link\" title=\"Christian Gottfried Ehrenberg : Lebensbilder eines Naturforschers | HiN \u2013 Alexander von Humboldt im Netz 22(2021) 42\"><img decoding=\"async\" id=\"soliloquy-image-73653\" class=\"soliloquy-image soliloquy-image-2\" src=\"https:\/\/shop.verlag.uni-potsdam.de\/wp-content\/uploads\/2021\/06\/1_680x350_HiN_22-2021-42_Universit\u00e4tsverlag_Potsdam.jpg\" alt=\"Cover: Christian Gottfried Ehrenberg : Lebensbilder eines Naturforschers\" \/><\/a><div class=\"soliloquy-caption\"><div class=\"soliloquy-caption-inside\"><strong>Christian Gottfried Ehrenberg : Lebensbilder eines Naturforschers<\/strong>\nOttmar Ette | Eberhard Knobloch | Ulrich P\u00e4\u00dfler (Hrsg.)<\/div><\/div><\/li><li aria-hidden=\"true\" class=\"soliloquy-item soliloquy-item-3 soliloquy-image-slide\" draggable=\"false\" style=\"list-style:none\"><a href=\"https:\/\/shop.verlag.uni-potsdam.de\/shop\/hollywood-a-challenge-for-the-soviet-cinema\/\" class=\"soliloquy-link\" title=\"Hollywood \u2013 A Challenge for the Soviet Cinema  | Four Essays\"><img decoding=\"async\" id=\"soliloquy-image-73654\" class=\"soliloquy-image soliloquy-image-3\" src=\"https:\/\/shop.verlag.uni-potsdam.de\/wp-content\/uploads\/2021\/06\/2_680x350_Hollywood_a_Challenge_for_the_Soviet_Cinema_Universit\u00e4tsverlag_Potsdam.jpg\" alt=\"Cover: Hollywood \u2013 A Challenge for the Soviet Cinema | Four Essays\" \/><\/a><div class=\"soliloquy-caption\"><div class=\"soliloquy-caption-inside\"><strong>Hollywood \u2013 A Challenge for the Soviet Cinema<\/strong>\nNorbert P. Franz<\/div><\/div><\/li><li aria-hidden=\"true\" class=\"soliloquy-item soliloquy-item-4 soliloquy-image-slide\" draggable=\"false\" style=\"list-style:none\"><a href=\"https:\/\/shop.verlag.uni-potsdam.de\/reihe\/pri-ha-pardes\/\" class=\"soliloquy-link\" title=\"\u201cJewish, Gay and Proud\u201d- The Founding of Beth Chayim Chadashim as a Milestone of Jewish Homosexual Integration | Pri ha-Pardes 13\"><img decoding=\"async\" id=\"soliloquy-image-73655\" class=\"soliloquy-image soliloquy-image-4\" src=\"https:\/\/shop.verlag.uni-potsdam.de\/wp-content\/uploads\/2021\/06\/3_680x350_Jewish_Gay_and_Proud_Universit\u00e4tsverlag_Potsdam.jpg\" alt=\"Cover: \u201cJewish, Gay and Proud\u201d - The Founding of Beth Chayim Chadashim as a Milestone of Jewish Homosexual Integration\" \/><\/a><div class=\"soliloquy-caption\"><div class=\"soliloquy-caption-inside\"><strong>\u201cJewish, Gay and Proud\u201d<\/strong>\nJan Thorben Wilkens<\/div><\/div><\/li><li aria-hidden=\"true\" class=\"soliloquy-item soliloquy-item-5 soliloquy-image-slide\" draggable=\"false\" style=\"list-style:none\"><a href=\"https:\/\/shop.verlag.uni-potsdam.de\/shop\/lehre-und-lernen-entwickeln-eine-frage-der-gestaltung-von-%c3%9cberg%c3%a4ngen\/\" class=\"soliloquy-link\" title=\"Lehre und Lernen entwickeln \u2013 Eine Frage der Gestaltung von \u00dcberg\u00e4ngen | Erfahrungen aus 9 Jahren Qualit\u00e4tspakt Lehre an der Universit\u00e4t Potsdam | PBHF 6\"><img decoding=\"async\" id=\"soliloquy-image-73656\" class=\"soliloquy-image soliloquy-image-5\" src=\"https:\/\/shop.verlag.uni-potsdam.de\/wp-content\/uploads\/2021\/06\/4_680x350_PBHF_6_Universit\u00e4tsverlag_Potsdam.jpg\" alt=\"Cover: Lehre und Lernen entwickeln \u2013 Eine Frage der Gestaltung von \u00dcberg\u00e4ngen | Erfahrungen aus 9 Jahren Qualit\u00e4tspakt Lehre an der Universit\u00e4t Potsdam\" \/><\/a><div class=\"soliloquy-caption\"><div class=\"soliloquy-caption-inside\"><strong>Lehre und Lernen entwickeln \u2013 Eine Frage der Gestaltung von \u00dcberg\u00e4ngen<\/strong>\nStefanie Goertz | Benjamin Klages | Dominique Last | Sven Strickroth (Hrsg.)<\/div><\/div><\/li><\/ul><\/div><noscript><style type=\"text\/css\">#soliloquy-container-53293_1{opacity:1}<\/style><\/noscript>\n","protected":false},"excerpt":{"rendered":"","protected":false},"author":1,"featured_media":0,"parent":0,"menu_order":0,"comment_status":"open","ping_status":"open","template":"","meta":{"_acf_changed":false,"footnotes":""},"class_list":["post-18","page","type-page","status-publish","hentry"],"acf":[],"yoast_head":"<!-- This site is optimized with the Yoast SEO plugin v27.1.1 - https:\/\/yoast.com\/product\/yoast-seo-wordpress\/ -->\n<title>Publisher&#039;s catalogue - Universit\u00e4tsverlag Potsdam<\/title>\n<meta name=\"robots\" content=\"index, follow, max-snippet:-1, max-image-preview:large, max-video-preview:-1\" \/>\n<link rel=\"canonical\" href=\"https:\/\/shop.verlag.uni-potsdam.de\/en\/\" \/>\n<meta property=\"og:locale\" content=\"en_US\" \/>\n<meta property=\"og:type\" content=\"article\" \/>\n<meta property=\"og:title\" content=\"Publisher&#039;s catalogue - Universit\u00e4tsverlag Potsdam\" \/>\n<meta property=\"og:url\" content=\"https:\/\/shop.verlag.uni-potsdam.de\/en\/\" \/>\n<meta property=\"og:site_name\" content=\"Universit\u00e4tsverlag Potsdam\" \/>\n<meta property=\"article:modified_time\" content=\"2026-02-24T09:08:10+00:00\" \/>\n<meta name=\"twitter:card\" content=\"summary_large_image\" \/>\n<meta name=\"twitter:label1\" content=\"Est. reading time\" \/>\n\t<meta name=\"twitter:data1\" content=\"1 minute\" \/>\n<script type=\"application\/ld+json\" class=\"yoast-schema-graph\">{\"@context\":\"https:\/\/schema.org\",\"@graph\":[{\"@type\":\"WebPage\",\"@id\":\"https:\/\/shop.verlag.uni-potsdam.de\/en\/\",\"url\":\"https:\/\/shop.verlag.uni-potsdam.de\/en\/\",\"name\":\"Publisher's catalogue - Universit\u00e4tsverlag Potsdam\",\"isPartOf\":{\"@id\":\"https:\/\/shop.verlag.uni-potsdam.de\/en\/#website\"},\"datePublished\":\"2014-05-13T15:36:30+00:00\",\"dateModified\":\"2026-02-24T09:08:10+00:00\",\"breadcrumb\":{\"@id\":\"https:\/\/shop.verlag.uni-potsdam.de\/en\/#breadcrumb\"},\"inLanguage\":\"en-US\",\"potentialAction\":[{\"@type\":\"ReadAction\",\"target\":[[\"https:\/\/shop.verlag.uni-potsdam.de\/en\/\"]]}]},{\"@type\":\"BreadcrumbList\",\"@id\":\"https:\/\/shop.verlag.uni-potsdam.de\/en\/#breadcrumb\",\"itemListElement\":[{\"@type\":\"ListItem\",\"position\":1,\"name\":\"Startseite\",\"item\":\"https:\/\/shop.verlag.uni-potsdam.de\/en\/\"},{\"@type\":\"ListItem\",\"position\":2,\"name\":\"Verlagsprogramm\"}]},{\"@type\":\"WebSite\",\"@id\":\"https:\/\/shop.verlag.uni-potsdam.de\/en\/#website\",\"url\":\"https:\/\/shop.verlag.uni-potsdam.de\/en\/\",\"name\":\"Universit\u00e4tsverlag Potsdam\",\"description\":\"\",\"publisher\":{\"@id\":\"https:\/\/shop.verlag.uni-potsdam.de\/en\/#organization\"},\"potentialAction\":[{\"@type\":\"SearchAction\",\"target\":{\"@type\":\"EntryPoint\",\"urlTemplate\":\"https:\/\/shop.verlag.uni-potsdam.de\/en\/?s={search_term_string}\"},\"query-input\":{\"@type\":\"PropertyValueSpecification\",\"valueRequired\":true,\"valueName\":\"search_term_string\"}}],\"inLanguage\":\"en-US\"},{\"@type\":\"Organization\",\"@id\":\"https:\/\/shop.verlag.uni-potsdam.de\/en\/#organization\",\"name\":\"Universit\u00e4tsverlag Potsdam\",\"url\":\"https:\/\/shop.verlag.uni-potsdam.de\/en\/\",\"logo\":{\"@type\":\"ImageObject\",\"inLanguage\":\"en-US\",\"@id\":\"https:\/\/shop.verlag.uni-potsdam.de\/en\/#\/schema\/logo\/image\/\",\"url\":\"https:\/\/shop.verlag.uni-potsdam.de\/wp-content\/uploads\/2017\/04\/up_logo_university_2.png\",\"contentUrl\":\"https:\/\/shop.verlag.uni-potsdam.de\/wp-content\/uploads\/2017\/04\/up_logo_university_2.png\",\"width\":160,\"height\":172,\"caption\":\"Universit\u00e4tsverlag Potsdam\"},\"image\":{\"@id\":\"https:\/\/shop.verlag.uni-potsdam.de\/en\/#\/schema\/logo\/image\/\"}}]}<\/script>\n<!-- \/ Yoast SEO plugin. -->","yoast_head_json":{"title":"Publisher's catalogue - Universit\u00e4tsverlag Potsdam","robots":{"index":"index","follow":"follow","max-snippet":"max-snippet:-1","max-image-preview":"max-image-preview:large","max-video-preview":"max-video-preview:-1"},"canonical":"https:\/\/shop.verlag.uni-potsdam.de\/en\/","og_locale":"en_US","og_type":"article","og_title":"Publisher's catalogue - Universit\u00e4tsverlag Potsdam","og_url":"https:\/\/shop.verlag.uni-potsdam.de\/en\/","og_site_name":"Universit\u00e4tsverlag Potsdam","article_modified_time":"2026-02-24T09:08:10+00:00","twitter_card":"summary_large_image","twitter_misc":{"Est. reading time":"1 minute"},"schema":{"@context":"https:\/\/schema.org","@graph":[{"@type":"WebPage","@id":"https:\/\/shop.verlag.uni-potsdam.de\/en\/","url":"https:\/\/shop.verlag.uni-potsdam.de\/en\/","name":"Publisher's catalogue - Universit\u00e4tsverlag Potsdam","isPartOf":{"@id":"https:\/\/shop.verlag.uni-potsdam.de\/en\/#website"},"datePublished":"2014-05-13T15:36:30+00:00","dateModified":"2026-02-24T09:08:10+00:00","breadcrumb":{"@id":"https:\/\/shop.verlag.uni-potsdam.de\/en\/#breadcrumb"},"inLanguage":"en-US","potentialAction":[{"@type":"ReadAction","target":[["https:\/\/shop.verlag.uni-potsdam.de\/en\/"]]}]},{"@type":"BreadcrumbList","@id":"https:\/\/shop.verlag.uni-potsdam.de\/en\/#breadcrumb","itemListElement":[{"@type":"ListItem","position":1,"name":"Startseite","item":"https:\/\/shop.verlag.uni-potsdam.de\/en\/"},{"@type":"ListItem","position":2,"name":"Verlagsprogramm"}]},{"@type":"WebSite","@id":"https:\/\/shop.verlag.uni-potsdam.de\/en\/#website","url":"https:\/\/shop.verlag.uni-potsdam.de\/en\/","name":"Universit\u00e4tsverlag Potsdam","description":"","publisher":{"@id":"https:\/\/shop.verlag.uni-potsdam.de\/en\/#organization"},"potentialAction":[{"@type":"SearchAction","target":{"@type":"EntryPoint","urlTemplate":"https:\/\/shop.verlag.uni-potsdam.de\/en\/?s={search_term_string}"},"query-input":{"@type":"PropertyValueSpecification","valueRequired":true,"valueName":"search_term_string"}}],"inLanguage":"en-US"},{"@type":"Organization","@id":"https:\/\/shop.verlag.uni-potsdam.de\/en\/#organization","name":"Universit\u00e4tsverlag Potsdam","url":"https:\/\/shop.verlag.uni-potsdam.de\/en\/","logo":{"@type":"ImageObject","inLanguage":"en-US","@id":"https:\/\/shop.verlag.uni-potsdam.de\/en\/#\/schema\/logo\/image\/","url":"https:\/\/shop.verlag.uni-potsdam.de\/wp-content\/uploads\/2017\/04\/up_logo_university_2.png","contentUrl":"https:\/\/shop.verlag.uni-potsdam.de\/wp-content\/uploads\/2017\/04\/up_logo_university_2.png","width":160,"height":172,"caption":"Universit\u00e4tsverlag Potsdam"},"image":{"@id":"https:\/\/shop.verlag.uni-potsdam.de\/en\/#\/schema\/logo\/image\/"}}]}},"_links":{"self":[{"href":"https:\/\/shop.verlag.uni-potsdam.de\/en\/wp-json\/wp\/v2\/pages\/18","targetHints":{"allow":["GET"]}}],"collection":[{"href":"https:\/\/shop.verlag.uni-potsdam.de\/en\/wp-json\/wp\/v2\/pages"}],"about":[{"href":"https:\/\/shop.verlag.uni-potsdam.de\/en\/wp-json\/wp\/v2\/types\/page"}],"author":[{"embeddable":true,"href":"https:\/\/shop.verlag.uni-potsdam.de\/en\/wp-json\/wp\/v2\/users\/1"}],"replies":[{"embeddable":true,"href":"https:\/\/shop.verlag.uni-potsdam.de\/en\/wp-json\/wp\/v2\/comments?post=18"}],"version-history":[{"count":9,"href":"https:\/\/shop.verlag.uni-potsdam.de\/en\/wp-json\/wp\/v2\/pages\/18\/revisions"}],"predecessor-version":[{"id":96556,"href":"https:\/\/shop.verlag.uni-potsdam.de\/en\/wp-json\/wp\/v2\/pages\/18\/revisions\/96556"}],"wp:attachment":[{"href":"https:\/\/shop.verlag.uni-potsdam.de\/en\/wp-json\/wp\/v2\/media?parent=18"}],"curies":[{"name":"wp","href":"https:\/\/api.w.org\/{rel}","templated":true}]}}