{"id":51591,"date":"2026-03-23T08:54:03","date_gmt":"2026-03-23T08:54:03","guid":{"rendered":"http:\/\/shop.verlag.uni-potsdam.de\/produkt\/genisa-blaetter-i\/"},"modified":"2026-03-23T11:55:03","modified_gmt":"2026-03-23T10:55:03","slug":"genisa-blaetter-i","status":"publish","type":"product","link":"https:\/\/shop.verlag.uni-potsdam.de\/en\/shop\/genisa-blaetter-i\/","title":{"rendered":"Genisa-Bl\u00e4tter I"},"content":{"rendered":"<p class=\"qtranxs-available-languages-message qtranxs-available-languages-message-en\">Sorry, this entry is only available in <a href=\"https:\/\/shop.verlag.uni-potsdam.de\/de\/wp-json\/wp\/v2\/product\/51591\" class=\"qtranxs-available-language-link qtranxs-available-language-link-de\" title=\"Deutsch\">Deutsch<\/a>.<\/p><p>Im Rahmen von zwei Workshops f\u00fcr Nachwuchswissenschaftler unterschiedlicher Disziplinen, die im November 2012 bzw. im Oktober 2013 in Veitsh\u00f6chheim (Unterfranken) stattfanden, wurde eine Auswahl des reichhaltigen Materials der Genisa-Forschungsstelle genau unter die Lupe genommen. Erstmals war es somit m\u00f6glich, das vielf\u00e4ltige Quellenmaterial durch eine gemeinsame f\u00e4cher\u00fcbergreifende Bearbeitung zu untersuchen und sich durch inhaltliche Verkn\u00fcpfungen und Assoziationen der fachkundigen Teilnehmer der Komplexit\u00e4t des fr\u00e4nkischen Judentums angemessen zu n\u00e4hern. Erfreulicherweise haben einige der Workshop-Teilnehmer ihre Arbeitsergebnisse f\u00fcr diese Publikation aufbereitet. Die bei den Workshops untersuchten Quellenst\u00fccke wiesen keinen gemeinsamen inhaltlichen Schwerpunkt auf. Den Teilnehmern wurde eine Auswahl aus der gro\u00dfen Bandbreite zur Bearbeitung zur Verf\u00fcgung gestellt. Untersucht wurden schriftliche und materielle Quellen unterschiedlichsten Inhalts, Sprache und Erhaltungszustands, die sich an den Sprachkenntnissen der Workshop-Teilnehmer orientierten. Hier hoffen wir auch in Zukunft, von den Spezialkenntnissen der Teilnehmer profitieren zu k\u00f6nnen. Eine umfassende Bewertung nach der Bearbeitung des Materials an nur einem Wochenende kann nicht erfolgen. Das erkl\u00e4rte Ziel der Workshops und der daraus entstandenen Publikation ist es, die Genisot in ihrer Vielfalt einem interessierten Publikum bekannt zu machen. Zugleich soll Interesse f\u00fcr weitere und intensivere Forschungen mit dieser speziellen j\u00fcdischen Quellengattung geweckt werden. Es wird sich zeigen, in wie weit die Fortsetzung der Workshops in den n\u00e4chsten Jahren unser Bild vom j\u00fcdischen Leben in Franken bereichern kann.<\/p>","protected":false},"excerpt":{"rendered":"<p class=\"qtranxs-available-languages-message qtranxs-available-languages-message-en\">Sorry, this entry is only available in <a href=\"https:\/\/shop.verlag.uni-potsdam.de\/de\/wp-json\/wp\/v2\/product\/51591\" class=\"qtranxs-available-language-link qtranxs-available-language-link-de\" title=\"Deutsch\">Deutsch<\/a>.<\/p>\n<p>Im Rahmen von zwei Workshops f\u00fcr Nachwuchswissenschaftler unterschiedlicher Disziplinen, die im November 2012 bzw. im Oktober 2013 in Veitsh\u00f6chheim (Unterfranken) stattfanden, wurde eine Auswahl des reichhaltigen Materials der Genisa-Forschungsstelle genau unter die Lupe genommen. Erstmals war es somit m\u00f6glich, das vielf\u00e4ltige Quellenmaterial durch eine gemeinsame f\u00e4cher\u00fcbergreifende Bearbeitung zu untersuchen und sich durch inhaltliche Verkn\u00fcpfungen und Assoziationen der fachkundigen Teilnehmer der Komplexit\u00e4t des fr\u00e4nkischen Judentums angemessen zu n\u00e4hern. Erfreulicherweise haben einige der Workshop-Teilnehmer ihre Arbeitsergebnisse f\u00fcr diese Publikation aufbereitet. Die bei den Workshops untersuchten Quellenst\u00fccke wiesen keinen gemeinsamen inhaltlichen Schwerpunkt auf. Den Teilnehmern wurde eine Auswahl aus der gro\u00dfen Bandbreite zur Bearbeitung zur Verf\u00fcgung gestellt. Untersucht wurden schriftliche und materielle Quellen unterschiedlichsten Inhalts, Sprache und Erhaltungszustands, die sich an den Sprachkenntnissen der Workshop-Teilnehmer orientierten. Hier hoffen wir auch in Zukunft, von den Spezialkenntnissen der Teilnehmer profitieren zu k\u00f6nnen. Eine umfassende Bewertung nach der Bearbeitung des Materials an nur einem Wochenende kann nicht erfolgen. Das erkl\u00e4rte Ziel der Workshops und der daraus entstandenen Publikation ist es, die Genisot in ihrer Vielfalt einem interessierten Publikum bekannt zu machen. Zugleich soll Interesse f\u00fcr weitere und intensivere Forschungen mit dieser speziellen j\u00fcdischen Quellengattung geweckt werden. Es wird sich zeigen, in wie weit die Fortsetzung der Workshops in den n\u00e4chsten Jahren unser Bild vom j\u00fcdischen Leben in Franken bereichern kann.<\/p>\n","protected":false},"featured_media":54136,"template":"","meta":{"_acf_changed":false},"product_brand":[],"product_cat":[6226],"product_tag":[5926],"class_list":{"0":"post-51591","1":"product","2":"type-product","3":"status-publish","4":"has-post-thumbnail","6":"product_cat-religion-theologie","7":"product_tag-genisa-juedische-studien","8":"autor-gabi-rudolf","9":"autor-rebekka-denz","11":"first","12":"instock","13":"shipping-taxable","14":"purchasable","15":"product-type-simple"},"acf":[],"yoast_head":"<!-- This site is optimized with the Yoast SEO plugin v27.1.1 - https:\/\/yoast.com\/product\/yoast-seo-wordpress\/ -->\n<title>Genisa-Bl\u00e4tter I - Universit\u00e4tsverlag Potsdam<\/title>\n<meta name=\"robots\" content=\"index, follow, max-snippet:-1, max-image-preview:large, max-video-preview:-1\" \/>\n<link rel=\"canonical\" href=\"https:\/\/shop.verlag.uni-potsdam.de\/en\/shop\/genisa-blaetter-i\/\" \/>\n<meta property=\"og:locale\" content=\"en_US\" \/>\n<meta property=\"og:type\" content=\"article\" \/>\n<meta property=\"og:title\" content=\"Genisa-Bl\u00e4tter I - Universit\u00e4tsverlag Potsdam\" \/>\n<meta property=\"og:description\" content=\"Im Rahmen von zwei Workshops f\u00fcr Nachwuchswissenschaftler unterschiedlicher Disziplinen, die im November 2012 bzw. im Oktober 2013 in Veitsh\u00f6chheim (Unterfranken) stattfanden, wurde eine Auswahl des reichhaltigen Materials der Genisa-Forschungsstelle genau unter die Lupe genommen. Erstmals war es somit m\u00f6glich, das vielf\u00e4ltige Quellenmaterial durch eine gemeinsame f\u00e4cher\u00fcbergreifende Bearbeitung zu untersuchen und sich durch inhaltliche Verkn\u00fcpfungen und Assoziationen der fachkundigen Teilnehmer der Komplexit\u00e4t des fr\u00e4nkischen Judentums angemessen zu n\u00e4hern. Erfreulicherweise haben einige der Workshop-Teilnehmer ihre Arbeitsergebnisse f\u00fcr diese Publikation aufbereitet. Die bei den Workshops untersuchten Quellenst\u00fccke wiesen keinen gemeinsamen inhaltlichen Schwerpunkt auf. Den Teilnehmern wurde eine Auswahl aus der gro\u00dfen Bandbreite zur Bearbeitung zur Verf\u00fcgung gestellt. Untersucht wurden schriftliche und materielle Quellen unterschiedlichsten Inhalts, Sprache und Erhaltungszustands, die sich an den Sprachkenntnissen der Workshop-Teilnehmer orientierten. Hier hoffen wir auch in Zukunft, von den Spezialkenntnissen der Teilnehmer profitieren zu k\u00f6nnen. Eine umfassende Bewertung nach der Bearbeitung des Materials an nur einem Wochenende kann nicht erfolgen. Das erkl\u00e4rte Ziel der Workshops und der daraus entstandenen Publikation ist es, die Genisot in ihrer Vielfalt einem interessierten Publikum bekannt zu machen. Zugleich soll Interesse f\u00fcr weitere und intensivere Forschungen mit dieser speziellen j\u00fcdischen Quellengattung geweckt werden. Es wird sich zeigen, in wie weit die Fortsetzung der Workshops in den n\u00e4chsten Jahren unser Bild vom j\u00fcdischen Leben in Franken bereichern kann.\" \/>\n<meta property=\"og:url\" content=\"https:\/\/shop.verlag.uni-potsdam.de\/en\/shop\/genisa-blaetter-i\/\" \/>\n<meta property=\"og:site_name\" content=\"Universit\u00e4tsverlag Potsdam\" \/>\n<meta property=\"article:modified_time\" content=\"2026-03-23T10:55:03+00:00\" \/>\n<meta property=\"og:image\" content=\"https:\/\/shop.verlag.uni-potsdam.de\/wp-content\/uploads\/asolmerce\/image-9783869563169.jpg\" \/>\n\t<meta property=\"og:image:width\" content=\"640\" \/>\n\t<meta property=\"og:image:height\" content=\"907\" \/>\n\t<meta property=\"og:image:type\" content=\"image\/jpeg\" \/>\n<meta name=\"twitter:card\" content=\"summary_large_image\" \/>\n<meta name=\"twitter:label1\" content=\"Est. reading time\" \/>\n\t<meta name=\"twitter:data1\" content=\"1 minute\" \/>\n<script type=\"application\/ld+json\" class=\"yoast-schema-graph\">{\"@context\":\"https:\/\/schema.org\",\"@graph\":[{\"@type\":\"WebPage\",\"@id\":\"https:\/\/shop.verlag.uni-potsdam.de\/en\/shop\/genisa-blaetter-i\/\",\"url\":\"https:\/\/shop.verlag.uni-potsdam.de\/en\/shop\/genisa-blaetter-i\/\",\"name\":\"Genisa-Bl\u00e4tter I - Universit\u00e4tsverlag Potsdam\",\"isPartOf\":{\"@id\":\"https:\/\/shop.verlag.uni-potsdam.de\/en\/#website\"},\"primaryImageOfPage\":{\"@id\":\"https:\/\/shop.verlag.uni-potsdam.de\/en\/shop\/genisa-blaetter-i\/#primaryimage\"},\"image\":{\"@id\":\"https:\/\/shop.verlag.uni-potsdam.de\/shop\/genisa-blaetter-i\/#primaryimage\"},\"thumbnailUrl\":\"https:\/\/shop.verlag.uni-potsdam.de\/wp-content\/uploads\/asolmerce\/image-9783869563169.jpg\",\"datePublished\":\"2026-03-23T08:54:03+00:00\",\"dateModified\":\"2026-03-23T10:55:03+00:00\",\"breadcrumb\":{\"@id\":\"https:\/\/shop.verlag.uni-potsdam.de\/en\/shop\/genisa-blaetter-i\/#breadcrumb\"},\"inLanguage\":\"en-US\",\"potentialAction\":[{\"@type\":\"ReadAction\",\"target\":[[\"https:\/\/shop.verlag.uni-potsdam.de\/en\/shop\/genisa-blaetter-i\/\"]]}]},{\"@type\":\"ImageObject\",\"inLanguage\":\"en-US\",\"@id\":\"https:\/\/shop.verlag.uni-potsdam.de\/en\/shop\/genisa-blaetter-i\/#primaryimage\",\"url\":\"https:\/\/shop.verlag.uni-potsdam.de\/wp-content\/uploads\/asolmerce\/image-9783869563169.jpg\",\"contentUrl\":\"https:\/\/shop.verlag.uni-potsdam.de\/wp-content\/uploads\/asolmerce\/image-9783869563169.jpg\",\"width\":640,\"height\":907},{\"@type\":\"BreadcrumbList\",\"@id\":\"https:\/\/shop.verlag.uni-potsdam.de\/en\/shop\/genisa-blaetter-i\/#breadcrumb\",\"itemListElement\":[{\"@type\":\"ListItem\",\"position\":1,\"name\":\"Startseite\",\"item\":\"https:\/\/shop.verlag.uni-potsdam.de\/en\/\"},{\"@type\":\"ListItem\",\"position\":2,\"name\":\"Shop\",\"item\":\"https:\/\/shop.verlag.uni-potsdam.de\/en\/shop\/\"},{\"@type\":\"ListItem\",\"position\":3,\"name\":\"Genisa-Bl\u00e4tter I\"}]},{\"@type\":\"WebSite\",\"@id\":\"https:\/\/shop.verlag.uni-potsdam.de\/en\/#website\",\"url\":\"https:\/\/shop.verlag.uni-potsdam.de\/en\/\",\"name\":\"Universit\u00e4tsverlag Potsdam\",\"description\":\"\",\"publisher\":{\"@id\":\"https:\/\/shop.verlag.uni-potsdam.de\/en\/#organization\"},\"potentialAction\":[{\"@type\":\"SearchAction\",\"target\":{\"@type\":\"EntryPoint\",\"urlTemplate\":\"https:\/\/shop.verlag.uni-potsdam.de\/en\/?s={search_term_string}\"},\"query-input\":{\"@type\":\"PropertyValueSpecification\",\"valueRequired\":true,\"valueName\":\"search_term_string\"}}],\"inLanguage\":\"en-US\"},{\"@type\":\"Organization\",\"@id\":\"https:\/\/shop.verlag.uni-potsdam.de\/en\/#organization\",\"name\":\"Universit\u00e4tsverlag Potsdam\",\"url\":\"https:\/\/shop.verlag.uni-potsdam.de\/en\/\",\"logo\":{\"@type\":\"ImageObject\",\"inLanguage\":\"en-US\",\"@id\":\"https:\/\/shop.verlag.uni-potsdam.de\/en\/#\/schema\/logo\/image\/\",\"url\":\"https:\/\/shop.verlag.uni-potsdam.de\/wp-content\/uploads\/2017\/04\/up_logo_university_2.png\",\"contentUrl\":\"https:\/\/shop.verlag.uni-potsdam.de\/wp-content\/uploads\/2017\/04\/up_logo_university_2.png\",\"width\":160,\"height\":172,\"caption\":\"Universit\u00e4tsverlag Potsdam\"},\"image\":{\"@id\":\"https:\/\/shop.verlag.uni-potsdam.de\/en\/#\/schema\/logo\/image\/\"}}]}<\/script>\n<!-- \/ Yoast SEO plugin. -->","yoast_head_json":{"title":"Genisa-Bl\u00e4tter I - Universit\u00e4tsverlag Potsdam","robots":{"index":"index","follow":"follow","max-snippet":"max-snippet:-1","max-image-preview":"max-image-preview:large","max-video-preview":"max-video-preview:-1"},"canonical":"https:\/\/shop.verlag.uni-potsdam.de\/en\/shop\/genisa-blaetter-i\/","og_locale":"en_US","og_type":"article","og_title":"Genisa-Bl\u00e4tter I - Universit\u00e4tsverlag Potsdam","og_description":"Im Rahmen von zwei Workshops f\u00fcr Nachwuchswissenschaftler unterschiedlicher Disziplinen, die im November 2012 bzw. im Oktober 2013 in Veitsh\u00f6chheim (Unterfranken) stattfanden, wurde eine Auswahl des reichhaltigen Materials der Genisa-Forschungsstelle genau unter die Lupe genommen. Erstmals war es somit m\u00f6glich, das vielf\u00e4ltige Quellenmaterial durch eine gemeinsame f\u00e4cher\u00fcbergreifende Bearbeitung zu untersuchen und sich durch inhaltliche Verkn\u00fcpfungen und Assoziationen der fachkundigen Teilnehmer der Komplexit\u00e4t des fr\u00e4nkischen Judentums angemessen zu n\u00e4hern. Erfreulicherweise haben einige der Workshop-Teilnehmer ihre Arbeitsergebnisse f\u00fcr diese Publikation aufbereitet. Die bei den Workshops untersuchten Quellenst\u00fccke wiesen keinen gemeinsamen inhaltlichen Schwerpunkt auf. Den Teilnehmern wurde eine Auswahl aus der gro\u00dfen Bandbreite zur Bearbeitung zur Verf\u00fcgung gestellt. Untersucht wurden schriftliche und materielle Quellen unterschiedlichsten Inhalts, Sprache und Erhaltungszustands, die sich an den Sprachkenntnissen der Workshop-Teilnehmer orientierten. Hier hoffen wir auch in Zukunft, von den Spezialkenntnissen der Teilnehmer profitieren zu k\u00f6nnen. Eine umfassende Bewertung nach der Bearbeitung des Materials an nur einem Wochenende kann nicht erfolgen. Das erkl\u00e4rte Ziel der Workshops und der daraus entstandenen Publikation ist es, die Genisot in ihrer Vielfalt einem interessierten Publikum bekannt zu machen. Zugleich soll Interesse f\u00fcr weitere und intensivere Forschungen mit dieser speziellen j\u00fcdischen Quellengattung geweckt werden. Es wird sich zeigen, in wie weit die Fortsetzung der Workshops in den n\u00e4chsten Jahren unser Bild vom j\u00fcdischen Leben in Franken bereichern kann.","og_url":"https:\/\/shop.verlag.uni-potsdam.de\/en\/shop\/genisa-blaetter-i\/","og_site_name":"Universit\u00e4tsverlag Potsdam","article_modified_time":"2026-03-23T10:55:03+00:00","og_image":[{"width":640,"height":907,"url":"https:\/\/shop.verlag.uni-potsdam.de\/wp-content\/uploads\/asolmerce\/image-9783869563169.jpg","type":"image\/jpeg"}],"twitter_card":"summary_large_image","twitter_misc":{"Est. reading time":"1 minute"},"schema":{"@context":"https:\/\/schema.org","@graph":[{"@type":"WebPage","@id":"https:\/\/shop.verlag.uni-potsdam.de\/en\/shop\/genisa-blaetter-i\/","url":"https:\/\/shop.verlag.uni-potsdam.de\/en\/shop\/genisa-blaetter-i\/","name":"Genisa-Bl\u00e4tter I - Universit\u00e4tsverlag Potsdam","isPartOf":{"@id":"https:\/\/shop.verlag.uni-potsdam.de\/en\/#website"},"primaryImageOfPage":{"@id":"https:\/\/shop.verlag.uni-potsdam.de\/en\/shop\/genisa-blaetter-i\/#primaryimage"},"image":{"@id":"https:\/\/shop.verlag.uni-potsdam.de\/shop\/genisa-blaetter-i\/#primaryimage"},"thumbnailUrl":"https:\/\/shop.verlag.uni-potsdam.de\/wp-content\/uploads\/asolmerce\/image-9783869563169.jpg","datePublished":"2026-03-23T08:54:03+00:00","dateModified":"2026-03-23T10:55:03+00:00","breadcrumb":{"@id":"https:\/\/shop.verlag.uni-potsdam.de\/en\/shop\/genisa-blaetter-i\/#breadcrumb"},"inLanguage":"en-US","potentialAction":[{"@type":"ReadAction","target":[["https:\/\/shop.verlag.uni-potsdam.de\/en\/shop\/genisa-blaetter-i\/"]]}]},{"@type":"ImageObject","inLanguage":"en-US","@id":"https:\/\/shop.verlag.uni-potsdam.de\/en\/shop\/genisa-blaetter-i\/#primaryimage","url":"https:\/\/shop.verlag.uni-potsdam.de\/wp-content\/uploads\/asolmerce\/image-9783869563169.jpg","contentUrl":"https:\/\/shop.verlag.uni-potsdam.de\/wp-content\/uploads\/asolmerce\/image-9783869563169.jpg","width":640,"height":907},{"@type":"BreadcrumbList","@id":"https:\/\/shop.verlag.uni-potsdam.de\/en\/shop\/genisa-blaetter-i\/#breadcrumb","itemListElement":[{"@type":"ListItem","position":1,"name":"Startseite","item":"https:\/\/shop.verlag.uni-potsdam.de\/en\/"},{"@type":"ListItem","position":2,"name":"Shop","item":"https:\/\/shop.verlag.uni-potsdam.de\/en\/shop\/"},{"@type":"ListItem","position":3,"name":"Genisa-Bl\u00e4tter I"}]},{"@type":"WebSite","@id":"https:\/\/shop.verlag.uni-potsdam.de\/en\/#website","url":"https:\/\/shop.verlag.uni-potsdam.de\/en\/","name":"Universit\u00e4tsverlag Potsdam","description":"","publisher":{"@id":"https:\/\/shop.verlag.uni-potsdam.de\/en\/#organization"},"potentialAction":[{"@type":"SearchAction","target":{"@type":"EntryPoint","urlTemplate":"https:\/\/shop.verlag.uni-potsdam.de\/en\/?s={search_term_string}"},"query-input":{"@type":"PropertyValueSpecification","valueRequired":true,"valueName":"search_term_string"}}],"inLanguage":"en-US"},{"@type":"Organization","@id":"https:\/\/shop.verlag.uni-potsdam.de\/en\/#organization","name":"Universit\u00e4tsverlag Potsdam","url":"https:\/\/shop.verlag.uni-potsdam.de\/en\/","logo":{"@type":"ImageObject","inLanguage":"en-US","@id":"https:\/\/shop.verlag.uni-potsdam.de\/en\/#\/schema\/logo\/image\/","url":"https:\/\/shop.verlag.uni-potsdam.de\/wp-content\/uploads\/2017\/04\/up_logo_university_2.png","contentUrl":"https:\/\/shop.verlag.uni-potsdam.de\/wp-content\/uploads\/2017\/04\/up_logo_university_2.png","width":160,"height":172,"caption":"Universit\u00e4tsverlag Potsdam"},"image":{"@id":"https:\/\/shop.verlag.uni-potsdam.de\/en\/#\/schema\/logo\/image\/"}}]}},"_links":{"self":[{"href":"https:\/\/shop.verlag.uni-potsdam.de\/en\/wp-json\/wp\/v2\/product\/51591","targetHints":{"allow":["GET"]}}],"collection":[{"href":"https:\/\/shop.verlag.uni-potsdam.de\/en\/wp-json\/wp\/v2\/product"}],"about":[{"href":"https:\/\/shop.verlag.uni-potsdam.de\/en\/wp-json\/wp\/v2\/types\/product"}],"wp:featuredmedia":[{"embeddable":true,"href":"https:\/\/shop.verlag.uni-potsdam.de\/en\/wp-json\/wp\/v2\/media\/54136"}],"wp:attachment":[{"href":"https:\/\/shop.verlag.uni-potsdam.de\/en\/wp-json\/wp\/v2\/media?parent=51591"}],"wp:term":[{"taxonomy":"product_brand","embeddable":true,"href":"https:\/\/shop.verlag.uni-potsdam.de\/en\/wp-json\/wp\/v2\/product_brand?post=51591"},{"taxonomy":"product_cat","embeddable":true,"href":"https:\/\/shop.verlag.uni-potsdam.de\/en\/wp-json\/wp\/v2\/product_cat?post=51591"},{"taxonomy":"product_tag","embeddable":true,"href":"https:\/\/shop.verlag.uni-potsdam.de\/en\/wp-json\/wp\/v2\/product_tag?post=51591"}],"curies":[{"name":"wp","href":"https:\/\/api.w.org\/{rel}","templated":true}]}}