{"id":51593,"date":"2026-03-23T08:53:46","date_gmt":"2026-03-23T08:53:46","guid":{"rendered":"http:\/\/shop.verlag.uni-potsdam.de\/produkt\/mittelstands-und-innovationsfinanzierung-in-deutschland\/"},"modified":"2026-03-23T11:54:46","modified_gmt":"2026-03-23T10:54:46","slug":"mittelstands-und-innovationsfinanzierung-in-deutschland","status":"publish","type":"product","link":"https:\/\/shop.verlag.uni-potsdam.de\/en\/shop\/mittelstands-und-innovationsfinanzierung-in-deutschland\/","title":{"rendered":"Mittelstands- und Innovationsfinanzierung in Deutschland"},"content":{"rendered":"<p class=\"qtranxs-available-languages-message qtranxs-available-languages-message-en\">Sorry, this entry is only available in <a href=\"https:\/\/shop.verlag.uni-potsdam.de\/de\/wp-json\/wp\/v2\/product\/51593\" class=\"qtranxs-available-language-link qtranxs-available-language-link-de\" title=\"Deutsch\">Deutsch<\/a>.<\/p><p>Die vorliegende Studie analysiert die Ergebnisse einer bundesweiten Unternehmensbefragung zum Finanzierungsverhalten deutscher KMU. Im Fokus stehen die Verf\u00fcgbarkeit konkreter Finanzierungsinstrumente f\u00fcr KMU und deren Akzeptanz im Mittelstand. Dies soll die derzeitigen M\u00f6glichkeiten und Grenzen des heimischen Banken- und Finanzsystems verdeutlichen. Dar\u00fcber hinaus werden verschiedene Aspekte des Innovationsverhaltens der befragten Unternehmen beleuchtet. Es zeigt sich, dass die Finanzierung aus erwirtschafteten Gewinnen einen \u00fcberragenden Stellenwert besitzt. Zudem werden neben dem traditionell verankerten Bankdarlehen, vor allem kurzfristige, flexible, aber teure Kontokorrent- und Lieferantenkredite f\u00fcr Investitionszwecke genutzt. Alternative Finanzierungsinstrumente, wie Mezzanine, Beteiligungskapital sowie auch Kapitalmarktfinanzierungen haben bisher nur eine marginale Bedeutung erlangt. Als m\u00f6gliche Ursachen hierf\u00fcr sind mangelnde Kenntnisse und pers\u00f6nliche Vorbehalte auf Unternehmensseite, aber auch die grunds\u00e4tzliche Nichteignung dieser Alternativen festzustellen. So liegt das nachgefragte Finanzierungsvolumen bei KMU h\u00e4ufig unter den Mindestgrenzen derartiger Kapitalgeber. Staatliche F\u00f6rderinstrumente, welche vor allem von gr\u00f6\u00dferen mittelst\u00e4ndischen Unternehmen in Anspruch genommen werden, k\u00f6nnen dabei nur einen Teilbeitrag leisten, um die Finanzierungsrestriktionen zu reduzieren. Im Bereich der Innovationsfinanzierung zeigt sich daher vor allem bei mittelgro\u00dfen Projekten ein besonderer Finanzierungsengpass.<\/p>","protected":false},"excerpt":{"rendered":"<p class=\"qtranxs-available-languages-message qtranxs-available-languages-message-en\">Sorry, this entry is only available in <a href=\"https:\/\/shop.verlag.uni-potsdam.de\/de\/wp-json\/wp\/v2\/product\/51593\" class=\"qtranxs-available-language-link qtranxs-available-language-link-de\" title=\"Deutsch\">Deutsch<\/a>.<\/p>\n<p>Die vorliegende Studie analysiert die Ergebnisse einer bundesweiten Unternehmensbefragung zum Finanzierungsverhalten deutscher KMU. Im Fokus stehen die Verf\u00fcgbarkeit konkreter Finanzierungsinstrumente f\u00fcr KMU und deren Akzeptanz im Mittelstand. Dies soll die derzeitigen M\u00f6glichkeiten und Grenzen des heimischen Banken- und Finanzsystems verdeutlichen. Dar\u00fcber hinaus werden verschiedene Aspekte des Innovationsverhaltens der befragten Unternehmen beleuchtet. Es zeigt sich, dass die Finanzierung aus erwirtschafteten Gewinnen einen \u00fcberragenden Stellenwert besitzt. Zudem werden neben dem traditionell verankerten Bankdarlehen, vor allem kurzfristige, flexible, aber teure Kontokorrent- und Lieferantenkredite f\u00fcr Investitionszwecke genutzt. Alternative Finanzierungsinstrumente, wie Mezzanine, Beteiligungskapital sowie auch Kapitalmarktfinanzierungen haben bisher nur eine marginale Bedeutung erlangt. Als m\u00f6gliche Ursachen hierf\u00fcr sind mangelnde Kenntnisse und pers\u00f6nliche Vorbehalte auf Unternehmensseite, aber auch die grunds\u00e4tzliche Nichteignung dieser Alternativen festzustellen. So liegt das nachgefragte Finanzierungsvolumen bei KMU h\u00e4ufig unter den Mindestgrenzen derartiger Kapitalgeber. Staatliche F\u00f6rderinstrumente, welche vor allem von gr\u00f6\u00dferen mittelst\u00e4ndischen Unternehmen in Anspruch genommen werden, k\u00f6nnen dabei nur einen Teilbeitrag leisten, um die Finanzierungsrestriktionen zu reduzieren. Im Bereich der Innovationsfinanzierung zeigt sich daher vor allem bei mittelgro\u00dfen Projekten ein besonderer Finanzierungsengpass.<\/p>\n","protected":false},"featured_media":53974,"template":"","meta":{"_acf_changed":false},"product_brand":[],"product_cat":[6232],"product_tag":[5874],"class_list":{"0":"post-51593","1":"product","2":"type-product","3":"status-publish","4":"has-post-thumbnail","6":"product_cat-wirtschaft-web-kategorie","7":"product_tag-deutschland-innovation-mittelstand-unternehmensfinanzierung","8":"autor-detlev-hummel","9":"edition-restexemplare","11":"first","12":"instock","13":"shipping-taxable","14":"purchasable","15":"product-type-simple"},"acf":[],"yoast_head":"<!-- This site is optimized with the Yoast SEO plugin v27.1.1 - https:\/\/yoast.com\/product\/yoast-seo-wordpress\/ -->\n<title>Mittelstands- und Innovationsfinanzierung in Deutschland - Universit\u00e4tsverlag Potsdam<\/title>\n<meta name=\"robots\" content=\"index, follow, max-snippet:-1, max-image-preview:large, max-video-preview:-1\" \/>\n<link rel=\"canonical\" href=\"https:\/\/shop.verlag.uni-potsdam.de\/en\/shop\/mittelstands-und-innovationsfinanzierung-in-deutschland\/\" \/>\n<meta property=\"og:locale\" content=\"en_US\" \/>\n<meta property=\"og:type\" content=\"article\" \/>\n<meta property=\"og:title\" content=\"Mittelstands- und Innovationsfinanzierung in Deutschland - Universit\u00e4tsverlag Potsdam\" \/>\n<meta property=\"og:description\" content=\"Die vorliegende Studie analysiert die Ergebnisse einer bundesweiten Unternehmensbefragung zum Finanzierungsverhalten deutscher KMU. Im Fokus stehen die Verf\u00fcgbarkeit konkreter Finanzierungsinstrumente f\u00fcr KMU und deren Akzeptanz im Mittelstand. Dies soll die derzeitigen M\u00f6glichkeiten und Grenzen des heimischen Banken- und Finanzsystems verdeutlichen. Dar\u00fcber hinaus werden verschiedene Aspekte des Innovationsverhaltens der befragten Unternehmen beleuchtet. Es zeigt sich, dass die Finanzierung aus erwirtschafteten Gewinnen einen \u00fcberragenden Stellenwert besitzt. Zudem werden neben dem traditionell verankerten Bankdarlehen, vor allem kurzfristige, flexible, aber teure Kontokorrent- und Lieferantenkredite f\u00fcr Investitionszwecke genutzt. Alternative Finanzierungsinstrumente, wie Mezzanine, Beteiligungskapital sowie auch Kapitalmarktfinanzierungen haben bisher nur eine marginale Bedeutung erlangt. Als m\u00f6gliche Ursachen hierf\u00fcr sind mangelnde Kenntnisse und pers\u00f6nliche Vorbehalte auf Unternehmensseite, aber auch die grunds\u00e4tzliche Nichteignung dieser Alternativen festzustellen. So liegt das nachgefragte Finanzierungsvolumen bei KMU h\u00e4ufig unter den Mindestgrenzen derartiger Kapitalgeber. Staatliche F\u00f6rderinstrumente, welche vor allem von gr\u00f6\u00dferen mittelst\u00e4ndischen Unternehmen in Anspruch genommen werden, k\u00f6nnen dabei nur einen Teilbeitrag leisten, um die Finanzierungsrestriktionen zu reduzieren. Im Bereich der Innovationsfinanzierung zeigt sich daher vor allem bei mittelgro\u00dfen Projekten ein besonderer Finanzierungsengpass.\" \/>\n<meta property=\"og:url\" content=\"https:\/\/shop.verlag.uni-potsdam.de\/en\/shop\/mittelstands-und-innovationsfinanzierung-in-deutschland\/\" \/>\n<meta property=\"og:site_name\" content=\"Universit\u00e4tsverlag Potsdam\" \/>\n<meta property=\"article:modified_time\" content=\"2026-03-23T10:54:46+00:00\" \/>\n<meta property=\"og:image\" content=\"https:\/\/shop.verlag.uni-potsdam.de\/wp-content\/uploads\/asolmerce\/image-9783869560731.jpg\" \/>\n\t<meta property=\"og:image:width\" content=\"454\" \/>\n\t<meta property=\"og:image:height\" content=\"640\" \/>\n\t<meta property=\"og:image:type\" content=\"image\/jpeg\" \/>\n<meta name=\"twitter:card\" content=\"summary_large_image\" \/>\n<meta name=\"twitter:label1\" content=\"Est. reading time\" \/>\n\t<meta name=\"twitter:data1\" content=\"1 minute\" \/>\n<script type=\"application\/ld+json\" class=\"yoast-schema-graph\">{\"@context\":\"https:\/\/schema.org\",\"@graph\":[{\"@type\":\"WebPage\",\"@id\":\"https:\/\/shop.verlag.uni-potsdam.de\/en\/shop\/mittelstands-und-innovationsfinanzierung-in-deutschland\/\",\"url\":\"https:\/\/shop.verlag.uni-potsdam.de\/en\/shop\/mittelstands-und-innovationsfinanzierung-in-deutschland\/\",\"name\":\"Mittelstands- und Innovationsfinanzierung in Deutschland - Universit\u00e4tsverlag Potsdam\",\"isPartOf\":{\"@id\":\"https:\/\/shop.verlag.uni-potsdam.de\/en\/#website\"},\"primaryImageOfPage\":{\"@id\":\"https:\/\/shop.verlag.uni-potsdam.de\/en\/shop\/mittelstands-und-innovationsfinanzierung-in-deutschland\/#primaryimage\"},\"image\":{\"@id\":\"https:\/\/shop.verlag.uni-potsdam.de\/shop\/mittelstands-und-innovationsfinanzierung-in-deutschland\/#primaryimage\"},\"thumbnailUrl\":\"https:\/\/shop.verlag.uni-potsdam.de\/wp-content\/uploads\/asolmerce\/image-9783869560731.jpg\",\"datePublished\":\"2026-03-23T08:53:46+00:00\",\"dateModified\":\"2026-03-23T10:54:46+00:00\",\"breadcrumb\":{\"@id\":\"https:\/\/shop.verlag.uni-potsdam.de\/en\/shop\/mittelstands-und-innovationsfinanzierung-in-deutschland\/#breadcrumb\"},\"inLanguage\":\"en-US\",\"potentialAction\":[{\"@type\":\"ReadAction\",\"target\":[[\"https:\/\/shop.verlag.uni-potsdam.de\/en\/shop\/mittelstands-und-innovationsfinanzierung-in-deutschland\/\"]]}]},{\"@type\":\"ImageObject\",\"inLanguage\":\"en-US\",\"@id\":\"https:\/\/shop.verlag.uni-potsdam.de\/en\/shop\/mittelstands-und-innovationsfinanzierung-in-deutschland\/#primaryimage\",\"url\":\"https:\/\/shop.verlag.uni-potsdam.de\/wp-content\/uploads\/asolmerce\/image-9783869560731.jpg\",\"contentUrl\":\"https:\/\/shop.verlag.uni-potsdam.de\/wp-content\/uploads\/asolmerce\/image-9783869560731.jpg\",\"width\":454,\"height\":640},{\"@type\":\"BreadcrumbList\",\"@id\":\"https:\/\/shop.verlag.uni-potsdam.de\/en\/shop\/mittelstands-und-innovationsfinanzierung-in-deutschland\/#breadcrumb\",\"itemListElement\":[{\"@type\":\"ListItem\",\"position\":1,\"name\":\"Startseite\",\"item\":\"https:\/\/shop.verlag.uni-potsdam.de\/en\/\"},{\"@type\":\"ListItem\",\"position\":2,\"name\":\"Shop\",\"item\":\"https:\/\/shop.verlag.uni-potsdam.de\/en\/shop\/\"},{\"@type\":\"ListItem\",\"position\":3,\"name\":\"Mittelstands- und Innovationsfinanzierung in Deutschland\"}]},{\"@type\":\"WebSite\",\"@id\":\"https:\/\/shop.verlag.uni-potsdam.de\/en\/#website\",\"url\":\"https:\/\/shop.verlag.uni-potsdam.de\/en\/\",\"name\":\"Universit\u00e4tsverlag Potsdam\",\"description\":\"\",\"publisher\":{\"@id\":\"https:\/\/shop.verlag.uni-potsdam.de\/en\/#organization\"},\"potentialAction\":[{\"@type\":\"SearchAction\",\"target\":{\"@type\":\"EntryPoint\",\"urlTemplate\":\"https:\/\/shop.verlag.uni-potsdam.de\/en\/?s={search_term_string}\"},\"query-input\":{\"@type\":\"PropertyValueSpecification\",\"valueRequired\":true,\"valueName\":\"search_term_string\"}}],\"inLanguage\":\"en-US\"},{\"@type\":\"Organization\",\"@id\":\"https:\/\/shop.verlag.uni-potsdam.de\/en\/#organization\",\"name\":\"Universit\u00e4tsverlag Potsdam\",\"url\":\"https:\/\/shop.verlag.uni-potsdam.de\/en\/\",\"logo\":{\"@type\":\"ImageObject\",\"inLanguage\":\"en-US\",\"@id\":\"https:\/\/shop.verlag.uni-potsdam.de\/en\/#\/schema\/logo\/image\/\",\"url\":\"https:\/\/shop.verlag.uni-potsdam.de\/wp-content\/uploads\/2017\/04\/up_logo_university_2.png\",\"contentUrl\":\"https:\/\/shop.verlag.uni-potsdam.de\/wp-content\/uploads\/2017\/04\/up_logo_university_2.png\",\"width\":160,\"height\":172,\"caption\":\"Universit\u00e4tsverlag Potsdam\"},\"image\":{\"@id\":\"https:\/\/shop.verlag.uni-potsdam.de\/en\/#\/schema\/logo\/image\/\"}}]}<\/script>\n<!-- \/ Yoast SEO plugin. -->","yoast_head_json":{"title":"Mittelstands- und Innovationsfinanzierung in Deutschland - Universit\u00e4tsverlag Potsdam","robots":{"index":"index","follow":"follow","max-snippet":"max-snippet:-1","max-image-preview":"max-image-preview:large","max-video-preview":"max-video-preview:-1"},"canonical":"https:\/\/shop.verlag.uni-potsdam.de\/en\/shop\/mittelstands-und-innovationsfinanzierung-in-deutschland\/","og_locale":"en_US","og_type":"article","og_title":"Mittelstands- und Innovationsfinanzierung in Deutschland - Universit\u00e4tsverlag Potsdam","og_description":"Die vorliegende Studie analysiert die Ergebnisse einer bundesweiten Unternehmensbefragung zum Finanzierungsverhalten deutscher KMU. Im Fokus stehen die Verf\u00fcgbarkeit konkreter Finanzierungsinstrumente f\u00fcr KMU und deren Akzeptanz im Mittelstand. Dies soll die derzeitigen M\u00f6glichkeiten und Grenzen des heimischen Banken- und Finanzsystems verdeutlichen. Dar\u00fcber hinaus werden verschiedene Aspekte des Innovationsverhaltens der befragten Unternehmen beleuchtet. Es zeigt sich, dass die Finanzierung aus erwirtschafteten Gewinnen einen \u00fcberragenden Stellenwert besitzt. Zudem werden neben dem traditionell verankerten Bankdarlehen, vor allem kurzfristige, flexible, aber teure Kontokorrent- und Lieferantenkredite f\u00fcr Investitionszwecke genutzt. Alternative Finanzierungsinstrumente, wie Mezzanine, Beteiligungskapital sowie auch Kapitalmarktfinanzierungen haben bisher nur eine marginale Bedeutung erlangt. Als m\u00f6gliche Ursachen hierf\u00fcr sind mangelnde Kenntnisse und pers\u00f6nliche Vorbehalte auf Unternehmensseite, aber auch die grunds\u00e4tzliche Nichteignung dieser Alternativen festzustellen. So liegt das nachgefragte Finanzierungsvolumen bei KMU h\u00e4ufig unter den Mindestgrenzen derartiger Kapitalgeber. Staatliche F\u00f6rderinstrumente, welche vor allem von gr\u00f6\u00dferen mittelst\u00e4ndischen Unternehmen in Anspruch genommen werden, k\u00f6nnen dabei nur einen Teilbeitrag leisten, um die Finanzierungsrestriktionen zu reduzieren. Im Bereich der Innovationsfinanzierung zeigt sich daher vor allem bei mittelgro\u00dfen Projekten ein besonderer Finanzierungsengpass.","og_url":"https:\/\/shop.verlag.uni-potsdam.de\/en\/shop\/mittelstands-und-innovationsfinanzierung-in-deutschland\/","og_site_name":"Universit\u00e4tsverlag Potsdam","article_modified_time":"2026-03-23T10:54:46+00:00","og_image":[{"width":454,"height":640,"url":"https:\/\/shop.verlag.uni-potsdam.de\/wp-content\/uploads\/asolmerce\/image-9783869560731.jpg","type":"image\/jpeg"}],"twitter_card":"summary_large_image","twitter_misc":{"Est. reading time":"1 minute"},"schema":{"@context":"https:\/\/schema.org","@graph":[{"@type":"WebPage","@id":"https:\/\/shop.verlag.uni-potsdam.de\/en\/shop\/mittelstands-und-innovationsfinanzierung-in-deutschland\/","url":"https:\/\/shop.verlag.uni-potsdam.de\/en\/shop\/mittelstands-und-innovationsfinanzierung-in-deutschland\/","name":"Mittelstands- und Innovationsfinanzierung in Deutschland - Universit\u00e4tsverlag Potsdam","isPartOf":{"@id":"https:\/\/shop.verlag.uni-potsdam.de\/en\/#website"},"primaryImageOfPage":{"@id":"https:\/\/shop.verlag.uni-potsdam.de\/en\/shop\/mittelstands-und-innovationsfinanzierung-in-deutschland\/#primaryimage"},"image":{"@id":"https:\/\/shop.verlag.uni-potsdam.de\/shop\/mittelstands-und-innovationsfinanzierung-in-deutschland\/#primaryimage"},"thumbnailUrl":"https:\/\/shop.verlag.uni-potsdam.de\/wp-content\/uploads\/asolmerce\/image-9783869560731.jpg","datePublished":"2026-03-23T08:53:46+00:00","dateModified":"2026-03-23T10:54:46+00:00","breadcrumb":{"@id":"https:\/\/shop.verlag.uni-potsdam.de\/en\/shop\/mittelstands-und-innovationsfinanzierung-in-deutschland\/#breadcrumb"},"inLanguage":"en-US","potentialAction":[{"@type":"ReadAction","target":[["https:\/\/shop.verlag.uni-potsdam.de\/en\/shop\/mittelstands-und-innovationsfinanzierung-in-deutschland\/"]]}]},{"@type":"ImageObject","inLanguage":"en-US","@id":"https:\/\/shop.verlag.uni-potsdam.de\/en\/shop\/mittelstands-und-innovationsfinanzierung-in-deutschland\/#primaryimage","url":"https:\/\/shop.verlag.uni-potsdam.de\/wp-content\/uploads\/asolmerce\/image-9783869560731.jpg","contentUrl":"https:\/\/shop.verlag.uni-potsdam.de\/wp-content\/uploads\/asolmerce\/image-9783869560731.jpg","width":454,"height":640},{"@type":"BreadcrumbList","@id":"https:\/\/shop.verlag.uni-potsdam.de\/en\/shop\/mittelstands-und-innovationsfinanzierung-in-deutschland\/#breadcrumb","itemListElement":[{"@type":"ListItem","position":1,"name":"Startseite","item":"https:\/\/shop.verlag.uni-potsdam.de\/en\/"},{"@type":"ListItem","position":2,"name":"Shop","item":"https:\/\/shop.verlag.uni-potsdam.de\/en\/shop\/"},{"@type":"ListItem","position":3,"name":"Mittelstands- und Innovationsfinanzierung in Deutschland"}]},{"@type":"WebSite","@id":"https:\/\/shop.verlag.uni-potsdam.de\/en\/#website","url":"https:\/\/shop.verlag.uni-potsdam.de\/en\/","name":"Universit\u00e4tsverlag Potsdam","description":"","publisher":{"@id":"https:\/\/shop.verlag.uni-potsdam.de\/en\/#organization"},"potentialAction":[{"@type":"SearchAction","target":{"@type":"EntryPoint","urlTemplate":"https:\/\/shop.verlag.uni-potsdam.de\/en\/?s={search_term_string}"},"query-input":{"@type":"PropertyValueSpecification","valueRequired":true,"valueName":"search_term_string"}}],"inLanguage":"en-US"},{"@type":"Organization","@id":"https:\/\/shop.verlag.uni-potsdam.de\/en\/#organization","name":"Universit\u00e4tsverlag Potsdam","url":"https:\/\/shop.verlag.uni-potsdam.de\/en\/","logo":{"@type":"ImageObject","inLanguage":"en-US","@id":"https:\/\/shop.verlag.uni-potsdam.de\/en\/#\/schema\/logo\/image\/","url":"https:\/\/shop.verlag.uni-potsdam.de\/wp-content\/uploads\/2017\/04\/up_logo_university_2.png","contentUrl":"https:\/\/shop.verlag.uni-potsdam.de\/wp-content\/uploads\/2017\/04\/up_logo_university_2.png","width":160,"height":172,"caption":"Universit\u00e4tsverlag Potsdam"},"image":{"@id":"https:\/\/shop.verlag.uni-potsdam.de\/en\/#\/schema\/logo\/image\/"}}]}},"_links":{"self":[{"href":"https:\/\/shop.verlag.uni-potsdam.de\/en\/wp-json\/wp\/v2\/product\/51593","targetHints":{"allow":["GET"]}}],"collection":[{"href":"https:\/\/shop.verlag.uni-potsdam.de\/en\/wp-json\/wp\/v2\/product"}],"about":[{"href":"https:\/\/shop.verlag.uni-potsdam.de\/en\/wp-json\/wp\/v2\/types\/product"}],"wp:featuredmedia":[{"embeddable":true,"href":"https:\/\/shop.verlag.uni-potsdam.de\/en\/wp-json\/wp\/v2\/media\/53974"}],"wp:attachment":[{"href":"https:\/\/shop.verlag.uni-potsdam.de\/en\/wp-json\/wp\/v2\/media?parent=51593"}],"wp:term":[{"taxonomy":"product_brand","embeddable":true,"href":"https:\/\/shop.verlag.uni-potsdam.de\/en\/wp-json\/wp\/v2\/product_brand?post=51593"},{"taxonomy":"product_cat","embeddable":true,"href":"https:\/\/shop.verlag.uni-potsdam.de\/en\/wp-json\/wp\/v2\/product_cat?post=51593"},{"taxonomy":"product_tag","embeddable":true,"href":"https:\/\/shop.verlag.uni-potsdam.de\/en\/wp-json\/wp\/v2\/product_tag?post=51593"}],"curies":[{"name":"wp","href":"https:\/\/api.w.org\/{rel}","templated":true}]}}