{"id":51595,"date":"2026-03-23T08:53:42","date_gmt":"2026-03-23T08:53:42","guid":{"rendered":"http:\/\/shop.verlag.uni-potsdam.de\/produkt\/mgfn-1520111-themenheft-universitaeten-im-dreissigjaehrigen-krieg\/"},"modified":"2026-03-23T11:54:42","modified_gmt":"2026-03-23T10:54:42","slug":"universitaeten-im-dreissigjaehrigen-krieg","status":"publish","type":"product","link":"https:\/\/shop.verlag.uni-potsdam.de\/en\/shop\/universitaeten-im-dreissigjaehrigen-krieg\/","title":{"rendered":"Universit\u00e4ten im Drei\u00dfigj\u00e4hrigen Krieg"},"content":{"rendered":"<p class=\"qtranxs-available-languages-message qtranxs-available-languages-message-en\">Sorry, this entry is only available in <a href=\"https:\/\/shop.verlag.uni-potsdam.de\/de\/wp-json\/wp\/v2\/product\/51595\" class=\"qtranxs-available-language-link qtranxs-available-language-link-de\" title=\"Deutsch\">Deutsch<\/a>.<\/p><p>Die Geschichte der deutschen Universit\u00e4ten in der Zeit des Drei\u00dfigj\u00e4hrigen Krieges geh\u00f6rt traditionell nicht zu den bevorzugten Themen der historischen Forschung \u2013 weder der universit\u00e4ts-, noch der milit\u00e4rgeschichtlichen. Dieses ausgesprochene Desiderat hat spezifisch historiographiegeschichtliche Gr\u00fcnde und ist noch heute f\u00fcr viele Verzerrungen und Einseitigkeiten bei der Darstellung dieser f\u00fcr das deutsche Universit\u00e4tswesen durchaus z\u00e4surhaften Epoche verantwortlich. Die in diesem Heft pr\u00e4sentierten exemplarischen Studien gehen auf Vortr\u00e4ge eines Workshops des Arbeitskreises Milit\u00e4r und Gesellschaft in der Fr\u00fchen Neuzeit auf Schloss Friedenstein in Gotha im Mai 2010 zur\u00fcck und verstehen sich als eine erste Ann\u00e4herung an ein noch weithin offenes, aber keineswegs ausgesch\u00f6pftes Forschungsfeld.<\/p>","protected":false},"excerpt":{"rendered":"<p class=\"qtranxs-available-languages-message qtranxs-available-languages-message-en\">Sorry, this entry is only available in <a href=\"https:\/\/shop.verlag.uni-potsdam.de\/de\/wp-json\/wp\/v2\/product\/51595\" class=\"qtranxs-available-language-link qtranxs-available-language-link-de\" title=\"Deutsch\">Deutsch<\/a>.<\/p>\n<p>Die Geschichte der deutschen Universit\u00e4ten in der Zeit des Drei\u00dfigj\u00e4hrigen Krieges geh\u00f6rt traditionell nicht zu den bevorzugten Themen der historischen Forschung \u2013 weder der universit\u00e4ts-, noch der milit\u00e4rgeschichtlichen. Dieses ausgesprochene Desiderat hat spezifisch historiographiegeschichtliche Gr\u00fcnde und ist noch heute f\u00fcr viele Verzerrungen und Einseitigkeiten bei der Darstellung dieser f\u00fcr das deutsche Universit\u00e4tswesen durchaus z\u00e4surhaften Epoche verantwortlich. Die in diesem Heft pr\u00e4sentierten exemplarischen Studien gehen auf Vortr\u00e4ge eines Workshops des Arbeitskreises Milit\u00e4r und Gesellschaft in der Fr\u00fchen Neuzeit auf Schloss Friedenstein in Gotha im Mai 2010 zur\u00fcck und verstehen sich als eine erste Ann\u00e4herung an ein noch weithin offenes, aber keineswegs ausgesch\u00f6pftes Forschungsfeld.<\/p>\n","protected":false},"featured_media":53971,"template":"","meta":{"_acf_changed":false},"product_brand":[],"product_cat":[6207],"product_tag":[5702],"class_list":{"0":"post-51595","1":"product","2":"type-product","3":"status-publish","4":"has-post-thumbnail","6":"product_cat-geschichte-web-kategorie","7":"product_tag-dreissigjaehriger-geschichte-hochschule-krieg-militaer","8":"autor-marian-fuessel","9":"autor-matthias-asche-1","10":"autor-thomas-kossert","11":"zeitschriften-militaer-und-gesellschaft-in-der-fruehen-neuzeit","13":"first","14":"instock","15":"shipping-taxable","16":"purchasable","17":"product-type-simple"},"acf":[],"yoast_head":"<!-- This site is optimized with the Yoast SEO plugin v27.1.1 - https:\/\/yoast.com\/product\/yoast-seo-wordpress\/ -->\n<title>Universit\u00e4ten im Drei\u00dfigj\u00e4hrigen Krieg - Universit\u00e4tsverlag Potsdam<\/title>\n<meta name=\"robots\" content=\"index, follow, max-snippet:-1, max-image-preview:large, max-video-preview:-1\" \/>\n<link rel=\"canonical\" href=\"https:\/\/shop.verlag.uni-potsdam.de\/en\/shop\/universitaeten-im-dreissigjaehrigen-krieg\/\" \/>\n<meta property=\"og:locale\" content=\"en_US\" \/>\n<meta property=\"og:type\" content=\"article\" \/>\n<meta property=\"og:title\" content=\"Universit\u00e4ten im Drei\u00dfigj\u00e4hrigen Krieg - Universit\u00e4tsverlag Potsdam\" \/>\n<meta property=\"og:description\" content=\"Die Geschichte der deutschen Universit\u00e4ten in der Zeit des Drei\u00dfigj\u00e4hrigen Krieges geh\u00f6rt traditionell nicht zu den bevorzugten Themen der historischen Forschung \u2013 weder der universit\u00e4ts-, noch der milit\u00e4rgeschichtlichen. Dieses ausgesprochene Desiderat hat spezifisch historiographiegeschichtliche Gr\u00fcnde und ist noch heute f\u00fcr viele Verzerrungen und Einseitigkeiten bei der Darstellung dieser f\u00fcr das deutsche Universit\u00e4tswesen durchaus z\u00e4surhaften Epoche verantwortlich. Die in diesem Heft pr\u00e4sentierten exemplarischen Studien gehen auf Vortr\u00e4ge eines Workshops des Arbeitskreises Milit\u00e4r und Gesellschaft in der Fr\u00fchen Neuzeit auf Schloss Friedenstein in Gotha im Mai 2010 zur\u00fcck und verstehen sich als eine erste Ann\u00e4herung an ein noch weithin offenes, aber keineswegs ausgesch\u00f6pftes Forschungsfeld.\" \/>\n<meta property=\"og:url\" content=\"https:\/\/shop.verlag.uni-potsdam.de\/en\/shop\/universitaeten-im-dreissigjaehrigen-krieg\/\" \/>\n<meta property=\"og:site_name\" content=\"Universit\u00e4tsverlag Potsdam\" \/>\n<meta property=\"article:modified_time\" content=\"2026-03-23T10:54:42+00:00\" \/>\n<meta property=\"og:image\" content=\"https:\/\/shop.verlag.uni-potsdam.de\/wp-content\/uploads\/asolmerce\/image-9783869561523.jpg\" \/>\n\t<meta property=\"og:image:width\" content=\"452\" \/>\n\t<meta property=\"og:image:height\" content=\"640\" \/>\n\t<meta property=\"og:image:type\" content=\"image\/jpeg\" \/>\n<meta name=\"twitter:card\" content=\"summary_large_image\" \/>\n<meta name=\"twitter:label1\" content=\"Est. reading time\" \/>\n\t<meta name=\"twitter:data1\" content=\"1 minute\" \/>\n<script type=\"application\/ld+json\" class=\"yoast-schema-graph\">{\"@context\":\"https:\/\/schema.org\",\"@graph\":[{\"@type\":\"WebPage\",\"@id\":\"https:\/\/shop.verlag.uni-potsdam.de\/en\/shop\/universitaeten-im-dreissigjaehrigen-krieg\/\",\"url\":\"https:\/\/shop.verlag.uni-potsdam.de\/en\/shop\/universitaeten-im-dreissigjaehrigen-krieg\/\",\"name\":\"Universit\u00e4ten im Drei\u00dfigj\u00e4hrigen Krieg - Universit\u00e4tsverlag Potsdam\",\"isPartOf\":{\"@id\":\"https:\/\/shop.verlag.uni-potsdam.de\/en\/#website\"},\"primaryImageOfPage\":{\"@id\":\"https:\/\/shop.verlag.uni-potsdam.de\/en\/shop\/universitaeten-im-dreissigjaehrigen-krieg\/#primaryimage\"},\"image\":{\"@id\":\"https:\/\/shop.verlag.uni-potsdam.de\/shop\/universitaeten-im-dreissigjaehrigen-krieg\/#primaryimage\"},\"thumbnailUrl\":\"https:\/\/shop.verlag.uni-potsdam.de\/wp-content\/uploads\/asolmerce\/image-9783869561523.jpg\",\"datePublished\":\"2026-03-23T08:53:42+00:00\",\"dateModified\":\"2026-03-23T10:54:42+00:00\",\"breadcrumb\":{\"@id\":\"https:\/\/shop.verlag.uni-potsdam.de\/en\/shop\/universitaeten-im-dreissigjaehrigen-krieg\/#breadcrumb\"},\"inLanguage\":\"en-US\",\"potentialAction\":[{\"@type\":\"ReadAction\",\"target\":[[\"https:\/\/shop.verlag.uni-potsdam.de\/en\/shop\/universitaeten-im-dreissigjaehrigen-krieg\/\"]]}]},{\"@type\":\"ImageObject\",\"inLanguage\":\"en-US\",\"@id\":\"https:\/\/shop.verlag.uni-potsdam.de\/en\/shop\/universitaeten-im-dreissigjaehrigen-krieg\/#primaryimage\",\"url\":\"https:\/\/shop.verlag.uni-potsdam.de\/wp-content\/uploads\/asolmerce\/image-9783869561523.jpg\",\"contentUrl\":\"https:\/\/shop.verlag.uni-potsdam.de\/wp-content\/uploads\/asolmerce\/image-9783869561523.jpg\",\"width\":452,\"height\":640},{\"@type\":\"BreadcrumbList\",\"@id\":\"https:\/\/shop.verlag.uni-potsdam.de\/en\/shop\/universitaeten-im-dreissigjaehrigen-krieg\/#breadcrumb\",\"itemListElement\":[{\"@type\":\"ListItem\",\"position\":1,\"name\":\"Startseite\",\"item\":\"https:\/\/shop.verlag.uni-potsdam.de\/en\/\"},{\"@type\":\"ListItem\",\"position\":2,\"name\":\"Shop\",\"item\":\"https:\/\/shop.verlag.uni-potsdam.de\/en\/shop\/\"},{\"@type\":\"ListItem\",\"position\":3,\"name\":\"Universit\u00e4ten im Drei\u00dfigj\u00e4hrigen Krieg\"}]},{\"@type\":\"WebSite\",\"@id\":\"https:\/\/shop.verlag.uni-potsdam.de\/en\/#website\",\"url\":\"https:\/\/shop.verlag.uni-potsdam.de\/en\/\",\"name\":\"Universit\u00e4tsverlag Potsdam\",\"description\":\"\",\"publisher\":{\"@id\":\"https:\/\/shop.verlag.uni-potsdam.de\/en\/#organization\"},\"potentialAction\":[{\"@type\":\"SearchAction\",\"target\":{\"@type\":\"EntryPoint\",\"urlTemplate\":\"https:\/\/shop.verlag.uni-potsdam.de\/en\/?s={search_term_string}\"},\"query-input\":{\"@type\":\"PropertyValueSpecification\",\"valueRequired\":true,\"valueName\":\"search_term_string\"}}],\"inLanguage\":\"en-US\"},{\"@type\":\"Organization\",\"@id\":\"https:\/\/shop.verlag.uni-potsdam.de\/en\/#organization\",\"name\":\"Universit\u00e4tsverlag Potsdam\",\"url\":\"https:\/\/shop.verlag.uni-potsdam.de\/en\/\",\"logo\":{\"@type\":\"ImageObject\",\"inLanguage\":\"en-US\",\"@id\":\"https:\/\/shop.verlag.uni-potsdam.de\/en\/#\/schema\/logo\/image\/\",\"url\":\"https:\/\/shop.verlag.uni-potsdam.de\/wp-content\/uploads\/2017\/04\/up_logo_university_2.png\",\"contentUrl\":\"https:\/\/shop.verlag.uni-potsdam.de\/wp-content\/uploads\/2017\/04\/up_logo_university_2.png\",\"width\":160,\"height\":172,\"caption\":\"Universit\u00e4tsverlag Potsdam\"},\"image\":{\"@id\":\"https:\/\/shop.verlag.uni-potsdam.de\/en\/#\/schema\/logo\/image\/\"}}]}<\/script>\n<!-- \/ Yoast SEO plugin. -->","yoast_head_json":{"title":"Universit\u00e4ten im Drei\u00dfigj\u00e4hrigen Krieg - Universit\u00e4tsverlag Potsdam","robots":{"index":"index","follow":"follow","max-snippet":"max-snippet:-1","max-image-preview":"max-image-preview:large","max-video-preview":"max-video-preview:-1"},"canonical":"https:\/\/shop.verlag.uni-potsdam.de\/en\/shop\/universitaeten-im-dreissigjaehrigen-krieg\/","og_locale":"en_US","og_type":"article","og_title":"Universit\u00e4ten im Drei\u00dfigj\u00e4hrigen Krieg - Universit\u00e4tsverlag Potsdam","og_description":"Die Geschichte der deutschen Universit\u00e4ten in der Zeit des Drei\u00dfigj\u00e4hrigen Krieges geh\u00f6rt traditionell nicht zu den bevorzugten Themen der historischen Forschung \u2013 weder der universit\u00e4ts-, noch der milit\u00e4rgeschichtlichen. Dieses ausgesprochene Desiderat hat spezifisch historiographiegeschichtliche Gr\u00fcnde und ist noch heute f\u00fcr viele Verzerrungen und Einseitigkeiten bei der Darstellung dieser f\u00fcr das deutsche Universit\u00e4tswesen durchaus z\u00e4surhaften Epoche verantwortlich. Die in diesem Heft pr\u00e4sentierten exemplarischen Studien gehen auf Vortr\u00e4ge eines Workshops des Arbeitskreises Milit\u00e4r und Gesellschaft in der Fr\u00fchen Neuzeit auf Schloss Friedenstein in Gotha im Mai 2010 zur\u00fcck und verstehen sich als eine erste Ann\u00e4herung an ein noch weithin offenes, aber keineswegs ausgesch\u00f6pftes Forschungsfeld.","og_url":"https:\/\/shop.verlag.uni-potsdam.de\/en\/shop\/universitaeten-im-dreissigjaehrigen-krieg\/","og_site_name":"Universit\u00e4tsverlag Potsdam","article_modified_time":"2026-03-23T10:54:42+00:00","og_image":[{"width":452,"height":640,"url":"https:\/\/shop.verlag.uni-potsdam.de\/wp-content\/uploads\/asolmerce\/image-9783869561523.jpg","type":"image\/jpeg"}],"twitter_card":"summary_large_image","twitter_misc":{"Est. reading time":"1 minute"},"schema":{"@context":"https:\/\/schema.org","@graph":[{"@type":"WebPage","@id":"https:\/\/shop.verlag.uni-potsdam.de\/en\/shop\/universitaeten-im-dreissigjaehrigen-krieg\/","url":"https:\/\/shop.verlag.uni-potsdam.de\/en\/shop\/universitaeten-im-dreissigjaehrigen-krieg\/","name":"Universit\u00e4ten im Drei\u00dfigj\u00e4hrigen Krieg - Universit\u00e4tsverlag Potsdam","isPartOf":{"@id":"https:\/\/shop.verlag.uni-potsdam.de\/en\/#website"},"primaryImageOfPage":{"@id":"https:\/\/shop.verlag.uni-potsdam.de\/en\/shop\/universitaeten-im-dreissigjaehrigen-krieg\/#primaryimage"},"image":{"@id":"https:\/\/shop.verlag.uni-potsdam.de\/shop\/universitaeten-im-dreissigjaehrigen-krieg\/#primaryimage"},"thumbnailUrl":"https:\/\/shop.verlag.uni-potsdam.de\/wp-content\/uploads\/asolmerce\/image-9783869561523.jpg","datePublished":"2026-03-23T08:53:42+00:00","dateModified":"2026-03-23T10:54:42+00:00","breadcrumb":{"@id":"https:\/\/shop.verlag.uni-potsdam.de\/en\/shop\/universitaeten-im-dreissigjaehrigen-krieg\/#breadcrumb"},"inLanguage":"en-US","potentialAction":[{"@type":"ReadAction","target":[["https:\/\/shop.verlag.uni-potsdam.de\/en\/shop\/universitaeten-im-dreissigjaehrigen-krieg\/"]]}]},{"@type":"ImageObject","inLanguage":"en-US","@id":"https:\/\/shop.verlag.uni-potsdam.de\/en\/shop\/universitaeten-im-dreissigjaehrigen-krieg\/#primaryimage","url":"https:\/\/shop.verlag.uni-potsdam.de\/wp-content\/uploads\/asolmerce\/image-9783869561523.jpg","contentUrl":"https:\/\/shop.verlag.uni-potsdam.de\/wp-content\/uploads\/asolmerce\/image-9783869561523.jpg","width":452,"height":640},{"@type":"BreadcrumbList","@id":"https:\/\/shop.verlag.uni-potsdam.de\/en\/shop\/universitaeten-im-dreissigjaehrigen-krieg\/#breadcrumb","itemListElement":[{"@type":"ListItem","position":1,"name":"Startseite","item":"https:\/\/shop.verlag.uni-potsdam.de\/en\/"},{"@type":"ListItem","position":2,"name":"Shop","item":"https:\/\/shop.verlag.uni-potsdam.de\/en\/shop\/"},{"@type":"ListItem","position":3,"name":"Universit\u00e4ten im Drei\u00dfigj\u00e4hrigen Krieg"}]},{"@type":"WebSite","@id":"https:\/\/shop.verlag.uni-potsdam.de\/en\/#website","url":"https:\/\/shop.verlag.uni-potsdam.de\/en\/","name":"Universit\u00e4tsverlag Potsdam","description":"","publisher":{"@id":"https:\/\/shop.verlag.uni-potsdam.de\/en\/#organization"},"potentialAction":[{"@type":"SearchAction","target":{"@type":"EntryPoint","urlTemplate":"https:\/\/shop.verlag.uni-potsdam.de\/en\/?s={search_term_string}"},"query-input":{"@type":"PropertyValueSpecification","valueRequired":true,"valueName":"search_term_string"}}],"inLanguage":"en-US"},{"@type":"Organization","@id":"https:\/\/shop.verlag.uni-potsdam.de\/en\/#organization","name":"Universit\u00e4tsverlag Potsdam","url":"https:\/\/shop.verlag.uni-potsdam.de\/en\/","logo":{"@type":"ImageObject","inLanguage":"en-US","@id":"https:\/\/shop.verlag.uni-potsdam.de\/en\/#\/schema\/logo\/image\/","url":"https:\/\/shop.verlag.uni-potsdam.de\/wp-content\/uploads\/2017\/04\/up_logo_university_2.png","contentUrl":"https:\/\/shop.verlag.uni-potsdam.de\/wp-content\/uploads\/2017\/04\/up_logo_university_2.png","width":160,"height":172,"caption":"Universit\u00e4tsverlag Potsdam"},"image":{"@id":"https:\/\/shop.verlag.uni-potsdam.de\/en\/#\/schema\/logo\/image\/"}}]}},"_links":{"self":[{"href":"https:\/\/shop.verlag.uni-potsdam.de\/en\/wp-json\/wp\/v2\/product\/51595","targetHints":{"allow":["GET"]}}],"collection":[{"href":"https:\/\/shop.verlag.uni-potsdam.de\/en\/wp-json\/wp\/v2\/product"}],"about":[{"href":"https:\/\/shop.verlag.uni-potsdam.de\/en\/wp-json\/wp\/v2\/types\/product"}],"wp:featuredmedia":[{"embeddable":true,"href":"https:\/\/shop.verlag.uni-potsdam.de\/en\/wp-json\/wp\/v2\/media\/53971"}],"wp:attachment":[{"href":"https:\/\/shop.verlag.uni-potsdam.de\/en\/wp-json\/wp\/v2\/media?parent=51595"}],"wp:term":[{"taxonomy":"product_brand","embeddable":true,"href":"https:\/\/shop.verlag.uni-potsdam.de\/en\/wp-json\/wp\/v2\/product_brand?post=51595"},{"taxonomy":"product_cat","embeddable":true,"href":"https:\/\/shop.verlag.uni-potsdam.de\/en\/wp-json\/wp\/v2\/product_cat?post=51595"},{"taxonomy":"product_tag","embeddable":true,"href":"https:\/\/shop.verlag.uni-potsdam.de\/en\/wp-json\/wp\/v2\/product_tag?post=51595"}],"curies":[{"name":"wp","href":"https:\/\/api.w.org\/{rel}","templated":true}]}}