{"id":51597,"date":"2026-03-23T08:54:09","date_gmt":"2026-03-23T08:54:09","guid":{"rendered":"http:\/\/shop.verlag.uni-potsdam.de\/produkt\/der-universitaetscampus-griebnitzsee\/"},"modified":"2026-03-23T11:55:09","modified_gmt":"2026-03-23T10:55:09","slug":"der-universitaetscampus-griebnitzsee","status":"publish","type":"product","link":"https:\/\/shop.verlag.uni-potsdam.de\/en\/shop\/der-universitaetscampus-griebnitzsee\/","title":{"rendered":"Der Universit\u00e4tscampus Griebnitzsee"},"content":{"rendered":"<p class=\"qtranxs-available-languages-message qtranxs-available-languages-message-en\">Sorry, this entry is only available in <a href=\"https:\/\/shop.verlag.uni-potsdam.de\/de\/wp-json\/wp\/v2\/product\/51597\" class=\"qtranxs-available-language-link qtranxs-available-language-link-de\" title=\"Deutsch\">Deutsch<\/a>.<\/p><p>Vor 120 Jahren wurde das Gel\u00e4nde s\u00fcdlich des damaligen Bahnhofs Neubabelsberg erstmals bebaut. Aus dem 1896 errichteten Depot f\u00fcr Lazarett-Baracken entwickelte sich bis 1938 die logistische Zentrale des Deutschen Roten Kreuzes, das ab 1939 auch sein Pr\u00e4sidium nach Babelsberg verlegte. Nach einer Zwischennutzung ab 1945 durch die sowjetische Besatzungsarmee war von 1952 bis zur Wende die Akademie f\u00fcr Staats- und Rechtswissenschaften als \u201eKaderschmiede\u201c der Hausherr des nun im Grenzgebiet zu Westberlin liegenden Areals. Heute nutzen die Universit\u00e4t Potsdam und das Hasso-Plattner-Institut f\u00fcr Software-Systemtechnik den Campus, dessen Geschichte mit dieser Publikation erstmals umfassend dokumentiert wird.<\/p>","protected":false},"excerpt":{"rendered":"<p class=\"qtranxs-available-languages-message qtranxs-available-languages-message-en\">Sorry, this entry is only available in <a href=\"https:\/\/shop.verlag.uni-potsdam.de\/de\/wp-json\/wp\/v2\/product\/51597\" class=\"qtranxs-available-language-link qtranxs-available-language-link-de\" title=\"Deutsch\">Deutsch<\/a>.<\/p>\n<p>Vor 120 Jahren wurde das Gel\u00e4nde s\u00fcdlich des damaligen Bahnhofs Neubabelsberg erstmals bebaut. Aus dem 1896 errichteten Depot f\u00fcr Lazarett-Baracken entwickelte sich bis 1938 die logistische Zentrale des Deutschen Roten Kreuzes, das ab 1939 auch sein Pr\u00e4sidium nach Babelsberg verlegte. Nach einer Zwischennutzung ab 1945 durch die sowjetische Besatzungsarmee war von 1952 bis zur Wende die Akademie f\u00fcr Staats- und Rechtswissenschaften als \u201eKaderschmiede\u201c der Hausherr des nun im Grenzgebiet zu Westberlin liegenden Areals. Heute nutzen die Universit\u00e4t Potsdam und das Hasso-Plattner-Institut f\u00fcr Software-Systemtechnik den Campus, dessen Geschichte mit dieser Publikation erstmals umfassend dokumentiert wird.<\/p>\n","protected":false},"featured_media":54198,"template":"","meta":{"_acf_changed":false},"product_brand":[],"product_cat":[6207],"product_tag":[5252],"class_list":{"0":"post-51597","1":"product","2":"type-product","3":"status-publish","4":"has-post-thumbnail","6":"product_cat-geschichte-web-kategorie","7":"product_tag-geschichte-griebnitzsee-universitaet-potsdam","8":"autor-adda-grauert","9":"autor-juristische-fakultaet","10":"autor-wirtschafts-und-sozialwissenschaftliche-fakultaet","12":"first","13":"instock","14":"shipping-taxable","15":"purchasable","16":"product-type-simple"},"acf":[],"yoast_head":"<!-- This site is optimized with the Yoast SEO plugin v27.1.1 - https:\/\/yoast.com\/product\/yoast-seo-wordpress\/ -->\n<title>Der Universit\u00e4tscampus Griebnitzsee - Universit\u00e4tsverlag Potsdam<\/title>\n<meta name=\"robots\" content=\"index, follow, max-snippet:-1, max-image-preview:large, max-video-preview:-1\" \/>\n<link rel=\"canonical\" href=\"https:\/\/shop.verlag.uni-potsdam.de\/en\/shop\/der-universitaetscampus-griebnitzsee\/\" \/>\n<meta property=\"og:locale\" content=\"en_US\" \/>\n<meta property=\"og:type\" content=\"article\" \/>\n<meta property=\"og:title\" content=\"Der Universit\u00e4tscampus Griebnitzsee - Universit\u00e4tsverlag Potsdam\" \/>\n<meta property=\"og:description\" content=\"Vor 120 Jahren wurde das Gel\u00e4nde s\u00fcdlich des damaligen Bahnhofs Neubabelsberg erstmals bebaut. Aus dem 1896 errichteten Depot f\u00fcr Lazarett-Baracken entwickelte sich bis 1938 die logistische Zentrale des Deutschen Roten Kreuzes, das ab 1939 auch sein Pr\u00e4sidium nach Babelsberg verlegte. Nach einer Zwischennutzung ab 1945 durch die sowjetische Besatzungsarmee war von 1952 bis zur Wende die Akademie f\u00fcr Staats- und Rechtswissenschaften als \u201eKaderschmiede\u201c der Hausherr des nun im Grenzgebiet zu Westberlin liegenden Areals. Heute nutzen die Universit\u00e4t Potsdam und das Hasso-Plattner-Institut f\u00fcr Software-Systemtechnik den Campus, dessen Geschichte mit dieser Publikation erstmals umfassend dokumentiert wird.\" \/>\n<meta property=\"og:url\" content=\"https:\/\/shop.verlag.uni-potsdam.de\/en\/shop\/der-universitaetscampus-griebnitzsee\/\" \/>\n<meta property=\"og:site_name\" content=\"Universit\u00e4tsverlag Potsdam\" \/>\n<meta property=\"article:modified_time\" content=\"2026-03-23T10:55:09+00:00\" \/>\n<meta property=\"og:image\" content=\"https:\/\/shop.verlag.uni-potsdam.de\/wp-content\/uploads\/asolmerce\/image-9783869563794.jpg\" \/>\n\t<meta property=\"og:image:width\" content=\"452\" \/>\n\t<meta property=\"og:image:height\" content=\"640\" \/>\n\t<meta property=\"og:image:type\" content=\"image\/jpeg\" \/>\n<meta name=\"twitter:card\" content=\"summary_large_image\" \/>\n<script type=\"application\/ld+json\" class=\"yoast-schema-graph\">{\"@context\":\"https:\/\/schema.org\",\"@graph\":[{\"@type\":\"WebPage\",\"@id\":\"https:\/\/shop.verlag.uni-potsdam.de\/en\/shop\/der-universitaetscampus-griebnitzsee\/\",\"url\":\"https:\/\/shop.verlag.uni-potsdam.de\/en\/shop\/der-universitaetscampus-griebnitzsee\/\",\"name\":\"Der Universit\u00e4tscampus Griebnitzsee - Universit\u00e4tsverlag Potsdam\",\"isPartOf\":{\"@id\":\"https:\/\/shop.verlag.uni-potsdam.de\/en\/#website\"},\"primaryImageOfPage\":{\"@id\":\"https:\/\/shop.verlag.uni-potsdam.de\/en\/shop\/der-universitaetscampus-griebnitzsee\/#primaryimage\"},\"image\":{\"@id\":\"https:\/\/shop.verlag.uni-potsdam.de\/shop\/der-universitaetscampus-griebnitzsee\/#primaryimage\"},\"thumbnailUrl\":\"https:\/\/shop.verlag.uni-potsdam.de\/wp-content\/uploads\/asolmerce\/image-9783869563794.jpg\",\"datePublished\":\"2026-03-23T08:54:09+00:00\",\"dateModified\":\"2026-03-23T10:55:09+00:00\",\"breadcrumb\":{\"@id\":\"https:\/\/shop.verlag.uni-potsdam.de\/en\/shop\/der-universitaetscampus-griebnitzsee\/#breadcrumb\"},\"inLanguage\":\"en-US\",\"potentialAction\":[{\"@type\":\"ReadAction\",\"target\":[[\"https:\/\/shop.verlag.uni-potsdam.de\/en\/shop\/der-universitaetscampus-griebnitzsee\/\"]]}]},{\"@type\":\"ImageObject\",\"inLanguage\":\"en-US\",\"@id\":\"https:\/\/shop.verlag.uni-potsdam.de\/en\/shop\/der-universitaetscampus-griebnitzsee\/#primaryimage\",\"url\":\"https:\/\/shop.verlag.uni-potsdam.de\/wp-content\/uploads\/asolmerce\/image-9783869563794.jpg\",\"contentUrl\":\"https:\/\/shop.verlag.uni-potsdam.de\/wp-content\/uploads\/asolmerce\/image-9783869563794.jpg\",\"width\":452,\"height\":640},{\"@type\":\"BreadcrumbList\",\"@id\":\"https:\/\/shop.verlag.uni-potsdam.de\/en\/shop\/der-universitaetscampus-griebnitzsee\/#breadcrumb\",\"itemListElement\":[{\"@type\":\"ListItem\",\"position\":1,\"name\":\"Startseite\",\"item\":\"https:\/\/shop.verlag.uni-potsdam.de\/en\/\"},{\"@type\":\"ListItem\",\"position\":2,\"name\":\"Shop\",\"item\":\"https:\/\/shop.verlag.uni-potsdam.de\/en\/shop\/\"},{\"@type\":\"ListItem\",\"position\":3,\"name\":\"Der Universit\u00e4tscampus Griebnitzsee\"}]},{\"@type\":\"WebSite\",\"@id\":\"https:\/\/shop.verlag.uni-potsdam.de\/en\/#website\",\"url\":\"https:\/\/shop.verlag.uni-potsdam.de\/en\/\",\"name\":\"Universit\u00e4tsverlag Potsdam\",\"description\":\"\",\"publisher\":{\"@id\":\"https:\/\/shop.verlag.uni-potsdam.de\/en\/#organization\"},\"potentialAction\":[{\"@type\":\"SearchAction\",\"target\":{\"@type\":\"EntryPoint\",\"urlTemplate\":\"https:\/\/shop.verlag.uni-potsdam.de\/en\/?s={search_term_string}\"},\"query-input\":{\"@type\":\"PropertyValueSpecification\",\"valueRequired\":true,\"valueName\":\"search_term_string\"}}],\"inLanguage\":\"en-US\"},{\"@type\":\"Organization\",\"@id\":\"https:\/\/shop.verlag.uni-potsdam.de\/en\/#organization\",\"name\":\"Universit\u00e4tsverlag Potsdam\",\"url\":\"https:\/\/shop.verlag.uni-potsdam.de\/en\/\",\"logo\":{\"@type\":\"ImageObject\",\"inLanguage\":\"en-US\",\"@id\":\"https:\/\/shop.verlag.uni-potsdam.de\/en\/#\/schema\/logo\/image\/\",\"url\":\"https:\/\/shop.verlag.uni-potsdam.de\/wp-content\/uploads\/2017\/04\/up_logo_university_2.png\",\"contentUrl\":\"https:\/\/shop.verlag.uni-potsdam.de\/wp-content\/uploads\/2017\/04\/up_logo_university_2.png\",\"width\":160,\"height\":172,\"caption\":\"Universit\u00e4tsverlag Potsdam\"},\"image\":{\"@id\":\"https:\/\/shop.verlag.uni-potsdam.de\/en\/#\/schema\/logo\/image\/\"}}]}<\/script>\n<!-- \/ Yoast SEO plugin. -->","yoast_head_json":{"title":"Der Universit\u00e4tscampus Griebnitzsee - Universit\u00e4tsverlag Potsdam","robots":{"index":"index","follow":"follow","max-snippet":"max-snippet:-1","max-image-preview":"max-image-preview:large","max-video-preview":"max-video-preview:-1"},"canonical":"https:\/\/shop.verlag.uni-potsdam.de\/en\/shop\/der-universitaetscampus-griebnitzsee\/","og_locale":"en_US","og_type":"article","og_title":"Der Universit\u00e4tscampus Griebnitzsee - Universit\u00e4tsverlag Potsdam","og_description":"Vor 120 Jahren wurde das Gel\u00e4nde s\u00fcdlich des damaligen Bahnhofs Neubabelsberg erstmals bebaut. Aus dem 1896 errichteten Depot f\u00fcr Lazarett-Baracken entwickelte sich bis 1938 die logistische Zentrale des Deutschen Roten Kreuzes, das ab 1939 auch sein Pr\u00e4sidium nach Babelsberg verlegte. Nach einer Zwischennutzung ab 1945 durch die sowjetische Besatzungsarmee war von 1952 bis zur Wende die Akademie f\u00fcr Staats- und Rechtswissenschaften als \u201eKaderschmiede\u201c der Hausherr des nun im Grenzgebiet zu Westberlin liegenden Areals. Heute nutzen die Universit\u00e4t Potsdam und das Hasso-Plattner-Institut f\u00fcr Software-Systemtechnik den Campus, dessen Geschichte mit dieser Publikation erstmals umfassend dokumentiert wird.","og_url":"https:\/\/shop.verlag.uni-potsdam.de\/en\/shop\/der-universitaetscampus-griebnitzsee\/","og_site_name":"Universit\u00e4tsverlag Potsdam","article_modified_time":"2026-03-23T10:55:09+00:00","og_image":[{"width":452,"height":640,"url":"https:\/\/shop.verlag.uni-potsdam.de\/wp-content\/uploads\/asolmerce\/image-9783869563794.jpg","type":"image\/jpeg"}],"twitter_card":"summary_large_image","schema":{"@context":"https:\/\/schema.org","@graph":[{"@type":"WebPage","@id":"https:\/\/shop.verlag.uni-potsdam.de\/en\/shop\/der-universitaetscampus-griebnitzsee\/","url":"https:\/\/shop.verlag.uni-potsdam.de\/en\/shop\/der-universitaetscampus-griebnitzsee\/","name":"Der Universit\u00e4tscampus Griebnitzsee - Universit\u00e4tsverlag Potsdam","isPartOf":{"@id":"https:\/\/shop.verlag.uni-potsdam.de\/en\/#website"},"primaryImageOfPage":{"@id":"https:\/\/shop.verlag.uni-potsdam.de\/en\/shop\/der-universitaetscampus-griebnitzsee\/#primaryimage"},"image":{"@id":"https:\/\/shop.verlag.uni-potsdam.de\/shop\/der-universitaetscampus-griebnitzsee\/#primaryimage"},"thumbnailUrl":"https:\/\/shop.verlag.uni-potsdam.de\/wp-content\/uploads\/asolmerce\/image-9783869563794.jpg","datePublished":"2026-03-23T08:54:09+00:00","dateModified":"2026-03-23T10:55:09+00:00","breadcrumb":{"@id":"https:\/\/shop.verlag.uni-potsdam.de\/en\/shop\/der-universitaetscampus-griebnitzsee\/#breadcrumb"},"inLanguage":"en-US","potentialAction":[{"@type":"ReadAction","target":[["https:\/\/shop.verlag.uni-potsdam.de\/en\/shop\/der-universitaetscampus-griebnitzsee\/"]]}]},{"@type":"ImageObject","inLanguage":"en-US","@id":"https:\/\/shop.verlag.uni-potsdam.de\/en\/shop\/der-universitaetscampus-griebnitzsee\/#primaryimage","url":"https:\/\/shop.verlag.uni-potsdam.de\/wp-content\/uploads\/asolmerce\/image-9783869563794.jpg","contentUrl":"https:\/\/shop.verlag.uni-potsdam.de\/wp-content\/uploads\/asolmerce\/image-9783869563794.jpg","width":452,"height":640},{"@type":"BreadcrumbList","@id":"https:\/\/shop.verlag.uni-potsdam.de\/en\/shop\/der-universitaetscampus-griebnitzsee\/#breadcrumb","itemListElement":[{"@type":"ListItem","position":1,"name":"Startseite","item":"https:\/\/shop.verlag.uni-potsdam.de\/en\/"},{"@type":"ListItem","position":2,"name":"Shop","item":"https:\/\/shop.verlag.uni-potsdam.de\/en\/shop\/"},{"@type":"ListItem","position":3,"name":"Der Universit\u00e4tscampus Griebnitzsee"}]},{"@type":"WebSite","@id":"https:\/\/shop.verlag.uni-potsdam.de\/en\/#website","url":"https:\/\/shop.verlag.uni-potsdam.de\/en\/","name":"Universit\u00e4tsverlag Potsdam","description":"","publisher":{"@id":"https:\/\/shop.verlag.uni-potsdam.de\/en\/#organization"},"potentialAction":[{"@type":"SearchAction","target":{"@type":"EntryPoint","urlTemplate":"https:\/\/shop.verlag.uni-potsdam.de\/en\/?s={search_term_string}"},"query-input":{"@type":"PropertyValueSpecification","valueRequired":true,"valueName":"search_term_string"}}],"inLanguage":"en-US"},{"@type":"Organization","@id":"https:\/\/shop.verlag.uni-potsdam.de\/en\/#organization","name":"Universit\u00e4tsverlag Potsdam","url":"https:\/\/shop.verlag.uni-potsdam.de\/en\/","logo":{"@type":"ImageObject","inLanguage":"en-US","@id":"https:\/\/shop.verlag.uni-potsdam.de\/en\/#\/schema\/logo\/image\/","url":"https:\/\/shop.verlag.uni-potsdam.de\/wp-content\/uploads\/2017\/04\/up_logo_university_2.png","contentUrl":"https:\/\/shop.verlag.uni-potsdam.de\/wp-content\/uploads\/2017\/04\/up_logo_university_2.png","width":160,"height":172,"caption":"Universit\u00e4tsverlag Potsdam"},"image":{"@id":"https:\/\/shop.verlag.uni-potsdam.de\/en\/#\/schema\/logo\/image\/"}}]}},"_links":{"self":[{"href":"https:\/\/shop.verlag.uni-potsdam.de\/en\/wp-json\/wp\/v2\/product\/51597","targetHints":{"allow":["GET"]}}],"collection":[{"href":"https:\/\/shop.verlag.uni-potsdam.de\/en\/wp-json\/wp\/v2\/product"}],"about":[{"href":"https:\/\/shop.verlag.uni-potsdam.de\/en\/wp-json\/wp\/v2\/types\/product"}],"wp:featuredmedia":[{"embeddable":true,"href":"https:\/\/shop.verlag.uni-potsdam.de\/en\/wp-json\/wp\/v2\/media\/54198"}],"wp:attachment":[{"href":"https:\/\/shop.verlag.uni-potsdam.de\/en\/wp-json\/wp\/v2\/media?parent=51597"}],"wp:term":[{"taxonomy":"product_brand","embeddable":true,"href":"https:\/\/shop.verlag.uni-potsdam.de\/en\/wp-json\/wp\/v2\/product_brand?post=51597"},{"taxonomy":"product_cat","embeddable":true,"href":"https:\/\/shop.verlag.uni-potsdam.de\/en\/wp-json\/wp\/v2\/product_cat?post=51597"},{"taxonomy":"product_tag","embeddable":true,"href":"https:\/\/shop.verlag.uni-potsdam.de\/en\/wp-json\/wp\/v2\/product_tag?post=51597"}],"curies":[{"name":"wp","href":"https:\/\/api.w.org\/{rel}","templated":true}]}}