{"id":51613,"date":"2026-03-23T08:53:28","date_gmt":"2026-03-23T08:53:28","guid":{"rendered":"http:\/\/shop.verlag.uni-potsdam.de\/produkt\/ansprueche-ansprueche-die-eigentumsfrage-in-den-deutsch-polnischen-beziehungen\/"},"modified":"2026-03-23T11:54:28","modified_gmt":"2026-03-23T10:54:28","slug":"ansprueche","status":"publish","type":"product","link":"https:\/\/shop.verlag.uni-potsdam.de\/en\/shop\/ansprueche\/","title":{"rendered":"Anspr\u00fcche?"},"content":{"rendered":"<p class=\"qtranxs-available-languages-message qtranxs-available-languages-message-en\">Sorry, this entry is only available in <a href=\"https:\/\/shop.verlag.uni-potsdam.de\/de\/wp-json\/wp\/v2\/product\/51613\" class=\"qtranxs-available-language-link qtranxs-available-language-link-de\" title=\"Deutsch\">Deutsch<\/a>.<\/p><p>Belasten ungel\u00f6ste Verm\u00f6gensfragen die deutsch-polnischen Beziehungen? Auf der einen Seite stehen Deutsche, die im Zuge des Potsdamer Abkommens entsch\u00e4digungslos enteignet wurden und nun R\u00fcckforderungsanspr\u00fcche stellen. Auf der anderen Seite gibt es den Beschluss des polnischen Parlaments aus dem Jahre 2004, der im Potsdamer Abkommen fixierte iegsentsch\u00e4digungen von Deutschland fordert \u2013 ungeachtet des polnischen Verzichts auf Reparationszahlungen von 1953. Die Beitr\u00e4ge von Tobias H. Irmscher und Jan Sandorski setzen sich mit der Rechtm\u00e4\u00dfigkeit dieser Anspr\u00fcche auseinander und suchen nach L\u00f6sungsans\u00e4tzen. Dabei bieten sie unterschiedliche Sichtweisen auf die historischen Ereignisse und analysieren, ob die Verm\u00f6gensfragen tats\u00e4chlich ungel\u00f6st sind.<\/p>","protected":false},"excerpt":{"rendered":"<p class=\"qtranxs-available-languages-message qtranxs-available-languages-message-en\">Sorry, this entry is only available in <a href=\"https:\/\/shop.verlag.uni-potsdam.de\/de\/wp-json\/wp\/v2\/product\/51613\" class=\"qtranxs-available-language-link qtranxs-available-language-link-de\" title=\"Deutsch\">Deutsch<\/a>.<\/p>\n<p>Belasten ungel\u00f6ste Verm\u00f6gensfragen die deutsch-polnischen Beziehungen? Auf der einen Seite stehen Deutsche, die im Zuge des Potsdamer Abkommens entsch\u00e4digungslos enteignet wurden und nun R\u00fcckforderungsanspr\u00fcche stellen. Auf der anderen Seite gibt es den Beschluss des polnischen Parlaments aus dem Jahre 2004, der im Potsdamer Abkommen fixierte iegsentsch\u00e4digungen von Deutschland fordert \u2013 ungeachtet des polnischen Verzichts auf Reparationszahlungen von 1953. Die Beitr\u00e4ge von Tobias H. Irmscher und Jan Sandorski setzen sich mit der Rechtm\u00e4\u00dfigkeit dieser Anspr\u00fcche auseinander und suchen nach L\u00f6sungsans\u00e4tzen. Dabei bieten sie unterschiedliche Sichtweisen auf die historischen Ereignisse und analysieren, ob die Verm\u00f6gensfragen tats\u00e4chlich ungel\u00f6st sind.<\/p>\n","protected":false},"featured_media":53830,"template":"","meta":{"_acf_changed":false},"product_brand":[],"product_cat":[6223],"product_tag":[5236],"class_list":{"0":"post-51613","1":"product","2":"type-product","3":"status-publish","4":"has-post-thumbnail","6":"product_cat-politikwissenschaft-web-kategorie","7":"product_tag-eigentum-polen-vermoegen","8":"autor-jan-sandorski","9":"autor-tobias-h-irmscher","11":"first","12":"instock","13":"shipping-taxable","14":"purchasable","15":"product-type-simple"},"acf":[],"yoast_head":"<!-- This site is optimized with the Yoast SEO plugin v27.1.1 - https:\/\/yoast.com\/product\/yoast-seo-wordpress\/ -->\n<title>Anspr\u00fcche? - Universit\u00e4tsverlag Potsdam<\/title>\n<meta name=\"robots\" content=\"index, follow, max-snippet:-1, max-image-preview:large, max-video-preview:-1\" \/>\n<link rel=\"canonical\" href=\"https:\/\/shop.verlag.uni-potsdam.de\/en\/shop\/ansprueche\/\" \/>\n<meta property=\"og:locale\" content=\"en_US\" \/>\n<meta property=\"og:type\" content=\"article\" \/>\n<meta property=\"og:title\" content=\"Anspr\u00fcche? - Universit\u00e4tsverlag Potsdam\" \/>\n<meta property=\"og:description\" content=\"Belasten ungel\u00f6ste Verm\u00f6gensfragen die deutsch-polnischen Beziehungen? Auf der einen Seite stehen Deutsche, die im Zuge des Potsdamer Abkommens entsch\u00e4digungslos enteignet wurden und nun R\u00fcckforderungsanspr\u00fcche stellen. Auf der anderen Seite gibt es den Beschluss des polnischen Parlaments aus dem Jahre 2004, der im Potsdamer Abkommen fixierte iegsentsch\u00e4digungen von Deutschland fordert \u2013 ungeachtet des polnischen Verzichts auf Reparationszahlungen von 1953. Die Beitr\u00e4ge von Tobias H. Irmscher und Jan Sandorski setzen sich mit der Rechtm\u00e4\u00dfigkeit dieser Anspr\u00fcche auseinander und suchen nach L\u00f6sungsans\u00e4tzen. Dabei bieten sie unterschiedliche Sichtweisen auf die historischen Ereignisse und analysieren, ob die Verm\u00f6gensfragen tats\u00e4chlich ungel\u00f6st sind.\" \/>\n<meta property=\"og:url\" content=\"https:\/\/shop.verlag.uni-potsdam.de\/en\/shop\/ansprueche\/\" \/>\n<meta property=\"og:site_name\" content=\"Universit\u00e4tsverlag Potsdam\" \/>\n<meta property=\"article:modified_time\" content=\"2026-03-23T10:54:28+00:00\" \/>\n<meta property=\"og:image\" content=\"https:\/\/shop.verlag.uni-potsdam.de\/wp-content\/uploads\/asolmerce\/image-9783939469681.jpg\" \/>\n\t<meta property=\"og:image:width\" content=\"449\" \/>\n\t<meta property=\"og:image:height\" content=\"640\" \/>\n\t<meta property=\"og:image:type\" content=\"image\/jpeg\" \/>\n<meta name=\"twitter:card\" content=\"summary_large_image\" \/>\n<meta name=\"twitter:label1\" content=\"Est. reading time\" \/>\n\t<meta name=\"twitter:data1\" content=\"1 minute\" \/>\n<script type=\"application\/ld+json\" class=\"yoast-schema-graph\">{\"@context\":\"https:\/\/schema.org\",\"@graph\":[{\"@type\":\"WebPage\",\"@id\":\"https:\/\/shop.verlag.uni-potsdam.de\/en\/shop\/ansprueche\/\",\"url\":\"https:\/\/shop.verlag.uni-potsdam.de\/en\/shop\/ansprueche\/\",\"name\":\"Anspr\u00fcche? - Universit\u00e4tsverlag Potsdam\",\"isPartOf\":{\"@id\":\"https:\/\/shop.verlag.uni-potsdam.de\/en\/#website\"},\"primaryImageOfPage\":{\"@id\":\"https:\/\/shop.verlag.uni-potsdam.de\/en\/shop\/ansprueche\/#primaryimage\"},\"image\":{\"@id\":\"https:\/\/shop.verlag.uni-potsdam.de\/shop\/ansprueche\/#primaryimage\"},\"thumbnailUrl\":\"https:\/\/shop.verlag.uni-potsdam.de\/wp-content\/uploads\/asolmerce\/image-9783939469681.jpg\",\"datePublished\":\"2026-03-23T08:53:28+00:00\",\"dateModified\":\"2026-03-23T10:54:28+00:00\",\"breadcrumb\":{\"@id\":\"https:\/\/shop.verlag.uni-potsdam.de\/en\/shop\/ansprueche\/#breadcrumb\"},\"inLanguage\":\"en-US\",\"potentialAction\":[{\"@type\":\"ReadAction\",\"target\":[[\"https:\/\/shop.verlag.uni-potsdam.de\/en\/shop\/ansprueche\/\"]]}]},{\"@type\":\"ImageObject\",\"inLanguage\":\"en-US\",\"@id\":\"https:\/\/shop.verlag.uni-potsdam.de\/en\/shop\/ansprueche\/#primaryimage\",\"url\":\"https:\/\/shop.verlag.uni-potsdam.de\/wp-content\/uploads\/asolmerce\/image-9783939469681.jpg\",\"contentUrl\":\"https:\/\/shop.verlag.uni-potsdam.de\/wp-content\/uploads\/asolmerce\/image-9783939469681.jpg\",\"width\":449,\"height\":640},{\"@type\":\"BreadcrumbList\",\"@id\":\"https:\/\/shop.verlag.uni-potsdam.de\/en\/shop\/ansprueche\/#breadcrumb\",\"itemListElement\":[{\"@type\":\"ListItem\",\"position\":1,\"name\":\"Startseite\",\"item\":\"https:\/\/shop.verlag.uni-potsdam.de\/en\/\"},{\"@type\":\"ListItem\",\"position\":2,\"name\":\"Shop\",\"item\":\"https:\/\/shop.verlag.uni-potsdam.de\/en\/shop\/\"},{\"@type\":\"ListItem\",\"position\":3,\"name\":\"Anspr\u00fcche?\"}]},{\"@type\":\"WebSite\",\"@id\":\"https:\/\/shop.verlag.uni-potsdam.de\/en\/#website\",\"url\":\"https:\/\/shop.verlag.uni-potsdam.de\/en\/\",\"name\":\"Universit\u00e4tsverlag Potsdam\",\"description\":\"\",\"publisher\":{\"@id\":\"https:\/\/shop.verlag.uni-potsdam.de\/en\/#organization\"},\"potentialAction\":[{\"@type\":\"SearchAction\",\"target\":{\"@type\":\"EntryPoint\",\"urlTemplate\":\"https:\/\/shop.verlag.uni-potsdam.de\/en\/?s={search_term_string}\"},\"query-input\":{\"@type\":\"PropertyValueSpecification\",\"valueRequired\":true,\"valueName\":\"search_term_string\"}}],\"inLanguage\":\"en-US\"},{\"@type\":\"Organization\",\"@id\":\"https:\/\/shop.verlag.uni-potsdam.de\/en\/#organization\",\"name\":\"Universit\u00e4tsverlag Potsdam\",\"url\":\"https:\/\/shop.verlag.uni-potsdam.de\/en\/\",\"logo\":{\"@type\":\"ImageObject\",\"inLanguage\":\"en-US\",\"@id\":\"https:\/\/shop.verlag.uni-potsdam.de\/en\/#\/schema\/logo\/image\/\",\"url\":\"https:\/\/shop.verlag.uni-potsdam.de\/wp-content\/uploads\/2017\/04\/up_logo_university_2.png\",\"contentUrl\":\"https:\/\/shop.verlag.uni-potsdam.de\/wp-content\/uploads\/2017\/04\/up_logo_university_2.png\",\"width\":160,\"height\":172,\"caption\":\"Universit\u00e4tsverlag Potsdam\"},\"image\":{\"@id\":\"https:\/\/shop.verlag.uni-potsdam.de\/en\/#\/schema\/logo\/image\/\"}}]}<\/script>\n<!-- \/ Yoast SEO plugin. -->","yoast_head_json":{"title":"Anspr\u00fcche? - Universit\u00e4tsverlag Potsdam","robots":{"index":"index","follow":"follow","max-snippet":"max-snippet:-1","max-image-preview":"max-image-preview:large","max-video-preview":"max-video-preview:-1"},"canonical":"https:\/\/shop.verlag.uni-potsdam.de\/en\/shop\/ansprueche\/","og_locale":"en_US","og_type":"article","og_title":"Anspr\u00fcche? - Universit\u00e4tsverlag Potsdam","og_description":"Belasten ungel\u00f6ste Verm\u00f6gensfragen die deutsch-polnischen Beziehungen? Auf der einen Seite stehen Deutsche, die im Zuge des Potsdamer Abkommens entsch\u00e4digungslos enteignet wurden und nun R\u00fcckforderungsanspr\u00fcche stellen. Auf der anderen Seite gibt es den Beschluss des polnischen Parlaments aus dem Jahre 2004, der im Potsdamer Abkommen fixierte iegsentsch\u00e4digungen von Deutschland fordert \u2013 ungeachtet des polnischen Verzichts auf Reparationszahlungen von 1953. Die Beitr\u00e4ge von Tobias H. Irmscher und Jan Sandorski setzen sich mit der Rechtm\u00e4\u00dfigkeit dieser Anspr\u00fcche auseinander und suchen nach L\u00f6sungsans\u00e4tzen. Dabei bieten sie unterschiedliche Sichtweisen auf die historischen Ereignisse und analysieren, ob die Verm\u00f6gensfragen tats\u00e4chlich ungel\u00f6st sind.","og_url":"https:\/\/shop.verlag.uni-potsdam.de\/en\/shop\/ansprueche\/","og_site_name":"Universit\u00e4tsverlag Potsdam","article_modified_time":"2026-03-23T10:54:28+00:00","og_image":[{"width":449,"height":640,"url":"https:\/\/shop.verlag.uni-potsdam.de\/wp-content\/uploads\/asolmerce\/image-9783939469681.jpg","type":"image\/jpeg"}],"twitter_card":"summary_large_image","twitter_misc":{"Est. reading time":"1 minute"},"schema":{"@context":"https:\/\/schema.org","@graph":[{"@type":"WebPage","@id":"https:\/\/shop.verlag.uni-potsdam.de\/en\/shop\/ansprueche\/","url":"https:\/\/shop.verlag.uni-potsdam.de\/en\/shop\/ansprueche\/","name":"Anspr\u00fcche? - Universit\u00e4tsverlag Potsdam","isPartOf":{"@id":"https:\/\/shop.verlag.uni-potsdam.de\/en\/#website"},"primaryImageOfPage":{"@id":"https:\/\/shop.verlag.uni-potsdam.de\/en\/shop\/ansprueche\/#primaryimage"},"image":{"@id":"https:\/\/shop.verlag.uni-potsdam.de\/shop\/ansprueche\/#primaryimage"},"thumbnailUrl":"https:\/\/shop.verlag.uni-potsdam.de\/wp-content\/uploads\/asolmerce\/image-9783939469681.jpg","datePublished":"2026-03-23T08:53:28+00:00","dateModified":"2026-03-23T10:54:28+00:00","breadcrumb":{"@id":"https:\/\/shop.verlag.uni-potsdam.de\/en\/shop\/ansprueche\/#breadcrumb"},"inLanguage":"en-US","potentialAction":[{"@type":"ReadAction","target":[["https:\/\/shop.verlag.uni-potsdam.de\/en\/shop\/ansprueche\/"]]}]},{"@type":"ImageObject","inLanguage":"en-US","@id":"https:\/\/shop.verlag.uni-potsdam.de\/en\/shop\/ansprueche\/#primaryimage","url":"https:\/\/shop.verlag.uni-potsdam.de\/wp-content\/uploads\/asolmerce\/image-9783939469681.jpg","contentUrl":"https:\/\/shop.verlag.uni-potsdam.de\/wp-content\/uploads\/asolmerce\/image-9783939469681.jpg","width":449,"height":640},{"@type":"BreadcrumbList","@id":"https:\/\/shop.verlag.uni-potsdam.de\/en\/shop\/ansprueche\/#breadcrumb","itemListElement":[{"@type":"ListItem","position":1,"name":"Startseite","item":"https:\/\/shop.verlag.uni-potsdam.de\/en\/"},{"@type":"ListItem","position":2,"name":"Shop","item":"https:\/\/shop.verlag.uni-potsdam.de\/en\/shop\/"},{"@type":"ListItem","position":3,"name":"Anspr\u00fcche?"}]},{"@type":"WebSite","@id":"https:\/\/shop.verlag.uni-potsdam.de\/en\/#website","url":"https:\/\/shop.verlag.uni-potsdam.de\/en\/","name":"Universit\u00e4tsverlag Potsdam","description":"","publisher":{"@id":"https:\/\/shop.verlag.uni-potsdam.de\/en\/#organization"},"potentialAction":[{"@type":"SearchAction","target":{"@type":"EntryPoint","urlTemplate":"https:\/\/shop.verlag.uni-potsdam.de\/en\/?s={search_term_string}"},"query-input":{"@type":"PropertyValueSpecification","valueRequired":true,"valueName":"search_term_string"}}],"inLanguage":"en-US"},{"@type":"Organization","@id":"https:\/\/shop.verlag.uni-potsdam.de\/en\/#organization","name":"Universit\u00e4tsverlag Potsdam","url":"https:\/\/shop.verlag.uni-potsdam.de\/en\/","logo":{"@type":"ImageObject","inLanguage":"en-US","@id":"https:\/\/shop.verlag.uni-potsdam.de\/en\/#\/schema\/logo\/image\/","url":"https:\/\/shop.verlag.uni-potsdam.de\/wp-content\/uploads\/2017\/04\/up_logo_university_2.png","contentUrl":"https:\/\/shop.verlag.uni-potsdam.de\/wp-content\/uploads\/2017\/04\/up_logo_university_2.png","width":160,"height":172,"caption":"Universit\u00e4tsverlag Potsdam"},"image":{"@id":"https:\/\/shop.verlag.uni-potsdam.de\/en\/#\/schema\/logo\/image\/"}}]}},"_links":{"self":[{"href":"https:\/\/shop.verlag.uni-potsdam.de\/en\/wp-json\/wp\/v2\/product\/51613","targetHints":{"allow":["GET"]}}],"collection":[{"href":"https:\/\/shop.verlag.uni-potsdam.de\/en\/wp-json\/wp\/v2\/product"}],"about":[{"href":"https:\/\/shop.verlag.uni-potsdam.de\/en\/wp-json\/wp\/v2\/types\/product"}],"wp:featuredmedia":[{"embeddable":true,"href":"https:\/\/shop.verlag.uni-potsdam.de\/en\/wp-json\/wp\/v2\/media\/53830"}],"wp:attachment":[{"href":"https:\/\/shop.verlag.uni-potsdam.de\/en\/wp-json\/wp\/v2\/media?parent=51613"}],"wp:term":[{"taxonomy":"product_brand","embeddable":true,"href":"https:\/\/shop.verlag.uni-potsdam.de\/en\/wp-json\/wp\/v2\/product_brand?post=51613"},{"taxonomy":"product_cat","embeddable":true,"href":"https:\/\/shop.verlag.uni-potsdam.de\/en\/wp-json\/wp\/v2\/product_cat?post=51613"},{"taxonomy":"product_tag","embeddable":true,"href":"https:\/\/shop.verlag.uni-potsdam.de\/en\/wp-json\/wp\/v2\/product_tag?post=51613"}],"curies":[{"name":"wp","href":"https:\/\/api.w.org\/{rel}","templated":true}]}}