{"id":51625,"date":"2026-03-23T08:54:14","date_gmt":"2026-03-23T08:54:14","guid":{"rendered":"http:\/\/shop.verlag.uni-potsdam.de\/produkt\/pardes-22-muslim-jewish-dialogue\/"},"modified":"2026-03-23T11:55:15","modified_gmt":"2026-03-23T10:55:15","slug":"muslimisch-juedischer-dialog-muslim-jewish-dialogue","status":"publish","type":"product","link":"https:\/\/shop.verlag.uni-potsdam.de\/en\/shop\/muslimisch-juedischer-dialog-muslim-jewish-dialogue\/","title":{"rendered":"Muslimisch-J\u00fcdischer Dialog = Muslim-Jewish Dialogue"},"content":{"rendered":"<p class=\"qtranxs-available-languages-message qtranxs-available-languages-message-en\">Sorry, this entry is only available in <a href=\"https:\/\/shop.verlag.uni-potsdam.de\/de\/wp-json\/wp\/v2\/product\/51625\" class=\"qtranxs-available-language-link qtranxs-available-language-link-de\" title=\"Deutsch\">Deutsch<\/a>.<\/p><p>Aus dem Editorial:<br \/>In der letzten Dekade erschienen zahlreiche Publikationen zum interreligi\u00f6sen Gespr\u00e4ch sowohl zwischen Judentum und Christentum als auch zwischen Islam und Christentum. Die verschiedenen Konfessionen und Str\u00f6mungen der jeweiligen Religion haben eine beachtenswerte Zahl an Foren f\u00fcr den Austausch geschaffen, die positiv in die Bev\u00f6lkerung und Politik hineinwirken und beidseitige Fremdheitsgef\u00fchle abzubauen versuchen. Die Umst\u00e4nde, dass sowohl Judentum als auch Islam umfassende Religionsgesetze mit \u00e4hnlichen Methoden der Rechtsfindung kennen und sich in theologischen, philosophischen und nicht zuletzt in mystischen Str\u00f6mungen reziprok beeinflusst haben, lassen den uneigenn\u00fctzigen Dialog zwischen den beiden Religionen als erstaunenswertes Desiderat der Gegenwart hervortreten. W\u00e4hrend der Austausch zwischen muslimischen und j\u00fcdischen Kulturen des Mittelalters fruchtbar war und vergleichsweise gut dokumentiert ist, scheint das Gespr\u00e4ch zwischen Muslimen und Juden derzeit\u2013 bis auf gemeinsame Initiativen im Zuge der Beschneidungsdebatte\u2013 weitgehend eine Nischenexistenz zu f\u00fchren. Bei einer kritischen Beobachtung der globalen Ver\u00e4nderungen in den letzten Dekaden kann man den Eindruck gewinnen, dass die Gr\u00fcnde f\u00fcr den unterbrochenen Austausch weniger in religi\u00f6sen Verschiedenheiten, sondern eher in der Durchsetzung von politischen Interessen durch Herrschaftsgewinnung und Mediengewalt zu suchen sind.<\/p>\n<p>In der vorliegenden Ausgabe von PaRDeS haben es sich die Herausgeber zum Ziel gesetzt, den Dialog zwischen Muslimen und Juden in den Mittelpunkt zu r\u00fccken. Der Zeitschriftenband entstand in Kooperation mit dem Forum Dialog und profitierte wesentlich vom Engagement seiner Mitglieder. Die Beitr\u00e4ge, die \u00fcber ein international verbreitetes Call-for-Paper-Verfahren eingereicht und anschlie\u00dfend begutachtet wurden, spiegeln das derzeitige Interesse der zu dieser Thematik arbeitenden Wissenschaftler wider.<\/p>","protected":false},"excerpt":{"rendered":"<p class=\"qtranxs-available-languages-message qtranxs-available-languages-message-en\">Sorry, this entry is only available in <a href=\"https:\/\/shop.verlag.uni-potsdam.de\/de\/wp-json\/wp\/v2\/product\/51625\" class=\"qtranxs-available-language-link qtranxs-available-language-link-de\" title=\"Deutsch\">Deutsch<\/a>.<\/p>\n<p>Aus dem Editorial:<br \/>In der letzten Dekade erschienen zahlreiche Publikationen zum interreligi\u00f6sen Gespr\u00e4ch sowohl zwischen Judentum und Christentum als auch zwischen Islam und Christentum. Die verschiedenen Konfessionen und Str\u00f6mungen der jeweiligen Religion haben eine beachtenswerte Zahl an Foren f\u00fcr den Austausch geschaffen, die positiv in die Bev\u00f6lkerung und Politik hineinwirken und beidseitige Fremdheitsgef\u00fchle abzubauen versuchen. Die Umst\u00e4nde, dass sowohl Judentum als auch Islam umfassende Religionsgesetze mit \u00e4hnlichen Methoden der Rechtsfindung kennen und sich in theologischen, philosophischen und nicht zuletzt in mystischen Str\u00f6mungen reziprok beeinflusst haben, lassen den uneigenn\u00fctzigen Dialog zwischen den beiden Religionen als erstaunenswertes Desiderat der Gegenwart hervortreten. W\u00e4hrend der Austausch zwischen muslimischen und j\u00fcdischen Kulturen des Mittelalters fruchtbar war und vergleichsweise gut dokumentiert ist, scheint das Gespr\u00e4ch zwischen Muslimen und Juden derzeit\u2013 bis auf gemeinsame Initiativen im Zuge der Beschneidungsdebatte\u2013 weitgehend eine Nischenexistenz zu f\u00fchren. Bei einer kritischen Beobachtung der globalen Ver\u00e4nderungen in den letzten Dekaden kann man den Eindruck gewinnen, dass die Gr\u00fcnde f\u00fcr den unterbrochenen Austausch weniger in religi\u00f6sen Verschiedenheiten, sondern eher in der Durchsetzung von politischen Interessen durch Herrschaftsgewinnung und Mediengewalt zu suchen sind.<\/p>\n<p>In der vorliegenden Ausgabe von PaRDeS haben es sich die Herausgeber zum Ziel gesetzt, den Dialog zwischen Muslimen und Juden in den Mittelpunkt zu r\u00fccken. Der Zeitschriftenband entstand in Kooperation mit dem Forum Dialog und profitierte wesentlich vom Engagement seiner Mitglieder. Die Beitr\u00e4ge, die \u00fcber ein international verbreitetes Call-for-Paper-Verfahren eingereicht und anschlie\u00dfend begutachtet wurden, spiegeln das derzeitige Interesse der zu dieser Thematik arbeitenden Wissenschaftler wider.<\/p>\n","protected":false},"featured_media":54205,"template":"","meta":{"_acf_changed":false},"product_brand":[],"product_cat":[6226],"product_tag":[5442],"class_list":{"0":"post-51625","1":"product","2":"type-product","3":"status-publish","4":"has-post-thumbnail","6":"product_cat-religion-theologie","7":"product_tag-islam-judentum-religionen-studien","8":"autor-kadir-sanci","9":"autor-michal-szulc","10":"autor-nathanael-riemer","11":"zeitschriften-pardes","13":"first","14":"instock","15":"shipping-taxable","16":"purchasable","17":"product-type-simple"},"acf":[],"yoast_head":"<!-- This site is optimized with the Yoast SEO plugin v27.1.1 - https:\/\/yoast.com\/product\/yoast-seo-wordpress\/ -->\n<title>Muslimisch-J\u00fcdischer Dialog = Muslim-Jewish Dialogue - Universit\u00e4tsverlag Potsdam<\/title>\n<meta name=\"robots\" content=\"index, follow, max-snippet:-1, max-image-preview:large, max-video-preview:-1\" \/>\n<link rel=\"canonical\" href=\"https:\/\/shop.verlag.uni-potsdam.de\/en\/shop\/muslimisch-juedischer-dialog-muslim-jewish-dialogue\/\" \/>\n<meta property=\"og:locale\" content=\"en_US\" \/>\n<meta property=\"og:type\" content=\"article\" \/>\n<meta property=\"og:title\" content=\"Muslimisch-J\u00fcdischer Dialog = Muslim-Jewish Dialogue - Universit\u00e4tsverlag Potsdam\" \/>\n<meta property=\"og:description\" content=\"Aus dem Editorial:In der letzten Dekade erschienen zahlreiche Publikationen zum interreligi\u00f6sen Gespr\u00e4ch sowohl zwischen Judentum und Christentum als auch zwischen Islam und Christentum. Die verschiedenen Konfessionen und Str\u00f6mungen der jeweiligen Religion haben eine beachtenswerte Zahl an Foren f\u00fcr den Austausch geschaffen, die positiv in die Bev\u00f6lkerung und Politik hineinwirken und beidseitige Fremdheitsgef\u00fchle abzubauen versuchen. Die Umst\u00e4nde, dass sowohl Judentum als auch Islam umfassende Religionsgesetze mit \u00e4hnlichen Methoden der Rechtsfindung kennen und sich in theologischen, philosophischen und nicht zuletzt in mystischen Str\u00f6mungen reziprok beeinflusst haben, lassen den uneigenn\u00fctzigen Dialog zwischen den beiden Religionen als erstaunenswertes Desiderat der Gegenwart hervortreten. W\u00e4hrend der Austausch zwischen muslimischen und j\u00fcdischen Kulturen des Mittelalters fruchtbar war und vergleichsweise gut dokumentiert ist, scheint das Gespr\u00e4ch zwischen Muslimen und Juden derzeit\u2013 bis auf gemeinsame Initiativen im Zuge der Beschneidungsdebatte\u2013 weitgehend eine Nischenexistenz zu f\u00fchren. Bei einer kritischen Beobachtung der globalen Ver\u00e4nderungen in den letzten Dekaden kann man den Eindruck gewinnen, dass die Gr\u00fcnde f\u00fcr den unterbrochenen Austausch weniger in religi\u00f6sen Verschiedenheiten, sondern eher in der Durchsetzung von politischen Interessen durch Herrschaftsgewinnung und Mediengewalt zu suchen sind.In der vorliegenden Ausgabe von PaRDeS haben es sich die Herausgeber zum Ziel gesetzt, den Dialog zwischen Muslimen und Juden in den Mittelpunkt zu r\u00fccken. Der Zeitschriftenband entstand in Kooperation mit dem Forum Dialog und profitierte wesentlich vom Engagement seiner Mitglieder. Die Beitr\u00e4ge, die \u00fcber ein international verbreitetes Call-for-Paper-Verfahren eingereicht und anschlie\u00dfend begutachtet wurden, spiegeln das derzeitige Interesse der zu dieser Thematik arbeitenden Wissenschaftler wider.\" \/>\n<meta property=\"og:url\" content=\"https:\/\/shop.verlag.uni-potsdam.de\/en\/shop\/muslimisch-juedischer-dialog-muslim-jewish-dialogue\/\" \/>\n<meta property=\"og:site_name\" content=\"Universit\u00e4tsverlag Potsdam\" \/>\n<meta property=\"article:modified_time\" content=\"2026-03-23T10:55:15+00:00\" \/>\n<meta property=\"og:image\" content=\"https:\/\/shop.verlag.uni-potsdam.de\/wp-content\/uploads\/asolmerce\/image-9783869563701.jpg\" \/>\n\t<meta property=\"og:image:width\" content=\"451\" \/>\n\t<meta property=\"og:image:height\" content=\"640\" \/>\n\t<meta property=\"og:image:type\" content=\"image\/jpeg\" \/>\n<meta name=\"twitter:card\" content=\"summary_large_image\" \/>\n<meta name=\"twitter:label1\" content=\"Est. reading time\" \/>\n\t<meta name=\"twitter:data1\" content=\"1 minute\" \/>\n<script type=\"application\/ld+json\" class=\"yoast-schema-graph\">{\"@context\":\"https:\/\/schema.org\",\"@graph\":[{\"@type\":\"WebPage\",\"@id\":\"https:\/\/shop.verlag.uni-potsdam.de\/en\/shop\/muslimisch-juedischer-dialog-muslim-jewish-dialogue\/\",\"url\":\"https:\/\/shop.verlag.uni-potsdam.de\/en\/shop\/muslimisch-juedischer-dialog-muslim-jewish-dialogue\/\",\"name\":\"Muslimisch-J\u00fcdischer Dialog = Muslim-Jewish Dialogue - Universit\u00e4tsverlag Potsdam\",\"isPartOf\":{\"@id\":\"https:\/\/shop.verlag.uni-potsdam.de\/en\/#website\"},\"primaryImageOfPage\":{\"@id\":\"https:\/\/shop.verlag.uni-potsdam.de\/en\/shop\/muslimisch-juedischer-dialog-muslim-jewish-dialogue\/#primaryimage\"},\"image\":{\"@id\":\"https:\/\/shop.verlag.uni-potsdam.de\/shop\/muslimisch-juedischer-dialog-muslim-jewish-dialogue\/#primaryimage\"},\"thumbnailUrl\":\"https:\/\/shop.verlag.uni-potsdam.de\/wp-content\/uploads\/asolmerce\/image-9783869563701.jpg\",\"datePublished\":\"2026-03-23T08:54:14+00:00\",\"dateModified\":\"2026-03-23T10:55:15+00:00\",\"breadcrumb\":{\"@id\":\"https:\/\/shop.verlag.uni-potsdam.de\/en\/shop\/muslimisch-juedischer-dialog-muslim-jewish-dialogue\/#breadcrumb\"},\"inLanguage\":\"en-US\",\"potentialAction\":[{\"@type\":\"ReadAction\",\"target\":[[\"https:\/\/shop.verlag.uni-potsdam.de\/en\/shop\/muslimisch-juedischer-dialog-muslim-jewish-dialogue\/\"]]}]},{\"@type\":\"ImageObject\",\"inLanguage\":\"en-US\",\"@id\":\"https:\/\/shop.verlag.uni-potsdam.de\/en\/shop\/muslimisch-juedischer-dialog-muslim-jewish-dialogue\/#primaryimage\",\"url\":\"https:\/\/shop.verlag.uni-potsdam.de\/wp-content\/uploads\/asolmerce\/image-9783869563701.jpg\",\"contentUrl\":\"https:\/\/shop.verlag.uni-potsdam.de\/wp-content\/uploads\/asolmerce\/image-9783869563701.jpg\",\"width\":451,\"height\":640},{\"@type\":\"BreadcrumbList\",\"@id\":\"https:\/\/shop.verlag.uni-potsdam.de\/en\/shop\/muslimisch-juedischer-dialog-muslim-jewish-dialogue\/#breadcrumb\",\"itemListElement\":[{\"@type\":\"ListItem\",\"position\":1,\"name\":\"Startseite\",\"item\":\"https:\/\/shop.verlag.uni-potsdam.de\/en\/\"},{\"@type\":\"ListItem\",\"position\":2,\"name\":\"Shop\",\"item\":\"https:\/\/shop.verlag.uni-potsdam.de\/en\/shop\/\"},{\"@type\":\"ListItem\",\"position\":3,\"name\":\"Muslimisch-J\u00fcdischer Dialog = Muslim-Jewish Dialogue\"}]},{\"@type\":\"WebSite\",\"@id\":\"https:\/\/shop.verlag.uni-potsdam.de\/en\/#website\",\"url\":\"https:\/\/shop.verlag.uni-potsdam.de\/en\/\",\"name\":\"Universit\u00e4tsverlag Potsdam\",\"description\":\"\",\"publisher\":{\"@id\":\"https:\/\/shop.verlag.uni-potsdam.de\/en\/#organization\"},\"potentialAction\":[{\"@type\":\"SearchAction\",\"target\":{\"@type\":\"EntryPoint\",\"urlTemplate\":\"https:\/\/shop.verlag.uni-potsdam.de\/en\/?s={search_term_string}\"},\"query-input\":{\"@type\":\"PropertyValueSpecification\",\"valueRequired\":true,\"valueName\":\"search_term_string\"}}],\"inLanguage\":\"en-US\"},{\"@type\":\"Organization\",\"@id\":\"https:\/\/shop.verlag.uni-potsdam.de\/en\/#organization\",\"name\":\"Universit\u00e4tsverlag Potsdam\",\"url\":\"https:\/\/shop.verlag.uni-potsdam.de\/en\/\",\"logo\":{\"@type\":\"ImageObject\",\"inLanguage\":\"en-US\",\"@id\":\"https:\/\/shop.verlag.uni-potsdam.de\/en\/#\/schema\/logo\/image\/\",\"url\":\"https:\/\/shop.verlag.uni-potsdam.de\/wp-content\/uploads\/2017\/04\/up_logo_university_2.png\",\"contentUrl\":\"https:\/\/shop.verlag.uni-potsdam.de\/wp-content\/uploads\/2017\/04\/up_logo_university_2.png\",\"width\":160,\"height\":172,\"caption\":\"Universit\u00e4tsverlag Potsdam\"},\"image\":{\"@id\":\"https:\/\/shop.verlag.uni-potsdam.de\/en\/#\/schema\/logo\/image\/\"}}]}<\/script>\n<!-- \/ Yoast SEO plugin. -->","yoast_head_json":{"title":"Muslimisch-J\u00fcdischer Dialog = Muslim-Jewish Dialogue - Universit\u00e4tsverlag Potsdam","robots":{"index":"index","follow":"follow","max-snippet":"max-snippet:-1","max-image-preview":"max-image-preview:large","max-video-preview":"max-video-preview:-1"},"canonical":"https:\/\/shop.verlag.uni-potsdam.de\/en\/shop\/muslimisch-juedischer-dialog-muslim-jewish-dialogue\/","og_locale":"en_US","og_type":"article","og_title":"Muslimisch-J\u00fcdischer Dialog = Muslim-Jewish Dialogue - Universit\u00e4tsverlag Potsdam","og_description":"Aus dem Editorial:In der letzten Dekade erschienen zahlreiche Publikationen zum interreligi\u00f6sen Gespr\u00e4ch sowohl zwischen Judentum und Christentum als auch zwischen Islam und Christentum. Die verschiedenen Konfessionen und Str\u00f6mungen der jeweiligen Religion haben eine beachtenswerte Zahl an Foren f\u00fcr den Austausch geschaffen, die positiv in die Bev\u00f6lkerung und Politik hineinwirken und beidseitige Fremdheitsgef\u00fchle abzubauen versuchen. Die Umst\u00e4nde, dass sowohl Judentum als auch Islam umfassende Religionsgesetze mit \u00e4hnlichen Methoden der Rechtsfindung kennen und sich in theologischen, philosophischen und nicht zuletzt in mystischen Str\u00f6mungen reziprok beeinflusst haben, lassen den uneigenn\u00fctzigen Dialog zwischen den beiden Religionen als erstaunenswertes Desiderat der Gegenwart hervortreten. W\u00e4hrend der Austausch zwischen muslimischen und j\u00fcdischen Kulturen des Mittelalters fruchtbar war und vergleichsweise gut dokumentiert ist, scheint das Gespr\u00e4ch zwischen Muslimen und Juden derzeit\u2013 bis auf gemeinsame Initiativen im Zuge der Beschneidungsdebatte\u2013 weitgehend eine Nischenexistenz zu f\u00fchren. Bei einer kritischen Beobachtung der globalen Ver\u00e4nderungen in den letzten Dekaden kann man den Eindruck gewinnen, dass die Gr\u00fcnde f\u00fcr den unterbrochenen Austausch weniger in religi\u00f6sen Verschiedenheiten, sondern eher in der Durchsetzung von politischen Interessen durch Herrschaftsgewinnung und Mediengewalt zu suchen sind.In der vorliegenden Ausgabe von PaRDeS haben es sich die Herausgeber zum Ziel gesetzt, den Dialog zwischen Muslimen und Juden in den Mittelpunkt zu r\u00fccken. Der Zeitschriftenband entstand in Kooperation mit dem Forum Dialog und profitierte wesentlich vom Engagement seiner Mitglieder. Die Beitr\u00e4ge, die \u00fcber ein international verbreitetes Call-for-Paper-Verfahren eingereicht und anschlie\u00dfend begutachtet wurden, spiegeln das derzeitige Interesse der zu dieser Thematik arbeitenden Wissenschaftler wider.","og_url":"https:\/\/shop.verlag.uni-potsdam.de\/en\/shop\/muslimisch-juedischer-dialog-muslim-jewish-dialogue\/","og_site_name":"Universit\u00e4tsverlag Potsdam","article_modified_time":"2026-03-23T10:55:15+00:00","og_image":[{"width":451,"height":640,"url":"https:\/\/shop.verlag.uni-potsdam.de\/wp-content\/uploads\/asolmerce\/image-9783869563701.jpg","type":"image\/jpeg"}],"twitter_card":"summary_large_image","twitter_misc":{"Est. reading time":"1 minute"},"schema":{"@context":"https:\/\/schema.org","@graph":[{"@type":"WebPage","@id":"https:\/\/shop.verlag.uni-potsdam.de\/en\/shop\/muslimisch-juedischer-dialog-muslim-jewish-dialogue\/","url":"https:\/\/shop.verlag.uni-potsdam.de\/en\/shop\/muslimisch-juedischer-dialog-muslim-jewish-dialogue\/","name":"Muslimisch-J\u00fcdischer Dialog = Muslim-Jewish Dialogue - Universit\u00e4tsverlag Potsdam","isPartOf":{"@id":"https:\/\/shop.verlag.uni-potsdam.de\/en\/#website"},"primaryImageOfPage":{"@id":"https:\/\/shop.verlag.uni-potsdam.de\/en\/shop\/muslimisch-juedischer-dialog-muslim-jewish-dialogue\/#primaryimage"},"image":{"@id":"https:\/\/shop.verlag.uni-potsdam.de\/shop\/muslimisch-juedischer-dialog-muslim-jewish-dialogue\/#primaryimage"},"thumbnailUrl":"https:\/\/shop.verlag.uni-potsdam.de\/wp-content\/uploads\/asolmerce\/image-9783869563701.jpg","datePublished":"2026-03-23T08:54:14+00:00","dateModified":"2026-03-23T10:55:15+00:00","breadcrumb":{"@id":"https:\/\/shop.verlag.uni-potsdam.de\/en\/shop\/muslimisch-juedischer-dialog-muslim-jewish-dialogue\/#breadcrumb"},"inLanguage":"en-US","potentialAction":[{"@type":"ReadAction","target":[["https:\/\/shop.verlag.uni-potsdam.de\/en\/shop\/muslimisch-juedischer-dialog-muslim-jewish-dialogue\/"]]}]},{"@type":"ImageObject","inLanguage":"en-US","@id":"https:\/\/shop.verlag.uni-potsdam.de\/en\/shop\/muslimisch-juedischer-dialog-muslim-jewish-dialogue\/#primaryimage","url":"https:\/\/shop.verlag.uni-potsdam.de\/wp-content\/uploads\/asolmerce\/image-9783869563701.jpg","contentUrl":"https:\/\/shop.verlag.uni-potsdam.de\/wp-content\/uploads\/asolmerce\/image-9783869563701.jpg","width":451,"height":640},{"@type":"BreadcrumbList","@id":"https:\/\/shop.verlag.uni-potsdam.de\/en\/shop\/muslimisch-juedischer-dialog-muslim-jewish-dialogue\/#breadcrumb","itemListElement":[{"@type":"ListItem","position":1,"name":"Startseite","item":"https:\/\/shop.verlag.uni-potsdam.de\/en\/"},{"@type":"ListItem","position":2,"name":"Shop","item":"https:\/\/shop.verlag.uni-potsdam.de\/en\/shop\/"},{"@type":"ListItem","position":3,"name":"Muslimisch-J\u00fcdischer Dialog = Muslim-Jewish Dialogue"}]},{"@type":"WebSite","@id":"https:\/\/shop.verlag.uni-potsdam.de\/en\/#website","url":"https:\/\/shop.verlag.uni-potsdam.de\/en\/","name":"Universit\u00e4tsverlag Potsdam","description":"","publisher":{"@id":"https:\/\/shop.verlag.uni-potsdam.de\/en\/#organization"},"potentialAction":[{"@type":"SearchAction","target":{"@type":"EntryPoint","urlTemplate":"https:\/\/shop.verlag.uni-potsdam.de\/en\/?s={search_term_string}"},"query-input":{"@type":"PropertyValueSpecification","valueRequired":true,"valueName":"search_term_string"}}],"inLanguage":"en-US"},{"@type":"Organization","@id":"https:\/\/shop.verlag.uni-potsdam.de\/en\/#organization","name":"Universit\u00e4tsverlag Potsdam","url":"https:\/\/shop.verlag.uni-potsdam.de\/en\/","logo":{"@type":"ImageObject","inLanguage":"en-US","@id":"https:\/\/shop.verlag.uni-potsdam.de\/en\/#\/schema\/logo\/image\/","url":"https:\/\/shop.verlag.uni-potsdam.de\/wp-content\/uploads\/2017\/04\/up_logo_university_2.png","contentUrl":"https:\/\/shop.verlag.uni-potsdam.de\/wp-content\/uploads\/2017\/04\/up_logo_university_2.png","width":160,"height":172,"caption":"Universit\u00e4tsverlag Potsdam"},"image":{"@id":"https:\/\/shop.verlag.uni-potsdam.de\/en\/#\/schema\/logo\/image\/"}}]}},"_links":{"self":[{"href":"https:\/\/shop.verlag.uni-potsdam.de\/en\/wp-json\/wp\/v2\/product\/51625","targetHints":{"allow":["GET"]}}],"collection":[{"href":"https:\/\/shop.verlag.uni-potsdam.de\/en\/wp-json\/wp\/v2\/product"}],"about":[{"href":"https:\/\/shop.verlag.uni-potsdam.de\/en\/wp-json\/wp\/v2\/types\/product"}],"wp:featuredmedia":[{"embeddable":true,"href":"https:\/\/shop.verlag.uni-potsdam.de\/en\/wp-json\/wp\/v2\/media\/54205"}],"wp:attachment":[{"href":"https:\/\/shop.verlag.uni-potsdam.de\/en\/wp-json\/wp\/v2\/media?parent=51625"}],"wp:term":[{"taxonomy":"product_brand","embeddable":true,"href":"https:\/\/shop.verlag.uni-potsdam.de\/en\/wp-json\/wp\/v2\/product_brand?post=51625"},{"taxonomy":"product_cat","embeddable":true,"href":"https:\/\/shop.verlag.uni-potsdam.de\/en\/wp-json\/wp\/v2\/product_cat?post=51625"},{"taxonomy":"product_tag","embeddable":true,"href":"https:\/\/shop.verlag.uni-potsdam.de\/en\/wp-json\/wp\/v2\/product_tag?post=51625"}],"curies":[{"name":"wp","href":"https:\/\/api.w.org\/{rel}","templated":true}]}}