{"id":51626,"date":"2026-04-27T05:30:43","date_gmt":"2026-04-27T05:30:43","guid":{"rendered":"http:\/\/shop.verlag.uni-potsdam.de\/produkt\/sport-als-thema-im-deutschunterricht\/"},"modified":"2026-04-27T09:31:44","modified_gmt":"2026-04-27T07:31:44","slug":"sport-als-thema-im-deutschunterricht","status":"publish","type":"product","link":"https:\/\/shop.verlag.uni-potsdam.de\/en\/shop\/sport-als-thema-im-deutschunterricht\/","title":{"rendered":"Sport als Thema im Deutschunterricht"},"content":{"rendered":"<p class=\"qtranxs-available-languages-message qtranxs-available-languages-message-en\">Sorry, this entry is only available in <a href=\"https:\/\/shop.verlag.uni-potsdam.de\/de\/wp-json\/wp\/v2\/product\/51626\" class=\"qtranxs-available-language-link qtranxs-available-language-link-de\" title=\"Deutsch\">Deutsch<\/a>.<\/p><p>Ein Deutschunterricht, der die Alltags- und Medienkultur der Sch\u00fcler und Sch\u00fclerinnen ernst nimmt, darf Sporttexte nicht unber\u00fccksichtigt lassen. Zu sehr ist der Sport in all seinen Facetten Teil der Lebenswelt vieler Sch\u00fclerinnen und Sch\u00fcler geworden. Die Frage ist nicht mehr, ob der Deutschunterricht darauf zu reagieren hat, die Frage ist vielmehr, wie er dies tun und welche Sporttexte er dabei nutzen kann.  Auch wenn die Suche nach sinnvollen Bez\u00fcgen zwischen Sport und Deutschunterricht schon seit l\u00e4ngerem intensiv betrieben wird, offenbart das vielschichtige Kulturph\u00e4nomen \u201eSport\u201c immer wieder neue interessante Seiten, die es lohnen, fachdidaktisch behandelt zu werden.  Die zehn Beitr\u00e4ge in diesem Band verstehen sich als Unterrichtsanregungen f\u00fcr den kompetenzorientierten Deutschunterricht. Sie bedienen Betrachtungen zum Sport aus literarischer, sprachlicher und medialer Perspektive. Die theoretisch-begrifflichen Aspekte der jeweiligen Themen werden soweit behandelt, wie sie f\u00fcr das Verst\u00e4ndnis erforderlich sind. Im Zentrum vieler Beitr\u00e4ge stehen Unterrichtsszenarien mit kommentierten Texten und Aufgaben, die f\u00fcr die Unterrichtsvorbereitung oder f\u00fcr den Unterricht selbst genutzt werden k\u00f6nnen.<\/p>","protected":false},"excerpt":{"rendered":"<p class=\"qtranxs-available-languages-message qtranxs-available-languages-message-en\">Sorry, this entry is only available in <a href=\"https:\/\/shop.verlag.uni-potsdam.de\/de\/wp-json\/wp\/v2\/product\/51626\" class=\"qtranxs-available-language-link qtranxs-available-language-link-de\" title=\"Deutsch\">Deutsch<\/a>.<\/p>\n<p>Ein Deutschunterricht, der die Alltags- und Medienkultur der Sch\u00fcler und Sch\u00fclerinnen ernst nimmt, darf Sporttexte nicht unber\u00fccksichtigt lassen. Zu sehr ist der Sport in all seinen Facetten Teil der Lebenswelt vieler Sch\u00fclerinnen und Sch\u00fcler geworden. Die Frage ist nicht mehr, ob der Deutschunterricht darauf zu reagieren hat, die Frage ist vielmehr, wie er dies tun und welche Sporttexte er dabei nutzen kann.  Auch wenn die Suche nach sinnvollen Bez\u00fcgen zwischen Sport und Deutschunterricht schon seit l\u00e4ngerem intensiv betrieben wird, offenbart das vielschichtige Kulturph\u00e4nomen \u201eSport\u201c immer wieder neue interessante Seiten, die es lohnen, fachdidaktisch behandelt zu werden.  Die zehn Beitr\u00e4ge in diesem Band verstehen sich als Unterrichtsanregungen f\u00fcr den kompetenzorientierten Deutschunterricht. Sie bedienen Betrachtungen zum Sport aus literarischer, sprachlicher und medialer Perspektive. Die theoretisch-begrifflichen Aspekte der jeweiligen Themen werden soweit behandelt, wie sie f\u00fcr das Verst\u00e4ndnis erforderlich sind. Im Zentrum vieler Beitr\u00e4ge stehen Unterrichtsszenarien mit kommentierten Texten und Aufgaben, die f\u00fcr die Unterrichtsvorbereitung oder f\u00fcr den Unterricht selbst genutzt werden k\u00f6nnen.<\/p>\n","protected":false},"featured_media":54204,"template":"","meta":{"_acf_changed":false},"product_brand":[],"product_cat":[6220],"product_tag":[5271],"class_list":{"0":"post-51626","1":"product","2":"type-product","3":"status-publish","4":"has-post-thumbnail","6":"product_cat-paedagogik-web-kategorie","7":"product_tag-deutschdidaktik-deutschunterricht-medienanalyse-sportberichterstattung-sportsprache-varietaeten","8":"autor-friedericke-kern","9":"autor-karl-heinz-siehr","11":"first","12":"instock","13":"shipping-taxable","14":"purchasable","15":"product-type-simple"},"acf":[],"yoast_head":"<!-- This site is optimized with the Yoast SEO plugin v27.1.1 - https:\/\/yoast.com\/product\/yoast-seo-wordpress\/ -->\n<title>Sport als Thema im Deutschunterricht - Universit\u00e4tsverlag Potsdam<\/title>\n<meta name=\"robots\" content=\"index, follow, max-snippet:-1, max-image-preview:large, max-video-preview:-1\" \/>\n<link rel=\"canonical\" href=\"https:\/\/shop.verlag.uni-potsdam.de\/en\/shop\/sport-als-thema-im-deutschunterricht\/\" \/>\n<meta property=\"og:locale\" content=\"en_US\" \/>\n<meta property=\"og:type\" content=\"article\" \/>\n<meta property=\"og:title\" content=\"Sport als Thema im Deutschunterricht - Universit\u00e4tsverlag Potsdam\" \/>\n<meta property=\"og:description\" content=\"Ein Deutschunterricht, der die Alltags- und Medienkultur der Sch\u00fcler und Sch\u00fclerinnen ernst nimmt, darf Sporttexte nicht unber\u00fccksichtigt lassen. Zu sehr ist der Sport in all seinen Facetten Teil der Lebenswelt vieler Sch\u00fclerinnen und Sch\u00fcler geworden. Die Frage ist nicht mehr, ob der Deutschunterricht darauf zu reagieren hat, die Frage ist vielmehr, wie er dies tun und welche Sporttexte er dabei nutzen kann. Auch wenn die Suche nach sinnvollen Bez\u00fcgen zwischen Sport und Deutschunterricht schon seit l\u00e4ngerem intensiv betrieben wird, offenbart das vielschichtige Kulturph\u00e4nomen \u201eSport\u201c immer wieder neue interessante Seiten, die es lohnen, fachdidaktisch behandelt zu werden. Die zehn Beitr\u00e4ge in diesem Band verstehen sich als Unterrichtsanregungen f\u00fcr den kompetenzorientierten Deutschunterricht. Sie bedienen Betrachtungen zum Sport aus literarischer, sprachlicher und medialer Perspektive. Die theoretisch-begrifflichen Aspekte der jeweiligen Themen werden soweit behandelt, wie sie f\u00fcr das Verst\u00e4ndnis erforderlich sind. Im Zentrum vieler Beitr\u00e4ge stehen Unterrichtsszenarien mit kommentierten Texten und Aufgaben, die f\u00fcr die Unterrichtsvorbereitung oder f\u00fcr den Unterricht selbst genutzt werden k\u00f6nnen.\" \/>\n<meta property=\"og:url\" content=\"https:\/\/shop.verlag.uni-potsdam.de\/en\/shop\/sport-als-thema-im-deutschunterricht\/\" \/>\n<meta property=\"og:site_name\" content=\"Universit\u00e4tsverlag Potsdam\" \/>\n<meta property=\"article:modified_time\" content=\"2026-04-27T07:31:44+00:00\" \/>\n<meta property=\"og:image\" content=\"https:\/\/shop.verlag.uni-potsdam.de\/wp-content\/uploads\/asolmerce\/image-9783869563817.jpg\" \/>\n\t<meta property=\"og:image:width\" content=\"454\" \/>\n\t<meta property=\"og:image:height\" content=\"640\" \/>\n\t<meta property=\"og:image:type\" content=\"image\/jpeg\" \/>\n<meta name=\"twitter:card\" content=\"summary_large_image\" \/>\n<meta name=\"twitter:label1\" content=\"Est. reading time\" \/>\n\t<meta name=\"twitter:data1\" content=\"1 minute\" \/>\n<script type=\"application\/ld+json\" class=\"yoast-schema-graph\">{\"@context\":\"https:\/\/schema.org\",\"@graph\":[{\"@type\":\"WebPage\",\"@id\":\"https:\/\/shop.verlag.uni-potsdam.de\/en\/shop\/sport-als-thema-im-deutschunterricht\/\",\"url\":\"https:\/\/shop.verlag.uni-potsdam.de\/en\/shop\/sport-als-thema-im-deutschunterricht\/\",\"name\":\"Sport als Thema im Deutschunterricht - Universit\u00e4tsverlag Potsdam\",\"isPartOf\":{\"@id\":\"https:\/\/shop.verlag.uni-potsdam.de\/en\/#website\"},\"primaryImageOfPage\":{\"@id\":\"https:\/\/shop.verlag.uni-potsdam.de\/en\/shop\/sport-als-thema-im-deutschunterricht\/#primaryimage\"},\"image\":{\"@id\":\"https:\/\/shop.verlag.uni-potsdam.de\/shop\/sport-als-thema-im-deutschunterricht\/#primaryimage\"},\"thumbnailUrl\":\"https:\/\/shop.verlag.uni-potsdam.de\/wp-content\/uploads\/asolmerce\/image-9783869563817.jpg\",\"datePublished\":\"2026-04-27T05:30:43+00:00\",\"dateModified\":\"2026-04-27T07:31:44+00:00\",\"breadcrumb\":{\"@id\":\"https:\/\/shop.verlag.uni-potsdam.de\/en\/shop\/sport-als-thema-im-deutschunterricht\/#breadcrumb\"},\"inLanguage\":\"en-US\",\"potentialAction\":[{\"@type\":\"ReadAction\",\"target\":[[\"https:\/\/shop.verlag.uni-potsdam.de\/en\/shop\/sport-als-thema-im-deutschunterricht\/\"]]}]},{\"@type\":\"ImageObject\",\"inLanguage\":\"en-US\",\"@id\":\"https:\/\/shop.verlag.uni-potsdam.de\/en\/shop\/sport-als-thema-im-deutschunterricht\/#primaryimage\",\"url\":\"https:\/\/shop.verlag.uni-potsdam.de\/wp-content\/uploads\/asolmerce\/image-9783869563817.jpg\",\"contentUrl\":\"https:\/\/shop.verlag.uni-potsdam.de\/wp-content\/uploads\/asolmerce\/image-9783869563817.jpg\",\"width\":454,\"height\":640},{\"@type\":\"BreadcrumbList\",\"@id\":\"https:\/\/shop.verlag.uni-potsdam.de\/en\/shop\/sport-als-thema-im-deutschunterricht\/#breadcrumb\",\"itemListElement\":[{\"@type\":\"ListItem\",\"position\":1,\"name\":\"Startseite\",\"item\":\"https:\/\/shop.verlag.uni-potsdam.de\/en\/\"},{\"@type\":\"ListItem\",\"position\":2,\"name\":\"Shop\",\"item\":\"https:\/\/shop.verlag.uni-potsdam.de\/en\/shop\/\"},{\"@type\":\"ListItem\",\"position\":3,\"name\":\"Sport als Thema im Deutschunterricht\"}]},{\"@type\":\"WebSite\",\"@id\":\"https:\/\/shop.verlag.uni-potsdam.de\/en\/#website\",\"url\":\"https:\/\/shop.verlag.uni-potsdam.de\/en\/\",\"name\":\"Universit\u00e4tsverlag Potsdam\",\"description\":\"\",\"publisher\":{\"@id\":\"https:\/\/shop.verlag.uni-potsdam.de\/en\/#organization\"},\"potentialAction\":[{\"@type\":\"SearchAction\",\"target\":{\"@type\":\"EntryPoint\",\"urlTemplate\":\"https:\/\/shop.verlag.uni-potsdam.de\/en\/?s={search_term_string}\"},\"query-input\":{\"@type\":\"PropertyValueSpecification\",\"valueRequired\":true,\"valueName\":\"search_term_string\"}}],\"inLanguage\":\"en-US\"},{\"@type\":\"Organization\",\"@id\":\"https:\/\/shop.verlag.uni-potsdam.de\/en\/#organization\",\"name\":\"Universit\u00e4tsverlag Potsdam\",\"url\":\"https:\/\/shop.verlag.uni-potsdam.de\/en\/\",\"logo\":{\"@type\":\"ImageObject\",\"inLanguage\":\"en-US\",\"@id\":\"https:\/\/shop.verlag.uni-potsdam.de\/en\/#\/schema\/logo\/image\/\",\"url\":\"https:\/\/shop.verlag.uni-potsdam.de\/wp-content\/uploads\/2017\/04\/up_logo_university_2.png\",\"contentUrl\":\"https:\/\/shop.verlag.uni-potsdam.de\/wp-content\/uploads\/2017\/04\/up_logo_university_2.png\",\"width\":160,\"height\":172,\"caption\":\"Universit\u00e4tsverlag Potsdam\"},\"image\":{\"@id\":\"https:\/\/shop.verlag.uni-potsdam.de\/en\/#\/schema\/logo\/image\/\"}}]}<\/script>\n<!-- \/ Yoast SEO plugin. -->","yoast_head_json":{"title":"Sport als Thema im Deutschunterricht - Universit\u00e4tsverlag Potsdam","robots":{"index":"index","follow":"follow","max-snippet":"max-snippet:-1","max-image-preview":"max-image-preview:large","max-video-preview":"max-video-preview:-1"},"canonical":"https:\/\/shop.verlag.uni-potsdam.de\/en\/shop\/sport-als-thema-im-deutschunterricht\/","og_locale":"en_US","og_type":"article","og_title":"Sport als Thema im Deutschunterricht - Universit\u00e4tsverlag Potsdam","og_description":"Ein Deutschunterricht, der die Alltags- und Medienkultur der Sch\u00fcler und Sch\u00fclerinnen ernst nimmt, darf Sporttexte nicht unber\u00fccksichtigt lassen. Zu sehr ist der Sport in all seinen Facetten Teil der Lebenswelt vieler Sch\u00fclerinnen und Sch\u00fcler geworden. Die Frage ist nicht mehr, ob der Deutschunterricht darauf zu reagieren hat, die Frage ist vielmehr, wie er dies tun und welche Sporttexte er dabei nutzen kann. Auch wenn die Suche nach sinnvollen Bez\u00fcgen zwischen Sport und Deutschunterricht schon seit l\u00e4ngerem intensiv betrieben wird, offenbart das vielschichtige Kulturph\u00e4nomen \u201eSport\u201c immer wieder neue interessante Seiten, die es lohnen, fachdidaktisch behandelt zu werden. Die zehn Beitr\u00e4ge in diesem Band verstehen sich als Unterrichtsanregungen f\u00fcr den kompetenzorientierten Deutschunterricht. Sie bedienen Betrachtungen zum Sport aus literarischer, sprachlicher und medialer Perspektive. Die theoretisch-begrifflichen Aspekte der jeweiligen Themen werden soweit behandelt, wie sie f\u00fcr das Verst\u00e4ndnis erforderlich sind. Im Zentrum vieler Beitr\u00e4ge stehen Unterrichtsszenarien mit kommentierten Texten und Aufgaben, die f\u00fcr die Unterrichtsvorbereitung oder f\u00fcr den Unterricht selbst genutzt werden k\u00f6nnen.","og_url":"https:\/\/shop.verlag.uni-potsdam.de\/en\/shop\/sport-als-thema-im-deutschunterricht\/","og_site_name":"Universit\u00e4tsverlag Potsdam","article_modified_time":"2026-04-27T07:31:44+00:00","og_image":[{"width":454,"height":640,"url":"https:\/\/shop.verlag.uni-potsdam.de\/wp-content\/uploads\/asolmerce\/image-9783869563817.jpg","type":"image\/jpeg"}],"twitter_card":"summary_large_image","twitter_misc":{"Est. reading time":"1 minute"},"schema":{"@context":"https:\/\/schema.org","@graph":[{"@type":"WebPage","@id":"https:\/\/shop.verlag.uni-potsdam.de\/en\/shop\/sport-als-thema-im-deutschunterricht\/","url":"https:\/\/shop.verlag.uni-potsdam.de\/en\/shop\/sport-als-thema-im-deutschunterricht\/","name":"Sport als Thema im Deutschunterricht - Universit\u00e4tsverlag Potsdam","isPartOf":{"@id":"https:\/\/shop.verlag.uni-potsdam.de\/en\/#website"},"primaryImageOfPage":{"@id":"https:\/\/shop.verlag.uni-potsdam.de\/en\/shop\/sport-als-thema-im-deutschunterricht\/#primaryimage"},"image":{"@id":"https:\/\/shop.verlag.uni-potsdam.de\/shop\/sport-als-thema-im-deutschunterricht\/#primaryimage"},"thumbnailUrl":"https:\/\/shop.verlag.uni-potsdam.de\/wp-content\/uploads\/asolmerce\/image-9783869563817.jpg","datePublished":"2026-04-27T05:30:43+00:00","dateModified":"2026-04-27T07:31:44+00:00","breadcrumb":{"@id":"https:\/\/shop.verlag.uni-potsdam.de\/en\/shop\/sport-als-thema-im-deutschunterricht\/#breadcrumb"},"inLanguage":"en-US","potentialAction":[{"@type":"ReadAction","target":[["https:\/\/shop.verlag.uni-potsdam.de\/en\/shop\/sport-als-thema-im-deutschunterricht\/"]]}]},{"@type":"ImageObject","inLanguage":"en-US","@id":"https:\/\/shop.verlag.uni-potsdam.de\/en\/shop\/sport-als-thema-im-deutschunterricht\/#primaryimage","url":"https:\/\/shop.verlag.uni-potsdam.de\/wp-content\/uploads\/asolmerce\/image-9783869563817.jpg","contentUrl":"https:\/\/shop.verlag.uni-potsdam.de\/wp-content\/uploads\/asolmerce\/image-9783869563817.jpg","width":454,"height":640},{"@type":"BreadcrumbList","@id":"https:\/\/shop.verlag.uni-potsdam.de\/en\/shop\/sport-als-thema-im-deutschunterricht\/#breadcrumb","itemListElement":[{"@type":"ListItem","position":1,"name":"Startseite","item":"https:\/\/shop.verlag.uni-potsdam.de\/en\/"},{"@type":"ListItem","position":2,"name":"Shop","item":"https:\/\/shop.verlag.uni-potsdam.de\/en\/shop\/"},{"@type":"ListItem","position":3,"name":"Sport als Thema im Deutschunterricht"}]},{"@type":"WebSite","@id":"https:\/\/shop.verlag.uni-potsdam.de\/en\/#website","url":"https:\/\/shop.verlag.uni-potsdam.de\/en\/","name":"Universit\u00e4tsverlag Potsdam","description":"","publisher":{"@id":"https:\/\/shop.verlag.uni-potsdam.de\/en\/#organization"},"potentialAction":[{"@type":"SearchAction","target":{"@type":"EntryPoint","urlTemplate":"https:\/\/shop.verlag.uni-potsdam.de\/en\/?s={search_term_string}"},"query-input":{"@type":"PropertyValueSpecification","valueRequired":true,"valueName":"search_term_string"}}],"inLanguage":"en-US"},{"@type":"Organization","@id":"https:\/\/shop.verlag.uni-potsdam.de\/en\/#organization","name":"Universit\u00e4tsverlag Potsdam","url":"https:\/\/shop.verlag.uni-potsdam.de\/en\/","logo":{"@type":"ImageObject","inLanguage":"en-US","@id":"https:\/\/shop.verlag.uni-potsdam.de\/en\/#\/schema\/logo\/image\/","url":"https:\/\/shop.verlag.uni-potsdam.de\/wp-content\/uploads\/2017\/04\/up_logo_university_2.png","contentUrl":"https:\/\/shop.verlag.uni-potsdam.de\/wp-content\/uploads\/2017\/04\/up_logo_university_2.png","width":160,"height":172,"caption":"Universit\u00e4tsverlag Potsdam"},"image":{"@id":"https:\/\/shop.verlag.uni-potsdam.de\/en\/#\/schema\/logo\/image\/"}}]}},"_links":{"self":[{"href":"https:\/\/shop.verlag.uni-potsdam.de\/en\/wp-json\/wp\/v2\/product\/51626","targetHints":{"allow":["GET"]}}],"collection":[{"href":"https:\/\/shop.verlag.uni-potsdam.de\/en\/wp-json\/wp\/v2\/product"}],"about":[{"href":"https:\/\/shop.verlag.uni-potsdam.de\/en\/wp-json\/wp\/v2\/types\/product"}],"wp:featuredmedia":[{"embeddable":true,"href":"https:\/\/shop.verlag.uni-potsdam.de\/en\/wp-json\/wp\/v2\/media\/54204"}],"wp:attachment":[{"href":"https:\/\/shop.verlag.uni-potsdam.de\/en\/wp-json\/wp\/v2\/media?parent=51626"}],"wp:term":[{"taxonomy":"product_brand","embeddable":true,"href":"https:\/\/shop.verlag.uni-potsdam.de\/en\/wp-json\/wp\/v2\/product_brand?post=51626"},{"taxonomy":"product_cat","embeddable":true,"href":"https:\/\/shop.verlag.uni-potsdam.de\/en\/wp-json\/wp\/v2\/product_cat?post=51626"},{"taxonomy":"product_tag","embeddable":true,"href":"https:\/\/shop.verlag.uni-potsdam.de\/en\/wp-json\/wp\/v2\/product_tag?post=51626"}],"curies":[{"name":"wp","href":"https:\/\/api.w.org\/{rel}","templated":true}]}}