{"id":51627,"date":"2026-03-23T08:54:14","date_gmt":"2026-03-23T08:54:14","guid":{"rendered":"http:\/\/shop.verlag.uni-potsdam.de\/produkt\/andrej-tarkovskij-klassiker-klassik-classic-classico-bd-2\/"},"modified":"2026-03-23T11:55:14","modified_gmt":"2026-03-23T10:55:14","slug":"andrej-tarkovskij-klassiker-%d0%ba%d0%bb%d0%b0%d1%81%d1%81%d0%b8%d0%ba-classic-classico","status":"publish","type":"product","link":"https:\/\/shop.verlag.uni-potsdam.de\/en\/shop\/andrej-tarkovskij-klassiker-%d0%ba%d0%bb%d0%b0%d1%81%d1%81%d0%b8%d0%ba-classic-classico\/","title":{"rendered":"Andrej Tarkovskij: Klassiker \u2013 \u041a\u043b\u0430\u0441\u0441\u0438\u043a \u2013 Classic \u2013 Classico"},"content":{"rendered":"<p class=\"qtranxs-available-languages-message qtranxs-available-languages-message-en\">Sorry, this entry is only available in <a href=\"https:\/\/shop.verlag.uni-potsdam.de\/de\/wp-json\/wp\/v2\/product\/51627\" class=\"qtranxs-available-language-link qtranxs-available-language-link-de\" title=\"Deutsch\">Deutsch<\/a>.<\/p><p>Vom 18. bis 20. September 2014 versammelten sich an der Universit\u00e4t Potsdam kultur- und filmwissenschaftlich arbeitende Wissenschaftler zu einem Andrej Tarkovskij gewidmeten Symposium, dem ersten internationalen. Die 25 Teilnehmer kamen n\u00e4mlich aus neun L\u00e4ndern. Dadurch, dass nicht wenige auch eine \u2013 wie man heute sagt \u2013 \u201eMigrationsbiographie\u201c haben, potenzierte sich die durch die jeweils unterschiedliche Herkunft bedingte Multiperspektivik, zu der jedoch der Modus der Wissenschaftlichkeit ein deutlich relativierendes Korrektiv bildet. Der vorliegende Band enth\u00e4lt im Wesentlichen die dort vorgestellten Beitr\u00e4ge, aber auch die der Fachleute, die nicht pers\u00f6nlich hatten nach Potsdam kommen k\u00f6nnen.<\/p>","protected":false},"excerpt":{"rendered":"<p class=\"qtranxs-available-languages-message qtranxs-available-languages-message-en\">Sorry, this entry is only available in <a href=\"https:\/\/shop.verlag.uni-potsdam.de\/de\/wp-json\/wp\/v2\/product\/51627\" class=\"qtranxs-available-language-link qtranxs-available-language-link-de\" title=\"Deutsch\">Deutsch<\/a>.<\/p>\n<p>Vom 18. bis 20. September 2014 versammelten sich an der Universit\u00e4t Potsdam kultur- und filmwissenschaftlich arbeitende Wissenschaftler zu einem Andrej Tarkovskij gewidmeten Symposium, dem ersten internationalen. Die 25 Teilnehmer kamen n\u00e4mlich aus neun L\u00e4ndern. Dadurch, dass nicht wenige auch eine \u2013 wie man heute sagt \u2013 \u201eMigrationsbiographie\u201c haben, potenzierte sich die durch die jeweils unterschiedliche Herkunft bedingte Multiperspektivik, zu der jedoch der Modus der Wissenschaftlichkeit ein deutlich relativierendes Korrektiv bildet. Der vorliegende Band enth\u00e4lt im Wesentlichen die dort vorgestellten Beitr\u00e4ge, aber auch die der Fachleute, die nicht pers\u00f6nlich hatten nach Potsdam kommen k\u00f6nnen.<\/p>\n","protected":false},"featured_media":54202,"template":"","meta":{"_acf_changed":false},"product_brand":[],"product_cat":[6213],"product_tag":[5260],"class_list":{"0":"post-51627","1":"product","2":"type-product","3":"status-publish","4":"has-post-thumbnail","6":"product_cat-kunst-web-kategorie","7":"product_tag-andrej-internationales-potsdam-tagungsband-tarkovskij-tarkovskij-symposium-universitaet","8":"autor-anna-rothkoegel","9":"autor-cornelia-martyn","10":"autor-dan-gorenstein","11":"autor-elena-dulgheru","12":"autor-eva-binder","13":"autor-hans-joachim-schlegel","14":"autor-jonathan-keir","15":"autor-manuele-cecconello","16":"autor-natascha-drubek","17":"autor-natasha-synessios","18":"autor-norbert-franz","19":"autor-robert-efird","21":"first","22":"instock","23":"shipping-taxable","24":"purchasable","25":"product-type-simple"},"acf":[],"yoast_head":"<!-- This site is optimized with the Yoast SEO plugin v27.1.1 - https:\/\/yoast.com\/product\/yoast-seo-wordpress\/ -->\n<title>Andrej Tarkovskij: Klassiker \u2013 \u041a\u043b\u0430\u0441\u0441\u0438\u043a \u2013 Classic \u2013 Classico - Universit\u00e4tsverlag Potsdam<\/title>\n<meta name=\"robots\" content=\"index, follow, max-snippet:-1, max-image-preview:large, max-video-preview:-1\" \/>\n<link rel=\"canonical\" href=\"https:\/\/shop.verlag.uni-potsdam.de\/en\/shop\/andrej-tarkovskij-klassiker-\u043a\u043b\u0430\u0441\u0441\u0438\u043a-classic-classico\/\" \/>\n<meta property=\"og:locale\" content=\"en_US\" \/>\n<meta property=\"og:type\" content=\"article\" \/>\n<meta property=\"og:title\" content=\"Andrej Tarkovskij: Klassiker \u2013 \u041a\u043b\u0430\u0441\u0441\u0438\u043a \u2013 Classic \u2013 Classico - Universit\u00e4tsverlag Potsdam\" \/>\n<meta property=\"og:description\" content=\"Vom 18. bis 20. September 2014 versammelten sich an der Universit\u00e4t Potsdam kultur- und filmwissenschaftlich arbeitende Wissenschaftler zu einem Andrej Tarkovskij gewidmeten Symposium, dem ersten internationalen. Die 25 Teilnehmer kamen n\u00e4mlich aus neun L\u00e4ndern. Dadurch, dass nicht wenige auch eine \u2013 wie man heute sagt \u2013 \u201eMigrationsbiographie\u201c haben, potenzierte sich die durch die jeweils unterschiedliche Herkunft bedingte Multiperspektivik, zu der jedoch der Modus der Wissenschaftlichkeit ein deutlich relativierendes Korrektiv bildet. Der vorliegende Band enth\u00e4lt im Wesentlichen die dort vorgestellten Beitr\u00e4ge, aber auch die der Fachleute, die nicht pers\u00f6nlich hatten nach Potsdam kommen k\u00f6nnen.\" \/>\n<meta property=\"og:url\" content=\"https:\/\/shop.verlag.uni-potsdam.de\/en\/shop\/andrej-tarkovskij-klassiker-\u043a\u043b\u0430\u0441\u0441\u0438\u043a-classic-classico\/\" \/>\n<meta property=\"og:site_name\" content=\"Universit\u00e4tsverlag Potsdam\" \/>\n<meta property=\"article:modified_time\" content=\"2026-03-23T10:55:14+00:00\" \/>\n<meta property=\"og:image\" content=\"https:\/\/shop.verlag.uni-potsdam.de\/wp-content\/uploads\/asolmerce\/image-9783869563527.jpg\" \/>\n\t<meta property=\"og:image:width\" content=\"454\" \/>\n\t<meta property=\"og:image:height\" content=\"640\" \/>\n\t<meta property=\"og:image:type\" content=\"image\/jpeg\" \/>\n<meta name=\"twitter:card\" content=\"summary_large_image\" \/>\n<script type=\"application\/ld+json\" class=\"yoast-schema-graph\">{\"@context\":\"https:\/\/schema.org\",\"@graph\":[{\"@type\":\"WebPage\",\"@id\":\"https:\/\/shop.verlag.uni-potsdam.de\/en\/shop\/andrej-tarkovskij-klassiker-%d0%ba%d0%bb%d0%b0%d1%81%d1%81%d0%b8%d0%ba-classic-classico\/\",\"url\":\"https:\/\/shop.verlag.uni-potsdam.de\/en\/shop\/andrej-tarkovskij-klassiker-%d0%ba%d0%bb%d0%b0%d1%81%d1%81%d0%b8%d0%ba-classic-classico\/\",\"name\":\"Andrej Tarkovskij: Klassiker \u2013 \u041a\u043b\u0430\u0441\u0441\u0438\u043a \u2013 Classic \u2013 Classico - Universit\u00e4tsverlag Potsdam\",\"isPartOf\":{\"@id\":\"https:\/\/shop.verlag.uni-potsdam.de\/en\/#website\"},\"primaryImageOfPage\":{\"@id\":\"https:\/\/shop.verlag.uni-potsdam.de\/en\/shop\/andrej-tarkovskij-klassiker-%d0%ba%d0%bb%d0%b0%d1%81%d1%81%d0%b8%d0%ba-classic-classico\/#primaryimage\"},\"image\":{\"@id\":\"https:\/\/shop.verlag.uni-potsdam.de\/shop\/andrej-tarkovskij-klassiker-%d0%ba%d0%bb%d0%b0%d1%81%d1%81%d0%b8%d0%ba-classic-classico\/#primaryimage\"},\"thumbnailUrl\":\"https:\/\/shop.verlag.uni-potsdam.de\/wp-content\/uploads\/asolmerce\/image-9783869563527.jpg\",\"datePublished\":\"2026-03-23T08:54:14+00:00\",\"dateModified\":\"2026-03-23T10:55:14+00:00\",\"breadcrumb\":{\"@id\":\"https:\/\/shop.verlag.uni-potsdam.de\/en\/shop\/andrej-tarkovskij-klassiker-%d0%ba%d0%bb%d0%b0%d1%81%d1%81%d0%b8%d0%ba-classic-classico\/#breadcrumb\"},\"inLanguage\":\"en-US\",\"potentialAction\":[{\"@type\":\"ReadAction\",\"target\":[[\"https:\/\/shop.verlag.uni-potsdam.de\/en\/shop\/andrej-tarkovskij-klassiker-%d0%ba%d0%bb%d0%b0%d1%81%d1%81%d0%b8%d0%ba-classic-classico\/\"]]}]},{\"@type\":\"ImageObject\",\"inLanguage\":\"en-US\",\"@id\":\"https:\/\/shop.verlag.uni-potsdam.de\/en\/shop\/andrej-tarkovskij-klassiker-%d0%ba%d0%bb%d0%b0%d1%81%d1%81%d0%b8%d0%ba-classic-classico\/#primaryimage\",\"url\":\"https:\/\/shop.verlag.uni-potsdam.de\/wp-content\/uploads\/asolmerce\/image-9783869563527.jpg\",\"contentUrl\":\"https:\/\/shop.verlag.uni-potsdam.de\/wp-content\/uploads\/asolmerce\/image-9783869563527.jpg\",\"width\":454,\"height\":640},{\"@type\":\"BreadcrumbList\",\"@id\":\"https:\/\/shop.verlag.uni-potsdam.de\/en\/shop\/andrej-tarkovskij-klassiker-%d0%ba%d0%bb%d0%b0%d1%81%d1%81%d0%b8%d0%ba-classic-classico\/#breadcrumb\",\"itemListElement\":[{\"@type\":\"ListItem\",\"position\":1,\"name\":\"Startseite\",\"item\":\"https:\/\/shop.verlag.uni-potsdam.de\/en\/\"},{\"@type\":\"ListItem\",\"position\":2,\"name\":\"Shop\",\"item\":\"https:\/\/shop.verlag.uni-potsdam.de\/en\/shop\/\"},{\"@type\":\"ListItem\",\"position\":3,\"name\":\"Andrej Tarkovskij: Klassiker \u2013 \u041a\u043b\u0430\u0441\u0441\u0438\u043a \u2013 Classic \u2013 Classico\"}]},{\"@type\":\"WebSite\",\"@id\":\"https:\/\/shop.verlag.uni-potsdam.de\/en\/#website\",\"url\":\"https:\/\/shop.verlag.uni-potsdam.de\/en\/\",\"name\":\"Universit\u00e4tsverlag Potsdam\",\"description\":\"\",\"publisher\":{\"@id\":\"https:\/\/shop.verlag.uni-potsdam.de\/en\/#organization\"},\"potentialAction\":[{\"@type\":\"SearchAction\",\"target\":{\"@type\":\"EntryPoint\",\"urlTemplate\":\"https:\/\/shop.verlag.uni-potsdam.de\/en\/?s={search_term_string}\"},\"query-input\":{\"@type\":\"PropertyValueSpecification\",\"valueRequired\":true,\"valueName\":\"search_term_string\"}}],\"inLanguage\":\"en-US\"},{\"@type\":\"Organization\",\"@id\":\"https:\/\/shop.verlag.uni-potsdam.de\/en\/#organization\",\"name\":\"Universit\u00e4tsverlag Potsdam\",\"url\":\"https:\/\/shop.verlag.uni-potsdam.de\/en\/\",\"logo\":{\"@type\":\"ImageObject\",\"inLanguage\":\"en-US\",\"@id\":\"https:\/\/shop.verlag.uni-potsdam.de\/en\/#\/schema\/logo\/image\/\",\"url\":\"https:\/\/shop.verlag.uni-potsdam.de\/wp-content\/uploads\/2017\/04\/up_logo_university_2.png\",\"contentUrl\":\"https:\/\/shop.verlag.uni-potsdam.de\/wp-content\/uploads\/2017\/04\/up_logo_university_2.png\",\"width\":160,\"height\":172,\"caption\":\"Universit\u00e4tsverlag Potsdam\"},\"image\":{\"@id\":\"https:\/\/shop.verlag.uni-potsdam.de\/en\/#\/schema\/logo\/image\/\"}}]}<\/script>\n<!-- \/ Yoast SEO plugin. -->","yoast_head_json":{"title":"Andrej Tarkovskij: Klassiker \u2013 \u041a\u043b\u0430\u0441\u0441\u0438\u043a \u2013 Classic \u2013 Classico - Universit\u00e4tsverlag Potsdam","robots":{"index":"index","follow":"follow","max-snippet":"max-snippet:-1","max-image-preview":"max-image-preview:large","max-video-preview":"max-video-preview:-1"},"canonical":"https:\/\/shop.verlag.uni-potsdam.de\/en\/shop\/andrej-tarkovskij-klassiker-\u043a\u043b\u0430\u0441\u0441\u0438\u043a-classic-classico\/","og_locale":"en_US","og_type":"article","og_title":"Andrej Tarkovskij: Klassiker \u2013 \u041a\u043b\u0430\u0441\u0441\u0438\u043a \u2013 Classic \u2013 Classico - Universit\u00e4tsverlag Potsdam","og_description":"Vom 18. bis 20. September 2014 versammelten sich an der Universit\u00e4t Potsdam kultur- und filmwissenschaftlich arbeitende Wissenschaftler zu einem Andrej Tarkovskij gewidmeten Symposium, dem ersten internationalen. Die 25 Teilnehmer kamen n\u00e4mlich aus neun L\u00e4ndern. Dadurch, dass nicht wenige auch eine \u2013 wie man heute sagt \u2013 \u201eMigrationsbiographie\u201c haben, potenzierte sich die durch die jeweils unterschiedliche Herkunft bedingte Multiperspektivik, zu der jedoch der Modus der Wissenschaftlichkeit ein deutlich relativierendes Korrektiv bildet. Der vorliegende Band enth\u00e4lt im Wesentlichen die dort vorgestellten Beitr\u00e4ge, aber auch die der Fachleute, die nicht pers\u00f6nlich hatten nach Potsdam kommen k\u00f6nnen.","og_url":"https:\/\/shop.verlag.uni-potsdam.de\/en\/shop\/andrej-tarkovskij-klassiker-\u043a\u043b\u0430\u0441\u0441\u0438\u043a-classic-classico\/","og_site_name":"Universit\u00e4tsverlag Potsdam","article_modified_time":"2026-03-23T10:55:14+00:00","og_image":[{"width":454,"height":640,"url":"https:\/\/shop.verlag.uni-potsdam.de\/wp-content\/uploads\/asolmerce\/image-9783869563527.jpg","type":"image\/jpeg"}],"twitter_card":"summary_large_image","schema":{"@context":"https:\/\/schema.org","@graph":[{"@type":"WebPage","@id":"https:\/\/shop.verlag.uni-potsdam.de\/en\/shop\/andrej-tarkovskij-klassiker-%d0%ba%d0%bb%d0%b0%d1%81%d1%81%d0%b8%d0%ba-classic-classico\/","url":"https:\/\/shop.verlag.uni-potsdam.de\/en\/shop\/andrej-tarkovskij-klassiker-%d0%ba%d0%bb%d0%b0%d1%81%d1%81%d0%b8%d0%ba-classic-classico\/","name":"Andrej Tarkovskij: Klassiker \u2013 \u041a\u043b\u0430\u0441\u0441\u0438\u043a \u2013 Classic \u2013 Classico - Universit\u00e4tsverlag Potsdam","isPartOf":{"@id":"https:\/\/shop.verlag.uni-potsdam.de\/en\/#website"},"primaryImageOfPage":{"@id":"https:\/\/shop.verlag.uni-potsdam.de\/en\/shop\/andrej-tarkovskij-klassiker-%d0%ba%d0%bb%d0%b0%d1%81%d1%81%d0%b8%d0%ba-classic-classico\/#primaryimage"},"image":{"@id":"https:\/\/shop.verlag.uni-potsdam.de\/shop\/andrej-tarkovskij-klassiker-%d0%ba%d0%bb%d0%b0%d1%81%d1%81%d0%b8%d0%ba-classic-classico\/#primaryimage"},"thumbnailUrl":"https:\/\/shop.verlag.uni-potsdam.de\/wp-content\/uploads\/asolmerce\/image-9783869563527.jpg","datePublished":"2026-03-23T08:54:14+00:00","dateModified":"2026-03-23T10:55:14+00:00","breadcrumb":{"@id":"https:\/\/shop.verlag.uni-potsdam.de\/en\/shop\/andrej-tarkovskij-klassiker-%d0%ba%d0%bb%d0%b0%d1%81%d1%81%d0%b8%d0%ba-classic-classico\/#breadcrumb"},"inLanguage":"en-US","potentialAction":[{"@type":"ReadAction","target":[["https:\/\/shop.verlag.uni-potsdam.de\/en\/shop\/andrej-tarkovskij-klassiker-%d0%ba%d0%bb%d0%b0%d1%81%d1%81%d0%b8%d0%ba-classic-classico\/"]]}]},{"@type":"ImageObject","inLanguage":"en-US","@id":"https:\/\/shop.verlag.uni-potsdam.de\/en\/shop\/andrej-tarkovskij-klassiker-%d0%ba%d0%bb%d0%b0%d1%81%d1%81%d0%b8%d0%ba-classic-classico\/#primaryimage","url":"https:\/\/shop.verlag.uni-potsdam.de\/wp-content\/uploads\/asolmerce\/image-9783869563527.jpg","contentUrl":"https:\/\/shop.verlag.uni-potsdam.de\/wp-content\/uploads\/asolmerce\/image-9783869563527.jpg","width":454,"height":640},{"@type":"BreadcrumbList","@id":"https:\/\/shop.verlag.uni-potsdam.de\/en\/shop\/andrej-tarkovskij-klassiker-%d0%ba%d0%bb%d0%b0%d1%81%d1%81%d0%b8%d0%ba-classic-classico\/#breadcrumb","itemListElement":[{"@type":"ListItem","position":1,"name":"Startseite","item":"https:\/\/shop.verlag.uni-potsdam.de\/en\/"},{"@type":"ListItem","position":2,"name":"Shop","item":"https:\/\/shop.verlag.uni-potsdam.de\/en\/shop\/"},{"@type":"ListItem","position":3,"name":"Andrej Tarkovskij: Klassiker \u2013 \u041a\u043b\u0430\u0441\u0441\u0438\u043a \u2013 Classic \u2013 Classico"}]},{"@type":"WebSite","@id":"https:\/\/shop.verlag.uni-potsdam.de\/en\/#website","url":"https:\/\/shop.verlag.uni-potsdam.de\/en\/","name":"Universit\u00e4tsverlag Potsdam","description":"","publisher":{"@id":"https:\/\/shop.verlag.uni-potsdam.de\/en\/#organization"},"potentialAction":[{"@type":"SearchAction","target":{"@type":"EntryPoint","urlTemplate":"https:\/\/shop.verlag.uni-potsdam.de\/en\/?s={search_term_string}"},"query-input":{"@type":"PropertyValueSpecification","valueRequired":true,"valueName":"search_term_string"}}],"inLanguage":"en-US"},{"@type":"Organization","@id":"https:\/\/shop.verlag.uni-potsdam.de\/en\/#organization","name":"Universit\u00e4tsverlag Potsdam","url":"https:\/\/shop.verlag.uni-potsdam.de\/en\/","logo":{"@type":"ImageObject","inLanguage":"en-US","@id":"https:\/\/shop.verlag.uni-potsdam.de\/en\/#\/schema\/logo\/image\/","url":"https:\/\/shop.verlag.uni-potsdam.de\/wp-content\/uploads\/2017\/04\/up_logo_university_2.png","contentUrl":"https:\/\/shop.verlag.uni-potsdam.de\/wp-content\/uploads\/2017\/04\/up_logo_university_2.png","width":160,"height":172,"caption":"Universit\u00e4tsverlag Potsdam"},"image":{"@id":"https:\/\/shop.verlag.uni-potsdam.de\/en\/#\/schema\/logo\/image\/"}}]}},"_links":{"self":[{"href":"https:\/\/shop.verlag.uni-potsdam.de\/en\/wp-json\/wp\/v2\/product\/51627","targetHints":{"allow":["GET"]}}],"collection":[{"href":"https:\/\/shop.verlag.uni-potsdam.de\/en\/wp-json\/wp\/v2\/product"}],"about":[{"href":"https:\/\/shop.verlag.uni-potsdam.de\/en\/wp-json\/wp\/v2\/types\/product"}],"wp:featuredmedia":[{"embeddable":true,"href":"https:\/\/shop.verlag.uni-potsdam.de\/en\/wp-json\/wp\/v2\/media\/54202"}],"wp:attachment":[{"href":"https:\/\/shop.verlag.uni-potsdam.de\/en\/wp-json\/wp\/v2\/media?parent=51627"}],"wp:term":[{"taxonomy":"product_brand","embeddable":true,"href":"https:\/\/shop.verlag.uni-potsdam.de\/en\/wp-json\/wp\/v2\/product_brand?post=51627"},{"taxonomy":"product_cat","embeddable":true,"href":"https:\/\/shop.verlag.uni-potsdam.de\/en\/wp-json\/wp\/v2\/product_cat?post=51627"},{"taxonomy":"product_tag","embeddable":true,"href":"https:\/\/shop.verlag.uni-potsdam.de\/en\/wp-json\/wp\/v2\/product_tag?post=51627"}],"curies":[{"name":"wp","href":"https:\/\/api.w.org\/{rel}","templated":true}]}}