{"id":51639,"date":"2026-03-23T08:54:08","date_gmt":"2026-03-23T08:54:08","guid":{"rendered":"http:\/\/shop.verlag.uni-potsdam.de\/produkt\/pardes-21-jesus-in-den-juedischen-kulturen-des-19-und-20-jahrhunderts\/"},"modified":"2026-03-23T11:55:08","modified_gmt":"2026-03-23T10:55:08","slug":"jesus-in-den-juedischen-kulturen-des-19-und-20-jahrhunderts-jesus-in-the-jewish-cultures-of-the-19th-and-20th-century","status":"publish","type":"product","link":"https:\/\/shop.verlag.uni-potsdam.de\/en\/shop\/jesus-in-den-juedischen-kulturen-des-19-und-20-jahrhunderts-jesus-in-the-jewish-cultures-of-the-19th-and-20th-century\/","title":{"rendered":"Jesus in den J\u00fcdischen Kulturen des 19. und 20. Jahrhunderts = Jesus in the Jewish Cultures of the 19th and 20th Century"},"content":{"rendered":"<p class=\"qtranxs-available-languages-message qtranxs-available-languages-message-en\">Sorry, this entry is only available in <a href=\"https:\/\/shop.verlag.uni-potsdam.de\/de\/wp-json\/wp\/v2\/product\/51639\" class=\"qtranxs-available-language-link qtranxs-available-language-link-de\" title=\"Deutsch\">Deutsch<\/a>.<\/p><p>PaRDeS. Zeitschrift der Vereinigung f\u00fcr J\u00fcdische Studien e.V., m\u00f6chte die fruchtbare und facettenreiche Kultur des Judentums sowie seine Ber\u00fchrungspunkte zur Umwelt in den unterschiedlichen Bereichen dokumentieren. Daneben dient die Zeitschrift als Forum zur Positionierung der F\u00e4cher J\u00fcdische Studien und Judaistik innerhalb des wissenschaftlichen Diskurses sowie zur Diskussion ihrer historischen und gesellschaftlichen Verantwortung.<\/p>","protected":false},"excerpt":{"rendered":"<p class=\"qtranxs-available-languages-message qtranxs-available-languages-message-en\">Sorry, this entry is only available in <a href=\"https:\/\/shop.verlag.uni-potsdam.de\/de\/wp-json\/wp\/v2\/product\/51639\" class=\"qtranxs-available-language-link qtranxs-available-language-link-de\" title=\"Deutsch\">Deutsch<\/a>.<\/p>\n<p>PaRDeS. Zeitschrift der Vereinigung f\u00fcr J\u00fcdische Studien e.V., m\u00f6chte die fruchtbare und facettenreiche Kultur des Judentums sowie seine Ber\u00fchrungspunkte zur Umwelt in den unterschiedlichen Bereichen dokumentieren. Daneben dient die Zeitschrift als Forum zur Positionierung der F\u00e4cher J\u00fcdische Studien und Judaistik innerhalb des wissenschaftlichen Diskurses sowie zur Diskussion ihrer historischen und gesellschaftlichen Verantwortung.<\/p>\n","protected":false},"featured_media":54166,"template":"","meta":{"_acf_changed":false},"product_brand":[],"product_cat":[6226],"product_tag":[5434],"class_list":{"0":"post-51639","1":"product","2":"type-product","3":"status-publish","4":"has-post-thumbnail","6":"product_cat-religion-theologie","7":"product_tag-jesus-judentum-juedische-neuzeit-religionen-studien","8":"autor-avidov-lipsker","9":"autor-michal-szulc","10":"autor-nathanael-riemer","11":"zeitschriften-pardes","13":"first","14":"instock","15":"shipping-taxable","16":"purchasable","17":"product-type-simple"},"acf":[],"yoast_head":"<!-- This site is optimized with the Yoast SEO plugin v27.1.1 - https:\/\/yoast.com\/product\/yoast-seo-wordpress\/ -->\n<title>Jesus in den J\u00fcdischen Kulturen des 19. und 20. Jahrhunderts = Jesus in the Jewish Cultures of the 19th and 20th Century - Universit\u00e4tsverlag Potsdam<\/title>\n<meta name=\"robots\" content=\"index, follow, max-snippet:-1, max-image-preview:large, max-video-preview:-1\" \/>\n<link rel=\"canonical\" href=\"https:\/\/shop.verlag.uni-potsdam.de\/en\/shop\/jesus-in-den-juedischen-kulturen-des-19-und-20-jahrhunderts-jesus-in-the-jewish-cultures-of-the-19th-and-20th-century\/\" \/>\n<meta property=\"og:locale\" content=\"en_US\" \/>\n<meta property=\"og:type\" content=\"article\" \/>\n<meta property=\"og:title\" content=\"Jesus in den J\u00fcdischen Kulturen des 19. und 20. Jahrhunderts = Jesus in the Jewish Cultures of the 19th and 20th Century - Universit\u00e4tsverlag Potsdam\" \/>\n<meta property=\"og:description\" content=\"PaRDeS. Zeitschrift der Vereinigung f\u00fcr J\u00fcdische Studien e.V., m\u00f6chte die fruchtbare und facettenreiche Kultur des Judentums sowie seine Ber\u00fchrungspunkte zur Umwelt in den unterschiedlichen Bereichen dokumentieren. Daneben dient die Zeitschrift als Forum zur Positionierung der F\u00e4cher J\u00fcdische Studien und Judaistik innerhalb des wissenschaftlichen Diskurses sowie zur Diskussion ihrer historischen und gesellschaftlichen Verantwortung.\" \/>\n<meta property=\"og:url\" content=\"https:\/\/shop.verlag.uni-potsdam.de\/en\/shop\/jesus-in-den-juedischen-kulturen-des-19-und-20-jahrhunderts-jesus-in-the-jewish-cultures-of-the-19th-and-20th-century\/\" \/>\n<meta property=\"og:site_name\" content=\"Universit\u00e4tsverlag Potsdam\" \/>\n<meta property=\"article:modified_time\" content=\"2026-03-23T10:55:08+00:00\" \/>\n<meta property=\"og:image\" content=\"https:\/\/shop.verlag.uni-potsdam.de\/wp-content\/uploads\/asolmerce\/image-9783869563312.jpg\" \/>\n\t<meta property=\"og:image:width\" content=\"452\" \/>\n\t<meta property=\"og:image:height\" content=\"640\" \/>\n\t<meta property=\"og:image:type\" content=\"image\/jpeg\" \/>\n<meta name=\"twitter:card\" content=\"summary_large_image\" \/>\n<script type=\"application\/ld+json\" class=\"yoast-schema-graph\">{\"@context\":\"https:\/\/schema.org\",\"@graph\":[{\"@type\":\"WebPage\",\"@id\":\"https:\/\/shop.verlag.uni-potsdam.de\/en\/shop\/jesus-in-den-juedischen-kulturen-des-19-und-20-jahrhunderts-jesus-in-the-jewish-cultures-of-the-19th-and-20th-century\/\",\"url\":\"https:\/\/shop.verlag.uni-potsdam.de\/en\/shop\/jesus-in-den-juedischen-kulturen-des-19-und-20-jahrhunderts-jesus-in-the-jewish-cultures-of-the-19th-and-20th-century\/\",\"name\":\"Jesus in den J\u00fcdischen Kulturen des 19. und 20. Jahrhunderts = Jesus in the Jewish Cultures of the 19th and 20th Century - Universit\u00e4tsverlag Potsdam\",\"isPartOf\":{\"@id\":\"https:\/\/shop.verlag.uni-potsdam.de\/en\/#website\"},\"primaryImageOfPage\":{\"@id\":\"https:\/\/shop.verlag.uni-potsdam.de\/en\/shop\/jesus-in-den-juedischen-kulturen-des-19-und-20-jahrhunderts-jesus-in-the-jewish-cultures-of-the-19th-and-20th-century\/#primaryimage\"},\"image\":{\"@id\":\"https:\/\/shop.verlag.uni-potsdam.de\/shop\/jesus-in-den-juedischen-kulturen-des-19-und-20-jahrhunderts-jesus-in-the-jewish-cultures-of-the-19th-and-20th-century\/#primaryimage\"},\"thumbnailUrl\":\"https:\/\/shop.verlag.uni-potsdam.de\/wp-content\/uploads\/asolmerce\/image-9783869563312.jpg\",\"datePublished\":\"2026-03-23T08:54:08+00:00\",\"dateModified\":\"2026-03-23T10:55:08+00:00\",\"breadcrumb\":{\"@id\":\"https:\/\/shop.verlag.uni-potsdam.de\/en\/shop\/jesus-in-den-juedischen-kulturen-des-19-und-20-jahrhunderts-jesus-in-the-jewish-cultures-of-the-19th-and-20th-century\/#breadcrumb\"},\"inLanguage\":\"en-US\",\"potentialAction\":[{\"@type\":\"ReadAction\",\"target\":[[\"https:\/\/shop.verlag.uni-potsdam.de\/en\/shop\/jesus-in-den-juedischen-kulturen-des-19-und-20-jahrhunderts-jesus-in-the-jewish-cultures-of-the-19th-and-20th-century\/\"]]}]},{\"@type\":\"ImageObject\",\"inLanguage\":\"en-US\",\"@id\":\"https:\/\/shop.verlag.uni-potsdam.de\/en\/shop\/jesus-in-den-juedischen-kulturen-des-19-und-20-jahrhunderts-jesus-in-the-jewish-cultures-of-the-19th-and-20th-century\/#primaryimage\",\"url\":\"https:\/\/shop.verlag.uni-potsdam.de\/wp-content\/uploads\/asolmerce\/image-9783869563312.jpg\",\"contentUrl\":\"https:\/\/shop.verlag.uni-potsdam.de\/wp-content\/uploads\/asolmerce\/image-9783869563312.jpg\",\"width\":452,\"height\":640},{\"@type\":\"BreadcrumbList\",\"@id\":\"https:\/\/shop.verlag.uni-potsdam.de\/en\/shop\/jesus-in-den-juedischen-kulturen-des-19-und-20-jahrhunderts-jesus-in-the-jewish-cultures-of-the-19th-and-20th-century\/#breadcrumb\",\"itemListElement\":[{\"@type\":\"ListItem\",\"position\":1,\"name\":\"Startseite\",\"item\":\"https:\/\/shop.verlag.uni-potsdam.de\/en\/\"},{\"@type\":\"ListItem\",\"position\":2,\"name\":\"Shop\",\"item\":\"https:\/\/shop.verlag.uni-potsdam.de\/en\/shop\/\"},{\"@type\":\"ListItem\",\"position\":3,\"name\":\"Jesus in den J\u00fcdischen Kulturen des 19. und 20. Jahrhunderts = Jesus in the Jewish Cultures of the 19th and 20th Century\"}]},{\"@type\":\"WebSite\",\"@id\":\"https:\/\/shop.verlag.uni-potsdam.de\/en\/#website\",\"url\":\"https:\/\/shop.verlag.uni-potsdam.de\/en\/\",\"name\":\"Universit\u00e4tsverlag Potsdam\",\"description\":\"\",\"publisher\":{\"@id\":\"https:\/\/shop.verlag.uni-potsdam.de\/en\/#organization\"},\"potentialAction\":[{\"@type\":\"SearchAction\",\"target\":{\"@type\":\"EntryPoint\",\"urlTemplate\":\"https:\/\/shop.verlag.uni-potsdam.de\/en\/?s={search_term_string}\"},\"query-input\":{\"@type\":\"PropertyValueSpecification\",\"valueRequired\":true,\"valueName\":\"search_term_string\"}}],\"inLanguage\":\"en-US\"},{\"@type\":\"Organization\",\"@id\":\"https:\/\/shop.verlag.uni-potsdam.de\/en\/#organization\",\"name\":\"Universit\u00e4tsverlag Potsdam\",\"url\":\"https:\/\/shop.verlag.uni-potsdam.de\/en\/\",\"logo\":{\"@type\":\"ImageObject\",\"inLanguage\":\"en-US\",\"@id\":\"https:\/\/shop.verlag.uni-potsdam.de\/en\/#\/schema\/logo\/image\/\",\"url\":\"https:\/\/shop.verlag.uni-potsdam.de\/wp-content\/uploads\/2017\/04\/up_logo_university_2.png\",\"contentUrl\":\"https:\/\/shop.verlag.uni-potsdam.de\/wp-content\/uploads\/2017\/04\/up_logo_university_2.png\",\"width\":160,\"height\":172,\"caption\":\"Universit\u00e4tsverlag Potsdam\"},\"image\":{\"@id\":\"https:\/\/shop.verlag.uni-potsdam.de\/en\/#\/schema\/logo\/image\/\"}}]}<\/script>\n<!-- \/ Yoast SEO plugin. -->","yoast_head_json":{"title":"Jesus in den J\u00fcdischen Kulturen des 19. und 20. Jahrhunderts = Jesus in the Jewish Cultures of the 19th and 20th Century - Universit\u00e4tsverlag Potsdam","robots":{"index":"index","follow":"follow","max-snippet":"max-snippet:-1","max-image-preview":"max-image-preview:large","max-video-preview":"max-video-preview:-1"},"canonical":"https:\/\/shop.verlag.uni-potsdam.de\/en\/shop\/jesus-in-den-juedischen-kulturen-des-19-und-20-jahrhunderts-jesus-in-the-jewish-cultures-of-the-19th-and-20th-century\/","og_locale":"en_US","og_type":"article","og_title":"Jesus in den J\u00fcdischen Kulturen des 19. und 20. Jahrhunderts = Jesus in the Jewish Cultures of the 19th and 20th Century - Universit\u00e4tsverlag Potsdam","og_description":"PaRDeS. Zeitschrift der Vereinigung f\u00fcr J\u00fcdische Studien e.V., m\u00f6chte die fruchtbare und facettenreiche Kultur des Judentums sowie seine Ber\u00fchrungspunkte zur Umwelt in den unterschiedlichen Bereichen dokumentieren. Daneben dient die Zeitschrift als Forum zur Positionierung der F\u00e4cher J\u00fcdische Studien und Judaistik innerhalb des wissenschaftlichen Diskurses sowie zur Diskussion ihrer historischen und gesellschaftlichen Verantwortung.","og_url":"https:\/\/shop.verlag.uni-potsdam.de\/en\/shop\/jesus-in-den-juedischen-kulturen-des-19-und-20-jahrhunderts-jesus-in-the-jewish-cultures-of-the-19th-and-20th-century\/","og_site_name":"Universit\u00e4tsverlag Potsdam","article_modified_time":"2026-03-23T10:55:08+00:00","og_image":[{"width":452,"height":640,"url":"https:\/\/shop.verlag.uni-potsdam.de\/wp-content\/uploads\/asolmerce\/image-9783869563312.jpg","type":"image\/jpeg"}],"twitter_card":"summary_large_image","schema":{"@context":"https:\/\/schema.org","@graph":[{"@type":"WebPage","@id":"https:\/\/shop.verlag.uni-potsdam.de\/en\/shop\/jesus-in-den-juedischen-kulturen-des-19-und-20-jahrhunderts-jesus-in-the-jewish-cultures-of-the-19th-and-20th-century\/","url":"https:\/\/shop.verlag.uni-potsdam.de\/en\/shop\/jesus-in-den-juedischen-kulturen-des-19-und-20-jahrhunderts-jesus-in-the-jewish-cultures-of-the-19th-and-20th-century\/","name":"Jesus in den J\u00fcdischen Kulturen des 19. und 20. Jahrhunderts = Jesus in the Jewish Cultures of the 19th and 20th Century - Universit\u00e4tsverlag Potsdam","isPartOf":{"@id":"https:\/\/shop.verlag.uni-potsdam.de\/en\/#website"},"primaryImageOfPage":{"@id":"https:\/\/shop.verlag.uni-potsdam.de\/en\/shop\/jesus-in-den-juedischen-kulturen-des-19-und-20-jahrhunderts-jesus-in-the-jewish-cultures-of-the-19th-and-20th-century\/#primaryimage"},"image":{"@id":"https:\/\/shop.verlag.uni-potsdam.de\/shop\/jesus-in-den-juedischen-kulturen-des-19-und-20-jahrhunderts-jesus-in-the-jewish-cultures-of-the-19th-and-20th-century\/#primaryimage"},"thumbnailUrl":"https:\/\/shop.verlag.uni-potsdam.de\/wp-content\/uploads\/asolmerce\/image-9783869563312.jpg","datePublished":"2026-03-23T08:54:08+00:00","dateModified":"2026-03-23T10:55:08+00:00","breadcrumb":{"@id":"https:\/\/shop.verlag.uni-potsdam.de\/en\/shop\/jesus-in-den-juedischen-kulturen-des-19-und-20-jahrhunderts-jesus-in-the-jewish-cultures-of-the-19th-and-20th-century\/#breadcrumb"},"inLanguage":"en-US","potentialAction":[{"@type":"ReadAction","target":[["https:\/\/shop.verlag.uni-potsdam.de\/en\/shop\/jesus-in-den-juedischen-kulturen-des-19-und-20-jahrhunderts-jesus-in-the-jewish-cultures-of-the-19th-and-20th-century\/"]]}]},{"@type":"ImageObject","inLanguage":"en-US","@id":"https:\/\/shop.verlag.uni-potsdam.de\/en\/shop\/jesus-in-den-juedischen-kulturen-des-19-und-20-jahrhunderts-jesus-in-the-jewish-cultures-of-the-19th-and-20th-century\/#primaryimage","url":"https:\/\/shop.verlag.uni-potsdam.de\/wp-content\/uploads\/asolmerce\/image-9783869563312.jpg","contentUrl":"https:\/\/shop.verlag.uni-potsdam.de\/wp-content\/uploads\/asolmerce\/image-9783869563312.jpg","width":452,"height":640},{"@type":"BreadcrumbList","@id":"https:\/\/shop.verlag.uni-potsdam.de\/en\/shop\/jesus-in-den-juedischen-kulturen-des-19-und-20-jahrhunderts-jesus-in-the-jewish-cultures-of-the-19th-and-20th-century\/#breadcrumb","itemListElement":[{"@type":"ListItem","position":1,"name":"Startseite","item":"https:\/\/shop.verlag.uni-potsdam.de\/en\/"},{"@type":"ListItem","position":2,"name":"Shop","item":"https:\/\/shop.verlag.uni-potsdam.de\/en\/shop\/"},{"@type":"ListItem","position":3,"name":"Jesus in den J\u00fcdischen Kulturen des 19. und 20. Jahrhunderts = Jesus in the Jewish Cultures of the 19th and 20th Century"}]},{"@type":"WebSite","@id":"https:\/\/shop.verlag.uni-potsdam.de\/en\/#website","url":"https:\/\/shop.verlag.uni-potsdam.de\/en\/","name":"Universit\u00e4tsverlag Potsdam","description":"","publisher":{"@id":"https:\/\/shop.verlag.uni-potsdam.de\/en\/#organization"},"potentialAction":[{"@type":"SearchAction","target":{"@type":"EntryPoint","urlTemplate":"https:\/\/shop.verlag.uni-potsdam.de\/en\/?s={search_term_string}"},"query-input":{"@type":"PropertyValueSpecification","valueRequired":true,"valueName":"search_term_string"}}],"inLanguage":"en-US"},{"@type":"Organization","@id":"https:\/\/shop.verlag.uni-potsdam.de\/en\/#organization","name":"Universit\u00e4tsverlag Potsdam","url":"https:\/\/shop.verlag.uni-potsdam.de\/en\/","logo":{"@type":"ImageObject","inLanguage":"en-US","@id":"https:\/\/shop.verlag.uni-potsdam.de\/en\/#\/schema\/logo\/image\/","url":"https:\/\/shop.verlag.uni-potsdam.de\/wp-content\/uploads\/2017\/04\/up_logo_university_2.png","contentUrl":"https:\/\/shop.verlag.uni-potsdam.de\/wp-content\/uploads\/2017\/04\/up_logo_university_2.png","width":160,"height":172,"caption":"Universit\u00e4tsverlag Potsdam"},"image":{"@id":"https:\/\/shop.verlag.uni-potsdam.de\/en\/#\/schema\/logo\/image\/"}}]}},"_links":{"self":[{"href":"https:\/\/shop.verlag.uni-potsdam.de\/en\/wp-json\/wp\/v2\/product\/51639","targetHints":{"allow":["GET"]}}],"collection":[{"href":"https:\/\/shop.verlag.uni-potsdam.de\/en\/wp-json\/wp\/v2\/product"}],"about":[{"href":"https:\/\/shop.verlag.uni-potsdam.de\/en\/wp-json\/wp\/v2\/types\/product"}],"wp:featuredmedia":[{"embeddable":true,"href":"https:\/\/shop.verlag.uni-potsdam.de\/en\/wp-json\/wp\/v2\/media\/54166"}],"wp:attachment":[{"href":"https:\/\/shop.verlag.uni-potsdam.de\/en\/wp-json\/wp\/v2\/media?parent=51639"}],"wp:term":[{"taxonomy":"product_brand","embeddable":true,"href":"https:\/\/shop.verlag.uni-potsdam.de\/en\/wp-json\/wp\/v2\/product_brand?post=51639"},{"taxonomy":"product_cat","embeddable":true,"href":"https:\/\/shop.verlag.uni-potsdam.de\/en\/wp-json\/wp\/v2\/product_cat?post=51639"},{"taxonomy":"product_tag","embeddable":true,"href":"https:\/\/shop.verlag.uni-potsdam.de\/en\/wp-json\/wp\/v2\/product_tag?post=51639"}],"curies":[{"name":"wp","href":"https:\/\/api.w.org\/{rel}","templated":true}]}}