{"id":51648,"date":"2026-03-23T08:54:03","date_gmt":"2026-03-23T08:54:03","guid":{"rendered":"http:\/\/shop.verlag.uni-potsdam.de\/produkt\/dieter-mit-kinderschuhen-im-gepaeck\/"},"modified":"2026-03-23T11:55:03","modified_gmt":"2026-03-23T10:55:03","slug":"mit-kinderschuhen-im-gepaeck","status":"publish","type":"product","link":"https:\/\/shop.verlag.uni-potsdam.de\/en\/shop\/mit-kinderschuhen-im-gepaeck\/","title":{"rendered":"Mit Kinderschuhen im Gep\u00e4ck"},"content":{"rendered":"<p class=\"qtranxs-available-languages-message qtranxs-available-languages-message-en\">Sorry, this entry is only available in <a href=\"https:\/\/shop.verlag.uni-potsdam.de\/de\/wp-json\/wp\/v2\/product\/51648\" class=\"qtranxs-available-language-link qtranxs-available-language-link-de\" title=\"Deutsch\">Deutsch<\/a>.<\/p><p>Zu kleine Kinderschuhe zw\u00e4ngen ein, zu gro\u00dfe geben keinen Halt. Liebe, F\u00fcrsorge und Mitgef\u00fchl helfen, die jeweils passenden Kinderschuhe zu finden. In ihnen lernt das Kind am besten, seine individuellen F\u00e4higkeiten zu entfalten, sie in die Gemeinschaft einzubringen und seinen eigenen Weg zu finden. Der Band spannt einen Bogen von neurowissenschaftlichen Erkenntnissen und Grundfragen des Biografierens \u00fcber Portr\u00e4ts von Pers\u00f6nlichkeiten bis hin zu gelebten menschenrechtlichen Werten. Die Autoren und Autorinnen, Studierende der Universit\u00e4t Potsdam, gehen auf Spurensuche und fragen, wie die von ihnen vorgestellten Menschen zu denen wurden, die sie waren oder sind, ob und wie sie sich selbst fanden, ihre pers\u00f6nlichen F\u00e4higkeiten entfalteten und anderen halfen. Sie sto\u00dfen auf kraftschenkende Kindheiten und erlebtes Gl\u00fcck, auf Authentizit\u00e4t, Verantwortung und Gleichw\u00fcrdigkeit ebenso wie auf Schicksalsschl\u00e4ge, Ablehnung und Unrecht, auf W\u00fcnsche und Sehns\u00fcchte, innere Zerrissenheit und Schmerz, vor allem aber auf die individuellen und sozialen St\u00e4rken dieser Pers\u00f6nlichkeiten.<\/p>","protected":false},"excerpt":{"rendered":"<p class=\"qtranxs-available-languages-message qtranxs-available-languages-message-en\">Sorry, this entry is only available in <a href=\"https:\/\/shop.verlag.uni-potsdam.de\/de\/wp-json\/wp\/v2\/product\/51648\" class=\"qtranxs-available-language-link qtranxs-available-language-link-de\" title=\"Deutsch\">Deutsch<\/a>.<\/p>\n<p>Zu kleine Kinderschuhe zw\u00e4ngen ein, zu gro\u00dfe geben keinen Halt. Liebe, F\u00fcrsorge und Mitgef\u00fchl helfen, die jeweils passenden Kinderschuhe zu finden. In ihnen lernt das Kind am besten, seine individuellen F\u00e4higkeiten zu entfalten, sie in die Gemeinschaft einzubringen und seinen eigenen Weg zu finden. Der Band spannt einen Bogen von neurowissenschaftlichen Erkenntnissen und Grundfragen des Biografierens \u00fcber Portr\u00e4ts von Pers\u00f6nlichkeiten bis hin zu gelebten menschenrechtlichen Werten. Die Autoren und Autorinnen, Studierende der Universit\u00e4t Potsdam, gehen auf Spurensuche und fragen, wie die von ihnen vorgestellten Menschen zu denen wurden, die sie waren oder sind, ob und wie sie sich selbst fanden, ihre pers\u00f6nlichen F\u00e4higkeiten entfalteten und anderen halfen. Sie sto\u00dfen auf kraftschenkende Kindheiten und erlebtes Gl\u00fcck, auf Authentizit\u00e4t, Verantwortung und Gleichw\u00fcrdigkeit ebenso wie auf Schicksalsschl\u00e4ge, Ablehnung und Unrecht, auf W\u00fcnsche und Sehns\u00fcchte, innere Zerrissenheit und Schmerz, vor allem aber auf die individuellen und sozialen St\u00e4rken dieser Pers\u00f6nlichkeiten.<\/p>\n","protected":false},"featured_media":54148,"template":"","meta":{"_acf_changed":false},"product_brand":[],"product_cat":[6221],"product_tag":[5680],"class_list":{"0":"post-51648","1":"product","2":"type-product","3":"status-publish","4":"has-post-thumbnail","6":"product_cat-philosophie-web-kategorie","7":"product_tag-biografisches-erzaehlen-gehirn-kindheit-mensch-menschenrechte-soziale-umwelt","8":"autor-anna-dieter","10":"first","11":"instock","12":"shipping-taxable","13":"purchasable","14":"product-type-simple"},"acf":[],"yoast_head":"<!-- This site is optimized with the Yoast SEO plugin v27.1.1 - https:\/\/yoast.com\/product\/yoast-seo-wordpress\/ -->\n<title>Mit Kinderschuhen im Gep\u00e4ck - Universit\u00e4tsverlag Potsdam<\/title>\n<meta name=\"robots\" content=\"index, follow, max-snippet:-1, max-image-preview:large, max-video-preview:-1\" \/>\n<link rel=\"canonical\" href=\"https:\/\/shop.verlag.uni-potsdam.de\/en\/shop\/mit-kinderschuhen-im-gepaeck\/\" \/>\n<meta property=\"og:locale\" content=\"en_US\" \/>\n<meta property=\"og:type\" content=\"article\" \/>\n<meta property=\"og:title\" content=\"Mit Kinderschuhen im Gep\u00e4ck - Universit\u00e4tsverlag Potsdam\" \/>\n<meta property=\"og:description\" content=\"Zu kleine Kinderschuhe zw\u00e4ngen ein, zu gro\u00dfe geben keinen Halt. Liebe, F\u00fcrsorge und Mitgef\u00fchl helfen, die jeweils passenden Kinderschuhe zu finden. In ihnen lernt das Kind am besten, seine individuellen F\u00e4higkeiten zu entfalten, sie in die Gemeinschaft einzubringen und seinen eigenen Weg zu finden. Der Band spannt einen Bogen von neurowissenschaftlichen Erkenntnissen und Grundfragen des Biografierens \u00fcber Portr\u00e4ts von Pers\u00f6nlichkeiten bis hin zu gelebten menschenrechtlichen Werten. Die Autoren und Autorinnen, Studierende der Universit\u00e4t Potsdam, gehen auf Spurensuche und fragen, wie die von ihnen vorgestellten Menschen zu denen wurden, die sie waren oder sind, ob und wie sie sich selbst fanden, ihre pers\u00f6nlichen F\u00e4higkeiten entfalteten und anderen halfen. Sie sto\u00dfen auf kraftschenkende Kindheiten und erlebtes Gl\u00fcck, auf Authentizit\u00e4t, Verantwortung und Gleichw\u00fcrdigkeit ebenso wie auf Schicksalsschl\u00e4ge, Ablehnung und Unrecht, auf W\u00fcnsche und Sehns\u00fcchte, innere Zerrissenheit und Schmerz, vor allem aber auf die individuellen und sozialen St\u00e4rken dieser Pers\u00f6nlichkeiten.\" \/>\n<meta property=\"og:url\" content=\"https:\/\/shop.verlag.uni-potsdam.de\/en\/shop\/mit-kinderschuhen-im-gepaeck\/\" \/>\n<meta property=\"og:site_name\" content=\"Universit\u00e4tsverlag Potsdam\" \/>\n<meta property=\"article:modified_time\" content=\"2026-03-23T10:55:03+00:00\" \/>\n<meta property=\"og:image\" content=\"https:\/\/shop.verlag.uni-potsdam.de\/wp-content\/uploads\/asolmerce\/image-9783869563275.jpg\" \/>\n\t<meta property=\"og:image:width\" content=\"452\" \/>\n\t<meta property=\"og:image:height\" content=\"640\" \/>\n\t<meta property=\"og:image:type\" content=\"image\/jpeg\" \/>\n<meta name=\"twitter:card\" content=\"summary_large_image\" \/>\n<meta name=\"twitter:label1\" content=\"Est. reading time\" \/>\n\t<meta name=\"twitter:data1\" content=\"1 minute\" \/>\n<script type=\"application\/ld+json\" class=\"yoast-schema-graph\">{\"@context\":\"https:\/\/schema.org\",\"@graph\":[{\"@type\":\"WebPage\",\"@id\":\"https:\/\/shop.verlag.uni-potsdam.de\/en\/shop\/mit-kinderschuhen-im-gepaeck\/\",\"url\":\"https:\/\/shop.verlag.uni-potsdam.de\/en\/shop\/mit-kinderschuhen-im-gepaeck\/\",\"name\":\"Mit Kinderschuhen im Gep\u00e4ck - Universit\u00e4tsverlag Potsdam\",\"isPartOf\":{\"@id\":\"https:\/\/shop.verlag.uni-potsdam.de\/en\/#website\"},\"primaryImageOfPage\":{\"@id\":\"https:\/\/shop.verlag.uni-potsdam.de\/en\/shop\/mit-kinderschuhen-im-gepaeck\/#primaryimage\"},\"image\":{\"@id\":\"https:\/\/shop.verlag.uni-potsdam.de\/shop\/mit-kinderschuhen-im-gepaeck\/#primaryimage\"},\"thumbnailUrl\":\"https:\/\/shop.verlag.uni-potsdam.de\/wp-content\/uploads\/asolmerce\/image-9783869563275.jpg\",\"datePublished\":\"2026-03-23T08:54:03+00:00\",\"dateModified\":\"2026-03-23T10:55:03+00:00\",\"breadcrumb\":{\"@id\":\"https:\/\/shop.verlag.uni-potsdam.de\/en\/shop\/mit-kinderschuhen-im-gepaeck\/#breadcrumb\"},\"inLanguage\":\"en-US\",\"potentialAction\":[{\"@type\":\"ReadAction\",\"target\":[[\"https:\/\/shop.verlag.uni-potsdam.de\/en\/shop\/mit-kinderschuhen-im-gepaeck\/\"]]}]},{\"@type\":\"ImageObject\",\"inLanguage\":\"en-US\",\"@id\":\"https:\/\/shop.verlag.uni-potsdam.de\/en\/shop\/mit-kinderschuhen-im-gepaeck\/#primaryimage\",\"url\":\"https:\/\/shop.verlag.uni-potsdam.de\/wp-content\/uploads\/asolmerce\/image-9783869563275.jpg\",\"contentUrl\":\"https:\/\/shop.verlag.uni-potsdam.de\/wp-content\/uploads\/asolmerce\/image-9783869563275.jpg\",\"width\":452,\"height\":640},{\"@type\":\"BreadcrumbList\",\"@id\":\"https:\/\/shop.verlag.uni-potsdam.de\/en\/shop\/mit-kinderschuhen-im-gepaeck\/#breadcrumb\",\"itemListElement\":[{\"@type\":\"ListItem\",\"position\":1,\"name\":\"Startseite\",\"item\":\"https:\/\/shop.verlag.uni-potsdam.de\/en\/\"},{\"@type\":\"ListItem\",\"position\":2,\"name\":\"Shop\",\"item\":\"https:\/\/shop.verlag.uni-potsdam.de\/en\/shop\/\"},{\"@type\":\"ListItem\",\"position\":3,\"name\":\"Mit Kinderschuhen im Gep\u00e4ck\"}]},{\"@type\":\"WebSite\",\"@id\":\"https:\/\/shop.verlag.uni-potsdam.de\/en\/#website\",\"url\":\"https:\/\/shop.verlag.uni-potsdam.de\/en\/\",\"name\":\"Universit\u00e4tsverlag Potsdam\",\"description\":\"\",\"publisher\":{\"@id\":\"https:\/\/shop.verlag.uni-potsdam.de\/en\/#organization\"},\"potentialAction\":[{\"@type\":\"SearchAction\",\"target\":{\"@type\":\"EntryPoint\",\"urlTemplate\":\"https:\/\/shop.verlag.uni-potsdam.de\/en\/?s={search_term_string}\"},\"query-input\":{\"@type\":\"PropertyValueSpecification\",\"valueRequired\":true,\"valueName\":\"search_term_string\"}}],\"inLanguage\":\"en-US\"},{\"@type\":\"Organization\",\"@id\":\"https:\/\/shop.verlag.uni-potsdam.de\/en\/#organization\",\"name\":\"Universit\u00e4tsverlag Potsdam\",\"url\":\"https:\/\/shop.verlag.uni-potsdam.de\/en\/\",\"logo\":{\"@type\":\"ImageObject\",\"inLanguage\":\"en-US\",\"@id\":\"https:\/\/shop.verlag.uni-potsdam.de\/en\/#\/schema\/logo\/image\/\",\"url\":\"https:\/\/shop.verlag.uni-potsdam.de\/wp-content\/uploads\/2017\/04\/up_logo_university_2.png\",\"contentUrl\":\"https:\/\/shop.verlag.uni-potsdam.de\/wp-content\/uploads\/2017\/04\/up_logo_university_2.png\",\"width\":160,\"height\":172,\"caption\":\"Universit\u00e4tsverlag Potsdam\"},\"image\":{\"@id\":\"https:\/\/shop.verlag.uni-potsdam.de\/en\/#\/schema\/logo\/image\/\"}}]}<\/script>\n<!-- \/ Yoast SEO plugin. -->","yoast_head_json":{"title":"Mit Kinderschuhen im Gep\u00e4ck - Universit\u00e4tsverlag Potsdam","robots":{"index":"index","follow":"follow","max-snippet":"max-snippet:-1","max-image-preview":"max-image-preview:large","max-video-preview":"max-video-preview:-1"},"canonical":"https:\/\/shop.verlag.uni-potsdam.de\/en\/shop\/mit-kinderschuhen-im-gepaeck\/","og_locale":"en_US","og_type":"article","og_title":"Mit Kinderschuhen im Gep\u00e4ck - Universit\u00e4tsverlag Potsdam","og_description":"Zu kleine Kinderschuhe zw\u00e4ngen ein, zu gro\u00dfe geben keinen Halt. Liebe, F\u00fcrsorge und Mitgef\u00fchl helfen, die jeweils passenden Kinderschuhe zu finden. In ihnen lernt das Kind am besten, seine individuellen F\u00e4higkeiten zu entfalten, sie in die Gemeinschaft einzubringen und seinen eigenen Weg zu finden. Der Band spannt einen Bogen von neurowissenschaftlichen Erkenntnissen und Grundfragen des Biografierens \u00fcber Portr\u00e4ts von Pers\u00f6nlichkeiten bis hin zu gelebten menschenrechtlichen Werten. Die Autoren und Autorinnen, Studierende der Universit\u00e4t Potsdam, gehen auf Spurensuche und fragen, wie die von ihnen vorgestellten Menschen zu denen wurden, die sie waren oder sind, ob und wie sie sich selbst fanden, ihre pers\u00f6nlichen F\u00e4higkeiten entfalteten und anderen halfen. Sie sto\u00dfen auf kraftschenkende Kindheiten und erlebtes Gl\u00fcck, auf Authentizit\u00e4t, Verantwortung und Gleichw\u00fcrdigkeit ebenso wie auf Schicksalsschl\u00e4ge, Ablehnung und Unrecht, auf W\u00fcnsche und Sehns\u00fcchte, innere Zerrissenheit und Schmerz, vor allem aber auf die individuellen und sozialen St\u00e4rken dieser Pers\u00f6nlichkeiten.","og_url":"https:\/\/shop.verlag.uni-potsdam.de\/en\/shop\/mit-kinderschuhen-im-gepaeck\/","og_site_name":"Universit\u00e4tsverlag Potsdam","article_modified_time":"2026-03-23T10:55:03+00:00","og_image":[{"width":452,"height":640,"url":"https:\/\/shop.verlag.uni-potsdam.de\/wp-content\/uploads\/asolmerce\/image-9783869563275.jpg","type":"image\/jpeg"}],"twitter_card":"summary_large_image","twitter_misc":{"Est. reading time":"1 minute"},"schema":{"@context":"https:\/\/schema.org","@graph":[{"@type":"WebPage","@id":"https:\/\/shop.verlag.uni-potsdam.de\/en\/shop\/mit-kinderschuhen-im-gepaeck\/","url":"https:\/\/shop.verlag.uni-potsdam.de\/en\/shop\/mit-kinderschuhen-im-gepaeck\/","name":"Mit Kinderschuhen im Gep\u00e4ck - Universit\u00e4tsverlag Potsdam","isPartOf":{"@id":"https:\/\/shop.verlag.uni-potsdam.de\/en\/#website"},"primaryImageOfPage":{"@id":"https:\/\/shop.verlag.uni-potsdam.de\/en\/shop\/mit-kinderschuhen-im-gepaeck\/#primaryimage"},"image":{"@id":"https:\/\/shop.verlag.uni-potsdam.de\/shop\/mit-kinderschuhen-im-gepaeck\/#primaryimage"},"thumbnailUrl":"https:\/\/shop.verlag.uni-potsdam.de\/wp-content\/uploads\/asolmerce\/image-9783869563275.jpg","datePublished":"2026-03-23T08:54:03+00:00","dateModified":"2026-03-23T10:55:03+00:00","breadcrumb":{"@id":"https:\/\/shop.verlag.uni-potsdam.de\/en\/shop\/mit-kinderschuhen-im-gepaeck\/#breadcrumb"},"inLanguage":"en-US","potentialAction":[{"@type":"ReadAction","target":[["https:\/\/shop.verlag.uni-potsdam.de\/en\/shop\/mit-kinderschuhen-im-gepaeck\/"]]}]},{"@type":"ImageObject","inLanguage":"en-US","@id":"https:\/\/shop.verlag.uni-potsdam.de\/en\/shop\/mit-kinderschuhen-im-gepaeck\/#primaryimage","url":"https:\/\/shop.verlag.uni-potsdam.de\/wp-content\/uploads\/asolmerce\/image-9783869563275.jpg","contentUrl":"https:\/\/shop.verlag.uni-potsdam.de\/wp-content\/uploads\/asolmerce\/image-9783869563275.jpg","width":452,"height":640},{"@type":"BreadcrumbList","@id":"https:\/\/shop.verlag.uni-potsdam.de\/en\/shop\/mit-kinderschuhen-im-gepaeck\/#breadcrumb","itemListElement":[{"@type":"ListItem","position":1,"name":"Startseite","item":"https:\/\/shop.verlag.uni-potsdam.de\/en\/"},{"@type":"ListItem","position":2,"name":"Shop","item":"https:\/\/shop.verlag.uni-potsdam.de\/en\/shop\/"},{"@type":"ListItem","position":3,"name":"Mit Kinderschuhen im Gep\u00e4ck"}]},{"@type":"WebSite","@id":"https:\/\/shop.verlag.uni-potsdam.de\/en\/#website","url":"https:\/\/shop.verlag.uni-potsdam.de\/en\/","name":"Universit\u00e4tsverlag Potsdam","description":"","publisher":{"@id":"https:\/\/shop.verlag.uni-potsdam.de\/en\/#organization"},"potentialAction":[{"@type":"SearchAction","target":{"@type":"EntryPoint","urlTemplate":"https:\/\/shop.verlag.uni-potsdam.de\/en\/?s={search_term_string}"},"query-input":{"@type":"PropertyValueSpecification","valueRequired":true,"valueName":"search_term_string"}}],"inLanguage":"en-US"},{"@type":"Organization","@id":"https:\/\/shop.verlag.uni-potsdam.de\/en\/#organization","name":"Universit\u00e4tsverlag Potsdam","url":"https:\/\/shop.verlag.uni-potsdam.de\/en\/","logo":{"@type":"ImageObject","inLanguage":"en-US","@id":"https:\/\/shop.verlag.uni-potsdam.de\/en\/#\/schema\/logo\/image\/","url":"https:\/\/shop.verlag.uni-potsdam.de\/wp-content\/uploads\/2017\/04\/up_logo_university_2.png","contentUrl":"https:\/\/shop.verlag.uni-potsdam.de\/wp-content\/uploads\/2017\/04\/up_logo_university_2.png","width":160,"height":172,"caption":"Universit\u00e4tsverlag Potsdam"},"image":{"@id":"https:\/\/shop.verlag.uni-potsdam.de\/en\/#\/schema\/logo\/image\/"}}]}},"_links":{"self":[{"href":"https:\/\/shop.verlag.uni-potsdam.de\/en\/wp-json\/wp\/v2\/product\/51648","targetHints":{"allow":["GET"]}}],"collection":[{"href":"https:\/\/shop.verlag.uni-potsdam.de\/en\/wp-json\/wp\/v2\/product"}],"about":[{"href":"https:\/\/shop.verlag.uni-potsdam.de\/en\/wp-json\/wp\/v2\/types\/product"}],"wp:featuredmedia":[{"embeddable":true,"href":"https:\/\/shop.verlag.uni-potsdam.de\/en\/wp-json\/wp\/v2\/media\/54148"}],"wp:attachment":[{"href":"https:\/\/shop.verlag.uni-potsdam.de\/en\/wp-json\/wp\/v2\/media?parent=51648"}],"wp:term":[{"taxonomy":"product_brand","embeddable":true,"href":"https:\/\/shop.verlag.uni-potsdam.de\/en\/wp-json\/wp\/v2\/product_brand?post=51648"},{"taxonomy":"product_cat","embeddable":true,"href":"https:\/\/shop.verlag.uni-potsdam.de\/en\/wp-json\/wp\/v2\/product_cat?post=51648"},{"taxonomy":"product_tag","embeddable":true,"href":"https:\/\/shop.verlag.uni-potsdam.de\/en\/wp-json\/wp\/v2\/product_tag?post=51648"}],"curies":[{"name":"wp","href":"https:\/\/api.w.org\/{rel}","templated":true}]}}