{"id":51655,"date":"2026-04-27T05:38:59","date_gmt":"2026-04-27T05:38:59","guid":{"rendered":"http:\/\/shop.verlag.uni-potsdam.de\/produkt\/rechtsentwicklungen-aus-europaeischer-perspektive-im-21-jahrhundert\/"},"modified":"2026-04-27T09:39:59","modified_gmt":"2026-04-27T07:39:59","slug":"rechtsentwicklungen-aus-europaeischer-perspektive-im-21-jahrhundert-european-perspectives-on-legal-developments-in-the-21st-century","status":"publish","type":"product","link":"https:\/\/shop.verlag.uni-potsdam.de\/en\/shop\/rechtsentwicklungen-aus-europaeischer-perspektive-im-21-jahrhundert-european-perspectives-on-legal-developments-in-the-21st-century\/","title":{"rendered":"Rechtsentwicklungen aus europ\u00e4ischer Perspektive im 21. Jahrhundert = European perspectives on legal developments in the 21st Century"},"content":{"rendered":"<p class=\"qtranxs-available-languages-message qtranxs-available-languages-message-en\">Sorry, this entry is only available in <a href=\"https:\/\/shop.verlag.uni-potsdam.de\/de\/wp-json\/wp\/v2\/product\/51655\" class=\"qtranxs-available-language-link qtranxs-available-language-link-de\" title=\"Deutsch\">Deutsch<\/a>.<\/p><p>Zwischen den Juristischen Fakult\u00e4ten der Universit\u00e4t Szeged und der Universit\u00e4t Potsdam besteht seit etlichen Jahren eine fruchtbare Kooperation in der Lehre. Durch sie entwickelt sich allm\u00e4hlich eine wissenschaftliche Zusammenarbeit. Gemeinsame Konferenzen und Publikationen sind daf\u00fcr ein Beweis. Der vorliegende Band ist das Resultat dieser Kooperation. Der Buchtitel kennzeichnet das Engagement der ungarischen und der deutschen Juristen sowie die gemeinsamen Werte, welche der europ\u00e4ischen Rechtsentwicklung im 21. Jahrhundert zugrunde liegen und die Dogmatik der verschiedenen Rechtsgebiete verkn\u00fcpfen. Die einzelnen Beitr\u00e4ge legen dabei Zeugnis ab von der ganzen Breite der Interessen der ungarischen und deutschen Juristen.b<\/p>","protected":false},"excerpt":{"rendered":"<p class=\"qtranxs-available-languages-message qtranxs-available-languages-message-en\">Sorry, this entry is only available in <a href=\"https:\/\/shop.verlag.uni-potsdam.de\/de\/wp-json\/wp\/v2\/product\/51655\" class=\"qtranxs-available-language-link qtranxs-available-language-link-de\" title=\"Deutsch\">Deutsch<\/a>.<\/p>\n<p>Zwischen den Juristischen Fakult\u00e4ten der Universit\u00e4t Szeged und der Universit\u00e4t Potsdam besteht seit etlichen Jahren eine fruchtbare Kooperation in der Lehre. Durch sie entwickelt sich allm\u00e4hlich eine wissenschaftliche Zusammenarbeit. Gemeinsame Konferenzen und Publikationen sind daf\u00fcr ein Beweis. Der vorliegende Band ist das Resultat dieser Kooperation. Der Buchtitel kennzeichnet das Engagement der ungarischen und der deutschen Juristen sowie die gemeinsamen Werte, welche der europ\u00e4ischen Rechtsentwicklung im 21. Jahrhundert zugrunde liegen und die Dogmatik der verschiedenen Rechtsgebiete verkn\u00fcpfen. Die einzelnen Beitr\u00e4ge legen dabei Zeugnis ab von der ganzen Breite der Interessen der ungarischen und deutschen Juristen.b<\/p>\n","protected":false},"featured_media":54125,"template":"","meta":{"_acf_changed":false},"product_brand":[],"product_cat":[6225],"product_tag":[6125],"class_list":{"0":"post-51655","1":"product","2":"type-product","3":"status-publish","4":"has-post-thumbnail","6":"product_cat-recht-web-kategorie","7":"product_tag-besitzschutz-drittwirkung-klimaschutz-leitentscheidungen-sozialversicherungssystem","8":"autor-attila-bado","9":"autor-detlev-w-belling","10":"reihe-acta-iuridica-universitatis-potsdamiensis","12":"first","13":"instock","14":"shipping-taxable","15":"purchasable","16":"product-type-simple"},"acf":[],"yoast_head":"<!-- This site is optimized with the Yoast SEO plugin v27.1.1 - https:\/\/yoast.com\/product\/yoast-seo-wordpress\/ -->\n<title>Rechtsentwicklungen aus europ\u00e4ischer Perspektive im 21. Jahrhundert = European perspectives on legal developments in the 21st Century - Universit\u00e4tsverlag Potsdam<\/title>\n<meta name=\"robots\" content=\"index, follow, max-snippet:-1, max-image-preview:large, max-video-preview:-1\" \/>\n<link rel=\"canonical\" href=\"https:\/\/shop.verlag.uni-potsdam.de\/en\/shop\/rechtsentwicklungen-aus-europaeischer-perspektive-im-21-jahrhundert-european-perspectives-on-legal-developments-in-the-21st-century\/\" \/>\n<meta property=\"og:locale\" content=\"en_US\" \/>\n<meta property=\"og:type\" content=\"article\" \/>\n<meta property=\"og:title\" content=\"Rechtsentwicklungen aus europ\u00e4ischer Perspektive im 21. Jahrhundert = European perspectives on legal developments in the 21st Century - Universit\u00e4tsverlag Potsdam\" \/>\n<meta property=\"og:description\" content=\"Zwischen den Juristischen Fakult\u00e4ten der Universit\u00e4t Szeged und der Universit\u00e4t Potsdam besteht seit etlichen Jahren eine fruchtbare Kooperation in der Lehre. Durch sie entwickelt sich allm\u00e4hlich eine wissenschaftliche Zusammenarbeit. Gemeinsame Konferenzen und Publikationen sind daf\u00fcr ein Beweis. Der vorliegende Band ist das Resultat dieser Kooperation. Der Buchtitel kennzeichnet das Engagement der ungarischen und der deutschen Juristen sowie die gemeinsamen Werte, welche der europ\u00e4ischen Rechtsentwicklung im 21. Jahrhundert zugrunde liegen und die Dogmatik der verschiedenen Rechtsgebiete verkn\u00fcpfen. Die einzelnen Beitr\u00e4ge legen dabei Zeugnis ab von der ganzen Breite der Interessen der ungarischen und deutschen Juristen.b\" \/>\n<meta property=\"og:url\" content=\"https:\/\/shop.verlag.uni-potsdam.de\/en\/shop\/rechtsentwicklungen-aus-europaeischer-perspektive-im-21-jahrhundert-european-perspectives-on-legal-developments-in-the-21st-century\/\" \/>\n<meta property=\"og:site_name\" content=\"Universit\u00e4tsverlag Potsdam\" \/>\n<meta property=\"article:modified_time\" content=\"2026-04-27T07:39:59+00:00\" \/>\n<meta property=\"og:image\" content=\"https:\/\/shop.verlag.uni-potsdam.de\/wp-content\/uploads\/asolmerce\/image-9783869563091.jpg\" \/>\n\t<meta property=\"og:image:width\" content=\"452\" \/>\n\t<meta property=\"og:image:height\" content=\"640\" \/>\n\t<meta property=\"og:image:type\" content=\"image\/jpeg\" \/>\n<meta name=\"twitter:card\" content=\"summary_large_image\" \/>\n<meta name=\"twitter:label1\" content=\"Est. reading time\" \/>\n\t<meta name=\"twitter:data1\" content=\"1 minute\" \/>\n<script type=\"application\/ld+json\" class=\"yoast-schema-graph\">{\"@context\":\"https:\/\/schema.org\",\"@graph\":[{\"@type\":\"WebPage\",\"@id\":\"https:\/\/shop.verlag.uni-potsdam.de\/en\/shop\/rechtsentwicklungen-aus-europaeischer-perspektive-im-21-jahrhundert-european-perspectives-on-legal-developments-in-the-21st-century\/\",\"url\":\"https:\/\/shop.verlag.uni-potsdam.de\/en\/shop\/rechtsentwicklungen-aus-europaeischer-perspektive-im-21-jahrhundert-european-perspectives-on-legal-developments-in-the-21st-century\/\",\"name\":\"Rechtsentwicklungen aus europ\u00e4ischer Perspektive im 21. Jahrhundert = European perspectives on legal developments in the 21st Century - Universit\u00e4tsverlag Potsdam\",\"isPartOf\":{\"@id\":\"https:\/\/shop.verlag.uni-potsdam.de\/en\/#website\"},\"primaryImageOfPage\":{\"@id\":\"https:\/\/shop.verlag.uni-potsdam.de\/en\/shop\/rechtsentwicklungen-aus-europaeischer-perspektive-im-21-jahrhundert-european-perspectives-on-legal-developments-in-the-21st-century\/#primaryimage\"},\"image\":{\"@id\":\"https:\/\/shop.verlag.uni-potsdam.de\/shop\/rechtsentwicklungen-aus-europaeischer-perspektive-im-21-jahrhundert-european-perspectives-on-legal-developments-in-the-21st-century\/#primaryimage\"},\"thumbnailUrl\":\"https:\/\/shop.verlag.uni-potsdam.de\/wp-content\/uploads\/asolmerce\/image-9783869563091.jpg\",\"datePublished\":\"2026-04-27T05:38:59+00:00\",\"dateModified\":\"2026-04-27T07:39:59+00:00\",\"breadcrumb\":{\"@id\":\"https:\/\/shop.verlag.uni-potsdam.de\/en\/shop\/rechtsentwicklungen-aus-europaeischer-perspektive-im-21-jahrhundert-european-perspectives-on-legal-developments-in-the-21st-century\/#breadcrumb\"},\"inLanguage\":\"en-US\",\"potentialAction\":[{\"@type\":\"ReadAction\",\"target\":[[\"https:\/\/shop.verlag.uni-potsdam.de\/en\/shop\/rechtsentwicklungen-aus-europaeischer-perspektive-im-21-jahrhundert-european-perspectives-on-legal-developments-in-the-21st-century\/\"]]}]},{\"@type\":\"ImageObject\",\"inLanguage\":\"en-US\",\"@id\":\"https:\/\/shop.verlag.uni-potsdam.de\/en\/shop\/rechtsentwicklungen-aus-europaeischer-perspektive-im-21-jahrhundert-european-perspectives-on-legal-developments-in-the-21st-century\/#primaryimage\",\"url\":\"https:\/\/shop.verlag.uni-potsdam.de\/wp-content\/uploads\/asolmerce\/image-9783869563091.jpg\",\"contentUrl\":\"https:\/\/shop.verlag.uni-potsdam.de\/wp-content\/uploads\/asolmerce\/image-9783869563091.jpg\",\"width\":452,\"height\":640},{\"@type\":\"BreadcrumbList\",\"@id\":\"https:\/\/shop.verlag.uni-potsdam.de\/en\/shop\/rechtsentwicklungen-aus-europaeischer-perspektive-im-21-jahrhundert-european-perspectives-on-legal-developments-in-the-21st-century\/#breadcrumb\",\"itemListElement\":[{\"@type\":\"ListItem\",\"position\":1,\"name\":\"Startseite\",\"item\":\"https:\/\/shop.verlag.uni-potsdam.de\/en\/\"},{\"@type\":\"ListItem\",\"position\":2,\"name\":\"Shop\",\"item\":\"https:\/\/shop.verlag.uni-potsdam.de\/en\/shop\/\"},{\"@type\":\"ListItem\",\"position\":3,\"name\":\"Rechtsentwicklungen aus europ\u00e4ischer Perspektive im 21. Jahrhundert = European perspectives on legal developments in the 21st Century\"}]},{\"@type\":\"WebSite\",\"@id\":\"https:\/\/shop.verlag.uni-potsdam.de\/en\/#website\",\"url\":\"https:\/\/shop.verlag.uni-potsdam.de\/en\/\",\"name\":\"Universit\u00e4tsverlag Potsdam\",\"description\":\"\",\"publisher\":{\"@id\":\"https:\/\/shop.verlag.uni-potsdam.de\/en\/#organization\"},\"potentialAction\":[{\"@type\":\"SearchAction\",\"target\":{\"@type\":\"EntryPoint\",\"urlTemplate\":\"https:\/\/shop.verlag.uni-potsdam.de\/en\/?s={search_term_string}\"},\"query-input\":{\"@type\":\"PropertyValueSpecification\",\"valueRequired\":true,\"valueName\":\"search_term_string\"}}],\"inLanguage\":\"en-US\"},{\"@type\":\"Organization\",\"@id\":\"https:\/\/shop.verlag.uni-potsdam.de\/en\/#organization\",\"name\":\"Universit\u00e4tsverlag Potsdam\",\"url\":\"https:\/\/shop.verlag.uni-potsdam.de\/en\/\",\"logo\":{\"@type\":\"ImageObject\",\"inLanguage\":\"en-US\",\"@id\":\"https:\/\/shop.verlag.uni-potsdam.de\/en\/#\/schema\/logo\/image\/\",\"url\":\"https:\/\/shop.verlag.uni-potsdam.de\/wp-content\/uploads\/2017\/04\/up_logo_university_2.png\",\"contentUrl\":\"https:\/\/shop.verlag.uni-potsdam.de\/wp-content\/uploads\/2017\/04\/up_logo_university_2.png\",\"width\":160,\"height\":172,\"caption\":\"Universit\u00e4tsverlag Potsdam\"},\"image\":{\"@id\":\"https:\/\/shop.verlag.uni-potsdam.de\/en\/#\/schema\/logo\/image\/\"}}]}<\/script>\n<!-- \/ Yoast SEO plugin. -->","yoast_head_json":{"title":"Rechtsentwicklungen aus europ\u00e4ischer Perspektive im 21. Jahrhundert = European perspectives on legal developments in the 21st Century - Universit\u00e4tsverlag Potsdam","robots":{"index":"index","follow":"follow","max-snippet":"max-snippet:-1","max-image-preview":"max-image-preview:large","max-video-preview":"max-video-preview:-1"},"canonical":"https:\/\/shop.verlag.uni-potsdam.de\/en\/shop\/rechtsentwicklungen-aus-europaeischer-perspektive-im-21-jahrhundert-european-perspectives-on-legal-developments-in-the-21st-century\/","og_locale":"en_US","og_type":"article","og_title":"Rechtsentwicklungen aus europ\u00e4ischer Perspektive im 21. Jahrhundert = European perspectives on legal developments in the 21st Century - Universit\u00e4tsverlag Potsdam","og_description":"Zwischen den Juristischen Fakult\u00e4ten der Universit\u00e4t Szeged und der Universit\u00e4t Potsdam besteht seit etlichen Jahren eine fruchtbare Kooperation in der Lehre. Durch sie entwickelt sich allm\u00e4hlich eine wissenschaftliche Zusammenarbeit. Gemeinsame Konferenzen und Publikationen sind daf\u00fcr ein Beweis. Der vorliegende Band ist das Resultat dieser Kooperation. Der Buchtitel kennzeichnet das Engagement der ungarischen und der deutschen Juristen sowie die gemeinsamen Werte, welche der europ\u00e4ischen Rechtsentwicklung im 21. Jahrhundert zugrunde liegen und die Dogmatik der verschiedenen Rechtsgebiete verkn\u00fcpfen. Die einzelnen Beitr\u00e4ge legen dabei Zeugnis ab von der ganzen Breite der Interessen der ungarischen und deutschen Juristen.b","og_url":"https:\/\/shop.verlag.uni-potsdam.de\/en\/shop\/rechtsentwicklungen-aus-europaeischer-perspektive-im-21-jahrhundert-european-perspectives-on-legal-developments-in-the-21st-century\/","og_site_name":"Universit\u00e4tsverlag Potsdam","article_modified_time":"2026-04-27T07:39:59+00:00","og_image":[{"width":452,"height":640,"url":"https:\/\/shop.verlag.uni-potsdam.de\/wp-content\/uploads\/asolmerce\/image-9783869563091.jpg","type":"image\/jpeg"}],"twitter_card":"summary_large_image","twitter_misc":{"Est. reading time":"1 minute"},"schema":{"@context":"https:\/\/schema.org","@graph":[{"@type":"WebPage","@id":"https:\/\/shop.verlag.uni-potsdam.de\/en\/shop\/rechtsentwicklungen-aus-europaeischer-perspektive-im-21-jahrhundert-european-perspectives-on-legal-developments-in-the-21st-century\/","url":"https:\/\/shop.verlag.uni-potsdam.de\/en\/shop\/rechtsentwicklungen-aus-europaeischer-perspektive-im-21-jahrhundert-european-perspectives-on-legal-developments-in-the-21st-century\/","name":"Rechtsentwicklungen aus europ\u00e4ischer Perspektive im 21. Jahrhundert = European perspectives on legal developments in the 21st Century - Universit\u00e4tsverlag Potsdam","isPartOf":{"@id":"https:\/\/shop.verlag.uni-potsdam.de\/en\/#website"},"primaryImageOfPage":{"@id":"https:\/\/shop.verlag.uni-potsdam.de\/en\/shop\/rechtsentwicklungen-aus-europaeischer-perspektive-im-21-jahrhundert-european-perspectives-on-legal-developments-in-the-21st-century\/#primaryimage"},"image":{"@id":"https:\/\/shop.verlag.uni-potsdam.de\/shop\/rechtsentwicklungen-aus-europaeischer-perspektive-im-21-jahrhundert-european-perspectives-on-legal-developments-in-the-21st-century\/#primaryimage"},"thumbnailUrl":"https:\/\/shop.verlag.uni-potsdam.de\/wp-content\/uploads\/asolmerce\/image-9783869563091.jpg","datePublished":"2026-04-27T05:38:59+00:00","dateModified":"2026-04-27T07:39:59+00:00","breadcrumb":{"@id":"https:\/\/shop.verlag.uni-potsdam.de\/en\/shop\/rechtsentwicklungen-aus-europaeischer-perspektive-im-21-jahrhundert-european-perspectives-on-legal-developments-in-the-21st-century\/#breadcrumb"},"inLanguage":"en-US","potentialAction":[{"@type":"ReadAction","target":[["https:\/\/shop.verlag.uni-potsdam.de\/en\/shop\/rechtsentwicklungen-aus-europaeischer-perspektive-im-21-jahrhundert-european-perspectives-on-legal-developments-in-the-21st-century\/"]]}]},{"@type":"ImageObject","inLanguage":"en-US","@id":"https:\/\/shop.verlag.uni-potsdam.de\/en\/shop\/rechtsentwicklungen-aus-europaeischer-perspektive-im-21-jahrhundert-european-perspectives-on-legal-developments-in-the-21st-century\/#primaryimage","url":"https:\/\/shop.verlag.uni-potsdam.de\/wp-content\/uploads\/asolmerce\/image-9783869563091.jpg","contentUrl":"https:\/\/shop.verlag.uni-potsdam.de\/wp-content\/uploads\/asolmerce\/image-9783869563091.jpg","width":452,"height":640},{"@type":"BreadcrumbList","@id":"https:\/\/shop.verlag.uni-potsdam.de\/en\/shop\/rechtsentwicklungen-aus-europaeischer-perspektive-im-21-jahrhundert-european-perspectives-on-legal-developments-in-the-21st-century\/#breadcrumb","itemListElement":[{"@type":"ListItem","position":1,"name":"Startseite","item":"https:\/\/shop.verlag.uni-potsdam.de\/en\/"},{"@type":"ListItem","position":2,"name":"Shop","item":"https:\/\/shop.verlag.uni-potsdam.de\/en\/shop\/"},{"@type":"ListItem","position":3,"name":"Rechtsentwicklungen aus europ\u00e4ischer Perspektive im 21. Jahrhundert = European perspectives on legal developments in the 21st Century"}]},{"@type":"WebSite","@id":"https:\/\/shop.verlag.uni-potsdam.de\/en\/#website","url":"https:\/\/shop.verlag.uni-potsdam.de\/en\/","name":"Universit\u00e4tsverlag Potsdam","description":"","publisher":{"@id":"https:\/\/shop.verlag.uni-potsdam.de\/en\/#organization"},"potentialAction":[{"@type":"SearchAction","target":{"@type":"EntryPoint","urlTemplate":"https:\/\/shop.verlag.uni-potsdam.de\/en\/?s={search_term_string}"},"query-input":{"@type":"PropertyValueSpecification","valueRequired":true,"valueName":"search_term_string"}}],"inLanguage":"en-US"},{"@type":"Organization","@id":"https:\/\/shop.verlag.uni-potsdam.de\/en\/#organization","name":"Universit\u00e4tsverlag Potsdam","url":"https:\/\/shop.verlag.uni-potsdam.de\/en\/","logo":{"@type":"ImageObject","inLanguage":"en-US","@id":"https:\/\/shop.verlag.uni-potsdam.de\/en\/#\/schema\/logo\/image\/","url":"https:\/\/shop.verlag.uni-potsdam.de\/wp-content\/uploads\/2017\/04\/up_logo_university_2.png","contentUrl":"https:\/\/shop.verlag.uni-potsdam.de\/wp-content\/uploads\/2017\/04\/up_logo_university_2.png","width":160,"height":172,"caption":"Universit\u00e4tsverlag Potsdam"},"image":{"@id":"https:\/\/shop.verlag.uni-potsdam.de\/en\/#\/schema\/logo\/image\/"}}]}},"_links":{"self":[{"href":"https:\/\/shop.verlag.uni-potsdam.de\/en\/wp-json\/wp\/v2\/product\/51655","targetHints":{"allow":["GET"]}}],"collection":[{"href":"https:\/\/shop.verlag.uni-potsdam.de\/en\/wp-json\/wp\/v2\/product"}],"about":[{"href":"https:\/\/shop.verlag.uni-potsdam.de\/en\/wp-json\/wp\/v2\/types\/product"}],"wp:featuredmedia":[{"embeddable":true,"href":"https:\/\/shop.verlag.uni-potsdam.de\/en\/wp-json\/wp\/v2\/media\/54125"}],"wp:attachment":[{"href":"https:\/\/shop.verlag.uni-potsdam.de\/en\/wp-json\/wp\/v2\/media?parent=51655"}],"wp:term":[{"taxonomy":"product_brand","embeddable":true,"href":"https:\/\/shop.verlag.uni-potsdam.de\/en\/wp-json\/wp\/v2\/product_brand?post=51655"},{"taxonomy":"product_cat","embeddable":true,"href":"https:\/\/shop.verlag.uni-potsdam.de\/en\/wp-json\/wp\/v2\/product_cat?post=51655"},{"taxonomy":"product_tag","embeddable":true,"href":"https:\/\/shop.verlag.uni-potsdam.de\/en\/wp-json\/wp\/v2\/product_tag?post=51655"}],"curies":[{"name":"wp","href":"https:\/\/api.w.org\/{rel}","templated":true}]}}