{"id":51657,"date":"2026-03-23T08:53:58","date_gmt":"2026-03-23T08:53:58","guid":{"rendered":"http:\/\/shop.verlag.uni-potsdam.de\/produkt\/pardes-20-ein-gebet-ohne-gesang-ist-wie-ein-koerper-ohne-seele-aspekte-der-synagogalen-musik\/"},"modified":"2026-03-23T11:54:58","modified_gmt":"2026-03-23T10:54:58","slug":"ein-gebet-ohne-gesang-ist-wie-ein-koerper-ohne-seele","status":"publish","type":"product","link":"https:\/\/shop.verlag.uni-potsdam.de\/en\/shop\/ein-gebet-ohne-gesang-ist-wie-ein-koerper-ohne-seele\/","title":{"rendered":"&#8217;Ein Gebet ohne Gesang ist wie ein K\u00f6rper ohne Seele.'"},"content":{"rendered":"<p class=\"qtranxs-available-languages-message qtranxs-available-languages-message-en\">Sorry, this entry is only available in <a href=\"https:\/\/shop.verlag.uni-potsdam.de\/de\/wp-json\/wp\/v2\/product\/51657\" class=\"qtranxs-available-language-link qtranxs-available-language-link-de\" title=\"Deutsch\">Deutsch<\/a>.<\/p><p>Aus dem Editorial:<\/p>\n<p>\u201eEin Gebet ohne Gesang ist wie ein K\u00f6rper ohne Seele\u201c hei\u00dft es im Vorwort der Studie \u201eDer synagogale Gesang\u201c von Aron Friedmann von 1904 (S. 2). Aron Friedmann (1855\u20131936) wirkte \u00fcber 40 Jahre lang als Kantor in Berlin und besch\u00e4ftigte sich auch als Komponist und Forscher mit j\u00fcdisch-sakraler Musik. Seine Abhandlung \u201eDer synagogale Gesang\u201c ist eines der ersten Werke der modernen Forschung zur Musik der Synagoge im aschkenasischen Raum. Der Gesang in der Synagoge, eben das \u201egesungene Gebet\u201c, von dem Friedmann hier spricht, bildet den Kern der j\u00fcdischen Musiktradition. Er steht im Mittelpunkt der diesj\u00e4hrigen PaRDeS-Ausgabe, die damit einen neuen Beitrag zu diesem Bereich der Musikwissenschaft und gleichzeitig der J\u00fcdischen Studien leisten m\u00f6chte.<\/p>\n<p>Das Heft entstand in Zusammenarbeit mit dem Europ\u00e4ischen Zentrum f\u00fcr J\u00fcdische Musik (EZJM) der Hochschule f\u00fcr Musik, Theater und Medien Hannover. Das EZJM widmet sich der Bewahrung, Erforschung und Vermittlung j\u00fcdischer, insbesondere synagogaler, Musik.<\/p>","protected":false},"excerpt":{"rendered":"<p class=\"qtranxs-available-languages-message qtranxs-available-languages-message-en\">Sorry, this entry is only available in <a href=\"https:\/\/shop.verlag.uni-potsdam.de\/de\/wp-json\/wp\/v2\/product\/51657\" class=\"qtranxs-available-language-link qtranxs-available-language-link-de\" title=\"Deutsch\">Deutsch<\/a>.<\/p>\n<p>Aus dem Editorial:<\/p>\n<p>\u201eEin Gebet ohne Gesang ist wie ein K\u00f6rper ohne Seele\u201c hei\u00dft es im Vorwort der Studie \u201eDer synagogale Gesang\u201c von Aron Friedmann von 1904 (S. 2). Aron Friedmann (1855\u20131936) wirkte \u00fcber 40 Jahre lang als Kantor in Berlin und besch\u00e4ftigte sich auch als Komponist und Forscher mit j\u00fcdisch-sakraler Musik. Seine Abhandlung \u201eDer synagogale Gesang\u201c ist eines der ersten Werke der modernen Forschung zur Musik der Synagoge im aschkenasischen Raum. Der Gesang in der Synagoge, eben das \u201egesungene Gebet\u201c, von dem Friedmann hier spricht, bildet den Kern der j\u00fcdischen Musiktradition. Er steht im Mittelpunkt der diesj\u00e4hrigen PaRDeS-Ausgabe, die damit einen neuen Beitrag zu diesem Bereich der Musikwissenschaft und gleichzeitig der J\u00fcdischen Studien leisten m\u00f6chte.<\/p>\n<p>Das Heft entstand in Zusammenarbeit mit dem Europ\u00e4ischen Zentrum f\u00fcr J\u00fcdische Musik (EZJM) der Hochschule f\u00fcr Musik, Theater und Medien Hannover. Das EZJM widmet sich der Bewahrung, Erforschung und Vermittlung j\u00fcdischer, insbesondere synagogaler, Musik.<\/p>\n","protected":false},"featured_media":54111,"template":"","meta":{"_acf_changed":false},"product_brand":[],"product_cat":[6226],"product_tag":[5438],"class_list":{"0":"post-51657","1":"product","2":"type-product","3":"status-publish","4":"has-post-thumbnail","6":"product_cat-religion-theologie","7":"product_tag-andere-judentum-religionen","8":"autor-dorothea-m-salzer","9":"autor-rebekka-denz","10":"zeitschriften-pardes","12":"first","13":"instock","14":"shipping-taxable","15":"purchasable","16":"product-type-simple"},"acf":[],"yoast_head":"<!-- This site is optimized with the Yoast SEO plugin v27.1.1 - https:\/\/yoast.com\/product\/yoast-seo-wordpress\/ -->\n<title>&#039;Ein Gebet ohne Gesang ist wie ein K\u00f6rper ohne Seele.&#039; - Universit\u00e4tsverlag Potsdam<\/title>\n<meta name=\"robots\" content=\"index, follow, max-snippet:-1, max-image-preview:large, max-video-preview:-1\" \/>\n<link rel=\"canonical\" href=\"https:\/\/shop.verlag.uni-potsdam.de\/en\/shop\/ein-gebet-ohne-gesang-ist-wie-ein-koerper-ohne-seele\/\" \/>\n<meta property=\"og:locale\" content=\"en_US\" \/>\n<meta property=\"og:type\" content=\"article\" \/>\n<meta property=\"og:title\" content=\"&#039;Ein Gebet ohne Gesang ist wie ein K\u00f6rper ohne Seele.&#039; - Universit\u00e4tsverlag Potsdam\" \/>\n<meta property=\"og:description\" content=\"Aus dem Editorial: \u201eEin Gebet ohne Gesang ist wie ein K\u00f6rper ohne Seele\u201c hei\u00dft es im Vorwort der Studie \u201eDer synagogale Gesang\u201c von Aron Friedmann von 1904 (S. 2). Aron Friedmann (1855\u20131936) wirkte \u00fcber 40 Jahre lang als Kantor in Berlin und besch\u00e4ftigte sich auch als Komponist und Forscher mit j\u00fcdisch-sakraler Musik. Seine Abhandlung \u201eDer synagogale Gesang\u201c ist eines der ersten Werke der modernen Forschung zur Musik der Synagoge im aschkenasischen Raum. Der Gesang in der Synagoge, eben das \u201egesungene Gebet\u201c, von dem Friedmann hier spricht, bildet den Kern der j\u00fcdischen Musiktradition. Er steht im Mittelpunkt der diesj\u00e4hrigen PaRDeS-Ausgabe, die damit einen neuen Beitrag zu diesem Bereich der Musikwissenschaft und gleichzeitig der J\u00fcdischen Studien leisten m\u00f6chte. Das Heft entstand in Zusammenarbeit mit dem Europ\u00e4ischen Zentrum f\u00fcr J\u00fcdische Musik (EZJM) der Hochschule f\u00fcr Musik, Theater und Medien Hannover. Das EZJM widmet sich der Bewahrung, Erforschung und Vermittlung j\u00fcdischer, insbesondere synagogaler, Musik.\" \/>\n<meta property=\"og:url\" content=\"https:\/\/shop.verlag.uni-potsdam.de\/en\/shop\/ein-gebet-ohne-gesang-ist-wie-ein-koerper-ohne-seele\/\" \/>\n<meta property=\"og:site_name\" content=\"Universit\u00e4tsverlag Potsdam\" \/>\n<meta property=\"article:modified_time\" content=\"2026-03-23T10:54:58+00:00\" \/>\n<meta property=\"og:image\" content=\"https:\/\/shop.verlag.uni-potsdam.de\/wp-content\/uploads\/asolmerce\/image-9783869562902.jpg\" \/>\n\t<meta property=\"og:image:width\" content=\"452\" \/>\n\t<meta property=\"og:image:height\" content=\"640\" \/>\n\t<meta property=\"og:image:type\" content=\"image\/jpeg\" \/>\n<meta name=\"twitter:card\" content=\"summary_large_image\" \/>\n<meta name=\"twitter:label1\" content=\"Est. reading time\" \/>\n\t<meta name=\"twitter:data1\" content=\"1 minute\" \/>\n<script type=\"application\/ld+json\" class=\"yoast-schema-graph\">{\"@context\":\"https:\/\/schema.org\",\"@graph\":[{\"@type\":\"WebPage\",\"@id\":\"https:\/\/shop.verlag.uni-potsdam.de\/en\/shop\/ein-gebet-ohne-gesang-ist-wie-ein-koerper-ohne-seele\/\",\"url\":\"https:\/\/shop.verlag.uni-potsdam.de\/en\/shop\/ein-gebet-ohne-gesang-ist-wie-ein-koerper-ohne-seele\/\",\"name\":\"'Ein Gebet ohne Gesang ist wie ein K\u00f6rper ohne Seele.' - Universit\u00e4tsverlag Potsdam\",\"isPartOf\":{\"@id\":\"https:\/\/shop.verlag.uni-potsdam.de\/en\/#website\"},\"primaryImageOfPage\":{\"@id\":\"https:\/\/shop.verlag.uni-potsdam.de\/en\/shop\/ein-gebet-ohne-gesang-ist-wie-ein-koerper-ohne-seele\/#primaryimage\"},\"image\":{\"@id\":\"https:\/\/shop.verlag.uni-potsdam.de\/shop\/ein-gebet-ohne-gesang-ist-wie-ein-koerper-ohne-seele\/#primaryimage\"},\"thumbnailUrl\":\"https:\/\/shop.verlag.uni-potsdam.de\/wp-content\/uploads\/asolmerce\/image-9783869562902.jpg\",\"datePublished\":\"2026-03-23T08:53:58+00:00\",\"dateModified\":\"2026-03-23T10:54:58+00:00\",\"breadcrumb\":{\"@id\":\"https:\/\/shop.verlag.uni-potsdam.de\/en\/shop\/ein-gebet-ohne-gesang-ist-wie-ein-koerper-ohne-seele\/#breadcrumb\"},\"inLanguage\":\"en-US\",\"potentialAction\":[{\"@type\":\"ReadAction\",\"target\":[[\"https:\/\/shop.verlag.uni-potsdam.de\/en\/shop\/ein-gebet-ohne-gesang-ist-wie-ein-koerper-ohne-seele\/\"]]}]},{\"@type\":\"ImageObject\",\"inLanguage\":\"en-US\",\"@id\":\"https:\/\/shop.verlag.uni-potsdam.de\/en\/shop\/ein-gebet-ohne-gesang-ist-wie-ein-koerper-ohne-seele\/#primaryimage\",\"url\":\"https:\/\/shop.verlag.uni-potsdam.de\/wp-content\/uploads\/asolmerce\/image-9783869562902.jpg\",\"contentUrl\":\"https:\/\/shop.verlag.uni-potsdam.de\/wp-content\/uploads\/asolmerce\/image-9783869562902.jpg\",\"width\":452,\"height\":640},{\"@type\":\"BreadcrumbList\",\"@id\":\"https:\/\/shop.verlag.uni-potsdam.de\/en\/shop\/ein-gebet-ohne-gesang-ist-wie-ein-koerper-ohne-seele\/#breadcrumb\",\"itemListElement\":[{\"@type\":\"ListItem\",\"position\":1,\"name\":\"Startseite\",\"item\":\"https:\/\/shop.verlag.uni-potsdam.de\/en\/\"},{\"@type\":\"ListItem\",\"position\":2,\"name\":\"Shop\",\"item\":\"https:\/\/shop.verlag.uni-potsdam.de\/en\/shop\/\"},{\"@type\":\"ListItem\",\"position\":3,\"name\":\"&#8217;Ein Gebet ohne Gesang ist wie ein K\u00f6rper ohne Seele.'\"}]},{\"@type\":\"WebSite\",\"@id\":\"https:\/\/shop.verlag.uni-potsdam.de\/en\/#website\",\"url\":\"https:\/\/shop.verlag.uni-potsdam.de\/en\/\",\"name\":\"Universit\u00e4tsverlag Potsdam\",\"description\":\"\",\"publisher\":{\"@id\":\"https:\/\/shop.verlag.uni-potsdam.de\/en\/#organization\"},\"potentialAction\":[{\"@type\":\"SearchAction\",\"target\":{\"@type\":\"EntryPoint\",\"urlTemplate\":\"https:\/\/shop.verlag.uni-potsdam.de\/en\/?s={search_term_string}\"},\"query-input\":{\"@type\":\"PropertyValueSpecification\",\"valueRequired\":true,\"valueName\":\"search_term_string\"}}],\"inLanguage\":\"en-US\"},{\"@type\":\"Organization\",\"@id\":\"https:\/\/shop.verlag.uni-potsdam.de\/en\/#organization\",\"name\":\"Universit\u00e4tsverlag Potsdam\",\"url\":\"https:\/\/shop.verlag.uni-potsdam.de\/en\/\",\"logo\":{\"@type\":\"ImageObject\",\"inLanguage\":\"en-US\",\"@id\":\"https:\/\/shop.verlag.uni-potsdam.de\/en\/#\/schema\/logo\/image\/\",\"url\":\"https:\/\/shop.verlag.uni-potsdam.de\/wp-content\/uploads\/2017\/04\/up_logo_university_2.png\",\"contentUrl\":\"https:\/\/shop.verlag.uni-potsdam.de\/wp-content\/uploads\/2017\/04\/up_logo_university_2.png\",\"width\":160,\"height\":172,\"caption\":\"Universit\u00e4tsverlag Potsdam\"},\"image\":{\"@id\":\"https:\/\/shop.verlag.uni-potsdam.de\/en\/#\/schema\/logo\/image\/\"}}]}<\/script>\n<!-- \/ Yoast SEO plugin. -->","yoast_head_json":{"title":"'Ein Gebet ohne Gesang ist wie ein K\u00f6rper ohne Seele.' - Universit\u00e4tsverlag Potsdam","robots":{"index":"index","follow":"follow","max-snippet":"max-snippet:-1","max-image-preview":"max-image-preview:large","max-video-preview":"max-video-preview:-1"},"canonical":"https:\/\/shop.verlag.uni-potsdam.de\/en\/shop\/ein-gebet-ohne-gesang-ist-wie-ein-koerper-ohne-seele\/","og_locale":"en_US","og_type":"article","og_title":"'Ein Gebet ohne Gesang ist wie ein K\u00f6rper ohne Seele.' - Universit\u00e4tsverlag Potsdam","og_description":"Aus dem Editorial: \u201eEin Gebet ohne Gesang ist wie ein K\u00f6rper ohne Seele\u201c hei\u00dft es im Vorwort der Studie \u201eDer synagogale Gesang\u201c von Aron Friedmann von 1904 (S. 2). Aron Friedmann (1855\u20131936) wirkte \u00fcber 40 Jahre lang als Kantor in Berlin und besch\u00e4ftigte sich auch als Komponist und Forscher mit j\u00fcdisch-sakraler Musik. Seine Abhandlung \u201eDer synagogale Gesang\u201c ist eines der ersten Werke der modernen Forschung zur Musik der Synagoge im aschkenasischen Raum. Der Gesang in der Synagoge, eben das \u201egesungene Gebet\u201c, von dem Friedmann hier spricht, bildet den Kern der j\u00fcdischen Musiktradition. Er steht im Mittelpunkt der diesj\u00e4hrigen PaRDeS-Ausgabe, die damit einen neuen Beitrag zu diesem Bereich der Musikwissenschaft und gleichzeitig der J\u00fcdischen Studien leisten m\u00f6chte. Das Heft entstand in Zusammenarbeit mit dem Europ\u00e4ischen Zentrum f\u00fcr J\u00fcdische Musik (EZJM) der Hochschule f\u00fcr Musik, Theater und Medien Hannover. Das EZJM widmet sich der Bewahrung, Erforschung und Vermittlung j\u00fcdischer, insbesondere synagogaler, Musik.","og_url":"https:\/\/shop.verlag.uni-potsdam.de\/en\/shop\/ein-gebet-ohne-gesang-ist-wie-ein-koerper-ohne-seele\/","og_site_name":"Universit\u00e4tsverlag Potsdam","article_modified_time":"2026-03-23T10:54:58+00:00","og_image":[{"width":452,"height":640,"url":"https:\/\/shop.verlag.uni-potsdam.de\/wp-content\/uploads\/asolmerce\/image-9783869562902.jpg","type":"image\/jpeg"}],"twitter_card":"summary_large_image","twitter_misc":{"Est. reading time":"1 minute"},"schema":{"@context":"https:\/\/schema.org","@graph":[{"@type":"WebPage","@id":"https:\/\/shop.verlag.uni-potsdam.de\/en\/shop\/ein-gebet-ohne-gesang-ist-wie-ein-koerper-ohne-seele\/","url":"https:\/\/shop.verlag.uni-potsdam.de\/en\/shop\/ein-gebet-ohne-gesang-ist-wie-ein-koerper-ohne-seele\/","name":"'Ein Gebet ohne Gesang ist wie ein K\u00f6rper ohne Seele.' - Universit\u00e4tsverlag Potsdam","isPartOf":{"@id":"https:\/\/shop.verlag.uni-potsdam.de\/en\/#website"},"primaryImageOfPage":{"@id":"https:\/\/shop.verlag.uni-potsdam.de\/en\/shop\/ein-gebet-ohne-gesang-ist-wie-ein-koerper-ohne-seele\/#primaryimage"},"image":{"@id":"https:\/\/shop.verlag.uni-potsdam.de\/shop\/ein-gebet-ohne-gesang-ist-wie-ein-koerper-ohne-seele\/#primaryimage"},"thumbnailUrl":"https:\/\/shop.verlag.uni-potsdam.de\/wp-content\/uploads\/asolmerce\/image-9783869562902.jpg","datePublished":"2026-03-23T08:53:58+00:00","dateModified":"2026-03-23T10:54:58+00:00","breadcrumb":{"@id":"https:\/\/shop.verlag.uni-potsdam.de\/en\/shop\/ein-gebet-ohne-gesang-ist-wie-ein-koerper-ohne-seele\/#breadcrumb"},"inLanguage":"en-US","potentialAction":[{"@type":"ReadAction","target":[["https:\/\/shop.verlag.uni-potsdam.de\/en\/shop\/ein-gebet-ohne-gesang-ist-wie-ein-koerper-ohne-seele\/"]]}]},{"@type":"ImageObject","inLanguage":"en-US","@id":"https:\/\/shop.verlag.uni-potsdam.de\/en\/shop\/ein-gebet-ohne-gesang-ist-wie-ein-koerper-ohne-seele\/#primaryimage","url":"https:\/\/shop.verlag.uni-potsdam.de\/wp-content\/uploads\/asolmerce\/image-9783869562902.jpg","contentUrl":"https:\/\/shop.verlag.uni-potsdam.de\/wp-content\/uploads\/asolmerce\/image-9783869562902.jpg","width":452,"height":640},{"@type":"BreadcrumbList","@id":"https:\/\/shop.verlag.uni-potsdam.de\/en\/shop\/ein-gebet-ohne-gesang-ist-wie-ein-koerper-ohne-seele\/#breadcrumb","itemListElement":[{"@type":"ListItem","position":1,"name":"Startseite","item":"https:\/\/shop.verlag.uni-potsdam.de\/en\/"},{"@type":"ListItem","position":2,"name":"Shop","item":"https:\/\/shop.verlag.uni-potsdam.de\/en\/shop\/"},{"@type":"ListItem","position":3,"name":"&#8217;Ein Gebet ohne Gesang ist wie ein K\u00f6rper ohne Seele.'"}]},{"@type":"WebSite","@id":"https:\/\/shop.verlag.uni-potsdam.de\/en\/#website","url":"https:\/\/shop.verlag.uni-potsdam.de\/en\/","name":"Universit\u00e4tsverlag Potsdam","description":"","publisher":{"@id":"https:\/\/shop.verlag.uni-potsdam.de\/en\/#organization"},"potentialAction":[{"@type":"SearchAction","target":{"@type":"EntryPoint","urlTemplate":"https:\/\/shop.verlag.uni-potsdam.de\/en\/?s={search_term_string}"},"query-input":{"@type":"PropertyValueSpecification","valueRequired":true,"valueName":"search_term_string"}}],"inLanguage":"en-US"},{"@type":"Organization","@id":"https:\/\/shop.verlag.uni-potsdam.de\/en\/#organization","name":"Universit\u00e4tsverlag Potsdam","url":"https:\/\/shop.verlag.uni-potsdam.de\/en\/","logo":{"@type":"ImageObject","inLanguage":"en-US","@id":"https:\/\/shop.verlag.uni-potsdam.de\/en\/#\/schema\/logo\/image\/","url":"https:\/\/shop.verlag.uni-potsdam.de\/wp-content\/uploads\/2017\/04\/up_logo_university_2.png","contentUrl":"https:\/\/shop.verlag.uni-potsdam.de\/wp-content\/uploads\/2017\/04\/up_logo_university_2.png","width":160,"height":172,"caption":"Universit\u00e4tsverlag Potsdam"},"image":{"@id":"https:\/\/shop.verlag.uni-potsdam.de\/en\/#\/schema\/logo\/image\/"}}]}},"_links":{"self":[{"href":"https:\/\/shop.verlag.uni-potsdam.de\/en\/wp-json\/wp\/v2\/product\/51657","targetHints":{"allow":["GET"]}}],"collection":[{"href":"https:\/\/shop.verlag.uni-potsdam.de\/en\/wp-json\/wp\/v2\/product"}],"about":[{"href":"https:\/\/shop.verlag.uni-potsdam.de\/en\/wp-json\/wp\/v2\/types\/product"}],"wp:featuredmedia":[{"embeddable":true,"href":"https:\/\/shop.verlag.uni-potsdam.de\/en\/wp-json\/wp\/v2\/media\/54111"}],"wp:attachment":[{"href":"https:\/\/shop.verlag.uni-potsdam.de\/en\/wp-json\/wp\/v2\/media?parent=51657"}],"wp:term":[{"taxonomy":"product_brand","embeddable":true,"href":"https:\/\/shop.verlag.uni-potsdam.de\/en\/wp-json\/wp\/v2\/product_brand?post=51657"},{"taxonomy":"product_cat","embeddable":true,"href":"https:\/\/shop.verlag.uni-potsdam.de\/en\/wp-json\/wp\/v2\/product_cat?post=51657"},{"taxonomy":"product_tag","embeddable":true,"href":"https:\/\/shop.verlag.uni-potsdam.de\/en\/wp-json\/wp\/v2\/product_tag?post=51657"}],"curies":[{"name":"wp","href":"https:\/\/api.w.org\/{rel}","templated":true}]}}