{"id":51659,"date":"2026-04-27T05:36:38","date_gmt":"2026-04-27T05:36:38","guid":{"rendered":"http:\/\/shop.verlag.uni-potsdam.de\/produkt\/kommunen-buerger-und-wirtschaft-im-solidarischen-miteinander-von-genossenschaften\/"},"modified":"2026-04-27T09:37:38","modified_gmt":"2026-04-27T07:37:38","slug":"kommunen-buerger-wirtschaft-im-solidarischen-miteinander-von-genossenschaften","status":"publish","type":"product","link":"https:\/\/shop.verlag.uni-potsdam.de\/en\/shop\/kommunen-buerger-wirtschaft-im-solidarischen-miteinander-von-genossenschaften\/","title":{"rendered":"Kommunen, B\u00fcrger, Wirtschaft im solidarischen Miteinander von Genossenschaften"},"content":{"rendered":"<p class=\"qtranxs-available-languages-message qtranxs-available-languages-message-en\">Sorry, this entry is only available in <a href=\"https:\/\/shop.verlag.uni-potsdam.de\/de\/wp-json\/wp\/v2\/product\/51659\" class=\"qtranxs-available-language-link qtranxs-available-language-link-de\" title=\"Deutsch\">Deutsch<\/a>.<\/p><p>Genossenschaften wirken auf manche wie ein angestaubtes Relikt aus der Vergangenheit. Das eingetr\u00fcbte Image \u00fcberrascht. Denn Genossenschaften haben sich immer wieder als besonders krisenfest erwiesen und l\u00e4ngst auch als erfolgreiches Zukunftsmodell entpuppt. Der stetige Zuwachs an Neugr\u00fcndungen, die steigenden Mitgliederzahlen und die st\u00e4ndige Ausweitung der Aktionsfelder best\u00e4tigen die hohe Attraktivit\u00e4t. Dem entspricht eine enorme Einsatzbreite der Genossenschaftsidee. Sie reicht von Agrargenossenschaften \u00fcber Produktionsgenossenschaften in Handel, Handwerk und Gewerbe bis hin zu sehr modernen Bereichen etwa der neuen Informations- und Kommunikationstechnologien. In all diesen und vielen anderen Segmenten finden sich variantenreiche genossenschaftliche Gestaltungsoptionen nach Maximen wie Selbsthilfe, Solidarit\u00e4t, B\u00fcrgerengagement, Partizipation, Mitglieder- und Gemeinwohlorientierung. Inzwischen lockt die hohe Anziehungskraft der Genossenschaftsidee auch die Kommunen. Angesto\u00dfen durch gesetzgeberische Impulse erleben die Genossenschaften auf der kommunalen Ebene derzeit bundesweit einen richtigen Aufschwung. Die Aufwertung erweitert die \u00dcberlegungen zur Gew\u00e4hrleistung und Optimierung kommunaler Leistungserbringung um eine wichtige Gestaltungsvariante, nimmt aber den Kommunen die Auswahlentscheidung nicht ab. Denn wie bei allen Organisationsentscheidungen ist vor dem R\u00fcckgriff auf genossenschaftliche Organisationsformen in jedem Einzelfall eine n\u00fcchterne aufgaben-, sach- und situationsbezogene Vergleichsanalyse geboten, die den Entscheidungstr\u00e4gern spezifische Kenntnisse und detaillierte Fachkompetenz abverlangt. Die 19. Fachtagung des KWI diskutiert rechtliche Rahmenbedingungen und normative Direktiven, praktische Erfahrungen, Einsatzfelder, Erfolgsbedingungen und Fallstricke in der Praxis.<\/p>","protected":false},"excerpt":{"rendered":"<p class=\"qtranxs-available-languages-message qtranxs-available-languages-message-en\">Sorry, this entry is only available in <a href=\"https:\/\/shop.verlag.uni-potsdam.de\/de\/wp-json\/wp\/v2\/product\/51659\" class=\"qtranxs-available-language-link qtranxs-available-language-link-de\" title=\"Deutsch\">Deutsch<\/a>.<\/p>\n<p>Genossenschaften wirken auf manche wie ein angestaubtes Relikt aus der Vergangenheit. Das eingetr\u00fcbte Image \u00fcberrascht. Denn Genossenschaften haben sich immer wieder als besonders krisenfest erwiesen und l\u00e4ngst auch als erfolgreiches Zukunftsmodell entpuppt. Der stetige Zuwachs an Neugr\u00fcndungen, die steigenden Mitgliederzahlen und die st\u00e4ndige Ausweitung der Aktionsfelder best\u00e4tigen die hohe Attraktivit\u00e4t. Dem entspricht eine enorme Einsatzbreite der Genossenschaftsidee. Sie reicht von Agrargenossenschaften \u00fcber Produktionsgenossenschaften in Handel, Handwerk und Gewerbe bis hin zu sehr modernen Bereichen etwa der neuen Informations- und Kommunikationstechnologien. In all diesen und vielen anderen Segmenten finden sich variantenreiche genossenschaftliche Gestaltungsoptionen nach Maximen wie Selbsthilfe, Solidarit\u00e4t, B\u00fcrgerengagement, Partizipation, Mitglieder- und Gemeinwohlorientierung. Inzwischen lockt die hohe Anziehungskraft der Genossenschaftsidee auch die Kommunen. Angesto\u00dfen durch gesetzgeberische Impulse erleben die Genossenschaften auf der kommunalen Ebene derzeit bundesweit einen richtigen Aufschwung. Die Aufwertung erweitert die \u00dcberlegungen zur Gew\u00e4hrleistung und Optimierung kommunaler Leistungserbringung um eine wichtige Gestaltungsvariante, nimmt aber den Kommunen die Auswahlentscheidung nicht ab. Denn wie bei allen Organisationsentscheidungen ist vor dem R\u00fcckgriff auf genossenschaftliche Organisationsformen in jedem Einzelfall eine n\u00fcchterne aufgaben-, sach- und situationsbezogene Vergleichsanalyse geboten, die den Entscheidungstr\u00e4gern spezifische Kenntnisse und detaillierte Fachkompetenz abverlangt. Die 19. Fachtagung des KWI diskutiert rechtliche Rahmenbedingungen und normative Direktiven, praktische Erfahrungen, Einsatzfelder, Erfolgsbedingungen und Fallstricke in der Praxis.<\/p>\n","protected":false},"featured_media":54108,"template":"","meta":{"_acf_changed":false},"product_brand":[],"product_cat":[6223],"product_tag":[5812],"class_list":{"0":"post-51659","1":"product","2":"type-product","3":"status-publish","4":"has-post-thumbnail","6":"product_cat-politikwissenschaft-web-kategorie","7":"product_tag-energiegenossenscha-partizipation-wohnungsbaugenossenschaften-kommunale-daseinsvorsorge-kommunale-modernisierungsstrategien","8":"autor-christiane-buechner","9":"autor-friedrich-markmann","10":"autor-hartmut-bauer","12":"first","13":"instock","14":"shipping-taxable","15":"purchasable","16":"product-type-simple"},"acf":[],"yoast_head":"<!-- This site is optimized with the Yoast SEO plugin v27.1.1 - https:\/\/yoast.com\/product\/yoast-seo-wordpress\/ -->\n<title>Kommunen, B\u00fcrger, Wirtschaft im solidarischen Miteinander von Genossenschaften - Universit\u00e4tsverlag Potsdam<\/title>\n<meta name=\"robots\" content=\"index, follow, max-snippet:-1, max-image-preview:large, max-video-preview:-1\" \/>\n<link rel=\"canonical\" href=\"https:\/\/shop.verlag.uni-potsdam.de\/en\/shop\/kommunen-buerger-wirtschaft-im-solidarischen-miteinander-von-genossenschaften\/\" \/>\n<meta property=\"og:locale\" content=\"en_US\" \/>\n<meta property=\"og:type\" content=\"article\" \/>\n<meta property=\"og:title\" content=\"Kommunen, B\u00fcrger, Wirtschaft im solidarischen Miteinander von Genossenschaften - Universit\u00e4tsverlag Potsdam\" \/>\n<meta property=\"og:description\" content=\"Genossenschaften wirken auf manche wie ein angestaubtes Relikt aus der Vergangenheit. Das eingetr\u00fcbte Image \u00fcberrascht. Denn Genossenschaften haben sich immer wieder als besonders krisenfest erwiesen und l\u00e4ngst auch als erfolgreiches Zukunftsmodell entpuppt. Der stetige Zuwachs an Neugr\u00fcndungen, die steigenden Mitgliederzahlen und die st\u00e4ndige Ausweitung der Aktionsfelder best\u00e4tigen die hohe Attraktivit\u00e4t. Dem entspricht eine enorme Einsatzbreite der Genossenschaftsidee. Sie reicht von Agrargenossenschaften \u00fcber Produktionsgenossenschaften in Handel, Handwerk und Gewerbe bis hin zu sehr modernen Bereichen etwa der neuen Informations- und Kommunikationstechnologien. In all diesen und vielen anderen Segmenten finden sich variantenreiche genossenschaftliche Gestaltungsoptionen nach Maximen wie Selbsthilfe, Solidarit\u00e4t, B\u00fcrgerengagement, Partizipation, Mitglieder- und Gemeinwohlorientierung. Inzwischen lockt die hohe Anziehungskraft der Genossenschaftsidee auch die Kommunen. Angesto\u00dfen durch gesetzgeberische Impulse erleben die Genossenschaften auf der kommunalen Ebene derzeit bundesweit einen richtigen Aufschwung. Die Aufwertung erweitert die \u00dcberlegungen zur Gew\u00e4hrleistung und Optimierung kommunaler Leistungserbringung um eine wichtige Gestaltungsvariante, nimmt aber den Kommunen die Auswahlentscheidung nicht ab. Denn wie bei allen Organisationsentscheidungen ist vor dem R\u00fcckgriff auf genossenschaftliche Organisationsformen in jedem Einzelfall eine n\u00fcchterne aufgaben-, sach- und situationsbezogene Vergleichsanalyse geboten, die den Entscheidungstr\u00e4gern spezifische Kenntnisse und detaillierte Fachkompetenz abverlangt. Die 19. Fachtagung des KWI diskutiert rechtliche Rahmenbedingungen und normative Direktiven, praktische Erfahrungen, Einsatzfelder, Erfolgsbedingungen und Fallstricke in der Praxis.\" \/>\n<meta property=\"og:url\" content=\"https:\/\/shop.verlag.uni-potsdam.de\/en\/shop\/kommunen-buerger-wirtschaft-im-solidarischen-miteinander-von-genossenschaften\/\" \/>\n<meta property=\"og:site_name\" content=\"Universit\u00e4tsverlag Potsdam\" \/>\n<meta property=\"article:modified_time\" content=\"2026-04-27T07:37:38+00:00\" \/>\n<meta property=\"og:image\" content=\"https:\/\/shop.verlag.uni-potsdam.de\/wp-content\/uploads\/asolmerce\/image-9783869562872.jpg\" \/>\n\t<meta property=\"og:image:width\" content=\"452\" \/>\n\t<meta property=\"og:image:height\" content=\"640\" \/>\n\t<meta property=\"og:image:type\" content=\"image\/jpeg\" \/>\n<meta name=\"twitter:card\" content=\"summary_large_image\" \/>\n<meta name=\"twitter:label1\" content=\"Est. reading time\" \/>\n\t<meta name=\"twitter:data1\" content=\"1 minute\" \/>\n<script type=\"application\/ld+json\" class=\"yoast-schema-graph\">{\"@context\":\"https:\/\/schema.org\",\"@graph\":[{\"@type\":\"WebPage\",\"@id\":\"https:\/\/shop.verlag.uni-potsdam.de\/en\/shop\/kommunen-buerger-wirtschaft-im-solidarischen-miteinander-von-genossenschaften\/\",\"url\":\"https:\/\/shop.verlag.uni-potsdam.de\/en\/shop\/kommunen-buerger-wirtschaft-im-solidarischen-miteinander-von-genossenschaften\/\",\"name\":\"Kommunen, B\u00fcrger, Wirtschaft im solidarischen Miteinander von Genossenschaften - Universit\u00e4tsverlag Potsdam\",\"isPartOf\":{\"@id\":\"https:\/\/shop.verlag.uni-potsdam.de\/en\/#website\"},\"primaryImageOfPage\":{\"@id\":\"https:\/\/shop.verlag.uni-potsdam.de\/en\/shop\/kommunen-buerger-wirtschaft-im-solidarischen-miteinander-von-genossenschaften\/#primaryimage\"},\"image\":{\"@id\":\"https:\/\/shop.verlag.uni-potsdam.de\/shop\/kommunen-buerger-wirtschaft-im-solidarischen-miteinander-von-genossenschaften\/#primaryimage\"},\"thumbnailUrl\":\"https:\/\/shop.verlag.uni-potsdam.de\/wp-content\/uploads\/asolmerce\/image-9783869562872.jpg\",\"datePublished\":\"2026-04-27T05:36:38+00:00\",\"dateModified\":\"2026-04-27T07:37:38+00:00\",\"breadcrumb\":{\"@id\":\"https:\/\/shop.verlag.uni-potsdam.de\/en\/shop\/kommunen-buerger-wirtschaft-im-solidarischen-miteinander-von-genossenschaften\/#breadcrumb\"},\"inLanguage\":\"en-US\",\"potentialAction\":[{\"@type\":\"ReadAction\",\"target\":[[\"https:\/\/shop.verlag.uni-potsdam.de\/en\/shop\/kommunen-buerger-wirtschaft-im-solidarischen-miteinander-von-genossenschaften\/\"]]}]},{\"@type\":\"ImageObject\",\"inLanguage\":\"en-US\",\"@id\":\"https:\/\/shop.verlag.uni-potsdam.de\/en\/shop\/kommunen-buerger-wirtschaft-im-solidarischen-miteinander-von-genossenschaften\/#primaryimage\",\"url\":\"https:\/\/shop.verlag.uni-potsdam.de\/wp-content\/uploads\/asolmerce\/image-9783869562872.jpg\",\"contentUrl\":\"https:\/\/shop.verlag.uni-potsdam.de\/wp-content\/uploads\/asolmerce\/image-9783869562872.jpg\",\"width\":452,\"height\":640},{\"@type\":\"BreadcrumbList\",\"@id\":\"https:\/\/shop.verlag.uni-potsdam.de\/en\/shop\/kommunen-buerger-wirtschaft-im-solidarischen-miteinander-von-genossenschaften\/#breadcrumb\",\"itemListElement\":[{\"@type\":\"ListItem\",\"position\":1,\"name\":\"Startseite\",\"item\":\"https:\/\/shop.verlag.uni-potsdam.de\/en\/\"},{\"@type\":\"ListItem\",\"position\":2,\"name\":\"Shop\",\"item\":\"https:\/\/shop.verlag.uni-potsdam.de\/en\/shop\/\"},{\"@type\":\"ListItem\",\"position\":3,\"name\":\"Kommunen, B\u00fcrger, Wirtschaft im solidarischen Miteinander von Genossenschaften\"}]},{\"@type\":\"WebSite\",\"@id\":\"https:\/\/shop.verlag.uni-potsdam.de\/en\/#website\",\"url\":\"https:\/\/shop.verlag.uni-potsdam.de\/en\/\",\"name\":\"Universit\u00e4tsverlag Potsdam\",\"description\":\"\",\"publisher\":{\"@id\":\"https:\/\/shop.verlag.uni-potsdam.de\/en\/#organization\"},\"potentialAction\":[{\"@type\":\"SearchAction\",\"target\":{\"@type\":\"EntryPoint\",\"urlTemplate\":\"https:\/\/shop.verlag.uni-potsdam.de\/en\/?s={search_term_string}\"},\"query-input\":{\"@type\":\"PropertyValueSpecification\",\"valueRequired\":true,\"valueName\":\"search_term_string\"}}],\"inLanguage\":\"en-US\"},{\"@type\":\"Organization\",\"@id\":\"https:\/\/shop.verlag.uni-potsdam.de\/en\/#organization\",\"name\":\"Universit\u00e4tsverlag Potsdam\",\"url\":\"https:\/\/shop.verlag.uni-potsdam.de\/en\/\",\"logo\":{\"@type\":\"ImageObject\",\"inLanguage\":\"en-US\",\"@id\":\"https:\/\/shop.verlag.uni-potsdam.de\/en\/#\/schema\/logo\/image\/\",\"url\":\"https:\/\/shop.verlag.uni-potsdam.de\/wp-content\/uploads\/2017\/04\/up_logo_university_2.png\",\"contentUrl\":\"https:\/\/shop.verlag.uni-potsdam.de\/wp-content\/uploads\/2017\/04\/up_logo_university_2.png\",\"width\":160,\"height\":172,\"caption\":\"Universit\u00e4tsverlag Potsdam\"},\"image\":{\"@id\":\"https:\/\/shop.verlag.uni-potsdam.de\/en\/#\/schema\/logo\/image\/\"}}]}<\/script>\n<!-- \/ Yoast SEO plugin. -->","yoast_head_json":{"title":"Kommunen, B\u00fcrger, Wirtschaft im solidarischen Miteinander von Genossenschaften - Universit\u00e4tsverlag Potsdam","robots":{"index":"index","follow":"follow","max-snippet":"max-snippet:-1","max-image-preview":"max-image-preview:large","max-video-preview":"max-video-preview:-1"},"canonical":"https:\/\/shop.verlag.uni-potsdam.de\/en\/shop\/kommunen-buerger-wirtschaft-im-solidarischen-miteinander-von-genossenschaften\/","og_locale":"en_US","og_type":"article","og_title":"Kommunen, B\u00fcrger, Wirtschaft im solidarischen Miteinander von Genossenschaften - Universit\u00e4tsverlag Potsdam","og_description":"Genossenschaften wirken auf manche wie ein angestaubtes Relikt aus der Vergangenheit. Das eingetr\u00fcbte Image \u00fcberrascht. Denn Genossenschaften haben sich immer wieder als besonders krisenfest erwiesen und l\u00e4ngst auch als erfolgreiches Zukunftsmodell entpuppt. Der stetige Zuwachs an Neugr\u00fcndungen, die steigenden Mitgliederzahlen und die st\u00e4ndige Ausweitung der Aktionsfelder best\u00e4tigen die hohe Attraktivit\u00e4t. Dem entspricht eine enorme Einsatzbreite der Genossenschaftsidee. Sie reicht von Agrargenossenschaften \u00fcber Produktionsgenossenschaften in Handel, Handwerk und Gewerbe bis hin zu sehr modernen Bereichen etwa der neuen Informations- und Kommunikationstechnologien. In all diesen und vielen anderen Segmenten finden sich variantenreiche genossenschaftliche Gestaltungsoptionen nach Maximen wie Selbsthilfe, Solidarit\u00e4t, B\u00fcrgerengagement, Partizipation, Mitglieder- und Gemeinwohlorientierung. Inzwischen lockt die hohe Anziehungskraft der Genossenschaftsidee auch die Kommunen. Angesto\u00dfen durch gesetzgeberische Impulse erleben die Genossenschaften auf der kommunalen Ebene derzeit bundesweit einen richtigen Aufschwung. Die Aufwertung erweitert die \u00dcberlegungen zur Gew\u00e4hrleistung und Optimierung kommunaler Leistungserbringung um eine wichtige Gestaltungsvariante, nimmt aber den Kommunen die Auswahlentscheidung nicht ab. Denn wie bei allen Organisationsentscheidungen ist vor dem R\u00fcckgriff auf genossenschaftliche Organisationsformen in jedem Einzelfall eine n\u00fcchterne aufgaben-, sach- und situationsbezogene Vergleichsanalyse geboten, die den Entscheidungstr\u00e4gern spezifische Kenntnisse und detaillierte Fachkompetenz abverlangt. Die 19. Fachtagung des KWI diskutiert rechtliche Rahmenbedingungen und normative Direktiven, praktische Erfahrungen, Einsatzfelder, Erfolgsbedingungen und Fallstricke in der Praxis.","og_url":"https:\/\/shop.verlag.uni-potsdam.de\/en\/shop\/kommunen-buerger-wirtschaft-im-solidarischen-miteinander-von-genossenschaften\/","og_site_name":"Universit\u00e4tsverlag Potsdam","article_modified_time":"2026-04-27T07:37:38+00:00","og_image":[{"width":452,"height":640,"url":"https:\/\/shop.verlag.uni-potsdam.de\/wp-content\/uploads\/asolmerce\/image-9783869562872.jpg","type":"image\/jpeg"}],"twitter_card":"summary_large_image","twitter_misc":{"Est. reading time":"1 minute"},"schema":{"@context":"https:\/\/schema.org","@graph":[{"@type":"WebPage","@id":"https:\/\/shop.verlag.uni-potsdam.de\/en\/shop\/kommunen-buerger-wirtschaft-im-solidarischen-miteinander-von-genossenschaften\/","url":"https:\/\/shop.verlag.uni-potsdam.de\/en\/shop\/kommunen-buerger-wirtschaft-im-solidarischen-miteinander-von-genossenschaften\/","name":"Kommunen, B\u00fcrger, Wirtschaft im solidarischen Miteinander von Genossenschaften - Universit\u00e4tsverlag Potsdam","isPartOf":{"@id":"https:\/\/shop.verlag.uni-potsdam.de\/en\/#website"},"primaryImageOfPage":{"@id":"https:\/\/shop.verlag.uni-potsdam.de\/en\/shop\/kommunen-buerger-wirtschaft-im-solidarischen-miteinander-von-genossenschaften\/#primaryimage"},"image":{"@id":"https:\/\/shop.verlag.uni-potsdam.de\/shop\/kommunen-buerger-wirtschaft-im-solidarischen-miteinander-von-genossenschaften\/#primaryimage"},"thumbnailUrl":"https:\/\/shop.verlag.uni-potsdam.de\/wp-content\/uploads\/asolmerce\/image-9783869562872.jpg","datePublished":"2026-04-27T05:36:38+00:00","dateModified":"2026-04-27T07:37:38+00:00","breadcrumb":{"@id":"https:\/\/shop.verlag.uni-potsdam.de\/en\/shop\/kommunen-buerger-wirtschaft-im-solidarischen-miteinander-von-genossenschaften\/#breadcrumb"},"inLanguage":"en-US","potentialAction":[{"@type":"ReadAction","target":[["https:\/\/shop.verlag.uni-potsdam.de\/en\/shop\/kommunen-buerger-wirtschaft-im-solidarischen-miteinander-von-genossenschaften\/"]]}]},{"@type":"ImageObject","inLanguage":"en-US","@id":"https:\/\/shop.verlag.uni-potsdam.de\/en\/shop\/kommunen-buerger-wirtschaft-im-solidarischen-miteinander-von-genossenschaften\/#primaryimage","url":"https:\/\/shop.verlag.uni-potsdam.de\/wp-content\/uploads\/asolmerce\/image-9783869562872.jpg","contentUrl":"https:\/\/shop.verlag.uni-potsdam.de\/wp-content\/uploads\/asolmerce\/image-9783869562872.jpg","width":452,"height":640},{"@type":"BreadcrumbList","@id":"https:\/\/shop.verlag.uni-potsdam.de\/en\/shop\/kommunen-buerger-wirtschaft-im-solidarischen-miteinander-von-genossenschaften\/#breadcrumb","itemListElement":[{"@type":"ListItem","position":1,"name":"Startseite","item":"https:\/\/shop.verlag.uni-potsdam.de\/en\/"},{"@type":"ListItem","position":2,"name":"Shop","item":"https:\/\/shop.verlag.uni-potsdam.de\/en\/shop\/"},{"@type":"ListItem","position":3,"name":"Kommunen, B\u00fcrger, Wirtschaft im solidarischen Miteinander von Genossenschaften"}]},{"@type":"WebSite","@id":"https:\/\/shop.verlag.uni-potsdam.de\/en\/#website","url":"https:\/\/shop.verlag.uni-potsdam.de\/en\/","name":"Universit\u00e4tsverlag Potsdam","description":"","publisher":{"@id":"https:\/\/shop.verlag.uni-potsdam.de\/en\/#organization"},"potentialAction":[{"@type":"SearchAction","target":{"@type":"EntryPoint","urlTemplate":"https:\/\/shop.verlag.uni-potsdam.de\/en\/?s={search_term_string}"},"query-input":{"@type":"PropertyValueSpecification","valueRequired":true,"valueName":"search_term_string"}}],"inLanguage":"en-US"},{"@type":"Organization","@id":"https:\/\/shop.verlag.uni-potsdam.de\/en\/#organization","name":"Universit\u00e4tsverlag Potsdam","url":"https:\/\/shop.verlag.uni-potsdam.de\/en\/","logo":{"@type":"ImageObject","inLanguage":"en-US","@id":"https:\/\/shop.verlag.uni-potsdam.de\/en\/#\/schema\/logo\/image\/","url":"https:\/\/shop.verlag.uni-potsdam.de\/wp-content\/uploads\/2017\/04\/up_logo_university_2.png","contentUrl":"https:\/\/shop.verlag.uni-potsdam.de\/wp-content\/uploads\/2017\/04\/up_logo_university_2.png","width":160,"height":172,"caption":"Universit\u00e4tsverlag Potsdam"},"image":{"@id":"https:\/\/shop.verlag.uni-potsdam.de\/en\/#\/schema\/logo\/image\/"}}]}},"_links":{"self":[{"href":"https:\/\/shop.verlag.uni-potsdam.de\/en\/wp-json\/wp\/v2\/product\/51659","targetHints":{"allow":["GET"]}}],"collection":[{"href":"https:\/\/shop.verlag.uni-potsdam.de\/en\/wp-json\/wp\/v2\/product"}],"about":[{"href":"https:\/\/shop.verlag.uni-potsdam.de\/en\/wp-json\/wp\/v2\/types\/product"}],"wp:featuredmedia":[{"embeddable":true,"href":"https:\/\/shop.verlag.uni-potsdam.de\/en\/wp-json\/wp\/v2\/media\/54108"}],"wp:attachment":[{"href":"https:\/\/shop.verlag.uni-potsdam.de\/en\/wp-json\/wp\/v2\/media?parent=51659"}],"wp:term":[{"taxonomy":"product_brand","embeddable":true,"href":"https:\/\/shop.verlag.uni-potsdam.de\/en\/wp-json\/wp\/v2\/product_brand?post=51659"},{"taxonomy":"product_cat","embeddable":true,"href":"https:\/\/shop.verlag.uni-potsdam.de\/en\/wp-json\/wp\/v2\/product_cat?post=51659"},{"taxonomy":"product_tag","embeddable":true,"href":"https:\/\/shop.verlag.uni-potsdam.de\/en\/wp-json\/wp\/v2\/product_tag?post=51659"}],"curies":[{"name":"wp","href":"https:\/\/api.w.org\/{rel}","templated":true}]}}