{"id":51661,"date":"2026-03-23T08:53:57","date_gmt":"2026-03-23T08:53:57","guid":{"rendered":"http:\/\/shop.verlag.uni-potsdam.de\/produkt\/adelmann-die-traenen-des-henri-quatre\/"},"modified":"2026-03-23T11:54:57","modified_gmt":"2026-03-23T10:54:57","slug":"die-traenen-des-henri-quatre","status":"publish","type":"product","link":"https:\/\/shop.verlag.uni-potsdam.de\/en\/shop\/die-traenen-des-henri-quatre\/","title":{"rendered":"Die Tr\u00e4nen des Henri Quatre"},"content":{"rendered":"<p class=\"qtranxs-available-languages-message qtranxs-available-languages-message-en\">Sorry, this entry is only available in <a href=\"https:\/\/shop.verlag.uni-potsdam.de\/de\/wp-json\/wp\/v2\/product\/51661\" class=\"qtranxs-available-language-link qtranxs-available-language-link-de\" title=\"Deutsch\">Deutsch<\/a>.<\/p><p>Der vorliegende zweite Band mit Texten aus dem Nachlass von Dieter Adelmann (1936\u20132008) macht eine der letzten Arbeiten, die ihr Verfasser anl\u00e4sslich seines 70. Geburtstags aus der Hand gegeben hat, f\u00fcr ein breites Publikum zug\u00e4nglich. Der Essay bildet dabei einen Abschluss von Adelmanns ersten, im weitesten Sinne philosophischen Publikationen, die nach der Doktorarbeit (Bd. 1 der Nachlasspublikationen) entstanden sind. Ausgehend von einer Beobachtung in Heinrich Manns epochaler Doppelromanbiografie des navarresisch-franz\u00f6sischen protestantischen K\u00f6nigs Henri IV. untersucht Adelmann die Tr\u00e4nen- und Todesmetaphorik in dem Romanwerk aus den 1930er Jahren. Von hier aus wird eine Br\u00fccke zur literaturwissenschaftlichen \u00c4sthetik und Erkenntnistheorie Walter Benjamins geschlagen, mit der sich Adelmann bereits in seinen Arbeiten zur Politkunst Klaus Staecks besch\u00e4ftigt hatte. Dabei deckt der Verfasser Fehlinterpretationen der Benjaminschen Theorien durch dessen Freund und Nachlassverwalter Theodor W. Adorno auf.<\/p>","protected":false},"excerpt":{"rendered":"<p class=\"qtranxs-available-languages-message qtranxs-available-languages-message-en\">Sorry, this entry is only available in <a href=\"https:\/\/shop.verlag.uni-potsdam.de\/de\/wp-json\/wp\/v2\/product\/51661\" class=\"qtranxs-available-language-link qtranxs-available-language-link-de\" title=\"Deutsch\">Deutsch<\/a>.<\/p>\n<p>Der vorliegende zweite Band mit Texten aus dem Nachlass von Dieter Adelmann (1936\u20132008) macht eine der letzten Arbeiten, die ihr Verfasser anl\u00e4sslich seines 70. Geburtstags aus der Hand gegeben hat, f\u00fcr ein breites Publikum zug\u00e4nglich. Der Essay bildet dabei einen Abschluss von Adelmanns ersten, im weitesten Sinne philosophischen Publikationen, die nach der Doktorarbeit (Bd. 1 der Nachlasspublikationen) entstanden sind. Ausgehend von einer Beobachtung in Heinrich Manns epochaler Doppelromanbiografie des navarresisch-franz\u00f6sischen protestantischen K\u00f6nigs Henri IV. untersucht Adelmann die Tr\u00e4nen- und Todesmetaphorik in dem Romanwerk aus den 1930er Jahren. Von hier aus wird eine Br\u00fccke zur literaturwissenschaftlichen \u00c4sthetik und Erkenntnistheorie Walter Benjamins geschlagen, mit der sich Adelmann bereits in seinen Arbeiten zur Politkunst Klaus Staecks besch\u00e4ftigt hatte. Dabei deckt der Verfasser Fehlinterpretationen der Benjaminschen Theorien durch dessen Freund und Nachlassverwalter Theodor W. Adorno auf.<\/p>\n","protected":false},"featured_media":54104,"template":"","meta":{"_acf_changed":false},"product_brand":[],"product_cat":[6221],"product_tag":[6091],"class_list":{"0":"post-51661","1":"product","2":"type-product","3":"status-publish","4":"has-post-thumbnail","6":"product_cat-philosophie-web-kategorie","7":"product_tag-heinrich-mann-henri-quatre-metapher-theodor-adorno-walter-benjamin","8":"autor-dieter-adelmann","9":"autor-goerge-hasselhoff","10":"edition-restexemplare","11":"reihe-schriften-aus-dem-nachlass-von-dieter-adelmann","13":"first","14":"instock","15":"shipping-taxable","16":"purchasable","17":"product-type-simple"},"acf":[],"yoast_head":"<!-- This site is optimized with the Yoast SEO plugin v27.1.1 - https:\/\/yoast.com\/product\/yoast-seo-wordpress\/ -->\n<title>Die Tr\u00e4nen des Henri Quatre - Universit\u00e4tsverlag Potsdam<\/title>\n<meta name=\"robots\" content=\"index, follow, max-snippet:-1, max-image-preview:large, max-video-preview:-1\" \/>\n<link rel=\"canonical\" href=\"https:\/\/shop.verlag.uni-potsdam.de\/en\/shop\/die-traenen-des-henri-quatre\/\" \/>\n<meta property=\"og:locale\" content=\"en_US\" \/>\n<meta property=\"og:type\" content=\"article\" \/>\n<meta property=\"og:title\" content=\"Die Tr\u00e4nen des Henri Quatre - Universit\u00e4tsverlag Potsdam\" \/>\n<meta property=\"og:description\" content=\"Der vorliegende zweite Band mit Texten aus dem Nachlass von Dieter Adelmann (1936\u20132008) macht eine der letzten Arbeiten, die ihr Verfasser anl\u00e4sslich seines 70. Geburtstags aus der Hand gegeben hat, f\u00fcr ein breites Publikum zug\u00e4nglich. Der Essay bildet dabei einen Abschluss von Adelmanns ersten, im weitesten Sinne philosophischen Publikationen, die nach der Doktorarbeit (Bd. 1 der Nachlasspublikationen) entstanden sind. Ausgehend von einer Beobachtung in Heinrich Manns epochaler Doppelromanbiografie des navarresisch-franz\u00f6sischen protestantischen K\u00f6nigs Henri IV. untersucht Adelmann die Tr\u00e4nen- und Todesmetaphorik in dem Romanwerk aus den 1930er Jahren. Von hier aus wird eine Br\u00fccke zur literaturwissenschaftlichen \u00c4sthetik und Erkenntnistheorie Walter Benjamins geschlagen, mit der sich Adelmann bereits in seinen Arbeiten zur Politkunst Klaus Staecks besch\u00e4ftigt hatte. Dabei deckt der Verfasser Fehlinterpretationen der Benjaminschen Theorien durch dessen Freund und Nachlassverwalter Theodor W. Adorno auf.\" \/>\n<meta property=\"og:url\" content=\"https:\/\/shop.verlag.uni-potsdam.de\/en\/shop\/die-traenen-des-henri-quatre\/\" \/>\n<meta property=\"og:site_name\" content=\"Universit\u00e4tsverlag Potsdam\" \/>\n<meta property=\"article:modified_time\" content=\"2026-03-23T10:54:57+00:00\" \/>\n<meta property=\"og:image\" content=\"https:\/\/shop.verlag.uni-potsdam.de\/wp-content\/uploads\/asolmerce\/image-9783869562889.jpg\" \/>\n\t<meta property=\"og:image:width\" content=\"451\" \/>\n\t<meta property=\"og:image:height\" content=\"640\" \/>\n\t<meta property=\"og:image:type\" content=\"image\/jpeg\" \/>\n<meta name=\"twitter:card\" content=\"summary_large_image\" \/>\n<meta name=\"twitter:label1\" content=\"Est. reading time\" \/>\n\t<meta name=\"twitter:data1\" content=\"1 minute\" \/>\n<script type=\"application\/ld+json\" class=\"yoast-schema-graph\">{\"@context\":\"https:\/\/schema.org\",\"@graph\":[{\"@type\":\"WebPage\",\"@id\":\"https:\/\/shop.verlag.uni-potsdam.de\/en\/shop\/die-traenen-des-henri-quatre\/\",\"url\":\"https:\/\/shop.verlag.uni-potsdam.de\/en\/shop\/die-traenen-des-henri-quatre\/\",\"name\":\"Die Tr\u00e4nen des Henri Quatre - Universit\u00e4tsverlag Potsdam\",\"isPartOf\":{\"@id\":\"https:\/\/shop.verlag.uni-potsdam.de\/en\/#website\"},\"primaryImageOfPage\":{\"@id\":\"https:\/\/shop.verlag.uni-potsdam.de\/en\/shop\/die-traenen-des-henri-quatre\/#primaryimage\"},\"image\":{\"@id\":\"https:\/\/shop.verlag.uni-potsdam.de\/shop\/die-traenen-des-henri-quatre\/#primaryimage\"},\"thumbnailUrl\":\"https:\/\/shop.verlag.uni-potsdam.de\/wp-content\/uploads\/asolmerce\/image-9783869562889.jpg\",\"datePublished\":\"2026-03-23T08:53:57+00:00\",\"dateModified\":\"2026-03-23T10:54:57+00:00\",\"breadcrumb\":{\"@id\":\"https:\/\/shop.verlag.uni-potsdam.de\/en\/shop\/die-traenen-des-henri-quatre\/#breadcrumb\"},\"inLanguage\":\"en-US\",\"potentialAction\":[{\"@type\":\"ReadAction\",\"target\":[[\"https:\/\/shop.verlag.uni-potsdam.de\/en\/shop\/die-traenen-des-henri-quatre\/\"]]}]},{\"@type\":\"ImageObject\",\"inLanguage\":\"en-US\",\"@id\":\"https:\/\/shop.verlag.uni-potsdam.de\/en\/shop\/die-traenen-des-henri-quatre\/#primaryimage\",\"url\":\"https:\/\/shop.verlag.uni-potsdam.de\/wp-content\/uploads\/asolmerce\/image-9783869562889.jpg\",\"contentUrl\":\"https:\/\/shop.verlag.uni-potsdam.de\/wp-content\/uploads\/asolmerce\/image-9783869562889.jpg\",\"width\":451,\"height\":640},{\"@type\":\"BreadcrumbList\",\"@id\":\"https:\/\/shop.verlag.uni-potsdam.de\/en\/shop\/die-traenen-des-henri-quatre\/#breadcrumb\",\"itemListElement\":[{\"@type\":\"ListItem\",\"position\":1,\"name\":\"Startseite\",\"item\":\"https:\/\/shop.verlag.uni-potsdam.de\/en\/\"},{\"@type\":\"ListItem\",\"position\":2,\"name\":\"Shop\",\"item\":\"https:\/\/shop.verlag.uni-potsdam.de\/en\/shop\/\"},{\"@type\":\"ListItem\",\"position\":3,\"name\":\"Die Tr\u00e4nen des Henri Quatre\"}]},{\"@type\":\"WebSite\",\"@id\":\"https:\/\/shop.verlag.uni-potsdam.de\/en\/#website\",\"url\":\"https:\/\/shop.verlag.uni-potsdam.de\/en\/\",\"name\":\"Universit\u00e4tsverlag Potsdam\",\"description\":\"\",\"publisher\":{\"@id\":\"https:\/\/shop.verlag.uni-potsdam.de\/en\/#organization\"},\"potentialAction\":[{\"@type\":\"SearchAction\",\"target\":{\"@type\":\"EntryPoint\",\"urlTemplate\":\"https:\/\/shop.verlag.uni-potsdam.de\/en\/?s={search_term_string}\"},\"query-input\":{\"@type\":\"PropertyValueSpecification\",\"valueRequired\":true,\"valueName\":\"search_term_string\"}}],\"inLanguage\":\"en-US\"},{\"@type\":\"Organization\",\"@id\":\"https:\/\/shop.verlag.uni-potsdam.de\/en\/#organization\",\"name\":\"Universit\u00e4tsverlag Potsdam\",\"url\":\"https:\/\/shop.verlag.uni-potsdam.de\/en\/\",\"logo\":{\"@type\":\"ImageObject\",\"inLanguage\":\"en-US\",\"@id\":\"https:\/\/shop.verlag.uni-potsdam.de\/en\/#\/schema\/logo\/image\/\",\"url\":\"https:\/\/shop.verlag.uni-potsdam.de\/wp-content\/uploads\/2017\/04\/up_logo_university_2.png\",\"contentUrl\":\"https:\/\/shop.verlag.uni-potsdam.de\/wp-content\/uploads\/2017\/04\/up_logo_university_2.png\",\"width\":160,\"height\":172,\"caption\":\"Universit\u00e4tsverlag Potsdam\"},\"image\":{\"@id\":\"https:\/\/shop.verlag.uni-potsdam.de\/en\/#\/schema\/logo\/image\/\"}}]}<\/script>\n<!-- \/ Yoast SEO plugin. -->","yoast_head_json":{"title":"Die Tr\u00e4nen des Henri Quatre - Universit\u00e4tsverlag Potsdam","robots":{"index":"index","follow":"follow","max-snippet":"max-snippet:-1","max-image-preview":"max-image-preview:large","max-video-preview":"max-video-preview:-1"},"canonical":"https:\/\/shop.verlag.uni-potsdam.de\/en\/shop\/die-traenen-des-henri-quatre\/","og_locale":"en_US","og_type":"article","og_title":"Die Tr\u00e4nen des Henri Quatre - Universit\u00e4tsverlag Potsdam","og_description":"Der vorliegende zweite Band mit Texten aus dem Nachlass von Dieter Adelmann (1936\u20132008) macht eine der letzten Arbeiten, die ihr Verfasser anl\u00e4sslich seines 70. Geburtstags aus der Hand gegeben hat, f\u00fcr ein breites Publikum zug\u00e4nglich. Der Essay bildet dabei einen Abschluss von Adelmanns ersten, im weitesten Sinne philosophischen Publikationen, die nach der Doktorarbeit (Bd. 1 der Nachlasspublikationen) entstanden sind. Ausgehend von einer Beobachtung in Heinrich Manns epochaler Doppelromanbiografie des navarresisch-franz\u00f6sischen protestantischen K\u00f6nigs Henri IV. untersucht Adelmann die Tr\u00e4nen- und Todesmetaphorik in dem Romanwerk aus den 1930er Jahren. Von hier aus wird eine Br\u00fccke zur literaturwissenschaftlichen \u00c4sthetik und Erkenntnistheorie Walter Benjamins geschlagen, mit der sich Adelmann bereits in seinen Arbeiten zur Politkunst Klaus Staecks besch\u00e4ftigt hatte. Dabei deckt der Verfasser Fehlinterpretationen der Benjaminschen Theorien durch dessen Freund und Nachlassverwalter Theodor W. Adorno auf.","og_url":"https:\/\/shop.verlag.uni-potsdam.de\/en\/shop\/die-traenen-des-henri-quatre\/","og_site_name":"Universit\u00e4tsverlag Potsdam","article_modified_time":"2026-03-23T10:54:57+00:00","og_image":[{"width":451,"height":640,"url":"https:\/\/shop.verlag.uni-potsdam.de\/wp-content\/uploads\/asolmerce\/image-9783869562889.jpg","type":"image\/jpeg"}],"twitter_card":"summary_large_image","twitter_misc":{"Est. reading time":"1 minute"},"schema":{"@context":"https:\/\/schema.org","@graph":[{"@type":"WebPage","@id":"https:\/\/shop.verlag.uni-potsdam.de\/en\/shop\/die-traenen-des-henri-quatre\/","url":"https:\/\/shop.verlag.uni-potsdam.de\/en\/shop\/die-traenen-des-henri-quatre\/","name":"Die Tr\u00e4nen des Henri Quatre - Universit\u00e4tsverlag Potsdam","isPartOf":{"@id":"https:\/\/shop.verlag.uni-potsdam.de\/en\/#website"},"primaryImageOfPage":{"@id":"https:\/\/shop.verlag.uni-potsdam.de\/en\/shop\/die-traenen-des-henri-quatre\/#primaryimage"},"image":{"@id":"https:\/\/shop.verlag.uni-potsdam.de\/shop\/die-traenen-des-henri-quatre\/#primaryimage"},"thumbnailUrl":"https:\/\/shop.verlag.uni-potsdam.de\/wp-content\/uploads\/asolmerce\/image-9783869562889.jpg","datePublished":"2026-03-23T08:53:57+00:00","dateModified":"2026-03-23T10:54:57+00:00","breadcrumb":{"@id":"https:\/\/shop.verlag.uni-potsdam.de\/en\/shop\/die-traenen-des-henri-quatre\/#breadcrumb"},"inLanguage":"en-US","potentialAction":[{"@type":"ReadAction","target":[["https:\/\/shop.verlag.uni-potsdam.de\/en\/shop\/die-traenen-des-henri-quatre\/"]]}]},{"@type":"ImageObject","inLanguage":"en-US","@id":"https:\/\/shop.verlag.uni-potsdam.de\/en\/shop\/die-traenen-des-henri-quatre\/#primaryimage","url":"https:\/\/shop.verlag.uni-potsdam.de\/wp-content\/uploads\/asolmerce\/image-9783869562889.jpg","contentUrl":"https:\/\/shop.verlag.uni-potsdam.de\/wp-content\/uploads\/asolmerce\/image-9783869562889.jpg","width":451,"height":640},{"@type":"BreadcrumbList","@id":"https:\/\/shop.verlag.uni-potsdam.de\/en\/shop\/die-traenen-des-henri-quatre\/#breadcrumb","itemListElement":[{"@type":"ListItem","position":1,"name":"Startseite","item":"https:\/\/shop.verlag.uni-potsdam.de\/en\/"},{"@type":"ListItem","position":2,"name":"Shop","item":"https:\/\/shop.verlag.uni-potsdam.de\/en\/shop\/"},{"@type":"ListItem","position":3,"name":"Die Tr\u00e4nen des Henri Quatre"}]},{"@type":"WebSite","@id":"https:\/\/shop.verlag.uni-potsdam.de\/en\/#website","url":"https:\/\/shop.verlag.uni-potsdam.de\/en\/","name":"Universit\u00e4tsverlag Potsdam","description":"","publisher":{"@id":"https:\/\/shop.verlag.uni-potsdam.de\/en\/#organization"},"potentialAction":[{"@type":"SearchAction","target":{"@type":"EntryPoint","urlTemplate":"https:\/\/shop.verlag.uni-potsdam.de\/en\/?s={search_term_string}"},"query-input":{"@type":"PropertyValueSpecification","valueRequired":true,"valueName":"search_term_string"}}],"inLanguage":"en-US"},{"@type":"Organization","@id":"https:\/\/shop.verlag.uni-potsdam.de\/en\/#organization","name":"Universit\u00e4tsverlag Potsdam","url":"https:\/\/shop.verlag.uni-potsdam.de\/en\/","logo":{"@type":"ImageObject","inLanguage":"en-US","@id":"https:\/\/shop.verlag.uni-potsdam.de\/en\/#\/schema\/logo\/image\/","url":"https:\/\/shop.verlag.uni-potsdam.de\/wp-content\/uploads\/2017\/04\/up_logo_university_2.png","contentUrl":"https:\/\/shop.verlag.uni-potsdam.de\/wp-content\/uploads\/2017\/04\/up_logo_university_2.png","width":160,"height":172,"caption":"Universit\u00e4tsverlag Potsdam"},"image":{"@id":"https:\/\/shop.verlag.uni-potsdam.de\/en\/#\/schema\/logo\/image\/"}}]}},"_links":{"self":[{"href":"https:\/\/shop.verlag.uni-potsdam.de\/en\/wp-json\/wp\/v2\/product\/51661","targetHints":{"allow":["GET"]}}],"collection":[{"href":"https:\/\/shop.verlag.uni-potsdam.de\/en\/wp-json\/wp\/v2\/product"}],"about":[{"href":"https:\/\/shop.verlag.uni-potsdam.de\/en\/wp-json\/wp\/v2\/types\/product"}],"wp:featuredmedia":[{"embeddable":true,"href":"https:\/\/shop.verlag.uni-potsdam.de\/en\/wp-json\/wp\/v2\/media\/54104"}],"wp:attachment":[{"href":"https:\/\/shop.verlag.uni-potsdam.de\/en\/wp-json\/wp\/v2\/media?parent=51661"}],"wp:term":[{"taxonomy":"product_brand","embeddable":true,"href":"https:\/\/shop.verlag.uni-potsdam.de\/en\/wp-json\/wp\/v2\/product_brand?post=51661"},{"taxonomy":"product_cat","embeddable":true,"href":"https:\/\/shop.verlag.uni-potsdam.de\/en\/wp-json\/wp\/v2\/product_cat?post=51661"},{"taxonomy":"product_tag","embeddable":true,"href":"https:\/\/shop.verlag.uni-potsdam.de\/en\/wp-json\/wp\/v2\/product_tag?post=51661"}],"curies":[{"name":"wp","href":"https:\/\/api.w.org\/{rel}","templated":true}]}}