{"id":51665,"date":"2026-04-27T05:34:37","date_gmt":"2026-04-27T05:34:37","guid":{"rendered":"http:\/\/shop.verlag.uni-potsdam.de\/produkt\/peter-huckauf\/"},"modified":"2026-04-27T09:35:37","modified_gmt":"2026-04-27T07:35:37","slug":"peter-huckauf","status":"publish","type":"product","link":"https:\/\/shop.verlag.uni-potsdam.de\/en\/shop\/peter-huckauf\/","title":{"rendered":"Peter Huckauf"},"content":{"rendered":"<p class=\"qtranxs-available-languages-message qtranxs-available-languages-message-en\">Sorry, this entry is only available in <a href=\"https:\/\/shop.verlag.uni-potsdam.de\/de\/wp-json\/wp\/v2\/product\/51665\" class=\"qtranxs-available-language-link qtranxs-available-language-link-de\" title=\"Deutsch\">Deutsch<\/a>.<\/p><p>Die Gedichte und Texte Peter Huckaufs in dem vorliegenden Band 11 der \u201ePotsdamer Beitr\u00e4ge zur Sorabistik\u201d sind eine Hommage an die Lausitz, an ihre Menschen und Landschaften. In Wortspielen, visueller Poesie und Prosatexten samt Fotographien und Einblicken in seine Lebensgeschichte stellt sich der Autor als Liebhaber dieses Landstrichs vor. Er l\u00e4sst den Leser teilhaben an einer Entdeckungsreise durch die verloren gegangene Heimat der Kindheit, die er sich als R\u00fcckkehrer neu erschlie\u00dft. Seine Reminiszenzen sind nachhaltig sowohl f\u00fcr den deutschen als auch sorbischen\/wendischen Rezipienten, was Peter Huckauf zu einem f\u00fcr die Lausitz und dar\u00fcber hinaus interessanten Schriftsteller und K\u00fcnstler macht. Den sprachlichen Aspekt beachtend, wurden ausgew\u00e4hlte Gedichte der Sammlung in die obersorbische und vor allem in die niedersorbische Sprache \u00fcbertragen.<\/p>","protected":false},"excerpt":{"rendered":"<p class=\"qtranxs-available-languages-message qtranxs-available-languages-message-en\">Sorry, this entry is only available in <a href=\"https:\/\/shop.verlag.uni-potsdam.de\/de\/wp-json\/wp\/v2\/product\/51665\" class=\"qtranxs-available-language-link qtranxs-available-language-link-de\" title=\"Deutsch\">Deutsch<\/a>.<\/p>\n<p>Die Gedichte und Texte Peter Huckaufs in dem vorliegenden Band 11 der \u201ePotsdamer Beitr\u00e4ge zur Sorabistik\u201d sind eine Hommage an die Lausitz, an ihre Menschen und Landschaften. In Wortspielen, visueller Poesie und Prosatexten samt Fotographien und Einblicken in seine Lebensgeschichte stellt sich der Autor als Liebhaber dieses Landstrichs vor. Er l\u00e4sst den Leser teilhaben an einer Entdeckungsreise durch die verloren gegangene Heimat der Kindheit, die er sich als R\u00fcckkehrer neu erschlie\u00dft. Seine Reminiszenzen sind nachhaltig sowohl f\u00fcr den deutschen als auch sorbischen\/wendischen Rezipienten, was Peter Huckauf zu einem f\u00fcr die Lausitz und dar\u00fcber hinaus interessanten Schriftsteller und K\u00fcnstler macht. Den sprachlichen Aspekt beachtend, wurden ausgew\u00e4hlte Gedichte der Sammlung in die obersorbische und vor allem in die niedersorbische Sprache \u00fcbertragen.<\/p>\n","protected":false},"featured_media":54090,"template":"","meta":{"_acf_changed":false},"product_brand":[],"product_cat":[6230],"product_tag":[5654],"class_list":{"0":"post-51665","1":"product","2":"type-product","3":"status-publish","4":"has-post-thumbnail","6":"product_cat-slawische-sprachwissenschaft-literaturwissenschaft-web-kategorie","7":"product_tag-literatur-slawische-sprachen","8":"autor-madlena-norberg","9":"autor-peter-kosta","11":"first","12":"instock","13":"shipping-taxable","14":"purchasable","15":"product-type-simple"},"acf":[],"yoast_head":"<!-- This site is optimized with the Yoast SEO plugin v27.1.1 - https:\/\/yoast.com\/product\/yoast-seo-wordpress\/ -->\n<title>Peter Huckauf - Universit\u00e4tsverlag Potsdam<\/title>\n<meta name=\"robots\" content=\"index, follow, max-snippet:-1, max-image-preview:large, max-video-preview:-1\" \/>\n<link rel=\"canonical\" href=\"https:\/\/shop.verlag.uni-potsdam.de\/en\/shop\/peter-huckauf\/\" \/>\n<meta property=\"og:locale\" content=\"en_US\" \/>\n<meta property=\"og:type\" content=\"article\" \/>\n<meta property=\"og:title\" content=\"Peter Huckauf - Universit\u00e4tsverlag Potsdam\" \/>\n<meta property=\"og:description\" content=\"Die Gedichte und Texte Peter Huckaufs in dem vorliegenden Band 11 der \u201ePotsdamer Beitr\u00e4ge zur Sorabistik\u201d sind eine Hommage an die Lausitz, an ihre Menschen und Landschaften. In Wortspielen, visueller Poesie und Prosatexten samt Fotographien und Einblicken in seine Lebensgeschichte stellt sich der Autor als Liebhaber dieses Landstrichs vor. Er l\u00e4sst den Leser teilhaben an einer Entdeckungsreise durch die verloren gegangene Heimat der Kindheit, die er sich als R\u00fcckkehrer neu erschlie\u00dft. Seine Reminiszenzen sind nachhaltig sowohl f\u00fcr den deutschen als auch sorbischen\/wendischen Rezipienten, was Peter Huckauf zu einem f\u00fcr die Lausitz und dar\u00fcber hinaus interessanten Schriftsteller und K\u00fcnstler macht. Den sprachlichen Aspekt beachtend, wurden ausgew\u00e4hlte Gedichte der Sammlung in die obersorbische und vor allem in die niedersorbische Sprache \u00fcbertragen.\" \/>\n<meta property=\"og:url\" content=\"https:\/\/shop.verlag.uni-potsdam.de\/en\/shop\/peter-huckauf\/\" \/>\n<meta property=\"og:site_name\" content=\"Universit\u00e4tsverlag Potsdam\" \/>\n<meta property=\"article:modified_time\" content=\"2026-04-27T07:35:37+00:00\" \/>\n<meta property=\"og:image\" content=\"https:\/\/shop.verlag.uni-potsdam.de\/wp-content\/uploads\/asolmerce\/image-9783869562728.jpg\" \/>\n\t<meta property=\"og:image:width\" content=\"454\" \/>\n\t<meta property=\"og:image:height\" content=\"640\" \/>\n\t<meta property=\"og:image:type\" content=\"image\/jpeg\" \/>\n<meta name=\"twitter:card\" content=\"summary_large_image\" \/>\n<meta name=\"twitter:label1\" content=\"Est. reading time\" \/>\n\t<meta name=\"twitter:data1\" content=\"1 minute\" \/>\n<script type=\"application\/ld+json\" class=\"yoast-schema-graph\">{\"@context\":\"https:\/\/schema.org\",\"@graph\":[{\"@type\":\"WebPage\",\"@id\":\"https:\/\/shop.verlag.uni-potsdam.de\/en\/shop\/peter-huckauf\/\",\"url\":\"https:\/\/shop.verlag.uni-potsdam.de\/en\/shop\/peter-huckauf\/\",\"name\":\"Peter Huckauf - Universit\u00e4tsverlag Potsdam\",\"isPartOf\":{\"@id\":\"https:\/\/shop.verlag.uni-potsdam.de\/en\/#website\"},\"primaryImageOfPage\":{\"@id\":\"https:\/\/shop.verlag.uni-potsdam.de\/en\/shop\/peter-huckauf\/#primaryimage\"},\"image\":{\"@id\":\"https:\/\/shop.verlag.uni-potsdam.de\/shop\/peter-huckauf\/#primaryimage\"},\"thumbnailUrl\":\"https:\/\/shop.verlag.uni-potsdam.de\/wp-content\/uploads\/asolmerce\/image-9783869562728.jpg\",\"datePublished\":\"2026-04-27T05:34:37+00:00\",\"dateModified\":\"2026-04-27T07:35:37+00:00\",\"breadcrumb\":{\"@id\":\"https:\/\/shop.verlag.uni-potsdam.de\/en\/shop\/peter-huckauf\/#breadcrumb\"},\"inLanguage\":\"en-US\",\"potentialAction\":[{\"@type\":\"ReadAction\",\"target\":[[\"https:\/\/shop.verlag.uni-potsdam.de\/en\/shop\/peter-huckauf\/\"]]}]},{\"@type\":\"ImageObject\",\"inLanguage\":\"en-US\",\"@id\":\"https:\/\/shop.verlag.uni-potsdam.de\/en\/shop\/peter-huckauf\/#primaryimage\",\"url\":\"https:\/\/shop.verlag.uni-potsdam.de\/wp-content\/uploads\/asolmerce\/image-9783869562728.jpg\",\"contentUrl\":\"https:\/\/shop.verlag.uni-potsdam.de\/wp-content\/uploads\/asolmerce\/image-9783869562728.jpg\",\"width\":454,\"height\":640},{\"@type\":\"BreadcrumbList\",\"@id\":\"https:\/\/shop.verlag.uni-potsdam.de\/en\/shop\/peter-huckauf\/#breadcrumb\",\"itemListElement\":[{\"@type\":\"ListItem\",\"position\":1,\"name\":\"Startseite\",\"item\":\"https:\/\/shop.verlag.uni-potsdam.de\/en\/\"},{\"@type\":\"ListItem\",\"position\":2,\"name\":\"Shop\",\"item\":\"https:\/\/shop.verlag.uni-potsdam.de\/en\/shop\/\"},{\"@type\":\"ListItem\",\"position\":3,\"name\":\"Peter Huckauf\"}]},{\"@type\":\"WebSite\",\"@id\":\"https:\/\/shop.verlag.uni-potsdam.de\/en\/#website\",\"url\":\"https:\/\/shop.verlag.uni-potsdam.de\/en\/\",\"name\":\"Universit\u00e4tsverlag Potsdam\",\"description\":\"\",\"publisher\":{\"@id\":\"https:\/\/shop.verlag.uni-potsdam.de\/en\/#organization\"},\"potentialAction\":[{\"@type\":\"SearchAction\",\"target\":{\"@type\":\"EntryPoint\",\"urlTemplate\":\"https:\/\/shop.verlag.uni-potsdam.de\/en\/?s={search_term_string}\"},\"query-input\":{\"@type\":\"PropertyValueSpecification\",\"valueRequired\":true,\"valueName\":\"search_term_string\"}}],\"inLanguage\":\"en-US\"},{\"@type\":\"Organization\",\"@id\":\"https:\/\/shop.verlag.uni-potsdam.de\/en\/#organization\",\"name\":\"Universit\u00e4tsverlag Potsdam\",\"url\":\"https:\/\/shop.verlag.uni-potsdam.de\/en\/\",\"logo\":{\"@type\":\"ImageObject\",\"inLanguage\":\"en-US\",\"@id\":\"https:\/\/shop.verlag.uni-potsdam.de\/en\/#\/schema\/logo\/image\/\",\"url\":\"https:\/\/shop.verlag.uni-potsdam.de\/wp-content\/uploads\/2017\/04\/up_logo_university_2.png\",\"contentUrl\":\"https:\/\/shop.verlag.uni-potsdam.de\/wp-content\/uploads\/2017\/04\/up_logo_university_2.png\",\"width\":160,\"height\":172,\"caption\":\"Universit\u00e4tsverlag Potsdam\"},\"image\":{\"@id\":\"https:\/\/shop.verlag.uni-potsdam.de\/en\/#\/schema\/logo\/image\/\"}}]}<\/script>\n<!-- \/ Yoast SEO plugin. -->","yoast_head_json":{"title":"Peter Huckauf - Universit\u00e4tsverlag Potsdam","robots":{"index":"index","follow":"follow","max-snippet":"max-snippet:-1","max-image-preview":"max-image-preview:large","max-video-preview":"max-video-preview:-1"},"canonical":"https:\/\/shop.verlag.uni-potsdam.de\/en\/shop\/peter-huckauf\/","og_locale":"en_US","og_type":"article","og_title":"Peter Huckauf - Universit\u00e4tsverlag Potsdam","og_description":"Die Gedichte und Texte Peter Huckaufs in dem vorliegenden Band 11 der \u201ePotsdamer Beitr\u00e4ge zur Sorabistik\u201d sind eine Hommage an die Lausitz, an ihre Menschen und Landschaften. In Wortspielen, visueller Poesie und Prosatexten samt Fotographien und Einblicken in seine Lebensgeschichte stellt sich der Autor als Liebhaber dieses Landstrichs vor. Er l\u00e4sst den Leser teilhaben an einer Entdeckungsreise durch die verloren gegangene Heimat der Kindheit, die er sich als R\u00fcckkehrer neu erschlie\u00dft. Seine Reminiszenzen sind nachhaltig sowohl f\u00fcr den deutschen als auch sorbischen\/wendischen Rezipienten, was Peter Huckauf zu einem f\u00fcr die Lausitz und dar\u00fcber hinaus interessanten Schriftsteller und K\u00fcnstler macht. Den sprachlichen Aspekt beachtend, wurden ausgew\u00e4hlte Gedichte der Sammlung in die obersorbische und vor allem in die niedersorbische Sprache \u00fcbertragen.","og_url":"https:\/\/shop.verlag.uni-potsdam.de\/en\/shop\/peter-huckauf\/","og_site_name":"Universit\u00e4tsverlag Potsdam","article_modified_time":"2026-04-27T07:35:37+00:00","og_image":[{"width":454,"height":640,"url":"https:\/\/shop.verlag.uni-potsdam.de\/wp-content\/uploads\/asolmerce\/image-9783869562728.jpg","type":"image\/jpeg"}],"twitter_card":"summary_large_image","twitter_misc":{"Est. reading time":"1 minute"},"schema":{"@context":"https:\/\/schema.org","@graph":[{"@type":"WebPage","@id":"https:\/\/shop.verlag.uni-potsdam.de\/en\/shop\/peter-huckauf\/","url":"https:\/\/shop.verlag.uni-potsdam.de\/en\/shop\/peter-huckauf\/","name":"Peter Huckauf - Universit\u00e4tsverlag Potsdam","isPartOf":{"@id":"https:\/\/shop.verlag.uni-potsdam.de\/en\/#website"},"primaryImageOfPage":{"@id":"https:\/\/shop.verlag.uni-potsdam.de\/en\/shop\/peter-huckauf\/#primaryimage"},"image":{"@id":"https:\/\/shop.verlag.uni-potsdam.de\/shop\/peter-huckauf\/#primaryimage"},"thumbnailUrl":"https:\/\/shop.verlag.uni-potsdam.de\/wp-content\/uploads\/asolmerce\/image-9783869562728.jpg","datePublished":"2026-04-27T05:34:37+00:00","dateModified":"2026-04-27T07:35:37+00:00","breadcrumb":{"@id":"https:\/\/shop.verlag.uni-potsdam.de\/en\/shop\/peter-huckauf\/#breadcrumb"},"inLanguage":"en-US","potentialAction":[{"@type":"ReadAction","target":[["https:\/\/shop.verlag.uni-potsdam.de\/en\/shop\/peter-huckauf\/"]]}]},{"@type":"ImageObject","inLanguage":"en-US","@id":"https:\/\/shop.verlag.uni-potsdam.de\/en\/shop\/peter-huckauf\/#primaryimage","url":"https:\/\/shop.verlag.uni-potsdam.de\/wp-content\/uploads\/asolmerce\/image-9783869562728.jpg","contentUrl":"https:\/\/shop.verlag.uni-potsdam.de\/wp-content\/uploads\/asolmerce\/image-9783869562728.jpg","width":454,"height":640},{"@type":"BreadcrumbList","@id":"https:\/\/shop.verlag.uni-potsdam.de\/en\/shop\/peter-huckauf\/#breadcrumb","itemListElement":[{"@type":"ListItem","position":1,"name":"Startseite","item":"https:\/\/shop.verlag.uni-potsdam.de\/en\/"},{"@type":"ListItem","position":2,"name":"Shop","item":"https:\/\/shop.verlag.uni-potsdam.de\/en\/shop\/"},{"@type":"ListItem","position":3,"name":"Peter Huckauf"}]},{"@type":"WebSite","@id":"https:\/\/shop.verlag.uni-potsdam.de\/en\/#website","url":"https:\/\/shop.verlag.uni-potsdam.de\/en\/","name":"Universit\u00e4tsverlag Potsdam","description":"","publisher":{"@id":"https:\/\/shop.verlag.uni-potsdam.de\/en\/#organization"},"potentialAction":[{"@type":"SearchAction","target":{"@type":"EntryPoint","urlTemplate":"https:\/\/shop.verlag.uni-potsdam.de\/en\/?s={search_term_string}"},"query-input":{"@type":"PropertyValueSpecification","valueRequired":true,"valueName":"search_term_string"}}],"inLanguage":"en-US"},{"@type":"Organization","@id":"https:\/\/shop.verlag.uni-potsdam.de\/en\/#organization","name":"Universit\u00e4tsverlag Potsdam","url":"https:\/\/shop.verlag.uni-potsdam.de\/en\/","logo":{"@type":"ImageObject","inLanguage":"en-US","@id":"https:\/\/shop.verlag.uni-potsdam.de\/en\/#\/schema\/logo\/image\/","url":"https:\/\/shop.verlag.uni-potsdam.de\/wp-content\/uploads\/2017\/04\/up_logo_university_2.png","contentUrl":"https:\/\/shop.verlag.uni-potsdam.de\/wp-content\/uploads\/2017\/04\/up_logo_university_2.png","width":160,"height":172,"caption":"Universit\u00e4tsverlag Potsdam"},"image":{"@id":"https:\/\/shop.verlag.uni-potsdam.de\/en\/#\/schema\/logo\/image\/"}}]}},"_links":{"self":[{"href":"https:\/\/shop.verlag.uni-potsdam.de\/en\/wp-json\/wp\/v2\/product\/51665","targetHints":{"allow":["GET"]}}],"collection":[{"href":"https:\/\/shop.verlag.uni-potsdam.de\/en\/wp-json\/wp\/v2\/product"}],"about":[{"href":"https:\/\/shop.verlag.uni-potsdam.de\/en\/wp-json\/wp\/v2\/types\/product"}],"wp:featuredmedia":[{"embeddable":true,"href":"https:\/\/shop.verlag.uni-potsdam.de\/en\/wp-json\/wp\/v2\/media\/54090"}],"wp:attachment":[{"href":"https:\/\/shop.verlag.uni-potsdam.de\/en\/wp-json\/wp\/v2\/media?parent=51665"}],"wp:term":[{"taxonomy":"product_brand","embeddable":true,"href":"https:\/\/shop.verlag.uni-potsdam.de\/en\/wp-json\/wp\/v2\/product_brand?post=51665"},{"taxonomy":"product_cat","embeddable":true,"href":"https:\/\/shop.verlag.uni-potsdam.de\/en\/wp-json\/wp\/v2\/product_cat?post=51665"},{"taxonomy":"product_tag","embeddable":true,"href":"https:\/\/shop.verlag.uni-potsdam.de\/en\/wp-json\/wp\/v2\/product_tag?post=51665"}],"curies":[{"name":"wp","href":"https:\/\/api.w.org\/{rel}","templated":true}]}}