{"id":51671,"date":"2026-03-23T08:53:53","date_gmt":"2026-03-23T08:53:53","guid":{"rendered":"http:\/\/shop.verlag.uni-potsdam.de\/produkt\/franz-russische-kueche-und-kulturelle-identitaet\/"},"modified":"2026-03-23T11:54:53","modified_gmt":"2026-03-23T10:54:53","slug":"russische-kueche-und-kulturelle-identitaet","status":"publish","type":"product","link":"https:\/\/shop.verlag.uni-potsdam.de\/en\/shop\/russische-kueche-und-kulturelle-identitaet\/","title":{"rendered":"Russische K\u00fcche und kulturelle Identit\u00e4t"},"content":{"rendered":"<p class=\"qtranxs-available-languages-message qtranxs-available-languages-message-en\">Sorry, this entry is only available in <a href=\"https:\/\/shop.verlag.uni-potsdam.de\/de\/wp-json\/wp\/v2\/product\/51671\" class=\"qtranxs-available-language-link qtranxs-available-language-link-de\" title=\"Deutsch\">Deutsch<\/a>.<\/p><p>Nach sieben Jahrzehnten Sowjetunion sind die Russen in vielen ihrer Essgewohnheiten wieder zu den Traditionen der vorrevolution\u00e4ren Zeit zur\u00fcckgekehrt. Die Esskultur, die private wie die der Restaurants, hat wieder einen hohen Stellenwert, Kochb\u00fccher und Ratgeber in Fernsehen und Internet haben Konjunktur. Die wissenschaftliche Erforschung dieser Sparte der Kultur h\u00e4lt mit dieser Entwicklung nicht Schritt. Im Fr\u00fchjahr 2010 fand an der Universit\u00e4t Potsdam die erste internationale und interdisziplin\u00e4re Tagung zum Thema \u201eRussische K\u00fcche und kulturelle Identit\u00e4t\u201c statt. Der vorliegende Sammelband enth\u00e4lt viele der dort vorgestellten Beitr\u00e4ge in Aufsatzform. Es sind kultur- und literaturwissenschaftliche Untersuchungen zu Essen und Trinken in Russland. Untersucht werden nicht nur die Bedeutung einzelner Speisen und Zubereitungsarten und die Mahlzeit als soziales Geschehen, sondern auch der Verzicht auf Nahrung, sei es freiwillig als Fasten, sei es erzwungen als Hunger. Eine andere Gruppe von Beitr\u00e4gen geht der Rolle des Essens als literarischem Motiv nach, eine weitere bildlichen Darstellungen. Auch das Trinken wird bedacht. In der Kultur durchweg klar kodiert, eignen sich Essen und Trinken ganz besonders als literarische Zeichen, die in den Werken unterschiedlichste Funktionen \u00fcbernehmen k\u00f6nnen. Als Ganzes er\u00f6ffnen die Beitr\u00e4ge erste Durchblicke in ein gro\u00dfes und bislang oft vernachl\u00e4ssigtes Forschungsgebiet.<\/p>","protected":false},"excerpt":{"rendered":"<p class=\"qtranxs-available-languages-message qtranxs-available-languages-message-en\">Sorry, this entry is only available in <a href=\"https:\/\/shop.verlag.uni-potsdam.de\/de\/wp-json\/wp\/v2\/product\/51671\" class=\"qtranxs-available-language-link qtranxs-available-language-link-de\" title=\"Deutsch\">Deutsch<\/a>.<\/p>\n<p>Nach sieben Jahrzehnten Sowjetunion sind die Russen in vielen ihrer Essgewohnheiten wieder zu den Traditionen der vorrevolution\u00e4ren Zeit zur\u00fcckgekehrt. Die Esskultur, die private wie die der Restaurants, hat wieder einen hohen Stellenwert, Kochb\u00fccher und Ratgeber in Fernsehen und Internet haben Konjunktur. Die wissenschaftliche Erforschung dieser Sparte der Kultur h\u00e4lt mit dieser Entwicklung nicht Schritt. Im Fr\u00fchjahr 2010 fand an der Universit\u00e4t Potsdam die erste internationale und interdisziplin\u00e4re Tagung zum Thema \u201eRussische K\u00fcche und kulturelle Identit\u00e4t\u201c statt. Der vorliegende Sammelband enth\u00e4lt viele der dort vorgestellten Beitr\u00e4ge in Aufsatzform. Es sind kultur- und literaturwissenschaftliche Untersuchungen zu Essen und Trinken in Russland. Untersucht werden nicht nur die Bedeutung einzelner Speisen und Zubereitungsarten und die Mahlzeit als soziales Geschehen, sondern auch der Verzicht auf Nahrung, sei es freiwillig als Fasten, sei es erzwungen als Hunger. Eine andere Gruppe von Beitr\u00e4gen geht der Rolle des Essens als literarischem Motiv nach, eine weitere bildlichen Darstellungen. Auch das Trinken wird bedacht. In der Kultur durchweg klar kodiert, eignen sich Essen und Trinken ganz besonders als literarische Zeichen, die in den Werken unterschiedlichste Funktionen \u00fcbernehmen k\u00f6nnen. Als Ganzes er\u00f6ffnen die Beitr\u00e4ge erste Durchblicke in ein gro\u00dfes und bislang oft vernachl\u00e4ssigtes Forschungsgebiet.<\/p>\n","protected":false},"featured_media":54073,"template":"","meta":{"_acf_changed":false},"product_brand":[],"product_cat":[6230],"product_tag":[5362],"class_list":{"0":"post-51671","1":"product","2":"type-product","3":"status-publish","4":"has-post-thumbnail","6":"product_cat-slawische-sprachwissenschaft-literaturwissenschaft-web-kategorie","7":"product_tag-esssitte-identitaet-kulturelle-potsdam-russland-trinksitte","8":"autor-norbert-franz","10":"first","11":"instock","12":"shipping-taxable","13":"purchasable","14":"product-type-simple"},"acf":[],"yoast_head":"<!-- This site is optimized with the Yoast SEO plugin v27.1.1 - https:\/\/yoast.com\/product\/yoast-seo-wordpress\/ -->\n<title>Russische K\u00fcche und kulturelle Identit\u00e4t - Universit\u00e4tsverlag Potsdam<\/title>\n<meta name=\"robots\" content=\"index, follow, max-snippet:-1, max-image-preview:large, max-video-preview:-1\" \/>\n<link rel=\"canonical\" href=\"https:\/\/shop.verlag.uni-potsdam.de\/en\/shop\/russische-kueche-und-kulturelle-identitaet\/\" \/>\n<meta property=\"og:locale\" content=\"en_US\" \/>\n<meta property=\"og:type\" content=\"article\" \/>\n<meta property=\"og:title\" content=\"Russische K\u00fcche und kulturelle Identit\u00e4t - Universit\u00e4tsverlag Potsdam\" \/>\n<meta property=\"og:description\" content=\"Nach sieben Jahrzehnten Sowjetunion sind die Russen in vielen ihrer Essgewohnheiten wieder zu den Traditionen der vorrevolution\u00e4ren Zeit zur\u00fcckgekehrt. Die Esskultur, die private wie die der Restaurants, hat wieder einen hohen Stellenwert, Kochb\u00fccher und Ratgeber in Fernsehen und Internet haben Konjunktur. Die wissenschaftliche Erforschung dieser Sparte der Kultur h\u00e4lt mit dieser Entwicklung nicht Schritt. Im Fr\u00fchjahr 2010 fand an der Universit\u00e4t Potsdam die erste internationale und interdisziplin\u00e4re Tagung zum Thema \u201eRussische K\u00fcche und kulturelle Identit\u00e4t\u201c statt. Der vorliegende Sammelband enth\u00e4lt viele der dort vorgestellten Beitr\u00e4ge in Aufsatzform. Es sind kultur- und literaturwissenschaftliche Untersuchungen zu Essen und Trinken in Russland. Untersucht werden nicht nur die Bedeutung einzelner Speisen und Zubereitungsarten und die Mahlzeit als soziales Geschehen, sondern auch der Verzicht auf Nahrung, sei es freiwillig als Fasten, sei es erzwungen als Hunger. Eine andere Gruppe von Beitr\u00e4gen geht der Rolle des Essens als literarischem Motiv nach, eine weitere bildlichen Darstellungen. Auch das Trinken wird bedacht. In der Kultur durchweg klar kodiert, eignen sich Essen und Trinken ganz besonders als literarische Zeichen, die in den Werken unterschiedlichste Funktionen \u00fcbernehmen k\u00f6nnen. Als Ganzes er\u00f6ffnen die Beitr\u00e4ge erste Durchblicke in ein gro\u00dfes und bislang oft vernachl\u00e4ssigtes Forschungsgebiet.\" \/>\n<meta property=\"og:url\" content=\"https:\/\/shop.verlag.uni-potsdam.de\/en\/shop\/russische-kueche-und-kulturelle-identitaet\/\" \/>\n<meta property=\"og:site_name\" content=\"Universit\u00e4tsverlag Potsdam\" \/>\n<meta property=\"article:modified_time\" content=\"2026-03-23T10:54:53+00:00\" \/>\n<meta property=\"og:image\" content=\"https:\/\/shop.verlag.uni-potsdam.de\/wp-content\/uploads\/asolmerce\/image-9783869561059.jpg\" \/>\n\t<meta property=\"og:image:width\" content=\"452\" \/>\n\t<meta property=\"og:image:height\" content=\"640\" \/>\n\t<meta property=\"og:image:type\" content=\"image\/jpeg\" \/>\n<meta name=\"twitter:card\" content=\"summary_large_image\" \/>\n<meta name=\"twitter:label1\" content=\"Est. reading time\" \/>\n\t<meta name=\"twitter:data1\" content=\"1 minute\" \/>\n<script type=\"application\/ld+json\" class=\"yoast-schema-graph\">{\"@context\":\"https:\/\/schema.org\",\"@graph\":[{\"@type\":\"WebPage\",\"@id\":\"https:\/\/shop.verlag.uni-potsdam.de\/en\/shop\/russische-kueche-und-kulturelle-identitaet\/\",\"url\":\"https:\/\/shop.verlag.uni-potsdam.de\/en\/shop\/russische-kueche-und-kulturelle-identitaet\/\",\"name\":\"Russische K\u00fcche und kulturelle Identit\u00e4t - Universit\u00e4tsverlag Potsdam\",\"isPartOf\":{\"@id\":\"https:\/\/shop.verlag.uni-potsdam.de\/en\/#website\"},\"primaryImageOfPage\":{\"@id\":\"https:\/\/shop.verlag.uni-potsdam.de\/en\/shop\/russische-kueche-und-kulturelle-identitaet\/#primaryimage\"},\"image\":{\"@id\":\"https:\/\/shop.verlag.uni-potsdam.de\/shop\/russische-kueche-und-kulturelle-identitaet\/#primaryimage\"},\"thumbnailUrl\":\"https:\/\/shop.verlag.uni-potsdam.de\/wp-content\/uploads\/asolmerce\/image-9783869561059.jpg\",\"datePublished\":\"2026-03-23T08:53:53+00:00\",\"dateModified\":\"2026-03-23T10:54:53+00:00\",\"breadcrumb\":{\"@id\":\"https:\/\/shop.verlag.uni-potsdam.de\/en\/shop\/russische-kueche-und-kulturelle-identitaet\/#breadcrumb\"},\"inLanguage\":\"en-US\",\"potentialAction\":[{\"@type\":\"ReadAction\",\"target\":[[\"https:\/\/shop.verlag.uni-potsdam.de\/en\/shop\/russische-kueche-und-kulturelle-identitaet\/\"]]}]},{\"@type\":\"ImageObject\",\"inLanguage\":\"en-US\",\"@id\":\"https:\/\/shop.verlag.uni-potsdam.de\/en\/shop\/russische-kueche-und-kulturelle-identitaet\/#primaryimage\",\"url\":\"https:\/\/shop.verlag.uni-potsdam.de\/wp-content\/uploads\/asolmerce\/image-9783869561059.jpg\",\"contentUrl\":\"https:\/\/shop.verlag.uni-potsdam.de\/wp-content\/uploads\/asolmerce\/image-9783869561059.jpg\",\"width\":452,\"height\":640},{\"@type\":\"BreadcrumbList\",\"@id\":\"https:\/\/shop.verlag.uni-potsdam.de\/en\/shop\/russische-kueche-und-kulturelle-identitaet\/#breadcrumb\",\"itemListElement\":[{\"@type\":\"ListItem\",\"position\":1,\"name\":\"Startseite\",\"item\":\"https:\/\/shop.verlag.uni-potsdam.de\/en\/\"},{\"@type\":\"ListItem\",\"position\":2,\"name\":\"Shop\",\"item\":\"https:\/\/shop.verlag.uni-potsdam.de\/en\/shop\/\"},{\"@type\":\"ListItem\",\"position\":3,\"name\":\"Russische K\u00fcche und kulturelle Identit\u00e4t\"}]},{\"@type\":\"WebSite\",\"@id\":\"https:\/\/shop.verlag.uni-potsdam.de\/en\/#website\",\"url\":\"https:\/\/shop.verlag.uni-potsdam.de\/en\/\",\"name\":\"Universit\u00e4tsverlag Potsdam\",\"description\":\"\",\"publisher\":{\"@id\":\"https:\/\/shop.verlag.uni-potsdam.de\/en\/#organization\"},\"potentialAction\":[{\"@type\":\"SearchAction\",\"target\":{\"@type\":\"EntryPoint\",\"urlTemplate\":\"https:\/\/shop.verlag.uni-potsdam.de\/en\/?s={search_term_string}\"},\"query-input\":{\"@type\":\"PropertyValueSpecification\",\"valueRequired\":true,\"valueName\":\"search_term_string\"}}],\"inLanguage\":\"en-US\"},{\"@type\":\"Organization\",\"@id\":\"https:\/\/shop.verlag.uni-potsdam.de\/en\/#organization\",\"name\":\"Universit\u00e4tsverlag Potsdam\",\"url\":\"https:\/\/shop.verlag.uni-potsdam.de\/en\/\",\"logo\":{\"@type\":\"ImageObject\",\"inLanguage\":\"en-US\",\"@id\":\"https:\/\/shop.verlag.uni-potsdam.de\/en\/#\/schema\/logo\/image\/\",\"url\":\"https:\/\/shop.verlag.uni-potsdam.de\/wp-content\/uploads\/2017\/04\/up_logo_university_2.png\",\"contentUrl\":\"https:\/\/shop.verlag.uni-potsdam.de\/wp-content\/uploads\/2017\/04\/up_logo_university_2.png\",\"width\":160,\"height\":172,\"caption\":\"Universit\u00e4tsverlag Potsdam\"},\"image\":{\"@id\":\"https:\/\/shop.verlag.uni-potsdam.de\/en\/#\/schema\/logo\/image\/\"}}]}<\/script>\n<!-- \/ Yoast SEO plugin. -->","yoast_head_json":{"title":"Russische K\u00fcche und kulturelle Identit\u00e4t - Universit\u00e4tsverlag Potsdam","robots":{"index":"index","follow":"follow","max-snippet":"max-snippet:-1","max-image-preview":"max-image-preview:large","max-video-preview":"max-video-preview:-1"},"canonical":"https:\/\/shop.verlag.uni-potsdam.de\/en\/shop\/russische-kueche-und-kulturelle-identitaet\/","og_locale":"en_US","og_type":"article","og_title":"Russische K\u00fcche und kulturelle Identit\u00e4t - Universit\u00e4tsverlag Potsdam","og_description":"Nach sieben Jahrzehnten Sowjetunion sind die Russen in vielen ihrer Essgewohnheiten wieder zu den Traditionen der vorrevolution\u00e4ren Zeit zur\u00fcckgekehrt. Die Esskultur, die private wie die der Restaurants, hat wieder einen hohen Stellenwert, Kochb\u00fccher und Ratgeber in Fernsehen und Internet haben Konjunktur. Die wissenschaftliche Erforschung dieser Sparte der Kultur h\u00e4lt mit dieser Entwicklung nicht Schritt. Im Fr\u00fchjahr 2010 fand an der Universit\u00e4t Potsdam die erste internationale und interdisziplin\u00e4re Tagung zum Thema \u201eRussische K\u00fcche und kulturelle Identit\u00e4t\u201c statt. Der vorliegende Sammelband enth\u00e4lt viele der dort vorgestellten Beitr\u00e4ge in Aufsatzform. Es sind kultur- und literaturwissenschaftliche Untersuchungen zu Essen und Trinken in Russland. Untersucht werden nicht nur die Bedeutung einzelner Speisen und Zubereitungsarten und die Mahlzeit als soziales Geschehen, sondern auch der Verzicht auf Nahrung, sei es freiwillig als Fasten, sei es erzwungen als Hunger. Eine andere Gruppe von Beitr\u00e4gen geht der Rolle des Essens als literarischem Motiv nach, eine weitere bildlichen Darstellungen. Auch das Trinken wird bedacht. In der Kultur durchweg klar kodiert, eignen sich Essen und Trinken ganz besonders als literarische Zeichen, die in den Werken unterschiedlichste Funktionen \u00fcbernehmen k\u00f6nnen. Als Ganzes er\u00f6ffnen die Beitr\u00e4ge erste Durchblicke in ein gro\u00dfes und bislang oft vernachl\u00e4ssigtes Forschungsgebiet.","og_url":"https:\/\/shop.verlag.uni-potsdam.de\/en\/shop\/russische-kueche-und-kulturelle-identitaet\/","og_site_name":"Universit\u00e4tsverlag Potsdam","article_modified_time":"2026-03-23T10:54:53+00:00","og_image":[{"width":452,"height":640,"url":"https:\/\/shop.verlag.uni-potsdam.de\/wp-content\/uploads\/asolmerce\/image-9783869561059.jpg","type":"image\/jpeg"}],"twitter_card":"summary_large_image","twitter_misc":{"Est. reading time":"1 minute"},"schema":{"@context":"https:\/\/schema.org","@graph":[{"@type":"WebPage","@id":"https:\/\/shop.verlag.uni-potsdam.de\/en\/shop\/russische-kueche-und-kulturelle-identitaet\/","url":"https:\/\/shop.verlag.uni-potsdam.de\/en\/shop\/russische-kueche-und-kulturelle-identitaet\/","name":"Russische K\u00fcche und kulturelle Identit\u00e4t - Universit\u00e4tsverlag Potsdam","isPartOf":{"@id":"https:\/\/shop.verlag.uni-potsdam.de\/en\/#website"},"primaryImageOfPage":{"@id":"https:\/\/shop.verlag.uni-potsdam.de\/en\/shop\/russische-kueche-und-kulturelle-identitaet\/#primaryimage"},"image":{"@id":"https:\/\/shop.verlag.uni-potsdam.de\/shop\/russische-kueche-und-kulturelle-identitaet\/#primaryimage"},"thumbnailUrl":"https:\/\/shop.verlag.uni-potsdam.de\/wp-content\/uploads\/asolmerce\/image-9783869561059.jpg","datePublished":"2026-03-23T08:53:53+00:00","dateModified":"2026-03-23T10:54:53+00:00","breadcrumb":{"@id":"https:\/\/shop.verlag.uni-potsdam.de\/en\/shop\/russische-kueche-und-kulturelle-identitaet\/#breadcrumb"},"inLanguage":"en-US","potentialAction":[{"@type":"ReadAction","target":[["https:\/\/shop.verlag.uni-potsdam.de\/en\/shop\/russische-kueche-und-kulturelle-identitaet\/"]]}]},{"@type":"ImageObject","inLanguage":"en-US","@id":"https:\/\/shop.verlag.uni-potsdam.de\/en\/shop\/russische-kueche-und-kulturelle-identitaet\/#primaryimage","url":"https:\/\/shop.verlag.uni-potsdam.de\/wp-content\/uploads\/asolmerce\/image-9783869561059.jpg","contentUrl":"https:\/\/shop.verlag.uni-potsdam.de\/wp-content\/uploads\/asolmerce\/image-9783869561059.jpg","width":452,"height":640},{"@type":"BreadcrumbList","@id":"https:\/\/shop.verlag.uni-potsdam.de\/en\/shop\/russische-kueche-und-kulturelle-identitaet\/#breadcrumb","itemListElement":[{"@type":"ListItem","position":1,"name":"Startseite","item":"https:\/\/shop.verlag.uni-potsdam.de\/en\/"},{"@type":"ListItem","position":2,"name":"Shop","item":"https:\/\/shop.verlag.uni-potsdam.de\/en\/shop\/"},{"@type":"ListItem","position":3,"name":"Russische K\u00fcche und kulturelle Identit\u00e4t"}]},{"@type":"WebSite","@id":"https:\/\/shop.verlag.uni-potsdam.de\/en\/#website","url":"https:\/\/shop.verlag.uni-potsdam.de\/en\/","name":"Universit\u00e4tsverlag Potsdam","description":"","publisher":{"@id":"https:\/\/shop.verlag.uni-potsdam.de\/en\/#organization"},"potentialAction":[{"@type":"SearchAction","target":{"@type":"EntryPoint","urlTemplate":"https:\/\/shop.verlag.uni-potsdam.de\/en\/?s={search_term_string}"},"query-input":{"@type":"PropertyValueSpecification","valueRequired":true,"valueName":"search_term_string"}}],"inLanguage":"en-US"},{"@type":"Organization","@id":"https:\/\/shop.verlag.uni-potsdam.de\/en\/#organization","name":"Universit\u00e4tsverlag Potsdam","url":"https:\/\/shop.verlag.uni-potsdam.de\/en\/","logo":{"@type":"ImageObject","inLanguage":"en-US","@id":"https:\/\/shop.verlag.uni-potsdam.de\/en\/#\/schema\/logo\/image\/","url":"https:\/\/shop.verlag.uni-potsdam.de\/wp-content\/uploads\/2017\/04\/up_logo_university_2.png","contentUrl":"https:\/\/shop.verlag.uni-potsdam.de\/wp-content\/uploads\/2017\/04\/up_logo_university_2.png","width":160,"height":172,"caption":"Universit\u00e4tsverlag Potsdam"},"image":{"@id":"https:\/\/shop.verlag.uni-potsdam.de\/en\/#\/schema\/logo\/image\/"}}]}},"_links":{"self":[{"href":"https:\/\/shop.verlag.uni-potsdam.de\/en\/wp-json\/wp\/v2\/product\/51671","targetHints":{"allow":["GET"]}}],"collection":[{"href":"https:\/\/shop.verlag.uni-potsdam.de\/en\/wp-json\/wp\/v2\/product"}],"about":[{"href":"https:\/\/shop.verlag.uni-potsdam.de\/en\/wp-json\/wp\/v2\/types\/product"}],"wp:featuredmedia":[{"embeddable":true,"href":"https:\/\/shop.verlag.uni-potsdam.de\/en\/wp-json\/wp\/v2\/media\/54073"}],"wp:attachment":[{"href":"https:\/\/shop.verlag.uni-potsdam.de\/en\/wp-json\/wp\/v2\/media?parent=51671"}],"wp:term":[{"taxonomy":"product_brand","embeddable":true,"href":"https:\/\/shop.verlag.uni-potsdam.de\/en\/wp-json\/wp\/v2\/product_brand?post=51671"},{"taxonomy":"product_cat","embeddable":true,"href":"https:\/\/shop.verlag.uni-potsdam.de\/en\/wp-json\/wp\/v2\/product_cat?post=51671"},{"taxonomy":"product_tag","embeddable":true,"href":"https:\/\/shop.verlag.uni-potsdam.de\/en\/wp-json\/wp\/v2\/product_tag?post=51671"}],"curies":[{"name":"wp","href":"https:\/\/api.w.org\/{rel}","templated":true}]}}