{"id":51672,"date":"2026-03-23T08:53:53","date_gmt":"2026-03-23T08:53:53","guid":{"rendered":"http:\/\/shop.verlag.uni-potsdam.de\/produkt\/beruehrungspunkte-in-der-deutschen-und-russischen-strafrechtswissenschaft\/"},"modified":"2026-03-23T11:54:53","modified_gmt":"2026-03-23T10:54:53","slug":"beruehrungspunkte-in-der-deutschen-und-russischen-strafrechtswissenschaft-%d0%bd%d0%b5%d0%bc%d0%b5%d1%86%d0%ba%d0%b0%d1%8f-%d0%b8-%d1%80%d0%be%d1%81%d1%81%d0%b8%d0%b9%d1%81%d0%ba%d0%b0%d1%8f-%d1%83","status":"publish","type":"product","link":"https:\/\/shop.verlag.uni-potsdam.de\/en\/shop\/beruehrungspunkte-in-der-deutschen-und-russischen-strafrechtswissenschaft-%d0%bd%d0%b5%d0%bc%d0%b5%d1%86%d0%ba%d0%b0%d1%8f-%d0%b8-%d1%80%d0%be%d1%81%d1%81%d0%b8%d0%b9%d1%81%d0%ba%d0%b0%d1%8f-%d1%83\/","title":{"rendered":"Ber\u00fchrungspunkte in der deutschen und russischen Strafrechtswissenschaft  = \u041d\u0435\u043c\u0435\u0446\u043a\u0430\u044f \u0438 \u0440\u043e\u0441\u0441\u0438\u0439\u0441\u043a\u0430\u044f \u0443\u0433\u043e\u043b\u043e\u0432\u043d\u043e-\u043f\u0440\u0430\u0432\u043e\u0432\u0430\u044f \u043d\u0430\u0443\u043a\u0430 : \u0442\u043e\u0447\u043a\u0438 \u0441\u043e\u043f\u0440\u0438\u043a\u043e\u0441\u043d\u043e\u0432\u0435\u043d\u0438\u044f"},"content":{"rendered":"<p class=\"qtranxs-available-languages-message qtranxs-available-languages-message-en\">Sorry, this entry is only available in <a href=\"https:\/\/shop.verlag.uni-potsdam.de\/de\/wp-json\/wp\/v2\/product\/51672\" class=\"qtranxs-available-language-link qtranxs-available-language-link-de\" title=\"Deutsch\">Deutsch<\/a>.<\/p><p>Der vorliegende 3. Band der \u201eSchriften zum deutschen und russischen Strafrecht\u201c enth\u00e4lt die Vortr\u00e4ge, die an dem \u201eInternationalen rechtsvergleichenden Runden Tisch zu aktuellen Themen des deutschen und russischen Strafrechts\u201c, der am 18. Dezember 2012 an der Juristischen Fakult\u00e4t der Universit\u00e4t Potsdam stattgefunden hat, gehalten wurden. Die Beitr\u00e4ge der Wissenschaftler und Praktiker aus Russland und Deutschland decken ein breites Spektrum an Themen ab, die in beiden L\u00e4ndern von Interesse sind. In den Band aufgenommen wurden zudem der Festvortrag von Prof. Dr. Rarog zum Tag der Juristischen Fakult\u00e4t der Universit\u00e4t Potsdam am 20. Juni 2012, ein Beitrag von Prof. Dr. Matskevich sowie ein weiterer Aufsatz von Prof. Dr. Rarog und Dr. Nagaeva. Die Publikation der Beitr\u00e4ge in deutscher und russischer Sprache erm\u00f6glicht den Lesern in beiden L\u00e4ndern die Lekt\u00fcre in der jeweiligen Muttersprache.<\/p>","protected":false},"excerpt":{"rendered":"<p class=\"qtranxs-available-languages-message qtranxs-available-languages-message-en\">Sorry, this entry is only available in <a href=\"https:\/\/shop.verlag.uni-potsdam.de\/de\/wp-json\/wp\/v2\/product\/51672\" class=\"qtranxs-available-language-link qtranxs-available-language-link-de\" title=\"Deutsch\">Deutsch<\/a>.<\/p>\n<p>Der vorliegende 3. Band der \u201eSchriften zum deutschen und russischen Strafrecht\u201c enth\u00e4lt die Vortr\u00e4ge, die an dem \u201eInternationalen rechtsvergleichenden Runden Tisch zu aktuellen Themen des deutschen und russischen Strafrechts\u201c, der am 18. Dezember 2012 an der Juristischen Fakult\u00e4t der Universit\u00e4t Potsdam stattgefunden hat, gehalten wurden. Die Beitr\u00e4ge der Wissenschaftler und Praktiker aus Russland und Deutschland decken ein breites Spektrum an Themen ab, die in beiden L\u00e4ndern von Interesse sind. In den Band aufgenommen wurden zudem der Festvortrag von Prof. Dr. Rarog zum Tag der Juristischen Fakult\u00e4t der Universit\u00e4t Potsdam am 20. Juni 2012, ein Beitrag von Prof. Dr. Matskevich sowie ein weiterer Aufsatz von Prof. Dr. Rarog und Dr. Nagaeva. Die Publikation der Beitr\u00e4ge in deutscher und russischer Sprache erm\u00f6glicht den Lesern in beiden L\u00e4ndern die Lekt\u00fcre in der jeweiligen Muttersprache.<\/p>\n","protected":false},"featured_media":54072,"template":"","meta":{"_acf_changed":false},"product_brand":[],"product_cat":[6225],"product_tag":[5358],"class_list":{"0":"post-51672","1":"product","2":"type-product","3":"status-publish","4":"has-post-thumbnail","6":"product_cat-recht-web-kategorie","7":"product_tag-kriminalpolitik-rechtsvergleichung-rechtswissenschaft-wirtschaftsstrafrecht-deutsches-und-russisches-strafrecht","8":"autor-alexey-rarog","9":"autor-uwe-hellmann","11":"first","12":"instock","13":"shipping-taxable","14":"purchasable","15":"product-type-simple"},"acf":[],"yoast_head":"<!-- This site is optimized with the Yoast SEO plugin v27.1.1 - https:\/\/yoast.com\/product\/yoast-seo-wordpress\/ -->\n<title>Ber\u00fchrungspunkte in der deutschen und russischen Strafrechtswissenschaft = \u041d\u0435\u043c\u0435\u0446\u043a\u0430\u044f \u0438 \u0440\u043e\u0441\u0441\u0438\u0439\u0441\u043a\u0430\u044f \u0443\u0433\u043e\u043b\u043e\u0432\u043d\u043e-\u043f\u0440\u0430\u0432\u043e\u0432\u0430\u044f \u043d\u0430\u0443\u043a\u0430 : \u0442\u043e\u0447\u043a\u0438 \u0441\u043e\u043f\u0440\u0438\u043a\u043e\u0441\u043d\u043e\u0432\u0435\u043d\u0438\u044f - Universit\u00e4tsverlag Potsdam<\/title>\n<meta name=\"robots\" content=\"index, follow, max-snippet:-1, max-image-preview:large, max-video-preview:-1\" \/>\n<link rel=\"canonical\" href=\"https:\/\/shop.verlag.uni-potsdam.de\/en\/shop\/beruehrungspunkte-in-der-deutschen-und-russischen-strafrechtswissenschaft-\u043d\u0435\u043c\u0435\u0446\u043a\u0430\u044f-\u0438-\u0440\u043e\u0441\u0441\u0438\u0439\u0441\u043a\u0430\u044f-\u0443\/\" \/>\n<meta property=\"og:locale\" content=\"en_US\" \/>\n<meta property=\"og:type\" content=\"article\" \/>\n<meta property=\"og:title\" content=\"Ber\u00fchrungspunkte in der deutschen und russischen Strafrechtswissenschaft = \u041d\u0435\u043c\u0435\u0446\u043a\u0430\u044f \u0438 \u0440\u043e\u0441\u0441\u0438\u0439\u0441\u043a\u0430\u044f \u0443\u0433\u043e\u043b\u043e\u0432\u043d\u043e-\u043f\u0440\u0430\u0432\u043e\u0432\u0430\u044f \u043d\u0430\u0443\u043a\u0430 : \u0442\u043e\u0447\u043a\u0438 \u0441\u043e\u043f\u0440\u0438\u043a\u043e\u0441\u043d\u043e\u0432\u0435\u043d\u0438\u044f - Universit\u00e4tsverlag Potsdam\" \/>\n<meta property=\"og:description\" content=\"Der vorliegende 3. Band der \u201eSchriften zum deutschen und russischen Strafrecht\u201c enth\u00e4lt die Vortr\u00e4ge, die an dem \u201eInternationalen rechtsvergleichenden Runden Tisch zu aktuellen Themen des deutschen und russischen Strafrechts\u201c, der am 18. Dezember 2012 an der Juristischen Fakult\u00e4t der Universit\u00e4t Potsdam stattgefunden hat, gehalten wurden. Die Beitr\u00e4ge der Wissenschaftler und Praktiker aus Russland und Deutschland decken ein breites Spektrum an Themen ab, die in beiden L\u00e4ndern von Interesse sind. In den Band aufgenommen wurden zudem der Festvortrag von Prof. Dr. Rarog zum Tag der Juristischen Fakult\u00e4t der Universit\u00e4t Potsdam am 20. Juni 2012, ein Beitrag von Prof. Dr. Matskevich sowie ein weiterer Aufsatz von Prof. Dr. Rarog und Dr. Nagaeva. Die Publikation der Beitr\u00e4ge in deutscher und russischer Sprache erm\u00f6glicht den Lesern in beiden L\u00e4ndern die Lekt\u00fcre in der jeweiligen Muttersprache.\" \/>\n<meta property=\"og:url\" content=\"https:\/\/shop.verlag.uni-potsdam.de\/en\/shop\/beruehrungspunkte-in-der-deutschen-und-russischen-strafrechtswissenschaft-\u043d\u0435\u043c\u0435\u0446\u043a\u0430\u044f-\u0438-\u0440\u043e\u0441\u0441\u0438\u0439\u0441\u043a\u0430\u044f-\u0443\/\" \/>\n<meta property=\"og:site_name\" content=\"Universit\u00e4tsverlag Potsdam\" \/>\n<meta property=\"article:modified_time\" content=\"2026-03-23T10:54:53+00:00\" \/>\n<meta property=\"og:image\" content=\"https:\/\/shop.verlag.uni-potsdam.de\/wp-content\/uploads\/asolmerce\/image-9783869562605.jpg\" \/>\n\t<meta property=\"og:image:width\" content=\"452\" \/>\n\t<meta property=\"og:image:height\" content=\"640\" \/>\n\t<meta property=\"og:image:type\" content=\"image\/jpeg\" \/>\n<meta name=\"twitter:card\" content=\"summary_large_image\" \/>\n<meta name=\"twitter:label1\" content=\"Est. reading time\" \/>\n\t<meta name=\"twitter:data1\" content=\"1 minute\" \/>\n<script type=\"application\/ld+json\" class=\"yoast-schema-graph\">{\"@context\":\"https:\/\/schema.org\",\"@graph\":[{\"@type\":\"WebPage\",\"@id\":\"https:\/\/shop.verlag.uni-potsdam.de\/en\/shop\/beruehrungspunkte-in-der-deutschen-und-russischen-strafrechtswissenschaft-%d0%bd%d0%b5%d0%bc%d0%b5%d1%86%d0%ba%d0%b0%d1%8f-%d0%b8-%d1%80%d0%be%d1%81%d1%81%d0%b8%d0%b9%d1%81%d0%ba%d0%b0%d1%8f-%d1%83\/\",\"url\":\"https:\/\/shop.verlag.uni-potsdam.de\/en\/shop\/beruehrungspunkte-in-der-deutschen-und-russischen-strafrechtswissenschaft-%d0%bd%d0%b5%d0%bc%d0%b5%d1%86%d0%ba%d0%b0%d1%8f-%d0%b8-%d1%80%d0%be%d1%81%d1%81%d0%b8%d0%b9%d1%81%d0%ba%d0%b0%d1%8f-%d1%83\/\",\"name\":\"Ber\u00fchrungspunkte in der deutschen und russischen Strafrechtswissenschaft = \u041d\u0435\u043c\u0435\u0446\u043a\u0430\u044f \u0438 \u0440\u043e\u0441\u0441\u0438\u0439\u0441\u043a\u0430\u044f \u0443\u0433\u043e\u043b\u043e\u0432\u043d\u043e-\u043f\u0440\u0430\u0432\u043e\u0432\u0430\u044f \u043d\u0430\u0443\u043a\u0430 : \u0442\u043e\u0447\u043a\u0438 \u0441\u043e\u043f\u0440\u0438\u043a\u043e\u0441\u043d\u043e\u0432\u0435\u043d\u0438\u044f - Universit\u00e4tsverlag Potsdam\",\"isPartOf\":{\"@id\":\"https:\/\/shop.verlag.uni-potsdam.de\/en\/#website\"},\"primaryImageOfPage\":{\"@id\":\"https:\/\/shop.verlag.uni-potsdam.de\/en\/shop\/beruehrungspunkte-in-der-deutschen-und-russischen-strafrechtswissenschaft-%d0%bd%d0%b5%d0%bc%d0%b5%d1%86%d0%ba%d0%b0%d1%8f-%d0%b8-%d1%80%d0%be%d1%81%d1%81%d0%b8%d0%b9%d1%81%d0%ba%d0%b0%d1%8f-%d1%83\/#primaryimage\"},\"image\":{\"@id\":\"https:\/\/shop.verlag.uni-potsdam.de\/shop\/beruehrungspunkte-in-der-deutschen-und-russischen-strafrechtswissenschaft-%d0%bd%d0%b5%d0%bc%d0%b5%d1%86%d0%ba%d0%b0%d1%8f-%d0%b8-%d1%80%d0%be%d1%81%d1%81%d0%b8%d0%b9%d1%81%d0%ba%d0%b0%d1%8f-%d1%83\/#primaryimage\"},\"thumbnailUrl\":\"https:\/\/shop.verlag.uni-potsdam.de\/wp-content\/uploads\/asolmerce\/image-9783869562605.jpg\",\"datePublished\":\"2026-03-23T08:53:53+00:00\",\"dateModified\":\"2026-03-23T10:54:53+00:00\",\"breadcrumb\":{\"@id\":\"https:\/\/shop.verlag.uni-potsdam.de\/en\/shop\/beruehrungspunkte-in-der-deutschen-und-russischen-strafrechtswissenschaft-%d0%bd%d0%b5%d0%bc%d0%b5%d1%86%d0%ba%d0%b0%d1%8f-%d0%b8-%d1%80%d0%be%d1%81%d1%81%d0%b8%d0%b9%d1%81%d0%ba%d0%b0%d1%8f-%d1%83\/#breadcrumb\"},\"inLanguage\":\"en-US\",\"potentialAction\":[{\"@type\":\"ReadAction\",\"target\":[[\"https:\/\/shop.verlag.uni-potsdam.de\/en\/shop\/beruehrungspunkte-in-der-deutschen-und-russischen-strafrechtswissenschaft-%d0%bd%d0%b5%d0%bc%d0%b5%d1%86%d0%ba%d0%b0%d1%8f-%d0%b8-%d1%80%d0%be%d1%81%d1%81%d0%b8%d0%b9%d1%81%d0%ba%d0%b0%d1%8f-%d1%83\/\"]]}]},{\"@type\":\"ImageObject\",\"inLanguage\":\"en-US\",\"@id\":\"https:\/\/shop.verlag.uni-potsdam.de\/en\/shop\/beruehrungspunkte-in-der-deutschen-und-russischen-strafrechtswissenschaft-%d0%bd%d0%b5%d0%bc%d0%b5%d1%86%d0%ba%d0%b0%d1%8f-%d0%b8-%d1%80%d0%be%d1%81%d1%81%d0%b8%d0%b9%d1%81%d0%ba%d0%b0%d1%8f-%d1%83\/#primaryimage\",\"url\":\"https:\/\/shop.verlag.uni-potsdam.de\/wp-content\/uploads\/asolmerce\/image-9783869562605.jpg\",\"contentUrl\":\"https:\/\/shop.verlag.uni-potsdam.de\/wp-content\/uploads\/asolmerce\/image-9783869562605.jpg\",\"width\":452,\"height\":640},{\"@type\":\"BreadcrumbList\",\"@id\":\"https:\/\/shop.verlag.uni-potsdam.de\/en\/shop\/beruehrungspunkte-in-der-deutschen-und-russischen-strafrechtswissenschaft-%d0%bd%d0%b5%d0%bc%d0%b5%d1%86%d0%ba%d0%b0%d1%8f-%d0%b8-%d1%80%d0%be%d1%81%d1%81%d0%b8%d0%b9%d1%81%d0%ba%d0%b0%d1%8f-%d1%83\/#breadcrumb\",\"itemListElement\":[{\"@type\":\"ListItem\",\"position\":1,\"name\":\"Startseite\",\"item\":\"https:\/\/shop.verlag.uni-potsdam.de\/en\/\"},{\"@type\":\"ListItem\",\"position\":2,\"name\":\"Shop\",\"item\":\"https:\/\/shop.verlag.uni-potsdam.de\/en\/shop\/\"},{\"@type\":\"ListItem\",\"position\":3,\"name\":\"Ber\u00fchrungspunkte in der deutschen und russischen Strafrechtswissenschaft = \u041d\u0435\u043c\u0435\u0446\u043a\u0430\u044f \u0438 \u0440\u043e\u0441\u0441\u0438\u0439\u0441\u043a\u0430\u044f \u0443\u0433\u043e\u043b\u043e\u0432\u043d\u043e-\u043f\u0440\u0430\u0432\u043e\u0432\u0430\u044f \u043d\u0430\u0443\u043a\u0430 : \u0442\u043e\u0447\u043a\u0438 \u0441\u043e\u043f\u0440\u0438\u043a\u043e\u0441\u043d\u043e\u0432\u0435\u043d\u0438\u044f\"}]},{\"@type\":\"WebSite\",\"@id\":\"https:\/\/shop.verlag.uni-potsdam.de\/en\/#website\",\"url\":\"https:\/\/shop.verlag.uni-potsdam.de\/en\/\",\"name\":\"Universit\u00e4tsverlag Potsdam\",\"description\":\"\",\"publisher\":{\"@id\":\"https:\/\/shop.verlag.uni-potsdam.de\/en\/#organization\"},\"potentialAction\":[{\"@type\":\"SearchAction\",\"target\":{\"@type\":\"EntryPoint\",\"urlTemplate\":\"https:\/\/shop.verlag.uni-potsdam.de\/en\/?s={search_term_string}\"},\"query-input\":{\"@type\":\"PropertyValueSpecification\",\"valueRequired\":true,\"valueName\":\"search_term_string\"}}],\"inLanguage\":\"en-US\"},{\"@type\":\"Organization\",\"@id\":\"https:\/\/shop.verlag.uni-potsdam.de\/en\/#organization\",\"name\":\"Universit\u00e4tsverlag Potsdam\",\"url\":\"https:\/\/shop.verlag.uni-potsdam.de\/en\/\",\"logo\":{\"@type\":\"ImageObject\",\"inLanguage\":\"en-US\",\"@id\":\"https:\/\/shop.verlag.uni-potsdam.de\/en\/#\/schema\/logo\/image\/\",\"url\":\"https:\/\/shop.verlag.uni-potsdam.de\/wp-content\/uploads\/2017\/04\/up_logo_university_2.png\",\"contentUrl\":\"https:\/\/shop.verlag.uni-potsdam.de\/wp-content\/uploads\/2017\/04\/up_logo_university_2.png\",\"width\":160,\"height\":172,\"caption\":\"Universit\u00e4tsverlag Potsdam\"},\"image\":{\"@id\":\"https:\/\/shop.verlag.uni-potsdam.de\/en\/#\/schema\/logo\/image\/\"}}]}<\/script>\n<!-- \/ Yoast SEO plugin. -->","yoast_head_json":{"title":"Ber\u00fchrungspunkte in der deutschen und russischen Strafrechtswissenschaft = \u041d\u0435\u043c\u0435\u0446\u043a\u0430\u044f \u0438 \u0440\u043e\u0441\u0441\u0438\u0439\u0441\u043a\u0430\u044f \u0443\u0433\u043e\u043b\u043e\u0432\u043d\u043e-\u043f\u0440\u0430\u0432\u043e\u0432\u0430\u044f \u043d\u0430\u0443\u043a\u0430 : \u0442\u043e\u0447\u043a\u0438 \u0441\u043e\u043f\u0440\u0438\u043a\u043e\u0441\u043d\u043e\u0432\u0435\u043d\u0438\u044f - Universit\u00e4tsverlag Potsdam","robots":{"index":"index","follow":"follow","max-snippet":"max-snippet:-1","max-image-preview":"max-image-preview:large","max-video-preview":"max-video-preview:-1"},"canonical":"https:\/\/shop.verlag.uni-potsdam.de\/en\/shop\/beruehrungspunkte-in-der-deutschen-und-russischen-strafrechtswissenschaft-\u043d\u0435\u043c\u0435\u0446\u043a\u0430\u044f-\u0438-\u0440\u043e\u0441\u0441\u0438\u0439\u0441\u043a\u0430\u044f-\u0443\/","og_locale":"en_US","og_type":"article","og_title":"Ber\u00fchrungspunkte in der deutschen und russischen Strafrechtswissenschaft = \u041d\u0435\u043c\u0435\u0446\u043a\u0430\u044f \u0438 \u0440\u043e\u0441\u0441\u0438\u0439\u0441\u043a\u0430\u044f \u0443\u0433\u043e\u043b\u043e\u0432\u043d\u043e-\u043f\u0440\u0430\u0432\u043e\u0432\u0430\u044f \u043d\u0430\u0443\u043a\u0430 : \u0442\u043e\u0447\u043a\u0438 \u0441\u043e\u043f\u0440\u0438\u043a\u043e\u0441\u043d\u043e\u0432\u0435\u043d\u0438\u044f - Universit\u00e4tsverlag Potsdam","og_description":"Der vorliegende 3. Band der \u201eSchriften zum deutschen und russischen Strafrecht\u201c enth\u00e4lt die Vortr\u00e4ge, die an dem \u201eInternationalen rechtsvergleichenden Runden Tisch zu aktuellen Themen des deutschen und russischen Strafrechts\u201c, der am 18. Dezember 2012 an der Juristischen Fakult\u00e4t der Universit\u00e4t Potsdam stattgefunden hat, gehalten wurden. Die Beitr\u00e4ge der Wissenschaftler und Praktiker aus Russland und Deutschland decken ein breites Spektrum an Themen ab, die in beiden L\u00e4ndern von Interesse sind. In den Band aufgenommen wurden zudem der Festvortrag von Prof. Dr. Rarog zum Tag der Juristischen Fakult\u00e4t der Universit\u00e4t Potsdam am 20. Juni 2012, ein Beitrag von Prof. Dr. Matskevich sowie ein weiterer Aufsatz von Prof. Dr. Rarog und Dr. Nagaeva. Die Publikation der Beitr\u00e4ge in deutscher und russischer Sprache erm\u00f6glicht den Lesern in beiden L\u00e4ndern die Lekt\u00fcre in der jeweiligen Muttersprache.","og_url":"https:\/\/shop.verlag.uni-potsdam.de\/en\/shop\/beruehrungspunkte-in-der-deutschen-und-russischen-strafrechtswissenschaft-\u043d\u0435\u043c\u0435\u0446\u043a\u0430\u044f-\u0438-\u0440\u043e\u0441\u0441\u0438\u0439\u0441\u043a\u0430\u044f-\u0443\/","og_site_name":"Universit\u00e4tsverlag Potsdam","article_modified_time":"2026-03-23T10:54:53+00:00","og_image":[{"width":452,"height":640,"url":"https:\/\/shop.verlag.uni-potsdam.de\/wp-content\/uploads\/asolmerce\/image-9783869562605.jpg","type":"image\/jpeg"}],"twitter_card":"summary_large_image","twitter_misc":{"Est. reading time":"1 minute"},"schema":{"@context":"https:\/\/schema.org","@graph":[{"@type":"WebPage","@id":"https:\/\/shop.verlag.uni-potsdam.de\/en\/shop\/beruehrungspunkte-in-der-deutschen-und-russischen-strafrechtswissenschaft-%d0%bd%d0%b5%d0%bc%d0%b5%d1%86%d0%ba%d0%b0%d1%8f-%d0%b8-%d1%80%d0%be%d1%81%d1%81%d0%b8%d0%b9%d1%81%d0%ba%d0%b0%d1%8f-%d1%83\/","url":"https:\/\/shop.verlag.uni-potsdam.de\/en\/shop\/beruehrungspunkte-in-der-deutschen-und-russischen-strafrechtswissenschaft-%d0%bd%d0%b5%d0%bc%d0%b5%d1%86%d0%ba%d0%b0%d1%8f-%d0%b8-%d1%80%d0%be%d1%81%d1%81%d0%b8%d0%b9%d1%81%d0%ba%d0%b0%d1%8f-%d1%83\/","name":"Ber\u00fchrungspunkte in der deutschen und russischen Strafrechtswissenschaft = \u041d\u0435\u043c\u0435\u0446\u043a\u0430\u044f \u0438 \u0440\u043e\u0441\u0441\u0438\u0439\u0441\u043a\u0430\u044f \u0443\u0433\u043e\u043b\u043e\u0432\u043d\u043e-\u043f\u0440\u0430\u0432\u043e\u0432\u0430\u044f \u043d\u0430\u0443\u043a\u0430 : \u0442\u043e\u0447\u043a\u0438 \u0441\u043e\u043f\u0440\u0438\u043a\u043e\u0441\u043d\u043e\u0432\u0435\u043d\u0438\u044f - Universit\u00e4tsverlag Potsdam","isPartOf":{"@id":"https:\/\/shop.verlag.uni-potsdam.de\/en\/#website"},"primaryImageOfPage":{"@id":"https:\/\/shop.verlag.uni-potsdam.de\/en\/shop\/beruehrungspunkte-in-der-deutschen-und-russischen-strafrechtswissenschaft-%d0%bd%d0%b5%d0%bc%d0%b5%d1%86%d0%ba%d0%b0%d1%8f-%d0%b8-%d1%80%d0%be%d1%81%d1%81%d0%b8%d0%b9%d1%81%d0%ba%d0%b0%d1%8f-%d1%83\/#primaryimage"},"image":{"@id":"https:\/\/shop.verlag.uni-potsdam.de\/shop\/beruehrungspunkte-in-der-deutschen-und-russischen-strafrechtswissenschaft-%d0%bd%d0%b5%d0%bc%d0%b5%d1%86%d0%ba%d0%b0%d1%8f-%d0%b8-%d1%80%d0%be%d1%81%d1%81%d0%b8%d0%b9%d1%81%d0%ba%d0%b0%d1%8f-%d1%83\/#primaryimage"},"thumbnailUrl":"https:\/\/shop.verlag.uni-potsdam.de\/wp-content\/uploads\/asolmerce\/image-9783869562605.jpg","datePublished":"2026-03-23T08:53:53+00:00","dateModified":"2026-03-23T10:54:53+00:00","breadcrumb":{"@id":"https:\/\/shop.verlag.uni-potsdam.de\/en\/shop\/beruehrungspunkte-in-der-deutschen-und-russischen-strafrechtswissenschaft-%d0%bd%d0%b5%d0%bc%d0%b5%d1%86%d0%ba%d0%b0%d1%8f-%d0%b8-%d1%80%d0%be%d1%81%d1%81%d0%b8%d0%b9%d1%81%d0%ba%d0%b0%d1%8f-%d1%83\/#breadcrumb"},"inLanguage":"en-US","potentialAction":[{"@type":"ReadAction","target":[["https:\/\/shop.verlag.uni-potsdam.de\/en\/shop\/beruehrungspunkte-in-der-deutschen-und-russischen-strafrechtswissenschaft-%d0%bd%d0%b5%d0%bc%d0%b5%d1%86%d0%ba%d0%b0%d1%8f-%d0%b8-%d1%80%d0%be%d1%81%d1%81%d0%b8%d0%b9%d1%81%d0%ba%d0%b0%d1%8f-%d1%83\/"]]}]},{"@type":"ImageObject","inLanguage":"en-US","@id":"https:\/\/shop.verlag.uni-potsdam.de\/en\/shop\/beruehrungspunkte-in-der-deutschen-und-russischen-strafrechtswissenschaft-%d0%bd%d0%b5%d0%bc%d0%b5%d1%86%d0%ba%d0%b0%d1%8f-%d0%b8-%d1%80%d0%be%d1%81%d1%81%d0%b8%d0%b9%d1%81%d0%ba%d0%b0%d1%8f-%d1%83\/#primaryimage","url":"https:\/\/shop.verlag.uni-potsdam.de\/wp-content\/uploads\/asolmerce\/image-9783869562605.jpg","contentUrl":"https:\/\/shop.verlag.uni-potsdam.de\/wp-content\/uploads\/asolmerce\/image-9783869562605.jpg","width":452,"height":640},{"@type":"BreadcrumbList","@id":"https:\/\/shop.verlag.uni-potsdam.de\/en\/shop\/beruehrungspunkte-in-der-deutschen-und-russischen-strafrechtswissenschaft-%d0%bd%d0%b5%d0%bc%d0%b5%d1%86%d0%ba%d0%b0%d1%8f-%d0%b8-%d1%80%d0%be%d1%81%d1%81%d0%b8%d0%b9%d1%81%d0%ba%d0%b0%d1%8f-%d1%83\/#breadcrumb","itemListElement":[{"@type":"ListItem","position":1,"name":"Startseite","item":"https:\/\/shop.verlag.uni-potsdam.de\/en\/"},{"@type":"ListItem","position":2,"name":"Shop","item":"https:\/\/shop.verlag.uni-potsdam.de\/en\/shop\/"},{"@type":"ListItem","position":3,"name":"Ber\u00fchrungspunkte in der deutschen und russischen Strafrechtswissenschaft = \u041d\u0435\u043c\u0435\u0446\u043a\u0430\u044f \u0438 \u0440\u043e\u0441\u0441\u0438\u0439\u0441\u043a\u0430\u044f \u0443\u0433\u043e\u043b\u043e\u0432\u043d\u043e-\u043f\u0440\u0430\u0432\u043e\u0432\u0430\u044f \u043d\u0430\u0443\u043a\u0430 : \u0442\u043e\u0447\u043a\u0438 \u0441\u043e\u043f\u0440\u0438\u043a\u043e\u0441\u043d\u043e\u0432\u0435\u043d\u0438\u044f"}]},{"@type":"WebSite","@id":"https:\/\/shop.verlag.uni-potsdam.de\/en\/#website","url":"https:\/\/shop.verlag.uni-potsdam.de\/en\/","name":"Universit\u00e4tsverlag Potsdam","description":"","publisher":{"@id":"https:\/\/shop.verlag.uni-potsdam.de\/en\/#organization"},"potentialAction":[{"@type":"SearchAction","target":{"@type":"EntryPoint","urlTemplate":"https:\/\/shop.verlag.uni-potsdam.de\/en\/?s={search_term_string}"},"query-input":{"@type":"PropertyValueSpecification","valueRequired":true,"valueName":"search_term_string"}}],"inLanguage":"en-US"},{"@type":"Organization","@id":"https:\/\/shop.verlag.uni-potsdam.de\/en\/#organization","name":"Universit\u00e4tsverlag Potsdam","url":"https:\/\/shop.verlag.uni-potsdam.de\/en\/","logo":{"@type":"ImageObject","inLanguage":"en-US","@id":"https:\/\/shop.verlag.uni-potsdam.de\/en\/#\/schema\/logo\/image\/","url":"https:\/\/shop.verlag.uni-potsdam.de\/wp-content\/uploads\/2017\/04\/up_logo_university_2.png","contentUrl":"https:\/\/shop.verlag.uni-potsdam.de\/wp-content\/uploads\/2017\/04\/up_logo_university_2.png","width":160,"height":172,"caption":"Universit\u00e4tsverlag Potsdam"},"image":{"@id":"https:\/\/shop.verlag.uni-potsdam.de\/en\/#\/schema\/logo\/image\/"}}]}},"_links":{"self":[{"href":"https:\/\/shop.verlag.uni-potsdam.de\/en\/wp-json\/wp\/v2\/product\/51672","targetHints":{"allow":["GET"]}}],"collection":[{"href":"https:\/\/shop.verlag.uni-potsdam.de\/en\/wp-json\/wp\/v2\/product"}],"about":[{"href":"https:\/\/shop.verlag.uni-potsdam.de\/en\/wp-json\/wp\/v2\/types\/product"}],"wp:featuredmedia":[{"embeddable":true,"href":"https:\/\/shop.verlag.uni-potsdam.de\/en\/wp-json\/wp\/v2\/media\/54072"}],"wp:attachment":[{"href":"https:\/\/shop.verlag.uni-potsdam.de\/en\/wp-json\/wp\/v2\/media?parent=51672"}],"wp:term":[{"taxonomy":"product_brand","embeddable":true,"href":"https:\/\/shop.verlag.uni-potsdam.de\/en\/wp-json\/wp\/v2\/product_brand?post=51672"},{"taxonomy":"product_cat","embeddable":true,"href":"https:\/\/shop.verlag.uni-potsdam.de\/en\/wp-json\/wp\/v2\/product_cat?post=51672"},{"taxonomy":"product_tag","embeddable":true,"href":"https:\/\/shop.verlag.uni-potsdam.de\/en\/wp-json\/wp\/v2\/product_tag?post=51672"}],"curies":[{"name":"wp","href":"https:\/\/api.w.org\/{rel}","templated":true}]}}