{"id":51676,"date":"2026-03-23T08:53:52","date_gmt":"2026-03-23T08:53:52","guid":{"rendered":"http:\/\/shop.verlag.uni-potsdam.de\/produkt\/belcantare-brandenburg-jedes-kind-kann-singen\/"},"modified":"2026-03-23T11:54:52","modified_gmt":"2026-03-23T10:54:52","slug":"belcantare-brandenburg-jedes-kind-kann-singen","status":"publish","type":"product","link":"https:\/\/shop.verlag.uni-potsdam.de\/en\/shop\/belcantare-brandenburg-jedes-kind-kann-singen\/","title":{"rendered":"Belcantare Brandenburg. Jedes Kind kann singen!"},"content":{"rendered":"<p class=\"qtranxs-available-languages-message qtranxs-available-languages-message-en\">Sorry, this entry is only available in <a href=\"https:\/\/shop.verlag.uni-potsdam.de\/de\/wp-json\/wp\/v2\/product\/51676\" class=\"qtranxs-available-language-link qtranxs-available-language-link-de\" title=\"Deutsch\">Deutsch<\/a>.<\/p><p>Was veranlasste die an \u201eBelcantare Brandenburg\u201c beteiligten Bildungsinstitutionen, dieses Projekt zu verwirklichen? Sind l\u00e4ndliche und st\u00e4dtische Singprojekte gleicherma\u00dfen zu planen? Wie wirksam war und ist \u201eBelcantare Brandenburg\u201c? Diesen u.?a. Fragen widmet sich die repr\u00e4sentative Dokumentation, die im Rahmen der wissenschaftlichen Begleitung des Projektes durch den Lehrstuhl Musikp\u00e4dagogik und Musikdidaktik der Universit\u00e4t Potsdam entstanden ist. Vorderstes Anliegen war es hierbei, die erarbeiteten Fragestellungen aus unterschiedlichen Forschungsperspektiven zu beantworten. An dieser Forschungsarbeit wirkten Studierende mit und reflektierten in ihren wissenschaftlichen Qualifikationsarbeiten im Projekt erschlossene theoretische und praktische Erfahrungen zum Singen in der Grundschule. \u201eBelcantare Brandenburg\u201c ist ein Singprojekt zur Fortbildung f\u00fcr Grundschullehrerinnen und Grundschullehrer, das mit freundlicher Unterst\u00fctzung der Ostdeutschen Sparkassenstiftung und der Sparkasse Uckermark \u00fcber einen Zeitraum von zwei Jahren die Qualit\u00e4t der Singarbeit von Lehrkr\u00e4ften aus der Uckermark zielgerichtet weiterentwickelte.<\/p>","protected":false},"excerpt":{"rendered":"<p class=\"qtranxs-available-languages-message qtranxs-available-languages-message-en\">Sorry, this entry is only available in <a href=\"https:\/\/shop.verlag.uni-potsdam.de\/de\/wp-json\/wp\/v2\/product\/51676\" class=\"qtranxs-available-language-link qtranxs-available-language-link-de\" title=\"Deutsch\">Deutsch<\/a>.<\/p>\n<p>Was veranlasste die an \u201eBelcantare Brandenburg\u201c beteiligten Bildungsinstitutionen, dieses Projekt zu verwirklichen? Sind l\u00e4ndliche und st\u00e4dtische Singprojekte gleicherma\u00dfen zu planen? Wie wirksam war und ist \u201eBelcantare Brandenburg\u201c? Diesen u.?a. Fragen widmet sich die repr\u00e4sentative Dokumentation, die im Rahmen der wissenschaftlichen Begleitung des Projektes durch den Lehrstuhl Musikp\u00e4dagogik und Musikdidaktik der Universit\u00e4t Potsdam entstanden ist. Vorderstes Anliegen war es hierbei, die erarbeiteten Fragestellungen aus unterschiedlichen Forschungsperspektiven zu beantworten. An dieser Forschungsarbeit wirkten Studierende mit und reflektierten in ihren wissenschaftlichen Qualifikationsarbeiten im Projekt erschlossene theoretische und praktische Erfahrungen zum Singen in der Grundschule. \u201eBelcantare Brandenburg\u201c ist ein Singprojekt zur Fortbildung f\u00fcr Grundschullehrerinnen und Grundschullehrer, das mit freundlicher Unterst\u00fctzung der Ostdeutschen Sparkassenstiftung und der Sparkasse Uckermark \u00fcber einen Zeitraum von zwei Jahren die Qualit\u00e4t der Singarbeit von Lehrkr\u00e4ften aus der Uckermark zielgerichtet weiterentwickelte.<\/p>\n","protected":false},"featured_media":54049,"template":"","meta":{"_acf_changed":false},"product_brand":[],"product_cat":[6218,6220],"product_tag":[5510],"class_list":{"0":"post-51676","1":"product","2":"type-product","3":"status-publish","4":"has-post-thumbnail","6":"product_cat-musik-web-kategorie","7":"product_cat-paedagogik-web-kategorie","8":"product_tag-fortbildung-grundschule-lieddidaktik-singprojekt","9":"autor-birgit-jank","10":"autor-jana-buschmann","12":"first","13":"instock","14":"shipping-taxable","15":"purchasable","16":"product-type-simple"},"acf":[],"yoast_head":"<!-- This site is optimized with the Yoast SEO plugin v27.1.1 - https:\/\/yoast.com\/product\/yoast-seo-wordpress\/ -->\n<title>Belcantare Brandenburg. Jedes Kind kann singen! - Universit\u00e4tsverlag Potsdam<\/title>\n<meta name=\"robots\" content=\"index, follow, max-snippet:-1, max-image-preview:large, max-video-preview:-1\" \/>\n<link rel=\"canonical\" href=\"https:\/\/shop.verlag.uni-potsdam.de\/en\/shop\/belcantare-brandenburg-jedes-kind-kann-singen\/\" \/>\n<meta property=\"og:locale\" content=\"en_US\" \/>\n<meta property=\"og:type\" content=\"article\" \/>\n<meta property=\"og:title\" content=\"Belcantare Brandenburg. Jedes Kind kann singen! - Universit\u00e4tsverlag Potsdam\" \/>\n<meta property=\"og:description\" content=\"Was veranlasste die an \u201eBelcantare Brandenburg\u201c beteiligten Bildungsinstitutionen, dieses Projekt zu verwirklichen? Sind l\u00e4ndliche und st\u00e4dtische Singprojekte gleicherma\u00dfen zu planen? Wie wirksam war und ist \u201eBelcantare Brandenburg\u201c? Diesen u.?a. Fragen widmet sich die repr\u00e4sentative Dokumentation, die im Rahmen der wissenschaftlichen Begleitung des Projektes durch den Lehrstuhl Musikp\u00e4dagogik und Musikdidaktik der Universit\u00e4t Potsdam entstanden ist. Vorderstes Anliegen war es hierbei, die erarbeiteten Fragestellungen aus unterschiedlichen Forschungsperspektiven zu beantworten. An dieser Forschungsarbeit wirkten Studierende mit und reflektierten in ihren wissenschaftlichen Qualifikationsarbeiten im Projekt erschlossene theoretische und praktische Erfahrungen zum Singen in der Grundschule. \u201eBelcantare Brandenburg\u201c ist ein Singprojekt zur Fortbildung f\u00fcr Grundschullehrerinnen und Grundschullehrer, das mit freundlicher Unterst\u00fctzung der Ostdeutschen Sparkassenstiftung und der Sparkasse Uckermark \u00fcber einen Zeitraum von zwei Jahren die Qualit\u00e4t der Singarbeit von Lehrkr\u00e4ften aus der Uckermark zielgerichtet weiterentwickelte.\" \/>\n<meta property=\"og:url\" content=\"https:\/\/shop.verlag.uni-potsdam.de\/en\/shop\/belcantare-brandenburg-jedes-kind-kann-singen\/\" \/>\n<meta property=\"og:site_name\" content=\"Universit\u00e4tsverlag Potsdam\" \/>\n<meta property=\"article:modified_time\" content=\"2026-03-23T10:54:52+00:00\" \/>\n<meta property=\"og:image\" content=\"https:\/\/shop.verlag.uni-potsdam.de\/wp-content\/uploads\/asolmerce\/image-9783869562506.jpg\" \/>\n\t<meta property=\"og:image:width\" content=\"452\" \/>\n\t<meta property=\"og:image:height\" content=\"640\" \/>\n\t<meta property=\"og:image:type\" content=\"image\/jpeg\" \/>\n<meta name=\"twitter:card\" content=\"summary_large_image\" \/>\n<meta name=\"twitter:label1\" content=\"Est. reading time\" \/>\n\t<meta name=\"twitter:data1\" content=\"1 minute\" \/>\n<script type=\"application\/ld+json\" class=\"yoast-schema-graph\">{\"@context\":\"https:\/\/schema.org\",\"@graph\":[{\"@type\":\"WebPage\",\"@id\":\"https:\/\/shop.verlag.uni-potsdam.de\/en\/shop\/belcantare-brandenburg-jedes-kind-kann-singen\/\",\"url\":\"https:\/\/shop.verlag.uni-potsdam.de\/en\/shop\/belcantare-brandenburg-jedes-kind-kann-singen\/\",\"name\":\"Belcantare Brandenburg. Jedes Kind kann singen! - Universit\u00e4tsverlag Potsdam\",\"isPartOf\":{\"@id\":\"https:\/\/shop.verlag.uni-potsdam.de\/en\/#website\"},\"primaryImageOfPage\":{\"@id\":\"https:\/\/shop.verlag.uni-potsdam.de\/en\/shop\/belcantare-brandenburg-jedes-kind-kann-singen\/#primaryimage\"},\"image\":{\"@id\":\"https:\/\/shop.verlag.uni-potsdam.de\/shop\/belcantare-brandenburg-jedes-kind-kann-singen\/#primaryimage\"},\"thumbnailUrl\":\"https:\/\/shop.verlag.uni-potsdam.de\/wp-content\/uploads\/asolmerce\/image-9783869562506.jpg\",\"datePublished\":\"2026-03-23T08:53:52+00:00\",\"dateModified\":\"2026-03-23T10:54:52+00:00\",\"breadcrumb\":{\"@id\":\"https:\/\/shop.verlag.uni-potsdam.de\/en\/shop\/belcantare-brandenburg-jedes-kind-kann-singen\/#breadcrumb\"},\"inLanguage\":\"en-US\",\"potentialAction\":[{\"@type\":\"ReadAction\",\"target\":[[\"https:\/\/shop.verlag.uni-potsdam.de\/en\/shop\/belcantare-brandenburg-jedes-kind-kann-singen\/\"]]}]},{\"@type\":\"ImageObject\",\"inLanguage\":\"en-US\",\"@id\":\"https:\/\/shop.verlag.uni-potsdam.de\/en\/shop\/belcantare-brandenburg-jedes-kind-kann-singen\/#primaryimage\",\"url\":\"https:\/\/shop.verlag.uni-potsdam.de\/wp-content\/uploads\/asolmerce\/image-9783869562506.jpg\",\"contentUrl\":\"https:\/\/shop.verlag.uni-potsdam.de\/wp-content\/uploads\/asolmerce\/image-9783869562506.jpg\",\"width\":452,\"height\":640},{\"@type\":\"BreadcrumbList\",\"@id\":\"https:\/\/shop.verlag.uni-potsdam.de\/en\/shop\/belcantare-brandenburg-jedes-kind-kann-singen\/#breadcrumb\",\"itemListElement\":[{\"@type\":\"ListItem\",\"position\":1,\"name\":\"Startseite\",\"item\":\"https:\/\/shop.verlag.uni-potsdam.de\/en\/\"},{\"@type\":\"ListItem\",\"position\":2,\"name\":\"Shop\",\"item\":\"https:\/\/shop.verlag.uni-potsdam.de\/en\/shop\/\"},{\"@type\":\"ListItem\",\"position\":3,\"name\":\"Belcantare Brandenburg. Jedes Kind kann singen!\"}]},{\"@type\":\"WebSite\",\"@id\":\"https:\/\/shop.verlag.uni-potsdam.de\/en\/#website\",\"url\":\"https:\/\/shop.verlag.uni-potsdam.de\/en\/\",\"name\":\"Universit\u00e4tsverlag Potsdam\",\"description\":\"\",\"publisher\":{\"@id\":\"https:\/\/shop.verlag.uni-potsdam.de\/en\/#organization\"},\"potentialAction\":[{\"@type\":\"SearchAction\",\"target\":{\"@type\":\"EntryPoint\",\"urlTemplate\":\"https:\/\/shop.verlag.uni-potsdam.de\/en\/?s={search_term_string}\"},\"query-input\":{\"@type\":\"PropertyValueSpecification\",\"valueRequired\":true,\"valueName\":\"search_term_string\"}}],\"inLanguage\":\"en-US\"},{\"@type\":\"Organization\",\"@id\":\"https:\/\/shop.verlag.uni-potsdam.de\/en\/#organization\",\"name\":\"Universit\u00e4tsverlag Potsdam\",\"url\":\"https:\/\/shop.verlag.uni-potsdam.de\/en\/\",\"logo\":{\"@type\":\"ImageObject\",\"inLanguage\":\"en-US\",\"@id\":\"https:\/\/shop.verlag.uni-potsdam.de\/en\/#\/schema\/logo\/image\/\",\"url\":\"https:\/\/shop.verlag.uni-potsdam.de\/wp-content\/uploads\/2017\/04\/up_logo_university_2.png\",\"contentUrl\":\"https:\/\/shop.verlag.uni-potsdam.de\/wp-content\/uploads\/2017\/04\/up_logo_university_2.png\",\"width\":160,\"height\":172,\"caption\":\"Universit\u00e4tsverlag Potsdam\"},\"image\":{\"@id\":\"https:\/\/shop.verlag.uni-potsdam.de\/en\/#\/schema\/logo\/image\/\"}}]}<\/script>\n<!-- \/ Yoast SEO plugin. -->","yoast_head_json":{"title":"Belcantare Brandenburg. Jedes Kind kann singen! - Universit\u00e4tsverlag Potsdam","robots":{"index":"index","follow":"follow","max-snippet":"max-snippet:-1","max-image-preview":"max-image-preview:large","max-video-preview":"max-video-preview:-1"},"canonical":"https:\/\/shop.verlag.uni-potsdam.de\/en\/shop\/belcantare-brandenburg-jedes-kind-kann-singen\/","og_locale":"en_US","og_type":"article","og_title":"Belcantare Brandenburg. Jedes Kind kann singen! - Universit\u00e4tsverlag Potsdam","og_description":"Was veranlasste die an \u201eBelcantare Brandenburg\u201c beteiligten Bildungsinstitutionen, dieses Projekt zu verwirklichen? Sind l\u00e4ndliche und st\u00e4dtische Singprojekte gleicherma\u00dfen zu planen? Wie wirksam war und ist \u201eBelcantare Brandenburg\u201c? Diesen u.?a. Fragen widmet sich die repr\u00e4sentative Dokumentation, die im Rahmen der wissenschaftlichen Begleitung des Projektes durch den Lehrstuhl Musikp\u00e4dagogik und Musikdidaktik der Universit\u00e4t Potsdam entstanden ist. Vorderstes Anliegen war es hierbei, die erarbeiteten Fragestellungen aus unterschiedlichen Forschungsperspektiven zu beantworten. An dieser Forschungsarbeit wirkten Studierende mit und reflektierten in ihren wissenschaftlichen Qualifikationsarbeiten im Projekt erschlossene theoretische und praktische Erfahrungen zum Singen in der Grundschule. \u201eBelcantare Brandenburg\u201c ist ein Singprojekt zur Fortbildung f\u00fcr Grundschullehrerinnen und Grundschullehrer, das mit freundlicher Unterst\u00fctzung der Ostdeutschen Sparkassenstiftung und der Sparkasse Uckermark \u00fcber einen Zeitraum von zwei Jahren die Qualit\u00e4t der Singarbeit von Lehrkr\u00e4ften aus der Uckermark zielgerichtet weiterentwickelte.","og_url":"https:\/\/shop.verlag.uni-potsdam.de\/en\/shop\/belcantare-brandenburg-jedes-kind-kann-singen\/","og_site_name":"Universit\u00e4tsverlag Potsdam","article_modified_time":"2026-03-23T10:54:52+00:00","og_image":[{"width":452,"height":640,"url":"https:\/\/shop.verlag.uni-potsdam.de\/wp-content\/uploads\/asolmerce\/image-9783869562506.jpg","type":"image\/jpeg"}],"twitter_card":"summary_large_image","twitter_misc":{"Est. reading time":"1 minute"},"schema":{"@context":"https:\/\/schema.org","@graph":[{"@type":"WebPage","@id":"https:\/\/shop.verlag.uni-potsdam.de\/en\/shop\/belcantare-brandenburg-jedes-kind-kann-singen\/","url":"https:\/\/shop.verlag.uni-potsdam.de\/en\/shop\/belcantare-brandenburg-jedes-kind-kann-singen\/","name":"Belcantare Brandenburg. Jedes Kind kann singen! - Universit\u00e4tsverlag Potsdam","isPartOf":{"@id":"https:\/\/shop.verlag.uni-potsdam.de\/en\/#website"},"primaryImageOfPage":{"@id":"https:\/\/shop.verlag.uni-potsdam.de\/en\/shop\/belcantare-brandenburg-jedes-kind-kann-singen\/#primaryimage"},"image":{"@id":"https:\/\/shop.verlag.uni-potsdam.de\/shop\/belcantare-brandenburg-jedes-kind-kann-singen\/#primaryimage"},"thumbnailUrl":"https:\/\/shop.verlag.uni-potsdam.de\/wp-content\/uploads\/asolmerce\/image-9783869562506.jpg","datePublished":"2026-03-23T08:53:52+00:00","dateModified":"2026-03-23T10:54:52+00:00","breadcrumb":{"@id":"https:\/\/shop.verlag.uni-potsdam.de\/en\/shop\/belcantare-brandenburg-jedes-kind-kann-singen\/#breadcrumb"},"inLanguage":"en-US","potentialAction":[{"@type":"ReadAction","target":[["https:\/\/shop.verlag.uni-potsdam.de\/en\/shop\/belcantare-brandenburg-jedes-kind-kann-singen\/"]]}]},{"@type":"ImageObject","inLanguage":"en-US","@id":"https:\/\/shop.verlag.uni-potsdam.de\/en\/shop\/belcantare-brandenburg-jedes-kind-kann-singen\/#primaryimage","url":"https:\/\/shop.verlag.uni-potsdam.de\/wp-content\/uploads\/asolmerce\/image-9783869562506.jpg","contentUrl":"https:\/\/shop.verlag.uni-potsdam.de\/wp-content\/uploads\/asolmerce\/image-9783869562506.jpg","width":452,"height":640},{"@type":"BreadcrumbList","@id":"https:\/\/shop.verlag.uni-potsdam.de\/en\/shop\/belcantare-brandenburg-jedes-kind-kann-singen\/#breadcrumb","itemListElement":[{"@type":"ListItem","position":1,"name":"Startseite","item":"https:\/\/shop.verlag.uni-potsdam.de\/en\/"},{"@type":"ListItem","position":2,"name":"Shop","item":"https:\/\/shop.verlag.uni-potsdam.de\/en\/shop\/"},{"@type":"ListItem","position":3,"name":"Belcantare Brandenburg. Jedes Kind kann singen!"}]},{"@type":"WebSite","@id":"https:\/\/shop.verlag.uni-potsdam.de\/en\/#website","url":"https:\/\/shop.verlag.uni-potsdam.de\/en\/","name":"Universit\u00e4tsverlag Potsdam","description":"","publisher":{"@id":"https:\/\/shop.verlag.uni-potsdam.de\/en\/#organization"},"potentialAction":[{"@type":"SearchAction","target":{"@type":"EntryPoint","urlTemplate":"https:\/\/shop.verlag.uni-potsdam.de\/en\/?s={search_term_string}"},"query-input":{"@type":"PropertyValueSpecification","valueRequired":true,"valueName":"search_term_string"}}],"inLanguage":"en-US"},{"@type":"Organization","@id":"https:\/\/shop.verlag.uni-potsdam.de\/en\/#organization","name":"Universit\u00e4tsverlag Potsdam","url":"https:\/\/shop.verlag.uni-potsdam.de\/en\/","logo":{"@type":"ImageObject","inLanguage":"en-US","@id":"https:\/\/shop.verlag.uni-potsdam.de\/en\/#\/schema\/logo\/image\/","url":"https:\/\/shop.verlag.uni-potsdam.de\/wp-content\/uploads\/2017\/04\/up_logo_university_2.png","contentUrl":"https:\/\/shop.verlag.uni-potsdam.de\/wp-content\/uploads\/2017\/04\/up_logo_university_2.png","width":160,"height":172,"caption":"Universit\u00e4tsverlag Potsdam"},"image":{"@id":"https:\/\/shop.verlag.uni-potsdam.de\/en\/#\/schema\/logo\/image\/"}}]}},"_links":{"self":[{"href":"https:\/\/shop.verlag.uni-potsdam.de\/en\/wp-json\/wp\/v2\/product\/51676","targetHints":{"allow":["GET"]}}],"collection":[{"href":"https:\/\/shop.verlag.uni-potsdam.de\/en\/wp-json\/wp\/v2\/product"}],"about":[{"href":"https:\/\/shop.verlag.uni-potsdam.de\/en\/wp-json\/wp\/v2\/types\/product"}],"wp:featuredmedia":[{"embeddable":true,"href":"https:\/\/shop.verlag.uni-potsdam.de\/en\/wp-json\/wp\/v2\/media\/54049"}],"wp:attachment":[{"href":"https:\/\/shop.verlag.uni-potsdam.de\/en\/wp-json\/wp\/v2\/media?parent=51676"}],"wp:term":[{"taxonomy":"product_brand","embeddable":true,"href":"https:\/\/shop.verlag.uni-potsdam.de\/en\/wp-json\/wp\/v2\/product_brand?post=51676"},{"taxonomy":"product_cat","embeddable":true,"href":"https:\/\/shop.verlag.uni-potsdam.de\/en\/wp-json\/wp\/v2\/product_cat?post=51676"},{"taxonomy":"product_tag","embeddable":true,"href":"https:\/\/shop.verlag.uni-potsdam.de\/en\/wp-json\/wp\/v2\/product_tag?post=51676"}],"curies":[{"name":"wp","href":"https:\/\/api.w.org\/{rel}","templated":true}]}}