{"id":51679,"date":"2026-04-27T05:37:23","date_gmt":"2026-04-27T05:37:23","guid":{"rendered":"http:\/\/shop.verlag.uni-potsdam.de\/produkt\/koerperliche-und-motorische-entwicklung-brandenburger-grundschueler-im-laengsschnitt\/"},"modified":"2026-04-27T09:38:23","modified_gmt":"2026-04-27T07:38:23","slug":"koerperliche-und-motorische-entwicklung-brandenburger-grundschueler-im-laengsschnitt","status":"publish","type":"product","link":"https:\/\/shop.verlag.uni-potsdam.de\/en\/shop\/koerperliche-und-motorische-entwicklung-brandenburger-grundschueler-im-laengsschnitt\/","title":{"rendered":"K\u00f6rperliche und motorische Entwicklung Brandenburger Grundsch\u00fcler im L\u00e4ngsschnitt"},"content":{"rendered":"<p class=\"qtranxs-available-languages-message qtranxs-available-languages-message-en\">Sorry, this entry is only available in <a href=\"https:\/\/shop.verlag.uni-potsdam.de\/de\/wp-json\/wp\/v2\/product\/51679\" class=\"qtranxs-available-language-link qtranxs-available-language-link-de\" title=\"Deutsch\">Deutsch<\/a>.<\/p><p>EMOTIKON-Studie benannte als Kurzform des Forschungsvorhabens zur \u201cInterdisziplin\u00e4re(n) Evaluierung der motorischen Leistungsf\u00e4higkeit und des Gesundheitszustandes im Kontext sportlicher Eignung und Effizienz des Sportunterrichtes von Grundsch\u00fclerInnen im Land Brandenburg\u201c. Die L\u00e4ngsschnittstudie wurde durch den Arbeitsbereich Trainings- und Bewegungswissenschaft der Universit\u00e4t Potsdam, unter der Leitung von Prof. Dr. Ditmar Wick, an 29 Grundschulen der Schul\u00e4mter Brandenburg\/ Havel und Cottbus von 2006 bis 2010 realisiert. Mit der vorliegenden Publikation werden die Ergebnisse und deren Zusammenh\u00e4nge zur Entwicklung der motorischen Leistungsf\u00e4higkeit, des K\u00f6rperbaus, der Bewegungsaktivit\u00e4t und der Einsch\u00e4tzung des Sportunterrichts mit einf\u00fchrenden theoretischen Grundlagen und dem aktuellen nationalen Forschungsstand referiert. Die Autoren sind \u00fcberzeugt, dass dieser Abschlussbericht nicht nur das Interesse der im aktuellen Forschungsprojekt \u201eEMOTIKON-Grundschulsport 2010-2014\u201c involvierten Brandenburger Grundschulsportlehrer wecken wird, sondern auch den politischen Entscheidungstr\u00e4gern (Schul\u00e4mter, Ministerien) eine Entscheidungshilfe bieten als auch den Diskussionsprozess der im Themengebiet forschenden Wissenschaftler anregen kann. Diese \u00dcberzeugung gr\u00fcndet sich insbesondere auf die Ergebnisse zur k\u00f6rperlich-sportlichen Bewegungsaktivit\u00e4t der Dritt- bis Sechstkl\u00e4ssler sowie der Analyse motorischer Leistung in Abh\u00e4ngigkeit von Geschlecht und soziodemografischen Gegebenheiten.<\/p>","protected":false},"excerpt":{"rendered":"<p class=\"qtranxs-available-languages-message qtranxs-available-languages-message-en\">Sorry, this entry is only available in <a href=\"https:\/\/shop.verlag.uni-potsdam.de\/de\/wp-json\/wp\/v2\/product\/51679\" class=\"qtranxs-available-language-link qtranxs-available-language-link-de\" title=\"Deutsch\">Deutsch<\/a>.<\/p>\n<p>EMOTIKON-Studie benannte als Kurzform des Forschungsvorhabens zur \u201cInterdisziplin\u00e4re(n) Evaluierung der motorischen Leistungsf\u00e4higkeit und des Gesundheitszustandes im Kontext sportlicher Eignung und Effizienz des Sportunterrichtes von Grundsch\u00fclerInnen im Land Brandenburg\u201c. Die L\u00e4ngsschnittstudie wurde durch den Arbeitsbereich Trainings- und Bewegungswissenschaft der Universit\u00e4t Potsdam, unter der Leitung von Prof. Dr. Ditmar Wick, an 29 Grundschulen der Schul\u00e4mter Brandenburg\/ Havel und Cottbus von 2006 bis 2010 realisiert. Mit der vorliegenden Publikation werden die Ergebnisse und deren Zusammenh\u00e4nge zur Entwicklung der motorischen Leistungsf\u00e4higkeit, des K\u00f6rperbaus, der Bewegungsaktivit\u00e4t und der Einsch\u00e4tzung des Sportunterrichts mit einf\u00fchrenden theoretischen Grundlagen und dem aktuellen nationalen Forschungsstand referiert. Die Autoren sind \u00fcberzeugt, dass dieser Abschlussbericht nicht nur das Interesse der im aktuellen Forschungsprojekt \u201eEMOTIKON-Grundschulsport 2010-2014\u201c involvierten Brandenburger Grundschulsportlehrer wecken wird, sondern auch den politischen Entscheidungstr\u00e4gern (Schul\u00e4mter, Ministerien) eine Entscheidungshilfe bieten als auch den Diskussionsprozess der im Themengebiet forschenden Wissenschaftler anregen kann. Diese \u00dcberzeugung gr\u00fcndet sich insbesondere auf die Ergebnisse zur k\u00f6rperlich-sportlichen Bewegungsaktivit\u00e4t der Dritt- bis Sechstkl\u00e4ssler sowie der Analyse motorischer Leistung in Abh\u00e4ngigkeit von Geschlecht und soziodemografischen Gegebenheiten.<\/p>\n","protected":false},"featured_media":54048,"template":"","meta":{"_acf_changed":false},"product_brand":[],"product_cat":[6220],"product_tag":[5939],"class_list":{"0":"post-51679","1":"product","2":"type-product","3":"status-publish","4":"has-post-thumbnail","6":"product_cat-paedagogik-web-kategorie","7":"product_tag-grundschueler-laengsschnittstudie-sportunterricht-koerperliche-leistungsfaehigkeit-motorische-tests","8":"autor-ditmar-wick","9":"autor-henning-ohlert","10":"autor-kathleen-golle","12":"first","13":"instock","14":"shipping-taxable","15":"purchasable","16":"product-type-simple"},"acf":[],"yoast_head":"<!-- This site is optimized with the Yoast SEO plugin v27.1.1 - https:\/\/yoast.com\/product\/yoast-seo-wordpress\/ -->\n<title>K\u00f6rperliche und motorische Entwicklung Brandenburger Grundsch\u00fcler im L\u00e4ngsschnitt - Universit\u00e4tsverlag Potsdam<\/title>\n<meta name=\"robots\" content=\"index, follow, max-snippet:-1, max-image-preview:large, max-video-preview:-1\" \/>\n<link rel=\"canonical\" href=\"https:\/\/shop.verlag.uni-potsdam.de\/en\/shop\/koerperliche-und-motorische-entwicklung-brandenburger-grundschueler-im-laengsschnitt\/\" \/>\n<meta property=\"og:locale\" content=\"en_US\" \/>\n<meta property=\"og:type\" content=\"article\" \/>\n<meta property=\"og:title\" content=\"K\u00f6rperliche und motorische Entwicklung Brandenburger Grundsch\u00fcler im L\u00e4ngsschnitt - Universit\u00e4tsverlag Potsdam\" \/>\n<meta property=\"og:description\" content=\"EMOTIKON-Studie benannte als Kurzform des Forschungsvorhabens zur \u201cInterdisziplin\u00e4re(n) Evaluierung der motorischen Leistungsf\u00e4higkeit und des Gesundheitszustandes im Kontext sportlicher Eignung und Effizienz des Sportunterrichtes von Grundsch\u00fclerInnen im Land Brandenburg\u201c. Die L\u00e4ngsschnittstudie wurde durch den Arbeitsbereich Trainings- und Bewegungswissenschaft der Universit\u00e4t Potsdam, unter der Leitung von Prof. Dr. Ditmar Wick, an 29 Grundschulen der Schul\u00e4mter Brandenburg\/ Havel und Cottbus von 2006 bis 2010 realisiert. Mit der vorliegenden Publikation werden die Ergebnisse und deren Zusammenh\u00e4nge zur Entwicklung der motorischen Leistungsf\u00e4higkeit, des K\u00f6rperbaus, der Bewegungsaktivit\u00e4t und der Einsch\u00e4tzung des Sportunterrichts mit einf\u00fchrenden theoretischen Grundlagen und dem aktuellen nationalen Forschungsstand referiert. Die Autoren sind \u00fcberzeugt, dass dieser Abschlussbericht nicht nur das Interesse der im aktuellen Forschungsprojekt \u201eEMOTIKON-Grundschulsport 2010-2014\u201c involvierten Brandenburger Grundschulsportlehrer wecken wird, sondern auch den politischen Entscheidungstr\u00e4gern (Schul\u00e4mter, Ministerien) eine Entscheidungshilfe bieten als auch den Diskussionsprozess der im Themengebiet forschenden Wissenschaftler anregen kann. Diese \u00dcberzeugung gr\u00fcndet sich insbesondere auf die Ergebnisse zur k\u00f6rperlich-sportlichen Bewegungsaktivit\u00e4t der Dritt- bis Sechstkl\u00e4ssler sowie der Analyse motorischer Leistung in Abh\u00e4ngigkeit von Geschlecht und soziodemografischen Gegebenheiten.\" \/>\n<meta property=\"og:url\" content=\"https:\/\/shop.verlag.uni-potsdam.de\/en\/shop\/koerperliche-und-motorische-entwicklung-brandenburger-grundschueler-im-laengsschnitt\/\" \/>\n<meta property=\"og:site_name\" content=\"Universit\u00e4tsverlag Potsdam\" \/>\n<meta property=\"article:modified_time\" content=\"2026-04-27T07:38:23+00:00\" \/>\n<meta property=\"og:image\" content=\"https:\/\/shop.verlag.uni-potsdam.de\/wp-content\/uploads\/asolmerce\/image-9783869560496.jpg\" \/>\n\t<meta property=\"og:image:width\" content=\"452\" \/>\n\t<meta property=\"og:image:height\" content=\"640\" \/>\n\t<meta property=\"og:image:type\" content=\"image\/jpeg\" \/>\n<meta name=\"twitter:card\" content=\"summary_large_image\" \/>\n<meta name=\"twitter:label1\" content=\"Est. reading time\" \/>\n\t<meta name=\"twitter:data1\" content=\"1 minute\" \/>\n<script type=\"application\/ld+json\" class=\"yoast-schema-graph\">{\"@context\":\"https:\/\/schema.org\",\"@graph\":[{\"@type\":\"WebPage\",\"@id\":\"https:\/\/shop.verlag.uni-potsdam.de\/en\/shop\/koerperliche-und-motorische-entwicklung-brandenburger-grundschueler-im-laengsschnitt\/\",\"url\":\"https:\/\/shop.verlag.uni-potsdam.de\/en\/shop\/koerperliche-und-motorische-entwicklung-brandenburger-grundschueler-im-laengsschnitt\/\",\"name\":\"K\u00f6rperliche und motorische Entwicklung Brandenburger Grundsch\u00fcler im L\u00e4ngsschnitt - Universit\u00e4tsverlag Potsdam\",\"isPartOf\":{\"@id\":\"https:\/\/shop.verlag.uni-potsdam.de\/en\/#website\"},\"primaryImageOfPage\":{\"@id\":\"https:\/\/shop.verlag.uni-potsdam.de\/en\/shop\/koerperliche-und-motorische-entwicklung-brandenburger-grundschueler-im-laengsschnitt\/#primaryimage\"},\"image\":{\"@id\":\"https:\/\/shop.verlag.uni-potsdam.de\/shop\/koerperliche-und-motorische-entwicklung-brandenburger-grundschueler-im-laengsschnitt\/#primaryimage\"},\"thumbnailUrl\":\"https:\/\/shop.verlag.uni-potsdam.de\/wp-content\/uploads\/asolmerce\/image-9783869560496.jpg\",\"datePublished\":\"2026-04-27T05:37:23+00:00\",\"dateModified\":\"2026-04-27T07:38:23+00:00\",\"breadcrumb\":{\"@id\":\"https:\/\/shop.verlag.uni-potsdam.de\/en\/shop\/koerperliche-und-motorische-entwicklung-brandenburger-grundschueler-im-laengsschnitt\/#breadcrumb\"},\"inLanguage\":\"en-US\",\"potentialAction\":[{\"@type\":\"ReadAction\",\"target\":[[\"https:\/\/shop.verlag.uni-potsdam.de\/en\/shop\/koerperliche-und-motorische-entwicklung-brandenburger-grundschueler-im-laengsschnitt\/\"]]}]},{\"@type\":\"ImageObject\",\"inLanguage\":\"en-US\",\"@id\":\"https:\/\/shop.verlag.uni-potsdam.de\/en\/shop\/koerperliche-und-motorische-entwicklung-brandenburger-grundschueler-im-laengsschnitt\/#primaryimage\",\"url\":\"https:\/\/shop.verlag.uni-potsdam.de\/wp-content\/uploads\/asolmerce\/image-9783869560496.jpg\",\"contentUrl\":\"https:\/\/shop.verlag.uni-potsdam.de\/wp-content\/uploads\/asolmerce\/image-9783869560496.jpg\",\"width\":452,\"height\":640},{\"@type\":\"BreadcrumbList\",\"@id\":\"https:\/\/shop.verlag.uni-potsdam.de\/en\/shop\/koerperliche-und-motorische-entwicklung-brandenburger-grundschueler-im-laengsschnitt\/#breadcrumb\",\"itemListElement\":[{\"@type\":\"ListItem\",\"position\":1,\"name\":\"Startseite\",\"item\":\"https:\/\/shop.verlag.uni-potsdam.de\/en\/\"},{\"@type\":\"ListItem\",\"position\":2,\"name\":\"Shop\",\"item\":\"https:\/\/shop.verlag.uni-potsdam.de\/en\/shop\/\"},{\"@type\":\"ListItem\",\"position\":3,\"name\":\"K\u00f6rperliche und motorische Entwicklung Brandenburger Grundsch\u00fcler im L\u00e4ngsschnitt\"}]},{\"@type\":\"WebSite\",\"@id\":\"https:\/\/shop.verlag.uni-potsdam.de\/en\/#website\",\"url\":\"https:\/\/shop.verlag.uni-potsdam.de\/en\/\",\"name\":\"Universit\u00e4tsverlag Potsdam\",\"description\":\"\",\"publisher\":{\"@id\":\"https:\/\/shop.verlag.uni-potsdam.de\/en\/#organization\"},\"potentialAction\":[{\"@type\":\"SearchAction\",\"target\":{\"@type\":\"EntryPoint\",\"urlTemplate\":\"https:\/\/shop.verlag.uni-potsdam.de\/en\/?s={search_term_string}\"},\"query-input\":{\"@type\":\"PropertyValueSpecification\",\"valueRequired\":true,\"valueName\":\"search_term_string\"}}],\"inLanguage\":\"en-US\"},{\"@type\":\"Organization\",\"@id\":\"https:\/\/shop.verlag.uni-potsdam.de\/en\/#organization\",\"name\":\"Universit\u00e4tsverlag Potsdam\",\"url\":\"https:\/\/shop.verlag.uni-potsdam.de\/en\/\",\"logo\":{\"@type\":\"ImageObject\",\"inLanguage\":\"en-US\",\"@id\":\"https:\/\/shop.verlag.uni-potsdam.de\/en\/#\/schema\/logo\/image\/\",\"url\":\"https:\/\/shop.verlag.uni-potsdam.de\/wp-content\/uploads\/2017\/04\/up_logo_university_2.png\",\"contentUrl\":\"https:\/\/shop.verlag.uni-potsdam.de\/wp-content\/uploads\/2017\/04\/up_logo_university_2.png\",\"width\":160,\"height\":172,\"caption\":\"Universit\u00e4tsverlag Potsdam\"},\"image\":{\"@id\":\"https:\/\/shop.verlag.uni-potsdam.de\/en\/#\/schema\/logo\/image\/\"}}]}<\/script>\n<!-- \/ Yoast SEO plugin. -->","yoast_head_json":{"title":"K\u00f6rperliche und motorische Entwicklung Brandenburger Grundsch\u00fcler im L\u00e4ngsschnitt - Universit\u00e4tsverlag Potsdam","robots":{"index":"index","follow":"follow","max-snippet":"max-snippet:-1","max-image-preview":"max-image-preview:large","max-video-preview":"max-video-preview:-1"},"canonical":"https:\/\/shop.verlag.uni-potsdam.de\/en\/shop\/koerperliche-und-motorische-entwicklung-brandenburger-grundschueler-im-laengsschnitt\/","og_locale":"en_US","og_type":"article","og_title":"K\u00f6rperliche und motorische Entwicklung Brandenburger Grundsch\u00fcler im L\u00e4ngsschnitt - Universit\u00e4tsverlag Potsdam","og_description":"EMOTIKON-Studie benannte als Kurzform des Forschungsvorhabens zur \u201cInterdisziplin\u00e4re(n) Evaluierung der motorischen Leistungsf\u00e4higkeit und des Gesundheitszustandes im Kontext sportlicher Eignung und Effizienz des Sportunterrichtes von Grundsch\u00fclerInnen im Land Brandenburg\u201c. Die L\u00e4ngsschnittstudie wurde durch den Arbeitsbereich Trainings- und Bewegungswissenschaft der Universit\u00e4t Potsdam, unter der Leitung von Prof. Dr. Ditmar Wick, an 29 Grundschulen der Schul\u00e4mter Brandenburg\/ Havel und Cottbus von 2006 bis 2010 realisiert. Mit der vorliegenden Publikation werden die Ergebnisse und deren Zusammenh\u00e4nge zur Entwicklung der motorischen Leistungsf\u00e4higkeit, des K\u00f6rperbaus, der Bewegungsaktivit\u00e4t und der Einsch\u00e4tzung des Sportunterrichts mit einf\u00fchrenden theoretischen Grundlagen und dem aktuellen nationalen Forschungsstand referiert. Die Autoren sind \u00fcberzeugt, dass dieser Abschlussbericht nicht nur das Interesse der im aktuellen Forschungsprojekt \u201eEMOTIKON-Grundschulsport 2010-2014\u201c involvierten Brandenburger Grundschulsportlehrer wecken wird, sondern auch den politischen Entscheidungstr\u00e4gern (Schul\u00e4mter, Ministerien) eine Entscheidungshilfe bieten als auch den Diskussionsprozess der im Themengebiet forschenden Wissenschaftler anregen kann. Diese \u00dcberzeugung gr\u00fcndet sich insbesondere auf die Ergebnisse zur k\u00f6rperlich-sportlichen Bewegungsaktivit\u00e4t der Dritt- bis Sechstkl\u00e4ssler sowie der Analyse motorischer Leistung in Abh\u00e4ngigkeit von Geschlecht und soziodemografischen Gegebenheiten.","og_url":"https:\/\/shop.verlag.uni-potsdam.de\/en\/shop\/koerperliche-und-motorische-entwicklung-brandenburger-grundschueler-im-laengsschnitt\/","og_site_name":"Universit\u00e4tsverlag Potsdam","article_modified_time":"2026-04-27T07:38:23+00:00","og_image":[{"width":452,"height":640,"url":"https:\/\/shop.verlag.uni-potsdam.de\/wp-content\/uploads\/asolmerce\/image-9783869560496.jpg","type":"image\/jpeg"}],"twitter_card":"summary_large_image","twitter_misc":{"Est. reading time":"1 minute"},"schema":{"@context":"https:\/\/schema.org","@graph":[{"@type":"WebPage","@id":"https:\/\/shop.verlag.uni-potsdam.de\/en\/shop\/koerperliche-und-motorische-entwicklung-brandenburger-grundschueler-im-laengsschnitt\/","url":"https:\/\/shop.verlag.uni-potsdam.de\/en\/shop\/koerperliche-und-motorische-entwicklung-brandenburger-grundschueler-im-laengsschnitt\/","name":"K\u00f6rperliche und motorische Entwicklung Brandenburger Grundsch\u00fcler im L\u00e4ngsschnitt - Universit\u00e4tsverlag Potsdam","isPartOf":{"@id":"https:\/\/shop.verlag.uni-potsdam.de\/en\/#website"},"primaryImageOfPage":{"@id":"https:\/\/shop.verlag.uni-potsdam.de\/en\/shop\/koerperliche-und-motorische-entwicklung-brandenburger-grundschueler-im-laengsschnitt\/#primaryimage"},"image":{"@id":"https:\/\/shop.verlag.uni-potsdam.de\/shop\/koerperliche-und-motorische-entwicklung-brandenburger-grundschueler-im-laengsschnitt\/#primaryimage"},"thumbnailUrl":"https:\/\/shop.verlag.uni-potsdam.de\/wp-content\/uploads\/asolmerce\/image-9783869560496.jpg","datePublished":"2026-04-27T05:37:23+00:00","dateModified":"2026-04-27T07:38:23+00:00","breadcrumb":{"@id":"https:\/\/shop.verlag.uni-potsdam.de\/en\/shop\/koerperliche-und-motorische-entwicklung-brandenburger-grundschueler-im-laengsschnitt\/#breadcrumb"},"inLanguage":"en-US","potentialAction":[{"@type":"ReadAction","target":[["https:\/\/shop.verlag.uni-potsdam.de\/en\/shop\/koerperliche-und-motorische-entwicklung-brandenburger-grundschueler-im-laengsschnitt\/"]]}]},{"@type":"ImageObject","inLanguage":"en-US","@id":"https:\/\/shop.verlag.uni-potsdam.de\/en\/shop\/koerperliche-und-motorische-entwicklung-brandenburger-grundschueler-im-laengsschnitt\/#primaryimage","url":"https:\/\/shop.verlag.uni-potsdam.de\/wp-content\/uploads\/asolmerce\/image-9783869560496.jpg","contentUrl":"https:\/\/shop.verlag.uni-potsdam.de\/wp-content\/uploads\/asolmerce\/image-9783869560496.jpg","width":452,"height":640},{"@type":"BreadcrumbList","@id":"https:\/\/shop.verlag.uni-potsdam.de\/en\/shop\/koerperliche-und-motorische-entwicklung-brandenburger-grundschueler-im-laengsschnitt\/#breadcrumb","itemListElement":[{"@type":"ListItem","position":1,"name":"Startseite","item":"https:\/\/shop.verlag.uni-potsdam.de\/en\/"},{"@type":"ListItem","position":2,"name":"Shop","item":"https:\/\/shop.verlag.uni-potsdam.de\/en\/shop\/"},{"@type":"ListItem","position":3,"name":"K\u00f6rperliche und motorische Entwicklung Brandenburger Grundsch\u00fcler im L\u00e4ngsschnitt"}]},{"@type":"WebSite","@id":"https:\/\/shop.verlag.uni-potsdam.de\/en\/#website","url":"https:\/\/shop.verlag.uni-potsdam.de\/en\/","name":"Universit\u00e4tsverlag Potsdam","description":"","publisher":{"@id":"https:\/\/shop.verlag.uni-potsdam.de\/en\/#organization"},"potentialAction":[{"@type":"SearchAction","target":{"@type":"EntryPoint","urlTemplate":"https:\/\/shop.verlag.uni-potsdam.de\/en\/?s={search_term_string}"},"query-input":{"@type":"PropertyValueSpecification","valueRequired":true,"valueName":"search_term_string"}}],"inLanguage":"en-US"},{"@type":"Organization","@id":"https:\/\/shop.verlag.uni-potsdam.de\/en\/#organization","name":"Universit\u00e4tsverlag Potsdam","url":"https:\/\/shop.verlag.uni-potsdam.de\/en\/","logo":{"@type":"ImageObject","inLanguage":"en-US","@id":"https:\/\/shop.verlag.uni-potsdam.de\/en\/#\/schema\/logo\/image\/","url":"https:\/\/shop.verlag.uni-potsdam.de\/wp-content\/uploads\/2017\/04\/up_logo_university_2.png","contentUrl":"https:\/\/shop.verlag.uni-potsdam.de\/wp-content\/uploads\/2017\/04\/up_logo_university_2.png","width":160,"height":172,"caption":"Universit\u00e4tsverlag Potsdam"},"image":{"@id":"https:\/\/shop.verlag.uni-potsdam.de\/en\/#\/schema\/logo\/image\/"}}]}},"_links":{"self":[{"href":"https:\/\/shop.verlag.uni-potsdam.de\/en\/wp-json\/wp\/v2\/product\/51679","targetHints":{"allow":["GET"]}}],"collection":[{"href":"https:\/\/shop.verlag.uni-potsdam.de\/en\/wp-json\/wp\/v2\/product"}],"about":[{"href":"https:\/\/shop.verlag.uni-potsdam.de\/en\/wp-json\/wp\/v2\/types\/product"}],"wp:featuredmedia":[{"embeddable":true,"href":"https:\/\/shop.verlag.uni-potsdam.de\/en\/wp-json\/wp\/v2\/media\/54048"}],"wp:attachment":[{"href":"https:\/\/shop.verlag.uni-potsdam.de\/en\/wp-json\/wp\/v2\/media?parent=51679"}],"wp:term":[{"taxonomy":"product_brand","embeddable":true,"href":"https:\/\/shop.verlag.uni-potsdam.de\/en\/wp-json\/wp\/v2\/product_brand?post=51679"},{"taxonomy":"product_cat","embeddable":true,"href":"https:\/\/shop.verlag.uni-potsdam.de\/en\/wp-json\/wp\/v2\/product_cat?post=51679"},{"taxonomy":"product_tag","embeddable":true,"href":"https:\/\/shop.verlag.uni-potsdam.de\/en\/wp-json\/wp\/v2\/product_tag?post=51679"}],"curies":[{"name":"wp","href":"https:\/\/api.w.org\/{rel}","templated":true}]}}