{"id":51680,"date":"2026-03-31T09:38:22","date_gmt":"2026-03-31T09:38:22","guid":{"rendered":"http:\/\/shop.verlag.uni-potsdam.de\/produkt\/starke-kommunen-in-leistungsfaehigen-laendern\/"},"modified":"2026-03-31T13:39:22","modified_gmt":"2026-03-31T11:39:22","slug":"starke-kommunen-in-leistungsfaehigen-laendern","status":"publish","type":"product","link":"https:\/\/shop.verlag.uni-potsdam.de\/en\/shop\/starke-kommunen-in-leistungsfaehigen-laendern\/","title":{"rendered":"Starke Kommunen in leistungsf\u00e4higen L\u00e4ndern"},"content":{"rendered":"<p class=\"qtranxs-available-languages-message qtranxs-available-languages-message-en\">Sorry, this entry is only available in <a href=\"https:\/\/shop.verlag.uni-potsdam.de\/de\/wp-json\/wp\/v2\/product\/51680\" class=\"qtranxs-available-language-link qtranxs-available-language-link-de\" title=\"Deutsch\">Deutsch<\/a>.<\/p><p>Der demografische Wandel und die Budgetkrise stellen Leistungsf\u00e4higkeit, Strukturen und territoriale Gr\u00f6\u00dfe kommunaler Verwaltungseinheiten sowohl auf Gemeinde- als auch auf Kreisebene erneut auf den Pr\u00fcfstand. In vielen deutschen Bundesl\u00e4ndern werden daher Gebiets- und Funktionalreformen unterschiedlicher Form diskutiert, vorbereitet oder durchgef\u00fchrt. Zukunftsf\u00e4hige b\u00fcrgerfreundliche, effiziente und kosteng\u00fcnstige kommunale Strukturen erfordern eine politisch durchdachte vertikale und horizontale Aufgabenverteilung zwischen Land, Landkreisen und Gemeinden. Darauf aufbauend m\u00fcssen die zur Verf\u00fcgung stehenden Personal- und Finanzmittel auf die verschiedenen kommunalen Ebenen verteilt werden. Gebietsreformen erfordern somit immer auch Funktionalreformen. Entscheidungen \u00fcber den k\u00fcnftigen Umfang der Daseinsvorsorge m\u00fcssen gef\u00e4llt werden. Die Alternativen zwischen verbesserter interkommunaler Kooperation und Fusion sind auf Gemeinde- und Kreisebene ebenso abzuw\u00e4gen wie die Konsequenzen der verschiedenen Modelle f\u00fcr die Verteilung der Finanzmittel an die und zwischen den Gebietsk\u00f6rperschaften. Die St\u00e4rkung der lokalen Demokratie und der b\u00fcrgerschaftlichen Teilhabe spielen bei der Zukunftssicherung der Kommunen eine immer gr\u00f6\u00dfere Rolle. Insbesondere bei kommunalen Gebietsreformen sollten diese Fragen st\u00e4rker Ber\u00fccksichtigung finden. Die 18. Fachtagung des Kommunalwissenschaftlichen Institutes (KWI) diskutiert interdisziplin\u00e4r Fragen der Leistungsf\u00e4higkeit kommunaler Strukturen. Dabei werden rechts-, finanz-, politik- und verwaltungswissenschaftliche Aspekte einbezogen.<\/p>","protected":false},"excerpt":{"rendered":"<p class=\"qtranxs-available-languages-message qtranxs-available-languages-message-en\">Sorry, this entry is only available in <a href=\"https:\/\/shop.verlag.uni-potsdam.de\/de\/wp-json\/wp\/v2\/product\/51680\" class=\"qtranxs-available-language-link qtranxs-available-language-link-de\" title=\"Deutsch\">Deutsch<\/a>.<\/p>\n<p>Der demografische Wandel und die Budgetkrise stellen Leistungsf\u00e4higkeit, Strukturen und territoriale Gr\u00f6\u00dfe kommunaler Verwaltungseinheiten sowohl auf Gemeinde- als auch auf Kreisebene erneut auf den Pr\u00fcfstand. In vielen deutschen Bundesl\u00e4ndern werden daher Gebiets- und Funktionalreformen unterschiedlicher Form diskutiert, vorbereitet oder durchgef\u00fchrt. Zukunftsf\u00e4hige b\u00fcrgerfreundliche, effiziente und kosteng\u00fcnstige kommunale Strukturen erfordern eine politisch durchdachte vertikale und horizontale Aufgabenverteilung zwischen Land, Landkreisen und Gemeinden. Darauf aufbauend m\u00fcssen die zur Verf\u00fcgung stehenden Personal- und Finanzmittel auf die verschiedenen kommunalen Ebenen verteilt werden. Gebietsreformen erfordern somit immer auch Funktionalreformen. Entscheidungen \u00fcber den k\u00fcnftigen Umfang der Daseinsvorsorge m\u00fcssen gef\u00e4llt werden. Die Alternativen zwischen verbesserter interkommunaler Kooperation und Fusion sind auf Gemeinde- und Kreisebene ebenso abzuw\u00e4gen wie die Konsequenzen der verschiedenen Modelle f\u00fcr die Verteilung der Finanzmittel an die und zwischen den Gebietsk\u00f6rperschaften. Die St\u00e4rkung der lokalen Demokratie und der b\u00fcrgerschaftlichen Teilhabe spielen bei der Zukunftssicherung der Kommunen eine immer gr\u00f6\u00dfere Rolle. Insbesondere bei kommunalen Gebietsreformen sollten diese Fragen st\u00e4rker Ber\u00fccksichtigung finden. Die 18. Fachtagung des Kommunalwissenschaftlichen Institutes (KWI) diskutiert interdisziplin\u00e4r Fragen der Leistungsf\u00e4higkeit kommunaler Strukturen. Dabei werden rechts-, finanz-, politik- und verwaltungswissenschaftliche Aspekte einbezogen.<\/p>\n","protected":false},"featured_media":54047,"template":"","meta":{"_acf_changed":false},"product_brand":[],"product_cat":[6223],"product_tag":[5820],"class_list":{"0":"post-51680","1":"product","2":"type-product","3":"status-publish","4":"has-post-thumbnail","6":"product_cat-politikwissenschaft-web-kategorie","7":"product_tag-effizienz-und-effektivitaet-funktionalreform-gebietsreform-kommunale-selbstverwaltung-rolle-der-kommunen-im-staat-verwaltungsmodernisierung","8":"autor-christiane-buechner","9":"autor-hartmut-bauer","10":"autor-jochen-franzke","12":"first","13":"instock","14":"shipping-taxable","15":"purchasable","16":"product-type-simple"},"acf":[],"yoast_head":"<!-- This site is optimized with the Yoast SEO plugin v27.1.1 - https:\/\/yoast.com\/product\/yoast-seo-wordpress\/ -->\n<title>Starke Kommunen in leistungsf\u00e4higen L\u00e4ndern - Universit\u00e4tsverlag Potsdam<\/title>\n<meta name=\"robots\" content=\"index, follow, max-snippet:-1, max-image-preview:large, max-video-preview:-1\" \/>\n<link rel=\"canonical\" href=\"https:\/\/shop.verlag.uni-potsdam.de\/en\/shop\/starke-kommunen-in-leistungsfaehigen-laendern\/\" \/>\n<meta property=\"og:locale\" content=\"en_US\" \/>\n<meta property=\"og:type\" content=\"article\" \/>\n<meta property=\"og:title\" content=\"Starke Kommunen in leistungsf\u00e4higen L\u00e4ndern - Universit\u00e4tsverlag Potsdam\" \/>\n<meta property=\"og:description\" content=\"Der demografische Wandel und die Budgetkrise stellen Leistungsf\u00e4higkeit, Strukturen und territoriale Gr\u00f6\u00dfe kommunaler Verwaltungseinheiten sowohl auf Gemeinde- als auch auf Kreisebene erneut auf den Pr\u00fcfstand. In vielen deutschen Bundesl\u00e4ndern werden daher Gebiets- und Funktionalreformen unterschiedlicher Form diskutiert, vorbereitet oder durchgef\u00fchrt. Zukunftsf\u00e4hige b\u00fcrgerfreundliche, effiziente und kosteng\u00fcnstige kommunale Strukturen erfordern eine politisch durchdachte vertikale und horizontale Aufgabenverteilung zwischen Land, Landkreisen und Gemeinden. Darauf aufbauend m\u00fcssen die zur Verf\u00fcgung stehenden Personal- und Finanzmittel auf die verschiedenen kommunalen Ebenen verteilt werden. Gebietsreformen erfordern somit immer auch Funktionalreformen. Entscheidungen \u00fcber den k\u00fcnftigen Umfang der Daseinsvorsorge m\u00fcssen gef\u00e4llt werden. Die Alternativen zwischen verbesserter interkommunaler Kooperation und Fusion sind auf Gemeinde- und Kreisebene ebenso abzuw\u00e4gen wie die Konsequenzen der verschiedenen Modelle f\u00fcr die Verteilung der Finanzmittel an die und zwischen den Gebietsk\u00f6rperschaften. Die St\u00e4rkung der lokalen Demokratie und der b\u00fcrgerschaftlichen Teilhabe spielen bei der Zukunftssicherung der Kommunen eine immer gr\u00f6\u00dfere Rolle. Insbesondere bei kommunalen Gebietsreformen sollten diese Fragen st\u00e4rker Ber\u00fccksichtigung finden. Die 18. Fachtagung des Kommunalwissenschaftlichen Institutes (KWI) diskutiert interdisziplin\u00e4r Fragen der Leistungsf\u00e4higkeit kommunaler Strukturen. Dabei werden rechts-, finanz-, politik- und verwaltungswissenschaftliche Aspekte einbezogen.\" \/>\n<meta property=\"og:url\" content=\"https:\/\/shop.verlag.uni-potsdam.de\/en\/shop\/starke-kommunen-in-leistungsfaehigen-laendern\/\" \/>\n<meta property=\"og:site_name\" content=\"Universit\u00e4tsverlag Potsdam\" \/>\n<meta property=\"article:modified_time\" content=\"2026-03-31T11:39:22+00:00\" \/>\n<meta property=\"og:image\" content=\"https:\/\/shop.verlag.uni-potsdam.de\/wp-content\/uploads\/asolmerce\/image-9783869562421.jpg\" \/>\n\t<meta property=\"og:image:width\" content=\"452\" \/>\n\t<meta property=\"og:image:height\" content=\"640\" \/>\n\t<meta property=\"og:image:type\" content=\"image\/jpeg\" \/>\n<meta name=\"twitter:card\" content=\"summary_large_image\" \/>\n<meta name=\"twitter:label1\" content=\"Est. reading time\" \/>\n\t<meta name=\"twitter:data1\" content=\"1 minute\" \/>\n<script type=\"application\/ld+json\" class=\"yoast-schema-graph\">{\"@context\":\"https:\/\/schema.org\",\"@graph\":[{\"@type\":\"WebPage\",\"@id\":\"https:\/\/shop.verlag.uni-potsdam.de\/en\/shop\/starke-kommunen-in-leistungsfaehigen-laendern\/\",\"url\":\"https:\/\/shop.verlag.uni-potsdam.de\/en\/shop\/starke-kommunen-in-leistungsfaehigen-laendern\/\",\"name\":\"Starke Kommunen in leistungsf\u00e4higen L\u00e4ndern - Universit\u00e4tsverlag Potsdam\",\"isPartOf\":{\"@id\":\"https:\/\/shop.verlag.uni-potsdam.de\/en\/#website\"},\"primaryImageOfPage\":{\"@id\":\"https:\/\/shop.verlag.uni-potsdam.de\/en\/shop\/starke-kommunen-in-leistungsfaehigen-laendern\/#primaryimage\"},\"image\":{\"@id\":\"https:\/\/shop.verlag.uni-potsdam.de\/shop\/starke-kommunen-in-leistungsfaehigen-laendern\/#primaryimage\"},\"thumbnailUrl\":\"https:\/\/shop.verlag.uni-potsdam.de\/wp-content\/uploads\/asolmerce\/image-9783869562421.jpg\",\"datePublished\":\"2026-03-31T09:38:22+00:00\",\"dateModified\":\"2026-03-31T11:39:22+00:00\",\"breadcrumb\":{\"@id\":\"https:\/\/shop.verlag.uni-potsdam.de\/en\/shop\/starke-kommunen-in-leistungsfaehigen-laendern\/#breadcrumb\"},\"inLanguage\":\"en-US\",\"potentialAction\":[{\"@type\":\"ReadAction\",\"target\":[[\"https:\/\/shop.verlag.uni-potsdam.de\/en\/shop\/starke-kommunen-in-leistungsfaehigen-laendern\/\"]]}]},{\"@type\":\"ImageObject\",\"inLanguage\":\"en-US\",\"@id\":\"https:\/\/shop.verlag.uni-potsdam.de\/en\/shop\/starke-kommunen-in-leistungsfaehigen-laendern\/#primaryimage\",\"url\":\"https:\/\/shop.verlag.uni-potsdam.de\/wp-content\/uploads\/asolmerce\/image-9783869562421.jpg\",\"contentUrl\":\"https:\/\/shop.verlag.uni-potsdam.de\/wp-content\/uploads\/asolmerce\/image-9783869562421.jpg\",\"width\":452,\"height\":640},{\"@type\":\"BreadcrumbList\",\"@id\":\"https:\/\/shop.verlag.uni-potsdam.de\/en\/shop\/starke-kommunen-in-leistungsfaehigen-laendern\/#breadcrumb\",\"itemListElement\":[{\"@type\":\"ListItem\",\"position\":1,\"name\":\"Startseite\",\"item\":\"https:\/\/shop.verlag.uni-potsdam.de\/en\/\"},{\"@type\":\"ListItem\",\"position\":2,\"name\":\"Shop\",\"item\":\"https:\/\/shop.verlag.uni-potsdam.de\/en\/shop\/\"},{\"@type\":\"ListItem\",\"position\":3,\"name\":\"Starke Kommunen in leistungsf\u00e4higen L\u00e4ndern\"}]},{\"@type\":\"WebSite\",\"@id\":\"https:\/\/shop.verlag.uni-potsdam.de\/en\/#website\",\"url\":\"https:\/\/shop.verlag.uni-potsdam.de\/en\/\",\"name\":\"Universit\u00e4tsverlag Potsdam\",\"description\":\"\",\"publisher\":{\"@id\":\"https:\/\/shop.verlag.uni-potsdam.de\/en\/#organization\"},\"potentialAction\":[{\"@type\":\"SearchAction\",\"target\":{\"@type\":\"EntryPoint\",\"urlTemplate\":\"https:\/\/shop.verlag.uni-potsdam.de\/en\/?s={search_term_string}\"},\"query-input\":{\"@type\":\"PropertyValueSpecification\",\"valueRequired\":true,\"valueName\":\"search_term_string\"}}],\"inLanguage\":\"en-US\"},{\"@type\":\"Organization\",\"@id\":\"https:\/\/shop.verlag.uni-potsdam.de\/en\/#organization\",\"name\":\"Universit\u00e4tsverlag Potsdam\",\"url\":\"https:\/\/shop.verlag.uni-potsdam.de\/en\/\",\"logo\":{\"@type\":\"ImageObject\",\"inLanguage\":\"en-US\",\"@id\":\"https:\/\/shop.verlag.uni-potsdam.de\/en\/#\/schema\/logo\/image\/\",\"url\":\"https:\/\/shop.verlag.uni-potsdam.de\/wp-content\/uploads\/2017\/04\/up_logo_university_2.png\",\"contentUrl\":\"https:\/\/shop.verlag.uni-potsdam.de\/wp-content\/uploads\/2017\/04\/up_logo_university_2.png\",\"width\":160,\"height\":172,\"caption\":\"Universit\u00e4tsverlag Potsdam\"},\"image\":{\"@id\":\"https:\/\/shop.verlag.uni-potsdam.de\/en\/#\/schema\/logo\/image\/\"}}]}<\/script>\n<!-- \/ Yoast SEO plugin. -->","yoast_head_json":{"title":"Starke Kommunen in leistungsf\u00e4higen L\u00e4ndern - Universit\u00e4tsverlag Potsdam","robots":{"index":"index","follow":"follow","max-snippet":"max-snippet:-1","max-image-preview":"max-image-preview:large","max-video-preview":"max-video-preview:-1"},"canonical":"https:\/\/shop.verlag.uni-potsdam.de\/en\/shop\/starke-kommunen-in-leistungsfaehigen-laendern\/","og_locale":"en_US","og_type":"article","og_title":"Starke Kommunen in leistungsf\u00e4higen L\u00e4ndern - Universit\u00e4tsverlag Potsdam","og_description":"Der demografische Wandel und die Budgetkrise stellen Leistungsf\u00e4higkeit, Strukturen und territoriale Gr\u00f6\u00dfe kommunaler Verwaltungseinheiten sowohl auf Gemeinde- als auch auf Kreisebene erneut auf den Pr\u00fcfstand. In vielen deutschen Bundesl\u00e4ndern werden daher Gebiets- und Funktionalreformen unterschiedlicher Form diskutiert, vorbereitet oder durchgef\u00fchrt. Zukunftsf\u00e4hige b\u00fcrgerfreundliche, effiziente und kosteng\u00fcnstige kommunale Strukturen erfordern eine politisch durchdachte vertikale und horizontale Aufgabenverteilung zwischen Land, Landkreisen und Gemeinden. Darauf aufbauend m\u00fcssen die zur Verf\u00fcgung stehenden Personal- und Finanzmittel auf die verschiedenen kommunalen Ebenen verteilt werden. Gebietsreformen erfordern somit immer auch Funktionalreformen. Entscheidungen \u00fcber den k\u00fcnftigen Umfang der Daseinsvorsorge m\u00fcssen gef\u00e4llt werden. Die Alternativen zwischen verbesserter interkommunaler Kooperation und Fusion sind auf Gemeinde- und Kreisebene ebenso abzuw\u00e4gen wie die Konsequenzen der verschiedenen Modelle f\u00fcr die Verteilung der Finanzmittel an die und zwischen den Gebietsk\u00f6rperschaften. Die St\u00e4rkung der lokalen Demokratie und der b\u00fcrgerschaftlichen Teilhabe spielen bei der Zukunftssicherung der Kommunen eine immer gr\u00f6\u00dfere Rolle. Insbesondere bei kommunalen Gebietsreformen sollten diese Fragen st\u00e4rker Ber\u00fccksichtigung finden. Die 18. Fachtagung des Kommunalwissenschaftlichen Institutes (KWI) diskutiert interdisziplin\u00e4r Fragen der Leistungsf\u00e4higkeit kommunaler Strukturen. Dabei werden rechts-, finanz-, politik- und verwaltungswissenschaftliche Aspekte einbezogen.","og_url":"https:\/\/shop.verlag.uni-potsdam.de\/en\/shop\/starke-kommunen-in-leistungsfaehigen-laendern\/","og_site_name":"Universit\u00e4tsverlag Potsdam","article_modified_time":"2026-03-31T11:39:22+00:00","og_image":[{"width":452,"height":640,"url":"https:\/\/shop.verlag.uni-potsdam.de\/wp-content\/uploads\/asolmerce\/image-9783869562421.jpg","type":"image\/jpeg"}],"twitter_card":"summary_large_image","twitter_misc":{"Est. reading time":"1 minute"},"schema":{"@context":"https:\/\/schema.org","@graph":[{"@type":"WebPage","@id":"https:\/\/shop.verlag.uni-potsdam.de\/en\/shop\/starke-kommunen-in-leistungsfaehigen-laendern\/","url":"https:\/\/shop.verlag.uni-potsdam.de\/en\/shop\/starke-kommunen-in-leistungsfaehigen-laendern\/","name":"Starke Kommunen in leistungsf\u00e4higen L\u00e4ndern - Universit\u00e4tsverlag Potsdam","isPartOf":{"@id":"https:\/\/shop.verlag.uni-potsdam.de\/en\/#website"},"primaryImageOfPage":{"@id":"https:\/\/shop.verlag.uni-potsdam.de\/en\/shop\/starke-kommunen-in-leistungsfaehigen-laendern\/#primaryimage"},"image":{"@id":"https:\/\/shop.verlag.uni-potsdam.de\/shop\/starke-kommunen-in-leistungsfaehigen-laendern\/#primaryimage"},"thumbnailUrl":"https:\/\/shop.verlag.uni-potsdam.de\/wp-content\/uploads\/asolmerce\/image-9783869562421.jpg","datePublished":"2026-03-31T09:38:22+00:00","dateModified":"2026-03-31T11:39:22+00:00","breadcrumb":{"@id":"https:\/\/shop.verlag.uni-potsdam.de\/en\/shop\/starke-kommunen-in-leistungsfaehigen-laendern\/#breadcrumb"},"inLanguage":"en-US","potentialAction":[{"@type":"ReadAction","target":[["https:\/\/shop.verlag.uni-potsdam.de\/en\/shop\/starke-kommunen-in-leistungsfaehigen-laendern\/"]]}]},{"@type":"ImageObject","inLanguage":"en-US","@id":"https:\/\/shop.verlag.uni-potsdam.de\/en\/shop\/starke-kommunen-in-leistungsfaehigen-laendern\/#primaryimage","url":"https:\/\/shop.verlag.uni-potsdam.de\/wp-content\/uploads\/asolmerce\/image-9783869562421.jpg","contentUrl":"https:\/\/shop.verlag.uni-potsdam.de\/wp-content\/uploads\/asolmerce\/image-9783869562421.jpg","width":452,"height":640},{"@type":"BreadcrumbList","@id":"https:\/\/shop.verlag.uni-potsdam.de\/en\/shop\/starke-kommunen-in-leistungsfaehigen-laendern\/#breadcrumb","itemListElement":[{"@type":"ListItem","position":1,"name":"Startseite","item":"https:\/\/shop.verlag.uni-potsdam.de\/en\/"},{"@type":"ListItem","position":2,"name":"Shop","item":"https:\/\/shop.verlag.uni-potsdam.de\/en\/shop\/"},{"@type":"ListItem","position":3,"name":"Starke Kommunen in leistungsf\u00e4higen L\u00e4ndern"}]},{"@type":"WebSite","@id":"https:\/\/shop.verlag.uni-potsdam.de\/en\/#website","url":"https:\/\/shop.verlag.uni-potsdam.de\/en\/","name":"Universit\u00e4tsverlag Potsdam","description":"","publisher":{"@id":"https:\/\/shop.verlag.uni-potsdam.de\/en\/#organization"},"potentialAction":[{"@type":"SearchAction","target":{"@type":"EntryPoint","urlTemplate":"https:\/\/shop.verlag.uni-potsdam.de\/en\/?s={search_term_string}"},"query-input":{"@type":"PropertyValueSpecification","valueRequired":true,"valueName":"search_term_string"}}],"inLanguage":"en-US"},{"@type":"Organization","@id":"https:\/\/shop.verlag.uni-potsdam.de\/en\/#organization","name":"Universit\u00e4tsverlag Potsdam","url":"https:\/\/shop.verlag.uni-potsdam.de\/en\/","logo":{"@type":"ImageObject","inLanguage":"en-US","@id":"https:\/\/shop.verlag.uni-potsdam.de\/en\/#\/schema\/logo\/image\/","url":"https:\/\/shop.verlag.uni-potsdam.de\/wp-content\/uploads\/2017\/04\/up_logo_university_2.png","contentUrl":"https:\/\/shop.verlag.uni-potsdam.de\/wp-content\/uploads\/2017\/04\/up_logo_university_2.png","width":160,"height":172,"caption":"Universit\u00e4tsverlag Potsdam"},"image":{"@id":"https:\/\/shop.verlag.uni-potsdam.de\/en\/#\/schema\/logo\/image\/"}}]}},"_links":{"self":[{"href":"https:\/\/shop.verlag.uni-potsdam.de\/en\/wp-json\/wp\/v2\/product\/51680","targetHints":{"allow":["GET"]}}],"collection":[{"href":"https:\/\/shop.verlag.uni-potsdam.de\/en\/wp-json\/wp\/v2\/product"}],"about":[{"href":"https:\/\/shop.verlag.uni-potsdam.de\/en\/wp-json\/wp\/v2\/types\/product"}],"wp:featuredmedia":[{"embeddable":true,"href":"https:\/\/shop.verlag.uni-potsdam.de\/en\/wp-json\/wp\/v2\/media\/54047"}],"wp:attachment":[{"href":"https:\/\/shop.verlag.uni-potsdam.de\/en\/wp-json\/wp\/v2\/media?parent=51680"}],"wp:term":[{"taxonomy":"product_brand","embeddable":true,"href":"https:\/\/shop.verlag.uni-potsdam.de\/en\/wp-json\/wp\/v2\/product_brand?post=51680"},{"taxonomy":"product_cat","embeddable":true,"href":"https:\/\/shop.verlag.uni-potsdam.de\/en\/wp-json\/wp\/v2\/product_cat?post=51680"},{"taxonomy":"product_tag","embeddable":true,"href":"https:\/\/shop.verlag.uni-potsdam.de\/en\/wp-json\/wp\/v2\/product_tag?post=51680"}],"curies":[{"name":"wp","href":"https:\/\/api.w.org\/{rel}","templated":true}]}}