{"id":51698,"date":"2026-03-23T08:53:46","date_gmt":"2026-03-23T08:53:46","guid":{"rendered":"http:\/\/shop.verlag.uni-potsdam.de\/produkt\/mgfn-1520112-themenheft-mehr-als-krieg-und-leidenschaft\/"},"modified":"2026-03-23T11:54:46","modified_gmt":"2026-03-23T10:54:46","slug":"mehr-als-krieg-und-leidenschaft","status":"publish","type":"product","link":"https:\/\/shop.verlag.uni-potsdam.de\/en\/shop\/mehr-als-krieg-und-leidenschaft\/","title":{"rendered":"Mehr als Krieg und Leidenschaft"},"content":{"rendered":"<p class=\"qtranxs-available-languages-message qtranxs-available-languages-message-en\">Sorry, this entry is only available in <a href=\"https:\/\/shop.verlag.uni-potsdam.de\/de\/wp-json\/wp\/v2\/product\/51698\" class=\"qtranxs-available-language-link qtranxs-available-language-link-de\" title=\"Deutsch\">Deutsch<\/a>.<\/p><p>Geschichte ist \u00fcberall \u2013 heute auch und vor allem in audiovisuellen Massenmedien. Mittlerweile sind Historienfilme und historische Dokumentationen, ganz gleich ob im Fernsehen, im Kino, im Internet oder auf mobilen Datentr\u00e4gern, zu wichtigen Medien der popul\u00e4ren Pr\u00e4sentation und Projektion allgemeinhistorischen Wissens avanciert. Der vorliegende Band greift die geschichtswissenschaftliche Diskussion \u00fcber Historienfilme auf und fragt u. a. danach, welche Bilder von Milit\u00e4r und Gesellschaft der Fr\u00fchen Neuzeit Historienfilme vermitteln, aus welchen Gr\u00fcnden und mit welchen Mitteln sie dies tun. Aus vorwiegend geschichtswissenschaftlicher Perspektive untersuchen die einzelnen Beitr\u00e4ge filmische Inszenierungen von Vergangenheit: deren innerfilmische Realit\u00e4ten, Produktionsbedingungen, Gegenwartsbez\u00fcge und Rezeptionsweisen.<\/p>","protected":false},"excerpt":{"rendered":"<p class=\"qtranxs-available-languages-message qtranxs-available-languages-message-en\">Sorry, this entry is only available in <a href=\"https:\/\/shop.verlag.uni-potsdam.de\/de\/wp-json\/wp\/v2\/product\/51698\" class=\"qtranxs-available-language-link qtranxs-available-language-link-de\" title=\"Deutsch\">Deutsch<\/a>.<\/p>\n<p>Geschichte ist \u00fcberall \u2013 heute auch und vor allem in audiovisuellen Massenmedien. Mittlerweile sind Historienfilme und historische Dokumentationen, ganz gleich ob im Fernsehen, im Kino, im Internet oder auf mobilen Datentr\u00e4gern, zu wichtigen Medien der popul\u00e4ren Pr\u00e4sentation und Projektion allgemeinhistorischen Wissens avanciert. Der vorliegende Band greift die geschichtswissenschaftliche Diskussion \u00fcber Historienfilme auf und fragt u. a. danach, welche Bilder von Milit\u00e4r und Gesellschaft der Fr\u00fchen Neuzeit Historienfilme vermitteln, aus welchen Gr\u00fcnden und mit welchen Mitteln sie dies tun. Aus vorwiegend geschichtswissenschaftlicher Perspektive untersuchen die einzelnen Beitr\u00e4ge filmische Inszenierungen von Vergangenheit: deren innerfilmische Realit\u00e4ten, Produktionsbedingungen, Gegenwartsbez\u00fcge und Rezeptionsweisen.<\/p>\n","protected":false},"featured_media":53979,"template":"","meta":{"_acf_changed":false},"product_brand":[],"product_cat":[6207],"product_tag":[5698],"class_list":{"0":"post-51698","1":"product","2":"type-product","3":"status-publish","4":"has-post-thumbnail","6":"product_cat-geschichte-web-kategorie","7":"product_tag-darstellung-film-geschichte-1450-1650-gesellschaft-militaer","8":"autor-alexander-kaestner","9":"autor-josef-matzerath","10":"zeitschriften-militaer-und-gesellschaft-in-der-fruehen-neuzeit","12":"first","13":"instock","14":"shipping-taxable","15":"purchasable","16":"product-type-simple"},"acf":[],"yoast_head":"<!-- This site is optimized with the Yoast SEO plugin v27.1.1 - https:\/\/yoast.com\/product\/yoast-seo-wordpress\/ -->\n<title>Mehr als Krieg und Leidenschaft - Universit\u00e4tsverlag Potsdam<\/title>\n<meta name=\"robots\" content=\"index, follow, max-snippet:-1, max-image-preview:large, max-video-preview:-1\" \/>\n<link rel=\"canonical\" href=\"https:\/\/shop.verlag.uni-potsdam.de\/en\/shop\/mehr-als-krieg-und-leidenschaft\/\" \/>\n<meta property=\"og:locale\" content=\"en_US\" \/>\n<meta property=\"og:type\" content=\"article\" \/>\n<meta property=\"og:title\" content=\"Mehr als Krieg und Leidenschaft - Universit\u00e4tsverlag Potsdam\" \/>\n<meta property=\"og:description\" content=\"Geschichte ist \u00fcberall \u2013 heute auch und vor allem in audiovisuellen Massenmedien. Mittlerweile sind Historienfilme und historische Dokumentationen, ganz gleich ob im Fernsehen, im Kino, im Internet oder auf mobilen Datentr\u00e4gern, zu wichtigen Medien der popul\u00e4ren Pr\u00e4sentation und Projektion allgemeinhistorischen Wissens avanciert. Der vorliegende Band greift die geschichtswissenschaftliche Diskussion \u00fcber Historienfilme auf und fragt u. a. danach, welche Bilder von Milit\u00e4r und Gesellschaft der Fr\u00fchen Neuzeit Historienfilme vermitteln, aus welchen Gr\u00fcnden und mit welchen Mitteln sie dies tun. Aus vorwiegend geschichtswissenschaftlicher Perspektive untersuchen die einzelnen Beitr\u00e4ge filmische Inszenierungen von Vergangenheit: deren innerfilmische Realit\u00e4ten, Produktionsbedingungen, Gegenwartsbez\u00fcge und Rezeptionsweisen.\" \/>\n<meta property=\"og:url\" content=\"https:\/\/shop.verlag.uni-potsdam.de\/en\/shop\/mehr-als-krieg-und-leidenschaft\/\" \/>\n<meta property=\"og:site_name\" content=\"Universit\u00e4tsverlag Potsdam\" \/>\n<meta property=\"article:modified_time\" content=\"2026-03-23T10:54:46+00:00\" \/>\n<meta property=\"og:image\" content=\"https:\/\/shop.verlag.uni-potsdam.de\/wp-content\/uploads\/asolmerce\/image-9783869561684.jpg\" \/>\n\t<meta property=\"og:image:width\" content=\"452\" \/>\n\t<meta property=\"og:image:height\" content=\"640\" \/>\n\t<meta property=\"og:image:type\" content=\"image\/jpeg\" \/>\n<meta name=\"twitter:card\" content=\"summary_large_image\" \/>\n<meta name=\"twitter:label1\" content=\"Est. reading time\" \/>\n\t<meta name=\"twitter:data1\" content=\"1 minute\" \/>\n<script type=\"application\/ld+json\" class=\"yoast-schema-graph\">{\"@context\":\"https:\/\/schema.org\",\"@graph\":[{\"@type\":\"WebPage\",\"@id\":\"https:\/\/shop.verlag.uni-potsdam.de\/en\/shop\/mehr-als-krieg-und-leidenschaft\/\",\"url\":\"https:\/\/shop.verlag.uni-potsdam.de\/en\/shop\/mehr-als-krieg-und-leidenschaft\/\",\"name\":\"Mehr als Krieg und Leidenschaft - Universit\u00e4tsverlag Potsdam\",\"isPartOf\":{\"@id\":\"https:\/\/shop.verlag.uni-potsdam.de\/en\/#website\"},\"primaryImageOfPage\":{\"@id\":\"https:\/\/shop.verlag.uni-potsdam.de\/en\/shop\/mehr-als-krieg-und-leidenschaft\/#primaryimage\"},\"image\":{\"@id\":\"https:\/\/shop.verlag.uni-potsdam.de\/shop\/mehr-als-krieg-und-leidenschaft\/#primaryimage\"},\"thumbnailUrl\":\"https:\/\/shop.verlag.uni-potsdam.de\/wp-content\/uploads\/asolmerce\/image-9783869561684.jpg\",\"datePublished\":\"2026-03-23T08:53:46+00:00\",\"dateModified\":\"2026-03-23T10:54:46+00:00\",\"breadcrumb\":{\"@id\":\"https:\/\/shop.verlag.uni-potsdam.de\/en\/shop\/mehr-als-krieg-und-leidenschaft\/#breadcrumb\"},\"inLanguage\":\"en-US\",\"potentialAction\":[{\"@type\":\"ReadAction\",\"target\":[[\"https:\/\/shop.verlag.uni-potsdam.de\/en\/shop\/mehr-als-krieg-und-leidenschaft\/\"]]}]},{\"@type\":\"ImageObject\",\"inLanguage\":\"en-US\",\"@id\":\"https:\/\/shop.verlag.uni-potsdam.de\/en\/shop\/mehr-als-krieg-und-leidenschaft\/#primaryimage\",\"url\":\"https:\/\/shop.verlag.uni-potsdam.de\/wp-content\/uploads\/asolmerce\/image-9783869561684.jpg\",\"contentUrl\":\"https:\/\/shop.verlag.uni-potsdam.de\/wp-content\/uploads\/asolmerce\/image-9783869561684.jpg\",\"width\":452,\"height\":640},{\"@type\":\"BreadcrumbList\",\"@id\":\"https:\/\/shop.verlag.uni-potsdam.de\/en\/shop\/mehr-als-krieg-und-leidenschaft\/#breadcrumb\",\"itemListElement\":[{\"@type\":\"ListItem\",\"position\":1,\"name\":\"Startseite\",\"item\":\"https:\/\/shop.verlag.uni-potsdam.de\/en\/\"},{\"@type\":\"ListItem\",\"position\":2,\"name\":\"Shop\",\"item\":\"https:\/\/shop.verlag.uni-potsdam.de\/en\/shop\/\"},{\"@type\":\"ListItem\",\"position\":3,\"name\":\"Mehr als Krieg und Leidenschaft\"}]},{\"@type\":\"WebSite\",\"@id\":\"https:\/\/shop.verlag.uni-potsdam.de\/en\/#website\",\"url\":\"https:\/\/shop.verlag.uni-potsdam.de\/en\/\",\"name\":\"Universit\u00e4tsverlag Potsdam\",\"description\":\"\",\"publisher\":{\"@id\":\"https:\/\/shop.verlag.uni-potsdam.de\/en\/#organization\"},\"potentialAction\":[{\"@type\":\"SearchAction\",\"target\":{\"@type\":\"EntryPoint\",\"urlTemplate\":\"https:\/\/shop.verlag.uni-potsdam.de\/en\/?s={search_term_string}\"},\"query-input\":{\"@type\":\"PropertyValueSpecification\",\"valueRequired\":true,\"valueName\":\"search_term_string\"}}],\"inLanguage\":\"en-US\"},{\"@type\":\"Organization\",\"@id\":\"https:\/\/shop.verlag.uni-potsdam.de\/en\/#organization\",\"name\":\"Universit\u00e4tsverlag Potsdam\",\"url\":\"https:\/\/shop.verlag.uni-potsdam.de\/en\/\",\"logo\":{\"@type\":\"ImageObject\",\"inLanguage\":\"en-US\",\"@id\":\"https:\/\/shop.verlag.uni-potsdam.de\/en\/#\/schema\/logo\/image\/\",\"url\":\"https:\/\/shop.verlag.uni-potsdam.de\/wp-content\/uploads\/2017\/04\/up_logo_university_2.png\",\"contentUrl\":\"https:\/\/shop.verlag.uni-potsdam.de\/wp-content\/uploads\/2017\/04\/up_logo_university_2.png\",\"width\":160,\"height\":172,\"caption\":\"Universit\u00e4tsverlag Potsdam\"},\"image\":{\"@id\":\"https:\/\/shop.verlag.uni-potsdam.de\/en\/#\/schema\/logo\/image\/\"}}]}<\/script>\n<!-- \/ Yoast SEO plugin. -->","yoast_head_json":{"title":"Mehr als Krieg und Leidenschaft - Universit\u00e4tsverlag Potsdam","robots":{"index":"index","follow":"follow","max-snippet":"max-snippet:-1","max-image-preview":"max-image-preview:large","max-video-preview":"max-video-preview:-1"},"canonical":"https:\/\/shop.verlag.uni-potsdam.de\/en\/shop\/mehr-als-krieg-und-leidenschaft\/","og_locale":"en_US","og_type":"article","og_title":"Mehr als Krieg und Leidenschaft - Universit\u00e4tsverlag Potsdam","og_description":"Geschichte ist \u00fcberall \u2013 heute auch und vor allem in audiovisuellen Massenmedien. Mittlerweile sind Historienfilme und historische Dokumentationen, ganz gleich ob im Fernsehen, im Kino, im Internet oder auf mobilen Datentr\u00e4gern, zu wichtigen Medien der popul\u00e4ren Pr\u00e4sentation und Projektion allgemeinhistorischen Wissens avanciert. Der vorliegende Band greift die geschichtswissenschaftliche Diskussion \u00fcber Historienfilme auf und fragt u. a. danach, welche Bilder von Milit\u00e4r und Gesellschaft der Fr\u00fchen Neuzeit Historienfilme vermitteln, aus welchen Gr\u00fcnden und mit welchen Mitteln sie dies tun. Aus vorwiegend geschichtswissenschaftlicher Perspektive untersuchen die einzelnen Beitr\u00e4ge filmische Inszenierungen von Vergangenheit: deren innerfilmische Realit\u00e4ten, Produktionsbedingungen, Gegenwartsbez\u00fcge und Rezeptionsweisen.","og_url":"https:\/\/shop.verlag.uni-potsdam.de\/en\/shop\/mehr-als-krieg-und-leidenschaft\/","og_site_name":"Universit\u00e4tsverlag Potsdam","article_modified_time":"2026-03-23T10:54:46+00:00","og_image":[{"width":452,"height":640,"url":"https:\/\/shop.verlag.uni-potsdam.de\/wp-content\/uploads\/asolmerce\/image-9783869561684.jpg","type":"image\/jpeg"}],"twitter_card":"summary_large_image","twitter_misc":{"Est. reading time":"1 minute"},"schema":{"@context":"https:\/\/schema.org","@graph":[{"@type":"WebPage","@id":"https:\/\/shop.verlag.uni-potsdam.de\/en\/shop\/mehr-als-krieg-und-leidenschaft\/","url":"https:\/\/shop.verlag.uni-potsdam.de\/en\/shop\/mehr-als-krieg-und-leidenschaft\/","name":"Mehr als Krieg und Leidenschaft - Universit\u00e4tsverlag Potsdam","isPartOf":{"@id":"https:\/\/shop.verlag.uni-potsdam.de\/en\/#website"},"primaryImageOfPage":{"@id":"https:\/\/shop.verlag.uni-potsdam.de\/en\/shop\/mehr-als-krieg-und-leidenschaft\/#primaryimage"},"image":{"@id":"https:\/\/shop.verlag.uni-potsdam.de\/shop\/mehr-als-krieg-und-leidenschaft\/#primaryimage"},"thumbnailUrl":"https:\/\/shop.verlag.uni-potsdam.de\/wp-content\/uploads\/asolmerce\/image-9783869561684.jpg","datePublished":"2026-03-23T08:53:46+00:00","dateModified":"2026-03-23T10:54:46+00:00","breadcrumb":{"@id":"https:\/\/shop.verlag.uni-potsdam.de\/en\/shop\/mehr-als-krieg-und-leidenschaft\/#breadcrumb"},"inLanguage":"en-US","potentialAction":[{"@type":"ReadAction","target":[["https:\/\/shop.verlag.uni-potsdam.de\/en\/shop\/mehr-als-krieg-und-leidenschaft\/"]]}]},{"@type":"ImageObject","inLanguage":"en-US","@id":"https:\/\/shop.verlag.uni-potsdam.de\/en\/shop\/mehr-als-krieg-und-leidenschaft\/#primaryimage","url":"https:\/\/shop.verlag.uni-potsdam.de\/wp-content\/uploads\/asolmerce\/image-9783869561684.jpg","contentUrl":"https:\/\/shop.verlag.uni-potsdam.de\/wp-content\/uploads\/asolmerce\/image-9783869561684.jpg","width":452,"height":640},{"@type":"BreadcrumbList","@id":"https:\/\/shop.verlag.uni-potsdam.de\/en\/shop\/mehr-als-krieg-und-leidenschaft\/#breadcrumb","itemListElement":[{"@type":"ListItem","position":1,"name":"Startseite","item":"https:\/\/shop.verlag.uni-potsdam.de\/en\/"},{"@type":"ListItem","position":2,"name":"Shop","item":"https:\/\/shop.verlag.uni-potsdam.de\/en\/shop\/"},{"@type":"ListItem","position":3,"name":"Mehr als Krieg und Leidenschaft"}]},{"@type":"WebSite","@id":"https:\/\/shop.verlag.uni-potsdam.de\/en\/#website","url":"https:\/\/shop.verlag.uni-potsdam.de\/en\/","name":"Universit\u00e4tsverlag Potsdam","description":"","publisher":{"@id":"https:\/\/shop.verlag.uni-potsdam.de\/en\/#organization"},"potentialAction":[{"@type":"SearchAction","target":{"@type":"EntryPoint","urlTemplate":"https:\/\/shop.verlag.uni-potsdam.de\/en\/?s={search_term_string}"},"query-input":{"@type":"PropertyValueSpecification","valueRequired":true,"valueName":"search_term_string"}}],"inLanguage":"en-US"},{"@type":"Organization","@id":"https:\/\/shop.verlag.uni-potsdam.de\/en\/#organization","name":"Universit\u00e4tsverlag Potsdam","url":"https:\/\/shop.verlag.uni-potsdam.de\/en\/","logo":{"@type":"ImageObject","inLanguage":"en-US","@id":"https:\/\/shop.verlag.uni-potsdam.de\/en\/#\/schema\/logo\/image\/","url":"https:\/\/shop.verlag.uni-potsdam.de\/wp-content\/uploads\/2017\/04\/up_logo_university_2.png","contentUrl":"https:\/\/shop.verlag.uni-potsdam.de\/wp-content\/uploads\/2017\/04\/up_logo_university_2.png","width":160,"height":172,"caption":"Universit\u00e4tsverlag Potsdam"},"image":{"@id":"https:\/\/shop.verlag.uni-potsdam.de\/en\/#\/schema\/logo\/image\/"}}]}},"_links":{"self":[{"href":"https:\/\/shop.verlag.uni-potsdam.de\/en\/wp-json\/wp\/v2\/product\/51698","targetHints":{"allow":["GET"]}}],"collection":[{"href":"https:\/\/shop.verlag.uni-potsdam.de\/en\/wp-json\/wp\/v2\/product"}],"about":[{"href":"https:\/\/shop.verlag.uni-potsdam.de\/en\/wp-json\/wp\/v2\/types\/product"}],"wp:featuredmedia":[{"embeddable":true,"href":"https:\/\/shop.verlag.uni-potsdam.de\/en\/wp-json\/wp\/v2\/media\/53979"}],"wp:attachment":[{"href":"https:\/\/shop.verlag.uni-potsdam.de\/en\/wp-json\/wp\/v2\/media?parent=51698"}],"wp:term":[{"taxonomy":"product_brand","embeddable":true,"href":"https:\/\/shop.verlag.uni-potsdam.de\/en\/wp-json\/wp\/v2\/product_brand?post=51698"},{"taxonomy":"product_cat","embeddable":true,"href":"https:\/\/shop.verlag.uni-potsdam.de\/en\/wp-json\/wp\/v2\/product_cat?post=51698"},{"taxonomy":"product_tag","embeddable":true,"href":"https:\/\/shop.verlag.uni-potsdam.de\/en\/wp-json\/wp\/v2\/product_tag?post=51698"}],"curies":[{"name":"wp","href":"https:\/\/api.w.org\/{rel}","templated":true}]}}