{"id":51699,"date":"2026-03-31T09:38:46","date_gmt":"2026-03-31T09:38:46","guid":{"rendered":"http:\/\/shop.verlag.uni-potsdam.de\/produkt\/bauer-rekommunalisierung-oeffentlicher-daseinsvorsorge\/"},"modified":"2026-03-31T13:39:46","modified_gmt":"2026-03-31T11:39:46","slug":"rekommunalisierung-oeffentlicher-daseinsvorsorge","status":"publish","type":"product","link":"https:\/\/shop.verlag.uni-potsdam.de\/en\/shop\/rekommunalisierung-oeffentlicher-daseinsvorsorge\/","title":{"rendered":"Rekommunalisierung \u00f6ffentlicher Daseinsvorsorge"},"content":{"rendered":"<p class=\"qtranxs-available-languages-message qtranxs-available-languages-message-en\">Sorry, this entry is only available in <a href=\"https:\/\/shop.verlag.uni-potsdam.de\/de\/wp-json\/wp\/v2\/product\/51699\" class=\"qtranxs-available-language-link qtranxs-available-language-link-de\" title=\"Deutsch\">Deutsch<\/a>.<\/p><p>Mehr Privat statt Staat! Diese Kampfformel galt vielen noch vor kurzem als Schl\u00fcssel zur erfolgreichen Entlastung der angespannten kommunalen Haushalte. Immer mehr Kommunen beschritten den vermeintlichen K\u00f6nigsweg. So vielf\u00e4ltig wie die Gegens-t\u00e4nde sind auch die in der Verwaltungspraxis zu beobachtenden Erscheinungsfor-men der Privatisierung: Verm\u00f6gensprivatisierung, Organisationsprivatisierung, Auf-gabenprivatisierung mit facettenreichen Mischformen namentlich der Public Private Partnerships. Zwar brachte der \u201eVerkauf des Tafelsilbers\u201c den Kommunen kurzzeitig einen Geldse-gen. Doch haben bei weitem nicht alle Privatisierungsma\u00dfnahmen die in sie gesetz-ten Erwartungen erf\u00fcllt und es setzt sich zunehmend die Einsicht durch, dass die Privatwirtschaft nicht zwangsl\u00e4ufig besser, effizienter und kosteng\u00fcnstiger arbeitet als die \u00d6ffentliche Hand. Inzwischen deutet sich im kommunalen Bereich eine klare Trendumkehr in Richtung Rekommunalisierung an. Die 17. Fachtagung des Kommunalwissenschaftlichen Instituts (KWI) der Universit\u00e4t Potsdam greift in diese anlaufende Grundsatzdebatte ein und nimmt aktuelle Bestre-bungen der Rekommunalisierung lokaler Aufgaben auf. Im Vordergrund stehen erste praktische Erfahrungen, Implementationsprobleme und nicht zuletzt die rechtlichen Rahmenbedingungen und normativen Direktiven f\u00fcr Rekommunalisierungen nament-lich in Segmenten der \u00f6ffentlichen Daseinsvorsorge.<\/p>","protected":false},"excerpt":{"rendered":"<p class=\"qtranxs-available-languages-message qtranxs-available-languages-message-en\">Sorry, this entry is only available in <a href=\"https:\/\/shop.verlag.uni-potsdam.de\/de\/wp-json\/wp\/v2\/product\/51699\" class=\"qtranxs-available-language-link qtranxs-available-language-link-de\" title=\"Deutsch\">Deutsch<\/a>.<\/p>\n<p>Mehr Privat statt Staat! Diese Kampfformel galt vielen noch vor kurzem als Schl\u00fcssel zur erfolgreichen Entlastung der angespannten kommunalen Haushalte. Immer mehr Kommunen beschritten den vermeintlichen K\u00f6nigsweg. So vielf\u00e4ltig wie die Gegens-t\u00e4nde sind auch die in der Verwaltungspraxis zu beobachtenden Erscheinungsfor-men der Privatisierung: Verm\u00f6gensprivatisierung, Organisationsprivatisierung, Auf-gabenprivatisierung mit facettenreichen Mischformen namentlich der Public Private Partnerships. Zwar brachte der \u201eVerkauf des Tafelsilbers\u201c den Kommunen kurzzeitig einen Geldse-gen. Doch haben bei weitem nicht alle Privatisierungsma\u00dfnahmen die in sie gesetz-ten Erwartungen erf\u00fcllt und es setzt sich zunehmend die Einsicht durch, dass die Privatwirtschaft nicht zwangsl\u00e4ufig besser, effizienter und kosteng\u00fcnstiger arbeitet als die \u00d6ffentliche Hand. Inzwischen deutet sich im kommunalen Bereich eine klare Trendumkehr in Richtung Rekommunalisierung an. Die 17. Fachtagung des Kommunalwissenschaftlichen Instituts (KWI) der Universit\u00e4t Potsdam greift in diese anlaufende Grundsatzdebatte ein und nimmt aktuelle Bestre-bungen der Rekommunalisierung lokaler Aufgaben auf. Im Vordergrund stehen erste praktische Erfahrungen, Implementationsprobleme und nicht zuletzt die rechtlichen Rahmenbedingungen und normativen Direktiven f\u00fcr Rekommunalisierungen nament-lich in Segmenten der \u00f6ffentlichen Daseinsvorsorge.<\/p>\n","protected":false},"featured_media":53980,"template":"","meta":{"_acf_changed":false},"product_brand":[],"product_cat":[6223],"product_tag":[5814],"class_list":{"0":"post-51699","1":"product","2":"type-product","3":"status-publish","4":"has-post-thumbnail","6":"product_cat-politikwissenschaft-web-kategorie","7":"product_tag-kommunalwirtschaft-konzessionsvertraege-privatisierung-rekommunalisierung-oeffentliche-daseinsvorsorge","8":"autor-christiane-buechner","9":"autor-hartmut-bauer","10":"autor-lydia-hajasch","12":"first","13":"instock","14":"shipping-taxable","15":"purchasable","16":"product-type-simple"},"acf":[],"yoast_head":"<!-- This site is optimized with the Yoast SEO plugin v27.1.1 - https:\/\/yoast.com\/product\/yoast-seo-wordpress\/ -->\n<title>Rekommunalisierung \u00f6ffentlicher Daseinsvorsorge - Universit\u00e4tsverlag Potsdam<\/title>\n<meta name=\"robots\" content=\"index, follow, max-snippet:-1, max-image-preview:large, max-video-preview:-1\" \/>\n<link rel=\"canonical\" href=\"https:\/\/shop.verlag.uni-potsdam.de\/en\/shop\/rekommunalisierung-oeffentlicher-daseinsvorsorge\/\" \/>\n<meta property=\"og:locale\" content=\"en_US\" \/>\n<meta property=\"og:type\" content=\"article\" \/>\n<meta property=\"og:title\" content=\"Rekommunalisierung \u00f6ffentlicher Daseinsvorsorge - Universit\u00e4tsverlag Potsdam\" \/>\n<meta property=\"og:description\" content=\"Mehr Privat statt Staat! Diese Kampfformel galt vielen noch vor kurzem als Schl\u00fcssel zur erfolgreichen Entlastung der angespannten kommunalen Haushalte. Immer mehr Kommunen beschritten den vermeintlichen K\u00f6nigsweg. So vielf\u00e4ltig wie die Gegens-t\u00e4nde sind auch die in der Verwaltungspraxis zu beobachtenden Erscheinungsfor-men der Privatisierung: Verm\u00f6gensprivatisierung, Organisationsprivatisierung, Auf-gabenprivatisierung mit facettenreichen Mischformen namentlich der Public Private Partnerships. Zwar brachte der \u201eVerkauf des Tafelsilbers\u201c den Kommunen kurzzeitig einen Geldse-gen. Doch haben bei weitem nicht alle Privatisierungsma\u00dfnahmen die in sie gesetz-ten Erwartungen erf\u00fcllt und es setzt sich zunehmend die Einsicht durch, dass die Privatwirtschaft nicht zwangsl\u00e4ufig besser, effizienter und kosteng\u00fcnstiger arbeitet als die \u00d6ffentliche Hand. Inzwischen deutet sich im kommunalen Bereich eine klare Trendumkehr in Richtung Rekommunalisierung an. Die 17. Fachtagung des Kommunalwissenschaftlichen Instituts (KWI) der Universit\u00e4t Potsdam greift in diese anlaufende Grundsatzdebatte ein und nimmt aktuelle Bestre-bungen der Rekommunalisierung lokaler Aufgaben auf. Im Vordergrund stehen erste praktische Erfahrungen, Implementationsprobleme und nicht zuletzt die rechtlichen Rahmenbedingungen und normativen Direktiven f\u00fcr Rekommunalisierungen nament-lich in Segmenten der \u00f6ffentlichen Daseinsvorsorge.\" \/>\n<meta property=\"og:url\" content=\"https:\/\/shop.verlag.uni-potsdam.de\/en\/shop\/rekommunalisierung-oeffentlicher-daseinsvorsorge\/\" \/>\n<meta property=\"og:site_name\" content=\"Universit\u00e4tsverlag Potsdam\" \/>\n<meta property=\"article:modified_time\" content=\"2026-03-31T11:39:46+00:00\" \/>\n<meta property=\"og:image\" content=\"https:\/\/shop.verlag.uni-potsdam.de\/wp-content\/uploads\/asolmerce\/image-9783869561707.jpg\" \/>\n\t<meta property=\"og:image:width\" content=\"452\" \/>\n\t<meta property=\"og:image:height\" content=\"640\" \/>\n\t<meta property=\"og:image:type\" content=\"image\/jpeg\" \/>\n<meta name=\"twitter:card\" content=\"summary_large_image\" \/>\n<meta name=\"twitter:label1\" content=\"Est. reading time\" \/>\n\t<meta name=\"twitter:data1\" content=\"1 minute\" \/>\n<script type=\"application\/ld+json\" class=\"yoast-schema-graph\">{\"@context\":\"https:\/\/schema.org\",\"@graph\":[{\"@type\":\"WebPage\",\"@id\":\"https:\/\/shop.verlag.uni-potsdam.de\/en\/shop\/rekommunalisierung-oeffentlicher-daseinsvorsorge\/\",\"url\":\"https:\/\/shop.verlag.uni-potsdam.de\/en\/shop\/rekommunalisierung-oeffentlicher-daseinsvorsorge\/\",\"name\":\"Rekommunalisierung \u00f6ffentlicher Daseinsvorsorge - Universit\u00e4tsverlag Potsdam\",\"isPartOf\":{\"@id\":\"https:\/\/shop.verlag.uni-potsdam.de\/en\/#website\"},\"primaryImageOfPage\":{\"@id\":\"https:\/\/shop.verlag.uni-potsdam.de\/en\/shop\/rekommunalisierung-oeffentlicher-daseinsvorsorge\/#primaryimage\"},\"image\":{\"@id\":\"https:\/\/shop.verlag.uni-potsdam.de\/shop\/rekommunalisierung-oeffentlicher-daseinsvorsorge\/#primaryimage\"},\"thumbnailUrl\":\"https:\/\/shop.verlag.uni-potsdam.de\/wp-content\/uploads\/asolmerce\/image-9783869561707.jpg\",\"datePublished\":\"2026-03-31T09:38:46+00:00\",\"dateModified\":\"2026-03-31T11:39:46+00:00\",\"breadcrumb\":{\"@id\":\"https:\/\/shop.verlag.uni-potsdam.de\/en\/shop\/rekommunalisierung-oeffentlicher-daseinsvorsorge\/#breadcrumb\"},\"inLanguage\":\"en-US\",\"potentialAction\":[{\"@type\":\"ReadAction\",\"target\":[[\"https:\/\/shop.verlag.uni-potsdam.de\/en\/shop\/rekommunalisierung-oeffentlicher-daseinsvorsorge\/\"]]}]},{\"@type\":\"ImageObject\",\"inLanguage\":\"en-US\",\"@id\":\"https:\/\/shop.verlag.uni-potsdam.de\/en\/shop\/rekommunalisierung-oeffentlicher-daseinsvorsorge\/#primaryimage\",\"url\":\"https:\/\/shop.verlag.uni-potsdam.de\/wp-content\/uploads\/asolmerce\/image-9783869561707.jpg\",\"contentUrl\":\"https:\/\/shop.verlag.uni-potsdam.de\/wp-content\/uploads\/asolmerce\/image-9783869561707.jpg\",\"width\":452,\"height\":640},{\"@type\":\"BreadcrumbList\",\"@id\":\"https:\/\/shop.verlag.uni-potsdam.de\/en\/shop\/rekommunalisierung-oeffentlicher-daseinsvorsorge\/#breadcrumb\",\"itemListElement\":[{\"@type\":\"ListItem\",\"position\":1,\"name\":\"Startseite\",\"item\":\"https:\/\/shop.verlag.uni-potsdam.de\/en\/\"},{\"@type\":\"ListItem\",\"position\":2,\"name\":\"Shop\",\"item\":\"https:\/\/shop.verlag.uni-potsdam.de\/en\/shop\/\"},{\"@type\":\"ListItem\",\"position\":3,\"name\":\"Rekommunalisierung \u00f6ffentlicher Daseinsvorsorge\"}]},{\"@type\":\"WebSite\",\"@id\":\"https:\/\/shop.verlag.uni-potsdam.de\/en\/#website\",\"url\":\"https:\/\/shop.verlag.uni-potsdam.de\/en\/\",\"name\":\"Universit\u00e4tsverlag Potsdam\",\"description\":\"\",\"publisher\":{\"@id\":\"https:\/\/shop.verlag.uni-potsdam.de\/en\/#organization\"},\"potentialAction\":[{\"@type\":\"SearchAction\",\"target\":{\"@type\":\"EntryPoint\",\"urlTemplate\":\"https:\/\/shop.verlag.uni-potsdam.de\/en\/?s={search_term_string}\"},\"query-input\":{\"@type\":\"PropertyValueSpecification\",\"valueRequired\":true,\"valueName\":\"search_term_string\"}}],\"inLanguage\":\"en-US\"},{\"@type\":\"Organization\",\"@id\":\"https:\/\/shop.verlag.uni-potsdam.de\/en\/#organization\",\"name\":\"Universit\u00e4tsverlag Potsdam\",\"url\":\"https:\/\/shop.verlag.uni-potsdam.de\/en\/\",\"logo\":{\"@type\":\"ImageObject\",\"inLanguage\":\"en-US\",\"@id\":\"https:\/\/shop.verlag.uni-potsdam.de\/en\/#\/schema\/logo\/image\/\",\"url\":\"https:\/\/shop.verlag.uni-potsdam.de\/wp-content\/uploads\/2017\/04\/up_logo_university_2.png\",\"contentUrl\":\"https:\/\/shop.verlag.uni-potsdam.de\/wp-content\/uploads\/2017\/04\/up_logo_university_2.png\",\"width\":160,\"height\":172,\"caption\":\"Universit\u00e4tsverlag Potsdam\"},\"image\":{\"@id\":\"https:\/\/shop.verlag.uni-potsdam.de\/en\/#\/schema\/logo\/image\/\"}}]}<\/script>\n<!-- \/ Yoast SEO plugin. -->","yoast_head_json":{"title":"Rekommunalisierung \u00f6ffentlicher Daseinsvorsorge - Universit\u00e4tsverlag Potsdam","robots":{"index":"index","follow":"follow","max-snippet":"max-snippet:-1","max-image-preview":"max-image-preview:large","max-video-preview":"max-video-preview:-1"},"canonical":"https:\/\/shop.verlag.uni-potsdam.de\/en\/shop\/rekommunalisierung-oeffentlicher-daseinsvorsorge\/","og_locale":"en_US","og_type":"article","og_title":"Rekommunalisierung \u00f6ffentlicher Daseinsvorsorge - Universit\u00e4tsverlag Potsdam","og_description":"Mehr Privat statt Staat! Diese Kampfformel galt vielen noch vor kurzem als Schl\u00fcssel zur erfolgreichen Entlastung der angespannten kommunalen Haushalte. Immer mehr Kommunen beschritten den vermeintlichen K\u00f6nigsweg. So vielf\u00e4ltig wie die Gegens-t\u00e4nde sind auch die in der Verwaltungspraxis zu beobachtenden Erscheinungsfor-men der Privatisierung: Verm\u00f6gensprivatisierung, Organisationsprivatisierung, Auf-gabenprivatisierung mit facettenreichen Mischformen namentlich der Public Private Partnerships. Zwar brachte der \u201eVerkauf des Tafelsilbers\u201c den Kommunen kurzzeitig einen Geldse-gen. Doch haben bei weitem nicht alle Privatisierungsma\u00dfnahmen die in sie gesetz-ten Erwartungen erf\u00fcllt und es setzt sich zunehmend die Einsicht durch, dass die Privatwirtschaft nicht zwangsl\u00e4ufig besser, effizienter und kosteng\u00fcnstiger arbeitet als die \u00d6ffentliche Hand. Inzwischen deutet sich im kommunalen Bereich eine klare Trendumkehr in Richtung Rekommunalisierung an. Die 17. Fachtagung des Kommunalwissenschaftlichen Instituts (KWI) der Universit\u00e4t Potsdam greift in diese anlaufende Grundsatzdebatte ein und nimmt aktuelle Bestre-bungen der Rekommunalisierung lokaler Aufgaben auf. Im Vordergrund stehen erste praktische Erfahrungen, Implementationsprobleme und nicht zuletzt die rechtlichen Rahmenbedingungen und normativen Direktiven f\u00fcr Rekommunalisierungen nament-lich in Segmenten der \u00f6ffentlichen Daseinsvorsorge.","og_url":"https:\/\/shop.verlag.uni-potsdam.de\/en\/shop\/rekommunalisierung-oeffentlicher-daseinsvorsorge\/","og_site_name":"Universit\u00e4tsverlag Potsdam","article_modified_time":"2026-03-31T11:39:46+00:00","og_image":[{"width":452,"height":640,"url":"https:\/\/shop.verlag.uni-potsdam.de\/wp-content\/uploads\/asolmerce\/image-9783869561707.jpg","type":"image\/jpeg"}],"twitter_card":"summary_large_image","twitter_misc":{"Est. reading time":"1 minute"},"schema":{"@context":"https:\/\/schema.org","@graph":[{"@type":"WebPage","@id":"https:\/\/shop.verlag.uni-potsdam.de\/en\/shop\/rekommunalisierung-oeffentlicher-daseinsvorsorge\/","url":"https:\/\/shop.verlag.uni-potsdam.de\/en\/shop\/rekommunalisierung-oeffentlicher-daseinsvorsorge\/","name":"Rekommunalisierung \u00f6ffentlicher Daseinsvorsorge - Universit\u00e4tsverlag Potsdam","isPartOf":{"@id":"https:\/\/shop.verlag.uni-potsdam.de\/en\/#website"},"primaryImageOfPage":{"@id":"https:\/\/shop.verlag.uni-potsdam.de\/en\/shop\/rekommunalisierung-oeffentlicher-daseinsvorsorge\/#primaryimage"},"image":{"@id":"https:\/\/shop.verlag.uni-potsdam.de\/shop\/rekommunalisierung-oeffentlicher-daseinsvorsorge\/#primaryimage"},"thumbnailUrl":"https:\/\/shop.verlag.uni-potsdam.de\/wp-content\/uploads\/asolmerce\/image-9783869561707.jpg","datePublished":"2026-03-31T09:38:46+00:00","dateModified":"2026-03-31T11:39:46+00:00","breadcrumb":{"@id":"https:\/\/shop.verlag.uni-potsdam.de\/en\/shop\/rekommunalisierung-oeffentlicher-daseinsvorsorge\/#breadcrumb"},"inLanguage":"en-US","potentialAction":[{"@type":"ReadAction","target":[["https:\/\/shop.verlag.uni-potsdam.de\/en\/shop\/rekommunalisierung-oeffentlicher-daseinsvorsorge\/"]]}]},{"@type":"ImageObject","inLanguage":"en-US","@id":"https:\/\/shop.verlag.uni-potsdam.de\/en\/shop\/rekommunalisierung-oeffentlicher-daseinsvorsorge\/#primaryimage","url":"https:\/\/shop.verlag.uni-potsdam.de\/wp-content\/uploads\/asolmerce\/image-9783869561707.jpg","contentUrl":"https:\/\/shop.verlag.uni-potsdam.de\/wp-content\/uploads\/asolmerce\/image-9783869561707.jpg","width":452,"height":640},{"@type":"BreadcrumbList","@id":"https:\/\/shop.verlag.uni-potsdam.de\/en\/shop\/rekommunalisierung-oeffentlicher-daseinsvorsorge\/#breadcrumb","itemListElement":[{"@type":"ListItem","position":1,"name":"Startseite","item":"https:\/\/shop.verlag.uni-potsdam.de\/en\/"},{"@type":"ListItem","position":2,"name":"Shop","item":"https:\/\/shop.verlag.uni-potsdam.de\/en\/shop\/"},{"@type":"ListItem","position":3,"name":"Rekommunalisierung \u00f6ffentlicher Daseinsvorsorge"}]},{"@type":"WebSite","@id":"https:\/\/shop.verlag.uni-potsdam.de\/en\/#website","url":"https:\/\/shop.verlag.uni-potsdam.de\/en\/","name":"Universit\u00e4tsverlag Potsdam","description":"","publisher":{"@id":"https:\/\/shop.verlag.uni-potsdam.de\/en\/#organization"},"potentialAction":[{"@type":"SearchAction","target":{"@type":"EntryPoint","urlTemplate":"https:\/\/shop.verlag.uni-potsdam.de\/en\/?s={search_term_string}"},"query-input":{"@type":"PropertyValueSpecification","valueRequired":true,"valueName":"search_term_string"}}],"inLanguage":"en-US"},{"@type":"Organization","@id":"https:\/\/shop.verlag.uni-potsdam.de\/en\/#organization","name":"Universit\u00e4tsverlag Potsdam","url":"https:\/\/shop.verlag.uni-potsdam.de\/en\/","logo":{"@type":"ImageObject","inLanguage":"en-US","@id":"https:\/\/shop.verlag.uni-potsdam.de\/en\/#\/schema\/logo\/image\/","url":"https:\/\/shop.verlag.uni-potsdam.de\/wp-content\/uploads\/2017\/04\/up_logo_university_2.png","contentUrl":"https:\/\/shop.verlag.uni-potsdam.de\/wp-content\/uploads\/2017\/04\/up_logo_university_2.png","width":160,"height":172,"caption":"Universit\u00e4tsverlag Potsdam"},"image":{"@id":"https:\/\/shop.verlag.uni-potsdam.de\/en\/#\/schema\/logo\/image\/"}}]}},"_links":{"self":[{"href":"https:\/\/shop.verlag.uni-potsdam.de\/en\/wp-json\/wp\/v2\/product\/51699","targetHints":{"allow":["GET"]}}],"collection":[{"href":"https:\/\/shop.verlag.uni-potsdam.de\/en\/wp-json\/wp\/v2\/product"}],"about":[{"href":"https:\/\/shop.verlag.uni-potsdam.de\/en\/wp-json\/wp\/v2\/types\/product"}],"wp:featuredmedia":[{"embeddable":true,"href":"https:\/\/shop.verlag.uni-potsdam.de\/en\/wp-json\/wp\/v2\/media\/53980"}],"wp:attachment":[{"href":"https:\/\/shop.verlag.uni-potsdam.de\/en\/wp-json\/wp\/v2\/media?parent=51699"}],"wp:term":[{"taxonomy":"product_brand","embeddable":true,"href":"https:\/\/shop.verlag.uni-potsdam.de\/en\/wp-json\/wp\/v2\/product_brand?post=51699"},{"taxonomy":"product_cat","embeddable":true,"href":"https:\/\/shop.verlag.uni-potsdam.de\/en\/wp-json\/wp\/v2\/product_cat?post=51699"},{"taxonomy":"product_tag","embeddable":true,"href":"https:\/\/shop.verlag.uni-potsdam.de\/en\/wp-json\/wp\/v2\/product_tag?post=51699"}],"curies":[{"name":"wp","href":"https:\/\/api.w.org\/{rel}","templated":true}]}}