{"id":51700,"date":"2026-03-30T12:56:43","date_gmt":"2026-03-30T12:56:43","guid":{"rendered":"http:\/\/shop.verlag.uni-potsdam.de\/produkt\/kulturelle-mobilitaetsforschung\/"},"modified":"2026-03-30T16:57:43","modified_gmt":"2026-03-30T14:57:43","slug":"kulturelle-mobilitaetsforschung","status":"publish","type":"product","link":"https:\/\/shop.verlag.uni-potsdam.de\/en\/shop\/kulturelle-mobilitaetsforschung\/","title":{"rendered":"Kulturelle Mobilit\u00e4tsforschung"},"content":{"rendered":"<p class=\"qtranxs-available-languages-message qtranxs-available-languages-message-en\">Sorry, this entry is only available in <a href=\"https:\/\/shop.verlag.uni-potsdam.de\/de\/wp-json\/wp\/v2\/product\/51700\" class=\"qtranxs-available-language-link qtranxs-available-language-link-de\" title=\"Deutsch\">Deutsch<\/a>.<\/p><p>Mobilit\u00e4t ist eine der Schl\u00fcsselerfahrungen unserer Zeit. Sie scheint im Gefolge technisch-\u00f6konomischer und politisch-sozialer Ver\u00e4nderungen allumfassend geworden zu sein. Dabei ver\u00e4ndern die Erfahrungen, die Menschen in und mit Mobilit\u00e4t machen, auch die Funktion und den Stellenwert ihrer Kulturen. Durch die anhaltende Mobilit\u00e4t werden Kulturen aus ihren traditionellen nationalen Verankerungen gel\u00f6st (werden also selbst mobil), die mobiler gewordenen Menschen sind aber mehr als zuvor darauf angewiesen, zur Bew\u00e4ltigung ihrer Erfahrungen auf ihre kulturellen Ressourcen zur\u00fcckzugreifen (sie zu mobilisieren). Diese Ambivalenz von Kulturen in\/der Mobilit\u00e4t ist f\u00fcr die Beitr\u00e4ge des vorliegenden Bandes erkenntnisleitend. Im Kontext der zahlreichen Publikationen zu den Themen Globalisierung, Migration und Kultur stellt das Potsdamer Forschungsprojekt insofern eine Besonderheit dar, als es linguistische und literaturwissenschaftliche, historische und systematische, empirische und theoretische Zugriffsweisen auf innovative Weise verbindet. Das besondere des hier leitenden Ansatzes besteht darin, dass hier nicht einfach Kulturen als geschlossene Systeme vergleichend gegen\u00fcberstellt werden, sondern Formen und Szenarien der interkulturellen Begegnung im Mittelpunkt der Betrachtung stehen werden. Diese Szenarien sind von ihrem Wesen bzw. ihrer Verfasstheit solcherart, dass sie mit Bezug auf eine nationale Kultur nicht mehr angemessen zu beschreiben w\u00e4ren. Sie stellen vielmehr Momente des Aushandelns nicht konvertierbarer kultureller Andersartigkeit dar, die zur Reflexion und Vermittlung mit der Eigenkultur zwingen.<\/p>","protected":false},"excerpt":{"rendered":"<p class=\"qtranxs-available-languages-message qtranxs-available-languages-message-en\">Sorry, this entry is only available in <a href=\"https:\/\/shop.verlag.uni-potsdam.de\/de\/wp-json\/wp\/v2\/product\/51700\" class=\"qtranxs-available-language-link qtranxs-available-language-link-de\" title=\"Deutsch\">Deutsch<\/a>.<\/p>\n<p>Mobilit\u00e4t ist eine der Schl\u00fcsselerfahrungen unserer Zeit. Sie scheint im Gefolge technisch-\u00f6konomischer und politisch-sozialer Ver\u00e4nderungen allumfassend geworden zu sein. Dabei ver\u00e4ndern die Erfahrungen, die Menschen in und mit Mobilit\u00e4t machen, auch die Funktion und den Stellenwert ihrer Kulturen. Durch die anhaltende Mobilit\u00e4t werden Kulturen aus ihren traditionellen nationalen Verankerungen gel\u00f6st (werden also selbst mobil), die mobiler gewordenen Menschen sind aber mehr als zuvor darauf angewiesen, zur Bew\u00e4ltigung ihrer Erfahrungen auf ihre kulturellen Ressourcen zur\u00fcckzugreifen (sie zu mobilisieren). Diese Ambivalenz von Kulturen in\/der Mobilit\u00e4t ist f\u00fcr die Beitr\u00e4ge des vorliegenden Bandes erkenntnisleitend. Im Kontext der zahlreichen Publikationen zu den Themen Globalisierung, Migration und Kultur stellt das Potsdamer Forschungsprojekt insofern eine Besonderheit dar, als es linguistische und literaturwissenschaftliche, historische und systematische, empirische und theoretische Zugriffsweisen auf innovative Weise verbindet. Das besondere des hier leitenden Ansatzes besteht darin, dass hier nicht einfach Kulturen als geschlossene Systeme vergleichend gegen\u00fcberstellt werden, sondern Formen und Szenarien der interkulturellen Begegnung im Mittelpunkt der Betrachtung stehen werden. Diese Szenarien sind von ihrem Wesen bzw. ihrer Verfasstheit solcherart, dass sie mit Bezug auf eine nationale Kultur nicht mehr angemessen zu beschreiben w\u00e4ren. Sie stellen vielmehr Momente des Aushandelns nicht konvertierbarer kultureller Andersartigkeit dar, die zur Reflexion und Vermittlung mit der Eigenkultur zwingen.<\/p>\n","protected":false},"featured_media":53973,"template":"","meta":{"_acf_changed":false},"product_brand":[],"product_cat":[6229],"product_tag":[5692],"class_list":{"0":"post-51700","1":"product","2":"type-product","3":"status-publish","4":"has-post-thumbnail","6":"product_cat-sprachwissenschaft-literaturwissenschaft-web-kategorie","7":"product_tag-film-literatur-migration-mobilitaet","8":"autor-norbert-franz","9":"autor-ruediger-kunow","11":"first","12":"instock","13":"shipping-taxable","14":"purchasable","15":"product-type-simple"},"acf":[],"yoast_head":"<!-- This site is optimized with the Yoast SEO plugin v27.1.1 - https:\/\/yoast.com\/product\/yoast-seo-wordpress\/ -->\n<title>Kulturelle Mobilit\u00e4tsforschung - Universit\u00e4tsverlag Potsdam<\/title>\n<meta name=\"robots\" content=\"index, follow, max-snippet:-1, max-image-preview:large, max-video-preview:-1\" \/>\n<link rel=\"canonical\" href=\"https:\/\/shop.verlag.uni-potsdam.de\/en\/shop\/kulturelle-mobilitaetsforschung\/\" \/>\n<meta property=\"og:locale\" content=\"en_US\" \/>\n<meta property=\"og:type\" content=\"article\" \/>\n<meta property=\"og:title\" content=\"Kulturelle Mobilit\u00e4tsforschung - Universit\u00e4tsverlag Potsdam\" \/>\n<meta property=\"og:description\" content=\"Mobilit\u00e4t ist eine der Schl\u00fcsselerfahrungen unserer Zeit. Sie scheint im Gefolge technisch-\u00f6konomischer und politisch-sozialer Ver\u00e4nderungen allumfassend geworden zu sein. Dabei ver\u00e4ndern die Erfahrungen, die Menschen in und mit Mobilit\u00e4t machen, auch die Funktion und den Stellenwert ihrer Kulturen. Durch die anhaltende Mobilit\u00e4t werden Kulturen aus ihren traditionellen nationalen Verankerungen gel\u00f6st (werden also selbst mobil), die mobiler gewordenen Menschen sind aber mehr als zuvor darauf angewiesen, zur Bew\u00e4ltigung ihrer Erfahrungen auf ihre kulturellen Ressourcen zur\u00fcckzugreifen (sie zu mobilisieren). Diese Ambivalenz von Kulturen in\/der Mobilit\u00e4t ist f\u00fcr die Beitr\u00e4ge des vorliegenden Bandes erkenntnisleitend. Im Kontext der zahlreichen Publikationen zu den Themen Globalisierung, Migration und Kultur stellt das Potsdamer Forschungsprojekt insofern eine Besonderheit dar, als es linguistische und literaturwissenschaftliche, historische und systematische, empirische und theoretische Zugriffsweisen auf innovative Weise verbindet. Das besondere des hier leitenden Ansatzes besteht darin, dass hier nicht einfach Kulturen als geschlossene Systeme vergleichend gegen\u00fcberstellt werden, sondern Formen und Szenarien der interkulturellen Begegnung im Mittelpunkt der Betrachtung stehen werden. Diese Szenarien sind von ihrem Wesen bzw. ihrer Verfasstheit solcherart, dass sie mit Bezug auf eine nationale Kultur nicht mehr angemessen zu beschreiben w\u00e4ren. Sie stellen vielmehr Momente des Aushandelns nicht konvertierbarer kultureller Andersartigkeit dar, die zur Reflexion und Vermittlung mit der Eigenkultur zwingen.\" \/>\n<meta property=\"og:url\" content=\"https:\/\/shop.verlag.uni-potsdam.de\/en\/shop\/kulturelle-mobilitaetsforschung\/\" \/>\n<meta property=\"og:site_name\" content=\"Universit\u00e4tsverlag Potsdam\" \/>\n<meta property=\"article:modified_time\" content=\"2026-03-30T14:57:43+00:00\" \/>\n<meta property=\"og:image\" content=\"https:\/\/shop.verlag.uni-potsdam.de\/wp-content\/uploads\/asolmerce\/image-9783869560908.jpg\" \/>\n\t<meta property=\"og:image:width\" content=\"452\" \/>\n\t<meta property=\"og:image:height\" content=\"640\" \/>\n\t<meta property=\"og:image:type\" content=\"image\/jpeg\" \/>\n<meta name=\"twitter:card\" content=\"summary_large_image\" \/>\n<meta name=\"twitter:label1\" content=\"Est. reading time\" \/>\n\t<meta name=\"twitter:data1\" content=\"1 minute\" \/>\n<script type=\"application\/ld+json\" class=\"yoast-schema-graph\">{\"@context\":\"https:\/\/schema.org\",\"@graph\":[{\"@type\":\"WebPage\",\"@id\":\"https:\/\/shop.verlag.uni-potsdam.de\/en\/shop\/kulturelle-mobilitaetsforschung\/\",\"url\":\"https:\/\/shop.verlag.uni-potsdam.de\/en\/shop\/kulturelle-mobilitaetsforschung\/\",\"name\":\"Kulturelle Mobilit\u00e4tsforschung - Universit\u00e4tsverlag Potsdam\",\"isPartOf\":{\"@id\":\"https:\/\/shop.verlag.uni-potsdam.de\/en\/#website\"},\"primaryImageOfPage\":{\"@id\":\"https:\/\/shop.verlag.uni-potsdam.de\/en\/shop\/kulturelle-mobilitaetsforschung\/#primaryimage\"},\"image\":{\"@id\":\"https:\/\/shop.verlag.uni-potsdam.de\/shop\/kulturelle-mobilitaetsforschung\/#primaryimage\"},\"thumbnailUrl\":\"https:\/\/shop.verlag.uni-potsdam.de\/wp-content\/uploads\/asolmerce\/image-9783869560908.jpg\",\"datePublished\":\"2026-03-30T12:56:43+00:00\",\"dateModified\":\"2026-03-30T14:57:43+00:00\",\"breadcrumb\":{\"@id\":\"https:\/\/shop.verlag.uni-potsdam.de\/en\/shop\/kulturelle-mobilitaetsforschung\/#breadcrumb\"},\"inLanguage\":\"en-US\",\"potentialAction\":[{\"@type\":\"ReadAction\",\"target\":[[\"https:\/\/shop.verlag.uni-potsdam.de\/en\/shop\/kulturelle-mobilitaetsforschung\/\"]]}]},{\"@type\":\"ImageObject\",\"inLanguage\":\"en-US\",\"@id\":\"https:\/\/shop.verlag.uni-potsdam.de\/en\/shop\/kulturelle-mobilitaetsforschung\/#primaryimage\",\"url\":\"https:\/\/shop.verlag.uni-potsdam.de\/wp-content\/uploads\/asolmerce\/image-9783869560908.jpg\",\"contentUrl\":\"https:\/\/shop.verlag.uni-potsdam.de\/wp-content\/uploads\/asolmerce\/image-9783869560908.jpg\",\"width\":452,\"height\":640},{\"@type\":\"BreadcrumbList\",\"@id\":\"https:\/\/shop.verlag.uni-potsdam.de\/en\/shop\/kulturelle-mobilitaetsforschung\/#breadcrumb\",\"itemListElement\":[{\"@type\":\"ListItem\",\"position\":1,\"name\":\"Startseite\",\"item\":\"https:\/\/shop.verlag.uni-potsdam.de\/en\/\"},{\"@type\":\"ListItem\",\"position\":2,\"name\":\"Shop\",\"item\":\"https:\/\/shop.verlag.uni-potsdam.de\/en\/shop\/\"},{\"@type\":\"ListItem\",\"position\":3,\"name\":\"Kulturelle Mobilit\u00e4tsforschung\"}]},{\"@type\":\"WebSite\",\"@id\":\"https:\/\/shop.verlag.uni-potsdam.de\/en\/#website\",\"url\":\"https:\/\/shop.verlag.uni-potsdam.de\/en\/\",\"name\":\"Universit\u00e4tsverlag Potsdam\",\"description\":\"\",\"publisher\":{\"@id\":\"https:\/\/shop.verlag.uni-potsdam.de\/en\/#organization\"},\"potentialAction\":[{\"@type\":\"SearchAction\",\"target\":{\"@type\":\"EntryPoint\",\"urlTemplate\":\"https:\/\/shop.verlag.uni-potsdam.de\/en\/?s={search_term_string}\"},\"query-input\":{\"@type\":\"PropertyValueSpecification\",\"valueRequired\":true,\"valueName\":\"search_term_string\"}}],\"inLanguage\":\"en-US\"},{\"@type\":\"Organization\",\"@id\":\"https:\/\/shop.verlag.uni-potsdam.de\/en\/#organization\",\"name\":\"Universit\u00e4tsverlag Potsdam\",\"url\":\"https:\/\/shop.verlag.uni-potsdam.de\/en\/\",\"logo\":{\"@type\":\"ImageObject\",\"inLanguage\":\"en-US\",\"@id\":\"https:\/\/shop.verlag.uni-potsdam.de\/en\/#\/schema\/logo\/image\/\",\"url\":\"https:\/\/shop.verlag.uni-potsdam.de\/wp-content\/uploads\/2017\/04\/up_logo_university_2.png\",\"contentUrl\":\"https:\/\/shop.verlag.uni-potsdam.de\/wp-content\/uploads\/2017\/04\/up_logo_university_2.png\",\"width\":160,\"height\":172,\"caption\":\"Universit\u00e4tsverlag Potsdam\"},\"image\":{\"@id\":\"https:\/\/shop.verlag.uni-potsdam.de\/en\/#\/schema\/logo\/image\/\"}}]}<\/script>\n<!-- \/ Yoast SEO plugin. -->","yoast_head_json":{"title":"Kulturelle Mobilit\u00e4tsforschung - Universit\u00e4tsverlag Potsdam","robots":{"index":"index","follow":"follow","max-snippet":"max-snippet:-1","max-image-preview":"max-image-preview:large","max-video-preview":"max-video-preview:-1"},"canonical":"https:\/\/shop.verlag.uni-potsdam.de\/en\/shop\/kulturelle-mobilitaetsforschung\/","og_locale":"en_US","og_type":"article","og_title":"Kulturelle Mobilit\u00e4tsforschung - Universit\u00e4tsverlag Potsdam","og_description":"Mobilit\u00e4t ist eine der Schl\u00fcsselerfahrungen unserer Zeit. Sie scheint im Gefolge technisch-\u00f6konomischer und politisch-sozialer Ver\u00e4nderungen allumfassend geworden zu sein. Dabei ver\u00e4ndern die Erfahrungen, die Menschen in und mit Mobilit\u00e4t machen, auch die Funktion und den Stellenwert ihrer Kulturen. Durch die anhaltende Mobilit\u00e4t werden Kulturen aus ihren traditionellen nationalen Verankerungen gel\u00f6st (werden also selbst mobil), die mobiler gewordenen Menschen sind aber mehr als zuvor darauf angewiesen, zur Bew\u00e4ltigung ihrer Erfahrungen auf ihre kulturellen Ressourcen zur\u00fcckzugreifen (sie zu mobilisieren). Diese Ambivalenz von Kulturen in\/der Mobilit\u00e4t ist f\u00fcr die Beitr\u00e4ge des vorliegenden Bandes erkenntnisleitend. Im Kontext der zahlreichen Publikationen zu den Themen Globalisierung, Migration und Kultur stellt das Potsdamer Forschungsprojekt insofern eine Besonderheit dar, als es linguistische und literaturwissenschaftliche, historische und systematische, empirische und theoretische Zugriffsweisen auf innovative Weise verbindet. Das besondere des hier leitenden Ansatzes besteht darin, dass hier nicht einfach Kulturen als geschlossene Systeme vergleichend gegen\u00fcberstellt werden, sondern Formen und Szenarien der interkulturellen Begegnung im Mittelpunkt der Betrachtung stehen werden. Diese Szenarien sind von ihrem Wesen bzw. ihrer Verfasstheit solcherart, dass sie mit Bezug auf eine nationale Kultur nicht mehr angemessen zu beschreiben w\u00e4ren. Sie stellen vielmehr Momente des Aushandelns nicht konvertierbarer kultureller Andersartigkeit dar, die zur Reflexion und Vermittlung mit der Eigenkultur zwingen.","og_url":"https:\/\/shop.verlag.uni-potsdam.de\/en\/shop\/kulturelle-mobilitaetsforschung\/","og_site_name":"Universit\u00e4tsverlag Potsdam","article_modified_time":"2026-03-30T14:57:43+00:00","og_image":[{"width":452,"height":640,"url":"https:\/\/shop.verlag.uni-potsdam.de\/wp-content\/uploads\/asolmerce\/image-9783869560908.jpg","type":"image\/jpeg"}],"twitter_card":"summary_large_image","twitter_misc":{"Est. reading time":"1 minute"},"schema":{"@context":"https:\/\/schema.org","@graph":[{"@type":"WebPage","@id":"https:\/\/shop.verlag.uni-potsdam.de\/en\/shop\/kulturelle-mobilitaetsforschung\/","url":"https:\/\/shop.verlag.uni-potsdam.de\/en\/shop\/kulturelle-mobilitaetsforschung\/","name":"Kulturelle Mobilit\u00e4tsforschung - Universit\u00e4tsverlag Potsdam","isPartOf":{"@id":"https:\/\/shop.verlag.uni-potsdam.de\/en\/#website"},"primaryImageOfPage":{"@id":"https:\/\/shop.verlag.uni-potsdam.de\/en\/shop\/kulturelle-mobilitaetsforschung\/#primaryimage"},"image":{"@id":"https:\/\/shop.verlag.uni-potsdam.de\/shop\/kulturelle-mobilitaetsforschung\/#primaryimage"},"thumbnailUrl":"https:\/\/shop.verlag.uni-potsdam.de\/wp-content\/uploads\/asolmerce\/image-9783869560908.jpg","datePublished":"2026-03-30T12:56:43+00:00","dateModified":"2026-03-30T14:57:43+00:00","breadcrumb":{"@id":"https:\/\/shop.verlag.uni-potsdam.de\/en\/shop\/kulturelle-mobilitaetsforschung\/#breadcrumb"},"inLanguage":"en-US","potentialAction":[{"@type":"ReadAction","target":[["https:\/\/shop.verlag.uni-potsdam.de\/en\/shop\/kulturelle-mobilitaetsforschung\/"]]}]},{"@type":"ImageObject","inLanguage":"en-US","@id":"https:\/\/shop.verlag.uni-potsdam.de\/en\/shop\/kulturelle-mobilitaetsforschung\/#primaryimage","url":"https:\/\/shop.verlag.uni-potsdam.de\/wp-content\/uploads\/asolmerce\/image-9783869560908.jpg","contentUrl":"https:\/\/shop.verlag.uni-potsdam.de\/wp-content\/uploads\/asolmerce\/image-9783869560908.jpg","width":452,"height":640},{"@type":"BreadcrumbList","@id":"https:\/\/shop.verlag.uni-potsdam.de\/en\/shop\/kulturelle-mobilitaetsforschung\/#breadcrumb","itemListElement":[{"@type":"ListItem","position":1,"name":"Startseite","item":"https:\/\/shop.verlag.uni-potsdam.de\/en\/"},{"@type":"ListItem","position":2,"name":"Shop","item":"https:\/\/shop.verlag.uni-potsdam.de\/en\/shop\/"},{"@type":"ListItem","position":3,"name":"Kulturelle Mobilit\u00e4tsforschung"}]},{"@type":"WebSite","@id":"https:\/\/shop.verlag.uni-potsdam.de\/en\/#website","url":"https:\/\/shop.verlag.uni-potsdam.de\/en\/","name":"Universit\u00e4tsverlag Potsdam","description":"","publisher":{"@id":"https:\/\/shop.verlag.uni-potsdam.de\/en\/#organization"},"potentialAction":[{"@type":"SearchAction","target":{"@type":"EntryPoint","urlTemplate":"https:\/\/shop.verlag.uni-potsdam.de\/en\/?s={search_term_string}"},"query-input":{"@type":"PropertyValueSpecification","valueRequired":true,"valueName":"search_term_string"}}],"inLanguage":"en-US"},{"@type":"Organization","@id":"https:\/\/shop.verlag.uni-potsdam.de\/en\/#organization","name":"Universit\u00e4tsverlag Potsdam","url":"https:\/\/shop.verlag.uni-potsdam.de\/en\/","logo":{"@type":"ImageObject","inLanguage":"en-US","@id":"https:\/\/shop.verlag.uni-potsdam.de\/en\/#\/schema\/logo\/image\/","url":"https:\/\/shop.verlag.uni-potsdam.de\/wp-content\/uploads\/2017\/04\/up_logo_university_2.png","contentUrl":"https:\/\/shop.verlag.uni-potsdam.de\/wp-content\/uploads\/2017\/04\/up_logo_university_2.png","width":160,"height":172,"caption":"Universit\u00e4tsverlag Potsdam"},"image":{"@id":"https:\/\/shop.verlag.uni-potsdam.de\/en\/#\/schema\/logo\/image\/"}}]}},"_links":{"self":[{"href":"https:\/\/shop.verlag.uni-potsdam.de\/en\/wp-json\/wp\/v2\/product\/51700","targetHints":{"allow":["GET"]}}],"collection":[{"href":"https:\/\/shop.verlag.uni-potsdam.de\/en\/wp-json\/wp\/v2\/product"}],"about":[{"href":"https:\/\/shop.verlag.uni-potsdam.de\/en\/wp-json\/wp\/v2\/types\/product"}],"wp:featuredmedia":[{"embeddable":true,"href":"https:\/\/shop.verlag.uni-potsdam.de\/en\/wp-json\/wp\/v2\/media\/53973"}],"wp:attachment":[{"href":"https:\/\/shop.verlag.uni-potsdam.de\/en\/wp-json\/wp\/v2\/media?parent=51700"}],"wp:term":[{"taxonomy":"product_brand","embeddable":true,"href":"https:\/\/shop.verlag.uni-potsdam.de\/en\/wp-json\/wp\/v2\/product_brand?post=51700"},{"taxonomy":"product_cat","embeddable":true,"href":"https:\/\/shop.verlag.uni-potsdam.de\/en\/wp-json\/wp\/v2\/product_cat?post=51700"},{"taxonomy":"product_tag","embeddable":true,"href":"https:\/\/shop.verlag.uni-potsdam.de\/en\/wp-json\/wp\/v2\/product_tag?post=51700"}],"curies":[{"name":"wp","href":"https:\/\/api.w.org\/{rel}","templated":true}]}}