{"id":51716,"date":"2026-03-31T09:39:09","date_gmt":"2026-03-31T09:39:09","guid":{"rendered":"http:\/\/shop.verlag.uni-potsdam.de\/produkt\/die-stadtverordnetenversammlung-von-potsdam-im-wandel-der-zeit\/"},"modified":"2026-03-31T13:40:09","modified_gmt":"2026-03-31T11:40:09","slug":"die-stadtverordnetenversammlung-von-potsdam-im-wandel-der-zeit","status":"publish","type":"product","link":"https:\/\/shop.verlag.uni-potsdam.de\/en\/shop\/die-stadtverordnetenversammlung-von-potsdam-im-wandel-der-zeit\/","title":{"rendered":"Die Stadtverordnetenversammlung von Potsdam im Wandel der Zeit"},"content":{"rendered":"<p class=\"qtranxs-available-languages-message qtranxs-available-languages-message-en\">Sorry, this entry is only available in <a href=\"https:\/\/shop.verlag.uni-potsdam.de\/de\/wp-json\/wp\/v2\/product\/51716\" class=\"qtranxs-available-language-link qtranxs-available-language-link-de\" title=\"Deutsch\">Deutsch<\/a>.<\/p><p>Die Einf\u00fchrung der St\u00e4dteordnung 1808 wird den preu\u00dfischen Reformern unter Stein und Hardenberg als wichtiger Schritt zur st\u00e4dtischen Selbstverwaltung zugerechnet. Die Bedeutung der St\u00e4dteordnung ist in der Wissenschaft und Praxis unbestritten. Sie gilt als die erste Konstituierung des modernen Gemeindeverfassungsrechts. Mit der Schaffung der Stadtverordnetenversammlung und der damit verbundenen Einf\u00fchrung des freien Mandats der Mitglieder trug sie die Merkmale des ersten modernen \u201eParlaments\u201c in Deutschland. Die Stein\u2019sche St\u00e4dteordnung gew\u00e4hrte der Stadtverordnetenversammlung ein hohes Ma\u00df an Autonomie, insbesondere Budget- und Steuerbewilligungsrecht, ohne an staatliche Gesetzesnormen gebunden zu sein. Auch in Potsdam wurde im Zuge der preu\u00dfischen Reformen im M\u00e4rz 1809 erstmals eine Stadtverordnetenversammlung gew\u00e4hlt. Das 200j\u00e4hrige Jubil\u00e4um war f\u00fcr Wissenschaftler und Experten aus Politik und Verwaltung Anlass, verfassungsrechtliche Grundlagen, Entscheidungskompetenzen, Aufgaben und Strategien der Stadtverordnetenversammlung im Wandel der Zeit zu diskutieren.<\/p>","protected":false},"excerpt":{"rendered":"<p class=\"qtranxs-available-languages-message qtranxs-available-languages-message-en\">Sorry, this entry is only available in <a href=\"https:\/\/shop.verlag.uni-potsdam.de\/de\/wp-json\/wp\/v2\/product\/51716\" class=\"qtranxs-available-language-link qtranxs-available-language-link-de\" title=\"Deutsch\">Deutsch<\/a>.<\/p>\n<p>Die Einf\u00fchrung der St\u00e4dteordnung 1808 wird den preu\u00dfischen Reformern unter Stein und Hardenberg als wichtiger Schritt zur st\u00e4dtischen Selbstverwaltung zugerechnet. Die Bedeutung der St\u00e4dteordnung ist in der Wissenschaft und Praxis unbestritten. Sie gilt als die erste Konstituierung des modernen Gemeindeverfassungsrechts. Mit der Schaffung der Stadtverordnetenversammlung und der damit verbundenen Einf\u00fchrung des freien Mandats der Mitglieder trug sie die Merkmale des ersten modernen \u201eParlaments\u201c in Deutschland. Die Stein\u2019sche St\u00e4dteordnung gew\u00e4hrte der Stadtverordnetenversammlung ein hohes Ma\u00df an Autonomie, insbesondere Budget- und Steuerbewilligungsrecht, ohne an staatliche Gesetzesnormen gebunden zu sein. Auch in Potsdam wurde im Zuge der preu\u00dfischen Reformen im M\u00e4rz 1809 erstmals eine Stadtverordnetenversammlung gew\u00e4hlt. Das 200j\u00e4hrige Jubil\u00e4um war f\u00fcr Wissenschaftler und Experten aus Politik und Verwaltung Anlass, verfassungsrechtliche Grundlagen, Entscheidungskompetenzen, Aufgaben und Strategien der Stadtverordnetenversammlung im Wandel der Zeit zu diskutieren.<\/p>\n","protected":false},"featured_media":53931,"template":"","meta":{"_acf_changed":false},"product_brand":[],"product_cat":[6223],"product_tag":[5816],"class_list":{"0":"post-51716","1":"product","2":"type-product","3":"status-publish","4":"has-post-thumbnail","6":"product_cat-politikwissenschaft-web-kategorie","7":"product_tag-buergerbeteiligung-grundlagen-der-selbstverwaltung-potsdamer-stadtgeschichte-stadtverordnetenversammlung-steinsche-staedteordnung","8":"autor-andreas-musil","9":"autor-christiane-buechner","11":"first","12":"instock","13":"shipping-taxable","14":"purchasable","15":"product-type-simple"},"acf":[],"yoast_head":"<!-- This site is optimized with the Yoast SEO plugin v27.1.1 - https:\/\/yoast.com\/product\/yoast-seo-wordpress\/ -->\n<title>Die Stadtverordnetenversammlung von Potsdam im Wandel der Zeit - Universit\u00e4tsverlag Potsdam<\/title>\n<meta name=\"robots\" content=\"index, follow, max-snippet:-1, max-image-preview:large, max-video-preview:-1\" \/>\n<link rel=\"canonical\" href=\"https:\/\/shop.verlag.uni-potsdam.de\/en\/shop\/die-stadtverordnetenversammlung-von-potsdam-im-wandel-der-zeit\/\" \/>\n<meta property=\"og:locale\" content=\"en_US\" \/>\n<meta property=\"og:type\" content=\"article\" \/>\n<meta property=\"og:title\" content=\"Die Stadtverordnetenversammlung von Potsdam im Wandel der Zeit - Universit\u00e4tsverlag Potsdam\" \/>\n<meta property=\"og:description\" content=\"Die Einf\u00fchrung der St\u00e4dteordnung 1808 wird den preu\u00dfischen Reformern unter Stein und Hardenberg als wichtiger Schritt zur st\u00e4dtischen Selbstverwaltung zugerechnet. Die Bedeutung der St\u00e4dteordnung ist in der Wissenschaft und Praxis unbestritten. Sie gilt als die erste Konstituierung des modernen Gemeindeverfassungsrechts. Mit der Schaffung der Stadtverordnetenversammlung und der damit verbundenen Einf\u00fchrung des freien Mandats der Mitglieder trug sie die Merkmale des ersten modernen \u201eParlaments\u201c in Deutschland. Die Stein\u2019sche St\u00e4dteordnung gew\u00e4hrte der Stadtverordnetenversammlung ein hohes Ma\u00df an Autonomie, insbesondere Budget- und Steuerbewilligungsrecht, ohne an staatliche Gesetzesnormen gebunden zu sein. Auch in Potsdam wurde im Zuge der preu\u00dfischen Reformen im M\u00e4rz 1809 erstmals eine Stadtverordnetenversammlung gew\u00e4hlt. Das 200j\u00e4hrige Jubil\u00e4um war f\u00fcr Wissenschaftler und Experten aus Politik und Verwaltung Anlass, verfassungsrechtliche Grundlagen, Entscheidungskompetenzen, Aufgaben und Strategien der Stadtverordnetenversammlung im Wandel der Zeit zu diskutieren.\" \/>\n<meta property=\"og:url\" content=\"https:\/\/shop.verlag.uni-potsdam.de\/en\/shop\/die-stadtverordnetenversammlung-von-potsdam-im-wandel-der-zeit\/\" \/>\n<meta property=\"og:site_name\" content=\"Universit\u00e4tsverlag Potsdam\" \/>\n<meta property=\"article:modified_time\" content=\"2026-03-31T11:40:09+00:00\" \/>\n<meta property=\"og:image\" content=\"https:\/\/shop.verlag.uni-potsdam.de\/wp-content\/uploads\/asolmerce\/image-9783869561189.jpg\" \/>\n\t<meta property=\"og:image:width\" content=\"452\" \/>\n\t<meta property=\"og:image:height\" content=\"640\" \/>\n\t<meta property=\"og:image:type\" content=\"image\/jpeg\" \/>\n<meta name=\"twitter:card\" content=\"summary_large_image\" \/>\n<meta name=\"twitter:label1\" content=\"Est. reading time\" \/>\n\t<meta name=\"twitter:data1\" content=\"1 minute\" \/>\n<script type=\"application\/ld+json\" class=\"yoast-schema-graph\">{\"@context\":\"https:\/\/schema.org\",\"@graph\":[{\"@type\":\"WebPage\",\"@id\":\"https:\/\/shop.verlag.uni-potsdam.de\/en\/shop\/die-stadtverordnetenversammlung-von-potsdam-im-wandel-der-zeit\/\",\"url\":\"https:\/\/shop.verlag.uni-potsdam.de\/en\/shop\/die-stadtverordnetenversammlung-von-potsdam-im-wandel-der-zeit\/\",\"name\":\"Die Stadtverordnetenversammlung von Potsdam im Wandel der Zeit - Universit\u00e4tsverlag Potsdam\",\"isPartOf\":{\"@id\":\"https:\/\/shop.verlag.uni-potsdam.de\/en\/#website\"},\"primaryImageOfPage\":{\"@id\":\"https:\/\/shop.verlag.uni-potsdam.de\/en\/shop\/die-stadtverordnetenversammlung-von-potsdam-im-wandel-der-zeit\/#primaryimage\"},\"image\":{\"@id\":\"https:\/\/shop.verlag.uni-potsdam.de\/shop\/die-stadtverordnetenversammlung-von-potsdam-im-wandel-der-zeit\/#primaryimage\"},\"thumbnailUrl\":\"https:\/\/shop.verlag.uni-potsdam.de\/wp-content\/uploads\/asolmerce\/image-9783869561189.jpg\",\"datePublished\":\"2026-03-31T09:39:09+00:00\",\"dateModified\":\"2026-03-31T11:40:09+00:00\",\"breadcrumb\":{\"@id\":\"https:\/\/shop.verlag.uni-potsdam.de\/en\/shop\/die-stadtverordnetenversammlung-von-potsdam-im-wandel-der-zeit\/#breadcrumb\"},\"inLanguage\":\"en-US\",\"potentialAction\":[{\"@type\":\"ReadAction\",\"target\":[[\"https:\/\/shop.verlag.uni-potsdam.de\/en\/shop\/die-stadtverordnetenversammlung-von-potsdam-im-wandel-der-zeit\/\"]]}]},{\"@type\":\"ImageObject\",\"inLanguage\":\"en-US\",\"@id\":\"https:\/\/shop.verlag.uni-potsdam.de\/en\/shop\/die-stadtverordnetenversammlung-von-potsdam-im-wandel-der-zeit\/#primaryimage\",\"url\":\"https:\/\/shop.verlag.uni-potsdam.de\/wp-content\/uploads\/asolmerce\/image-9783869561189.jpg\",\"contentUrl\":\"https:\/\/shop.verlag.uni-potsdam.de\/wp-content\/uploads\/asolmerce\/image-9783869561189.jpg\",\"width\":452,\"height\":640},{\"@type\":\"BreadcrumbList\",\"@id\":\"https:\/\/shop.verlag.uni-potsdam.de\/en\/shop\/die-stadtverordnetenversammlung-von-potsdam-im-wandel-der-zeit\/#breadcrumb\",\"itemListElement\":[{\"@type\":\"ListItem\",\"position\":1,\"name\":\"Startseite\",\"item\":\"https:\/\/shop.verlag.uni-potsdam.de\/en\/\"},{\"@type\":\"ListItem\",\"position\":2,\"name\":\"Shop\",\"item\":\"https:\/\/shop.verlag.uni-potsdam.de\/en\/shop\/\"},{\"@type\":\"ListItem\",\"position\":3,\"name\":\"Die Stadtverordnetenversammlung von Potsdam im Wandel der Zeit\"}]},{\"@type\":\"WebSite\",\"@id\":\"https:\/\/shop.verlag.uni-potsdam.de\/en\/#website\",\"url\":\"https:\/\/shop.verlag.uni-potsdam.de\/en\/\",\"name\":\"Universit\u00e4tsverlag Potsdam\",\"description\":\"\",\"publisher\":{\"@id\":\"https:\/\/shop.verlag.uni-potsdam.de\/en\/#organization\"},\"potentialAction\":[{\"@type\":\"SearchAction\",\"target\":{\"@type\":\"EntryPoint\",\"urlTemplate\":\"https:\/\/shop.verlag.uni-potsdam.de\/en\/?s={search_term_string}\"},\"query-input\":{\"@type\":\"PropertyValueSpecification\",\"valueRequired\":true,\"valueName\":\"search_term_string\"}}],\"inLanguage\":\"en-US\"},{\"@type\":\"Organization\",\"@id\":\"https:\/\/shop.verlag.uni-potsdam.de\/en\/#organization\",\"name\":\"Universit\u00e4tsverlag Potsdam\",\"url\":\"https:\/\/shop.verlag.uni-potsdam.de\/en\/\",\"logo\":{\"@type\":\"ImageObject\",\"inLanguage\":\"en-US\",\"@id\":\"https:\/\/shop.verlag.uni-potsdam.de\/en\/#\/schema\/logo\/image\/\",\"url\":\"https:\/\/shop.verlag.uni-potsdam.de\/wp-content\/uploads\/2017\/04\/up_logo_university_2.png\",\"contentUrl\":\"https:\/\/shop.verlag.uni-potsdam.de\/wp-content\/uploads\/2017\/04\/up_logo_university_2.png\",\"width\":160,\"height\":172,\"caption\":\"Universit\u00e4tsverlag Potsdam\"},\"image\":{\"@id\":\"https:\/\/shop.verlag.uni-potsdam.de\/en\/#\/schema\/logo\/image\/\"}}]}<\/script>\n<!-- \/ Yoast SEO plugin. -->","yoast_head_json":{"title":"Die Stadtverordnetenversammlung von Potsdam im Wandel der Zeit - Universit\u00e4tsverlag Potsdam","robots":{"index":"index","follow":"follow","max-snippet":"max-snippet:-1","max-image-preview":"max-image-preview:large","max-video-preview":"max-video-preview:-1"},"canonical":"https:\/\/shop.verlag.uni-potsdam.de\/en\/shop\/die-stadtverordnetenversammlung-von-potsdam-im-wandel-der-zeit\/","og_locale":"en_US","og_type":"article","og_title":"Die Stadtverordnetenversammlung von Potsdam im Wandel der Zeit - Universit\u00e4tsverlag Potsdam","og_description":"Die Einf\u00fchrung der St\u00e4dteordnung 1808 wird den preu\u00dfischen Reformern unter Stein und Hardenberg als wichtiger Schritt zur st\u00e4dtischen Selbstverwaltung zugerechnet. Die Bedeutung der St\u00e4dteordnung ist in der Wissenschaft und Praxis unbestritten. Sie gilt als die erste Konstituierung des modernen Gemeindeverfassungsrechts. Mit der Schaffung der Stadtverordnetenversammlung und der damit verbundenen Einf\u00fchrung des freien Mandats der Mitglieder trug sie die Merkmale des ersten modernen \u201eParlaments\u201c in Deutschland. Die Stein\u2019sche St\u00e4dteordnung gew\u00e4hrte der Stadtverordnetenversammlung ein hohes Ma\u00df an Autonomie, insbesondere Budget- und Steuerbewilligungsrecht, ohne an staatliche Gesetzesnormen gebunden zu sein. Auch in Potsdam wurde im Zuge der preu\u00dfischen Reformen im M\u00e4rz 1809 erstmals eine Stadtverordnetenversammlung gew\u00e4hlt. Das 200j\u00e4hrige Jubil\u00e4um war f\u00fcr Wissenschaftler und Experten aus Politik und Verwaltung Anlass, verfassungsrechtliche Grundlagen, Entscheidungskompetenzen, Aufgaben und Strategien der Stadtverordnetenversammlung im Wandel der Zeit zu diskutieren.","og_url":"https:\/\/shop.verlag.uni-potsdam.de\/en\/shop\/die-stadtverordnetenversammlung-von-potsdam-im-wandel-der-zeit\/","og_site_name":"Universit\u00e4tsverlag Potsdam","article_modified_time":"2026-03-31T11:40:09+00:00","og_image":[{"width":452,"height":640,"url":"https:\/\/shop.verlag.uni-potsdam.de\/wp-content\/uploads\/asolmerce\/image-9783869561189.jpg","type":"image\/jpeg"}],"twitter_card":"summary_large_image","twitter_misc":{"Est. reading time":"1 minute"},"schema":{"@context":"https:\/\/schema.org","@graph":[{"@type":"WebPage","@id":"https:\/\/shop.verlag.uni-potsdam.de\/en\/shop\/die-stadtverordnetenversammlung-von-potsdam-im-wandel-der-zeit\/","url":"https:\/\/shop.verlag.uni-potsdam.de\/en\/shop\/die-stadtverordnetenversammlung-von-potsdam-im-wandel-der-zeit\/","name":"Die Stadtverordnetenversammlung von Potsdam im Wandel der Zeit - Universit\u00e4tsverlag Potsdam","isPartOf":{"@id":"https:\/\/shop.verlag.uni-potsdam.de\/en\/#website"},"primaryImageOfPage":{"@id":"https:\/\/shop.verlag.uni-potsdam.de\/en\/shop\/die-stadtverordnetenversammlung-von-potsdam-im-wandel-der-zeit\/#primaryimage"},"image":{"@id":"https:\/\/shop.verlag.uni-potsdam.de\/shop\/die-stadtverordnetenversammlung-von-potsdam-im-wandel-der-zeit\/#primaryimage"},"thumbnailUrl":"https:\/\/shop.verlag.uni-potsdam.de\/wp-content\/uploads\/asolmerce\/image-9783869561189.jpg","datePublished":"2026-03-31T09:39:09+00:00","dateModified":"2026-03-31T11:40:09+00:00","breadcrumb":{"@id":"https:\/\/shop.verlag.uni-potsdam.de\/en\/shop\/die-stadtverordnetenversammlung-von-potsdam-im-wandel-der-zeit\/#breadcrumb"},"inLanguage":"en-US","potentialAction":[{"@type":"ReadAction","target":[["https:\/\/shop.verlag.uni-potsdam.de\/en\/shop\/die-stadtverordnetenversammlung-von-potsdam-im-wandel-der-zeit\/"]]}]},{"@type":"ImageObject","inLanguage":"en-US","@id":"https:\/\/shop.verlag.uni-potsdam.de\/en\/shop\/die-stadtverordnetenversammlung-von-potsdam-im-wandel-der-zeit\/#primaryimage","url":"https:\/\/shop.verlag.uni-potsdam.de\/wp-content\/uploads\/asolmerce\/image-9783869561189.jpg","contentUrl":"https:\/\/shop.verlag.uni-potsdam.de\/wp-content\/uploads\/asolmerce\/image-9783869561189.jpg","width":452,"height":640},{"@type":"BreadcrumbList","@id":"https:\/\/shop.verlag.uni-potsdam.de\/en\/shop\/die-stadtverordnetenversammlung-von-potsdam-im-wandel-der-zeit\/#breadcrumb","itemListElement":[{"@type":"ListItem","position":1,"name":"Startseite","item":"https:\/\/shop.verlag.uni-potsdam.de\/en\/"},{"@type":"ListItem","position":2,"name":"Shop","item":"https:\/\/shop.verlag.uni-potsdam.de\/en\/shop\/"},{"@type":"ListItem","position":3,"name":"Die Stadtverordnetenversammlung von Potsdam im Wandel der Zeit"}]},{"@type":"WebSite","@id":"https:\/\/shop.verlag.uni-potsdam.de\/en\/#website","url":"https:\/\/shop.verlag.uni-potsdam.de\/en\/","name":"Universit\u00e4tsverlag Potsdam","description":"","publisher":{"@id":"https:\/\/shop.verlag.uni-potsdam.de\/en\/#organization"},"potentialAction":[{"@type":"SearchAction","target":{"@type":"EntryPoint","urlTemplate":"https:\/\/shop.verlag.uni-potsdam.de\/en\/?s={search_term_string}"},"query-input":{"@type":"PropertyValueSpecification","valueRequired":true,"valueName":"search_term_string"}}],"inLanguage":"en-US"},{"@type":"Organization","@id":"https:\/\/shop.verlag.uni-potsdam.de\/en\/#organization","name":"Universit\u00e4tsverlag Potsdam","url":"https:\/\/shop.verlag.uni-potsdam.de\/en\/","logo":{"@type":"ImageObject","inLanguage":"en-US","@id":"https:\/\/shop.verlag.uni-potsdam.de\/en\/#\/schema\/logo\/image\/","url":"https:\/\/shop.verlag.uni-potsdam.de\/wp-content\/uploads\/2017\/04\/up_logo_university_2.png","contentUrl":"https:\/\/shop.verlag.uni-potsdam.de\/wp-content\/uploads\/2017\/04\/up_logo_university_2.png","width":160,"height":172,"caption":"Universit\u00e4tsverlag Potsdam"},"image":{"@id":"https:\/\/shop.verlag.uni-potsdam.de\/en\/#\/schema\/logo\/image\/"}}]}},"_links":{"self":[{"href":"https:\/\/shop.verlag.uni-potsdam.de\/en\/wp-json\/wp\/v2\/product\/51716","targetHints":{"allow":["GET"]}}],"collection":[{"href":"https:\/\/shop.verlag.uni-potsdam.de\/en\/wp-json\/wp\/v2\/product"}],"about":[{"href":"https:\/\/shop.verlag.uni-potsdam.de\/en\/wp-json\/wp\/v2\/types\/product"}],"wp:featuredmedia":[{"embeddable":true,"href":"https:\/\/shop.verlag.uni-potsdam.de\/en\/wp-json\/wp\/v2\/media\/53931"}],"wp:attachment":[{"href":"https:\/\/shop.verlag.uni-potsdam.de\/en\/wp-json\/wp\/v2\/media?parent=51716"}],"wp:term":[{"taxonomy":"product_brand","embeddable":true,"href":"https:\/\/shop.verlag.uni-potsdam.de\/en\/wp-json\/wp\/v2\/product_brand?post=51716"},{"taxonomy":"product_cat","embeddable":true,"href":"https:\/\/shop.verlag.uni-potsdam.de\/en\/wp-json\/wp\/v2\/product_cat?post=51716"},{"taxonomy":"product_tag","embeddable":true,"href":"https:\/\/shop.verlag.uni-potsdam.de\/en\/wp-json\/wp\/v2\/product_tag?post=51716"}],"curies":[{"name":"wp","href":"https:\/\/api.w.org\/{rel}","templated":true}]}}