{"id":51717,"date":"2026-03-23T08:53:40","date_gmt":"2026-03-23T08:53:40","guid":{"rendered":"http:\/\/shop.verlag.uni-potsdam.de\/produkt\/franzke-europa-als-inspiration-und-herausforderung\/"},"modified":"2026-03-23T11:54:40","modified_gmt":"2026-03-23T10:54:40","slug":"europa-als-inspiration-und-herausforderung","status":"publish","type":"product","link":"https:\/\/shop.verlag.uni-potsdam.de\/en\/shop\/europa-als-inspiration-und-herausforderung\/","title":{"rendered":"Europa als Inspiration und Herausforderung"},"content":{"rendered":"<p class=\"qtranxs-available-languages-message qtranxs-available-languages-message-en\">Sorry, this entry is only available in <a href=\"https:\/\/shop.verlag.uni-potsdam.de\/de\/wp-json\/wp\/v2\/product\/51717\" class=\"qtranxs-available-language-link qtranxs-available-language-link-de\" title=\"Deutsch\">Deutsch<\/a>.<\/p><p>Die Integration Europas bleibt f\u00fcr die Sozialwissenschaften eine Quelle der Inspiration und Herausforderung. Auch 53 Jahre nach Unterzeichnung der R\u00f6mischen Vertr\u00e4ge ist der Kontinent weiter in Bewegung, geht es um die Vision seiner zuk\u00fcnftigen Gestalt ebenso wie um die Regelung vielf\u00e4ltigster Tagesprobleme. Um zu dieser Debatte einen spezifischen Beitrag zu leisten, fand im Juni 2010 an der Universit\u00e4t Potsdam eine deutsch-polnische Konferenz zum Thema \u201eEuropa als Inspiration und Herausforderung aus sozialwissenschaftlicher Sicht\u201c statt. Dabei wurden unterschiedliche Ans\u00e4tze der europawissenschaftlichen Forschungen in den beteiligten Einrichtungen (z. B. aus der Sicht von Politologen, Soziologen, Historikern oder Kulturwissenschaftlern) pr\u00e4sentiert. Zugleich diente die Konferenz dazu, das wissenschaftliche Forschungsinteresse am \u201enahen Osten\u201c wieder zu st\u00e4rken.<\/p>","protected":false},"excerpt":{"rendered":"<p class=\"qtranxs-available-languages-message qtranxs-available-languages-message-en\">Sorry, this entry is only available in <a href=\"https:\/\/shop.verlag.uni-potsdam.de\/de\/wp-json\/wp\/v2\/product\/51717\" class=\"qtranxs-available-language-link qtranxs-available-language-link-de\" title=\"Deutsch\">Deutsch<\/a>.<\/p>\n<p>Die Integration Europas bleibt f\u00fcr die Sozialwissenschaften eine Quelle der Inspiration und Herausforderung. Auch 53 Jahre nach Unterzeichnung der R\u00f6mischen Vertr\u00e4ge ist der Kontinent weiter in Bewegung, geht es um die Vision seiner zuk\u00fcnftigen Gestalt ebenso wie um die Regelung vielf\u00e4ltigster Tagesprobleme. Um zu dieser Debatte einen spezifischen Beitrag zu leisten, fand im Juni 2010 an der Universit\u00e4t Potsdam eine deutsch-polnische Konferenz zum Thema \u201eEuropa als Inspiration und Herausforderung aus sozialwissenschaftlicher Sicht\u201c statt. Dabei wurden unterschiedliche Ans\u00e4tze der europawissenschaftlichen Forschungen in den beteiligten Einrichtungen (z. B. aus der Sicht von Politologen, Soziologen, Historikern oder Kulturwissenschaftlern) pr\u00e4sentiert. Zugleich diente die Konferenz dazu, das wissenschaftliche Forschungsinteresse am \u201enahen Osten\u201c wieder zu st\u00e4rken.<\/p>\n","protected":false},"featured_media":53932,"template":"","meta":{"_acf_changed":false},"product_brand":[],"product_cat":[6223],"product_tag":[5218],"class_list":{"0":"post-51717","1":"product","2":"type-product","3":"status-publish","4":"has-post-thumbnail","6":"product_cat-politikwissenschaft-web-kategorie","7":"product_tag-deutschland-europaeische-union-integration-polen-vertiefung","8":"autor-jochen-franzke","10":"first","11":"instock","12":"shipping-taxable","13":"purchasable","14":"product-type-simple"},"acf":[],"yoast_head":"<!-- This site is optimized with the Yoast SEO plugin v27.1.1 - https:\/\/yoast.com\/product\/yoast-seo-wordpress\/ -->\n<title>Europa als Inspiration und Herausforderung - Universit\u00e4tsverlag Potsdam<\/title>\n<meta name=\"robots\" content=\"index, follow, max-snippet:-1, max-image-preview:large, max-video-preview:-1\" \/>\n<link rel=\"canonical\" href=\"https:\/\/shop.verlag.uni-potsdam.de\/en\/shop\/europa-als-inspiration-und-herausforderung\/\" \/>\n<meta property=\"og:locale\" content=\"en_US\" \/>\n<meta property=\"og:type\" content=\"article\" \/>\n<meta property=\"og:title\" content=\"Europa als Inspiration und Herausforderung - Universit\u00e4tsverlag Potsdam\" \/>\n<meta property=\"og:description\" content=\"Die Integration Europas bleibt f\u00fcr die Sozialwissenschaften eine Quelle der Inspiration und Herausforderung. Auch 53 Jahre nach Unterzeichnung der R\u00f6mischen Vertr\u00e4ge ist der Kontinent weiter in Bewegung, geht es um die Vision seiner zuk\u00fcnftigen Gestalt ebenso wie um die Regelung vielf\u00e4ltigster Tagesprobleme. Um zu dieser Debatte einen spezifischen Beitrag zu leisten, fand im Juni 2010 an der Universit\u00e4t Potsdam eine deutsch-polnische Konferenz zum Thema \u201eEuropa als Inspiration und Herausforderung aus sozialwissenschaftlicher Sicht\u201c statt. Dabei wurden unterschiedliche Ans\u00e4tze der europawissenschaftlichen Forschungen in den beteiligten Einrichtungen (z. B. aus der Sicht von Politologen, Soziologen, Historikern oder Kulturwissenschaftlern) pr\u00e4sentiert. Zugleich diente die Konferenz dazu, das wissenschaftliche Forschungsinteresse am \u201enahen Osten\u201c wieder zu st\u00e4rken.\" \/>\n<meta property=\"og:url\" content=\"https:\/\/shop.verlag.uni-potsdam.de\/en\/shop\/europa-als-inspiration-und-herausforderung\/\" \/>\n<meta property=\"og:site_name\" content=\"Universit\u00e4tsverlag Potsdam\" \/>\n<meta property=\"article:modified_time\" content=\"2026-03-23T10:54:40+00:00\" \/>\n<meta property=\"og:image\" content=\"https:\/\/shop.verlag.uni-potsdam.de\/wp-content\/uploads\/asolmerce\/image-9783869560953.jpg\" \/>\n\t<meta property=\"og:image:width\" content=\"640\" \/>\n\t<meta property=\"og:image:height\" content=\"907\" \/>\n\t<meta property=\"og:image:type\" content=\"image\/jpeg\" \/>\n<meta name=\"twitter:card\" content=\"summary_large_image\" \/>\n<meta name=\"twitter:label1\" content=\"Est. reading time\" \/>\n\t<meta name=\"twitter:data1\" content=\"1 minute\" \/>\n<script type=\"application\/ld+json\" class=\"yoast-schema-graph\">{\"@context\":\"https:\/\/schema.org\",\"@graph\":[{\"@type\":\"WebPage\",\"@id\":\"https:\/\/shop.verlag.uni-potsdam.de\/en\/shop\/europa-als-inspiration-und-herausforderung\/\",\"url\":\"https:\/\/shop.verlag.uni-potsdam.de\/en\/shop\/europa-als-inspiration-und-herausforderung\/\",\"name\":\"Europa als Inspiration und Herausforderung - Universit\u00e4tsverlag Potsdam\",\"isPartOf\":{\"@id\":\"https:\/\/shop.verlag.uni-potsdam.de\/en\/#website\"},\"primaryImageOfPage\":{\"@id\":\"https:\/\/shop.verlag.uni-potsdam.de\/en\/shop\/europa-als-inspiration-und-herausforderung\/#primaryimage\"},\"image\":{\"@id\":\"https:\/\/shop.verlag.uni-potsdam.de\/shop\/europa-als-inspiration-und-herausforderung\/#primaryimage\"},\"thumbnailUrl\":\"https:\/\/shop.verlag.uni-potsdam.de\/wp-content\/uploads\/asolmerce\/image-9783869560953.jpg\",\"datePublished\":\"2026-03-23T08:53:40+00:00\",\"dateModified\":\"2026-03-23T10:54:40+00:00\",\"breadcrumb\":{\"@id\":\"https:\/\/shop.verlag.uni-potsdam.de\/en\/shop\/europa-als-inspiration-und-herausforderung\/#breadcrumb\"},\"inLanguage\":\"en-US\",\"potentialAction\":[{\"@type\":\"ReadAction\",\"target\":[[\"https:\/\/shop.verlag.uni-potsdam.de\/en\/shop\/europa-als-inspiration-und-herausforderung\/\"]]}]},{\"@type\":\"ImageObject\",\"inLanguage\":\"en-US\",\"@id\":\"https:\/\/shop.verlag.uni-potsdam.de\/en\/shop\/europa-als-inspiration-und-herausforderung\/#primaryimage\",\"url\":\"https:\/\/shop.verlag.uni-potsdam.de\/wp-content\/uploads\/asolmerce\/image-9783869560953.jpg\",\"contentUrl\":\"https:\/\/shop.verlag.uni-potsdam.de\/wp-content\/uploads\/asolmerce\/image-9783869560953.jpg\",\"width\":640,\"height\":907},{\"@type\":\"BreadcrumbList\",\"@id\":\"https:\/\/shop.verlag.uni-potsdam.de\/en\/shop\/europa-als-inspiration-und-herausforderung\/#breadcrumb\",\"itemListElement\":[{\"@type\":\"ListItem\",\"position\":1,\"name\":\"Startseite\",\"item\":\"https:\/\/shop.verlag.uni-potsdam.de\/en\/\"},{\"@type\":\"ListItem\",\"position\":2,\"name\":\"Shop\",\"item\":\"https:\/\/shop.verlag.uni-potsdam.de\/en\/shop\/\"},{\"@type\":\"ListItem\",\"position\":3,\"name\":\"Europa als Inspiration und Herausforderung\"}]},{\"@type\":\"WebSite\",\"@id\":\"https:\/\/shop.verlag.uni-potsdam.de\/en\/#website\",\"url\":\"https:\/\/shop.verlag.uni-potsdam.de\/en\/\",\"name\":\"Universit\u00e4tsverlag Potsdam\",\"description\":\"\",\"publisher\":{\"@id\":\"https:\/\/shop.verlag.uni-potsdam.de\/en\/#organization\"},\"potentialAction\":[{\"@type\":\"SearchAction\",\"target\":{\"@type\":\"EntryPoint\",\"urlTemplate\":\"https:\/\/shop.verlag.uni-potsdam.de\/en\/?s={search_term_string}\"},\"query-input\":{\"@type\":\"PropertyValueSpecification\",\"valueRequired\":true,\"valueName\":\"search_term_string\"}}],\"inLanguage\":\"en-US\"},{\"@type\":\"Organization\",\"@id\":\"https:\/\/shop.verlag.uni-potsdam.de\/en\/#organization\",\"name\":\"Universit\u00e4tsverlag Potsdam\",\"url\":\"https:\/\/shop.verlag.uni-potsdam.de\/en\/\",\"logo\":{\"@type\":\"ImageObject\",\"inLanguage\":\"en-US\",\"@id\":\"https:\/\/shop.verlag.uni-potsdam.de\/en\/#\/schema\/logo\/image\/\",\"url\":\"https:\/\/shop.verlag.uni-potsdam.de\/wp-content\/uploads\/2017\/04\/up_logo_university_2.png\",\"contentUrl\":\"https:\/\/shop.verlag.uni-potsdam.de\/wp-content\/uploads\/2017\/04\/up_logo_university_2.png\",\"width\":160,\"height\":172,\"caption\":\"Universit\u00e4tsverlag Potsdam\"},\"image\":{\"@id\":\"https:\/\/shop.verlag.uni-potsdam.de\/en\/#\/schema\/logo\/image\/\"}}]}<\/script>\n<!-- \/ Yoast SEO plugin. -->","yoast_head_json":{"title":"Europa als Inspiration und Herausforderung - Universit\u00e4tsverlag Potsdam","robots":{"index":"index","follow":"follow","max-snippet":"max-snippet:-1","max-image-preview":"max-image-preview:large","max-video-preview":"max-video-preview:-1"},"canonical":"https:\/\/shop.verlag.uni-potsdam.de\/en\/shop\/europa-als-inspiration-und-herausforderung\/","og_locale":"en_US","og_type":"article","og_title":"Europa als Inspiration und Herausforderung - Universit\u00e4tsverlag Potsdam","og_description":"Die Integration Europas bleibt f\u00fcr die Sozialwissenschaften eine Quelle der Inspiration und Herausforderung. Auch 53 Jahre nach Unterzeichnung der R\u00f6mischen Vertr\u00e4ge ist der Kontinent weiter in Bewegung, geht es um die Vision seiner zuk\u00fcnftigen Gestalt ebenso wie um die Regelung vielf\u00e4ltigster Tagesprobleme. Um zu dieser Debatte einen spezifischen Beitrag zu leisten, fand im Juni 2010 an der Universit\u00e4t Potsdam eine deutsch-polnische Konferenz zum Thema \u201eEuropa als Inspiration und Herausforderung aus sozialwissenschaftlicher Sicht\u201c statt. Dabei wurden unterschiedliche Ans\u00e4tze der europawissenschaftlichen Forschungen in den beteiligten Einrichtungen (z. B. aus der Sicht von Politologen, Soziologen, Historikern oder Kulturwissenschaftlern) pr\u00e4sentiert. Zugleich diente die Konferenz dazu, das wissenschaftliche Forschungsinteresse am \u201enahen Osten\u201c wieder zu st\u00e4rken.","og_url":"https:\/\/shop.verlag.uni-potsdam.de\/en\/shop\/europa-als-inspiration-und-herausforderung\/","og_site_name":"Universit\u00e4tsverlag Potsdam","article_modified_time":"2026-03-23T10:54:40+00:00","og_image":[{"width":640,"height":907,"url":"https:\/\/shop.verlag.uni-potsdam.de\/wp-content\/uploads\/asolmerce\/image-9783869560953.jpg","type":"image\/jpeg"}],"twitter_card":"summary_large_image","twitter_misc":{"Est. reading time":"1 minute"},"schema":{"@context":"https:\/\/schema.org","@graph":[{"@type":"WebPage","@id":"https:\/\/shop.verlag.uni-potsdam.de\/en\/shop\/europa-als-inspiration-und-herausforderung\/","url":"https:\/\/shop.verlag.uni-potsdam.de\/en\/shop\/europa-als-inspiration-und-herausforderung\/","name":"Europa als Inspiration und Herausforderung - Universit\u00e4tsverlag Potsdam","isPartOf":{"@id":"https:\/\/shop.verlag.uni-potsdam.de\/en\/#website"},"primaryImageOfPage":{"@id":"https:\/\/shop.verlag.uni-potsdam.de\/en\/shop\/europa-als-inspiration-und-herausforderung\/#primaryimage"},"image":{"@id":"https:\/\/shop.verlag.uni-potsdam.de\/shop\/europa-als-inspiration-und-herausforderung\/#primaryimage"},"thumbnailUrl":"https:\/\/shop.verlag.uni-potsdam.de\/wp-content\/uploads\/asolmerce\/image-9783869560953.jpg","datePublished":"2026-03-23T08:53:40+00:00","dateModified":"2026-03-23T10:54:40+00:00","breadcrumb":{"@id":"https:\/\/shop.verlag.uni-potsdam.de\/en\/shop\/europa-als-inspiration-und-herausforderung\/#breadcrumb"},"inLanguage":"en-US","potentialAction":[{"@type":"ReadAction","target":[["https:\/\/shop.verlag.uni-potsdam.de\/en\/shop\/europa-als-inspiration-und-herausforderung\/"]]}]},{"@type":"ImageObject","inLanguage":"en-US","@id":"https:\/\/shop.verlag.uni-potsdam.de\/en\/shop\/europa-als-inspiration-und-herausforderung\/#primaryimage","url":"https:\/\/shop.verlag.uni-potsdam.de\/wp-content\/uploads\/asolmerce\/image-9783869560953.jpg","contentUrl":"https:\/\/shop.verlag.uni-potsdam.de\/wp-content\/uploads\/asolmerce\/image-9783869560953.jpg","width":640,"height":907},{"@type":"BreadcrumbList","@id":"https:\/\/shop.verlag.uni-potsdam.de\/en\/shop\/europa-als-inspiration-und-herausforderung\/#breadcrumb","itemListElement":[{"@type":"ListItem","position":1,"name":"Startseite","item":"https:\/\/shop.verlag.uni-potsdam.de\/en\/"},{"@type":"ListItem","position":2,"name":"Shop","item":"https:\/\/shop.verlag.uni-potsdam.de\/en\/shop\/"},{"@type":"ListItem","position":3,"name":"Europa als Inspiration und Herausforderung"}]},{"@type":"WebSite","@id":"https:\/\/shop.verlag.uni-potsdam.de\/en\/#website","url":"https:\/\/shop.verlag.uni-potsdam.de\/en\/","name":"Universit\u00e4tsverlag Potsdam","description":"","publisher":{"@id":"https:\/\/shop.verlag.uni-potsdam.de\/en\/#organization"},"potentialAction":[{"@type":"SearchAction","target":{"@type":"EntryPoint","urlTemplate":"https:\/\/shop.verlag.uni-potsdam.de\/en\/?s={search_term_string}"},"query-input":{"@type":"PropertyValueSpecification","valueRequired":true,"valueName":"search_term_string"}}],"inLanguage":"en-US"},{"@type":"Organization","@id":"https:\/\/shop.verlag.uni-potsdam.de\/en\/#organization","name":"Universit\u00e4tsverlag Potsdam","url":"https:\/\/shop.verlag.uni-potsdam.de\/en\/","logo":{"@type":"ImageObject","inLanguage":"en-US","@id":"https:\/\/shop.verlag.uni-potsdam.de\/en\/#\/schema\/logo\/image\/","url":"https:\/\/shop.verlag.uni-potsdam.de\/wp-content\/uploads\/2017\/04\/up_logo_university_2.png","contentUrl":"https:\/\/shop.verlag.uni-potsdam.de\/wp-content\/uploads\/2017\/04\/up_logo_university_2.png","width":160,"height":172,"caption":"Universit\u00e4tsverlag Potsdam"},"image":{"@id":"https:\/\/shop.verlag.uni-potsdam.de\/en\/#\/schema\/logo\/image\/"}}]}},"_links":{"self":[{"href":"https:\/\/shop.verlag.uni-potsdam.de\/en\/wp-json\/wp\/v2\/product\/51717","targetHints":{"allow":["GET"]}}],"collection":[{"href":"https:\/\/shop.verlag.uni-potsdam.de\/en\/wp-json\/wp\/v2\/product"}],"about":[{"href":"https:\/\/shop.verlag.uni-potsdam.de\/en\/wp-json\/wp\/v2\/types\/product"}],"wp:featuredmedia":[{"embeddable":true,"href":"https:\/\/shop.verlag.uni-potsdam.de\/en\/wp-json\/wp\/v2\/media\/53932"}],"wp:attachment":[{"href":"https:\/\/shop.verlag.uni-potsdam.de\/en\/wp-json\/wp\/v2\/media?parent=51717"}],"wp:term":[{"taxonomy":"product_brand","embeddable":true,"href":"https:\/\/shop.verlag.uni-potsdam.de\/en\/wp-json\/wp\/v2\/product_brand?post=51717"},{"taxonomy":"product_cat","embeddable":true,"href":"https:\/\/shop.verlag.uni-potsdam.de\/en\/wp-json\/wp\/v2\/product_cat?post=51717"},{"taxonomy":"product_tag","embeddable":true,"href":"https:\/\/shop.verlag.uni-potsdam.de\/en\/wp-json\/wp\/v2\/product_tag?post=51717"}],"curies":[{"name":"wp","href":"https:\/\/api.w.org\/{rel}","templated":true}]}}