{"id":51728,"date":"2026-03-23T08:53:34","date_gmt":"2026-03-23T08:53:34","guid":{"rendered":"http:\/\/shop.verlag.uni-potsdam.de\/produkt\/bircken-luedecke-peitsch-brueche-und-umbrueche\/"},"modified":"2026-03-23T11:54:35","modified_gmt":"2026-03-23T10:54:35","slug":"brueche-und-umbrueche","status":"publish","type":"product","link":"https:\/\/shop.verlag.uni-potsdam.de\/en\/shop\/brueche-und-umbrueche\/","title":{"rendered":"Br\u00fcche und Umbr\u00fcche"},"content":{"rendered":"<p class=\"qtranxs-available-languages-message qtranxs-available-languages-message-en\">Sorry, this entry is only available in <a href=\"https:\/\/shop.verlag.uni-potsdam.de\/de\/wp-json\/wp\/v2\/product\/51728\" class=\"qtranxs-available-language-link qtranxs-available-language-link-de\" title=\"Deutsch\">Deutsch<\/a>.<\/p><p>Einen \u00dcberblick \u00fcber historische Ver\u00e4nderungen der Bedingungen, unter denen Frauen geschrieben haben, sollte eine Ringvorlesung vermitteln, die das Institut f\u00fcr Germanistik der Universit\u00e4t Potsdam in zwei Semestern der Jahre 2005\/06 veranstaltete. Unter dem Titel \u00bbLesen und Schreiben in Umbr\u00fcchen\u00ab macht der Lehrplan in Brandenburg und Berlin f\u00fcr die Sekundarstufe II mindestens zwei der drei Umbr\u00fcche von 1933, 1945 und 1989 verbindlich zum Gegenstand des Literaturunterrichts. Als Institut der einzigen lehrerbildenden Universit\u00e4t des Landes wollten wir nicht nur Vorschl\u00e4ge machen, welche Autoren sich zur Behandlung dieser Umbr\u00fcche des zwanzigsten Jahrhunderts anbieten, sondern zum einen durch die Beschr\u00e4nkung auf weibliche Autoren in den Umbr\u00fcchen, der Ver\u00e4nderung gesellschaftlichen Verh\u00e4ltnisse, die Geschlechterverh\u00e4ltnisse hervorheben und \u00fcber ihnen die Br\u00fcche in den Biographien nicht aussparen, zum anderen dem Blick auf die Umbr\u00fcche zwischen 1933 und 1989 durch eine Einbeziehung fr\u00fcherer Umbr\u00fcche historische Tiefensch\u00e4rfe geben. Von der Franz\u00f6sischen Revolution bis zur \u203aWende\u2039 haben gesellschaftliche Umbr\u00fcche nicht nur das Leben weiblicher Autoren im Allgemeinen bestimmt, sondern auch ihr Schreiben als eine Auseinandersetzung mit ganz individuellen Br\u00fcchen.<br \/><\/p>","protected":false},"excerpt":{"rendered":"<p class=\"qtranxs-available-languages-message qtranxs-available-languages-message-en\">Sorry, this entry is only available in <a href=\"https:\/\/shop.verlag.uni-potsdam.de\/de\/wp-json\/wp\/v2\/product\/51728\" class=\"qtranxs-available-language-link qtranxs-available-language-link-de\" title=\"Deutsch\">Deutsch<\/a>.<\/p>\n<p>Einen \u00dcberblick \u00fcber historische Ver\u00e4nderungen der Bedingungen, unter denen Frauen geschrieben haben, sollte eine Ringvorlesung vermitteln, die das Institut f\u00fcr Germanistik der Universit\u00e4t Potsdam in zwei Semestern der Jahre 2005\/06 veranstaltete. Unter dem Titel \u00bbLesen und Schreiben in Umbr\u00fcchen\u00ab macht der Lehrplan in Brandenburg und Berlin f\u00fcr die Sekundarstufe II mindestens zwei der drei Umbr\u00fcche von 1933, 1945 und 1989 verbindlich zum Gegenstand des Literaturunterrichts. Als Institut der einzigen lehrerbildenden Universit\u00e4t des Landes wollten wir nicht nur Vorschl\u00e4ge machen, welche Autoren sich zur Behandlung dieser Umbr\u00fcche des zwanzigsten Jahrhunderts anbieten, sondern zum einen durch die Beschr\u00e4nkung auf weibliche Autoren in den Umbr\u00fcchen, der Ver\u00e4nderung gesellschaftlichen Verh\u00e4ltnisse, die Geschlechterverh\u00e4ltnisse hervorheben und \u00fcber ihnen die Br\u00fcche in den Biographien nicht aussparen, zum anderen dem Blick auf die Umbr\u00fcche zwischen 1933 und 1989 durch eine Einbeziehung fr\u00fcherer Umbr\u00fcche historische Tiefensch\u00e4rfe geben. Von der Franz\u00f6sischen Revolution bis zur \u203aWende\u2039 haben gesellschaftliche Umbr\u00fcche nicht nur das Leben weiblicher Autoren im Allgemeinen bestimmt, sondern auch ihr Schreiben als eine Auseinandersetzung mit ganz individuellen Br\u00fcchen.<\/p>\n","protected":false},"featured_media":53899,"template":"","meta":{"_acf_changed":false},"product_brand":[],"product_cat":[6210],"product_tag":[5908],"class_list":{"0":"post-51728","1":"product","2":"type-product","3":"status-publish","4":"has-post-thumbnail","6":"product_cat-uebrige-germanische-sprachwissenschaft-literaturwissenschaft-web-kategorie","7":"product_tag-bewegung-frauenliteratur-soziale","8":"autor-helmut-peitsch","9":"autor-margrid-bircken","10":"autor-marianne-luedecke","12":"first","13":"instock","14":"shipping-taxable","15":"purchasable","16":"product-type-simple"},"acf":[],"yoast_head":"<!-- This site is optimized with the Yoast SEO plugin v27.1.1 - https:\/\/yoast.com\/product\/yoast-seo-wordpress\/ -->\n<title>Br\u00fcche und Umbr\u00fcche - Universit\u00e4tsverlag Potsdam<\/title>\n<meta name=\"robots\" content=\"index, follow, max-snippet:-1, max-image-preview:large, max-video-preview:-1\" \/>\n<link rel=\"canonical\" href=\"https:\/\/shop.verlag.uni-potsdam.de\/en\/shop\/brueche-und-umbrueche\/\" \/>\n<meta property=\"og:locale\" content=\"en_US\" \/>\n<meta property=\"og:type\" content=\"article\" \/>\n<meta property=\"og:title\" content=\"Br\u00fcche und Umbr\u00fcche - Universit\u00e4tsverlag Potsdam\" \/>\n<meta property=\"og:description\" content=\"Einen \u00dcberblick \u00fcber historische Ver\u00e4nderungen der Bedingungen, unter denen Frauen geschrieben haben, sollte eine Ringvorlesung vermitteln, die das Institut f\u00fcr Germanistik der Universit\u00e4t Potsdam in zwei Semestern der Jahre 2005\/06 veranstaltete. Unter dem Titel \u00bbLesen und Schreiben in Umbr\u00fcchen\u00ab macht der Lehrplan in Brandenburg und Berlin f\u00fcr die Sekundarstufe II mindestens zwei der drei Umbr\u00fcche von 1933, 1945 und 1989 verbindlich zum Gegenstand des Literaturunterrichts. Als Institut der einzigen lehrerbildenden Universit\u00e4t des Landes wollten wir nicht nur Vorschl\u00e4ge machen, welche Autoren sich zur Behandlung dieser Umbr\u00fcche des zwanzigsten Jahrhunderts anbieten, sondern zum einen durch die Beschr\u00e4nkung auf weibliche Autoren in den Umbr\u00fcchen, der Ver\u00e4nderung gesellschaftlichen Verh\u00e4ltnisse, die Geschlechterverh\u00e4ltnisse hervorheben und \u00fcber ihnen die Br\u00fcche in den Biographien nicht aussparen, zum anderen dem Blick auf die Umbr\u00fcche zwischen 1933 und 1989 durch eine Einbeziehung fr\u00fcherer Umbr\u00fcche historische Tiefensch\u00e4rfe geben. Von der Franz\u00f6sischen Revolution bis zur \u203aWende\u2039 haben gesellschaftliche Umbr\u00fcche nicht nur das Leben weiblicher Autoren im Allgemeinen bestimmt, sondern auch ihr Schreiben als eine Auseinandersetzung mit ganz individuellen Br\u00fcchen.\" \/>\n<meta property=\"og:url\" content=\"https:\/\/shop.verlag.uni-potsdam.de\/en\/shop\/brueche-und-umbrueche\/\" \/>\n<meta property=\"og:site_name\" content=\"Universit\u00e4tsverlag Potsdam\" \/>\n<meta property=\"article:modified_time\" content=\"2026-03-23T10:54:35+00:00\" \/>\n<meta property=\"og:image\" content=\"https:\/\/shop.verlag.uni-potsdam.de\/wp-content\/uploads\/asolmerce\/image-9783869560854.jpg\" \/>\n\t<meta property=\"og:image:width\" content=\"431\" \/>\n\t<meta property=\"og:image:height\" content=\"640\" \/>\n\t<meta property=\"og:image:type\" content=\"image\/jpeg\" \/>\n<meta name=\"twitter:card\" content=\"summary_large_image\" \/>\n<meta name=\"twitter:label1\" content=\"Est. reading time\" \/>\n\t<meta name=\"twitter:data1\" content=\"1 minute\" \/>\n<script type=\"application\/ld+json\" class=\"yoast-schema-graph\">{\"@context\":\"https:\/\/schema.org\",\"@graph\":[{\"@type\":\"WebPage\",\"@id\":\"https:\/\/shop.verlag.uni-potsdam.de\/en\/shop\/brueche-und-umbrueche\/\",\"url\":\"https:\/\/shop.verlag.uni-potsdam.de\/en\/shop\/brueche-und-umbrueche\/\",\"name\":\"Br\u00fcche und Umbr\u00fcche - Universit\u00e4tsverlag Potsdam\",\"isPartOf\":{\"@id\":\"https:\/\/shop.verlag.uni-potsdam.de\/en\/#website\"},\"primaryImageOfPage\":{\"@id\":\"https:\/\/shop.verlag.uni-potsdam.de\/en\/shop\/brueche-und-umbrueche\/#primaryimage\"},\"image\":{\"@id\":\"https:\/\/shop.verlag.uni-potsdam.de\/shop\/brueche-und-umbrueche\/#primaryimage\"},\"thumbnailUrl\":\"https:\/\/shop.verlag.uni-potsdam.de\/wp-content\/uploads\/asolmerce\/image-9783869560854.jpg\",\"datePublished\":\"2026-03-23T08:53:34+00:00\",\"dateModified\":\"2026-03-23T10:54:35+00:00\",\"breadcrumb\":{\"@id\":\"https:\/\/shop.verlag.uni-potsdam.de\/en\/shop\/brueche-und-umbrueche\/#breadcrumb\"},\"inLanguage\":\"en-US\",\"potentialAction\":[{\"@type\":\"ReadAction\",\"target\":[[\"https:\/\/shop.verlag.uni-potsdam.de\/en\/shop\/brueche-und-umbrueche\/\"]]}]},{\"@type\":\"ImageObject\",\"inLanguage\":\"en-US\",\"@id\":\"https:\/\/shop.verlag.uni-potsdam.de\/en\/shop\/brueche-und-umbrueche\/#primaryimage\",\"url\":\"https:\/\/shop.verlag.uni-potsdam.de\/wp-content\/uploads\/asolmerce\/image-9783869560854.jpg\",\"contentUrl\":\"https:\/\/shop.verlag.uni-potsdam.de\/wp-content\/uploads\/asolmerce\/image-9783869560854.jpg\",\"width\":431,\"height\":640},{\"@type\":\"BreadcrumbList\",\"@id\":\"https:\/\/shop.verlag.uni-potsdam.de\/en\/shop\/brueche-und-umbrueche\/#breadcrumb\",\"itemListElement\":[{\"@type\":\"ListItem\",\"position\":1,\"name\":\"Startseite\",\"item\":\"https:\/\/shop.verlag.uni-potsdam.de\/en\/\"},{\"@type\":\"ListItem\",\"position\":2,\"name\":\"Shop\",\"item\":\"https:\/\/shop.verlag.uni-potsdam.de\/en\/shop\/\"},{\"@type\":\"ListItem\",\"position\":3,\"name\":\"Br\u00fcche und Umbr\u00fcche\"}]},{\"@type\":\"WebSite\",\"@id\":\"https:\/\/shop.verlag.uni-potsdam.de\/en\/#website\",\"url\":\"https:\/\/shop.verlag.uni-potsdam.de\/en\/\",\"name\":\"Universit\u00e4tsverlag Potsdam\",\"description\":\"\",\"publisher\":{\"@id\":\"https:\/\/shop.verlag.uni-potsdam.de\/en\/#organization\"},\"potentialAction\":[{\"@type\":\"SearchAction\",\"target\":{\"@type\":\"EntryPoint\",\"urlTemplate\":\"https:\/\/shop.verlag.uni-potsdam.de\/en\/?s={search_term_string}\"},\"query-input\":{\"@type\":\"PropertyValueSpecification\",\"valueRequired\":true,\"valueName\":\"search_term_string\"}}],\"inLanguage\":\"en-US\"},{\"@type\":\"Organization\",\"@id\":\"https:\/\/shop.verlag.uni-potsdam.de\/en\/#organization\",\"name\":\"Universit\u00e4tsverlag Potsdam\",\"url\":\"https:\/\/shop.verlag.uni-potsdam.de\/en\/\",\"logo\":{\"@type\":\"ImageObject\",\"inLanguage\":\"en-US\",\"@id\":\"https:\/\/shop.verlag.uni-potsdam.de\/en\/#\/schema\/logo\/image\/\",\"url\":\"https:\/\/shop.verlag.uni-potsdam.de\/wp-content\/uploads\/2017\/04\/up_logo_university_2.png\",\"contentUrl\":\"https:\/\/shop.verlag.uni-potsdam.de\/wp-content\/uploads\/2017\/04\/up_logo_university_2.png\",\"width\":160,\"height\":172,\"caption\":\"Universit\u00e4tsverlag Potsdam\"},\"image\":{\"@id\":\"https:\/\/shop.verlag.uni-potsdam.de\/en\/#\/schema\/logo\/image\/\"}}]}<\/script>\n<!-- \/ Yoast SEO plugin. -->","yoast_head_json":{"title":"Br\u00fcche und Umbr\u00fcche - Universit\u00e4tsverlag Potsdam","robots":{"index":"index","follow":"follow","max-snippet":"max-snippet:-1","max-image-preview":"max-image-preview:large","max-video-preview":"max-video-preview:-1"},"canonical":"https:\/\/shop.verlag.uni-potsdam.de\/en\/shop\/brueche-und-umbrueche\/","og_locale":"en_US","og_type":"article","og_title":"Br\u00fcche und Umbr\u00fcche - Universit\u00e4tsverlag Potsdam","og_description":"Einen \u00dcberblick \u00fcber historische Ver\u00e4nderungen der Bedingungen, unter denen Frauen geschrieben haben, sollte eine Ringvorlesung vermitteln, die das Institut f\u00fcr Germanistik der Universit\u00e4t Potsdam in zwei Semestern der Jahre 2005\/06 veranstaltete. Unter dem Titel \u00bbLesen und Schreiben in Umbr\u00fcchen\u00ab macht der Lehrplan in Brandenburg und Berlin f\u00fcr die Sekundarstufe II mindestens zwei der drei Umbr\u00fcche von 1933, 1945 und 1989 verbindlich zum Gegenstand des Literaturunterrichts. Als Institut der einzigen lehrerbildenden Universit\u00e4t des Landes wollten wir nicht nur Vorschl\u00e4ge machen, welche Autoren sich zur Behandlung dieser Umbr\u00fcche des zwanzigsten Jahrhunderts anbieten, sondern zum einen durch die Beschr\u00e4nkung auf weibliche Autoren in den Umbr\u00fcchen, der Ver\u00e4nderung gesellschaftlichen Verh\u00e4ltnisse, die Geschlechterverh\u00e4ltnisse hervorheben und \u00fcber ihnen die Br\u00fcche in den Biographien nicht aussparen, zum anderen dem Blick auf die Umbr\u00fcche zwischen 1933 und 1989 durch eine Einbeziehung fr\u00fcherer Umbr\u00fcche historische Tiefensch\u00e4rfe geben. Von der Franz\u00f6sischen Revolution bis zur \u203aWende\u2039 haben gesellschaftliche Umbr\u00fcche nicht nur das Leben weiblicher Autoren im Allgemeinen bestimmt, sondern auch ihr Schreiben als eine Auseinandersetzung mit ganz individuellen Br\u00fcchen.","og_url":"https:\/\/shop.verlag.uni-potsdam.de\/en\/shop\/brueche-und-umbrueche\/","og_site_name":"Universit\u00e4tsverlag Potsdam","article_modified_time":"2026-03-23T10:54:35+00:00","og_image":[{"width":431,"height":640,"url":"https:\/\/shop.verlag.uni-potsdam.de\/wp-content\/uploads\/asolmerce\/image-9783869560854.jpg","type":"image\/jpeg"}],"twitter_card":"summary_large_image","twitter_misc":{"Est. reading time":"1 minute"},"schema":{"@context":"https:\/\/schema.org","@graph":[{"@type":"WebPage","@id":"https:\/\/shop.verlag.uni-potsdam.de\/en\/shop\/brueche-und-umbrueche\/","url":"https:\/\/shop.verlag.uni-potsdam.de\/en\/shop\/brueche-und-umbrueche\/","name":"Br\u00fcche und Umbr\u00fcche - Universit\u00e4tsverlag Potsdam","isPartOf":{"@id":"https:\/\/shop.verlag.uni-potsdam.de\/en\/#website"},"primaryImageOfPage":{"@id":"https:\/\/shop.verlag.uni-potsdam.de\/en\/shop\/brueche-und-umbrueche\/#primaryimage"},"image":{"@id":"https:\/\/shop.verlag.uni-potsdam.de\/shop\/brueche-und-umbrueche\/#primaryimage"},"thumbnailUrl":"https:\/\/shop.verlag.uni-potsdam.de\/wp-content\/uploads\/asolmerce\/image-9783869560854.jpg","datePublished":"2026-03-23T08:53:34+00:00","dateModified":"2026-03-23T10:54:35+00:00","breadcrumb":{"@id":"https:\/\/shop.verlag.uni-potsdam.de\/en\/shop\/brueche-und-umbrueche\/#breadcrumb"},"inLanguage":"en-US","potentialAction":[{"@type":"ReadAction","target":[["https:\/\/shop.verlag.uni-potsdam.de\/en\/shop\/brueche-und-umbrueche\/"]]}]},{"@type":"ImageObject","inLanguage":"en-US","@id":"https:\/\/shop.verlag.uni-potsdam.de\/en\/shop\/brueche-und-umbrueche\/#primaryimage","url":"https:\/\/shop.verlag.uni-potsdam.de\/wp-content\/uploads\/asolmerce\/image-9783869560854.jpg","contentUrl":"https:\/\/shop.verlag.uni-potsdam.de\/wp-content\/uploads\/asolmerce\/image-9783869560854.jpg","width":431,"height":640},{"@type":"BreadcrumbList","@id":"https:\/\/shop.verlag.uni-potsdam.de\/en\/shop\/brueche-und-umbrueche\/#breadcrumb","itemListElement":[{"@type":"ListItem","position":1,"name":"Startseite","item":"https:\/\/shop.verlag.uni-potsdam.de\/en\/"},{"@type":"ListItem","position":2,"name":"Shop","item":"https:\/\/shop.verlag.uni-potsdam.de\/en\/shop\/"},{"@type":"ListItem","position":3,"name":"Br\u00fcche und Umbr\u00fcche"}]},{"@type":"WebSite","@id":"https:\/\/shop.verlag.uni-potsdam.de\/en\/#website","url":"https:\/\/shop.verlag.uni-potsdam.de\/en\/","name":"Universit\u00e4tsverlag Potsdam","description":"","publisher":{"@id":"https:\/\/shop.verlag.uni-potsdam.de\/en\/#organization"},"potentialAction":[{"@type":"SearchAction","target":{"@type":"EntryPoint","urlTemplate":"https:\/\/shop.verlag.uni-potsdam.de\/en\/?s={search_term_string}"},"query-input":{"@type":"PropertyValueSpecification","valueRequired":true,"valueName":"search_term_string"}}],"inLanguage":"en-US"},{"@type":"Organization","@id":"https:\/\/shop.verlag.uni-potsdam.de\/en\/#organization","name":"Universit\u00e4tsverlag Potsdam","url":"https:\/\/shop.verlag.uni-potsdam.de\/en\/","logo":{"@type":"ImageObject","inLanguage":"en-US","@id":"https:\/\/shop.verlag.uni-potsdam.de\/en\/#\/schema\/logo\/image\/","url":"https:\/\/shop.verlag.uni-potsdam.de\/wp-content\/uploads\/2017\/04\/up_logo_university_2.png","contentUrl":"https:\/\/shop.verlag.uni-potsdam.de\/wp-content\/uploads\/2017\/04\/up_logo_university_2.png","width":160,"height":172,"caption":"Universit\u00e4tsverlag Potsdam"},"image":{"@id":"https:\/\/shop.verlag.uni-potsdam.de\/en\/#\/schema\/logo\/image\/"}}]}},"_links":{"self":[{"href":"https:\/\/shop.verlag.uni-potsdam.de\/en\/wp-json\/wp\/v2\/product\/51728","targetHints":{"allow":["GET"]}}],"collection":[{"href":"https:\/\/shop.verlag.uni-potsdam.de\/en\/wp-json\/wp\/v2\/product"}],"about":[{"href":"https:\/\/shop.verlag.uni-potsdam.de\/en\/wp-json\/wp\/v2\/types\/product"}],"wp:featuredmedia":[{"embeddable":true,"href":"https:\/\/shop.verlag.uni-potsdam.de\/en\/wp-json\/wp\/v2\/media\/53899"}],"wp:attachment":[{"href":"https:\/\/shop.verlag.uni-potsdam.de\/en\/wp-json\/wp\/v2\/media?parent=51728"}],"wp:term":[{"taxonomy":"product_brand","embeddable":true,"href":"https:\/\/shop.verlag.uni-potsdam.de\/en\/wp-json\/wp\/v2\/product_brand?post=51728"},{"taxonomy":"product_cat","embeddable":true,"href":"https:\/\/shop.verlag.uni-potsdam.de\/en\/wp-json\/wp\/v2\/product_cat?post=51728"},{"taxonomy":"product_tag","embeddable":true,"href":"https:\/\/shop.verlag.uni-potsdam.de\/en\/wp-json\/wp\/v2\/product_tag?post=51728"}],"curies":[{"name":"wp","href":"https:\/\/api.w.org\/{rel}","templated":true}]}}