{"id":51737,"date":"2026-03-23T08:53:34","date_gmt":"2026-03-23T08:53:34","guid":{"rendered":"http:\/\/shop.verlag.uni-potsdam.de\/produkt\/mgfn-1420101-themenheft-militaerische-eliten-in-der-fruehen-neuzeit\/"},"modified":"2026-03-23T11:54:34","modified_gmt":"2026-03-23T10:54:34","slug":"militaerische-eliten-in-der-fruehen-neuzeit","status":"publish","type":"product","link":"https:\/\/shop.verlag.uni-potsdam.de\/en\/shop\/militaerische-eliten-in-der-fruehen-neuzeit\/","title":{"rendered":"Milit\u00e4rische Eliten in der Fr\u00fchen Neuzeit"},"content":{"rendered":"<p class=\"qtranxs-available-languages-message qtranxs-available-languages-message-en\">Sorry, this entry is only available in <a href=\"https:\/\/shop.verlag.uni-potsdam.de\/de\/wp-json\/wp\/v2\/product\/51737\" class=\"qtranxs-available-language-link qtranxs-available-language-link-de\" title=\"Deutsch\">Deutsch<\/a>.<\/p><p><\/p>\n<div>Aus dem Editorial:<\/div>\n<div>Es ist mittlerweile ein Markenzeichen der Zeitschrift des AMG, dass sie sich \u2013 in unregelm\u00e4\u00dfigen Abst\u00e4nden \u2013 einer besonderen Thematik widmet. Mit den \u201emilit\u00e4rischen Eliten in der Fr\u00fchen Neuzeit\u201c steht eine Sozialformation im Zentrum des vorliegenden Themenheftes, die auch in der \u00e4lteren milit\u00e4rgeschichtlichen Forschung durchaus kein Schattendasein gef\u00fchrt hat. Gerade an einer solchen Thematik aber l\u00e4sst sich&nbsp;exemplarisch nachvollziehen, in welchem Ma\u00dfe ein solches Forschungsfeld von einer j\u00fcngeren Generation von Historikerinnen und Historikern neu vermessen und bestimmt wird, wie dynamisch sich also milit\u00e4rgeschichtliche&nbsp;Ans\u00e4tze im Kontext der aktuellen Fr\u00fchneuzeitforschung entwickeln. &nbsp;<\/div>\n<p>Die von Gundula Gahlen und Carmen Winkel dem Heft vorangestellte Einleitung bietet einen grundlegenden \u00dcberblick \u00fcber die aktuellen Forschungstrends und -perspektiven moderner Elitenforschung, in die sich Forschungen zu milit\u00e4rischen F\u00fchrungsgruppen in der Fr\u00fchen Neuzeit einordnen lassen. Die Autorinnen machen&nbsp;zugleich deutlich, dass gerade die Milit\u00e4rgeschichte hier durchaus eigene Akzente setzen kann, wenn sie beispielsweise in der aktuell boomenden Adelsforschung die Ambivalenz von funktionaler Elite, die sich seit dem 17. Jahrhundert in besonderem Ma\u00dfe Professionalisierungsanforderungen ausgesetzt sieht, und adeligem Standesdenken pr\u00e4zise herausarbeiten kann, oder wenn sie die Integration solcher professionalisierten Eliten in eine \u201ezivile\u201c Umgebung analysiert. Die einzelnen Beitr\u00e4ge von Frank G\u00f6se, Bodo Hechelhammer, Uta Krottenthaler, Carmen Winkel, Andreas \u00d6nnerfors, Oliver Schulz, Gundula Gahlen und Fredrik Thisner markieren dabei ein methodisches Spektrum, das aktuelle sozialgeschichtliche Angebote f\u00fcr die Rekonstruktion von Kollektivbiographien ebenso nutzt wie kulturgeschichtliche Perspektiven, die auf eine Analyse des spezifischen Habitus und Selbstverst\u00e4ndnisses milit\u00e4rischer Eliten zielen. &nbsp;<br \/>Bemerkenswert ist auch die geographische Ausweitung des milit\u00e4rgeschichtlichen Forschungsfeldes. Zwar spielt Brandenburg-Preu\u00dfen weiterhin eine prominente Rolle, was nicht zuletzt in der besonders intensiven und&nbsp;systematischen Erschlie\u00dfung der vorhandenen Archivquellen begr\u00fcndet liegt, doch l\u00e4ngst haben auch die anderen&nbsp;Reichsterritorien ihren Platz in der neueren Milit\u00e4rgeschichte gefunden. Die Perspektive wird jedoch immer st\u00e4rker international und interkulturell vergleichend, was im vorliegenden Themenheft mit der Einbeziehung&nbsp;Schwedens und des Osmanischen Reiches seinen Niederschlag findet.&nbsp;&nbsp;<br \/>Einmal mehr gilt mein gro\u00dfer Dank im Namen des Vorstandes unserem ebenso kompetenten wie engagierten&nbsp;Redaktionsteam mit Ulrike Ludwig, Gundula Gahlen, Carmen Winkel und Urte Evert. Sie haben das vorliegende Themenheft konzipiert und damit erneut die Lebendigkeit einer modernen Milit\u00e4rgeschichte und vor allem ihre&nbsp;Anschlussf\u00e4higkeit demonstriert. Ich w\u00fcnsche allen Leserinnen und Lesern die gleiche Lesefreude, die ich bei&nbsp;der Lekt\u00fcre der Beitr\u00e4ge dieses Themenheftes gehabt habe. <br \/><\/p>","protected":false},"excerpt":{"rendered":"<p class=\"qtranxs-available-languages-message qtranxs-available-languages-message-en\">Sorry, this entry is only available in <a href=\"https:\/\/shop.verlag.uni-potsdam.de\/de\/wp-json\/wp\/v2\/product\/51737\" class=\"qtranxs-available-language-link qtranxs-available-language-link-de\" title=\"Deutsch\">Deutsch<\/a>.<\/p>\n<div>Aus dem Editorial:<\/div>\n<div>Es ist mittlerweile ein Markenzeichen der Zeitschrift des AMG, dass sie sich \u2013 in unregelm\u00e4\u00dfigen Abst\u00e4nden \u2013 einer besonderen Thematik widmet. Mit den \u201emilit\u00e4rischen Eliten in der Fr\u00fchen Neuzeit\u201c steht eine Sozialformation im Zentrum des vorliegenden Themenheftes, die auch in der \u00e4lteren milit\u00e4rgeschichtlichen Forschung durchaus kein Schattendasein gef\u00fchrt hat. Gerade an einer solchen Thematik aber l\u00e4sst sich&nbsp;exemplarisch nachvollziehen, in welchem Ma\u00dfe ein solches Forschungsfeld von einer j\u00fcngeren Generation von Historikerinnen und Historikern neu vermessen und bestimmt wird, wie dynamisch sich also milit\u00e4rgeschichtliche&nbsp;Ans\u00e4tze im Kontext der aktuellen Fr\u00fchneuzeitforschung entwickeln. &nbsp;<\/div>\n<p>Die von Gundula Gahlen und Carmen Winkel dem Heft vorangestellte Einleitung bietet einen grundlegenden \u00dcberblick \u00fcber die aktuellen Forschungstrends und -perspektiven moderner Elitenforschung, in die sich Forschungen zu milit\u00e4rischen F\u00fchrungsgruppen in der Fr\u00fchen Neuzeit einordnen lassen. Die Autorinnen machen&nbsp;zugleich deutlich, dass gerade die Milit\u00e4rgeschichte hier durchaus eigene Akzente setzen kann, wenn sie beispielsweise in der aktuell boomenden Adelsforschung die Ambivalenz von funktionaler Elite, die sich seit dem 17. Jahrhundert in besonderem Ma\u00dfe Professionalisierungsanforderungen ausgesetzt sieht, und adeligem Standesdenken pr\u00e4zise herausarbeiten kann, oder wenn sie die Integration solcher professionalisierten Eliten in eine \u201ezivile\u201c Umgebung analysiert. Die einzelnen Beitr\u00e4ge von Frank G\u00f6se, Bodo Hechelhammer, Uta Krottenthaler, Carmen Winkel, Andreas \u00d6nnerfors, Oliver Schulz, Gundula Gahlen und Fredrik Thisner markieren dabei ein methodisches Spektrum, das aktuelle sozialgeschichtliche Angebote f\u00fcr die Rekonstruktion von Kollektivbiographien ebenso nutzt wie kulturgeschichtliche Perspektiven, die auf eine Analyse des spezifischen Habitus und Selbstverst\u00e4ndnisses milit\u00e4rischer Eliten zielen. &nbsp;<br \/>Bemerkenswert ist auch die geographische Ausweitung des milit\u00e4rgeschichtlichen Forschungsfeldes. Zwar spielt Brandenburg-Preu\u00dfen weiterhin eine prominente Rolle, was nicht zuletzt in der besonders intensiven und&nbsp;systematischen Erschlie\u00dfung der vorhandenen Archivquellen begr\u00fcndet liegt, doch l\u00e4ngst haben auch die anderen&nbsp;Reichsterritorien ihren Platz in der neueren Milit\u00e4rgeschichte gefunden. Die Perspektive wird jedoch immer st\u00e4rker international und interkulturell vergleichend, was im vorliegenden Themenheft mit der Einbeziehung&nbsp;Schwedens und des Osmanischen Reiches seinen Niederschlag findet.&nbsp;&nbsp;<br \/>Einmal mehr gilt mein gro\u00dfer Dank im Namen des Vorstandes unserem ebenso kompetenten wie engagierten&nbsp;Redaktionsteam mit Ulrike Ludwig, Gundula Gahlen, Carmen Winkel und Urte Evert. Sie haben das vorliegende Themenheft konzipiert und damit erneut die Lebendigkeit einer modernen Milit\u00e4rgeschichte und vor allem ihre&nbsp;Anschlussf\u00e4higkeit demonstriert. Ich w\u00fcnsche allen Leserinnen und Lesern die gleiche Lesefreude, die ich bei&nbsp;der Lekt\u00fcre der Beitr\u00e4ge dieses Themenheftes gehabt habe. <\/p>\n","protected":false},"featured_media":53881,"template":"","meta":{"_acf_changed":false},"product_brand":[],"product_cat":[6207],"product_tag":[5704],"class_list":{"0":"post-51737","1":"product","2":"type-product","3":"status-publish","4":"has-post-thumbnail","6":"product_cat-geschichte-web-kategorie","7":"product_tag-aufsatzsammlung-elite-europa-geschichte-militaer","8":"autor-andreas-oennerfors","9":"autor-bodo-hechelhammer","10":"autor-carmen-winkel","11":"autor-frank-goese","12":"autor-fredrik-thisner","13":"autor-gundula-gahlen","14":"autor-oliver-schulz","15":"autor-uta-krottenthaler","16":"zeitschriften-militaer-und-gesellschaft-in-der-fruehen-neuzeit","18":"first","19":"instock","20":"shipping-taxable","21":"purchasable","22":"product-type-simple"},"acf":[],"yoast_head":"<!-- This site is optimized with the Yoast SEO plugin v27.1.1 - https:\/\/yoast.com\/product\/yoast-seo-wordpress\/ -->\n<title>Milit\u00e4rische Eliten in der Fr\u00fchen Neuzeit - Universit\u00e4tsverlag Potsdam<\/title>\n<meta name=\"robots\" content=\"index, follow, max-snippet:-1, max-image-preview:large, max-video-preview:-1\" \/>\n<link rel=\"canonical\" href=\"https:\/\/shop.verlag.uni-potsdam.de\/en\/shop\/militaerische-eliten-in-der-fruehen-neuzeit\/\" \/>\n<meta property=\"og:locale\" content=\"en_US\" \/>\n<meta property=\"og:type\" content=\"article\" \/>\n<meta property=\"og:title\" content=\"Milit\u00e4rische Eliten in der Fr\u00fchen Neuzeit - Universit\u00e4tsverlag Potsdam\" \/>\n<meta property=\"og:description\" content=\"Aus dem Editorial:Es ist mittlerweile ein Markenzeichen der Zeitschrift des AMG, dass sie sich \u2013 in unregelm\u00e4\u00dfigen Abst\u00e4nden \u2013 einer besonderen Thematik widmet. Mit den \u201emilit\u00e4rischen Eliten in der Fr\u00fchen Neuzeit\u201c steht eine Sozialformation im Zentrum des vorliegenden Themenheftes, die auch in der \u00e4lteren milit\u00e4rgeschichtlichen Forschung durchaus kein Schattendasein gef\u00fchrt hat. Gerade an einer solchen Thematik aber l\u00e4sst sich&nbsp;exemplarisch nachvollziehen, in welchem Ma\u00dfe ein solches Forschungsfeld von einer j\u00fcngeren Generation von Historikerinnen und Historikern neu vermessen und bestimmt wird, wie dynamisch sich also milit\u00e4rgeschichtliche&nbsp;Ans\u00e4tze im Kontext der aktuellen Fr\u00fchneuzeitforschung entwickeln. &nbsp;Die von Gundula Gahlen und Carmen Winkel dem Heft vorangestellte Einleitung bietet einen grundlegenden \u00dcberblick \u00fcber die aktuellen Forschungstrends und -perspektiven moderner Elitenforschung, in die sich Forschungen zu milit\u00e4rischen F\u00fchrungsgruppen in der Fr\u00fchen Neuzeit einordnen lassen. Die Autorinnen machen&nbsp;zugleich deutlich, dass gerade die Milit\u00e4rgeschichte hier durchaus eigene Akzente setzen kann, wenn sie beispielsweise in der aktuell boomenden Adelsforschung die Ambivalenz von funktionaler Elite, die sich seit dem 17. Jahrhundert in besonderem Ma\u00dfe Professionalisierungsanforderungen ausgesetzt sieht, und adeligem Standesdenken pr\u00e4zise herausarbeiten kann, oder wenn sie die Integration solcher professionalisierten Eliten in eine \u201ezivile\u201c Umgebung analysiert. Die einzelnen Beitr\u00e4ge von Frank G\u00f6se, Bodo Hechelhammer, Uta Krottenthaler, Carmen Winkel, Andreas \u00d6nnerfors, Oliver Schulz, Gundula Gahlen und Fredrik Thisner markieren dabei ein methodisches Spektrum, das aktuelle sozialgeschichtliche Angebote f\u00fcr die Rekonstruktion von Kollektivbiographien ebenso nutzt wie kulturgeschichtliche Perspektiven, die auf eine Analyse des spezifischen Habitus und Selbstverst\u00e4ndnisses milit\u00e4rischer Eliten zielen. &nbsp;Bemerkenswert ist auch die geographische Ausweitung des milit\u00e4rgeschichtlichen Forschungsfeldes. Zwar spielt Brandenburg-Preu\u00dfen weiterhin eine prominente Rolle, was nicht zuletzt in der besonders intensiven und&nbsp;systematischen Erschlie\u00dfung der vorhandenen Archivquellen begr\u00fcndet liegt, doch l\u00e4ngst haben auch die anderen&nbsp;Reichsterritorien ihren Platz in der neueren Milit\u00e4rgeschichte gefunden. Die Perspektive wird jedoch immer st\u00e4rker international und interkulturell vergleichend, was im vorliegenden Themenheft mit der Einbeziehung&nbsp;Schwedens und des Osmanischen Reiches seinen Niederschlag findet.&nbsp;&nbsp;Einmal mehr gilt mein gro\u00dfer Dank im Namen des Vorstandes unserem ebenso kompetenten wie engagierten&nbsp;Redaktionsteam mit Ulrike Ludwig, Gundula Gahlen, Carmen Winkel und Urte Evert. Sie haben das vorliegende Themenheft konzipiert und damit erneut die Lebendigkeit einer modernen Milit\u00e4rgeschichte und vor allem ihre&nbsp;Anschlussf\u00e4higkeit demonstriert. Ich w\u00fcnsche allen Leserinnen und Lesern die gleiche Lesefreude, die ich bei&nbsp;der Lekt\u00fcre der Beitr\u00e4ge dieses Themenheftes gehabt habe.\" \/>\n<meta property=\"og:url\" content=\"https:\/\/shop.verlag.uni-potsdam.de\/en\/shop\/militaerische-eliten-in-der-fruehen-neuzeit\/\" \/>\n<meta property=\"og:site_name\" content=\"Universit\u00e4tsverlag Potsdam\" \/>\n<meta property=\"article:modified_time\" content=\"2026-03-23T10:54:34+00:00\" \/>\n<meta property=\"og:image\" content=\"https:\/\/shop.verlag.uni-potsdam.de\/wp-content\/uploads\/asolmerce\/image-9783869560700.jpg\" \/>\n\t<meta property=\"og:image:width\" content=\"453\" \/>\n\t<meta property=\"og:image:height\" content=\"640\" \/>\n\t<meta property=\"og:image:type\" content=\"image\/jpeg\" \/>\n<meta name=\"twitter:card\" content=\"summary_large_image\" \/>\n<meta name=\"twitter:label1\" content=\"Est. reading time\" \/>\n\t<meta name=\"twitter:data1\" content=\"2 minutes\" \/>\n<script type=\"application\/ld+json\" class=\"yoast-schema-graph\">{\"@context\":\"https:\/\/schema.org\",\"@graph\":[{\"@type\":\"WebPage\",\"@id\":\"https:\/\/shop.verlag.uni-potsdam.de\/en\/shop\/militaerische-eliten-in-der-fruehen-neuzeit\/\",\"url\":\"https:\/\/shop.verlag.uni-potsdam.de\/en\/shop\/militaerische-eliten-in-der-fruehen-neuzeit\/\",\"name\":\"Milit\u00e4rische Eliten in der Fr\u00fchen Neuzeit - Universit\u00e4tsverlag Potsdam\",\"isPartOf\":{\"@id\":\"https:\/\/shop.verlag.uni-potsdam.de\/en\/#website\"},\"primaryImageOfPage\":{\"@id\":\"https:\/\/shop.verlag.uni-potsdam.de\/en\/shop\/militaerische-eliten-in-der-fruehen-neuzeit\/#primaryimage\"},\"image\":{\"@id\":\"https:\/\/shop.verlag.uni-potsdam.de\/shop\/militaerische-eliten-in-der-fruehen-neuzeit\/#primaryimage\"},\"thumbnailUrl\":\"https:\/\/shop.verlag.uni-potsdam.de\/wp-content\/uploads\/asolmerce\/image-9783869560700.jpg\",\"datePublished\":\"2026-03-23T08:53:34+00:00\",\"dateModified\":\"2026-03-23T10:54:34+00:00\",\"breadcrumb\":{\"@id\":\"https:\/\/shop.verlag.uni-potsdam.de\/en\/shop\/militaerische-eliten-in-der-fruehen-neuzeit\/#breadcrumb\"},\"inLanguage\":\"en-US\",\"potentialAction\":[{\"@type\":\"ReadAction\",\"target\":[[\"https:\/\/shop.verlag.uni-potsdam.de\/en\/shop\/militaerische-eliten-in-der-fruehen-neuzeit\/\"]]}]},{\"@type\":\"ImageObject\",\"inLanguage\":\"en-US\",\"@id\":\"https:\/\/shop.verlag.uni-potsdam.de\/en\/shop\/militaerische-eliten-in-der-fruehen-neuzeit\/#primaryimage\",\"url\":\"https:\/\/shop.verlag.uni-potsdam.de\/wp-content\/uploads\/asolmerce\/image-9783869560700.jpg\",\"contentUrl\":\"https:\/\/shop.verlag.uni-potsdam.de\/wp-content\/uploads\/asolmerce\/image-9783869560700.jpg\",\"width\":453,\"height\":640},{\"@type\":\"BreadcrumbList\",\"@id\":\"https:\/\/shop.verlag.uni-potsdam.de\/en\/shop\/militaerische-eliten-in-der-fruehen-neuzeit\/#breadcrumb\",\"itemListElement\":[{\"@type\":\"ListItem\",\"position\":1,\"name\":\"Startseite\",\"item\":\"https:\/\/shop.verlag.uni-potsdam.de\/en\/\"},{\"@type\":\"ListItem\",\"position\":2,\"name\":\"Shop\",\"item\":\"https:\/\/shop.verlag.uni-potsdam.de\/en\/shop\/\"},{\"@type\":\"ListItem\",\"position\":3,\"name\":\"Milit\u00e4rische Eliten in der Fr\u00fchen Neuzeit\"}]},{\"@type\":\"WebSite\",\"@id\":\"https:\/\/shop.verlag.uni-potsdam.de\/en\/#website\",\"url\":\"https:\/\/shop.verlag.uni-potsdam.de\/en\/\",\"name\":\"Universit\u00e4tsverlag Potsdam\",\"description\":\"\",\"publisher\":{\"@id\":\"https:\/\/shop.verlag.uni-potsdam.de\/en\/#organization\"},\"potentialAction\":[{\"@type\":\"SearchAction\",\"target\":{\"@type\":\"EntryPoint\",\"urlTemplate\":\"https:\/\/shop.verlag.uni-potsdam.de\/en\/?s={search_term_string}\"},\"query-input\":{\"@type\":\"PropertyValueSpecification\",\"valueRequired\":true,\"valueName\":\"search_term_string\"}}],\"inLanguage\":\"en-US\"},{\"@type\":\"Organization\",\"@id\":\"https:\/\/shop.verlag.uni-potsdam.de\/en\/#organization\",\"name\":\"Universit\u00e4tsverlag Potsdam\",\"url\":\"https:\/\/shop.verlag.uni-potsdam.de\/en\/\",\"logo\":{\"@type\":\"ImageObject\",\"inLanguage\":\"en-US\",\"@id\":\"https:\/\/shop.verlag.uni-potsdam.de\/en\/#\/schema\/logo\/image\/\",\"url\":\"https:\/\/shop.verlag.uni-potsdam.de\/wp-content\/uploads\/2017\/04\/up_logo_university_2.png\",\"contentUrl\":\"https:\/\/shop.verlag.uni-potsdam.de\/wp-content\/uploads\/2017\/04\/up_logo_university_2.png\",\"width\":160,\"height\":172,\"caption\":\"Universit\u00e4tsverlag Potsdam\"},\"image\":{\"@id\":\"https:\/\/shop.verlag.uni-potsdam.de\/en\/#\/schema\/logo\/image\/\"}}]}<\/script>\n<!-- \/ Yoast SEO plugin. -->","yoast_head_json":{"title":"Milit\u00e4rische Eliten in der Fr\u00fchen Neuzeit - Universit\u00e4tsverlag Potsdam","robots":{"index":"index","follow":"follow","max-snippet":"max-snippet:-1","max-image-preview":"max-image-preview:large","max-video-preview":"max-video-preview:-1"},"canonical":"https:\/\/shop.verlag.uni-potsdam.de\/en\/shop\/militaerische-eliten-in-der-fruehen-neuzeit\/","og_locale":"en_US","og_type":"article","og_title":"Milit\u00e4rische Eliten in der Fr\u00fchen Neuzeit - Universit\u00e4tsverlag Potsdam","og_description":"Aus dem Editorial:Es ist mittlerweile ein Markenzeichen der Zeitschrift des AMG, dass sie sich \u2013 in unregelm\u00e4\u00dfigen Abst\u00e4nden \u2013 einer besonderen Thematik widmet. Mit den \u201emilit\u00e4rischen Eliten in der Fr\u00fchen Neuzeit\u201c steht eine Sozialformation im Zentrum des vorliegenden Themenheftes, die auch in der \u00e4lteren milit\u00e4rgeschichtlichen Forschung durchaus kein Schattendasein gef\u00fchrt hat. Gerade an einer solchen Thematik aber l\u00e4sst sich&nbsp;exemplarisch nachvollziehen, in welchem Ma\u00dfe ein solches Forschungsfeld von einer j\u00fcngeren Generation von Historikerinnen und Historikern neu vermessen und bestimmt wird, wie dynamisch sich also milit\u00e4rgeschichtliche&nbsp;Ans\u00e4tze im Kontext der aktuellen Fr\u00fchneuzeitforschung entwickeln. &nbsp;Die von Gundula Gahlen und Carmen Winkel dem Heft vorangestellte Einleitung bietet einen grundlegenden \u00dcberblick \u00fcber die aktuellen Forschungstrends und -perspektiven moderner Elitenforschung, in die sich Forschungen zu milit\u00e4rischen F\u00fchrungsgruppen in der Fr\u00fchen Neuzeit einordnen lassen. Die Autorinnen machen&nbsp;zugleich deutlich, dass gerade die Milit\u00e4rgeschichte hier durchaus eigene Akzente setzen kann, wenn sie beispielsweise in der aktuell boomenden Adelsforschung die Ambivalenz von funktionaler Elite, die sich seit dem 17. Jahrhundert in besonderem Ma\u00dfe Professionalisierungsanforderungen ausgesetzt sieht, und adeligem Standesdenken pr\u00e4zise herausarbeiten kann, oder wenn sie die Integration solcher professionalisierten Eliten in eine \u201ezivile\u201c Umgebung analysiert. Die einzelnen Beitr\u00e4ge von Frank G\u00f6se, Bodo Hechelhammer, Uta Krottenthaler, Carmen Winkel, Andreas \u00d6nnerfors, Oliver Schulz, Gundula Gahlen und Fredrik Thisner markieren dabei ein methodisches Spektrum, das aktuelle sozialgeschichtliche Angebote f\u00fcr die Rekonstruktion von Kollektivbiographien ebenso nutzt wie kulturgeschichtliche Perspektiven, die auf eine Analyse des spezifischen Habitus und Selbstverst\u00e4ndnisses milit\u00e4rischer Eliten zielen. &nbsp;Bemerkenswert ist auch die geographische Ausweitung des milit\u00e4rgeschichtlichen Forschungsfeldes. Zwar spielt Brandenburg-Preu\u00dfen weiterhin eine prominente Rolle, was nicht zuletzt in der besonders intensiven und&nbsp;systematischen Erschlie\u00dfung der vorhandenen Archivquellen begr\u00fcndet liegt, doch l\u00e4ngst haben auch die anderen&nbsp;Reichsterritorien ihren Platz in der neueren Milit\u00e4rgeschichte gefunden. Die Perspektive wird jedoch immer st\u00e4rker international und interkulturell vergleichend, was im vorliegenden Themenheft mit der Einbeziehung&nbsp;Schwedens und des Osmanischen Reiches seinen Niederschlag findet.&nbsp;&nbsp;Einmal mehr gilt mein gro\u00dfer Dank im Namen des Vorstandes unserem ebenso kompetenten wie engagierten&nbsp;Redaktionsteam mit Ulrike Ludwig, Gundula Gahlen, Carmen Winkel und Urte Evert. Sie haben das vorliegende Themenheft konzipiert und damit erneut die Lebendigkeit einer modernen Milit\u00e4rgeschichte und vor allem ihre&nbsp;Anschlussf\u00e4higkeit demonstriert. Ich w\u00fcnsche allen Leserinnen und Lesern die gleiche Lesefreude, die ich bei&nbsp;der Lekt\u00fcre der Beitr\u00e4ge dieses Themenheftes gehabt habe.","og_url":"https:\/\/shop.verlag.uni-potsdam.de\/en\/shop\/militaerische-eliten-in-der-fruehen-neuzeit\/","og_site_name":"Universit\u00e4tsverlag Potsdam","article_modified_time":"2026-03-23T10:54:34+00:00","og_image":[{"width":453,"height":640,"url":"https:\/\/shop.verlag.uni-potsdam.de\/wp-content\/uploads\/asolmerce\/image-9783869560700.jpg","type":"image\/jpeg"}],"twitter_card":"summary_large_image","twitter_misc":{"Est. reading time":"2 minutes"},"schema":{"@context":"https:\/\/schema.org","@graph":[{"@type":"WebPage","@id":"https:\/\/shop.verlag.uni-potsdam.de\/en\/shop\/militaerische-eliten-in-der-fruehen-neuzeit\/","url":"https:\/\/shop.verlag.uni-potsdam.de\/en\/shop\/militaerische-eliten-in-der-fruehen-neuzeit\/","name":"Milit\u00e4rische Eliten in der Fr\u00fchen Neuzeit - Universit\u00e4tsverlag Potsdam","isPartOf":{"@id":"https:\/\/shop.verlag.uni-potsdam.de\/en\/#website"},"primaryImageOfPage":{"@id":"https:\/\/shop.verlag.uni-potsdam.de\/en\/shop\/militaerische-eliten-in-der-fruehen-neuzeit\/#primaryimage"},"image":{"@id":"https:\/\/shop.verlag.uni-potsdam.de\/shop\/militaerische-eliten-in-der-fruehen-neuzeit\/#primaryimage"},"thumbnailUrl":"https:\/\/shop.verlag.uni-potsdam.de\/wp-content\/uploads\/asolmerce\/image-9783869560700.jpg","datePublished":"2026-03-23T08:53:34+00:00","dateModified":"2026-03-23T10:54:34+00:00","breadcrumb":{"@id":"https:\/\/shop.verlag.uni-potsdam.de\/en\/shop\/militaerische-eliten-in-der-fruehen-neuzeit\/#breadcrumb"},"inLanguage":"en-US","potentialAction":[{"@type":"ReadAction","target":[["https:\/\/shop.verlag.uni-potsdam.de\/en\/shop\/militaerische-eliten-in-der-fruehen-neuzeit\/"]]}]},{"@type":"ImageObject","inLanguage":"en-US","@id":"https:\/\/shop.verlag.uni-potsdam.de\/en\/shop\/militaerische-eliten-in-der-fruehen-neuzeit\/#primaryimage","url":"https:\/\/shop.verlag.uni-potsdam.de\/wp-content\/uploads\/asolmerce\/image-9783869560700.jpg","contentUrl":"https:\/\/shop.verlag.uni-potsdam.de\/wp-content\/uploads\/asolmerce\/image-9783869560700.jpg","width":453,"height":640},{"@type":"BreadcrumbList","@id":"https:\/\/shop.verlag.uni-potsdam.de\/en\/shop\/militaerische-eliten-in-der-fruehen-neuzeit\/#breadcrumb","itemListElement":[{"@type":"ListItem","position":1,"name":"Startseite","item":"https:\/\/shop.verlag.uni-potsdam.de\/en\/"},{"@type":"ListItem","position":2,"name":"Shop","item":"https:\/\/shop.verlag.uni-potsdam.de\/en\/shop\/"},{"@type":"ListItem","position":3,"name":"Milit\u00e4rische Eliten in der Fr\u00fchen Neuzeit"}]},{"@type":"WebSite","@id":"https:\/\/shop.verlag.uni-potsdam.de\/en\/#website","url":"https:\/\/shop.verlag.uni-potsdam.de\/en\/","name":"Universit\u00e4tsverlag Potsdam","description":"","publisher":{"@id":"https:\/\/shop.verlag.uni-potsdam.de\/en\/#organization"},"potentialAction":[{"@type":"SearchAction","target":{"@type":"EntryPoint","urlTemplate":"https:\/\/shop.verlag.uni-potsdam.de\/en\/?s={search_term_string}"},"query-input":{"@type":"PropertyValueSpecification","valueRequired":true,"valueName":"search_term_string"}}],"inLanguage":"en-US"},{"@type":"Organization","@id":"https:\/\/shop.verlag.uni-potsdam.de\/en\/#organization","name":"Universit\u00e4tsverlag Potsdam","url":"https:\/\/shop.verlag.uni-potsdam.de\/en\/","logo":{"@type":"ImageObject","inLanguage":"en-US","@id":"https:\/\/shop.verlag.uni-potsdam.de\/en\/#\/schema\/logo\/image\/","url":"https:\/\/shop.verlag.uni-potsdam.de\/wp-content\/uploads\/2017\/04\/up_logo_university_2.png","contentUrl":"https:\/\/shop.verlag.uni-potsdam.de\/wp-content\/uploads\/2017\/04\/up_logo_university_2.png","width":160,"height":172,"caption":"Universit\u00e4tsverlag Potsdam"},"image":{"@id":"https:\/\/shop.verlag.uni-potsdam.de\/en\/#\/schema\/logo\/image\/"}}]}},"_links":{"self":[{"href":"https:\/\/shop.verlag.uni-potsdam.de\/en\/wp-json\/wp\/v2\/product\/51737","targetHints":{"allow":["GET"]}}],"collection":[{"href":"https:\/\/shop.verlag.uni-potsdam.de\/en\/wp-json\/wp\/v2\/product"}],"about":[{"href":"https:\/\/shop.verlag.uni-potsdam.de\/en\/wp-json\/wp\/v2\/types\/product"}],"wp:featuredmedia":[{"embeddable":true,"href":"https:\/\/shop.verlag.uni-potsdam.de\/en\/wp-json\/wp\/v2\/media\/53881"}],"wp:attachment":[{"href":"https:\/\/shop.verlag.uni-potsdam.de\/en\/wp-json\/wp\/v2\/media?parent=51737"}],"wp:term":[{"taxonomy":"product_brand","embeddable":true,"href":"https:\/\/shop.verlag.uni-potsdam.de\/en\/wp-json\/wp\/v2\/product_brand?post=51737"},{"taxonomy":"product_cat","embeddable":true,"href":"https:\/\/shop.verlag.uni-potsdam.de\/en\/wp-json\/wp\/v2\/product_cat?post=51737"},{"taxonomy":"product_tag","embeddable":true,"href":"https:\/\/shop.verlag.uni-potsdam.de\/en\/wp-json\/wp\/v2\/product_tag?post=51737"}],"curies":[{"name":"wp","href":"https:\/\/api.w.org\/{rel}","templated":true}]}}