{"id":51741,"date":"2026-03-23T08:53:29","date_gmt":"2026-03-23T08:53:29","guid":{"rendered":"http:\/\/shop.verlag.uni-potsdam.de\/produkt\/brandenburger-antike-denkwerk-kulturelle-identitaet-alltagsleben\/"},"modified":"2026-03-23T11:54:29","modified_gmt":"2026-03-23T10:54:29","slug":"brandenburger-antike-denkwerk","status":"publish","type":"product","link":"https:\/\/shop.verlag.uni-potsdam.de\/en\/shop\/brandenburger-antike-denkwerk\/","title":{"rendered":"Brandenburger Antike-Denkwerk"},"content":{"rendered":"<p class=\"qtranxs-available-languages-message qtranxs-available-languages-message-en\">Sorry, this entry is only available in <a href=\"https:\/\/shop.verlag.uni-potsdam.de\/de\/wp-json\/wp\/v2\/product\/51741\" class=\"qtranxs-available-language-link qtranxs-available-language-link-de\" title=\"Deutsch\">Deutsch<\/a>.<\/p><p>Im September 2007 fand der \u201aPotsdamer Lateintag\u2018 an der Universit\u00e4t Potsdam zum dritten Mal statt. Der Tag selbst entsprach in seiner Konzeption den Veranstaltungen der vergangenen Jahre. Allerdings gab es eine Neuigkeit: Seit diesem Jahr war er Teil eines gr\u00f6\u00dferen, \u00fcber drei Jahre angelegten Projekts, dem Brandenburger Antike-Denkwerk (BrAnD), das im Rahmen des Denkwerke-Programms der Robert Bosch Stiftung gef\u00f6rdert wird. Hierbei werden in enger Zusammenarbeit von Universit\u00e4t und Schulen Einzelprojekte an Schulen gef\u00f6rdert. Neben den Vortr\u00e4gen des Lateintags von Herrn Prof. Dr. K.-W. Weeber und Frau PD Dr. Chr. Kunst finden sich daher zum ersten Mal in einem Heft dieser Reihe ein Bericht zum Ablauf des gesamten Projekts sowie einige Berichte zu Schulprojekten.<\/p>","protected":false},"excerpt":{"rendered":"<p class=\"qtranxs-available-languages-message qtranxs-available-languages-message-en\">Sorry, this entry is only available in <a href=\"https:\/\/shop.verlag.uni-potsdam.de\/de\/wp-json\/wp\/v2\/product\/51741\" class=\"qtranxs-available-language-link qtranxs-available-language-link-de\" title=\"Deutsch\">Deutsch<\/a>.<\/p>\n<p>Im September 2007 fand der \u201aPotsdamer Lateintag\u2018 an der Universit\u00e4t Potsdam zum dritten Mal statt. Der Tag selbst entsprach in seiner Konzeption den Veranstaltungen der vergangenen Jahre. Allerdings gab es eine Neuigkeit: Seit diesem Jahr war er Teil eines gr\u00f6\u00dferen, \u00fcber drei Jahre angelegten Projekts, dem Brandenburger Antike-Denkwerk (BrAnD), das im Rahmen des Denkwerke-Programms der Robert Bosch Stiftung gef\u00f6rdert wird. Hierbei werden in enger Zusammenarbeit von Universit\u00e4t und Schulen Einzelprojekte an Schulen gef\u00f6rdert. Neben den Vortr\u00e4gen des Lateintags von Herrn Prof. Dr. K.-W. Weeber und Frau PD Dr. Chr. Kunst finden sich daher zum ersten Mal in einem Heft dieser Reihe ein Bericht zum Ablauf des gesamten Projekts sowie einige Berichte zu Schulprojekten.<\/p>\n","protected":false},"featured_media":53862,"template":"","meta":{"_acf_changed":false},"product_brand":[],"product_cat":[6220],"product_tag":[5778],"class_list":{"0":"post-51741","1":"product","2":"type-product","3":"status-publish","4":"has-post-thumbnail","6":"product_cat-paedagogik-web-kategorie","7":"product_tag-essensitte-kleidung-reich-roemische-therme-trinksitte-wohnkultur","8":"autor-ursula-gaertner","9":"edition-restexemplare","11":"first","12":"instock","13":"shipping-taxable","14":"purchasable","15":"product-type-simple"},"acf":[],"yoast_head":"<!-- This site is optimized with the Yoast SEO plugin v27.1.1 - https:\/\/yoast.com\/product\/yoast-seo-wordpress\/ -->\n<title>Brandenburger Antike-Denkwerk - Universit\u00e4tsverlag Potsdam<\/title>\n<meta name=\"robots\" content=\"index, follow, max-snippet:-1, max-image-preview:large, max-video-preview:-1\" \/>\n<link rel=\"canonical\" href=\"https:\/\/shop.verlag.uni-potsdam.de\/en\/shop\/brandenburger-antike-denkwerk\/\" \/>\n<meta property=\"og:locale\" content=\"en_US\" \/>\n<meta property=\"og:type\" content=\"article\" \/>\n<meta property=\"og:title\" content=\"Brandenburger Antike-Denkwerk - Universit\u00e4tsverlag Potsdam\" \/>\n<meta property=\"og:description\" content=\"Im September 2007 fand der \u201aPotsdamer Lateintag\u2018 an der Universit\u00e4t Potsdam zum dritten Mal statt. Der Tag selbst entsprach in seiner Konzeption den Veranstaltungen der vergangenen Jahre. Allerdings gab es eine Neuigkeit: Seit diesem Jahr war er Teil eines gr\u00f6\u00dferen, \u00fcber drei Jahre angelegten Projekts, dem Brandenburger Antike-Denkwerk (BrAnD), das im Rahmen des Denkwerke-Programms der Robert Bosch Stiftung gef\u00f6rdert wird. Hierbei werden in enger Zusammenarbeit von Universit\u00e4t und Schulen Einzelprojekte an Schulen gef\u00f6rdert. Neben den Vortr\u00e4gen des Lateintags von Herrn Prof. Dr. K.-W. Weeber und Frau PD Dr. Chr. Kunst finden sich daher zum ersten Mal in einem Heft dieser Reihe ein Bericht zum Ablauf des gesamten Projekts sowie einige Berichte zu Schulprojekten.\" \/>\n<meta property=\"og:url\" content=\"https:\/\/shop.verlag.uni-potsdam.de\/en\/shop\/brandenburger-antike-denkwerk\/\" \/>\n<meta property=\"og:site_name\" content=\"Universit\u00e4tsverlag Potsdam\" \/>\n<meta property=\"article:modified_time\" content=\"2026-03-23T10:54:29+00:00\" \/>\n<meta property=\"og:image\" content=\"https:\/\/shop.verlag.uni-potsdam.de\/wp-content\/uploads\/asolmerce\/image-9783869560250.jpg\" \/>\n\t<meta property=\"og:image:width\" content=\"451\" \/>\n\t<meta property=\"og:image:height\" content=\"640\" \/>\n\t<meta property=\"og:image:type\" content=\"image\/jpeg\" \/>\n<meta name=\"twitter:card\" content=\"summary_large_image\" \/>\n<meta name=\"twitter:label1\" content=\"Est. reading time\" \/>\n\t<meta name=\"twitter:data1\" content=\"1 minute\" \/>\n<script type=\"application\/ld+json\" class=\"yoast-schema-graph\">{\"@context\":\"https:\/\/schema.org\",\"@graph\":[{\"@type\":\"WebPage\",\"@id\":\"https:\/\/shop.verlag.uni-potsdam.de\/en\/shop\/brandenburger-antike-denkwerk\/\",\"url\":\"https:\/\/shop.verlag.uni-potsdam.de\/en\/shop\/brandenburger-antike-denkwerk\/\",\"name\":\"Brandenburger Antike-Denkwerk - Universit\u00e4tsverlag Potsdam\",\"isPartOf\":{\"@id\":\"https:\/\/shop.verlag.uni-potsdam.de\/en\/#website\"},\"primaryImageOfPage\":{\"@id\":\"https:\/\/shop.verlag.uni-potsdam.de\/en\/shop\/brandenburger-antike-denkwerk\/#primaryimage\"},\"image\":{\"@id\":\"https:\/\/shop.verlag.uni-potsdam.de\/shop\/brandenburger-antike-denkwerk\/#primaryimage\"},\"thumbnailUrl\":\"https:\/\/shop.verlag.uni-potsdam.de\/wp-content\/uploads\/asolmerce\/image-9783869560250.jpg\",\"datePublished\":\"2026-03-23T08:53:29+00:00\",\"dateModified\":\"2026-03-23T10:54:29+00:00\",\"breadcrumb\":{\"@id\":\"https:\/\/shop.verlag.uni-potsdam.de\/en\/shop\/brandenburger-antike-denkwerk\/#breadcrumb\"},\"inLanguage\":\"en-US\",\"potentialAction\":[{\"@type\":\"ReadAction\",\"target\":[[\"https:\/\/shop.verlag.uni-potsdam.de\/en\/shop\/brandenburger-antike-denkwerk\/\"]]}]},{\"@type\":\"ImageObject\",\"inLanguage\":\"en-US\",\"@id\":\"https:\/\/shop.verlag.uni-potsdam.de\/en\/shop\/brandenburger-antike-denkwerk\/#primaryimage\",\"url\":\"https:\/\/shop.verlag.uni-potsdam.de\/wp-content\/uploads\/asolmerce\/image-9783869560250.jpg\",\"contentUrl\":\"https:\/\/shop.verlag.uni-potsdam.de\/wp-content\/uploads\/asolmerce\/image-9783869560250.jpg\",\"width\":451,\"height\":640},{\"@type\":\"BreadcrumbList\",\"@id\":\"https:\/\/shop.verlag.uni-potsdam.de\/en\/shop\/brandenburger-antike-denkwerk\/#breadcrumb\",\"itemListElement\":[{\"@type\":\"ListItem\",\"position\":1,\"name\":\"Startseite\",\"item\":\"https:\/\/shop.verlag.uni-potsdam.de\/en\/\"},{\"@type\":\"ListItem\",\"position\":2,\"name\":\"Shop\",\"item\":\"https:\/\/shop.verlag.uni-potsdam.de\/en\/shop\/\"},{\"@type\":\"ListItem\",\"position\":3,\"name\":\"Brandenburger Antike-Denkwerk\"}]},{\"@type\":\"WebSite\",\"@id\":\"https:\/\/shop.verlag.uni-potsdam.de\/en\/#website\",\"url\":\"https:\/\/shop.verlag.uni-potsdam.de\/en\/\",\"name\":\"Universit\u00e4tsverlag Potsdam\",\"description\":\"\",\"publisher\":{\"@id\":\"https:\/\/shop.verlag.uni-potsdam.de\/en\/#organization\"},\"potentialAction\":[{\"@type\":\"SearchAction\",\"target\":{\"@type\":\"EntryPoint\",\"urlTemplate\":\"https:\/\/shop.verlag.uni-potsdam.de\/en\/?s={search_term_string}\"},\"query-input\":{\"@type\":\"PropertyValueSpecification\",\"valueRequired\":true,\"valueName\":\"search_term_string\"}}],\"inLanguage\":\"en-US\"},{\"@type\":\"Organization\",\"@id\":\"https:\/\/shop.verlag.uni-potsdam.de\/en\/#organization\",\"name\":\"Universit\u00e4tsverlag Potsdam\",\"url\":\"https:\/\/shop.verlag.uni-potsdam.de\/en\/\",\"logo\":{\"@type\":\"ImageObject\",\"inLanguage\":\"en-US\",\"@id\":\"https:\/\/shop.verlag.uni-potsdam.de\/en\/#\/schema\/logo\/image\/\",\"url\":\"https:\/\/shop.verlag.uni-potsdam.de\/wp-content\/uploads\/2017\/04\/up_logo_university_2.png\",\"contentUrl\":\"https:\/\/shop.verlag.uni-potsdam.de\/wp-content\/uploads\/2017\/04\/up_logo_university_2.png\",\"width\":160,\"height\":172,\"caption\":\"Universit\u00e4tsverlag Potsdam\"},\"image\":{\"@id\":\"https:\/\/shop.verlag.uni-potsdam.de\/en\/#\/schema\/logo\/image\/\"}}]}<\/script>\n<!-- \/ Yoast SEO plugin. -->","yoast_head_json":{"title":"Brandenburger Antike-Denkwerk - Universit\u00e4tsverlag Potsdam","robots":{"index":"index","follow":"follow","max-snippet":"max-snippet:-1","max-image-preview":"max-image-preview:large","max-video-preview":"max-video-preview:-1"},"canonical":"https:\/\/shop.verlag.uni-potsdam.de\/en\/shop\/brandenburger-antike-denkwerk\/","og_locale":"en_US","og_type":"article","og_title":"Brandenburger Antike-Denkwerk - Universit\u00e4tsverlag Potsdam","og_description":"Im September 2007 fand der \u201aPotsdamer Lateintag\u2018 an der Universit\u00e4t Potsdam zum dritten Mal statt. Der Tag selbst entsprach in seiner Konzeption den Veranstaltungen der vergangenen Jahre. Allerdings gab es eine Neuigkeit: Seit diesem Jahr war er Teil eines gr\u00f6\u00dferen, \u00fcber drei Jahre angelegten Projekts, dem Brandenburger Antike-Denkwerk (BrAnD), das im Rahmen des Denkwerke-Programms der Robert Bosch Stiftung gef\u00f6rdert wird. Hierbei werden in enger Zusammenarbeit von Universit\u00e4t und Schulen Einzelprojekte an Schulen gef\u00f6rdert. Neben den Vortr\u00e4gen des Lateintags von Herrn Prof. Dr. K.-W. Weeber und Frau PD Dr. Chr. Kunst finden sich daher zum ersten Mal in einem Heft dieser Reihe ein Bericht zum Ablauf des gesamten Projekts sowie einige Berichte zu Schulprojekten.","og_url":"https:\/\/shop.verlag.uni-potsdam.de\/en\/shop\/brandenburger-antike-denkwerk\/","og_site_name":"Universit\u00e4tsverlag Potsdam","article_modified_time":"2026-03-23T10:54:29+00:00","og_image":[{"width":451,"height":640,"url":"https:\/\/shop.verlag.uni-potsdam.de\/wp-content\/uploads\/asolmerce\/image-9783869560250.jpg","type":"image\/jpeg"}],"twitter_card":"summary_large_image","twitter_misc":{"Est. reading time":"1 minute"},"schema":{"@context":"https:\/\/schema.org","@graph":[{"@type":"WebPage","@id":"https:\/\/shop.verlag.uni-potsdam.de\/en\/shop\/brandenburger-antike-denkwerk\/","url":"https:\/\/shop.verlag.uni-potsdam.de\/en\/shop\/brandenburger-antike-denkwerk\/","name":"Brandenburger Antike-Denkwerk - Universit\u00e4tsverlag Potsdam","isPartOf":{"@id":"https:\/\/shop.verlag.uni-potsdam.de\/en\/#website"},"primaryImageOfPage":{"@id":"https:\/\/shop.verlag.uni-potsdam.de\/en\/shop\/brandenburger-antike-denkwerk\/#primaryimage"},"image":{"@id":"https:\/\/shop.verlag.uni-potsdam.de\/shop\/brandenburger-antike-denkwerk\/#primaryimage"},"thumbnailUrl":"https:\/\/shop.verlag.uni-potsdam.de\/wp-content\/uploads\/asolmerce\/image-9783869560250.jpg","datePublished":"2026-03-23T08:53:29+00:00","dateModified":"2026-03-23T10:54:29+00:00","breadcrumb":{"@id":"https:\/\/shop.verlag.uni-potsdam.de\/en\/shop\/brandenburger-antike-denkwerk\/#breadcrumb"},"inLanguage":"en-US","potentialAction":[{"@type":"ReadAction","target":[["https:\/\/shop.verlag.uni-potsdam.de\/en\/shop\/brandenburger-antike-denkwerk\/"]]}]},{"@type":"ImageObject","inLanguage":"en-US","@id":"https:\/\/shop.verlag.uni-potsdam.de\/en\/shop\/brandenburger-antike-denkwerk\/#primaryimage","url":"https:\/\/shop.verlag.uni-potsdam.de\/wp-content\/uploads\/asolmerce\/image-9783869560250.jpg","contentUrl":"https:\/\/shop.verlag.uni-potsdam.de\/wp-content\/uploads\/asolmerce\/image-9783869560250.jpg","width":451,"height":640},{"@type":"BreadcrumbList","@id":"https:\/\/shop.verlag.uni-potsdam.de\/en\/shop\/brandenburger-antike-denkwerk\/#breadcrumb","itemListElement":[{"@type":"ListItem","position":1,"name":"Startseite","item":"https:\/\/shop.verlag.uni-potsdam.de\/en\/"},{"@type":"ListItem","position":2,"name":"Shop","item":"https:\/\/shop.verlag.uni-potsdam.de\/en\/shop\/"},{"@type":"ListItem","position":3,"name":"Brandenburger Antike-Denkwerk"}]},{"@type":"WebSite","@id":"https:\/\/shop.verlag.uni-potsdam.de\/en\/#website","url":"https:\/\/shop.verlag.uni-potsdam.de\/en\/","name":"Universit\u00e4tsverlag Potsdam","description":"","publisher":{"@id":"https:\/\/shop.verlag.uni-potsdam.de\/en\/#organization"},"potentialAction":[{"@type":"SearchAction","target":{"@type":"EntryPoint","urlTemplate":"https:\/\/shop.verlag.uni-potsdam.de\/en\/?s={search_term_string}"},"query-input":{"@type":"PropertyValueSpecification","valueRequired":true,"valueName":"search_term_string"}}],"inLanguage":"en-US"},{"@type":"Organization","@id":"https:\/\/shop.verlag.uni-potsdam.de\/en\/#organization","name":"Universit\u00e4tsverlag Potsdam","url":"https:\/\/shop.verlag.uni-potsdam.de\/en\/","logo":{"@type":"ImageObject","inLanguage":"en-US","@id":"https:\/\/shop.verlag.uni-potsdam.de\/en\/#\/schema\/logo\/image\/","url":"https:\/\/shop.verlag.uni-potsdam.de\/wp-content\/uploads\/2017\/04\/up_logo_university_2.png","contentUrl":"https:\/\/shop.verlag.uni-potsdam.de\/wp-content\/uploads\/2017\/04\/up_logo_university_2.png","width":160,"height":172,"caption":"Universit\u00e4tsverlag Potsdam"},"image":{"@id":"https:\/\/shop.verlag.uni-potsdam.de\/en\/#\/schema\/logo\/image\/"}}]}},"_links":{"self":[{"href":"https:\/\/shop.verlag.uni-potsdam.de\/en\/wp-json\/wp\/v2\/product\/51741","targetHints":{"allow":["GET"]}}],"collection":[{"href":"https:\/\/shop.verlag.uni-potsdam.de\/en\/wp-json\/wp\/v2\/product"}],"about":[{"href":"https:\/\/shop.verlag.uni-potsdam.de\/en\/wp-json\/wp\/v2\/types\/product"}],"wp:featuredmedia":[{"embeddable":true,"href":"https:\/\/shop.verlag.uni-potsdam.de\/en\/wp-json\/wp\/v2\/media\/53862"}],"wp:attachment":[{"href":"https:\/\/shop.verlag.uni-potsdam.de\/en\/wp-json\/wp\/v2\/media?parent=51741"}],"wp:term":[{"taxonomy":"product_brand","embeddable":true,"href":"https:\/\/shop.verlag.uni-potsdam.de\/en\/wp-json\/wp\/v2\/product_brand?post=51741"},{"taxonomy":"product_cat","embeddable":true,"href":"https:\/\/shop.verlag.uni-potsdam.de\/en\/wp-json\/wp\/v2\/product_cat?post=51741"},{"taxonomy":"product_tag","embeddable":true,"href":"https:\/\/shop.verlag.uni-potsdam.de\/en\/wp-json\/wp\/v2\/product_tag?post=51741"}],"curies":[{"name":"wp","href":"https:\/\/api.w.org\/{rel}","templated":true}]}}