{"id":51743,"date":"2026-04-27T05:29:33","date_gmt":"2026-04-27T05:29:33","guid":{"rendered":"http:\/\/shop.verlag.uni-potsdam.de\/produkt\/giest-umweltbildung-und-schulgarten-2-unveraend-aufl\/"},"modified":"2026-04-27T09:30:33","modified_gmt":"2026-04-27T07:30:33","slug":"umweltbildung-und-schulgarten","status":"publish","type":"product","link":"https:\/\/shop.verlag.uni-potsdam.de\/en\/shop\/umweltbildung-und-schulgarten\/","title":{"rendered":"Umweltbildung und Schulgarten"},"content":{"rendered":"<p class=\"qtranxs-available-languages-message qtranxs-available-languages-message-en\">Sorry, this entry is only available in <a href=\"https:\/\/shop.verlag.uni-potsdam.de\/de\/wp-json\/wp\/v2\/product\/51743\" class=\"qtranxs-available-language-link qtranxs-available-language-link-de\" title=\"Deutsch\">Deutsch<\/a>.<\/p><p>In der Handreichung geben Experten (Wissenschaftler und Praktiker) theoretische Orientierungen und praktische Anregungen und Hinweise zur Umwelterziehung und Erziehung zur Naturverbundenheit innerhalb und au\u00dferhalb von Schule. Einen Schwerpunkt bilden hierbei der Schulgarten und Schulgartenunterricht. Weitere Themen sind Lernen mit allen Sinnen, Erfahrungen im Gr\u00fcnen Klassenzimmer, praktische Umweltprojekte und Naturerziehung konkret, Nutzung moderner Medien in der Umweltbildung u.a. Adressaten der Handreichung sind F\u00f6rderer, Tr\u00e4ger, Betreiber und Nutzer schulischer und au\u00dferschulischer Umweltbildungseinrichtungen und des Schulgartens sowie auf dem Gebiet arbeitende und forschende Wissenschaftler. Insbesondere richtet sich die Handreichung an im Schulgarten t\u00e4tige Lehrerinnen und Lehrer, denen M\u00f6glichkeiten aufgezeigt werden sollen, wie die nicht explizit in der Stundentafel der Schule verankerte Arbeit im Schulgarten zu einem festen Bestandteil p\u00e4dagogischer Bem\u00fchungen um die Umwelterziehung (auch \u00fcber Schulgrenzen hinaus) gemacht und der Schulgartenbewegung neue Impulse verliehen werden kann.<\/p>","protected":false},"excerpt":{"rendered":"<p class=\"qtranxs-available-languages-message qtranxs-available-languages-message-en\">Sorry, this entry is only available in <a href=\"https:\/\/shop.verlag.uni-potsdam.de\/de\/wp-json\/wp\/v2\/product\/51743\" class=\"qtranxs-available-language-link qtranxs-available-language-link-de\" title=\"Deutsch\">Deutsch<\/a>.<\/p>\n<p>In der Handreichung geben Experten (Wissenschaftler und Praktiker) theoretische Orientierungen und praktische Anregungen und Hinweise zur Umwelterziehung und Erziehung zur Naturverbundenheit innerhalb und au\u00dferhalb von Schule. Einen Schwerpunkt bilden hierbei der Schulgarten und Schulgartenunterricht. Weitere Themen sind Lernen mit allen Sinnen, Erfahrungen im Gr\u00fcnen Klassenzimmer, praktische Umweltprojekte und Naturerziehung konkret, Nutzung moderner Medien in der Umweltbildung u.a. Adressaten der Handreichung sind F\u00f6rderer, Tr\u00e4ger, Betreiber und Nutzer schulischer und au\u00dferschulischer Umweltbildungseinrichtungen und des Schulgartens sowie auf dem Gebiet arbeitende und forschende Wissenschaftler. Insbesondere richtet sich die Handreichung an im Schulgarten t\u00e4tige Lehrerinnen und Lehrer, denen M\u00f6glichkeiten aufgezeigt werden sollen, wie die nicht explizit in der Stundentafel der Schule verankerte Arbeit im Schulgarten zu einem festen Bestandteil p\u00e4dagogischer Bem\u00fchungen um die Umwelterziehung (auch \u00fcber Schulgrenzen hinaus) gemacht und der Schulgartenbewegung neue Impulse verliehen werden kann.<\/p>\n","protected":false},"featured_media":53861,"template":"","meta":{"_acf_changed":false},"product_brand":[],"product_cat":[6220],"product_tag":[5128],"class_list":{"0":"post-51743","1":"product","2":"type-product","3":"status-publish","4":"has-post-thumbnail","6":"product_cat-paedagogik-web-kategorie","7":"product_tag-erziehung-schulgarten-umwelterziehung","8":"autor-hartmut-giest","10":"first","11":"instock","12":"shipping-taxable","13":"purchasable","14":"product-type-simple"},"acf":[],"yoast_head":"<!-- This site is optimized with the Yoast SEO plugin v27.1.1 - https:\/\/yoast.com\/product\/yoast-seo-wordpress\/ -->\n<title>Umweltbildung und Schulgarten - Universit\u00e4tsverlag Potsdam<\/title>\n<meta name=\"robots\" content=\"index, follow, max-snippet:-1, max-image-preview:large, max-video-preview:-1\" \/>\n<link rel=\"canonical\" href=\"https:\/\/shop.verlag.uni-potsdam.de\/en\/shop\/umweltbildung-und-schulgarten\/\" \/>\n<meta property=\"og:locale\" content=\"en_US\" \/>\n<meta property=\"og:type\" content=\"article\" \/>\n<meta property=\"og:title\" content=\"Umweltbildung und Schulgarten - Universit\u00e4tsverlag Potsdam\" \/>\n<meta property=\"og:description\" content=\"In der Handreichung geben Experten (Wissenschaftler und Praktiker) theoretische Orientierungen und praktische Anregungen und Hinweise zur Umwelterziehung und Erziehung zur Naturverbundenheit innerhalb und au\u00dferhalb von Schule. Einen Schwerpunkt bilden hierbei der Schulgarten und Schulgartenunterricht. Weitere Themen sind Lernen mit allen Sinnen, Erfahrungen im Gr\u00fcnen Klassenzimmer, praktische Umweltprojekte und Naturerziehung konkret, Nutzung moderner Medien in der Umweltbildung u.a. Adressaten der Handreichung sind F\u00f6rderer, Tr\u00e4ger, Betreiber und Nutzer schulischer und au\u00dferschulischer Umweltbildungseinrichtungen und des Schulgartens sowie auf dem Gebiet arbeitende und forschende Wissenschaftler. Insbesondere richtet sich die Handreichung an im Schulgarten t\u00e4tige Lehrerinnen und Lehrer, denen M\u00f6glichkeiten aufgezeigt werden sollen, wie die nicht explizit in der Stundentafel der Schule verankerte Arbeit im Schulgarten zu einem festen Bestandteil p\u00e4dagogischer Bem\u00fchungen um die Umwelterziehung (auch \u00fcber Schulgrenzen hinaus) gemacht und der Schulgartenbewegung neue Impulse verliehen werden kann.\" \/>\n<meta property=\"og:url\" content=\"https:\/\/shop.verlag.uni-potsdam.de\/en\/shop\/umweltbildung-und-schulgarten\/\" \/>\n<meta property=\"og:site_name\" content=\"Universit\u00e4tsverlag Potsdam\" \/>\n<meta property=\"article:modified_time\" content=\"2026-04-27T07:30:33+00:00\" \/>\n<meta property=\"og:image\" content=\"https:\/\/shop.verlag.uni-potsdam.de\/wp-content\/uploads\/asolmerce\/image-9783940793195.jpg\" \/>\n\t<meta property=\"og:image:width\" content=\"437\" \/>\n\t<meta property=\"og:image:height\" content=\"640\" \/>\n\t<meta property=\"og:image:type\" content=\"image\/jpeg\" \/>\n<meta name=\"twitter:card\" content=\"summary_large_image\" \/>\n<meta name=\"twitter:label1\" content=\"Est. reading time\" \/>\n\t<meta name=\"twitter:data1\" content=\"1 minute\" \/>\n<script type=\"application\/ld+json\" class=\"yoast-schema-graph\">{\"@context\":\"https:\/\/schema.org\",\"@graph\":[{\"@type\":\"WebPage\",\"@id\":\"https:\/\/shop.verlag.uni-potsdam.de\/en\/shop\/umweltbildung-und-schulgarten\/\",\"url\":\"https:\/\/shop.verlag.uni-potsdam.de\/en\/shop\/umweltbildung-und-schulgarten\/\",\"name\":\"Umweltbildung und Schulgarten - Universit\u00e4tsverlag Potsdam\",\"isPartOf\":{\"@id\":\"https:\/\/shop.verlag.uni-potsdam.de\/en\/#website\"},\"primaryImageOfPage\":{\"@id\":\"https:\/\/shop.verlag.uni-potsdam.de\/en\/shop\/umweltbildung-und-schulgarten\/#primaryimage\"},\"image\":{\"@id\":\"https:\/\/shop.verlag.uni-potsdam.de\/shop\/umweltbildung-und-schulgarten\/#primaryimage\"},\"thumbnailUrl\":\"https:\/\/shop.verlag.uni-potsdam.de\/wp-content\/uploads\/asolmerce\/image-9783940793195.jpg\",\"datePublished\":\"2026-04-27T05:29:33+00:00\",\"dateModified\":\"2026-04-27T07:30:33+00:00\",\"breadcrumb\":{\"@id\":\"https:\/\/shop.verlag.uni-potsdam.de\/en\/shop\/umweltbildung-und-schulgarten\/#breadcrumb\"},\"inLanguage\":\"en-US\",\"potentialAction\":[{\"@type\":\"ReadAction\",\"target\":[[\"https:\/\/shop.verlag.uni-potsdam.de\/en\/shop\/umweltbildung-und-schulgarten\/\"]]}]},{\"@type\":\"ImageObject\",\"inLanguage\":\"en-US\",\"@id\":\"https:\/\/shop.verlag.uni-potsdam.de\/en\/shop\/umweltbildung-und-schulgarten\/#primaryimage\",\"url\":\"https:\/\/shop.verlag.uni-potsdam.de\/wp-content\/uploads\/asolmerce\/image-9783940793195.jpg\",\"contentUrl\":\"https:\/\/shop.verlag.uni-potsdam.de\/wp-content\/uploads\/asolmerce\/image-9783940793195.jpg\",\"width\":437,\"height\":640},{\"@type\":\"BreadcrumbList\",\"@id\":\"https:\/\/shop.verlag.uni-potsdam.de\/en\/shop\/umweltbildung-und-schulgarten\/#breadcrumb\",\"itemListElement\":[{\"@type\":\"ListItem\",\"position\":1,\"name\":\"Startseite\",\"item\":\"https:\/\/shop.verlag.uni-potsdam.de\/en\/\"},{\"@type\":\"ListItem\",\"position\":2,\"name\":\"Shop\",\"item\":\"https:\/\/shop.verlag.uni-potsdam.de\/en\/shop\/\"},{\"@type\":\"ListItem\",\"position\":3,\"name\":\"Umweltbildung und Schulgarten\"}]},{\"@type\":\"WebSite\",\"@id\":\"https:\/\/shop.verlag.uni-potsdam.de\/en\/#website\",\"url\":\"https:\/\/shop.verlag.uni-potsdam.de\/en\/\",\"name\":\"Universit\u00e4tsverlag Potsdam\",\"description\":\"\",\"publisher\":{\"@id\":\"https:\/\/shop.verlag.uni-potsdam.de\/en\/#organization\"},\"potentialAction\":[{\"@type\":\"SearchAction\",\"target\":{\"@type\":\"EntryPoint\",\"urlTemplate\":\"https:\/\/shop.verlag.uni-potsdam.de\/en\/?s={search_term_string}\"},\"query-input\":{\"@type\":\"PropertyValueSpecification\",\"valueRequired\":true,\"valueName\":\"search_term_string\"}}],\"inLanguage\":\"en-US\"},{\"@type\":\"Organization\",\"@id\":\"https:\/\/shop.verlag.uni-potsdam.de\/en\/#organization\",\"name\":\"Universit\u00e4tsverlag Potsdam\",\"url\":\"https:\/\/shop.verlag.uni-potsdam.de\/en\/\",\"logo\":{\"@type\":\"ImageObject\",\"inLanguage\":\"en-US\",\"@id\":\"https:\/\/shop.verlag.uni-potsdam.de\/en\/#\/schema\/logo\/image\/\",\"url\":\"https:\/\/shop.verlag.uni-potsdam.de\/wp-content\/uploads\/2017\/04\/up_logo_university_2.png\",\"contentUrl\":\"https:\/\/shop.verlag.uni-potsdam.de\/wp-content\/uploads\/2017\/04\/up_logo_university_2.png\",\"width\":160,\"height\":172,\"caption\":\"Universit\u00e4tsverlag Potsdam\"},\"image\":{\"@id\":\"https:\/\/shop.verlag.uni-potsdam.de\/en\/#\/schema\/logo\/image\/\"}}]}<\/script>\n<!-- \/ Yoast SEO plugin. -->","yoast_head_json":{"title":"Umweltbildung und Schulgarten - Universit\u00e4tsverlag Potsdam","robots":{"index":"index","follow":"follow","max-snippet":"max-snippet:-1","max-image-preview":"max-image-preview:large","max-video-preview":"max-video-preview:-1"},"canonical":"https:\/\/shop.verlag.uni-potsdam.de\/en\/shop\/umweltbildung-und-schulgarten\/","og_locale":"en_US","og_type":"article","og_title":"Umweltbildung und Schulgarten - Universit\u00e4tsverlag Potsdam","og_description":"In der Handreichung geben Experten (Wissenschaftler und Praktiker) theoretische Orientierungen und praktische Anregungen und Hinweise zur Umwelterziehung und Erziehung zur Naturverbundenheit innerhalb und au\u00dferhalb von Schule. Einen Schwerpunkt bilden hierbei der Schulgarten und Schulgartenunterricht. Weitere Themen sind Lernen mit allen Sinnen, Erfahrungen im Gr\u00fcnen Klassenzimmer, praktische Umweltprojekte und Naturerziehung konkret, Nutzung moderner Medien in der Umweltbildung u.a. Adressaten der Handreichung sind F\u00f6rderer, Tr\u00e4ger, Betreiber und Nutzer schulischer und au\u00dferschulischer Umweltbildungseinrichtungen und des Schulgartens sowie auf dem Gebiet arbeitende und forschende Wissenschaftler. Insbesondere richtet sich die Handreichung an im Schulgarten t\u00e4tige Lehrerinnen und Lehrer, denen M\u00f6glichkeiten aufgezeigt werden sollen, wie die nicht explizit in der Stundentafel der Schule verankerte Arbeit im Schulgarten zu einem festen Bestandteil p\u00e4dagogischer Bem\u00fchungen um die Umwelterziehung (auch \u00fcber Schulgrenzen hinaus) gemacht und der Schulgartenbewegung neue Impulse verliehen werden kann.","og_url":"https:\/\/shop.verlag.uni-potsdam.de\/en\/shop\/umweltbildung-und-schulgarten\/","og_site_name":"Universit\u00e4tsverlag Potsdam","article_modified_time":"2026-04-27T07:30:33+00:00","og_image":[{"width":437,"height":640,"url":"https:\/\/shop.verlag.uni-potsdam.de\/wp-content\/uploads\/asolmerce\/image-9783940793195.jpg","type":"image\/jpeg"}],"twitter_card":"summary_large_image","twitter_misc":{"Est. reading time":"1 minute"},"schema":{"@context":"https:\/\/schema.org","@graph":[{"@type":"WebPage","@id":"https:\/\/shop.verlag.uni-potsdam.de\/en\/shop\/umweltbildung-und-schulgarten\/","url":"https:\/\/shop.verlag.uni-potsdam.de\/en\/shop\/umweltbildung-und-schulgarten\/","name":"Umweltbildung und Schulgarten - Universit\u00e4tsverlag Potsdam","isPartOf":{"@id":"https:\/\/shop.verlag.uni-potsdam.de\/en\/#website"},"primaryImageOfPage":{"@id":"https:\/\/shop.verlag.uni-potsdam.de\/en\/shop\/umweltbildung-und-schulgarten\/#primaryimage"},"image":{"@id":"https:\/\/shop.verlag.uni-potsdam.de\/shop\/umweltbildung-und-schulgarten\/#primaryimage"},"thumbnailUrl":"https:\/\/shop.verlag.uni-potsdam.de\/wp-content\/uploads\/asolmerce\/image-9783940793195.jpg","datePublished":"2026-04-27T05:29:33+00:00","dateModified":"2026-04-27T07:30:33+00:00","breadcrumb":{"@id":"https:\/\/shop.verlag.uni-potsdam.de\/en\/shop\/umweltbildung-und-schulgarten\/#breadcrumb"},"inLanguage":"en-US","potentialAction":[{"@type":"ReadAction","target":[["https:\/\/shop.verlag.uni-potsdam.de\/en\/shop\/umweltbildung-und-schulgarten\/"]]}]},{"@type":"ImageObject","inLanguage":"en-US","@id":"https:\/\/shop.verlag.uni-potsdam.de\/en\/shop\/umweltbildung-und-schulgarten\/#primaryimage","url":"https:\/\/shop.verlag.uni-potsdam.de\/wp-content\/uploads\/asolmerce\/image-9783940793195.jpg","contentUrl":"https:\/\/shop.verlag.uni-potsdam.de\/wp-content\/uploads\/asolmerce\/image-9783940793195.jpg","width":437,"height":640},{"@type":"BreadcrumbList","@id":"https:\/\/shop.verlag.uni-potsdam.de\/en\/shop\/umweltbildung-und-schulgarten\/#breadcrumb","itemListElement":[{"@type":"ListItem","position":1,"name":"Startseite","item":"https:\/\/shop.verlag.uni-potsdam.de\/en\/"},{"@type":"ListItem","position":2,"name":"Shop","item":"https:\/\/shop.verlag.uni-potsdam.de\/en\/shop\/"},{"@type":"ListItem","position":3,"name":"Umweltbildung und Schulgarten"}]},{"@type":"WebSite","@id":"https:\/\/shop.verlag.uni-potsdam.de\/en\/#website","url":"https:\/\/shop.verlag.uni-potsdam.de\/en\/","name":"Universit\u00e4tsverlag Potsdam","description":"","publisher":{"@id":"https:\/\/shop.verlag.uni-potsdam.de\/en\/#organization"},"potentialAction":[{"@type":"SearchAction","target":{"@type":"EntryPoint","urlTemplate":"https:\/\/shop.verlag.uni-potsdam.de\/en\/?s={search_term_string}"},"query-input":{"@type":"PropertyValueSpecification","valueRequired":true,"valueName":"search_term_string"}}],"inLanguage":"en-US"},{"@type":"Organization","@id":"https:\/\/shop.verlag.uni-potsdam.de\/en\/#organization","name":"Universit\u00e4tsverlag Potsdam","url":"https:\/\/shop.verlag.uni-potsdam.de\/en\/","logo":{"@type":"ImageObject","inLanguage":"en-US","@id":"https:\/\/shop.verlag.uni-potsdam.de\/en\/#\/schema\/logo\/image\/","url":"https:\/\/shop.verlag.uni-potsdam.de\/wp-content\/uploads\/2017\/04\/up_logo_university_2.png","contentUrl":"https:\/\/shop.verlag.uni-potsdam.de\/wp-content\/uploads\/2017\/04\/up_logo_university_2.png","width":160,"height":172,"caption":"Universit\u00e4tsverlag Potsdam"},"image":{"@id":"https:\/\/shop.verlag.uni-potsdam.de\/en\/#\/schema\/logo\/image\/"}}]}},"_links":{"self":[{"href":"https:\/\/shop.verlag.uni-potsdam.de\/en\/wp-json\/wp\/v2\/product\/51743","targetHints":{"allow":["GET"]}}],"collection":[{"href":"https:\/\/shop.verlag.uni-potsdam.de\/en\/wp-json\/wp\/v2\/product"}],"about":[{"href":"https:\/\/shop.verlag.uni-potsdam.de\/en\/wp-json\/wp\/v2\/types\/product"}],"wp:featuredmedia":[{"embeddable":true,"href":"https:\/\/shop.verlag.uni-potsdam.de\/en\/wp-json\/wp\/v2\/media\/53861"}],"wp:attachment":[{"href":"https:\/\/shop.verlag.uni-potsdam.de\/en\/wp-json\/wp\/v2\/media?parent=51743"}],"wp:term":[{"taxonomy":"product_brand","embeddable":true,"href":"https:\/\/shop.verlag.uni-potsdam.de\/en\/wp-json\/wp\/v2\/product_brand?post=51743"},{"taxonomy":"product_cat","embeddable":true,"href":"https:\/\/shop.verlag.uni-potsdam.de\/en\/wp-json\/wp\/v2\/product_cat?post=51743"},{"taxonomy":"product_tag","embeddable":true,"href":"https:\/\/shop.verlag.uni-potsdam.de\/en\/wp-json\/wp\/v2\/product_tag?post=51743"}],"curies":[{"name":"wp","href":"https:\/\/api.w.org\/{rel}","templated":true}]}}