{"id":51749,"date":"2026-03-23T08:53:29","date_gmt":"2026-03-23T08:53:29","guid":{"rendered":"http:\/\/shop.verlag.uni-potsdam.de\/produkt\/die-herausbildung-moderner-strukturen-in-gesellschaft-und-staat-der-fruehen-neuzeit\/"},"modified":"2026-03-23T11:54:29","modified_gmt":"2026-03-23T10:54:29","slug":"die-herausbildung-moderner-strukturen-in-gesellschaft-und-staat-der-fruehen-neuzeit","status":"publish","type":"product","link":"https:\/\/shop.verlag.uni-potsdam.de\/en\/shop\/die-herausbildung-moderner-strukturen-in-gesellschaft-und-staat-der-fruehen-neuzeit\/","title":{"rendered":"Die Herausbildung moderner Strukturen in Gesellschaft und Staat der Fr\u00fchen Neuzeit"},"content":{"rendered":"<p class=\"qtranxs-available-languages-message qtranxs-available-languages-message-en\">Sorry, this entry is only available in <a href=\"https:\/\/shop.verlag.uni-potsdam.de\/de\/wp-json\/wp\/v2\/product\/51749\" class=\"qtranxs-available-language-link qtranxs-available-language-link-de\" title=\"Deutsch\">Deutsch<\/a>.<\/p><p>Im Mittelpunkt des f\u00fcnften Bandes der Reihe Perspektiven historischen Denkens und Lernens steht eine Epoche des Umbruchs und des \u00dcberganges, die Fr\u00fche Neuzeit. Traditionelle historische Begriffe werden auf den Pr\u00fcfstand neuerer Forschungsans\u00e4tze gestellt. Der franz\u00f6sischen Revolution werden neue Aspekte beigef\u00fcgt, wie die Mentalit\u00e4tsgeschichte. Auch die Amerikanische Revolution nimmt einen geb\u00fchrenden Platz ein. Ganz neue Facetten der Geschichte enth\u00e4lt das abschlie\u00dfende Kapitel zur Kulturgeschichte.<\/p>","protected":false},"excerpt":{"rendered":"<p class=\"qtranxs-available-languages-message qtranxs-available-languages-message-en\">Sorry, this entry is only available in <a href=\"https:\/\/shop.verlag.uni-potsdam.de\/de\/wp-json\/wp\/v2\/product\/51749\" class=\"qtranxs-available-language-link qtranxs-available-language-link-de\" title=\"Deutsch\">Deutsch<\/a>.<\/p>\n<p>Im Mittelpunkt des f\u00fcnften Bandes der Reihe Perspektiven historischen Denkens und Lernens steht eine Epoche des Umbruchs und des \u00dcberganges, die Fr\u00fche Neuzeit. Traditionelle historische Begriffe werden auf den Pr\u00fcfstand neuerer Forschungsans\u00e4tze gestellt. Der franz\u00f6sischen Revolution werden neue Aspekte beigef\u00fcgt, wie die Mentalit\u00e4tsgeschichte. Auch die Amerikanische Revolution nimmt einen geb\u00fchrenden Platz ein. Ganz neue Facetten der Geschichte enth\u00e4lt das abschlie\u00dfende Kapitel zur Kulturgeschichte.<\/p>\n","protected":false},"featured_media":53846,"template":"","meta":{"_acf_changed":false},"product_brand":[],"product_cat":[6207],"product_tag":[5412],"class_list":{"0":"post-51749","1":"product","2":"type-product","3":"status-publish","4":"has-post-thumbnail","6":"product_cat-geschichte-web-kategorie","7":"product_tag-aufklaerung-gesellschaft-gruendung-neuzeit-staat","8":"autor-dagmar-klose","9":"autor-marco-ladewig","11":"first","12":"instock","13":"shipping-taxable","14":"purchasable","15":"product-type-simple"},"acf":[],"yoast_head":"<!-- This site is optimized with the Yoast SEO plugin v27.1.1 - https:\/\/yoast.com\/product\/yoast-seo-wordpress\/ -->\n<title>Die Herausbildung moderner Strukturen in Gesellschaft und Staat der Fr\u00fchen Neuzeit - Universit\u00e4tsverlag Potsdam<\/title>\n<meta name=\"robots\" content=\"index, follow, max-snippet:-1, max-image-preview:large, max-video-preview:-1\" \/>\n<link rel=\"canonical\" href=\"https:\/\/shop.verlag.uni-potsdam.de\/en\/shop\/die-herausbildung-moderner-strukturen-in-gesellschaft-und-staat-der-fruehen-neuzeit\/\" \/>\n<meta property=\"og:locale\" content=\"en_US\" \/>\n<meta property=\"og:type\" content=\"article\" \/>\n<meta property=\"og:title\" content=\"Die Herausbildung moderner Strukturen in Gesellschaft und Staat der Fr\u00fchen Neuzeit - Universit\u00e4tsverlag Potsdam\" \/>\n<meta property=\"og:description\" content=\"Im Mittelpunkt des f\u00fcnften Bandes der Reihe Perspektiven historischen Denkens und Lernens steht eine Epoche des Umbruchs und des \u00dcberganges, die Fr\u00fche Neuzeit. Traditionelle historische Begriffe werden auf den Pr\u00fcfstand neuerer Forschungsans\u00e4tze gestellt. Der franz\u00f6sischen Revolution werden neue Aspekte beigef\u00fcgt, wie die Mentalit\u00e4tsgeschichte. Auch die Amerikanische Revolution nimmt einen geb\u00fchrenden Platz ein. Ganz neue Facetten der Geschichte enth\u00e4lt das abschlie\u00dfende Kapitel zur Kulturgeschichte.\" \/>\n<meta property=\"og:url\" content=\"https:\/\/shop.verlag.uni-potsdam.de\/en\/shop\/die-herausbildung-moderner-strukturen-in-gesellschaft-und-staat-der-fruehen-neuzeit\/\" \/>\n<meta property=\"og:site_name\" content=\"Universit\u00e4tsverlag Potsdam\" \/>\n<meta property=\"article:modified_time\" content=\"2026-03-23T10:54:29+00:00\" \/>\n<meta property=\"og:image\" content=\"https:\/\/shop.verlag.uni-potsdam.de\/wp-content\/uploads\/asolmerce\/image-9783869560137.jpg\" \/>\n\t<meta property=\"og:image:width\" content=\"453\" \/>\n\t<meta property=\"og:image:height\" content=\"640\" \/>\n\t<meta property=\"og:image:type\" content=\"image\/jpeg\" \/>\n<meta name=\"twitter:card\" content=\"summary_large_image\" \/>\n<script type=\"application\/ld+json\" class=\"yoast-schema-graph\">{\"@context\":\"https:\/\/schema.org\",\"@graph\":[{\"@type\":\"WebPage\",\"@id\":\"https:\/\/shop.verlag.uni-potsdam.de\/en\/shop\/die-herausbildung-moderner-strukturen-in-gesellschaft-und-staat-der-fruehen-neuzeit\/\",\"url\":\"https:\/\/shop.verlag.uni-potsdam.de\/en\/shop\/die-herausbildung-moderner-strukturen-in-gesellschaft-und-staat-der-fruehen-neuzeit\/\",\"name\":\"Die Herausbildung moderner Strukturen in Gesellschaft und Staat der Fr\u00fchen Neuzeit - Universit\u00e4tsverlag Potsdam\",\"isPartOf\":{\"@id\":\"https:\/\/shop.verlag.uni-potsdam.de\/en\/#website\"},\"primaryImageOfPage\":{\"@id\":\"https:\/\/shop.verlag.uni-potsdam.de\/en\/shop\/die-herausbildung-moderner-strukturen-in-gesellschaft-und-staat-der-fruehen-neuzeit\/#primaryimage\"},\"image\":{\"@id\":\"https:\/\/shop.verlag.uni-potsdam.de\/shop\/die-herausbildung-moderner-strukturen-in-gesellschaft-und-staat-der-fruehen-neuzeit\/#primaryimage\"},\"thumbnailUrl\":\"https:\/\/shop.verlag.uni-potsdam.de\/wp-content\/uploads\/asolmerce\/image-9783869560137.jpg\",\"datePublished\":\"2026-03-23T08:53:29+00:00\",\"dateModified\":\"2026-03-23T10:54:29+00:00\",\"breadcrumb\":{\"@id\":\"https:\/\/shop.verlag.uni-potsdam.de\/en\/shop\/die-herausbildung-moderner-strukturen-in-gesellschaft-und-staat-der-fruehen-neuzeit\/#breadcrumb\"},\"inLanguage\":\"en-US\",\"potentialAction\":[{\"@type\":\"ReadAction\",\"target\":[[\"https:\/\/shop.verlag.uni-potsdam.de\/en\/shop\/die-herausbildung-moderner-strukturen-in-gesellschaft-und-staat-der-fruehen-neuzeit\/\"]]}]},{\"@type\":\"ImageObject\",\"inLanguage\":\"en-US\",\"@id\":\"https:\/\/shop.verlag.uni-potsdam.de\/en\/shop\/die-herausbildung-moderner-strukturen-in-gesellschaft-und-staat-der-fruehen-neuzeit\/#primaryimage\",\"url\":\"https:\/\/shop.verlag.uni-potsdam.de\/wp-content\/uploads\/asolmerce\/image-9783869560137.jpg\",\"contentUrl\":\"https:\/\/shop.verlag.uni-potsdam.de\/wp-content\/uploads\/asolmerce\/image-9783869560137.jpg\",\"width\":453,\"height\":640},{\"@type\":\"BreadcrumbList\",\"@id\":\"https:\/\/shop.verlag.uni-potsdam.de\/en\/shop\/die-herausbildung-moderner-strukturen-in-gesellschaft-und-staat-der-fruehen-neuzeit\/#breadcrumb\",\"itemListElement\":[{\"@type\":\"ListItem\",\"position\":1,\"name\":\"Startseite\",\"item\":\"https:\/\/shop.verlag.uni-potsdam.de\/en\/\"},{\"@type\":\"ListItem\",\"position\":2,\"name\":\"Shop\",\"item\":\"https:\/\/shop.verlag.uni-potsdam.de\/en\/shop\/\"},{\"@type\":\"ListItem\",\"position\":3,\"name\":\"Die Herausbildung moderner Strukturen in Gesellschaft und Staat der Fr\u00fchen Neuzeit\"}]},{\"@type\":\"WebSite\",\"@id\":\"https:\/\/shop.verlag.uni-potsdam.de\/en\/#website\",\"url\":\"https:\/\/shop.verlag.uni-potsdam.de\/en\/\",\"name\":\"Universit\u00e4tsverlag Potsdam\",\"description\":\"\",\"publisher\":{\"@id\":\"https:\/\/shop.verlag.uni-potsdam.de\/en\/#organization\"},\"potentialAction\":[{\"@type\":\"SearchAction\",\"target\":{\"@type\":\"EntryPoint\",\"urlTemplate\":\"https:\/\/shop.verlag.uni-potsdam.de\/en\/?s={search_term_string}\"},\"query-input\":{\"@type\":\"PropertyValueSpecification\",\"valueRequired\":true,\"valueName\":\"search_term_string\"}}],\"inLanguage\":\"en-US\"},{\"@type\":\"Organization\",\"@id\":\"https:\/\/shop.verlag.uni-potsdam.de\/en\/#organization\",\"name\":\"Universit\u00e4tsverlag Potsdam\",\"url\":\"https:\/\/shop.verlag.uni-potsdam.de\/en\/\",\"logo\":{\"@type\":\"ImageObject\",\"inLanguage\":\"en-US\",\"@id\":\"https:\/\/shop.verlag.uni-potsdam.de\/en\/#\/schema\/logo\/image\/\",\"url\":\"https:\/\/shop.verlag.uni-potsdam.de\/wp-content\/uploads\/2017\/04\/up_logo_university_2.png\",\"contentUrl\":\"https:\/\/shop.verlag.uni-potsdam.de\/wp-content\/uploads\/2017\/04\/up_logo_university_2.png\",\"width\":160,\"height\":172,\"caption\":\"Universit\u00e4tsverlag Potsdam\"},\"image\":{\"@id\":\"https:\/\/shop.verlag.uni-potsdam.de\/en\/#\/schema\/logo\/image\/\"}}]}<\/script>\n<!-- \/ Yoast SEO plugin. -->","yoast_head_json":{"title":"Die Herausbildung moderner Strukturen in Gesellschaft und Staat der Fr\u00fchen Neuzeit - Universit\u00e4tsverlag Potsdam","robots":{"index":"index","follow":"follow","max-snippet":"max-snippet:-1","max-image-preview":"max-image-preview:large","max-video-preview":"max-video-preview:-1"},"canonical":"https:\/\/shop.verlag.uni-potsdam.de\/en\/shop\/die-herausbildung-moderner-strukturen-in-gesellschaft-und-staat-der-fruehen-neuzeit\/","og_locale":"en_US","og_type":"article","og_title":"Die Herausbildung moderner Strukturen in Gesellschaft und Staat der Fr\u00fchen Neuzeit - Universit\u00e4tsverlag Potsdam","og_description":"Im Mittelpunkt des f\u00fcnften Bandes der Reihe Perspektiven historischen Denkens und Lernens steht eine Epoche des Umbruchs und des \u00dcberganges, die Fr\u00fche Neuzeit. Traditionelle historische Begriffe werden auf den Pr\u00fcfstand neuerer Forschungsans\u00e4tze gestellt. Der franz\u00f6sischen Revolution werden neue Aspekte beigef\u00fcgt, wie die Mentalit\u00e4tsgeschichte. Auch die Amerikanische Revolution nimmt einen geb\u00fchrenden Platz ein. Ganz neue Facetten der Geschichte enth\u00e4lt das abschlie\u00dfende Kapitel zur Kulturgeschichte.","og_url":"https:\/\/shop.verlag.uni-potsdam.de\/en\/shop\/die-herausbildung-moderner-strukturen-in-gesellschaft-und-staat-der-fruehen-neuzeit\/","og_site_name":"Universit\u00e4tsverlag Potsdam","article_modified_time":"2026-03-23T10:54:29+00:00","og_image":[{"width":453,"height":640,"url":"https:\/\/shop.verlag.uni-potsdam.de\/wp-content\/uploads\/asolmerce\/image-9783869560137.jpg","type":"image\/jpeg"}],"twitter_card":"summary_large_image","schema":{"@context":"https:\/\/schema.org","@graph":[{"@type":"WebPage","@id":"https:\/\/shop.verlag.uni-potsdam.de\/en\/shop\/die-herausbildung-moderner-strukturen-in-gesellschaft-und-staat-der-fruehen-neuzeit\/","url":"https:\/\/shop.verlag.uni-potsdam.de\/en\/shop\/die-herausbildung-moderner-strukturen-in-gesellschaft-und-staat-der-fruehen-neuzeit\/","name":"Die Herausbildung moderner Strukturen in Gesellschaft und Staat der Fr\u00fchen Neuzeit - Universit\u00e4tsverlag Potsdam","isPartOf":{"@id":"https:\/\/shop.verlag.uni-potsdam.de\/en\/#website"},"primaryImageOfPage":{"@id":"https:\/\/shop.verlag.uni-potsdam.de\/en\/shop\/die-herausbildung-moderner-strukturen-in-gesellschaft-und-staat-der-fruehen-neuzeit\/#primaryimage"},"image":{"@id":"https:\/\/shop.verlag.uni-potsdam.de\/shop\/die-herausbildung-moderner-strukturen-in-gesellschaft-und-staat-der-fruehen-neuzeit\/#primaryimage"},"thumbnailUrl":"https:\/\/shop.verlag.uni-potsdam.de\/wp-content\/uploads\/asolmerce\/image-9783869560137.jpg","datePublished":"2026-03-23T08:53:29+00:00","dateModified":"2026-03-23T10:54:29+00:00","breadcrumb":{"@id":"https:\/\/shop.verlag.uni-potsdam.de\/en\/shop\/die-herausbildung-moderner-strukturen-in-gesellschaft-und-staat-der-fruehen-neuzeit\/#breadcrumb"},"inLanguage":"en-US","potentialAction":[{"@type":"ReadAction","target":[["https:\/\/shop.verlag.uni-potsdam.de\/en\/shop\/die-herausbildung-moderner-strukturen-in-gesellschaft-und-staat-der-fruehen-neuzeit\/"]]}]},{"@type":"ImageObject","inLanguage":"en-US","@id":"https:\/\/shop.verlag.uni-potsdam.de\/en\/shop\/die-herausbildung-moderner-strukturen-in-gesellschaft-und-staat-der-fruehen-neuzeit\/#primaryimage","url":"https:\/\/shop.verlag.uni-potsdam.de\/wp-content\/uploads\/asolmerce\/image-9783869560137.jpg","contentUrl":"https:\/\/shop.verlag.uni-potsdam.de\/wp-content\/uploads\/asolmerce\/image-9783869560137.jpg","width":453,"height":640},{"@type":"BreadcrumbList","@id":"https:\/\/shop.verlag.uni-potsdam.de\/en\/shop\/die-herausbildung-moderner-strukturen-in-gesellschaft-und-staat-der-fruehen-neuzeit\/#breadcrumb","itemListElement":[{"@type":"ListItem","position":1,"name":"Startseite","item":"https:\/\/shop.verlag.uni-potsdam.de\/en\/"},{"@type":"ListItem","position":2,"name":"Shop","item":"https:\/\/shop.verlag.uni-potsdam.de\/en\/shop\/"},{"@type":"ListItem","position":3,"name":"Die Herausbildung moderner Strukturen in Gesellschaft und Staat der Fr\u00fchen Neuzeit"}]},{"@type":"WebSite","@id":"https:\/\/shop.verlag.uni-potsdam.de\/en\/#website","url":"https:\/\/shop.verlag.uni-potsdam.de\/en\/","name":"Universit\u00e4tsverlag Potsdam","description":"","publisher":{"@id":"https:\/\/shop.verlag.uni-potsdam.de\/en\/#organization"},"potentialAction":[{"@type":"SearchAction","target":{"@type":"EntryPoint","urlTemplate":"https:\/\/shop.verlag.uni-potsdam.de\/en\/?s={search_term_string}"},"query-input":{"@type":"PropertyValueSpecification","valueRequired":true,"valueName":"search_term_string"}}],"inLanguage":"en-US"},{"@type":"Organization","@id":"https:\/\/shop.verlag.uni-potsdam.de\/en\/#organization","name":"Universit\u00e4tsverlag Potsdam","url":"https:\/\/shop.verlag.uni-potsdam.de\/en\/","logo":{"@type":"ImageObject","inLanguage":"en-US","@id":"https:\/\/shop.verlag.uni-potsdam.de\/en\/#\/schema\/logo\/image\/","url":"https:\/\/shop.verlag.uni-potsdam.de\/wp-content\/uploads\/2017\/04\/up_logo_university_2.png","contentUrl":"https:\/\/shop.verlag.uni-potsdam.de\/wp-content\/uploads\/2017\/04\/up_logo_university_2.png","width":160,"height":172,"caption":"Universit\u00e4tsverlag Potsdam"},"image":{"@id":"https:\/\/shop.verlag.uni-potsdam.de\/en\/#\/schema\/logo\/image\/"}}]}},"_links":{"self":[{"href":"https:\/\/shop.verlag.uni-potsdam.de\/en\/wp-json\/wp\/v2\/product\/51749","targetHints":{"allow":["GET"]}}],"collection":[{"href":"https:\/\/shop.verlag.uni-potsdam.de\/en\/wp-json\/wp\/v2\/product"}],"about":[{"href":"https:\/\/shop.verlag.uni-potsdam.de\/en\/wp-json\/wp\/v2\/types\/product"}],"wp:featuredmedia":[{"embeddable":true,"href":"https:\/\/shop.verlag.uni-potsdam.de\/en\/wp-json\/wp\/v2\/media\/53846"}],"wp:attachment":[{"href":"https:\/\/shop.verlag.uni-potsdam.de\/en\/wp-json\/wp\/v2\/media?parent=51749"}],"wp:term":[{"taxonomy":"product_brand","embeddable":true,"href":"https:\/\/shop.verlag.uni-potsdam.de\/en\/wp-json\/wp\/v2\/product_brand?post=51749"},{"taxonomy":"product_cat","embeddable":true,"href":"https:\/\/shop.verlag.uni-potsdam.de\/en\/wp-json\/wp\/v2\/product_cat?post=51749"},{"taxonomy":"product_tag","embeddable":true,"href":"https:\/\/shop.verlag.uni-potsdam.de\/en\/wp-json\/wp\/v2\/product_tag?post=51749"}],"curies":[{"name":"wp","href":"https:\/\/api.w.org\/{rel}","templated":true}]}}