{"id":51755,"date":"2026-03-23T08:53:17","date_gmt":"2026-03-23T08:53:17","guid":{"rendered":"http:\/\/shop.verlag.uni-potsdam.de\/produkt\/pardes-15-100jaehriges-jubilaeum-tel-avivs\/"},"modified":"2026-03-23T11:54:18","modified_gmt":"2026-03-23T10:54:18","slug":"100jaehriges-jubilaeum-tel-avivs-100th-anniversary-of-tel-aviv","status":"publish","type":"product","link":"https:\/\/shop.verlag.uni-potsdam.de\/en\/shop\/100jaehriges-jubilaeum-tel-avivs-100th-anniversary-of-tel-aviv\/","title":{"rendered":"100j\u00e4hriges Jubil\u00e4um Tel Avivs = 100th anniversary of Tel Aviv"},"content":{"rendered":"<p>Out of the editorial:<br \/>\nSince the beginning of April this year, Tel Aviv<br \/>\nhas been celebrating its 100th anniversary. The history of this city has been<br \/>\nsummarised, reflected upon and (critically) discussed during 2009 in over 400<br \/>\ndifferent events in this Israeli city and other numerous places outside of Israel.<br \/>\nDuring these events not only was the history of Tel Aviv discussed but also its<br \/>\npresence and in particular its future. For this reason this year\u2019s edition of<br \/>\nPaRDeS has chosen 100th anniversary of Tel Aviv \/ 100 Jahre Tel Aviv<br \/>\nas its focus. Israelis scholars, some in Tel Aviv (at times) and others in<br \/>\nother countries, approach the subject of the history and present of Israel&#8217;s<br \/>\nbiggest city from very different perspectives and from different areas of expertise.<\/p>","protected":false},"excerpt":{"rendered":"<p>Out of the editorial:<br \/>\nSince the beginning of April this year, Tel Aviv<br \/>\nhas been celebrating its 100th anniversary. The history of this city has been<br \/>\nsummarised, reflected upon and (critically) discussed during 2009 in over 400<br \/>\ndifferent events in this Israeli city and other numerous places outside of Israel.<br \/>\nDuring these events not only was the history of Tel Aviv discussed but also its<br \/>\npresence and in particular its future. For this reason this year\u2019s edition of<br \/>\nPaRDeS has chosen 100th anniversary of Tel Aviv \/ 100 Jahre Tel Aviv<br \/>\nas its focus. Israelis scholars, some in Tel Aviv (at times) and others in<br \/>\nother countries, approach the subject of the history and present of Israel&#8217;s<br \/>\nbiggest city from very different perspectives and from different areas of expertise.<\/p>\n","protected":false},"featured_media":53761,"template":"","meta":{"_acf_changed":false},"product_brand":[],"product_cat":[6226],"product_tag":[5444],"class_list":{"0":"post-51755","1":"product","2":"type-product","3":"status-publish","4":"has-post-thumbnail","6":"product_cat-religion-theologie","7":"product_tag-juedische-studien-religion-tel-aviv","8":"autor-admiel-kosman","9":"autor-alexander-dubrau","10":"autor-anat-feinberg","11":"autor-anita-shapira","12":"autor-eberhard-jaeckel","13":"autor-elvira-groezinger","14":"autor-gisela-hartwieg","15":"autor-grazyna-jurewicz","16":"autor-karl-erich-groezinger","17":"autor-martin-ulmer","18":"autor-matthias-pasdzierny","19":"autor-michael-dallapiazza","20":"autor-michal-szulc","21":"autor-nathanael-riemer","22":"autor-nir-mualam","23":"autor-philipp-messner","24":"autor-rebekka-denz","25":"autor-rick-kuhn","26":"autor-robert-juette","27":"autor-sarah-wittkopf","28":"autor-ulrich-knufinke","29":"autor-william-hiscott","30":"autor-yona-ginsberg","31":"zeitschriften-pardes","33":"first","34":"instock","35":"shipping-taxable","36":"purchasable","37":"product-type-simple"},"acf":[],"yoast_head":"<!-- This site is optimized with the Yoast SEO plugin v27.1.1 - https:\/\/yoast.com\/product\/yoast-seo-wordpress\/ -->\n<title>100j\u00e4hriges Jubil\u00e4um Tel Avivs = 100th anniversary of Tel Aviv - Universit\u00e4tsverlag Potsdam<\/title>\n<meta name=\"robots\" content=\"index, follow, max-snippet:-1, max-image-preview:large, max-video-preview:-1\" \/>\n<link rel=\"canonical\" href=\"https:\/\/shop.verlag.uni-potsdam.de\/en\/shop\/100jaehriges-jubilaeum-tel-avivs-100th-anniversary-of-tel-aviv\/\" \/>\n<meta property=\"og:locale\" content=\"en_US\" \/>\n<meta property=\"og:type\" content=\"article\" \/>\n<meta property=\"og:title\" content=\"100j\u00e4hriges Jubil\u00e4um Tel Avivs = 100th anniversary of Tel Aviv - Universit\u00e4tsverlag Potsdam\" \/>\n<meta property=\"og:description\" content=\"Out of the editorial: Since the beginning of April this year, Tel Aviv has been celebrating its 100th anniversary. The history of this city has been summarised, reflected upon and (critically) discussed during 2009 in over 400 different events in this Israeli city and other numerous places outside of Israel. During these events not only was the history of Tel Aviv discussed but also its presence and in particular its future. For this reason this year\u2019s edition of PaRDeS has chosen 100th anniversary of Tel Aviv \/ 100 Jahre Tel Aviv as its focus. Israelis scholars, some in Tel Aviv (at times) and others in other countries, approach the subject of the history and present of Israel&#039;s biggest city from very different perspectives and from different areas of expertise.\" \/>\n<meta property=\"og:url\" content=\"https:\/\/shop.verlag.uni-potsdam.de\/en\/shop\/100jaehriges-jubilaeum-tel-avivs-100th-anniversary-of-tel-aviv\/\" \/>\n<meta property=\"og:site_name\" content=\"Universit\u00e4tsverlag Potsdam\" \/>\n<meta property=\"article:modified_time\" content=\"2026-03-23T10:54:18+00:00\" \/>\n<meta property=\"og:image\" content=\"https:\/\/shop.verlag.uni-potsdam.de\/wp-content\/uploads\/asolmerce\/image-9783869560120.jpg\" \/>\n\t<meta property=\"og:image:width\" content=\"450\" \/>\n\t<meta property=\"og:image:height\" content=\"640\" \/>\n\t<meta property=\"og:image:type\" content=\"image\/jpeg\" \/>\n<meta name=\"twitter:card\" content=\"summary_large_image\" \/>\n<meta name=\"twitter:label1\" content=\"Est. reading time\" \/>\n\t<meta name=\"twitter:data1\" content=\"1 minute\" \/>\n<script type=\"application\/ld+json\" class=\"yoast-schema-graph\">{\"@context\":\"https:\/\/schema.org\",\"@graph\":[{\"@type\":\"WebPage\",\"@id\":\"https:\/\/shop.verlag.uni-potsdam.de\/en\/shop\/100jaehriges-jubilaeum-tel-avivs-100th-anniversary-of-tel-aviv\/\",\"url\":\"https:\/\/shop.verlag.uni-potsdam.de\/en\/shop\/100jaehriges-jubilaeum-tel-avivs-100th-anniversary-of-tel-aviv\/\",\"name\":\"100j\u00e4hriges Jubil\u00e4um Tel Avivs = 100th anniversary of Tel Aviv - Universit\u00e4tsverlag Potsdam\",\"isPartOf\":{\"@id\":\"https:\/\/shop.verlag.uni-potsdam.de\/en\/#website\"},\"primaryImageOfPage\":{\"@id\":\"https:\/\/shop.verlag.uni-potsdam.de\/en\/shop\/100jaehriges-jubilaeum-tel-avivs-100th-anniversary-of-tel-aviv\/#primaryimage\"},\"image\":{\"@id\":\"https:\/\/shop.verlag.uni-potsdam.de\/shop\/100jaehriges-jubilaeum-tel-avivs-100th-anniversary-of-tel-aviv\/#primaryimage\"},\"thumbnailUrl\":\"https:\/\/shop.verlag.uni-potsdam.de\/wp-content\/uploads\/asolmerce\/image-9783869560120.jpg\",\"datePublished\":\"2026-03-23T08:53:17+00:00\",\"dateModified\":\"2026-03-23T10:54:18+00:00\",\"breadcrumb\":{\"@id\":\"https:\/\/shop.verlag.uni-potsdam.de\/en\/shop\/100jaehriges-jubilaeum-tel-avivs-100th-anniversary-of-tel-aviv\/#breadcrumb\"},\"inLanguage\":\"en-US\",\"potentialAction\":[{\"@type\":\"ReadAction\",\"target\":[[\"https:\/\/shop.verlag.uni-potsdam.de\/en\/shop\/100jaehriges-jubilaeum-tel-avivs-100th-anniversary-of-tel-aviv\/\"]]}]},{\"@type\":\"ImageObject\",\"inLanguage\":\"en-US\",\"@id\":\"https:\/\/shop.verlag.uni-potsdam.de\/en\/shop\/100jaehriges-jubilaeum-tel-avivs-100th-anniversary-of-tel-aviv\/#primaryimage\",\"url\":\"https:\/\/shop.verlag.uni-potsdam.de\/wp-content\/uploads\/asolmerce\/image-9783869560120.jpg\",\"contentUrl\":\"https:\/\/shop.verlag.uni-potsdam.de\/wp-content\/uploads\/asolmerce\/image-9783869560120.jpg\",\"width\":450,\"height\":640},{\"@type\":\"BreadcrumbList\",\"@id\":\"https:\/\/shop.verlag.uni-potsdam.de\/en\/shop\/100jaehriges-jubilaeum-tel-avivs-100th-anniversary-of-tel-aviv\/#breadcrumb\",\"itemListElement\":[{\"@type\":\"ListItem\",\"position\":1,\"name\":\"Startseite\",\"item\":\"https:\/\/shop.verlag.uni-potsdam.de\/en\/\"},{\"@type\":\"ListItem\",\"position\":2,\"name\":\"Shop\",\"item\":\"https:\/\/shop.verlag.uni-potsdam.de\/en\/shop\/\"},{\"@type\":\"ListItem\",\"position\":3,\"name\":\"100j\u00e4hriges Jubil\u00e4um Tel Avivs = 100th anniversary of Tel Aviv\"}]},{\"@type\":\"WebSite\",\"@id\":\"https:\/\/shop.verlag.uni-potsdam.de\/en\/#website\",\"url\":\"https:\/\/shop.verlag.uni-potsdam.de\/en\/\",\"name\":\"Universit\u00e4tsverlag Potsdam\",\"description\":\"\",\"publisher\":{\"@id\":\"https:\/\/shop.verlag.uni-potsdam.de\/en\/#organization\"},\"potentialAction\":[{\"@type\":\"SearchAction\",\"target\":{\"@type\":\"EntryPoint\",\"urlTemplate\":\"https:\/\/shop.verlag.uni-potsdam.de\/en\/?s={search_term_string}\"},\"query-input\":{\"@type\":\"PropertyValueSpecification\",\"valueRequired\":true,\"valueName\":\"search_term_string\"}}],\"inLanguage\":\"en-US\"},{\"@type\":\"Organization\",\"@id\":\"https:\/\/shop.verlag.uni-potsdam.de\/en\/#organization\",\"name\":\"Universit\u00e4tsverlag Potsdam\",\"url\":\"https:\/\/shop.verlag.uni-potsdam.de\/en\/\",\"logo\":{\"@type\":\"ImageObject\",\"inLanguage\":\"en-US\",\"@id\":\"https:\/\/shop.verlag.uni-potsdam.de\/en\/#\/schema\/logo\/image\/\",\"url\":\"https:\/\/shop.verlag.uni-potsdam.de\/wp-content\/uploads\/2017\/04\/up_logo_university_2.png\",\"contentUrl\":\"https:\/\/shop.verlag.uni-potsdam.de\/wp-content\/uploads\/2017\/04\/up_logo_university_2.png\",\"width\":160,\"height\":172,\"caption\":\"Universit\u00e4tsverlag Potsdam\"},\"image\":{\"@id\":\"https:\/\/shop.verlag.uni-potsdam.de\/en\/#\/schema\/logo\/image\/\"}}]}<\/script>\n<!-- \/ Yoast SEO plugin. -->","yoast_head_json":{"title":"100j\u00e4hriges Jubil\u00e4um Tel Avivs = 100th anniversary of Tel Aviv - Universit\u00e4tsverlag Potsdam","robots":{"index":"index","follow":"follow","max-snippet":"max-snippet:-1","max-image-preview":"max-image-preview:large","max-video-preview":"max-video-preview:-1"},"canonical":"https:\/\/shop.verlag.uni-potsdam.de\/en\/shop\/100jaehriges-jubilaeum-tel-avivs-100th-anniversary-of-tel-aviv\/","og_locale":"en_US","og_type":"article","og_title":"100j\u00e4hriges Jubil\u00e4um Tel Avivs = 100th anniversary of Tel Aviv - Universit\u00e4tsverlag Potsdam","og_description":"Out of the editorial: Since the beginning of April this year, Tel Aviv has been celebrating its 100th anniversary. The history of this city has been summarised, reflected upon and (critically) discussed during 2009 in over 400 different events in this Israeli city and other numerous places outside of Israel. During these events not only was the history of Tel Aviv discussed but also its presence and in particular its future. For this reason this year\u2019s edition of PaRDeS has chosen 100th anniversary of Tel Aviv \/ 100 Jahre Tel Aviv as its focus. Israelis scholars, some in Tel Aviv (at times) and others in other countries, approach the subject of the history and present of Israel's biggest city from very different perspectives and from different areas of expertise.","og_url":"https:\/\/shop.verlag.uni-potsdam.de\/en\/shop\/100jaehriges-jubilaeum-tel-avivs-100th-anniversary-of-tel-aviv\/","og_site_name":"Universit\u00e4tsverlag Potsdam","article_modified_time":"2026-03-23T10:54:18+00:00","og_image":[{"width":450,"height":640,"url":"https:\/\/shop.verlag.uni-potsdam.de\/wp-content\/uploads\/asolmerce\/image-9783869560120.jpg","type":"image\/jpeg"}],"twitter_card":"summary_large_image","twitter_misc":{"Est. reading time":"1 minute"},"schema":{"@context":"https:\/\/schema.org","@graph":[{"@type":"WebPage","@id":"https:\/\/shop.verlag.uni-potsdam.de\/en\/shop\/100jaehriges-jubilaeum-tel-avivs-100th-anniversary-of-tel-aviv\/","url":"https:\/\/shop.verlag.uni-potsdam.de\/en\/shop\/100jaehriges-jubilaeum-tel-avivs-100th-anniversary-of-tel-aviv\/","name":"100j\u00e4hriges Jubil\u00e4um Tel Avivs = 100th anniversary of Tel Aviv - Universit\u00e4tsverlag Potsdam","isPartOf":{"@id":"https:\/\/shop.verlag.uni-potsdam.de\/en\/#website"},"primaryImageOfPage":{"@id":"https:\/\/shop.verlag.uni-potsdam.de\/en\/shop\/100jaehriges-jubilaeum-tel-avivs-100th-anniversary-of-tel-aviv\/#primaryimage"},"image":{"@id":"https:\/\/shop.verlag.uni-potsdam.de\/shop\/100jaehriges-jubilaeum-tel-avivs-100th-anniversary-of-tel-aviv\/#primaryimage"},"thumbnailUrl":"https:\/\/shop.verlag.uni-potsdam.de\/wp-content\/uploads\/asolmerce\/image-9783869560120.jpg","datePublished":"2026-03-23T08:53:17+00:00","dateModified":"2026-03-23T10:54:18+00:00","breadcrumb":{"@id":"https:\/\/shop.verlag.uni-potsdam.de\/en\/shop\/100jaehriges-jubilaeum-tel-avivs-100th-anniversary-of-tel-aviv\/#breadcrumb"},"inLanguage":"en-US","potentialAction":[{"@type":"ReadAction","target":[["https:\/\/shop.verlag.uni-potsdam.de\/en\/shop\/100jaehriges-jubilaeum-tel-avivs-100th-anniversary-of-tel-aviv\/"]]}]},{"@type":"ImageObject","inLanguage":"en-US","@id":"https:\/\/shop.verlag.uni-potsdam.de\/en\/shop\/100jaehriges-jubilaeum-tel-avivs-100th-anniversary-of-tel-aviv\/#primaryimage","url":"https:\/\/shop.verlag.uni-potsdam.de\/wp-content\/uploads\/asolmerce\/image-9783869560120.jpg","contentUrl":"https:\/\/shop.verlag.uni-potsdam.de\/wp-content\/uploads\/asolmerce\/image-9783869560120.jpg","width":450,"height":640},{"@type":"BreadcrumbList","@id":"https:\/\/shop.verlag.uni-potsdam.de\/en\/shop\/100jaehriges-jubilaeum-tel-avivs-100th-anniversary-of-tel-aviv\/#breadcrumb","itemListElement":[{"@type":"ListItem","position":1,"name":"Startseite","item":"https:\/\/shop.verlag.uni-potsdam.de\/en\/"},{"@type":"ListItem","position":2,"name":"Shop","item":"https:\/\/shop.verlag.uni-potsdam.de\/en\/shop\/"},{"@type":"ListItem","position":3,"name":"100j\u00e4hriges Jubil\u00e4um Tel Avivs = 100th anniversary of Tel Aviv"}]},{"@type":"WebSite","@id":"https:\/\/shop.verlag.uni-potsdam.de\/en\/#website","url":"https:\/\/shop.verlag.uni-potsdam.de\/en\/","name":"Universit\u00e4tsverlag Potsdam","description":"","publisher":{"@id":"https:\/\/shop.verlag.uni-potsdam.de\/en\/#organization"},"potentialAction":[{"@type":"SearchAction","target":{"@type":"EntryPoint","urlTemplate":"https:\/\/shop.verlag.uni-potsdam.de\/en\/?s={search_term_string}"},"query-input":{"@type":"PropertyValueSpecification","valueRequired":true,"valueName":"search_term_string"}}],"inLanguage":"en-US"},{"@type":"Organization","@id":"https:\/\/shop.verlag.uni-potsdam.de\/en\/#organization","name":"Universit\u00e4tsverlag Potsdam","url":"https:\/\/shop.verlag.uni-potsdam.de\/en\/","logo":{"@type":"ImageObject","inLanguage":"en-US","@id":"https:\/\/shop.verlag.uni-potsdam.de\/en\/#\/schema\/logo\/image\/","url":"https:\/\/shop.verlag.uni-potsdam.de\/wp-content\/uploads\/2017\/04\/up_logo_university_2.png","contentUrl":"https:\/\/shop.verlag.uni-potsdam.de\/wp-content\/uploads\/2017\/04\/up_logo_university_2.png","width":160,"height":172,"caption":"Universit\u00e4tsverlag Potsdam"},"image":{"@id":"https:\/\/shop.verlag.uni-potsdam.de\/en\/#\/schema\/logo\/image\/"}}]}},"_links":{"self":[{"href":"https:\/\/shop.verlag.uni-potsdam.de\/en\/wp-json\/wp\/v2\/product\/51755","targetHints":{"allow":["GET"]}}],"collection":[{"href":"https:\/\/shop.verlag.uni-potsdam.de\/en\/wp-json\/wp\/v2\/product"}],"about":[{"href":"https:\/\/shop.verlag.uni-potsdam.de\/en\/wp-json\/wp\/v2\/types\/product"}],"wp:featuredmedia":[{"embeddable":true,"href":"https:\/\/shop.verlag.uni-potsdam.de\/en\/wp-json\/wp\/v2\/media\/53761"}],"wp:attachment":[{"href":"https:\/\/shop.verlag.uni-potsdam.de\/en\/wp-json\/wp\/v2\/media?parent=51755"}],"wp:term":[{"taxonomy":"product_brand","embeddable":true,"href":"https:\/\/shop.verlag.uni-potsdam.de\/en\/wp-json\/wp\/v2\/product_brand?post=51755"},{"taxonomy":"product_cat","embeddable":true,"href":"https:\/\/shop.verlag.uni-potsdam.de\/en\/wp-json\/wp\/v2\/product_cat?post=51755"},{"taxonomy":"product_tag","embeddable":true,"href":"https:\/\/shop.verlag.uni-potsdam.de\/en\/wp-json\/wp\/v2\/product_tag?post=51755"}],"curies":[{"name":"wp","href":"https:\/\/api.w.org\/{rel}","templated":true}]}}