{"id":51760,"date":"2026-03-23T08:53:19","date_gmt":"2026-03-23T08:53:19","guid":{"rendered":"http:\/\/shop.verlag.uni-potsdam.de\/produkt\/freiheit-im-mittelalter-am-beispiel-der-stadt\/"},"modified":"2026-03-23T11:54:19","modified_gmt":"2026-03-23T10:54:19","slug":"freiheit-im-mittelalter-am-beispiel-der-stadt","status":"publish","type":"product","link":"https:\/\/shop.verlag.uni-potsdam.de\/en\/shop\/freiheit-im-mittelalter-am-beispiel-der-stadt\/","title":{"rendered":"Freiheit im Mittelalter am Beispiel der Stadt"},"content":{"rendered":"<p class=\"qtranxs-available-languages-message qtranxs-available-languages-message-en\">Sorry, this entry is only available in <a href=\"https:\/\/shop.verlag.uni-potsdam.de\/de\/wp-json\/wp\/v2\/product\/51760\" class=\"qtranxs-available-language-link qtranxs-available-language-link-de\" title=\"Deutsch\">Deutsch<\/a>.<\/p><p>Kircht\u00fcrme und Zunfth\u00e4user, Marktpl\u00e4tze und enge \u2013 oft verdreckte \u2013 Gassen zeichnen unser modernes Bild der mittelalterlichen Stadt. Dieser \u201eOrt\u201c war Forum und Zentrum des mittelalterlichen Lebens, dessen Vielfalt und Komplexit\u00e4t sich f\u00fcr uns wie durch ein Brennglas beobachten l\u00e4sst. Dieser Band in der Reihe \u201ePerspektiven historischen Denkens\u201c thematisiert die \u201est\u00e4dtische Freiheit\u201c unter geschichtsdidaktischen Aspekten. Junge Autorinnen und Autoren stellen hierin sch\u00fclerzentrierte und narrative Lernarrangements vor, die mit quellengest\u00fctzten Arbeitsmaterialien multiperspektivische Zug\u00e4nge zur Thematik \u201eFreiheit am Beispiel der mittelalterlichen Stadt\u201c (RLP Berlin-Brandenburg) erm\u00f6glichen. Vorweg gestellte Informationstexte gestatten den Lehrerinnen und Lehrern einen leichtverst\u00e4ndlich und fachlich fundierten Einblick in die Thematik und lohten das methodisch-didaktische Potential der Lernarrangements aus. Im sich anschlie\u00dfenden Materialteil k\u00f6nnen Sie als Lehrkraft aus dem breiten Text- und Bildfundus eine f\u00fcr ihren individuellen Unterricht angepasste Auswahl treffen und ihre Sch\u00fcler f\u00fcr einen kurzweiligen und handlungsorientierten Unterricht begeistern.<\/p>","protected":false},"excerpt":{"rendered":"<p class=\"qtranxs-available-languages-message qtranxs-available-languages-message-en\">Sorry, this entry is only available in <a href=\"https:\/\/shop.verlag.uni-potsdam.de\/de\/wp-json\/wp\/v2\/product\/51760\" class=\"qtranxs-available-language-link qtranxs-available-language-link-de\" title=\"Deutsch\">Deutsch<\/a>.<\/p>\n<p>Kircht\u00fcrme und Zunfth\u00e4user, Marktpl\u00e4tze und enge \u2013 oft verdreckte \u2013 Gassen zeichnen unser modernes Bild der mittelalterlichen Stadt. Dieser \u201eOrt\u201c war Forum und Zentrum des mittelalterlichen Lebens, dessen Vielfalt und Komplexit\u00e4t sich f\u00fcr uns wie durch ein Brennglas beobachten l\u00e4sst. Dieser Band in der Reihe \u201ePerspektiven historischen Denkens\u201c thematisiert die \u201est\u00e4dtische Freiheit\u201c unter geschichtsdidaktischen Aspekten. Junge Autorinnen und Autoren stellen hierin sch\u00fclerzentrierte und narrative Lernarrangements vor, die mit quellengest\u00fctzten Arbeitsmaterialien multiperspektivische Zug\u00e4nge zur Thematik \u201eFreiheit am Beispiel der mittelalterlichen Stadt\u201c (RLP Berlin-Brandenburg) erm\u00f6glichen. Vorweg gestellte Informationstexte gestatten den Lehrerinnen und Lehrern einen leichtverst\u00e4ndlich und fachlich fundierten Einblick in die Thematik und lohten das methodisch-didaktische Potential der Lernarrangements aus. Im sich anschlie\u00dfenden Materialteil k\u00f6nnen Sie als Lehrkraft aus dem breiten Text- und Bildfundus eine f\u00fcr ihren individuellen Unterricht angepasste Auswahl treffen und ihre Sch\u00fcler f\u00fcr einen kurzweiligen und handlungsorientierten Unterricht begeistern.<\/p>\n","protected":false},"featured_media":53777,"template":"","meta":{"_acf_changed":false},"product_brand":[],"product_cat":[6207],"product_tag":[5410],"class_list":{"0":"post-51760","1":"product","2":"type-product","3":"status-publish","4":"has-post-thumbnail","6":"product_cat-geschichte-web-kategorie","7":"product_tag-deutschland-geschichte-500-1500-stadtentwicklung","8":"autor-dagmar-klose","9":"autor-marco-ladewig","11":"first","12":"instock","13":"shipping-taxable","14":"purchasable","15":"product-type-simple"},"acf":[],"yoast_head":"<!-- This site is optimized with the Yoast SEO plugin v27.1.1 - https:\/\/yoast.com\/product\/yoast-seo-wordpress\/ -->\n<title>Freiheit im Mittelalter am Beispiel der Stadt - Universit\u00e4tsverlag Potsdam<\/title>\n<meta name=\"robots\" content=\"index, follow, max-snippet:-1, max-image-preview:large, max-video-preview:-1\" \/>\n<link rel=\"canonical\" href=\"https:\/\/shop.verlag.uni-potsdam.de\/en\/shop\/freiheit-im-mittelalter-am-beispiel-der-stadt\/\" \/>\n<meta property=\"og:locale\" content=\"en_US\" \/>\n<meta property=\"og:type\" content=\"article\" \/>\n<meta property=\"og:title\" content=\"Freiheit im Mittelalter am Beispiel der Stadt - Universit\u00e4tsverlag Potsdam\" \/>\n<meta property=\"og:description\" content=\"Kircht\u00fcrme und Zunfth\u00e4user, Marktpl\u00e4tze und enge \u2013 oft verdreckte \u2013 Gassen zeichnen unser modernes Bild der mittelalterlichen Stadt. Dieser \u201eOrt\u201c war Forum und Zentrum des mittelalterlichen Lebens, dessen Vielfalt und Komplexit\u00e4t sich f\u00fcr uns wie durch ein Brennglas beobachten l\u00e4sst. Dieser Band in der Reihe \u201ePerspektiven historischen Denkens\u201c thematisiert die \u201est\u00e4dtische Freiheit\u201c unter geschichtsdidaktischen Aspekten. Junge Autorinnen und Autoren stellen hierin sch\u00fclerzentrierte und narrative Lernarrangements vor, die mit quellengest\u00fctzten Arbeitsmaterialien multiperspektivische Zug\u00e4nge zur Thematik \u201eFreiheit am Beispiel der mittelalterlichen Stadt\u201c (RLP Berlin-Brandenburg) erm\u00f6glichen. Vorweg gestellte Informationstexte gestatten den Lehrerinnen und Lehrern einen leichtverst\u00e4ndlich und fachlich fundierten Einblick in die Thematik und lohten das methodisch-didaktische Potential der Lernarrangements aus. Im sich anschlie\u00dfenden Materialteil k\u00f6nnen Sie als Lehrkraft aus dem breiten Text- und Bildfundus eine f\u00fcr ihren individuellen Unterricht angepasste Auswahl treffen und ihre Sch\u00fcler f\u00fcr einen kurzweiligen und handlungsorientierten Unterricht begeistern.\" \/>\n<meta property=\"og:url\" content=\"https:\/\/shop.verlag.uni-potsdam.de\/en\/shop\/freiheit-im-mittelalter-am-beispiel-der-stadt\/\" \/>\n<meta property=\"og:site_name\" content=\"Universit\u00e4tsverlag Potsdam\" \/>\n<meta property=\"article:modified_time\" content=\"2026-03-23T10:54:19+00:00\" \/>\n<meta property=\"og:image\" content=\"https:\/\/shop.verlag.uni-potsdam.de\/wp-content\/uploads\/asolmerce\/image-9783940793959.jpg\" \/>\n\t<meta property=\"og:image:width\" content=\"455\" \/>\n\t<meta property=\"og:image:height\" content=\"640\" \/>\n\t<meta property=\"og:image:type\" content=\"image\/jpeg\" \/>\n<meta name=\"twitter:card\" content=\"summary_large_image\" \/>\n<meta name=\"twitter:label1\" content=\"Est. reading time\" \/>\n\t<meta name=\"twitter:data1\" content=\"1 minute\" \/>\n<script type=\"application\/ld+json\" class=\"yoast-schema-graph\">{\"@context\":\"https:\/\/schema.org\",\"@graph\":[{\"@type\":\"WebPage\",\"@id\":\"https:\/\/shop.verlag.uni-potsdam.de\/en\/shop\/freiheit-im-mittelalter-am-beispiel-der-stadt\/\",\"url\":\"https:\/\/shop.verlag.uni-potsdam.de\/en\/shop\/freiheit-im-mittelalter-am-beispiel-der-stadt\/\",\"name\":\"Freiheit im Mittelalter am Beispiel der Stadt - Universit\u00e4tsverlag Potsdam\",\"isPartOf\":{\"@id\":\"https:\/\/shop.verlag.uni-potsdam.de\/en\/#website\"},\"primaryImageOfPage\":{\"@id\":\"https:\/\/shop.verlag.uni-potsdam.de\/en\/shop\/freiheit-im-mittelalter-am-beispiel-der-stadt\/#primaryimage\"},\"image\":{\"@id\":\"https:\/\/shop.verlag.uni-potsdam.de\/shop\/freiheit-im-mittelalter-am-beispiel-der-stadt\/#primaryimage\"},\"thumbnailUrl\":\"https:\/\/shop.verlag.uni-potsdam.de\/wp-content\/uploads\/asolmerce\/image-9783940793959.jpg\",\"datePublished\":\"2026-03-23T08:53:19+00:00\",\"dateModified\":\"2026-03-23T10:54:19+00:00\",\"breadcrumb\":{\"@id\":\"https:\/\/shop.verlag.uni-potsdam.de\/en\/shop\/freiheit-im-mittelalter-am-beispiel-der-stadt\/#breadcrumb\"},\"inLanguage\":\"en-US\",\"potentialAction\":[{\"@type\":\"ReadAction\",\"target\":[[\"https:\/\/shop.verlag.uni-potsdam.de\/en\/shop\/freiheit-im-mittelalter-am-beispiel-der-stadt\/\"]]}]},{\"@type\":\"ImageObject\",\"inLanguage\":\"en-US\",\"@id\":\"https:\/\/shop.verlag.uni-potsdam.de\/en\/shop\/freiheit-im-mittelalter-am-beispiel-der-stadt\/#primaryimage\",\"url\":\"https:\/\/shop.verlag.uni-potsdam.de\/wp-content\/uploads\/asolmerce\/image-9783940793959.jpg\",\"contentUrl\":\"https:\/\/shop.verlag.uni-potsdam.de\/wp-content\/uploads\/asolmerce\/image-9783940793959.jpg\",\"width\":455,\"height\":640},{\"@type\":\"BreadcrumbList\",\"@id\":\"https:\/\/shop.verlag.uni-potsdam.de\/en\/shop\/freiheit-im-mittelalter-am-beispiel-der-stadt\/#breadcrumb\",\"itemListElement\":[{\"@type\":\"ListItem\",\"position\":1,\"name\":\"Startseite\",\"item\":\"https:\/\/shop.verlag.uni-potsdam.de\/en\/\"},{\"@type\":\"ListItem\",\"position\":2,\"name\":\"Shop\",\"item\":\"https:\/\/shop.verlag.uni-potsdam.de\/en\/shop\/\"},{\"@type\":\"ListItem\",\"position\":3,\"name\":\"Freiheit im Mittelalter am Beispiel der Stadt\"}]},{\"@type\":\"WebSite\",\"@id\":\"https:\/\/shop.verlag.uni-potsdam.de\/en\/#website\",\"url\":\"https:\/\/shop.verlag.uni-potsdam.de\/en\/\",\"name\":\"Universit\u00e4tsverlag Potsdam\",\"description\":\"\",\"publisher\":{\"@id\":\"https:\/\/shop.verlag.uni-potsdam.de\/en\/#organization\"},\"potentialAction\":[{\"@type\":\"SearchAction\",\"target\":{\"@type\":\"EntryPoint\",\"urlTemplate\":\"https:\/\/shop.verlag.uni-potsdam.de\/en\/?s={search_term_string}\"},\"query-input\":{\"@type\":\"PropertyValueSpecification\",\"valueRequired\":true,\"valueName\":\"search_term_string\"}}],\"inLanguage\":\"en-US\"},{\"@type\":\"Organization\",\"@id\":\"https:\/\/shop.verlag.uni-potsdam.de\/en\/#organization\",\"name\":\"Universit\u00e4tsverlag Potsdam\",\"url\":\"https:\/\/shop.verlag.uni-potsdam.de\/en\/\",\"logo\":{\"@type\":\"ImageObject\",\"inLanguage\":\"en-US\",\"@id\":\"https:\/\/shop.verlag.uni-potsdam.de\/en\/#\/schema\/logo\/image\/\",\"url\":\"https:\/\/shop.verlag.uni-potsdam.de\/wp-content\/uploads\/2017\/04\/up_logo_university_2.png\",\"contentUrl\":\"https:\/\/shop.verlag.uni-potsdam.de\/wp-content\/uploads\/2017\/04\/up_logo_university_2.png\",\"width\":160,\"height\":172,\"caption\":\"Universit\u00e4tsverlag Potsdam\"},\"image\":{\"@id\":\"https:\/\/shop.verlag.uni-potsdam.de\/en\/#\/schema\/logo\/image\/\"}}]}<\/script>\n<!-- \/ Yoast SEO plugin. -->","yoast_head_json":{"title":"Freiheit im Mittelalter am Beispiel der Stadt - Universit\u00e4tsverlag Potsdam","robots":{"index":"index","follow":"follow","max-snippet":"max-snippet:-1","max-image-preview":"max-image-preview:large","max-video-preview":"max-video-preview:-1"},"canonical":"https:\/\/shop.verlag.uni-potsdam.de\/en\/shop\/freiheit-im-mittelalter-am-beispiel-der-stadt\/","og_locale":"en_US","og_type":"article","og_title":"Freiheit im Mittelalter am Beispiel der Stadt - Universit\u00e4tsverlag Potsdam","og_description":"Kircht\u00fcrme und Zunfth\u00e4user, Marktpl\u00e4tze und enge \u2013 oft verdreckte \u2013 Gassen zeichnen unser modernes Bild der mittelalterlichen Stadt. Dieser \u201eOrt\u201c war Forum und Zentrum des mittelalterlichen Lebens, dessen Vielfalt und Komplexit\u00e4t sich f\u00fcr uns wie durch ein Brennglas beobachten l\u00e4sst. Dieser Band in der Reihe \u201ePerspektiven historischen Denkens\u201c thematisiert die \u201est\u00e4dtische Freiheit\u201c unter geschichtsdidaktischen Aspekten. Junge Autorinnen und Autoren stellen hierin sch\u00fclerzentrierte und narrative Lernarrangements vor, die mit quellengest\u00fctzten Arbeitsmaterialien multiperspektivische Zug\u00e4nge zur Thematik \u201eFreiheit am Beispiel der mittelalterlichen Stadt\u201c (RLP Berlin-Brandenburg) erm\u00f6glichen. Vorweg gestellte Informationstexte gestatten den Lehrerinnen und Lehrern einen leichtverst\u00e4ndlich und fachlich fundierten Einblick in die Thematik und lohten das methodisch-didaktische Potential der Lernarrangements aus. Im sich anschlie\u00dfenden Materialteil k\u00f6nnen Sie als Lehrkraft aus dem breiten Text- und Bildfundus eine f\u00fcr ihren individuellen Unterricht angepasste Auswahl treffen und ihre Sch\u00fcler f\u00fcr einen kurzweiligen und handlungsorientierten Unterricht begeistern.","og_url":"https:\/\/shop.verlag.uni-potsdam.de\/en\/shop\/freiheit-im-mittelalter-am-beispiel-der-stadt\/","og_site_name":"Universit\u00e4tsverlag Potsdam","article_modified_time":"2026-03-23T10:54:19+00:00","og_image":[{"width":455,"height":640,"url":"https:\/\/shop.verlag.uni-potsdam.de\/wp-content\/uploads\/asolmerce\/image-9783940793959.jpg","type":"image\/jpeg"}],"twitter_card":"summary_large_image","twitter_misc":{"Est. reading time":"1 minute"},"schema":{"@context":"https:\/\/schema.org","@graph":[{"@type":"WebPage","@id":"https:\/\/shop.verlag.uni-potsdam.de\/en\/shop\/freiheit-im-mittelalter-am-beispiel-der-stadt\/","url":"https:\/\/shop.verlag.uni-potsdam.de\/en\/shop\/freiheit-im-mittelalter-am-beispiel-der-stadt\/","name":"Freiheit im Mittelalter am Beispiel der Stadt - Universit\u00e4tsverlag Potsdam","isPartOf":{"@id":"https:\/\/shop.verlag.uni-potsdam.de\/en\/#website"},"primaryImageOfPage":{"@id":"https:\/\/shop.verlag.uni-potsdam.de\/en\/shop\/freiheit-im-mittelalter-am-beispiel-der-stadt\/#primaryimage"},"image":{"@id":"https:\/\/shop.verlag.uni-potsdam.de\/shop\/freiheit-im-mittelalter-am-beispiel-der-stadt\/#primaryimage"},"thumbnailUrl":"https:\/\/shop.verlag.uni-potsdam.de\/wp-content\/uploads\/asolmerce\/image-9783940793959.jpg","datePublished":"2026-03-23T08:53:19+00:00","dateModified":"2026-03-23T10:54:19+00:00","breadcrumb":{"@id":"https:\/\/shop.verlag.uni-potsdam.de\/en\/shop\/freiheit-im-mittelalter-am-beispiel-der-stadt\/#breadcrumb"},"inLanguage":"en-US","potentialAction":[{"@type":"ReadAction","target":[["https:\/\/shop.verlag.uni-potsdam.de\/en\/shop\/freiheit-im-mittelalter-am-beispiel-der-stadt\/"]]}]},{"@type":"ImageObject","inLanguage":"en-US","@id":"https:\/\/shop.verlag.uni-potsdam.de\/en\/shop\/freiheit-im-mittelalter-am-beispiel-der-stadt\/#primaryimage","url":"https:\/\/shop.verlag.uni-potsdam.de\/wp-content\/uploads\/asolmerce\/image-9783940793959.jpg","contentUrl":"https:\/\/shop.verlag.uni-potsdam.de\/wp-content\/uploads\/asolmerce\/image-9783940793959.jpg","width":455,"height":640},{"@type":"BreadcrumbList","@id":"https:\/\/shop.verlag.uni-potsdam.de\/en\/shop\/freiheit-im-mittelalter-am-beispiel-der-stadt\/#breadcrumb","itemListElement":[{"@type":"ListItem","position":1,"name":"Startseite","item":"https:\/\/shop.verlag.uni-potsdam.de\/en\/"},{"@type":"ListItem","position":2,"name":"Shop","item":"https:\/\/shop.verlag.uni-potsdam.de\/en\/shop\/"},{"@type":"ListItem","position":3,"name":"Freiheit im Mittelalter am Beispiel der Stadt"}]},{"@type":"WebSite","@id":"https:\/\/shop.verlag.uni-potsdam.de\/en\/#website","url":"https:\/\/shop.verlag.uni-potsdam.de\/en\/","name":"Universit\u00e4tsverlag Potsdam","description":"","publisher":{"@id":"https:\/\/shop.verlag.uni-potsdam.de\/en\/#organization"},"potentialAction":[{"@type":"SearchAction","target":{"@type":"EntryPoint","urlTemplate":"https:\/\/shop.verlag.uni-potsdam.de\/en\/?s={search_term_string}"},"query-input":{"@type":"PropertyValueSpecification","valueRequired":true,"valueName":"search_term_string"}}],"inLanguage":"en-US"},{"@type":"Organization","@id":"https:\/\/shop.verlag.uni-potsdam.de\/en\/#organization","name":"Universit\u00e4tsverlag Potsdam","url":"https:\/\/shop.verlag.uni-potsdam.de\/en\/","logo":{"@type":"ImageObject","inLanguage":"en-US","@id":"https:\/\/shop.verlag.uni-potsdam.de\/en\/#\/schema\/logo\/image\/","url":"https:\/\/shop.verlag.uni-potsdam.de\/wp-content\/uploads\/2017\/04\/up_logo_university_2.png","contentUrl":"https:\/\/shop.verlag.uni-potsdam.de\/wp-content\/uploads\/2017\/04\/up_logo_university_2.png","width":160,"height":172,"caption":"Universit\u00e4tsverlag Potsdam"},"image":{"@id":"https:\/\/shop.verlag.uni-potsdam.de\/en\/#\/schema\/logo\/image\/"}}]}},"_links":{"self":[{"href":"https:\/\/shop.verlag.uni-potsdam.de\/en\/wp-json\/wp\/v2\/product\/51760","targetHints":{"allow":["GET"]}}],"collection":[{"href":"https:\/\/shop.verlag.uni-potsdam.de\/en\/wp-json\/wp\/v2\/product"}],"about":[{"href":"https:\/\/shop.verlag.uni-potsdam.de\/en\/wp-json\/wp\/v2\/types\/product"}],"wp:featuredmedia":[{"embeddable":true,"href":"https:\/\/shop.verlag.uni-potsdam.de\/en\/wp-json\/wp\/v2\/media\/53777"}],"wp:attachment":[{"href":"https:\/\/shop.verlag.uni-potsdam.de\/en\/wp-json\/wp\/v2\/media?parent=51760"}],"wp:term":[{"taxonomy":"product_brand","embeddable":true,"href":"https:\/\/shop.verlag.uni-potsdam.de\/en\/wp-json\/wp\/v2\/product_brand?post=51760"},{"taxonomy":"product_cat","embeddable":true,"href":"https:\/\/shop.verlag.uni-potsdam.de\/en\/wp-json\/wp\/v2\/product_cat?post=51760"},{"taxonomy":"product_tag","embeddable":true,"href":"https:\/\/shop.verlag.uni-potsdam.de\/en\/wp-json\/wp\/v2\/product_tag?post=51760"}],"curies":[{"name":"wp","href":"https:\/\/api.w.org\/{rel}","templated":true}]}}