{"id":51761,"date":"2026-04-27T05:33:28","date_gmt":"2026-04-27T05:33:28","guid":{"rendered":"http:\/\/shop.verlag.uni-potsdam.de\/produkt\/exkursion-selbst-gemacht\/"},"modified":"2026-04-27T09:34:28","modified_gmt":"2026-04-27T07:34:28","slug":"exkursion-selbst-gemacht","status":"publish","type":"product","link":"https:\/\/shop.verlag.uni-potsdam.de\/en\/shop\/exkursion-selbst-gemacht\/","title":{"rendered":"Exkursion selbst gemacht"},"content":{"rendered":"<p class=\"qtranxs-available-languages-message qtranxs-available-languages-message-en\">Sorry, this entry is only available in <a href=\"https:\/\/shop.verlag.uni-potsdam.de\/de\/wp-json\/wp\/v2\/product\/51761\" class=\"qtranxs-available-language-link qtranxs-available-language-link-de\" title=\"Deutsch\">Deutsch<\/a>.<\/p><p>Ein traditioneller und wichtiger Bestandteil des Erdkundeunterrichts der Schule, wie auch des Geographiestudiums an der Universit\u00e4t sind Exkursionen. Vor allem hier ist die M\u00f6glichkeit gegeben, die Theorie an der Praxis zu messen. Die viele Jahrzehnte lang nahezu unangetastete Legitimation von Exkursionen in Unterricht und Studium durch Leitbegriffe wie \u201eAuthentizit\u00e4t\u201c, \u201eoriginale Begegnung\u201c und \u201eRealraumerfahrung\u201c werden heute jedoch vor dem Hintergrund der Entwicklungen in der Fachwissenschaft sowie in der Fachdidaktik zunehmend in Frage gestellt. Besonders die konstruktivistische Wende in der Geographiedidaktik stellte die Exkursionsdidaktik vor gro\u00dfe Herausforderungen. Man fragte sich: Wenn \u201eR\u00e4ume\u201c nicht mehr als Realr\u00e4ume untersucht werden und Exkursionen nicht automatisch damit gerechtfertigt werden k\u00f6nnen, dass sie Unterricht au\u00dferhalb des Klassenzimmers sind, welche Berechtigung haben sie dann noch? Dieser Band begibt sich auf die Suche nach theoretischen Antworten auf diese Frage und stellt darauf aufbauend innovative didaktische Konzepte vor. Es werden geographische Exkursionen beschrieben, auf denen mit unterschiedlichen sch\u00fcleraktivierenden Methoden gearbeitet wurde. Dabei richtet er sich nicht nur an Geographiedidaktiker, sondern durch die Praxisn\u00e4he der einzelnen Aufs\u00e4tze auch ganz gezielt an Lehrerinnen und Lehrer.<\/p>","protected":false},"excerpt":{"rendered":"<p class=\"qtranxs-available-languages-message qtranxs-available-languages-message-en\">Sorry, this entry is only available in <a href=\"https:\/\/shop.verlag.uni-potsdam.de\/de\/wp-json\/wp\/v2\/product\/51761\" class=\"qtranxs-available-language-link qtranxs-available-language-link-de\" title=\"Deutsch\">Deutsch<\/a>.<\/p>\n<p>Ein traditioneller und wichtiger Bestandteil des Erdkundeunterrichts der Schule, wie auch des Geographiestudiums an der Universit\u00e4t sind Exkursionen. Vor allem hier ist die M\u00f6glichkeit gegeben, die Theorie an der Praxis zu messen. Die viele Jahrzehnte lang nahezu unangetastete Legitimation von Exkursionen in Unterricht und Studium durch Leitbegriffe wie \u201eAuthentizit\u00e4t\u201c, \u201eoriginale Begegnung\u201c und \u201eRealraumerfahrung\u201c werden heute jedoch vor dem Hintergrund der Entwicklungen in der Fachwissenschaft sowie in der Fachdidaktik zunehmend in Frage gestellt. Besonders die konstruktivistische Wende in der Geographiedidaktik stellte die Exkursionsdidaktik vor gro\u00dfe Herausforderungen. Man fragte sich: Wenn \u201eR\u00e4ume\u201c nicht mehr als Realr\u00e4ume untersucht werden und Exkursionen nicht automatisch damit gerechtfertigt werden k\u00f6nnen, dass sie Unterricht au\u00dferhalb des Klassenzimmers sind, welche Berechtigung haben sie dann noch? Dieser Band begibt sich auf die Suche nach theoretischen Antworten auf diese Frage und stellt darauf aufbauend innovative didaktische Konzepte vor. Es werden geographische Exkursionen beschrieben, auf denen mit unterschiedlichen sch\u00fcleraktivierenden Methoden gearbeitet wurde. Dabei richtet er sich nicht nur an Geographiedidaktiker, sondern durch die Praxisn\u00e4he der einzelnen Aufs\u00e4tze auch ganz gezielt an Lehrerinnen und Lehrer.<\/p>\n","protected":false},"featured_media":53788,"template":"","meta":{"_acf_changed":false},"product_brand":[],"product_cat":[6209,6220],"product_tag":[5546],"class_list":{"0":"post-51761","1":"product","2":"type-product","3":"status-publish","4":"has-post-thumbnail","6":"product_cat-geowissenschaften-web-kategorie","7":"product_cat-paedagogik-web-kategorie","8":"product_tag-exkursion-geographieunterricht-lehrmittel-potsdam","9":"autor-alexandra-budke","10":"autor-maik-wienecke","11":"reihe-praxis-kultur-und-sozialgeographie","13":"first","14":"instock","15":"shipping-taxable","16":"purchasable","17":"product-type-simple"},"acf":[],"yoast_head":"<!-- This site is optimized with the Yoast SEO plugin v27.1.1 - https:\/\/yoast.com\/product\/yoast-seo-wordpress\/ -->\n<title>Exkursion selbst gemacht - Universit\u00e4tsverlag Potsdam<\/title>\n<meta name=\"robots\" content=\"index, follow, max-snippet:-1, max-image-preview:large, max-video-preview:-1\" \/>\n<link rel=\"canonical\" href=\"https:\/\/shop.verlag.uni-potsdam.de\/en\/shop\/exkursion-selbst-gemacht\/\" \/>\n<meta property=\"og:locale\" content=\"en_US\" \/>\n<meta property=\"og:type\" content=\"article\" \/>\n<meta property=\"og:title\" content=\"Exkursion selbst gemacht - Universit\u00e4tsverlag Potsdam\" \/>\n<meta property=\"og:description\" content=\"Ein traditioneller und wichtiger Bestandteil des Erdkundeunterrichts der Schule, wie auch des Geographiestudiums an der Universit\u00e4t sind Exkursionen. Vor allem hier ist die M\u00f6glichkeit gegeben, die Theorie an der Praxis zu messen. Die viele Jahrzehnte lang nahezu unangetastete Legitimation von Exkursionen in Unterricht und Studium durch Leitbegriffe wie \u201eAuthentizit\u00e4t\u201c, \u201eoriginale Begegnung\u201c und \u201eRealraumerfahrung\u201c werden heute jedoch vor dem Hintergrund der Entwicklungen in der Fachwissenschaft sowie in der Fachdidaktik zunehmend in Frage gestellt. Besonders die konstruktivistische Wende in der Geographiedidaktik stellte die Exkursionsdidaktik vor gro\u00dfe Herausforderungen. Man fragte sich: Wenn \u201eR\u00e4ume\u201c nicht mehr als Realr\u00e4ume untersucht werden und Exkursionen nicht automatisch damit gerechtfertigt werden k\u00f6nnen, dass sie Unterricht au\u00dferhalb des Klassenzimmers sind, welche Berechtigung haben sie dann noch? Dieser Band begibt sich auf die Suche nach theoretischen Antworten auf diese Frage und stellt darauf aufbauend innovative didaktische Konzepte vor. Es werden geographische Exkursionen beschrieben, auf denen mit unterschiedlichen sch\u00fcleraktivierenden Methoden gearbeitet wurde. Dabei richtet er sich nicht nur an Geographiedidaktiker, sondern durch die Praxisn\u00e4he der einzelnen Aufs\u00e4tze auch ganz gezielt an Lehrerinnen und Lehrer.\" \/>\n<meta property=\"og:url\" content=\"https:\/\/shop.verlag.uni-potsdam.de\/en\/shop\/exkursion-selbst-gemacht\/\" \/>\n<meta property=\"og:site_name\" content=\"Universit\u00e4tsverlag Potsdam\" \/>\n<meta property=\"article:modified_time\" content=\"2026-04-27T07:34:28+00:00\" \/>\n<meta property=\"og:image\" content=\"https:\/\/shop.verlag.uni-potsdam.de\/wp-content\/uploads\/asolmerce\/image-9783869560052.jpg\" \/>\n\t<meta property=\"og:image:width\" content=\"454\" \/>\n\t<meta property=\"og:image:height\" content=\"640\" \/>\n\t<meta property=\"og:image:type\" content=\"image\/jpeg\" \/>\n<meta name=\"twitter:card\" content=\"summary_large_image\" \/>\n<meta name=\"twitter:label1\" content=\"Est. reading time\" \/>\n\t<meta name=\"twitter:data1\" content=\"1 minute\" \/>\n<script type=\"application\/ld+json\" class=\"yoast-schema-graph\">{\"@context\":\"https:\/\/schema.org\",\"@graph\":[{\"@type\":\"WebPage\",\"@id\":\"https:\/\/shop.verlag.uni-potsdam.de\/en\/shop\/exkursion-selbst-gemacht\/\",\"url\":\"https:\/\/shop.verlag.uni-potsdam.de\/en\/shop\/exkursion-selbst-gemacht\/\",\"name\":\"Exkursion selbst gemacht - Universit\u00e4tsverlag Potsdam\",\"isPartOf\":{\"@id\":\"https:\/\/shop.verlag.uni-potsdam.de\/en\/#website\"},\"primaryImageOfPage\":{\"@id\":\"https:\/\/shop.verlag.uni-potsdam.de\/en\/shop\/exkursion-selbst-gemacht\/#primaryimage\"},\"image\":{\"@id\":\"https:\/\/shop.verlag.uni-potsdam.de\/shop\/exkursion-selbst-gemacht\/#primaryimage\"},\"thumbnailUrl\":\"https:\/\/shop.verlag.uni-potsdam.de\/wp-content\/uploads\/asolmerce\/image-9783869560052.jpg\",\"datePublished\":\"2026-04-27T05:33:28+00:00\",\"dateModified\":\"2026-04-27T07:34:28+00:00\",\"breadcrumb\":{\"@id\":\"https:\/\/shop.verlag.uni-potsdam.de\/en\/shop\/exkursion-selbst-gemacht\/#breadcrumb\"},\"inLanguage\":\"en-US\",\"potentialAction\":[{\"@type\":\"ReadAction\",\"target\":[[\"https:\/\/shop.verlag.uni-potsdam.de\/en\/shop\/exkursion-selbst-gemacht\/\"]]}]},{\"@type\":\"ImageObject\",\"inLanguage\":\"en-US\",\"@id\":\"https:\/\/shop.verlag.uni-potsdam.de\/en\/shop\/exkursion-selbst-gemacht\/#primaryimage\",\"url\":\"https:\/\/shop.verlag.uni-potsdam.de\/wp-content\/uploads\/asolmerce\/image-9783869560052.jpg\",\"contentUrl\":\"https:\/\/shop.verlag.uni-potsdam.de\/wp-content\/uploads\/asolmerce\/image-9783869560052.jpg\",\"width\":454,\"height\":640},{\"@type\":\"BreadcrumbList\",\"@id\":\"https:\/\/shop.verlag.uni-potsdam.de\/en\/shop\/exkursion-selbst-gemacht\/#breadcrumb\",\"itemListElement\":[{\"@type\":\"ListItem\",\"position\":1,\"name\":\"Startseite\",\"item\":\"https:\/\/shop.verlag.uni-potsdam.de\/en\/\"},{\"@type\":\"ListItem\",\"position\":2,\"name\":\"Shop\",\"item\":\"https:\/\/shop.verlag.uni-potsdam.de\/en\/shop\/\"},{\"@type\":\"ListItem\",\"position\":3,\"name\":\"Exkursion selbst gemacht\"}]},{\"@type\":\"WebSite\",\"@id\":\"https:\/\/shop.verlag.uni-potsdam.de\/en\/#website\",\"url\":\"https:\/\/shop.verlag.uni-potsdam.de\/en\/\",\"name\":\"Universit\u00e4tsverlag Potsdam\",\"description\":\"\",\"publisher\":{\"@id\":\"https:\/\/shop.verlag.uni-potsdam.de\/en\/#organization\"},\"potentialAction\":[{\"@type\":\"SearchAction\",\"target\":{\"@type\":\"EntryPoint\",\"urlTemplate\":\"https:\/\/shop.verlag.uni-potsdam.de\/en\/?s={search_term_string}\"},\"query-input\":{\"@type\":\"PropertyValueSpecification\",\"valueRequired\":true,\"valueName\":\"search_term_string\"}}],\"inLanguage\":\"en-US\"},{\"@type\":\"Organization\",\"@id\":\"https:\/\/shop.verlag.uni-potsdam.de\/en\/#organization\",\"name\":\"Universit\u00e4tsverlag Potsdam\",\"url\":\"https:\/\/shop.verlag.uni-potsdam.de\/en\/\",\"logo\":{\"@type\":\"ImageObject\",\"inLanguage\":\"en-US\",\"@id\":\"https:\/\/shop.verlag.uni-potsdam.de\/en\/#\/schema\/logo\/image\/\",\"url\":\"https:\/\/shop.verlag.uni-potsdam.de\/wp-content\/uploads\/2017\/04\/up_logo_university_2.png\",\"contentUrl\":\"https:\/\/shop.verlag.uni-potsdam.de\/wp-content\/uploads\/2017\/04\/up_logo_university_2.png\",\"width\":160,\"height\":172,\"caption\":\"Universit\u00e4tsverlag Potsdam\"},\"image\":{\"@id\":\"https:\/\/shop.verlag.uni-potsdam.de\/en\/#\/schema\/logo\/image\/\"}}]}<\/script>\n<!-- \/ Yoast SEO plugin. -->","yoast_head_json":{"title":"Exkursion selbst gemacht - Universit\u00e4tsverlag Potsdam","robots":{"index":"index","follow":"follow","max-snippet":"max-snippet:-1","max-image-preview":"max-image-preview:large","max-video-preview":"max-video-preview:-1"},"canonical":"https:\/\/shop.verlag.uni-potsdam.de\/en\/shop\/exkursion-selbst-gemacht\/","og_locale":"en_US","og_type":"article","og_title":"Exkursion selbst gemacht - Universit\u00e4tsverlag Potsdam","og_description":"Ein traditioneller und wichtiger Bestandteil des Erdkundeunterrichts der Schule, wie auch des Geographiestudiums an der Universit\u00e4t sind Exkursionen. Vor allem hier ist die M\u00f6glichkeit gegeben, die Theorie an der Praxis zu messen. Die viele Jahrzehnte lang nahezu unangetastete Legitimation von Exkursionen in Unterricht und Studium durch Leitbegriffe wie \u201eAuthentizit\u00e4t\u201c, \u201eoriginale Begegnung\u201c und \u201eRealraumerfahrung\u201c werden heute jedoch vor dem Hintergrund der Entwicklungen in der Fachwissenschaft sowie in der Fachdidaktik zunehmend in Frage gestellt. Besonders die konstruktivistische Wende in der Geographiedidaktik stellte die Exkursionsdidaktik vor gro\u00dfe Herausforderungen. Man fragte sich: Wenn \u201eR\u00e4ume\u201c nicht mehr als Realr\u00e4ume untersucht werden und Exkursionen nicht automatisch damit gerechtfertigt werden k\u00f6nnen, dass sie Unterricht au\u00dferhalb des Klassenzimmers sind, welche Berechtigung haben sie dann noch? Dieser Band begibt sich auf die Suche nach theoretischen Antworten auf diese Frage und stellt darauf aufbauend innovative didaktische Konzepte vor. Es werden geographische Exkursionen beschrieben, auf denen mit unterschiedlichen sch\u00fcleraktivierenden Methoden gearbeitet wurde. Dabei richtet er sich nicht nur an Geographiedidaktiker, sondern durch die Praxisn\u00e4he der einzelnen Aufs\u00e4tze auch ganz gezielt an Lehrerinnen und Lehrer.","og_url":"https:\/\/shop.verlag.uni-potsdam.de\/en\/shop\/exkursion-selbst-gemacht\/","og_site_name":"Universit\u00e4tsverlag Potsdam","article_modified_time":"2026-04-27T07:34:28+00:00","og_image":[{"width":454,"height":640,"url":"https:\/\/shop.verlag.uni-potsdam.de\/wp-content\/uploads\/asolmerce\/image-9783869560052.jpg","type":"image\/jpeg"}],"twitter_card":"summary_large_image","twitter_misc":{"Est. reading time":"1 minute"},"schema":{"@context":"https:\/\/schema.org","@graph":[{"@type":"WebPage","@id":"https:\/\/shop.verlag.uni-potsdam.de\/en\/shop\/exkursion-selbst-gemacht\/","url":"https:\/\/shop.verlag.uni-potsdam.de\/en\/shop\/exkursion-selbst-gemacht\/","name":"Exkursion selbst gemacht - Universit\u00e4tsverlag Potsdam","isPartOf":{"@id":"https:\/\/shop.verlag.uni-potsdam.de\/en\/#website"},"primaryImageOfPage":{"@id":"https:\/\/shop.verlag.uni-potsdam.de\/en\/shop\/exkursion-selbst-gemacht\/#primaryimage"},"image":{"@id":"https:\/\/shop.verlag.uni-potsdam.de\/shop\/exkursion-selbst-gemacht\/#primaryimage"},"thumbnailUrl":"https:\/\/shop.verlag.uni-potsdam.de\/wp-content\/uploads\/asolmerce\/image-9783869560052.jpg","datePublished":"2026-04-27T05:33:28+00:00","dateModified":"2026-04-27T07:34:28+00:00","breadcrumb":{"@id":"https:\/\/shop.verlag.uni-potsdam.de\/en\/shop\/exkursion-selbst-gemacht\/#breadcrumb"},"inLanguage":"en-US","potentialAction":[{"@type":"ReadAction","target":[["https:\/\/shop.verlag.uni-potsdam.de\/en\/shop\/exkursion-selbst-gemacht\/"]]}]},{"@type":"ImageObject","inLanguage":"en-US","@id":"https:\/\/shop.verlag.uni-potsdam.de\/en\/shop\/exkursion-selbst-gemacht\/#primaryimage","url":"https:\/\/shop.verlag.uni-potsdam.de\/wp-content\/uploads\/asolmerce\/image-9783869560052.jpg","contentUrl":"https:\/\/shop.verlag.uni-potsdam.de\/wp-content\/uploads\/asolmerce\/image-9783869560052.jpg","width":454,"height":640},{"@type":"BreadcrumbList","@id":"https:\/\/shop.verlag.uni-potsdam.de\/en\/shop\/exkursion-selbst-gemacht\/#breadcrumb","itemListElement":[{"@type":"ListItem","position":1,"name":"Startseite","item":"https:\/\/shop.verlag.uni-potsdam.de\/en\/"},{"@type":"ListItem","position":2,"name":"Shop","item":"https:\/\/shop.verlag.uni-potsdam.de\/en\/shop\/"},{"@type":"ListItem","position":3,"name":"Exkursion selbst gemacht"}]},{"@type":"WebSite","@id":"https:\/\/shop.verlag.uni-potsdam.de\/en\/#website","url":"https:\/\/shop.verlag.uni-potsdam.de\/en\/","name":"Universit\u00e4tsverlag Potsdam","description":"","publisher":{"@id":"https:\/\/shop.verlag.uni-potsdam.de\/en\/#organization"},"potentialAction":[{"@type":"SearchAction","target":{"@type":"EntryPoint","urlTemplate":"https:\/\/shop.verlag.uni-potsdam.de\/en\/?s={search_term_string}"},"query-input":{"@type":"PropertyValueSpecification","valueRequired":true,"valueName":"search_term_string"}}],"inLanguage":"en-US"},{"@type":"Organization","@id":"https:\/\/shop.verlag.uni-potsdam.de\/en\/#organization","name":"Universit\u00e4tsverlag Potsdam","url":"https:\/\/shop.verlag.uni-potsdam.de\/en\/","logo":{"@type":"ImageObject","inLanguage":"en-US","@id":"https:\/\/shop.verlag.uni-potsdam.de\/en\/#\/schema\/logo\/image\/","url":"https:\/\/shop.verlag.uni-potsdam.de\/wp-content\/uploads\/2017\/04\/up_logo_university_2.png","contentUrl":"https:\/\/shop.verlag.uni-potsdam.de\/wp-content\/uploads\/2017\/04\/up_logo_university_2.png","width":160,"height":172,"caption":"Universit\u00e4tsverlag Potsdam"},"image":{"@id":"https:\/\/shop.verlag.uni-potsdam.de\/en\/#\/schema\/logo\/image\/"}}]}},"_links":{"self":[{"href":"https:\/\/shop.verlag.uni-potsdam.de\/en\/wp-json\/wp\/v2\/product\/51761","targetHints":{"allow":["GET"]}}],"collection":[{"href":"https:\/\/shop.verlag.uni-potsdam.de\/en\/wp-json\/wp\/v2\/product"}],"about":[{"href":"https:\/\/shop.verlag.uni-potsdam.de\/en\/wp-json\/wp\/v2\/types\/product"}],"wp:featuredmedia":[{"embeddable":true,"href":"https:\/\/shop.verlag.uni-potsdam.de\/en\/wp-json\/wp\/v2\/media\/53788"}],"wp:attachment":[{"href":"https:\/\/shop.verlag.uni-potsdam.de\/en\/wp-json\/wp\/v2\/media?parent=51761"}],"wp:term":[{"taxonomy":"product_brand","embeddable":true,"href":"https:\/\/shop.verlag.uni-potsdam.de\/en\/wp-json\/wp\/v2\/product_brand?post=51761"},{"taxonomy":"product_cat","embeddable":true,"href":"https:\/\/shop.verlag.uni-potsdam.de\/en\/wp-json\/wp\/v2\/product_cat?post=51761"},{"taxonomy":"product_tag","embeddable":true,"href":"https:\/\/shop.verlag.uni-potsdam.de\/en\/wp-json\/wp\/v2\/product_tag?post=51761"}],"curies":[{"name":"wp","href":"https:\/\/api.w.org\/{rel}","templated":true}]}}