{"id":51764,"date":"2026-03-23T08:53:11","date_gmt":"2026-03-23T08:53:11","guid":{"rendered":"http:\/\/shop.verlag.uni-potsdam.de\/produkt\/mgfn-1320091-themenheft-militaer-und-materielle-kultur\/"},"modified":"2026-03-23T11:54:11","modified_gmt":"2026-03-23T10:54:11","slug":"militaer-und-materielle-kultur-in-der-fruehen-neuzeit","status":"publish","type":"product","link":"https:\/\/shop.verlag.uni-potsdam.de\/en\/shop\/militaer-und-materielle-kultur-in-der-fruehen-neuzeit\/","title":{"rendered":"Milit\u00e4r und materielle Kultur in der Fr\u00fchen Neuzeit"},"content":{"rendered":"<p class=\"qtranxs-available-languages-message qtranxs-available-languages-message-en\">Sorry, this entry is only available in <a href=\"https:\/\/shop.verlag.uni-potsdam.de\/de\/wp-json\/wp\/v2\/product\/51764\" class=\"qtranxs-available-language-link qtranxs-available-language-link-de\" title=\"Deutsch\">Deutsch<\/a>.<\/p><p>Ans\u00e4tze der materiellen Kulturforschung mit milit\u00e4rgeschichtlichen Fragestellungen zusammenzuf\u00fchren erscheint naheliegend \u2013 ist doch die Welt des Milit\u00e4rs von Dingen gepr\u00e4gt und sind es doch die \u00fcberlieferten \u201amilit\u00e4rischen Artefakte\u2019, wie Waffen, R\u00fcstungen, Ehrenzeichen und Uniformen, die unsere Vorstellungen vom Milit\u00e4r der Fr\u00fchen Neuzeit erheblich beeinflussen. Dennoch fehlen bisher Untersuchungen, in denen die Fragestellungen des kulturwissenschaftlichen material turn und der fr\u00fchneuzeitlichen Milit\u00e4rgeschichte aufeinander bezogen werden weitgehend. Das vorliegende Themenheft versteht sich als ein erster Beitrag, diese L\u00fccke zu schlie\u00dfen. Anhand von Untersuchungen zum Umgang mit Dingen und der Bedeutungszuschreibung an Dinge in der milit\u00e4rischen Lebenswelt werden in den Beitr\u00e4gen so einerseits die Bedeutungsebenen der materiellen Kultur des Milit\u00e4rs und andererseits die Relevanz der materiellen Kultur f\u00fcr die gesellschaftlichen Wahrnehmungsmodi des Milit\u00e4rs als sozialer Gruppe betrachtet. Auf diese Weise gelingt es, mit den Ans\u00e4tzen der materiellen Kulturforschung innovative Perspektiven auf das Verh\u00e4ltnis von Milit\u00e4r und Gesellschaft zu entwickeln.<\/p>","protected":false},"excerpt":{"rendered":"<p class=\"qtranxs-available-languages-message qtranxs-available-languages-message-en\">Sorry, this entry is only available in <a href=\"https:\/\/shop.verlag.uni-potsdam.de\/de\/wp-json\/wp\/v2\/product\/51764\" class=\"qtranxs-available-language-link qtranxs-available-language-link-de\" title=\"Deutsch\">Deutsch<\/a>.<\/p>\n<p>Ans\u00e4tze der materiellen Kulturforschung mit milit\u00e4rgeschichtlichen Fragestellungen zusammenzuf\u00fchren erscheint naheliegend \u2013 ist doch die Welt des Milit\u00e4rs von Dingen gepr\u00e4gt und sind es doch die \u00fcberlieferten \u201amilit\u00e4rischen Artefakte\u2019, wie Waffen, R\u00fcstungen, Ehrenzeichen und Uniformen, die unsere Vorstellungen vom Milit\u00e4r der Fr\u00fchen Neuzeit erheblich beeinflussen. Dennoch fehlen bisher Untersuchungen, in denen die Fragestellungen des kulturwissenschaftlichen material turn und der fr\u00fchneuzeitlichen Milit\u00e4rgeschichte aufeinander bezogen werden weitgehend. Das vorliegende Themenheft versteht sich als ein erster Beitrag, diese L\u00fccke zu schlie\u00dfen. Anhand von Untersuchungen zum Umgang mit Dingen und der Bedeutungszuschreibung an Dinge in der milit\u00e4rischen Lebenswelt werden in den Beitr\u00e4gen so einerseits die Bedeutungsebenen der materiellen Kultur des Milit\u00e4rs und andererseits die Relevanz der materiellen Kultur f\u00fcr die gesellschaftlichen Wahrnehmungsmodi des Milit\u00e4rs als sozialer Gruppe betrachtet. Auf diese Weise gelingt es, mit den Ans\u00e4tzen der materiellen Kulturforschung innovative Perspektiven auf das Verh\u00e4ltnis von Milit\u00e4r und Gesellschaft zu entwickeln.<\/p>\n","protected":false},"featured_media":53750,"template":"","meta":{"_acf_changed":false},"product_brand":[],"product_cat":[6207],"product_tag":[5706],"class_list":{"0":"post-51764","1":"product","2":"type-product","3":"status-publish","4":"has-post-thumbnail","6":"product_cat-geschichte-web-kategorie","7":"product_tag-europa-geschichte-1500-1800-militaer-sachkultur","8":"autor-carmen-winkel","9":"autor-hanna-sonkajaervi","10":"autor-jan-willem-huntebrinker","11":"autor-joerg-rogge","12":"autor-klaus-wolf","13":"autor-linda-braun","14":"autor-marian-fuessel","15":"autor-martin-strassburger","16":"autor-niklas-funke","17":"autor-ulrike-ludwig","18":"autor-urte-christine-evert","19":"zeitschriften-militaer-und-gesellschaft-in-der-fruehen-neuzeit","21":"first","22":"instock","23":"shipping-taxable","24":"purchasable","25":"product-type-simple"},"acf":[],"yoast_head":"<!-- This site is optimized with the Yoast SEO plugin v27.1.1 - https:\/\/yoast.com\/product\/yoast-seo-wordpress\/ -->\n<title>Milit\u00e4r und materielle Kultur in der Fr\u00fchen Neuzeit - Universit\u00e4tsverlag Potsdam<\/title>\n<meta name=\"robots\" content=\"index, follow, max-snippet:-1, max-image-preview:large, max-video-preview:-1\" \/>\n<link rel=\"canonical\" href=\"https:\/\/shop.verlag.uni-potsdam.de\/en\/shop\/militaer-und-materielle-kultur-in-der-fruehen-neuzeit\/\" \/>\n<meta property=\"og:locale\" content=\"en_US\" \/>\n<meta property=\"og:type\" content=\"article\" \/>\n<meta property=\"og:title\" content=\"Milit\u00e4r und materielle Kultur in der Fr\u00fchen Neuzeit - Universit\u00e4tsverlag Potsdam\" \/>\n<meta property=\"og:description\" content=\"Ans\u00e4tze der materiellen Kulturforschung mit milit\u00e4rgeschichtlichen Fragestellungen zusammenzuf\u00fchren erscheint naheliegend \u2013 ist doch die Welt des Milit\u00e4rs von Dingen gepr\u00e4gt und sind es doch die \u00fcberlieferten \u201amilit\u00e4rischen Artefakte\u2019, wie Waffen, R\u00fcstungen, Ehrenzeichen und Uniformen, die unsere Vorstellungen vom Milit\u00e4r der Fr\u00fchen Neuzeit erheblich beeinflussen. Dennoch fehlen bisher Untersuchungen, in denen die Fragestellungen des kulturwissenschaftlichen material turn und der fr\u00fchneuzeitlichen Milit\u00e4rgeschichte aufeinander bezogen werden weitgehend. Das vorliegende Themenheft versteht sich als ein erster Beitrag, diese L\u00fccke zu schlie\u00dfen. Anhand von Untersuchungen zum Umgang mit Dingen und der Bedeutungszuschreibung an Dinge in der milit\u00e4rischen Lebenswelt werden in den Beitr\u00e4gen so einerseits die Bedeutungsebenen der materiellen Kultur des Milit\u00e4rs und andererseits die Relevanz der materiellen Kultur f\u00fcr die gesellschaftlichen Wahrnehmungsmodi des Milit\u00e4rs als sozialer Gruppe betrachtet. Auf diese Weise gelingt es, mit den Ans\u00e4tzen der materiellen Kulturforschung innovative Perspektiven auf das Verh\u00e4ltnis von Milit\u00e4r und Gesellschaft zu entwickeln.\" \/>\n<meta property=\"og:url\" content=\"https:\/\/shop.verlag.uni-potsdam.de\/en\/shop\/militaer-und-materielle-kultur-in-der-fruehen-neuzeit\/\" \/>\n<meta property=\"og:site_name\" content=\"Universit\u00e4tsverlag Potsdam\" \/>\n<meta property=\"article:modified_time\" content=\"2026-03-23T10:54:11+00:00\" \/>\n<meta property=\"og:image\" content=\"https:\/\/shop.verlag.uni-potsdam.de\/wp-content\/uploads\/asolmerce\/image-9783940793935.jpg\" \/>\n\t<meta property=\"og:image:width\" content=\"448\" \/>\n\t<meta property=\"og:image:height\" content=\"640\" \/>\n\t<meta property=\"og:image:type\" content=\"image\/jpeg\" \/>\n<meta name=\"twitter:card\" content=\"summary_large_image\" \/>\n<meta name=\"twitter:label1\" content=\"Est. reading time\" \/>\n\t<meta name=\"twitter:data1\" content=\"1 minute\" \/>\n<script type=\"application\/ld+json\" class=\"yoast-schema-graph\">{\"@context\":\"https:\/\/schema.org\",\"@graph\":[{\"@type\":\"WebPage\",\"@id\":\"https:\/\/shop.verlag.uni-potsdam.de\/en\/shop\/militaer-und-materielle-kultur-in-der-fruehen-neuzeit\/\",\"url\":\"https:\/\/shop.verlag.uni-potsdam.de\/en\/shop\/militaer-und-materielle-kultur-in-der-fruehen-neuzeit\/\",\"name\":\"Milit\u00e4r und materielle Kultur in der Fr\u00fchen Neuzeit - Universit\u00e4tsverlag Potsdam\",\"isPartOf\":{\"@id\":\"https:\/\/shop.verlag.uni-potsdam.de\/en\/#website\"},\"primaryImageOfPage\":{\"@id\":\"https:\/\/shop.verlag.uni-potsdam.de\/en\/shop\/militaer-und-materielle-kultur-in-der-fruehen-neuzeit\/#primaryimage\"},\"image\":{\"@id\":\"https:\/\/shop.verlag.uni-potsdam.de\/shop\/militaer-und-materielle-kultur-in-der-fruehen-neuzeit\/#primaryimage\"},\"thumbnailUrl\":\"https:\/\/shop.verlag.uni-potsdam.de\/wp-content\/uploads\/asolmerce\/image-9783940793935.jpg\",\"datePublished\":\"2026-03-23T08:53:11+00:00\",\"dateModified\":\"2026-03-23T10:54:11+00:00\",\"breadcrumb\":{\"@id\":\"https:\/\/shop.verlag.uni-potsdam.de\/en\/shop\/militaer-und-materielle-kultur-in-der-fruehen-neuzeit\/#breadcrumb\"},\"inLanguage\":\"en-US\",\"potentialAction\":[{\"@type\":\"ReadAction\",\"target\":[[\"https:\/\/shop.verlag.uni-potsdam.de\/en\/shop\/militaer-und-materielle-kultur-in-der-fruehen-neuzeit\/\"]]}]},{\"@type\":\"ImageObject\",\"inLanguage\":\"en-US\",\"@id\":\"https:\/\/shop.verlag.uni-potsdam.de\/en\/shop\/militaer-und-materielle-kultur-in-der-fruehen-neuzeit\/#primaryimage\",\"url\":\"https:\/\/shop.verlag.uni-potsdam.de\/wp-content\/uploads\/asolmerce\/image-9783940793935.jpg\",\"contentUrl\":\"https:\/\/shop.verlag.uni-potsdam.de\/wp-content\/uploads\/asolmerce\/image-9783940793935.jpg\",\"width\":448,\"height\":640},{\"@type\":\"BreadcrumbList\",\"@id\":\"https:\/\/shop.verlag.uni-potsdam.de\/en\/shop\/militaer-und-materielle-kultur-in-der-fruehen-neuzeit\/#breadcrumb\",\"itemListElement\":[{\"@type\":\"ListItem\",\"position\":1,\"name\":\"Startseite\",\"item\":\"https:\/\/shop.verlag.uni-potsdam.de\/en\/\"},{\"@type\":\"ListItem\",\"position\":2,\"name\":\"Shop\",\"item\":\"https:\/\/shop.verlag.uni-potsdam.de\/en\/shop\/\"},{\"@type\":\"ListItem\",\"position\":3,\"name\":\"Milit\u00e4r und materielle Kultur in der Fr\u00fchen Neuzeit\"}]},{\"@type\":\"WebSite\",\"@id\":\"https:\/\/shop.verlag.uni-potsdam.de\/en\/#website\",\"url\":\"https:\/\/shop.verlag.uni-potsdam.de\/en\/\",\"name\":\"Universit\u00e4tsverlag Potsdam\",\"description\":\"\",\"publisher\":{\"@id\":\"https:\/\/shop.verlag.uni-potsdam.de\/en\/#organization\"},\"potentialAction\":[{\"@type\":\"SearchAction\",\"target\":{\"@type\":\"EntryPoint\",\"urlTemplate\":\"https:\/\/shop.verlag.uni-potsdam.de\/en\/?s={search_term_string}\"},\"query-input\":{\"@type\":\"PropertyValueSpecification\",\"valueRequired\":true,\"valueName\":\"search_term_string\"}}],\"inLanguage\":\"en-US\"},{\"@type\":\"Organization\",\"@id\":\"https:\/\/shop.verlag.uni-potsdam.de\/en\/#organization\",\"name\":\"Universit\u00e4tsverlag Potsdam\",\"url\":\"https:\/\/shop.verlag.uni-potsdam.de\/en\/\",\"logo\":{\"@type\":\"ImageObject\",\"inLanguage\":\"en-US\",\"@id\":\"https:\/\/shop.verlag.uni-potsdam.de\/en\/#\/schema\/logo\/image\/\",\"url\":\"https:\/\/shop.verlag.uni-potsdam.de\/wp-content\/uploads\/2017\/04\/up_logo_university_2.png\",\"contentUrl\":\"https:\/\/shop.verlag.uni-potsdam.de\/wp-content\/uploads\/2017\/04\/up_logo_university_2.png\",\"width\":160,\"height\":172,\"caption\":\"Universit\u00e4tsverlag Potsdam\"},\"image\":{\"@id\":\"https:\/\/shop.verlag.uni-potsdam.de\/en\/#\/schema\/logo\/image\/\"}}]}<\/script>\n<!-- \/ Yoast SEO plugin. -->","yoast_head_json":{"title":"Milit\u00e4r und materielle Kultur in der Fr\u00fchen Neuzeit - Universit\u00e4tsverlag Potsdam","robots":{"index":"index","follow":"follow","max-snippet":"max-snippet:-1","max-image-preview":"max-image-preview:large","max-video-preview":"max-video-preview:-1"},"canonical":"https:\/\/shop.verlag.uni-potsdam.de\/en\/shop\/militaer-und-materielle-kultur-in-der-fruehen-neuzeit\/","og_locale":"en_US","og_type":"article","og_title":"Milit\u00e4r und materielle Kultur in der Fr\u00fchen Neuzeit - Universit\u00e4tsverlag Potsdam","og_description":"Ans\u00e4tze der materiellen Kulturforschung mit milit\u00e4rgeschichtlichen Fragestellungen zusammenzuf\u00fchren erscheint naheliegend \u2013 ist doch die Welt des Milit\u00e4rs von Dingen gepr\u00e4gt und sind es doch die \u00fcberlieferten \u201amilit\u00e4rischen Artefakte\u2019, wie Waffen, R\u00fcstungen, Ehrenzeichen und Uniformen, die unsere Vorstellungen vom Milit\u00e4r der Fr\u00fchen Neuzeit erheblich beeinflussen. Dennoch fehlen bisher Untersuchungen, in denen die Fragestellungen des kulturwissenschaftlichen material turn und der fr\u00fchneuzeitlichen Milit\u00e4rgeschichte aufeinander bezogen werden weitgehend. Das vorliegende Themenheft versteht sich als ein erster Beitrag, diese L\u00fccke zu schlie\u00dfen. Anhand von Untersuchungen zum Umgang mit Dingen und der Bedeutungszuschreibung an Dinge in der milit\u00e4rischen Lebenswelt werden in den Beitr\u00e4gen so einerseits die Bedeutungsebenen der materiellen Kultur des Milit\u00e4rs und andererseits die Relevanz der materiellen Kultur f\u00fcr die gesellschaftlichen Wahrnehmungsmodi des Milit\u00e4rs als sozialer Gruppe betrachtet. Auf diese Weise gelingt es, mit den Ans\u00e4tzen der materiellen Kulturforschung innovative Perspektiven auf das Verh\u00e4ltnis von Milit\u00e4r und Gesellschaft zu entwickeln.","og_url":"https:\/\/shop.verlag.uni-potsdam.de\/en\/shop\/militaer-und-materielle-kultur-in-der-fruehen-neuzeit\/","og_site_name":"Universit\u00e4tsverlag Potsdam","article_modified_time":"2026-03-23T10:54:11+00:00","og_image":[{"width":448,"height":640,"url":"https:\/\/shop.verlag.uni-potsdam.de\/wp-content\/uploads\/asolmerce\/image-9783940793935.jpg","type":"image\/jpeg"}],"twitter_card":"summary_large_image","twitter_misc":{"Est. reading time":"1 minute"},"schema":{"@context":"https:\/\/schema.org","@graph":[{"@type":"WebPage","@id":"https:\/\/shop.verlag.uni-potsdam.de\/en\/shop\/militaer-und-materielle-kultur-in-der-fruehen-neuzeit\/","url":"https:\/\/shop.verlag.uni-potsdam.de\/en\/shop\/militaer-und-materielle-kultur-in-der-fruehen-neuzeit\/","name":"Milit\u00e4r und materielle Kultur in der Fr\u00fchen Neuzeit - Universit\u00e4tsverlag Potsdam","isPartOf":{"@id":"https:\/\/shop.verlag.uni-potsdam.de\/en\/#website"},"primaryImageOfPage":{"@id":"https:\/\/shop.verlag.uni-potsdam.de\/en\/shop\/militaer-und-materielle-kultur-in-der-fruehen-neuzeit\/#primaryimage"},"image":{"@id":"https:\/\/shop.verlag.uni-potsdam.de\/shop\/militaer-und-materielle-kultur-in-der-fruehen-neuzeit\/#primaryimage"},"thumbnailUrl":"https:\/\/shop.verlag.uni-potsdam.de\/wp-content\/uploads\/asolmerce\/image-9783940793935.jpg","datePublished":"2026-03-23T08:53:11+00:00","dateModified":"2026-03-23T10:54:11+00:00","breadcrumb":{"@id":"https:\/\/shop.verlag.uni-potsdam.de\/en\/shop\/militaer-und-materielle-kultur-in-der-fruehen-neuzeit\/#breadcrumb"},"inLanguage":"en-US","potentialAction":[{"@type":"ReadAction","target":[["https:\/\/shop.verlag.uni-potsdam.de\/en\/shop\/militaer-und-materielle-kultur-in-der-fruehen-neuzeit\/"]]}]},{"@type":"ImageObject","inLanguage":"en-US","@id":"https:\/\/shop.verlag.uni-potsdam.de\/en\/shop\/militaer-und-materielle-kultur-in-der-fruehen-neuzeit\/#primaryimage","url":"https:\/\/shop.verlag.uni-potsdam.de\/wp-content\/uploads\/asolmerce\/image-9783940793935.jpg","contentUrl":"https:\/\/shop.verlag.uni-potsdam.de\/wp-content\/uploads\/asolmerce\/image-9783940793935.jpg","width":448,"height":640},{"@type":"BreadcrumbList","@id":"https:\/\/shop.verlag.uni-potsdam.de\/en\/shop\/militaer-und-materielle-kultur-in-der-fruehen-neuzeit\/#breadcrumb","itemListElement":[{"@type":"ListItem","position":1,"name":"Startseite","item":"https:\/\/shop.verlag.uni-potsdam.de\/en\/"},{"@type":"ListItem","position":2,"name":"Shop","item":"https:\/\/shop.verlag.uni-potsdam.de\/en\/shop\/"},{"@type":"ListItem","position":3,"name":"Milit\u00e4r und materielle Kultur in der Fr\u00fchen Neuzeit"}]},{"@type":"WebSite","@id":"https:\/\/shop.verlag.uni-potsdam.de\/en\/#website","url":"https:\/\/shop.verlag.uni-potsdam.de\/en\/","name":"Universit\u00e4tsverlag Potsdam","description":"","publisher":{"@id":"https:\/\/shop.verlag.uni-potsdam.de\/en\/#organization"},"potentialAction":[{"@type":"SearchAction","target":{"@type":"EntryPoint","urlTemplate":"https:\/\/shop.verlag.uni-potsdam.de\/en\/?s={search_term_string}"},"query-input":{"@type":"PropertyValueSpecification","valueRequired":true,"valueName":"search_term_string"}}],"inLanguage":"en-US"},{"@type":"Organization","@id":"https:\/\/shop.verlag.uni-potsdam.de\/en\/#organization","name":"Universit\u00e4tsverlag Potsdam","url":"https:\/\/shop.verlag.uni-potsdam.de\/en\/","logo":{"@type":"ImageObject","inLanguage":"en-US","@id":"https:\/\/shop.verlag.uni-potsdam.de\/en\/#\/schema\/logo\/image\/","url":"https:\/\/shop.verlag.uni-potsdam.de\/wp-content\/uploads\/2017\/04\/up_logo_university_2.png","contentUrl":"https:\/\/shop.verlag.uni-potsdam.de\/wp-content\/uploads\/2017\/04\/up_logo_university_2.png","width":160,"height":172,"caption":"Universit\u00e4tsverlag Potsdam"},"image":{"@id":"https:\/\/shop.verlag.uni-potsdam.de\/en\/#\/schema\/logo\/image\/"}}]}},"_links":{"self":[{"href":"https:\/\/shop.verlag.uni-potsdam.de\/en\/wp-json\/wp\/v2\/product\/51764","targetHints":{"allow":["GET"]}}],"collection":[{"href":"https:\/\/shop.verlag.uni-potsdam.de\/en\/wp-json\/wp\/v2\/product"}],"about":[{"href":"https:\/\/shop.verlag.uni-potsdam.de\/en\/wp-json\/wp\/v2\/types\/product"}],"wp:featuredmedia":[{"embeddable":true,"href":"https:\/\/shop.verlag.uni-potsdam.de\/en\/wp-json\/wp\/v2\/media\/53750"}],"wp:attachment":[{"href":"https:\/\/shop.verlag.uni-potsdam.de\/en\/wp-json\/wp\/v2\/media?parent=51764"}],"wp:term":[{"taxonomy":"product_brand","embeddable":true,"href":"https:\/\/shop.verlag.uni-potsdam.de\/en\/wp-json\/wp\/v2\/product_brand?post=51764"},{"taxonomy":"product_cat","embeddable":true,"href":"https:\/\/shop.verlag.uni-potsdam.de\/en\/wp-json\/wp\/v2\/product_cat?post=51764"},{"taxonomy":"product_tag","embeddable":true,"href":"https:\/\/shop.verlag.uni-potsdam.de\/en\/wp-json\/wp\/v2\/product_tag?post=51764"}],"curies":[{"name":"wp","href":"https:\/\/api.w.org\/{rel}","templated":true}]}}