{"id":51776,"date":"2026-03-23T08:53:29","date_gmt":"2026-03-23T08:53:29","guid":{"rendered":"http:\/\/shop.verlag.uni-potsdam.de\/produkt\/elsenhans-kapitalismus-kontrovers\/"},"modified":"2026-03-23T11:54:29","modified_gmt":"2026-03-23T10:54:29","slug":"kapitalismus-kontrovers","status":"publish","type":"product","link":"https:\/\/shop.verlag.uni-potsdam.de\/en\/shop\/kapitalismus-kontrovers\/","title":{"rendered":"Kapitalismus kontrovers"},"content":{"rendered":"<p class=\"qtranxs-available-languages-message qtranxs-available-languages-message-en\">Sorry, this entry is only available in <a href=\"https:\/\/shop.verlag.uni-potsdam.de\/de\/wp-json\/wp\/v2\/product\/51776\" class=\"qtranxs-available-language-link qtranxs-available-language-link-de\" title=\"Deutsch\">Deutsch<\/a>.<\/p><p>Mit der globalen Banken- und Finanzkrise ist die Debatte um den Kapitalismus neu entfacht. Doch wie kapitalistisch ist die Weltwirtschaft und welche Folgen entstehen f\u00fcr die internationale Politik? Bereits mit seinem 2007 erschienenen Werk zur \u201eGeschichte und \u00d6konomie der europ\u00e4ischen Welteroberung \u2013 Vom Zeitalter der Entdeckungen zum 1. Weltkrieg\u201c legt Hartmut Elsenhans eine umfangreiche Analyse der Geschichte und Bedingungen kapitalistischer Expansion vor. Im vorliegenden Beitrag bleibt der Autor seinem interdisziplin\u00e4ren Ansatz treu. Als entscheidend f\u00fcr kapitalistisches Wachstum werden gesellschaftliche Kr\u00e4fteverh\u00e4ltnisse zwischen dominanten und subalternen Klassen erachtet. Der Kapitalismus erweist sich hier als fragiles System, dessen Entstehung nicht auf in vorkapitalistischen Gesellschaften vorhandene Interessen herrschender Klassen zur\u00fcckzuf\u00fchren ist, sondern ein ungeplant umgesetztes \u201eProjekt\u201c der Subalternen darstellt.<\/p>","protected":false},"excerpt":{"rendered":"<p class=\"qtranxs-available-languages-message qtranxs-available-languages-message-en\">Sorry, this entry is only available in <a href=\"https:\/\/shop.verlag.uni-potsdam.de\/de\/wp-json\/wp\/v2\/product\/51776\" class=\"qtranxs-available-language-link qtranxs-available-language-link-de\" title=\"Deutsch\">Deutsch<\/a>.<\/p>\n<p>Mit der globalen Banken- und Finanzkrise ist die Debatte um den Kapitalismus neu entfacht. Doch wie kapitalistisch ist die Weltwirtschaft und welche Folgen entstehen f\u00fcr die internationale Politik? Bereits mit seinem 2007 erschienenen Werk zur \u201eGeschichte und \u00d6konomie der europ\u00e4ischen Welteroberung \u2013 Vom Zeitalter der Entdeckungen zum 1. Weltkrieg\u201c legt Hartmut Elsenhans eine umfangreiche Analyse der Geschichte und Bedingungen kapitalistischer Expansion vor. Im vorliegenden Beitrag bleibt der Autor seinem interdisziplin\u00e4ren Ansatz treu. Als entscheidend f\u00fcr kapitalistisches Wachstum werden gesellschaftliche Kr\u00e4fteverh\u00e4ltnisse zwischen dominanten und subalternen Klassen erachtet. Der Kapitalismus erweist sich hier als fragiles System, dessen Entstehung nicht auf in vorkapitalistischen Gesellschaften vorhandene Interessen herrschender Klassen zur\u00fcckzuf\u00fchren ist, sondern ein ungeplant umgesetztes \u201eProjekt\u201c der Subalternen darstellt.<\/p>\n","protected":false},"featured_media":53835,"template":"","meta":{"_acf_changed":false},"product_brand":[],"product_cat":[6223],"product_tag":[5228],"class_list":{"0":"post-51776","1":"product","2":"type-product","3":"status-publish","4":"has-post-thumbnail","6":"product_cat-politikwissenschaft-web-kategorie","7":"product_tag-gesellschaft-kapitalismus-massenkonsum","8":"autor-hartmut-elsenhans","10":"first","11":"instock","12":"shipping-taxable","13":"purchasable","14":"product-type-simple"},"acf":[],"yoast_head":"<!-- This site is optimized with the Yoast SEO plugin v27.1.1 - https:\/\/yoast.com\/product\/yoast-seo-wordpress\/ -->\n<title>Kapitalismus kontrovers - Universit\u00e4tsverlag Potsdam<\/title>\n<meta name=\"robots\" content=\"index, follow, max-snippet:-1, max-image-preview:large, max-video-preview:-1\" \/>\n<link rel=\"canonical\" href=\"https:\/\/shop.verlag.uni-potsdam.de\/en\/shop\/kapitalismus-kontrovers\/\" \/>\n<meta property=\"og:locale\" content=\"en_US\" \/>\n<meta property=\"og:type\" content=\"article\" \/>\n<meta property=\"og:title\" content=\"Kapitalismus kontrovers - Universit\u00e4tsverlag Potsdam\" \/>\n<meta property=\"og:description\" content=\"Mit der globalen Banken- und Finanzkrise ist die Debatte um den Kapitalismus neu entfacht. Doch wie kapitalistisch ist die Weltwirtschaft und welche Folgen entstehen f\u00fcr die internationale Politik? Bereits mit seinem 2007 erschienenen Werk zur \u201eGeschichte und \u00d6konomie der europ\u00e4ischen Welteroberung \u2013 Vom Zeitalter der Entdeckungen zum 1. Weltkrieg\u201c legt Hartmut Elsenhans eine umfangreiche Analyse der Geschichte und Bedingungen kapitalistischer Expansion vor. Im vorliegenden Beitrag bleibt der Autor seinem interdisziplin\u00e4ren Ansatz treu. Als entscheidend f\u00fcr kapitalistisches Wachstum werden gesellschaftliche Kr\u00e4fteverh\u00e4ltnisse zwischen dominanten und subalternen Klassen erachtet. Der Kapitalismus erweist sich hier als fragiles System, dessen Entstehung nicht auf in vorkapitalistischen Gesellschaften vorhandene Interessen herrschender Klassen zur\u00fcckzuf\u00fchren ist, sondern ein ungeplant umgesetztes \u201eProjekt\u201c der Subalternen darstellt.\" \/>\n<meta property=\"og:url\" content=\"https:\/\/shop.verlag.uni-potsdam.de\/en\/shop\/kapitalismus-kontrovers\/\" \/>\n<meta property=\"og:site_name\" content=\"Universit\u00e4tsverlag Potsdam\" \/>\n<meta property=\"article:modified_time\" content=\"2026-03-23T10:54:29+00:00\" \/>\n<meta property=\"og:image\" content=\"https:\/\/shop.verlag.uni-potsdam.de\/wp-content\/uploads\/asolmerce\/image-9783940793676.jpg\" \/>\n\t<meta property=\"og:image:width\" content=\"461\" \/>\n\t<meta property=\"og:image:height\" content=\"640\" \/>\n\t<meta property=\"og:image:type\" content=\"image\/jpeg\" \/>\n<meta name=\"twitter:card\" content=\"summary_large_image\" \/>\n<meta name=\"twitter:label1\" content=\"Est. reading time\" \/>\n\t<meta name=\"twitter:data1\" content=\"1 minute\" \/>\n<script type=\"application\/ld+json\" class=\"yoast-schema-graph\">{\"@context\":\"https:\/\/schema.org\",\"@graph\":[{\"@type\":\"WebPage\",\"@id\":\"https:\/\/shop.verlag.uni-potsdam.de\/en\/shop\/kapitalismus-kontrovers\/\",\"url\":\"https:\/\/shop.verlag.uni-potsdam.de\/en\/shop\/kapitalismus-kontrovers\/\",\"name\":\"Kapitalismus kontrovers - Universit\u00e4tsverlag Potsdam\",\"isPartOf\":{\"@id\":\"https:\/\/shop.verlag.uni-potsdam.de\/en\/#website\"},\"primaryImageOfPage\":{\"@id\":\"https:\/\/shop.verlag.uni-potsdam.de\/en\/shop\/kapitalismus-kontrovers\/#primaryimage\"},\"image\":{\"@id\":\"https:\/\/shop.verlag.uni-potsdam.de\/shop\/kapitalismus-kontrovers\/#primaryimage\"},\"thumbnailUrl\":\"https:\/\/shop.verlag.uni-potsdam.de\/wp-content\/uploads\/asolmerce\/image-9783940793676.jpg\",\"datePublished\":\"2026-03-23T08:53:29+00:00\",\"dateModified\":\"2026-03-23T10:54:29+00:00\",\"breadcrumb\":{\"@id\":\"https:\/\/shop.verlag.uni-potsdam.de\/en\/shop\/kapitalismus-kontrovers\/#breadcrumb\"},\"inLanguage\":\"en-US\",\"potentialAction\":[{\"@type\":\"ReadAction\",\"target\":[[\"https:\/\/shop.verlag.uni-potsdam.de\/en\/shop\/kapitalismus-kontrovers\/\"]]}]},{\"@type\":\"ImageObject\",\"inLanguage\":\"en-US\",\"@id\":\"https:\/\/shop.verlag.uni-potsdam.de\/en\/shop\/kapitalismus-kontrovers\/#primaryimage\",\"url\":\"https:\/\/shop.verlag.uni-potsdam.de\/wp-content\/uploads\/asolmerce\/image-9783940793676.jpg\",\"contentUrl\":\"https:\/\/shop.verlag.uni-potsdam.de\/wp-content\/uploads\/asolmerce\/image-9783940793676.jpg\",\"width\":461,\"height\":640},{\"@type\":\"BreadcrumbList\",\"@id\":\"https:\/\/shop.verlag.uni-potsdam.de\/en\/shop\/kapitalismus-kontrovers\/#breadcrumb\",\"itemListElement\":[{\"@type\":\"ListItem\",\"position\":1,\"name\":\"Startseite\",\"item\":\"https:\/\/shop.verlag.uni-potsdam.de\/en\/\"},{\"@type\":\"ListItem\",\"position\":2,\"name\":\"Shop\",\"item\":\"https:\/\/shop.verlag.uni-potsdam.de\/en\/shop\/\"},{\"@type\":\"ListItem\",\"position\":3,\"name\":\"Kapitalismus kontrovers\"}]},{\"@type\":\"WebSite\",\"@id\":\"https:\/\/shop.verlag.uni-potsdam.de\/en\/#website\",\"url\":\"https:\/\/shop.verlag.uni-potsdam.de\/en\/\",\"name\":\"Universit\u00e4tsverlag Potsdam\",\"description\":\"\",\"publisher\":{\"@id\":\"https:\/\/shop.verlag.uni-potsdam.de\/en\/#organization\"},\"potentialAction\":[{\"@type\":\"SearchAction\",\"target\":{\"@type\":\"EntryPoint\",\"urlTemplate\":\"https:\/\/shop.verlag.uni-potsdam.de\/en\/?s={search_term_string}\"},\"query-input\":{\"@type\":\"PropertyValueSpecification\",\"valueRequired\":true,\"valueName\":\"search_term_string\"}}],\"inLanguage\":\"en-US\"},{\"@type\":\"Organization\",\"@id\":\"https:\/\/shop.verlag.uni-potsdam.de\/en\/#organization\",\"name\":\"Universit\u00e4tsverlag Potsdam\",\"url\":\"https:\/\/shop.verlag.uni-potsdam.de\/en\/\",\"logo\":{\"@type\":\"ImageObject\",\"inLanguage\":\"en-US\",\"@id\":\"https:\/\/shop.verlag.uni-potsdam.de\/en\/#\/schema\/logo\/image\/\",\"url\":\"https:\/\/shop.verlag.uni-potsdam.de\/wp-content\/uploads\/2017\/04\/up_logo_university_2.png\",\"contentUrl\":\"https:\/\/shop.verlag.uni-potsdam.de\/wp-content\/uploads\/2017\/04\/up_logo_university_2.png\",\"width\":160,\"height\":172,\"caption\":\"Universit\u00e4tsverlag Potsdam\"},\"image\":{\"@id\":\"https:\/\/shop.verlag.uni-potsdam.de\/en\/#\/schema\/logo\/image\/\"}}]}<\/script>\n<!-- \/ Yoast SEO plugin. -->","yoast_head_json":{"title":"Kapitalismus kontrovers - Universit\u00e4tsverlag Potsdam","robots":{"index":"index","follow":"follow","max-snippet":"max-snippet:-1","max-image-preview":"max-image-preview:large","max-video-preview":"max-video-preview:-1"},"canonical":"https:\/\/shop.verlag.uni-potsdam.de\/en\/shop\/kapitalismus-kontrovers\/","og_locale":"en_US","og_type":"article","og_title":"Kapitalismus kontrovers - Universit\u00e4tsverlag Potsdam","og_description":"Mit der globalen Banken- und Finanzkrise ist die Debatte um den Kapitalismus neu entfacht. Doch wie kapitalistisch ist die Weltwirtschaft und welche Folgen entstehen f\u00fcr die internationale Politik? Bereits mit seinem 2007 erschienenen Werk zur \u201eGeschichte und \u00d6konomie der europ\u00e4ischen Welteroberung \u2013 Vom Zeitalter der Entdeckungen zum 1. Weltkrieg\u201c legt Hartmut Elsenhans eine umfangreiche Analyse der Geschichte und Bedingungen kapitalistischer Expansion vor. Im vorliegenden Beitrag bleibt der Autor seinem interdisziplin\u00e4ren Ansatz treu. Als entscheidend f\u00fcr kapitalistisches Wachstum werden gesellschaftliche Kr\u00e4fteverh\u00e4ltnisse zwischen dominanten und subalternen Klassen erachtet. Der Kapitalismus erweist sich hier als fragiles System, dessen Entstehung nicht auf in vorkapitalistischen Gesellschaften vorhandene Interessen herrschender Klassen zur\u00fcckzuf\u00fchren ist, sondern ein ungeplant umgesetztes \u201eProjekt\u201c der Subalternen darstellt.","og_url":"https:\/\/shop.verlag.uni-potsdam.de\/en\/shop\/kapitalismus-kontrovers\/","og_site_name":"Universit\u00e4tsverlag Potsdam","article_modified_time":"2026-03-23T10:54:29+00:00","og_image":[{"width":461,"height":640,"url":"https:\/\/shop.verlag.uni-potsdam.de\/wp-content\/uploads\/asolmerce\/image-9783940793676.jpg","type":"image\/jpeg"}],"twitter_card":"summary_large_image","twitter_misc":{"Est. reading time":"1 minute"},"schema":{"@context":"https:\/\/schema.org","@graph":[{"@type":"WebPage","@id":"https:\/\/shop.verlag.uni-potsdam.de\/en\/shop\/kapitalismus-kontrovers\/","url":"https:\/\/shop.verlag.uni-potsdam.de\/en\/shop\/kapitalismus-kontrovers\/","name":"Kapitalismus kontrovers - Universit\u00e4tsverlag Potsdam","isPartOf":{"@id":"https:\/\/shop.verlag.uni-potsdam.de\/en\/#website"},"primaryImageOfPage":{"@id":"https:\/\/shop.verlag.uni-potsdam.de\/en\/shop\/kapitalismus-kontrovers\/#primaryimage"},"image":{"@id":"https:\/\/shop.verlag.uni-potsdam.de\/shop\/kapitalismus-kontrovers\/#primaryimage"},"thumbnailUrl":"https:\/\/shop.verlag.uni-potsdam.de\/wp-content\/uploads\/asolmerce\/image-9783940793676.jpg","datePublished":"2026-03-23T08:53:29+00:00","dateModified":"2026-03-23T10:54:29+00:00","breadcrumb":{"@id":"https:\/\/shop.verlag.uni-potsdam.de\/en\/shop\/kapitalismus-kontrovers\/#breadcrumb"},"inLanguage":"en-US","potentialAction":[{"@type":"ReadAction","target":[["https:\/\/shop.verlag.uni-potsdam.de\/en\/shop\/kapitalismus-kontrovers\/"]]}]},{"@type":"ImageObject","inLanguage":"en-US","@id":"https:\/\/shop.verlag.uni-potsdam.de\/en\/shop\/kapitalismus-kontrovers\/#primaryimage","url":"https:\/\/shop.verlag.uni-potsdam.de\/wp-content\/uploads\/asolmerce\/image-9783940793676.jpg","contentUrl":"https:\/\/shop.verlag.uni-potsdam.de\/wp-content\/uploads\/asolmerce\/image-9783940793676.jpg","width":461,"height":640},{"@type":"BreadcrumbList","@id":"https:\/\/shop.verlag.uni-potsdam.de\/en\/shop\/kapitalismus-kontrovers\/#breadcrumb","itemListElement":[{"@type":"ListItem","position":1,"name":"Startseite","item":"https:\/\/shop.verlag.uni-potsdam.de\/en\/"},{"@type":"ListItem","position":2,"name":"Shop","item":"https:\/\/shop.verlag.uni-potsdam.de\/en\/shop\/"},{"@type":"ListItem","position":3,"name":"Kapitalismus kontrovers"}]},{"@type":"WebSite","@id":"https:\/\/shop.verlag.uni-potsdam.de\/en\/#website","url":"https:\/\/shop.verlag.uni-potsdam.de\/en\/","name":"Universit\u00e4tsverlag Potsdam","description":"","publisher":{"@id":"https:\/\/shop.verlag.uni-potsdam.de\/en\/#organization"},"potentialAction":[{"@type":"SearchAction","target":{"@type":"EntryPoint","urlTemplate":"https:\/\/shop.verlag.uni-potsdam.de\/en\/?s={search_term_string}"},"query-input":{"@type":"PropertyValueSpecification","valueRequired":true,"valueName":"search_term_string"}}],"inLanguage":"en-US"},{"@type":"Organization","@id":"https:\/\/shop.verlag.uni-potsdam.de\/en\/#organization","name":"Universit\u00e4tsverlag Potsdam","url":"https:\/\/shop.verlag.uni-potsdam.de\/en\/","logo":{"@type":"ImageObject","inLanguage":"en-US","@id":"https:\/\/shop.verlag.uni-potsdam.de\/en\/#\/schema\/logo\/image\/","url":"https:\/\/shop.verlag.uni-potsdam.de\/wp-content\/uploads\/2017\/04\/up_logo_university_2.png","contentUrl":"https:\/\/shop.verlag.uni-potsdam.de\/wp-content\/uploads\/2017\/04\/up_logo_university_2.png","width":160,"height":172,"caption":"Universit\u00e4tsverlag Potsdam"},"image":{"@id":"https:\/\/shop.verlag.uni-potsdam.de\/en\/#\/schema\/logo\/image\/"}}]}},"_links":{"self":[{"href":"https:\/\/shop.verlag.uni-potsdam.de\/en\/wp-json\/wp\/v2\/product\/51776","targetHints":{"allow":["GET"]}}],"collection":[{"href":"https:\/\/shop.verlag.uni-potsdam.de\/en\/wp-json\/wp\/v2\/product"}],"about":[{"href":"https:\/\/shop.verlag.uni-potsdam.de\/en\/wp-json\/wp\/v2\/types\/product"}],"wp:featuredmedia":[{"embeddable":true,"href":"https:\/\/shop.verlag.uni-potsdam.de\/en\/wp-json\/wp\/v2\/media\/53835"}],"wp:attachment":[{"href":"https:\/\/shop.verlag.uni-potsdam.de\/en\/wp-json\/wp\/v2\/media?parent=51776"}],"wp:term":[{"taxonomy":"product_brand","embeddable":true,"href":"https:\/\/shop.verlag.uni-potsdam.de\/en\/wp-json\/wp\/v2\/product_brand?post=51776"},{"taxonomy":"product_cat","embeddable":true,"href":"https:\/\/shop.verlag.uni-potsdam.de\/en\/wp-json\/wp\/v2\/product_cat?post=51776"},{"taxonomy":"product_tag","embeddable":true,"href":"https:\/\/shop.verlag.uni-potsdam.de\/en\/wp-json\/wp\/v2\/product_tag?post=51776"}],"curies":[{"name":"wp","href":"https:\/\/api.w.org\/{rel}","templated":true}]}}