{"id":51781,"date":"2026-03-23T08:53:28","date_gmt":"2026-03-23T08:53:28","guid":{"rendered":"http:\/\/shop.verlag.uni-potsdam.de\/produkt\/gibt-es-eine-europaeische-zivilreligion\/"},"modified":"2026-03-23T11:54:28","modified_gmt":"2026-03-23T10:54:28","slug":"gibt-es-eine-europaeische-zivilreligion","status":"publish","type":"product","link":"https:\/\/shop.verlag.uni-potsdam.de\/en\/shop\/gibt-es-eine-europaeische-zivilreligion\/","title":{"rendered":"Gibt es eine europ\u00e4ische Zivilreligion?"},"content":{"rendered":"<p class=\"qtranxs-available-languages-message qtranxs-available-languages-message-en\">Sorry, this entry is only available in <a href=\"https:\/\/shop.verlag.uni-potsdam.de\/de\/wp-json\/wp\/v2\/product\/51781\" class=\"qtranxs-available-language-link qtranxs-available-language-link-de\" title=\"Deutsch\">Deutsch<\/a>.<\/p><p>Gibt es europ\u00e4ische Werte? Welche sind das? Der Autor, Philosoph und Professor f\u00fcr Politische Theorie an der Universit\u00e4t Potsdam, vertritt in seiner \u201ePariser Vorlesung\u201c die These einer europ\u00e4ischen Zivilreligion, die auf der gemeinsamen Vergangenheit und einem Wertekonsens basiert. Er zeigt die Traditionen, die das europ\u00e4ische Wertesystem pr\u00e4gten, und wie diese in den Verfassungsprozess der EU einflossen. Das Papier gibt damit zugleich Impulse f\u00fcr die weitere intellektuelle und politische Debatte \u00fcber Europa.<\/p>","protected":false},"excerpt":{"rendered":"<p class=\"qtranxs-available-languages-message qtranxs-available-languages-message-en\">Sorry, this entry is only available in <a href=\"https:\/\/shop.verlag.uni-potsdam.de\/de\/wp-json\/wp\/v2\/product\/51781\" class=\"qtranxs-available-language-link qtranxs-available-language-link-de\" title=\"Deutsch\">Deutsch<\/a>.<\/p>\n<p>Gibt es europ\u00e4ische Werte? Welche sind das? Der Autor, Philosoph und Professor f\u00fcr Politische Theorie an der Universit\u00e4t Potsdam, vertritt in seiner \u201ePariser Vorlesung\u201c die These einer europ\u00e4ischen Zivilreligion, die auf der gemeinsamen Vergangenheit und einem Wertekonsens basiert. Er zeigt die Traditionen, die das europ\u00e4ische Wertesystem pr\u00e4gten, und wie diese in den Verfassungsprozess der EU einflossen. Das Papier gibt damit zugleich Impulse f\u00fcr die weitere intellektuelle und politische Debatte \u00fcber Europa.<\/p>\n","protected":false},"featured_media":53834,"template":"","meta":{"_acf_changed":false},"product_brand":[],"product_cat":[6223],"product_tag":[5230],"class_list":{"0":"post-51781","1":"product","2":"type-product","3":"status-publish","4":"has-post-thumbnail","6":"product_cat-politikwissenschaft-web-kategorie","7":"product_tag-europa-politik-zivilreligion","8":"autor-heinz-kleger","9":"edition-restexemplare","11":"first","12":"instock","13":"shipping-taxable","14":"purchasable","15":"product-type-simple"},"acf":[],"yoast_head":"<!-- This site is optimized with the Yoast SEO plugin v27.1.1 - https:\/\/yoast.com\/product\/yoast-seo-wordpress\/ -->\n<title>Gibt es eine europ\u00e4ische Zivilreligion? - Universit\u00e4tsverlag Potsdam<\/title>\n<meta name=\"robots\" content=\"index, follow, max-snippet:-1, max-image-preview:large, max-video-preview:-1\" \/>\n<link rel=\"canonical\" href=\"https:\/\/shop.verlag.uni-potsdam.de\/en\/shop\/gibt-es-eine-europaeische-zivilreligion\/\" \/>\n<meta property=\"og:locale\" content=\"en_US\" \/>\n<meta property=\"og:type\" content=\"article\" \/>\n<meta property=\"og:title\" content=\"Gibt es eine europ\u00e4ische Zivilreligion? - Universit\u00e4tsverlag Potsdam\" \/>\n<meta property=\"og:description\" content=\"Gibt es europ\u00e4ische Werte? Welche sind das? Der Autor, Philosoph und Professor f\u00fcr Politische Theorie an der Universit\u00e4t Potsdam, vertritt in seiner \u201ePariser Vorlesung\u201c die These einer europ\u00e4ischen Zivilreligion, die auf der gemeinsamen Vergangenheit und einem Wertekonsens basiert. Er zeigt die Traditionen, die das europ\u00e4ische Wertesystem pr\u00e4gten, und wie diese in den Verfassungsprozess der EU einflossen. Das Papier gibt damit zugleich Impulse f\u00fcr die weitere intellektuelle und politische Debatte \u00fcber Europa.\" \/>\n<meta property=\"og:url\" content=\"https:\/\/shop.verlag.uni-potsdam.de\/en\/shop\/gibt-es-eine-europaeische-zivilreligion\/\" \/>\n<meta property=\"og:site_name\" content=\"Universit\u00e4tsverlag Potsdam\" \/>\n<meta property=\"article:modified_time\" content=\"2026-03-23T10:54:28+00:00\" \/>\n<meta property=\"og:image\" content=\"https:\/\/shop.verlag.uni-potsdam.de\/wp-content\/uploads\/asolmerce\/image-9783940793607.jpg\" \/>\n\t<meta property=\"og:image:width\" content=\"452\" \/>\n\t<meta property=\"og:image:height\" content=\"640\" \/>\n\t<meta property=\"og:image:type\" content=\"image\/jpeg\" \/>\n<meta name=\"twitter:card\" content=\"summary_large_image\" \/>\n<script type=\"application\/ld+json\" class=\"yoast-schema-graph\">{\"@context\":\"https:\/\/schema.org\",\"@graph\":[{\"@type\":\"WebPage\",\"@id\":\"https:\/\/shop.verlag.uni-potsdam.de\/en\/shop\/gibt-es-eine-europaeische-zivilreligion\/\",\"url\":\"https:\/\/shop.verlag.uni-potsdam.de\/en\/shop\/gibt-es-eine-europaeische-zivilreligion\/\",\"name\":\"Gibt es eine europ\u00e4ische Zivilreligion? - Universit\u00e4tsverlag Potsdam\",\"isPartOf\":{\"@id\":\"https:\/\/shop.verlag.uni-potsdam.de\/en\/#website\"},\"primaryImageOfPage\":{\"@id\":\"https:\/\/shop.verlag.uni-potsdam.de\/en\/shop\/gibt-es-eine-europaeische-zivilreligion\/#primaryimage\"},\"image\":{\"@id\":\"https:\/\/shop.verlag.uni-potsdam.de\/shop\/gibt-es-eine-europaeische-zivilreligion\/#primaryimage\"},\"thumbnailUrl\":\"https:\/\/shop.verlag.uni-potsdam.de\/wp-content\/uploads\/asolmerce\/image-9783940793607.jpg\",\"datePublished\":\"2026-03-23T08:53:28+00:00\",\"dateModified\":\"2026-03-23T10:54:28+00:00\",\"breadcrumb\":{\"@id\":\"https:\/\/shop.verlag.uni-potsdam.de\/en\/shop\/gibt-es-eine-europaeische-zivilreligion\/#breadcrumb\"},\"inLanguage\":\"en-US\",\"potentialAction\":[{\"@type\":\"ReadAction\",\"target\":[[\"https:\/\/shop.verlag.uni-potsdam.de\/en\/shop\/gibt-es-eine-europaeische-zivilreligion\/\"]]}]},{\"@type\":\"ImageObject\",\"inLanguage\":\"en-US\",\"@id\":\"https:\/\/shop.verlag.uni-potsdam.de\/en\/shop\/gibt-es-eine-europaeische-zivilreligion\/#primaryimage\",\"url\":\"https:\/\/shop.verlag.uni-potsdam.de\/wp-content\/uploads\/asolmerce\/image-9783940793607.jpg\",\"contentUrl\":\"https:\/\/shop.verlag.uni-potsdam.de\/wp-content\/uploads\/asolmerce\/image-9783940793607.jpg\",\"width\":452,\"height\":640},{\"@type\":\"BreadcrumbList\",\"@id\":\"https:\/\/shop.verlag.uni-potsdam.de\/en\/shop\/gibt-es-eine-europaeische-zivilreligion\/#breadcrumb\",\"itemListElement\":[{\"@type\":\"ListItem\",\"position\":1,\"name\":\"Startseite\",\"item\":\"https:\/\/shop.verlag.uni-potsdam.de\/en\/\"},{\"@type\":\"ListItem\",\"position\":2,\"name\":\"Shop\",\"item\":\"https:\/\/shop.verlag.uni-potsdam.de\/en\/shop\/\"},{\"@type\":\"ListItem\",\"position\":3,\"name\":\"Gibt es eine europ\u00e4ische Zivilreligion?\"}]},{\"@type\":\"WebSite\",\"@id\":\"https:\/\/shop.verlag.uni-potsdam.de\/en\/#website\",\"url\":\"https:\/\/shop.verlag.uni-potsdam.de\/en\/\",\"name\":\"Universit\u00e4tsverlag Potsdam\",\"description\":\"\",\"publisher\":{\"@id\":\"https:\/\/shop.verlag.uni-potsdam.de\/en\/#organization\"},\"potentialAction\":[{\"@type\":\"SearchAction\",\"target\":{\"@type\":\"EntryPoint\",\"urlTemplate\":\"https:\/\/shop.verlag.uni-potsdam.de\/en\/?s={search_term_string}\"},\"query-input\":{\"@type\":\"PropertyValueSpecification\",\"valueRequired\":true,\"valueName\":\"search_term_string\"}}],\"inLanguage\":\"en-US\"},{\"@type\":\"Organization\",\"@id\":\"https:\/\/shop.verlag.uni-potsdam.de\/en\/#organization\",\"name\":\"Universit\u00e4tsverlag Potsdam\",\"url\":\"https:\/\/shop.verlag.uni-potsdam.de\/en\/\",\"logo\":{\"@type\":\"ImageObject\",\"inLanguage\":\"en-US\",\"@id\":\"https:\/\/shop.verlag.uni-potsdam.de\/en\/#\/schema\/logo\/image\/\",\"url\":\"https:\/\/shop.verlag.uni-potsdam.de\/wp-content\/uploads\/2017\/04\/up_logo_university_2.png\",\"contentUrl\":\"https:\/\/shop.verlag.uni-potsdam.de\/wp-content\/uploads\/2017\/04\/up_logo_university_2.png\",\"width\":160,\"height\":172,\"caption\":\"Universit\u00e4tsverlag Potsdam\"},\"image\":{\"@id\":\"https:\/\/shop.verlag.uni-potsdam.de\/en\/#\/schema\/logo\/image\/\"}}]}<\/script>\n<!-- \/ Yoast SEO plugin. -->","yoast_head_json":{"title":"Gibt es eine europ\u00e4ische Zivilreligion? - Universit\u00e4tsverlag Potsdam","robots":{"index":"index","follow":"follow","max-snippet":"max-snippet:-1","max-image-preview":"max-image-preview:large","max-video-preview":"max-video-preview:-1"},"canonical":"https:\/\/shop.verlag.uni-potsdam.de\/en\/shop\/gibt-es-eine-europaeische-zivilreligion\/","og_locale":"en_US","og_type":"article","og_title":"Gibt es eine europ\u00e4ische Zivilreligion? - Universit\u00e4tsverlag Potsdam","og_description":"Gibt es europ\u00e4ische Werte? Welche sind das? Der Autor, Philosoph und Professor f\u00fcr Politische Theorie an der Universit\u00e4t Potsdam, vertritt in seiner \u201ePariser Vorlesung\u201c die These einer europ\u00e4ischen Zivilreligion, die auf der gemeinsamen Vergangenheit und einem Wertekonsens basiert. Er zeigt die Traditionen, die das europ\u00e4ische Wertesystem pr\u00e4gten, und wie diese in den Verfassungsprozess der EU einflossen. Das Papier gibt damit zugleich Impulse f\u00fcr die weitere intellektuelle und politische Debatte \u00fcber Europa.","og_url":"https:\/\/shop.verlag.uni-potsdam.de\/en\/shop\/gibt-es-eine-europaeische-zivilreligion\/","og_site_name":"Universit\u00e4tsverlag Potsdam","article_modified_time":"2026-03-23T10:54:28+00:00","og_image":[{"width":452,"height":640,"url":"https:\/\/shop.verlag.uni-potsdam.de\/wp-content\/uploads\/asolmerce\/image-9783940793607.jpg","type":"image\/jpeg"}],"twitter_card":"summary_large_image","schema":{"@context":"https:\/\/schema.org","@graph":[{"@type":"WebPage","@id":"https:\/\/shop.verlag.uni-potsdam.de\/en\/shop\/gibt-es-eine-europaeische-zivilreligion\/","url":"https:\/\/shop.verlag.uni-potsdam.de\/en\/shop\/gibt-es-eine-europaeische-zivilreligion\/","name":"Gibt es eine europ\u00e4ische Zivilreligion? - Universit\u00e4tsverlag Potsdam","isPartOf":{"@id":"https:\/\/shop.verlag.uni-potsdam.de\/en\/#website"},"primaryImageOfPage":{"@id":"https:\/\/shop.verlag.uni-potsdam.de\/en\/shop\/gibt-es-eine-europaeische-zivilreligion\/#primaryimage"},"image":{"@id":"https:\/\/shop.verlag.uni-potsdam.de\/shop\/gibt-es-eine-europaeische-zivilreligion\/#primaryimage"},"thumbnailUrl":"https:\/\/shop.verlag.uni-potsdam.de\/wp-content\/uploads\/asolmerce\/image-9783940793607.jpg","datePublished":"2026-03-23T08:53:28+00:00","dateModified":"2026-03-23T10:54:28+00:00","breadcrumb":{"@id":"https:\/\/shop.verlag.uni-potsdam.de\/en\/shop\/gibt-es-eine-europaeische-zivilreligion\/#breadcrumb"},"inLanguage":"en-US","potentialAction":[{"@type":"ReadAction","target":[["https:\/\/shop.verlag.uni-potsdam.de\/en\/shop\/gibt-es-eine-europaeische-zivilreligion\/"]]}]},{"@type":"ImageObject","inLanguage":"en-US","@id":"https:\/\/shop.verlag.uni-potsdam.de\/en\/shop\/gibt-es-eine-europaeische-zivilreligion\/#primaryimage","url":"https:\/\/shop.verlag.uni-potsdam.de\/wp-content\/uploads\/asolmerce\/image-9783940793607.jpg","contentUrl":"https:\/\/shop.verlag.uni-potsdam.de\/wp-content\/uploads\/asolmerce\/image-9783940793607.jpg","width":452,"height":640},{"@type":"BreadcrumbList","@id":"https:\/\/shop.verlag.uni-potsdam.de\/en\/shop\/gibt-es-eine-europaeische-zivilreligion\/#breadcrumb","itemListElement":[{"@type":"ListItem","position":1,"name":"Startseite","item":"https:\/\/shop.verlag.uni-potsdam.de\/en\/"},{"@type":"ListItem","position":2,"name":"Shop","item":"https:\/\/shop.verlag.uni-potsdam.de\/en\/shop\/"},{"@type":"ListItem","position":3,"name":"Gibt es eine europ\u00e4ische Zivilreligion?"}]},{"@type":"WebSite","@id":"https:\/\/shop.verlag.uni-potsdam.de\/en\/#website","url":"https:\/\/shop.verlag.uni-potsdam.de\/en\/","name":"Universit\u00e4tsverlag Potsdam","description":"","publisher":{"@id":"https:\/\/shop.verlag.uni-potsdam.de\/en\/#organization"},"potentialAction":[{"@type":"SearchAction","target":{"@type":"EntryPoint","urlTemplate":"https:\/\/shop.verlag.uni-potsdam.de\/en\/?s={search_term_string}"},"query-input":{"@type":"PropertyValueSpecification","valueRequired":true,"valueName":"search_term_string"}}],"inLanguage":"en-US"},{"@type":"Organization","@id":"https:\/\/shop.verlag.uni-potsdam.de\/en\/#organization","name":"Universit\u00e4tsverlag Potsdam","url":"https:\/\/shop.verlag.uni-potsdam.de\/en\/","logo":{"@type":"ImageObject","inLanguage":"en-US","@id":"https:\/\/shop.verlag.uni-potsdam.de\/en\/#\/schema\/logo\/image\/","url":"https:\/\/shop.verlag.uni-potsdam.de\/wp-content\/uploads\/2017\/04\/up_logo_university_2.png","contentUrl":"https:\/\/shop.verlag.uni-potsdam.de\/wp-content\/uploads\/2017\/04\/up_logo_university_2.png","width":160,"height":172,"caption":"Universit\u00e4tsverlag Potsdam"},"image":{"@id":"https:\/\/shop.verlag.uni-potsdam.de\/en\/#\/schema\/logo\/image\/"}}]}},"_links":{"self":[{"href":"https:\/\/shop.verlag.uni-potsdam.de\/en\/wp-json\/wp\/v2\/product\/51781","targetHints":{"allow":["GET"]}}],"collection":[{"href":"https:\/\/shop.verlag.uni-potsdam.de\/en\/wp-json\/wp\/v2\/product"}],"about":[{"href":"https:\/\/shop.verlag.uni-potsdam.de\/en\/wp-json\/wp\/v2\/types\/product"}],"wp:featuredmedia":[{"embeddable":true,"href":"https:\/\/shop.verlag.uni-potsdam.de\/en\/wp-json\/wp\/v2\/media\/53834"}],"wp:attachment":[{"href":"https:\/\/shop.verlag.uni-potsdam.de\/en\/wp-json\/wp\/v2\/media?parent=51781"}],"wp:term":[{"taxonomy":"product_brand","embeddable":true,"href":"https:\/\/shop.verlag.uni-potsdam.de\/en\/wp-json\/wp\/v2\/product_brand?post=51781"},{"taxonomy":"product_cat","embeddable":true,"href":"https:\/\/shop.verlag.uni-potsdam.de\/en\/wp-json\/wp\/v2\/product_cat?post=51781"},{"taxonomy":"product_tag","embeddable":true,"href":"https:\/\/shop.verlag.uni-potsdam.de\/en\/wp-json\/wp\/v2\/product_tag?post=51781"}],"curies":[{"name":"wp","href":"https:\/\/api.w.org\/{rel}","templated":true}]}}