{"id":51786,"date":"2026-03-23T08:53:17","date_gmt":"2026-03-23T08:53:17","guid":{"rendered":"http:\/\/shop.verlag.uni-potsdam.de\/produkt\/pardes-14-jiddische-quellen\/"},"modified":"2026-03-23T11:54:17","modified_gmt":"2026-03-23T10:54:17","slug":"jiddische-quellen","status":"publish","type":"product","link":"https:\/\/shop.verlag.uni-potsdam.de\/en\/shop\/jiddische-quellen\/","title":{"rendered":"Jiddische Quellen"},"content":{"rendered":"<p class=\"qtranxs-available-languages-message qtranxs-available-languages-message-en\">Sorry, this entry is only available in <a href=\"https:\/\/shop.verlag.uni-potsdam.de\/de\/wp-json\/wp\/v2\/product\/51786\" class=\"qtranxs-available-language-link qtranxs-available-language-link-de\" title=\"Deutsch\">Deutsch<\/a>.<\/p><p>Aus dem Editorial:<br \/>&#8220;2008 j\u00e4hrt sich das einhundertste Jubil\u00e4um der Czernowitzer Sprachkonferenz. Vom 30. August bis zum 3. September 1908 trafen sich in Czernowitz Anh\u00e4nger des Jiddischen zur ersten internationalen Konferenz der jiddischen Sprache. Hauptergebnis war die Proklamation des Jiddischen als eine nationale Sprache der Judenheit. Die Konferenz lieferte au\u00dfergew\u00f6hnliche Impulse f\u00fcr das Anwachsen der jiddischsprachigen Kultur und legte damit zugleich einen Grundstein der Jiddischen Studien. In diesem Jahr finden sowohl am historischen Ort als auch in verschiedenen anderen St\u00e4dten Gedenkkonferenzen und Feierlichkeiten anl\u00e4sslich dieses einhundertj\u00e4hrigen Jubil\u00e4ums statt. In der im n\u00e4chsten Jahr erscheinenden Ausgabe von PaRDeS wird \u00fcber die 100th Anniversary International Yiddish Language Conference in Czernowitz berichtet werden. Die vorliegende Ausgabe von PaRDeS widmet sich Studien \u00fcber Literatur, Theater und Pressewesen, denen jiddische Quellen zu Grunde liegen. Die Beitr\u00e4ge thematisieren ostjiddische Texte, nur in einem Beitrag bezieht sich jiddisch auf die westjiddische Sprachstufe. Die Artikel, welche literarische und journalistische Quellen diskutieren, spiegeln die geographische Verbreitung der jiddischen Sprache wider. Die Beitr\u00e4ge zeigen, dass sich diese Quellensprache nicht nur auf Themenfelder osteurop\u00e4isch-j\u00fcdischer Lebenswelten begrenzen l\u00e4sst.<\/p>","protected":false},"excerpt":{"rendered":"<p class=\"qtranxs-available-languages-message qtranxs-available-languages-message-en\">Sorry, this entry is only available in <a href=\"https:\/\/shop.verlag.uni-potsdam.de\/de\/wp-json\/wp\/v2\/product\/51786\" class=\"qtranxs-available-language-link qtranxs-available-language-link-de\" title=\"Deutsch\">Deutsch<\/a>.<\/p>\n<p>Aus dem Editorial:<br \/>&#8220;2008 j\u00e4hrt sich das einhundertste Jubil\u00e4um der Czernowitzer Sprachkonferenz. Vom 30. August bis zum 3. September 1908 trafen sich in Czernowitz Anh\u00e4nger des Jiddischen zur ersten internationalen Konferenz der jiddischen Sprache. Hauptergebnis war die Proklamation des Jiddischen als eine nationale Sprache der Judenheit. Die Konferenz lieferte au\u00dfergew\u00f6hnliche Impulse f\u00fcr das Anwachsen der jiddischsprachigen Kultur und legte damit zugleich einen Grundstein der Jiddischen Studien. In diesem Jahr finden sowohl am historischen Ort als auch in verschiedenen anderen St\u00e4dten Gedenkkonferenzen und Feierlichkeiten anl\u00e4sslich dieses einhundertj\u00e4hrigen Jubil\u00e4ums statt. In der im n\u00e4chsten Jahr erscheinenden Ausgabe von PaRDeS wird \u00fcber die 100th Anniversary International Yiddish Language Conference in Czernowitz berichtet werden. Die vorliegende Ausgabe von PaRDeS widmet sich Studien \u00fcber Literatur, Theater und Pressewesen, denen jiddische Quellen zu Grunde liegen. Die Beitr\u00e4ge thematisieren ostjiddische Texte, nur in einem Beitrag bezieht sich jiddisch auf die westjiddische Sprachstufe. Die Artikel, welche literarische und journalistische Quellen diskutieren, spiegeln die geographische Verbreitung der jiddischen Sprache wider. Die Beitr\u00e4ge zeigen, dass sich diese Quellensprache nicht nur auf Themenfelder osteurop\u00e4isch-j\u00fcdischer Lebenswelten begrenzen l\u00e4sst.<\/p>\n","protected":false},"featured_media":53760,"template":"","meta":{"_acf_changed":false},"product_brand":[],"product_cat":[6226],"product_tag":[5448],"class_list":{"0":"post-51786","1":"product","2":"type-product","3":"status-publish","4":"has-post-thumbnail","6":"product_cat-religion-theologie","7":"product_tag-juedische-studien-religion-religionsphilosophie","8":"autor-alexander-dubrau","9":"autor-anat-feinberg","10":"autor-anne-christin-sass","11":"autor-arturo-kerbel","12":"autor-clemens-heni","13":"autor-daniel-juette","14":"autor-elvira-groezinger","15":"autor-grazyna-jurewicz","16":"autor-holger-nath","17":"autor-joel-rubin","18":"autor-juliane-roesch","19":"autor-karl-erich-groezinger","20":"autor-kazuo-ueda","21":"autor-maria-kuehn-ludewig","22":"autor-michael-dallapiazza","23":"autor-nathanael-riemer","24":"autor-rafael-arnold-1","25":"autor-rebekka-denz","26":"autor-robert-juette","27":"autor-sabine-boehlich","28":"autor-satoko-kamoshida","29":"zeitschriften-pardes","31":"first","32":"instock","33":"shipping-taxable","34":"purchasable","35":"product-type-simple"},"acf":[],"yoast_head":"<!-- This site is optimized with the Yoast SEO plugin v27.1.1 - https:\/\/yoast.com\/product\/yoast-seo-wordpress\/ -->\n<title>Jiddische Quellen - Universit\u00e4tsverlag Potsdam<\/title>\n<meta name=\"robots\" content=\"index, follow, max-snippet:-1, max-image-preview:large, max-video-preview:-1\" \/>\n<link rel=\"canonical\" href=\"https:\/\/shop.verlag.uni-potsdam.de\/en\/shop\/jiddische-quellen\/\" \/>\n<meta property=\"og:locale\" content=\"en_US\" \/>\n<meta property=\"og:type\" content=\"article\" \/>\n<meta property=\"og:title\" content=\"Jiddische Quellen - Universit\u00e4tsverlag Potsdam\" \/>\n<meta property=\"og:description\" content=\"Aus dem Editorial:&quot;2008 j\u00e4hrt sich das einhundertste Jubil\u00e4um der Czernowitzer Sprachkonferenz. Vom 30. August bis zum 3. September 1908 trafen sich in Czernowitz Anh\u00e4nger des Jiddischen zur ersten internationalen Konferenz der jiddischen Sprache. Hauptergebnis war die Proklamation des Jiddischen als eine nationale Sprache der Judenheit. Die Konferenz lieferte au\u00dfergew\u00f6hnliche Impulse f\u00fcr das Anwachsen der jiddischsprachigen Kultur und legte damit zugleich einen Grundstein der Jiddischen Studien. In diesem Jahr finden sowohl am historischen Ort als auch in verschiedenen anderen St\u00e4dten Gedenkkonferenzen und Feierlichkeiten anl\u00e4sslich dieses einhundertj\u00e4hrigen Jubil\u00e4ums statt. In der im n\u00e4chsten Jahr erscheinenden Ausgabe von PaRDeS wird \u00fcber die 100th Anniversary International Yiddish Language Conference in Czernowitz berichtet werden. Die vorliegende Ausgabe von PaRDeS widmet sich Studien \u00fcber Literatur, Theater und Pressewesen, denen jiddische Quellen zu Grunde liegen. Die Beitr\u00e4ge thematisieren ostjiddische Texte, nur in einem Beitrag bezieht sich jiddisch auf die westjiddische Sprachstufe. Die Artikel, welche literarische und journalistische Quellen diskutieren, spiegeln die geographische Verbreitung der jiddischen Sprache wider. Die Beitr\u00e4ge zeigen, dass sich diese Quellensprache nicht nur auf Themenfelder osteurop\u00e4isch-j\u00fcdischer Lebenswelten begrenzen l\u00e4sst.\" \/>\n<meta property=\"og:url\" content=\"https:\/\/shop.verlag.uni-potsdam.de\/en\/shop\/jiddische-quellen\/\" \/>\n<meta property=\"og:site_name\" content=\"Universit\u00e4tsverlag Potsdam\" \/>\n<meta property=\"article:modified_time\" content=\"2026-03-23T10:54:17+00:00\" \/>\n<meta property=\"og:image\" content=\"https:\/\/shop.verlag.uni-potsdam.de\/wp-content\/uploads\/asolmerce\/image-9783940793416.jpg\" \/>\n\t<meta property=\"og:image:width\" content=\"453\" \/>\n\t<meta property=\"og:image:height\" content=\"640\" \/>\n\t<meta property=\"og:image:type\" content=\"image\/jpeg\" \/>\n<meta name=\"twitter:card\" content=\"summary_large_image\" \/>\n<meta name=\"twitter:label1\" content=\"Est. reading time\" \/>\n\t<meta name=\"twitter:data1\" content=\"1 minute\" \/>\n<script type=\"application\/ld+json\" class=\"yoast-schema-graph\">{\"@context\":\"https:\/\/schema.org\",\"@graph\":[{\"@type\":\"WebPage\",\"@id\":\"https:\/\/shop.verlag.uni-potsdam.de\/en\/shop\/jiddische-quellen\/\",\"url\":\"https:\/\/shop.verlag.uni-potsdam.de\/en\/shop\/jiddische-quellen\/\",\"name\":\"Jiddische Quellen - Universit\u00e4tsverlag Potsdam\",\"isPartOf\":{\"@id\":\"https:\/\/shop.verlag.uni-potsdam.de\/en\/#website\"},\"primaryImageOfPage\":{\"@id\":\"https:\/\/shop.verlag.uni-potsdam.de\/en\/shop\/jiddische-quellen\/#primaryimage\"},\"image\":{\"@id\":\"https:\/\/shop.verlag.uni-potsdam.de\/shop\/jiddische-quellen\/#primaryimage\"},\"thumbnailUrl\":\"https:\/\/shop.verlag.uni-potsdam.de\/wp-content\/uploads\/asolmerce\/image-9783940793416.jpg\",\"datePublished\":\"2026-03-23T08:53:17+00:00\",\"dateModified\":\"2026-03-23T10:54:17+00:00\",\"breadcrumb\":{\"@id\":\"https:\/\/shop.verlag.uni-potsdam.de\/en\/shop\/jiddische-quellen\/#breadcrumb\"},\"inLanguage\":\"en-US\",\"potentialAction\":[{\"@type\":\"ReadAction\",\"target\":[[\"https:\/\/shop.verlag.uni-potsdam.de\/en\/shop\/jiddische-quellen\/\"]]}]},{\"@type\":\"ImageObject\",\"inLanguage\":\"en-US\",\"@id\":\"https:\/\/shop.verlag.uni-potsdam.de\/en\/shop\/jiddische-quellen\/#primaryimage\",\"url\":\"https:\/\/shop.verlag.uni-potsdam.de\/wp-content\/uploads\/asolmerce\/image-9783940793416.jpg\",\"contentUrl\":\"https:\/\/shop.verlag.uni-potsdam.de\/wp-content\/uploads\/asolmerce\/image-9783940793416.jpg\",\"width\":453,\"height\":640},{\"@type\":\"BreadcrumbList\",\"@id\":\"https:\/\/shop.verlag.uni-potsdam.de\/en\/shop\/jiddische-quellen\/#breadcrumb\",\"itemListElement\":[{\"@type\":\"ListItem\",\"position\":1,\"name\":\"Startseite\",\"item\":\"https:\/\/shop.verlag.uni-potsdam.de\/en\/\"},{\"@type\":\"ListItem\",\"position\":2,\"name\":\"Shop\",\"item\":\"https:\/\/shop.verlag.uni-potsdam.de\/en\/shop\/\"},{\"@type\":\"ListItem\",\"position\":3,\"name\":\"Jiddische Quellen\"}]},{\"@type\":\"WebSite\",\"@id\":\"https:\/\/shop.verlag.uni-potsdam.de\/en\/#website\",\"url\":\"https:\/\/shop.verlag.uni-potsdam.de\/en\/\",\"name\":\"Universit\u00e4tsverlag Potsdam\",\"description\":\"\",\"publisher\":{\"@id\":\"https:\/\/shop.verlag.uni-potsdam.de\/en\/#organization\"},\"potentialAction\":[{\"@type\":\"SearchAction\",\"target\":{\"@type\":\"EntryPoint\",\"urlTemplate\":\"https:\/\/shop.verlag.uni-potsdam.de\/en\/?s={search_term_string}\"},\"query-input\":{\"@type\":\"PropertyValueSpecification\",\"valueRequired\":true,\"valueName\":\"search_term_string\"}}],\"inLanguage\":\"en-US\"},{\"@type\":\"Organization\",\"@id\":\"https:\/\/shop.verlag.uni-potsdam.de\/en\/#organization\",\"name\":\"Universit\u00e4tsverlag Potsdam\",\"url\":\"https:\/\/shop.verlag.uni-potsdam.de\/en\/\",\"logo\":{\"@type\":\"ImageObject\",\"inLanguage\":\"en-US\",\"@id\":\"https:\/\/shop.verlag.uni-potsdam.de\/en\/#\/schema\/logo\/image\/\",\"url\":\"https:\/\/shop.verlag.uni-potsdam.de\/wp-content\/uploads\/2017\/04\/up_logo_university_2.png\",\"contentUrl\":\"https:\/\/shop.verlag.uni-potsdam.de\/wp-content\/uploads\/2017\/04\/up_logo_university_2.png\",\"width\":160,\"height\":172,\"caption\":\"Universit\u00e4tsverlag Potsdam\"},\"image\":{\"@id\":\"https:\/\/shop.verlag.uni-potsdam.de\/en\/#\/schema\/logo\/image\/\"}}]}<\/script>\n<!-- \/ Yoast SEO plugin. -->","yoast_head_json":{"title":"Jiddische Quellen - Universit\u00e4tsverlag Potsdam","robots":{"index":"index","follow":"follow","max-snippet":"max-snippet:-1","max-image-preview":"max-image-preview:large","max-video-preview":"max-video-preview:-1"},"canonical":"https:\/\/shop.verlag.uni-potsdam.de\/en\/shop\/jiddische-quellen\/","og_locale":"en_US","og_type":"article","og_title":"Jiddische Quellen - Universit\u00e4tsverlag Potsdam","og_description":"Aus dem Editorial:\"2008 j\u00e4hrt sich das einhundertste Jubil\u00e4um der Czernowitzer Sprachkonferenz. Vom 30. August bis zum 3. September 1908 trafen sich in Czernowitz Anh\u00e4nger des Jiddischen zur ersten internationalen Konferenz der jiddischen Sprache. Hauptergebnis war die Proklamation des Jiddischen als eine nationale Sprache der Judenheit. Die Konferenz lieferte au\u00dfergew\u00f6hnliche Impulse f\u00fcr das Anwachsen der jiddischsprachigen Kultur und legte damit zugleich einen Grundstein der Jiddischen Studien. In diesem Jahr finden sowohl am historischen Ort als auch in verschiedenen anderen St\u00e4dten Gedenkkonferenzen und Feierlichkeiten anl\u00e4sslich dieses einhundertj\u00e4hrigen Jubil\u00e4ums statt. In der im n\u00e4chsten Jahr erscheinenden Ausgabe von PaRDeS wird \u00fcber die 100th Anniversary International Yiddish Language Conference in Czernowitz berichtet werden. Die vorliegende Ausgabe von PaRDeS widmet sich Studien \u00fcber Literatur, Theater und Pressewesen, denen jiddische Quellen zu Grunde liegen. Die Beitr\u00e4ge thematisieren ostjiddische Texte, nur in einem Beitrag bezieht sich jiddisch auf die westjiddische Sprachstufe. Die Artikel, welche literarische und journalistische Quellen diskutieren, spiegeln die geographische Verbreitung der jiddischen Sprache wider. Die Beitr\u00e4ge zeigen, dass sich diese Quellensprache nicht nur auf Themenfelder osteurop\u00e4isch-j\u00fcdischer Lebenswelten begrenzen l\u00e4sst.","og_url":"https:\/\/shop.verlag.uni-potsdam.de\/en\/shop\/jiddische-quellen\/","og_site_name":"Universit\u00e4tsverlag Potsdam","article_modified_time":"2026-03-23T10:54:17+00:00","og_image":[{"width":453,"height":640,"url":"https:\/\/shop.verlag.uni-potsdam.de\/wp-content\/uploads\/asolmerce\/image-9783940793416.jpg","type":"image\/jpeg"}],"twitter_card":"summary_large_image","twitter_misc":{"Est. reading time":"1 minute"},"schema":{"@context":"https:\/\/schema.org","@graph":[{"@type":"WebPage","@id":"https:\/\/shop.verlag.uni-potsdam.de\/en\/shop\/jiddische-quellen\/","url":"https:\/\/shop.verlag.uni-potsdam.de\/en\/shop\/jiddische-quellen\/","name":"Jiddische Quellen - Universit\u00e4tsverlag Potsdam","isPartOf":{"@id":"https:\/\/shop.verlag.uni-potsdam.de\/en\/#website"},"primaryImageOfPage":{"@id":"https:\/\/shop.verlag.uni-potsdam.de\/en\/shop\/jiddische-quellen\/#primaryimage"},"image":{"@id":"https:\/\/shop.verlag.uni-potsdam.de\/shop\/jiddische-quellen\/#primaryimage"},"thumbnailUrl":"https:\/\/shop.verlag.uni-potsdam.de\/wp-content\/uploads\/asolmerce\/image-9783940793416.jpg","datePublished":"2026-03-23T08:53:17+00:00","dateModified":"2026-03-23T10:54:17+00:00","breadcrumb":{"@id":"https:\/\/shop.verlag.uni-potsdam.de\/en\/shop\/jiddische-quellen\/#breadcrumb"},"inLanguage":"en-US","potentialAction":[{"@type":"ReadAction","target":[["https:\/\/shop.verlag.uni-potsdam.de\/en\/shop\/jiddische-quellen\/"]]}]},{"@type":"ImageObject","inLanguage":"en-US","@id":"https:\/\/shop.verlag.uni-potsdam.de\/en\/shop\/jiddische-quellen\/#primaryimage","url":"https:\/\/shop.verlag.uni-potsdam.de\/wp-content\/uploads\/asolmerce\/image-9783940793416.jpg","contentUrl":"https:\/\/shop.verlag.uni-potsdam.de\/wp-content\/uploads\/asolmerce\/image-9783940793416.jpg","width":453,"height":640},{"@type":"BreadcrumbList","@id":"https:\/\/shop.verlag.uni-potsdam.de\/en\/shop\/jiddische-quellen\/#breadcrumb","itemListElement":[{"@type":"ListItem","position":1,"name":"Startseite","item":"https:\/\/shop.verlag.uni-potsdam.de\/en\/"},{"@type":"ListItem","position":2,"name":"Shop","item":"https:\/\/shop.verlag.uni-potsdam.de\/en\/shop\/"},{"@type":"ListItem","position":3,"name":"Jiddische Quellen"}]},{"@type":"WebSite","@id":"https:\/\/shop.verlag.uni-potsdam.de\/en\/#website","url":"https:\/\/shop.verlag.uni-potsdam.de\/en\/","name":"Universit\u00e4tsverlag Potsdam","description":"","publisher":{"@id":"https:\/\/shop.verlag.uni-potsdam.de\/en\/#organization"},"potentialAction":[{"@type":"SearchAction","target":{"@type":"EntryPoint","urlTemplate":"https:\/\/shop.verlag.uni-potsdam.de\/en\/?s={search_term_string}"},"query-input":{"@type":"PropertyValueSpecification","valueRequired":true,"valueName":"search_term_string"}}],"inLanguage":"en-US"},{"@type":"Organization","@id":"https:\/\/shop.verlag.uni-potsdam.de\/en\/#organization","name":"Universit\u00e4tsverlag Potsdam","url":"https:\/\/shop.verlag.uni-potsdam.de\/en\/","logo":{"@type":"ImageObject","inLanguage":"en-US","@id":"https:\/\/shop.verlag.uni-potsdam.de\/en\/#\/schema\/logo\/image\/","url":"https:\/\/shop.verlag.uni-potsdam.de\/wp-content\/uploads\/2017\/04\/up_logo_university_2.png","contentUrl":"https:\/\/shop.verlag.uni-potsdam.de\/wp-content\/uploads\/2017\/04\/up_logo_university_2.png","width":160,"height":172,"caption":"Universit\u00e4tsverlag Potsdam"},"image":{"@id":"https:\/\/shop.verlag.uni-potsdam.de\/en\/#\/schema\/logo\/image\/"}}]}},"_links":{"self":[{"href":"https:\/\/shop.verlag.uni-potsdam.de\/en\/wp-json\/wp\/v2\/product\/51786","targetHints":{"allow":["GET"]}}],"collection":[{"href":"https:\/\/shop.verlag.uni-potsdam.de\/en\/wp-json\/wp\/v2\/product"}],"about":[{"href":"https:\/\/shop.verlag.uni-potsdam.de\/en\/wp-json\/wp\/v2\/types\/product"}],"wp:featuredmedia":[{"embeddable":true,"href":"https:\/\/shop.verlag.uni-potsdam.de\/en\/wp-json\/wp\/v2\/media\/53760"}],"wp:attachment":[{"href":"https:\/\/shop.verlag.uni-potsdam.de\/en\/wp-json\/wp\/v2\/media?parent=51786"}],"wp:term":[{"taxonomy":"product_brand","embeddable":true,"href":"https:\/\/shop.verlag.uni-potsdam.de\/en\/wp-json\/wp\/v2\/product_brand?post=51786"},{"taxonomy":"product_cat","embeddable":true,"href":"https:\/\/shop.verlag.uni-potsdam.de\/en\/wp-json\/wp\/v2\/product_cat?post=51786"},{"taxonomy":"product_tag","embeddable":true,"href":"https:\/\/shop.verlag.uni-potsdam.de\/en\/wp-json\/wp\/v2\/product_tag?post=51786"}],"curies":[{"name":"wp","href":"https:\/\/api.w.org\/{rel}","templated":true}]}}