{"id":51803,"date":"2026-04-27T05:37:04","date_gmt":"2026-04-27T05:37:04","guid":{"rendered":"http:\/\/shop.verlag.uni-potsdam.de\/produkt\/nachhaltige-finanzpolitik-und-sozialpolitik-in-georgien\/"},"modified":"2026-04-27T09:38:04","modified_gmt":"2026-04-27T07:38:04","slug":"nachhaltige-finanz-und-sozialpolitik-in-georgien","status":"publish","type":"product","link":"https:\/\/shop.verlag.uni-potsdam.de\/en\/shop\/nachhaltige-finanz-und-sozialpolitik-in-georgien\/","title":{"rendered":"Nachhaltige Finanz- und Sozialpolitik in Georgien"},"content":{"rendered":"<p class=\"qtranxs-available-languages-message qtranxs-available-languages-message-en\">Sorry, this entry is only available in <a href=\"https:\/\/shop.verlag.uni-potsdam.de\/de\/wp-json\/wp\/v2\/product\/51803\" class=\"qtranxs-available-language-link qtranxs-available-language-link-de\" title=\"Deutsch\">Deutsch<\/a>.<\/p><p>Die Beitr\u00e4ge des vorliegenden Sammelbandes widmen sich vorrangig den finanz- und sozialrechtlichen Problemen von Georgien im Transformationsprozess, bieten wichtige Informationen zur aktuellen Situation von Haushalten und zum Steueraufkommen, zu Fragen der Armut und der Einkommensverteilung, zur rechtlichen Fundierung der Finanz- und Sozialpolitik sowie zur Ausgestaltung der gebietsk\u00f6rperschaftlichen Struktur. Die Autoren vermitteln weitgehende Vorschl\u00e4ge zur Reform des Steuer- und Transfersystems sowie zum Aufbau eines friedensstiftenden F\u00f6deralstaats, welcher die Kenntnisse \u00fcber die Wertgrundlagen einer offenen Gesellschaft vertieft, damit den zivilgesellschaftlichen Ansatz unterst\u00fctzt, eine St\u00e4rkung des demokratischen Marktsystems f\u00f6rdert und zugleich das friedliche Zusammenleben in einer unruhigen Region erleichtert.<\/p>","protected":false},"excerpt":{"rendered":"<p class=\"qtranxs-available-languages-message qtranxs-available-languages-message-en\">Sorry, this entry is only available in <a href=\"https:\/\/shop.verlag.uni-potsdam.de\/de\/wp-json\/wp\/v2\/product\/51803\" class=\"qtranxs-available-language-link qtranxs-available-language-link-de\" title=\"Deutsch\">Deutsch<\/a>.<\/p>\n<p>Die Beitr\u00e4ge des vorliegenden Sammelbandes widmen sich vorrangig den finanz- und sozialrechtlichen Problemen von Georgien im Transformationsprozess, bieten wichtige Informationen zur aktuellen Situation von Haushalten und zum Steueraufkommen, zu Fragen der Armut und der Einkommensverteilung, zur rechtlichen Fundierung der Finanz- und Sozialpolitik sowie zur Ausgestaltung der gebietsk\u00f6rperschaftlichen Struktur. Die Autoren vermitteln weitgehende Vorschl\u00e4ge zur Reform des Steuer- und Transfersystems sowie zum Aufbau eines friedensstiftenden F\u00f6deralstaats, welcher die Kenntnisse \u00fcber die Wertgrundlagen einer offenen Gesellschaft vertieft, damit den zivilgesellschaftlichen Ansatz unterst\u00fctzt, eine St\u00e4rkung des demokratischen Marktsystems f\u00f6rdert und zugleich das friedliche Zusammenleben in einer unruhigen Region erleichtert.<\/p>\n","protected":false},"featured_media":53718,"template":"","meta":{"_acf_changed":false},"product_brand":[],"product_cat":[6232],"product_tag":[5923],"class_list":{"0":"post-51803","1":"product","2":"type-product","3":"status-publish","4":"has-post-thumbnail","6":"product_cat-wirtschaft-web-kategorie","7":"product_tag-demokratie-foederalstaat-georgien-marktwirtschaft-reform-sozialpolitik-steuersystem","8":"autor-hans-g-petersen","9":"autor-simon-gelaschwili","11":"first","12":"instock","13":"shipping-taxable","14":"purchasable","15":"product-type-simple"},"acf":[],"yoast_head":"<!-- This site is optimized with the Yoast SEO plugin v27.1.1 - https:\/\/yoast.com\/product\/yoast-seo-wordpress\/ -->\n<title>Nachhaltige Finanz- und Sozialpolitik in Georgien - Universit\u00e4tsverlag Potsdam<\/title>\n<meta name=\"robots\" content=\"index, follow, max-snippet:-1, max-image-preview:large, max-video-preview:-1\" \/>\n<link rel=\"canonical\" href=\"https:\/\/shop.verlag.uni-potsdam.de\/en\/shop\/nachhaltige-finanz-und-sozialpolitik-in-georgien\/\" \/>\n<meta property=\"og:locale\" content=\"en_US\" \/>\n<meta property=\"og:type\" content=\"article\" \/>\n<meta property=\"og:title\" content=\"Nachhaltige Finanz- und Sozialpolitik in Georgien - Universit\u00e4tsverlag Potsdam\" \/>\n<meta property=\"og:description\" content=\"Die Beitr\u00e4ge des vorliegenden Sammelbandes widmen sich vorrangig den finanz- und sozialrechtlichen Problemen von Georgien im Transformationsprozess, bieten wichtige Informationen zur aktuellen Situation von Haushalten und zum Steueraufkommen, zu Fragen der Armut und der Einkommensverteilung, zur rechtlichen Fundierung der Finanz- und Sozialpolitik sowie zur Ausgestaltung der gebietsk\u00f6rperschaftlichen Struktur. Die Autoren vermitteln weitgehende Vorschl\u00e4ge zur Reform des Steuer- und Transfersystems sowie zum Aufbau eines friedensstiftenden F\u00f6deralstaats, welcher die Kenntnisse \u00fcber die Wertgrundlagen einer offenen Gesellschaft vertieft, damit den zivilgesellschaftlichen Ansatz unterst\u00fctzt, eine St\u00e4rkung des demokratischen Marktsystems f\u00f6rdert und zugleich das friedliche Zusammenleben in einer unruhigen Region erleichtert.\" \/>\n<meta property=\"og:url\" content=\"https:\/\/shop.verlag.uni-potsdam.de\/en\/shop\/nachhaltige-finanz-und-sozialpolitik-in-georgien\/\" \/>\n<meta property=\"og:site_name\" content=\"Universit\u00e4tsverlag Potsdam\" \/>\n<meta property=\"article:modified_time\" content=\"2026-04-27T07:38:04+00:00\" \/>\n<meta property=\"og:image\" content=\"https:\/\/shop.verlag.uni-potsdam.de\/wp-content\/uploads\/asolmerce\/image-9783940793119.jpg\" \/>\n\t<meta property=\"og:image:width\" content=\"452\" \/>\n\t<meta property=\"og:image:height\" content=\"640\" \/>\n\t<meta property=\"og:image:type\" content=\"image\/jpeg\" \/>\n<meta name=\"twitter:card\" content=\"summary_large_image\" \/>\n<meta name=\"twitter:label1\" content=\"Est. reading time\" \/>\n\t<meta name=\"twitter:data1\" content=\"1 minute\" \/>\n<script type=\"application\/ld+json\" class=\"yoast-schema-graph\">{\"@context\":\"https:\/\/schema.org\",\"@graph\":[{\"@type\":\"WebPage\",\"@id\":\"https:\/\/shop.verlag.uni-potsdam.de\/en\/shop\/nachhaltige-finanz-und-sozialpolitik-in-georgien\/\",\"url\":\"https:\/\/shop.verlag.uni-potsdam.de\/en\/shop\/nachhaltige-finanz-und-sozialpolitik-in-georgien\/\",\"name\":\"Nachhaltige Finanz- und Sozialpolitik in Georgien - Universit\u00e4tsverlag Potsdam\",\"isPartOf\":{\"@id\":\"https:\/\/shop.verlag.uni-potsdam.de\/en\/#website\"},\"primaryImageOfPage\":{\"@id\":\"https:\/\/shop.verlag.uni-potsdam.de\/en\/shop\/nachhaltige-finanz-und-sozialpolitik-in-georgien\/#primaryimage\"},\"image\":{\"@id\":\"https:\/\/shop.verlag.uni-potsdam.de\/shop\/nachhaltige-finanz-und-sozialpolitik-in-georgien\/#primaryimage\"},\"thumbnailUrl\":\"https:\/\/shop.verlag.uni-potsdam.de\/wp-content\/uploads\/asolmerce\/image-9783940793119.jpg\",\"datePublished\":\"2026-04-27T05:37:04+00:00\",\"dateModified\":\"2026-04-27T07:38:04+00:00\",\"breadcrumb\":{\"@id\":\"https:\/\/shop.verlag.uni-potsdam.de\/en\/shop\/nachhaltige-finanz-und-sozialpolitik-in-georgien\/#breadcrumb\"},\"inLanguage\":\"en-US\",\"potentialAction\":[{\"@type\":\"ReadAction\",\"target\":[[\"https:\/\/shop.verlag.uni-potsdam.de\/en\/shop\/nachhaltige-finanz-und-sozialpolitik-in-georgien\/\"]]}]},{\"@type\":\"ImageObject\",\"inLanguage\":\"en-US\",\"@id\":\"https:\/\/shop.verlag.uni-potsdam.de\/en\/shop\/nachhaltige-finanz-und-sozialpolitik-in-georgien\/#primaryimage\",\"url\":\"https:\/\/shop.verlag.uni-potsdam.de\/wp-content\/uploads\/asolmerce\/image-9783940793119.jpg\",\"contentUrl\":\"https:\/\/shop.verlag.uni-potsdam.de\/wp-content\/uploads\/asolmerce\/image-9783940793119.jpg\",\"width\":452,\"height\":640},{\"@type\":\"BreadcrumbList\",\"@id\":\"https:\/\/shop.verlag.uni-potsdam.de\/en\/shop\/nachhaltige-finanz-und-sozialpolitik-in-georgien\/#breadcrumb\",\"itemListElement\":[{\"@type\":\"ListItem\",\"position\":1,\"name\":\"Startseite\",\"item\":\"https:\/\/shop.verlag.uni-potsdam.de\/en\/\"},{\"@type\":\"ListItem\",\"position\":2,\"name\":\"Shop\",\"item\":\"https:\/\/shop.verlag.uni-potsdam.de\/en\/shop\/\"},{\"@type\":\"ListItem\",\"position\":3,\"name\":\"Nachhaltige Finanz- und Sozialpolitik in Georgien\"}]},{\"@type\":\"WebSite\",\"@id\":\"https:\/\/shop.verlag.uni-potsdam.de\/en\/#website\",\"url\":\"https:\/\/shop.verlag.uni-potsdam.de\/en\/\",\"name\":\"Universit\u00e4tsverlag Potsdam\",\"description\":\"\",\"publisher\":{\"@id\":\"https:\/\/shop.verlag.uni-potsdam.de\/en\/#organization\"},\"potentialAction\":[{\"@type\":\"SearchAction\",\"target\":{\"@type\":\"EntryPoint\",\"urlTemplate\":\"https:\/\/shop.verlag.uni-potsdam.de\/en\/?s={search_term_string}\"},\"query-input\":{\"@type\":\"PropertyValueSpecification\",\"valueRequired\":true,\"valueName\":\"search_term_string\"}}],\"inLanguage\":\"en-US\"},{\"@type\":\"Organization\",\"@id\":\"https:\/\/shop.verlag.uni-potsdam.de\/en\/#organization\",\"name\":\"Universit\u00e4tsverlag Potsdam\",\"url\":\"https:\/\/shop.verlag.uni-potsdam.de\/en\/\",\"logo\":{\"@type\":\"ImageObject\",\"inLanguage\":\"en-US\",\"@id\":\"https:\/\/shop.verlag.uni-potsdam.de\/en\/#\/schema\/logo\/image\/\",\"url\":\"https:\/\/shop.verlag.uni-potsdam.de\/wp-content\/uploads\/2017\/04\/up_logo_university_2.png\",\"contentUrl\":\"https:\/\/shop.verlag.uni-potsdam.de\/wp-content\/uploads\/2017\/04\/up_logo_university_2.png\",\"width\":160,\"height\":172,\"caption\":\"Universit\u00e4tsverlag Potsdam\"},\"image\":{\"@id\":\"https:\/\/shop.verlag.uni-potsdam.de\/en\/#\/schema\/logo\/image\/\"}}]}<\/script>\n<!-- \/ Yoast SEO plugin. -->","yoast_head_json":{"title":"Nachhaltige Finanz- und Sozialpolitik in Georgien - Universit\u00e4tsverlag Potsdam","robots":{"index":"index","follow":"follow","max-snippet":"max-snippet:-1","max-image-preview":"max-image-preview:large","max-video-preview":"max-video-preview:-1"},"canonical":"https:\/\/shop.verlag.uni-potsdam.de\/en\/shop\/nachhaltige-finanz-und-sozialpolitik-in-georgien\/","og_locale":"en_US","og_type":"article","og_title":"Nachhaltige Finanz- und Sozialpolitik in Georgien - Universit\u00e4tsverlag Potsdam","og_description":"Die Beitr\u00e4ge des vorliegenden Sammelbandes widmen sich vorrangig den finanz- und sozialrechtlichen Problemen von Georgien im Transformationsprozess, bieten wichtige Informationen zur aktuellen Situation von Haushalten und zum Steueraufkommen, zu Fragen der Armut und der Einkommensverteilung, zur rechtlichen Fundierung der Finanz- und Sozialpolitik sowie zur Ausgestaltung der gebietsk\u00f6rperschaftlichen Struktur. Die Autoren vermitteln weitgehende Vorschl\u00e4ge zur Reform des Steuer- und Transfersystems sowie zum Aufbau eines friedensstiftenden F\u00f6deralstaats, welcher die Kenntnisse \u00fcber die Wertgrundlagen einer offenen Gesellschaft vertieft, damit den zivilgesellschaftlichen Ansatz unterst\u00fctzt, eine St\u00e4rkung des demokratischen Marktsystems f\u00f6rdert und zugleich das friedliche Zusammenleben in einer unruhigen Region erleichtert.","og_url":"https:\/\/shop.verlag.uni-potsdam.de\/en\/shop\/nachhaltige-finanz-und-sozialpolitik-in-georgien\/","og_site_name":"Universit\u00e4tsverlag Potsdam","article_modified_time":"2026-04-27T07:38:04+00:00","og_image":[{"width":452,"height":640,"url":"https:\/\/shop.verlag.uni-potsdam.de\/wp-content\/uploads\/asolmerce\/image-9783940793119.jpg","type":"image\/jpeg"}],"twitter_card":"summary_large_image","twitter_misc":{"Est. reading time":"1 minute"},"schema":{"@context":"https:\/\/schema.org","@graph":[{"@type":"WebPage","@id":"https:\/\/shop.verlag.uni-potsdam.de\/en\/shop\/nachhaltige-finanz-und-sozialpolitik-in-georgien\/","url":"https:\/\/shop.verlag.uni-potsdam.de\/en\/shop\/nachhaltige-finanz-und-sozialpolitik-in-georgien\/","name":"Nachhaltige Finanz- und Sozialpolitik in Georgien - Universit\u00e4tsverlag Potsdam","isPartOf":{"@id":"https:\/\/shop.verlag.uni-potsdam.de\/en\/#website"},"primaryImageOfPage":{"@id":"https:\/\/shop.verlag.uni-potsdam.de\/en\/shop\/nachhaltige-finanz-und-sozialpolitik-in-georgien\/#primaryimage"},"image":{"@id":"https:\/\/shop.verlag.uni-potsdam.de\/shop\/nachhaltige-finanz-und-sozialpolitik-in-georgien\/#primaryimage"},"thumbnailUrl":"https:\/\/shop.verlag.uni-potsdam.de\/wp-content\/uploads\/asolmerce\/image-9783940793119.jpg","datePublished":"2026-04-27T05:37:04+00:00","dateModified":"2026-04-27T07:38:04+00:00","breadcrumb":{"@id":"https:\/\/shop.verlag.uni-potsdam.de\/en\/shop\/nachhaltige-finanz-und-sozialpolitik-in-georgien\/#breadcrumb"},"inLanguage":"en-US","potentialAction":[{"@type":"ReadAction","target":[["https:\/\/shop.verlag.uni-potsdam.de\/en\/shop\/nachhaltige-finanz-und-sozialpolitik-in-georgien\/"]]}]},{"@type":"ImageObject","inLanguage":"en-US","@id":"https:\/\/shop.verlag.uni-potsdam.de\/en\/shop\/nachhaltige-finanz-und-sozialpolitik-in-georgien\/#primaryimage","url":"https:\/\/shop.verlag.uni-potsdam.de\/wp-content\/uploads\/asolmerce\/image-9783940793119.jpg","contentUrl":"https:\/\/shop.verlag.uni-potsdam.de\/wp-content\/uploads\/asolmerce\/image-9783940793119.jpg","width":452,"height":640},{"@type":"BreadcrumbList","@id":"https:\/\/shop.verlag.uni-potsdam.de\/en\/shop\/nachhaltige-finanz-und-sozialpolitik-in-georgien\/#breadcrumb","itemListElement":[{"@type":"ListItem","position":1,"name":"Startseite","item":"https:\/\/shop.verlag.uni-potsdam.de\/en\/"},{"@type":"ListItem","position":2,"name":"Shop","item":"https:\/\/shop.verlag.uni-potsdam.de\/en\/shop\/"},{"@type":"ListItem","position":3,"name":"Nachhaltige Finanz- und Sozialpolitik in Georgien"}]},{"@type":"WebSite","@id":"https:\/\/shop.verlag.uni-potsdam.de\/en\/#website","url":"https:\/\/shop.verlag.uni-potsdam.de\/en\/","name":"Universit\u00e4tsverlag Potsdam","description":"","publisher":{"@id":"https:\/\/shop.verlag.uni-potsdam.de\/en\/#organization"},"potentialAction":[{"@type":"SearchAction","target":{"@type":"EntryPoint","urlTemplate":"https:\/\/shop.verlag.uni-potsdam.de\/en\/?s={search_term_string}"},"query-input":{"@type":"PropertyValueSpecification","valueRequired":true,"valueName":"search_term_string"}}],"inLanguage":"en-US"},{"@type":"Organization","@id":"https:\/\/shop.verlag.uni-potsdam.de\/en\/#organization","name":"Universit\u00e4tsverlag Potsdam","url":"https:\/\/shop.verlag.uni-potsdam.de\/en\/","logo":{"@type":"ImageObject","inLanguage":"en-US","@id":"https:\/\/shop.verlag.uni-potsdam.de\/en\/#\/schema\/logo\/image\/","url":"https:\/\/shop.verlag.uni-potsdam.de\/wp-content\/uploads\/2017\/04\/up_logo_university_2.png","contentUrl":"https:\/\/shop.verlag.uni-potsdam.de\/wp-content\/uploads\/2017\/04\/up_logo_university_2.png","width":160,"height":172,"caption":"Universit\u00e4tsverlag Potsdam"},"image":{"@id":"https:\/\/shop.verlag.uni-potsdam.de\/en\/#\/schema\/logo\/image\/"}}]}},"_links":{"self":[{"href":"https:\/\/shop.verlag.uni-potsdam.de\/en\/wp-json\/wp\/v2\/product\/51803","targetHints":{"allow":["GET"]}}],"collection":[{"href":"https:\/\/shop.verlag.uni-potsdam.de\/en\/wp-json\/wp\/v2\/product"}],"about":[{"href":"https:\/\/shop.verlag.uni-potsdam.de\/en\/wp-json\/wp\/v2\/types\/product"}],"wp:featuredmedia":[{"embeddable":true,"href":"https:\/\/shop.verlag.uni-potsdam.de\/en\/wp-json\/wp\/v2\/media\/53718"}],"wp:attachment":[{"href":"https:\/\/shop.verlag.uni-potsdam.de\/en\/wp-json\/wp\/v2\/media?parent=51803"}],"wp:term":[{"taxonomy":"product_brand","embeddable":true,"href":"https:\/\/shop.verlag.uni-potsdam.de\/en\/wp-json\/wp\/v2\/product_brand?post=51803"},{"taxonomy":"product_cat","embeddable":true,"href":"https:\/\/shop.verlag.uni-potsdam.de\/en\/wp-json\/wp\/v2\/product_cat?post=51803"},{"taxonomy":"product_tag","embeddable":true,"href":"https:\/\/shop.verlag.uni-potsdam.de\/en\/wp-json\/wp\/v2\/product_tag?post=51803"}],"curies":[{"name":"wp","href":"https:\/\/api.w.org\/{rel}","templated":true}]}}