{"id":51816,"date":"2026-03-23T08:53:24","date_gmt":"2026-03-23T08:53:24","guid":{"rendered":"http:\/\/shop.verlag.uni-potsdam.de\/produkt\/soziale-probleme-von-jugendlichen\/"},"modified":"2026-03-23T11:54:24","modified_gmt":"2026-03-23T10:54:24","slug":"soziale-probleme-von-jugendlichen-in-deutschland-polen-und-russland-alltagsleben-und-lebensperspektiven","status":"publish","type":"product","link":"https:\/\/shop.verlag.uni-potsdam.de\/en\/shop\/soziale-probleme-von-jugendlichen-in-deutschland-polen-und-russland-alltagsleben-und-lebensperspektiven\/","title":{"rendered":"Soziale Probleme von Jugendlichen in Deutschland, Polen und Russland: Alltagsleben und Lebensperspektiven"},"content":{"rendered":"<p class=\"qtranxs-available-languages-message qtranxs-available-languages-message-en\">Sorry, this entry is only available in <a href=\"https:\/\/shop.verlag.uni-potsdam.de\/de\/wp-json\/wp\/v2\/product\/51816\" class=\"qtranxs-available-language-link qtranxs-available-language-link-de\" title=\"Deutsch\">Deutsch<\/a>.<\/p><p>Wie geht es den Jugendlichen in (Ost-)Deutschland und in osteurop\u00e4ischen L\u00e4ndern mehr als 15 Jahre nach der politischen Wende? Welche Hoffnungen, aber auch welche \u00c4ngste und Le-bensprobleme haben sie, z.B. in der Schule oder beim \u00dcbergang in den Beruf? Welche Be-w\u00e4ltigungsstrategien sind verbreitet und welche Rolle spielen dabei Gewalt und abweichendes Verhalten? Diesen Fragen geht der Band nach, der Beitr\u00e4ge aus Deutschland, Polen und Russ-land vereinigt. Die Beitr\u00e4ge weisen einerseits auf zahlreiche gemeinsame soziale Probleme Jugendlicher in den drei L\u00e4ndern, andererseits aber auch auf unterschiedliche Entwicklungs-pfade, kulturelle Besonderheiten sowie spezifische p\u00e4dagogische Traditionen hin \u2013 umso fruchtbringender erscheint die Auseinandersetzung mit der Jugendentwicklung in anderen L\u00e4ndern und mit dem p\u00e4dagogischen Umgang mit ihr.<\/p>","protected":false},"excerpt":{"rendered":"<p class=\"qtranxs-available-languages-message qtranxs-available-languages-message-en\">Sorry, this entry is only available in <a href=\"https:\/\/shop.verlag.uni-potsdam.de\/de\/wp-json\/wp\/v2\/product\/51816\" class=\"qtranxs-available-language-link qtranxs-available-language-link-de\" title=\"Deutsch\">Deutsch<\/a>.<\/p>\n<p>Wie geht es den Jugendlichen in (Ost-)Deutschland und in osteurop\u00e4ischen L\u00e4ndern mehr als 15 Jahre nach der politischen Wende? Welche Hoffnungen, aber auch welche \u00c4ngste und Le-bensprobleme haben sie, z.B. in der Schule oder beim \u00dcbergang in den Beruf? Welche Be-w\u00e4ltigungsstrategien sind verbreitet und welche Rolle spielen dabei Gewalt und abweichendes Verhalten? Diesen Fragen geht der Band nach, der Beitr\u00e4ge aus Deutschland, Polen und Russ-land vereinigt. Die Beitr\u00e4ge weisen einerseits auf zahlreiche gemeinsame soziale Probleme Jugendlicher in den drei L\u00e4ndern, andererseits aber auch auf unterschiedliche Entwicklungs-pfade, kulturelle Besonderheiten sowie spezifische p\u00e4dagogische Traditionen hin \u2013 umso fruchtbringender erscheint die Auseinandersetzung mit der Jugendentwicklung in anderen L\u00e4ndern und mit dem p\u00e4dagogischen Umgang mit ihr.<\/p>\n","protected":false},"featured_media":53818,"template":"","meta":{"_acf_changed":false},"product_brand":[],"product_cat":[6220],"product_tag":[5322],"class_list":{"0":"post-51816","1":"product","2":"type-product","3":"status-publish","4":"has-post-thumbnail","6":"product_cat-paedagogik-web-kategorie","7":"product_tag-jugendforschung-kulturvergleich-schulforschung","8":"autor-andreas-seidel","9":"autor-karsten-speck","10":"autor-wilfried-schubarth","12":"first","13":"instock","14":"shipping-taxable","15":"purchasable","16":"product-type-simple"},"acf":[],"yoast_head":"<!-- This site is optimized with the Yoast SEO plugin v27.1.1 - https:\/\/yoast.com\/product\/yoast-seo-wordpress\/ -->\n<title>Soziale Probleme von Jugendlichen in Deutschland, Polen und Russland: Alltagsleben und Lebensperspektiven - Universit\u00e4tsverlag Potsdam<\/title>\n<meta name=\"robots\" content=\"index, follow, max-snippet:-1, max-image-preview:large, max-video-preview:-1\" \/>\n<link rel=\"canonical\" href=\"https:\/\/shop.verlag.uni-potsdam.de\/en\/shop\/soziale-probleme-von-jugendlichen-in-deutschland-polen-und-russland-alltagsleben-und-lebensperspektiven\/\" \/>\n<meta property=\"og:locale\" content=\"en_US\" \/>\n<meta property=\"og:type\" content=\"article\" \/>\n<meta property=\"og:title\" content=\"Soziale Probleme von Jugendlichen in Deutschland, Polen und Russland: Alltagsleben und Lebensperspektiven - Universit\u00e4tsverlag Potsdam\" \/>\n<meta property=\"og:description\" content=\"Wie geht es den Jugendlichen in (Ost-)Deutschland und in osteurop\u00e4ischen L\u00e4ndern mehr als 15 Jahre nach der politischen Wende? Welche Hoffnungen, aber auch welche \u00c4ngste und Le-bensprobleme haben sie, z.B. in der Schule oder beim \u00dcbergang in den Beruf? Welche Be-w\u00e4ltigungsstrategien sind verbreitet und welche Rolle spielen dabei Gewalt und abweichendes Verhalten? Diesen Fragen geht der Band nach, der Beitr\u00e4ge aus Deutschland, Polen und Russ-land vereinigt. Die Beitr\u00e4ge weisen einerseits auf zahlreiche gemeinsame soziale Probleme Jugendlicher in den drei L\u00e4ndern, andererseits aber auch auf unterschiedliche Entwicklungs-pfade, kulturelle Besonderheiten sowie spezifische p\u00e4dagogische Traditionen hin \u2013 umso fruchtbringender erscheint die Auseinandersetzung mit der Jugendentwicklung in anderen L\u00e4ndern und mit dem p\u00e4dagogischen Umgang mit ihr.\" \/>\n<meta property=\"og:url\" content=\"https:\/\/shop.verlag.uni-potsdam.de\/en\/shop\/soziale-probleme-von-jugendlichen-in-deutschland-polen-und-russland-alltagsleben-und-lebensperspektiven\/\" \/>\n<meta property=\"og:site_name\" content=\"Universit\u00e4tsverlag Potsdam\" \/>\n<meta property=\"article:modified_time\" content=\"2026-03-23T10:54:24+00:00\" \/>\n<meta property=\"og:image\" content=\"https:\/\/shop.verlag.uni-potsdam.de\/wp-content\/uploads\/asolmerce\/image-9783939469797.jpg\" \/>\n\t<meta property=\"og:image:width\" content=\"433\" \/>\n\t<meta property=\"og:image:height\" content=\"640\" \/>\n\t<meta property=\"og:image:type\" content=\"image\/jpeg\" \/>\n<meta name=\"twitter:card\" content=\"summary_large_image\" \/>\n<meta name=\"twitter:label1\" content=\"Est. reading time\" \/>\n\t<meta name=\"twitter:data1\" content=\"1 minute\" \/>\n<script type=\"application\/ld+json\" class=\"yoast-schema-graph\">{\"@context\":\"https:\/\/schema.org\",\"@graph\":[{\"@type\":\"WebPage\",\"@id\":\"https:\/\/shop.verlag.uni-potsdam.de\/en\/shop\/soziale-probleme-von-jugendlichen-in-deutschland-polen-und-russland-alltagsleben-und-lebensperspektiven\/\",\"url\":\"https:\/\/shop.verlag.uni-potsdam.de\/en\/shop\/soziale-probleme-von-jugendlichen-in-deutschland-polen-und-russland-alltagsleben-und-lebensperspektiven\/\",\"name\":\"Soziale Probleme von Jugendlichen in Deutschland, Polen und Russland: Alltagsleben und Lebensperspektiven - Universit\u00e4tsverlag Potsdam\",\"isPartOf\":{\"@id\":\"https:\/\/shop.verlag.uni-potsdam.de\/en\/#website\"},\"primaryImageOfPage\":{\"@id\":\"https:\/\/shop.verlag.uni-potsdam.de\/en\/shop\/soziale-probleme-von-jugendlichen-in-deutschland-polen-und-russland-alltagsleben-und-lebensperspektiven\/#primaryimage\"},\"image\":{\"@id\":\"https:\/\/shop.verlag.uni-potsdam.de\/shop\/soziale-probleme-von-jugendlichen-in-deutschland-polen-und-russland-alltagsleben-und-lebensperspektiven\/#primaryimage\"},\"thumbnailUrl\":\"https:\/\/shop.verlag.uni-potsdam.de\/wp-content\/uploads\/asolmerce\/image-9783939469797.jpg\",\"datePublished\":\"2026-03-23T08:53:24+00:00\",\"dateModified\":\"2026-03-23T10:54:24+00:00\",\"breadcrumb\":{\"@id\":\"https:\/\/shop.verlag.uni-potsdam.de\/en\/shop\/soziale-probleme-von-jugendlichen-in-deutschland-polen-und-russland-alltagsleben-und-lebensperspektiven\/#breadcrumb\"},\"inLanguage\":\"en-US\",\"potentialAction\":[{\"@type\":\"ReadAction\",\"target\":[[\"https:\/\/shop.verlag.uni-potsdam.de\/en\/shop\/soziale-probleme-von-jugendlichen-in-deutschland-polen-und-russland-alltagsleben-und-lebensperspektiven\/\"]]}]},{\"@type\":\"ImageObject\",\"inLanguage\":\"en-US\",\"@id\":\"https:\/\/shop.verlag.uni-potsdam.de\/en\/shop\/soziale-probleme-von-jugendlichen-in-deutschland-polen-und-russland-alltagsleben-und-lebensperspektiven\/#primaryimage\",\"url\":\"https:\/\/shop.verlag.uni-potsdam.de\/wp-content\/uploads\/asolmerce\/image-9783939469797.jpg\",\"contentUrl\":\"https:\/\/shop.verlag.uni-potsdam.de\/wp-content\/uploads\/asolmerce\/image-9783939469797.jpg\",\"width\":433,\"height\":640},{\"@type\":\"BreadcrumbList\",\"@id\":\"https:\/\/shop.verlag.uni-potsdam.de\/en\/shop\/soziale-probleme-von-jugendlichen-in-deutschland-polen-und-russland-alltagsleben-und-lebensperspektiven\/#breadcrumb\",\"itemListElement\":[{\"@type\":\"ListItem\",\"position\":1,\"name\":\"Startseite\",\"item\":\"https:\/\/shop.verlag.uni-potsdam.de\/en\/\"},{\"@type\":\"ListItem\",\"position\":2,\"name\":\"Shop\",\"item\":\"https:\/\/shop.verlag.uni-potsdam.de\/en\/shop\/\"},{\"@type\":\"ListItem\",\"position\":3,\"name\":\"Soziale Probleme von Jugendlichen in Deutschland, Polen und Russland: Alltagsleben und Lebensperspektiven\"}]},{\"@type\":\"WebSite\",\"@id\":\"https:\/\/shop.verlag.uni-potsdam.de\/en\/#website\",\"url\":\"https:\/\/shop.verlag.uni-potsdam.de\/en\/\",\"name\":\"Universit\u00e4tsverlag Potsdam\",\"description\":\"\",\"publisher\":{\"@id\":\"https:\/\/shop.verlag.uni-potsdam.de\/en\/#organization\"},\"potentialAction\":[{\"@type\":\"SearchAction\",\"target\":{\"@type\":\"EntryPoint\",\"urlTemplate\":\"https:\/\/shop.verlag.uni-potsdam.de\/en\/?s={search_term_string}\"},\"query-input\":{\"@type\":\"PropertyValueSpecification\",\"valueRequired\":true,\"valueName\":\"search_term_string\"}}],\"inLanguage\":\"en-US\"},{\"@type\":\"Organization\",\"@id\":\"https:\/\/shop.verlag.uni-potsdam.de\/en\/#organization\",\"name\":\"Universit\u00e4tsverlag Potsdam\",\"url\":\"https:\/\/shop.verlag.uni-potsdam.de\/en\/\",\"logo\":{\"@type\":\"ImageObject\",\"inLanguage\":\"en-US\",\"@id\":\"https:\/\/shop.verlag.uni-potsdam.de\/en\/#\/schema\/logo\/image\/\",\"url\":\"https:\/\/shop.verlag.uni-potsdam.de\/wp-content\/uploads\/2017\/04\/up_logo_university_2.png\",\"contentUrl\":\"https:\/\/shop.verlag.uni-potsdam.de\/wp-content\/uploads\/2017\/04\/up_logo_university_2.png\",\"width\":160,\"height\":172,\"caption\":\"Universit\u00e4tsverlag Potsdam\"},\"image\":{\"@id\":\"https:\/\/shop.verlag.uni-potsdam.de\/en\/#\/schema\/logo\/image\/\"}}]}<\/script>\n<!-- \/ Yoast SEO plugin. -->","yoast_head_json":{"title":"Soziale Probleme von Jugendlichen in Deutschland, Polen und Russland: Alltagsleben und Lebensperspektiven - Universit\u00e4tsverlag Potsdam","robots":{"index":"index","follow":"follow","max-snippet":"max-snippet:-1","max-image-preview":"max-image-preview:large","max-video-preview":"max-video-preview:-1"},"canonical":"https:\/\/shop.verlag.uni-potsdam.de\/en\/shop\/soziale-probleme-von-jugendlichen-in-deutschland-polen-und-russland-alltagsleben-und-lebensperspektiven\/","og_locale":"en_US","og_type":"article","og_title":"Soziale Probleme von Jugendlichen in Deutschland, Polen und Russland: Alltagsleben und Lebensperspektiven - Universit\u00e4tsverlag Potsdam","og_description":"Wie geht es den Jugendlichen in (Ost-)Deutschland und in osteurop\u00e4ischen L\u00e4ndern mehr als 15 Jahre nach der politischen Wende? Welche Hoffnungen, aber auch welche \u00c4ngste und Le-bensprobleme haben sie, z.B. in der Schule oder beim \u00dcbergang in den Beruf? Welche Be-w\u00e4ltigungsstrategien sind verbreitet und welche Rolle spielen dabei Gewalt und abweichendes Verhalten? Diesen Fragen geht der Band nach, der Beitr\u00e4ge aus Deutschland, Polen und Russ-land vereinigt. Die Beitr\u00e4ge weisen einerseits auf zahlreiche gemeinsame soziale Probleme Jugendlicher in den drei L\u00e4ndern, andererseits aber auch auf unterschiedliche Entwicklungs-pfade, kulturelle Besonderheiten sowie spezifische p\u00e4dagogische Traditionen hin \u2013 umso fruchtbringender erscheint die Auseinandersetzung mit der Jugendentwicklung in anderen L\u00e4ndern und mit dem p\u00e4dagogischen Umgang mit ihr.","og_url":"https:\/\/shop.verlag.uni-potsdam.de\/en\/shop\/soziale-probleme-von-jugendlichen-in-deutschland-polen-und-russland-alltagsleben-und-lebensperspektiven\/","og_site_name":"Universit\u00e4tsverlag Potsdam","article_modified_time":"2026-03-23T10:54:24+00:00","og_image":[{"width":433,"height":640,"url":"https:\/\/shop.verlag.uni-potsdam.de\/wp-content\/uploads\/asolmerce\/image-9783939469797.jpg","type":"image\/jpeg"}],"twitter_card":"summary_large_image","twitter_misc":{"Est. reading time":"1 minute"},"schema":{"@context":"https:\/\/schema.org","@graph":[{"@type":"WebPage","@id":"https:\/\/shop.verlag.uni-potsdam.de\/en\/shop\/soziale-probleme-von-jugendlichen-in-deutschland-polen-und-russland-alltagsleben-und-lebensperspektiven\/","url":"https:\/\/shop.verlag.uni-potsdam.de\/en\/shop\/soziale-probleme-von-jugendlichen-in-deutschland-polen-und-russland-alltagsleben-und-lebensperspektiven\/","name":"Soziale Probleme von Jugendlichen in Deutschland, Polen und Russland: Alltagsleben und Lebensperspektiven - Universit\u00e4tsverlag Potsdam","isPartOf":{"@id":"https:\/\/shop.verlag.uni-potsdam.de\/en\/#website"},"primaryImageOfPage":{"@id":"https:\/\/shop.verlag.uni-potsdam.de\/en\/shop\/soziale-probleme-von-jugendlichen-in-deutschland-polen-und-russland-alltagsleben-und-lebensperspektiven\/#primaryimage"},"image":{"@id":"https:\/\/shop.verlag.uni-potsdam.de\/shop\/soziale-probleme-von-jugendlichen-in-deutschland-polen-und-russland-alltagsleben-und-lebensperspektiven\/#primaryimage"},"thumbnailUrl":"https:\/\/shop.verlag.uni-potsdam.de\/wp-content\/uploads\/asolmerce\/image-9783939469797.jpg","datePublished":"2026-03-23T08:53:24+00:00","dateModified":"2026-03-23T10:54:24+00:00","breadcrumb":{"@id":"https:\/\/shop.verlag.uni-potsdam.de\/en\/shop\/soziale-probleme-von-jugendlichen-in-deutschland-polen-und-russland-alltagsleben-und-lebensperspektiven\/#breadcrumb"},"inLanguage":"en-US","potentialAction":[{"@type":"ReadAction","target":[["https:\/\/shop.verlag.uni-potsdam.de\/en\/shop\/soziale-probleme-von-jugendlichen-in-deutschland-polen-und-russland-alltagsleben-und-lebensperspektiven\/"]]}]},{"@type":"ImageObject","inLanguage":"en-US","@id":"https:\/\/shop.verlag.uni-potsdam.de\/en\/shop\/soziale-probleme-von-jugendlichen-in-deutschland-polen-und-russland-alltagsleben-und-lebensperspektiven\/#primaryimage","url":"https:\/\/shop.verlag.uni-potsdam.de\/wp-content\/uploads\/asolmerce\/image-9783939469797.jpg","contentUrl":"https:\/\/shop.verlag.uni-potsdam.de\/wp-content\/uploads\/asolmerce\/image-9783939469797.jpg","width":433,"height":640},{"@type":"BreadcrumbList","@id":"https:\/\/shop.verlag.uni-potsdam.de\/en\/shop\/soziale-probleme-von-jugendlichen-in-deutschland-polen-und-russland-alltagsleben-und-lebensperspektiven\/#breadcrumb","itemListElement":[{"@type":"ListItem","position":1,"name":"Startseite","item":"https:\/\/shop.verlag.uni-potsdam.de\/en\/"},{"@type":"ListItem","position":2,"name":"Shop","item":"https:\/\/shop.verlag.uni-potsdam.de\/en\/shop\/"},{"@type":"ListItem","position":3,"name":"Soziale Probleme von Jugendlichen in Deutschland, Polen und Russland: Alltagsleben und Lebensperspektiven"}]},{"@type":"WebSite","@id":"https:\/\/shop.verlag.uni-potsdam.de\/en\/#website","url":"https:\/\/shop.verlag.uni-potsdam.de\/en\/","name":"Universit\u00e4tsverlag Potsdam","description":"","publisher":{"@id":"https:\/\/shop.verlag.uni-potsdam.de\/en\/#organization"},"potentialAction":[{"@type":"SearchAction","target":{"@type":"EntryPoint","urlTemplate":"https:\/\/shop.verlag.uni-potsdam.de\/en\/?s={search_term_string}"},"query-input":{"@type":"PropertyValueSpecification","valueRequired":true,"valueName":"search_term_string"}}],"inLanguage":"en-US"},{"@type":"Organization","@id":"https:\/\/shop.verlag.uni-potsdam.de\/en\/#organization","name":"Universit\u00e4tsverlag Potsdam","url":"https:\/\/shop.verlag.uni-potsdam.de\/en\/","logo":{"@type":"ImageObject","inLanguage":"en-US","@id":"https:\/\/shop.verlag.uni-potsdam.de\/en\/#\/schema\/logo\/image\/","url":"https:\/\/shop.verlag.uni-potsdam.de\/wp-content\/uploads\/2017\/04\/up_logo_university_2.png","contentUrl":"https:\/\/shop.verlag.uni-potsdam.de\/wp-content\/uploads\/2017\/04\/up_logo_university_2.png","width":160,"height":172,"caption":"Universit\u00e4tsverlag Potsdam"},"image":{"@id":"https:\/\/shop.verlag.uni-potsdam.de\/en\/#\/schema\/logo\/image\/"}}]}},"_links":{"self":[{"href":"https:\/\/shop.verlag.uni-potsdam.de\/en\/wp-json\/wp\/v2\/product\/51816","targetHints":{"allow":["GET"]}}],"collection":[{"href":"https:\/\/shop.verlag.uni-potsdam.de\/en\/wp-json\/wp\/v2\/product"}],"about":[{"href":"https:\/\/shop.verlag.uni-potsdam.de\/en\/wp-json\/wp\/v2\/types\/product"}],"wp:featuredmedia":[{"embeddable":true,"href":"https:\/\/shop.verlag.uni-potsdam.de\/en\/wp-json\/wp\/v2\/media\/53818"}],"wp:attachment":[{"href":"https:\/\/shop.verlag.uni-potsdam.de\/en\/wp-json\/wp\/v2\/media?parent=51816"}],"wp:term":[{"taxonomy":"product_brand","embeddable":true,"href":"https:\/\/shop.verlag.uni-potsdam.de\/en\/wp-json\/wp\/v2\/product_brand?post=51816"},{"taxonomy":"product_cat","embeddable":true,"href":"https:\/\/shop.verlag.uni-potsdam.de\/en\/wp-json\/wp\/v2\/product_cat?post=51816"},{"taxonomy":"product_tag","embeddable":true,"href":"https:\/\/shop.verlag.uni-potsdam.de\/en\/wp-json\/wp\/v2\/product_tag?post=51816"}],"curies":[{"name":"wp","href":"https:\/\/api.w.org\/{rel}","templated":true}]}}