{"id":51821,"date":"2026-03-23T08:53:06","date_gmt":"2026-03-23T08:53:06","guid":{"rendered":"http:\/\/shop.verlag.uni-potsdam.de\/produkt\/antike-in-potsdam-sanssouci\/"},"modified":"2026-03-23T11:54:06","modified_gmt":"2026-03-23T10:54:06","slug":"antike-in-potsdam-sanssouci","status":"publish","type":"product","link":"https:\/\/shop.verlag.uni-potsdam.de\/en\/shop\/antike-in-potsdam-sanssouci\/","title":{"rendered":"Antike in Potsdam-Sanssouci"},"content":{"rendered":"<p class=\"qtranxs-available-languages-message qtranxs-available-languages-message-en\">Sorry, this entry is only available in <a href=\"https:\/\/shop.verlag.uni-potsdam.de\/de\/wp-json\/wp\/v2\/product\/51821\" class=\"qtranxs-available-language-link qtranxs-available-language-link-de\" title=\"Deutsch\">Deutsch<\/a>.<\/p><p>Die in diesem Band zusammengestellten Beitr\u00e4ge sollen zu einer aktiven Auseinandersetzung mit der Antikerezeption auf dem Parkgel\u00e4nde von Potsdam-Sanssouci anregen. Ein Aufsatz zur Gartenkunst in der Antike und in Sanssouci leitet den Band ein. Den Hauptteil bilden zahlreiche F\u00fchrungsbl\u00e4tter zur Mythologie, Architektur, Malerei u.a. Sie sind besonders als Grundlage f\u00fcr die Planung von Exkursionen mit Sch\u00fclergruppen geeignet, richten sich aber auch ganz allgemein an Freunde der Antike. Weitere Informationstexte, antike Quellen, L\u00f6sungen zu den F\u00fchrungsbl\u00e4ttern sowie Karten und praktische Hinweise f\u00fcr einen Potsdam-Besuch runden den Band ab.<\/p>","protected":false},"excerpt":{"rendered":"<p class=\"qtranxs-available-languages-message qtranxs-available-languages-message-en\">Sorry, this entry is only available in <a href=\"https:\/\/shop.verlag.uni-potsdam.de\/de\/wp-json\/wp\/v2\/product\/51821\" class=\"qtranxs-available-language-link qtranxs-available-language-link-de\" title=\"Deutsch\">Deutsch<\/a>.<\/p>\n<p>Die in diesem Band zusammengestellten Beitr\u00e4ge sollen zu einer aktiven Auseinandersetzung mit der Antikerezeption auf dem Parkgel\u00e4nde von Potsdam-Sanssouci anregen. Ein Aufsatz zur Gartenkunst in der Antike und in Sanssouci leitet den Band ein. Den Hauptteil bilden zahlreiche F\u00fchrungsbl\u00e4tter zur Mythologie, Architektur, Malerei u.a. Sie sind besonders als Grundlage f\u00fcr die Planung von Exkursionen mit Sch\u00fclergruppen geeignet, richten sich aber auch ganz allgemein an Freunde der Antike. Weitere Informationstexte, antike Quellen, L\u00f6sungen zu den F\u00fchrungsbl\u00e4ttern sowie Karten und praktische Hinweise f\u00fcr einen Potsdam-Besuch runden den Band ab.<\/p>\n","protected":false},"featured_media":53739,"template":"","meta":{"_acf_changed":false},"product_brand":[],"product_cat":[6207],"product_tag":[5770],"class_list":{"0":"post-51821","1":"product","2":"type-product","3":"status-publish","4":"has-post-thumbnail","6":"product_cat-geschichte-web-kategorie","7":"product_tag-antike-antikerezeption-gartenkunst-mythologie-potsdam-sanssouci","8":"autor-roland-granobs","10":"first","11":"instock","12":"shipping-taxable","13":"purchasable","14":"product-type-simple"},"acf":[],"yoast_head":"<!-- This site is optimized with the Yoast SEO plugin v27.1.1 - https:\/\/yoast.com\/product\/yoast-seo-wordpress\/ -->\n<title>Antike in Potsdam-Sanssouci - Universit\u00e4tsverlag Potsdam<\/title>\n<meta name=\"robots\" content=\"index, follow, max-snippet:-1, max-image-preview:large, max-video-preview:-1\" \/>\n<link rel=\"canonical\" href=\"https:\/\/shop.verlag.uni-potsdam.de\/en\/shop\/antike-in-potsdam-sanssouci\/\" \/>\n<meta property=\"og:locale\" content=\"en_US\" \/>\n<meta property=\"og:type\" content=\"article\" \/>\n<meta property=\"og:title\" content=\"Antike in Potsdam-Sanssouci - Universit\u00e4tsverlag Potsdam\" \/>\n<meta property=\"og:description\" content=\"Die in diesem Band zusammengestellten Beitr\u00e4ge sollen zu einer aktiven Auseinandersetzung mit der Antikerezeption auf dem Parkgel\u00e4nde von Potsdam-Sanssouci anregen. Ein Aufsatz zur Gartenkunst in der Antike und in Sanssouci leitet den Band ein. Den Hauptteil bilden zahlreiche F\u00fchrungsbl\u00e4tter zur Mythologie, Architektur, Malerei u.a. Sie sind besonders als Grundlage f\u00fcr die Planung von Exkursionen mit Sch\u00fclergruppen geeignet, richten sich aber auch ganz allgemein an Freunde der Antike. Weitere Informationstexte, antike Quellen, L\u00f6sungen zu den F\u00fchrungsbl\u00e4ttern sowie Karten und praktische Hinweise f\u00fcr einen Potsdam-Besuch runden den Band ab.\" \/>\n<meta property=\"og:url\" content=\"https:\/\/shop.verlag.uni-potsdam.de\/en\/shop\/antike-in-potsdam-sanssouci\/\" \/>\n<meta property=\"og:site_name\" content=\"Universit\u00e4tsverlag Potsdam\" \/>\n<meta property=\"article:modified_time\" content=\"2026-03-23T10:54:06+00:00\" \/>\n<meta property=\"og:image\" content=\"https:\/\/shop.verlag.uni-potsdam.de\/wp-content\/uploads\/asolmerce\/image-9783939469698.jpg\" \/>\n\t<meta property=\"og:image:width\" content=\"452\" \/>\n\t<meta property=\"og:image:height\" content=\"640\" \/>\n\t<meta property=\"og:image:type\" content=\"image\/jpeg\" \/>\n<meta name=\"twitter:card\" content=\"summary_large_image\" \/>\n<script type=\"application\/ld+json\" class=\"yoast-schema-graph\">{\"@context\":\"https:\/\/schema.org\",\"@graph\":[{\"@type\":\"WebPage\",\"@id\":\"https:\/\/shop.verlag.uni-potsdam.de\/en\/shop\/antike-in-potsdam-sanssouci\/\",\"url\":\"https:\/\/shop.verlag.uni-potsdam.de\/en\/shop\/antike-in-potsdam-sanssouci\/\",\"name\":\"Antike in Potsdam-Sanssouci - Universit\u00e4tsverlag Potsdam\",\"isPartOf\":{\"@id\":\"https:\/\/shop.verlag.uni-potsdam.de\/en\/#website\"},\"primaryImageOfPage\":{\"@id\":\"https:\/\/shop.verlag.uni-potsdam.de\/en\/shop\/antike-in-potsdam-sanssouci\/#primaryimage\"},\"image\":{\"@id\":\"https:\/\/shop.verlag.uni-potsdam.de\/shop\/antike-in-potsdam-sanssouci\/#primaryimage\"},\"thumbnailUrl\":\"https:\/\/shop.verlag.uni-potsdam.de\/wp-content\/uploads\/asolmerce\/image-9783939469698.jpg\",\"datePublished\":\"2026-03-23T08:53:06+00:00\",\"dateModified\":\"2026-03-23T10:54:06+00:00\",\"breadcrumb\":{\"@id\":\"https:\/\/shop.verlag.uni-potsdam.de\/en\/shop\/antike-in-potsdam-sanssouci\/#breadcrumb\"},\"inLanguage\":\"en-US\",\"potentialAction\":[{\"@type\":\"ReadAction\",\"target\":[[\"https:\/\/shop.verlag.uni-potsdam.de\/en\/shop\/antike-in-potsdam-sanssouci\/\"]]}]},{\"@type\":\"ImageObject\",\"inLanguage\":\"en-US\",\"@id\":\"https:\/\/shop.verlag.uni-potsdam.de\/en\/shop\/antike-in-potsdam-sanssouci\/#primaryimage\",\"url\":\"https:\/\/shop.verlag.uni-potsdam.de\/wp-content\/uploads\/asolmerce\/image-9783939469698.jpg\",\"contentUrl\":\"https:\/\/shop.verlag.uni-potsdam.de\/wp-content\/uploads\/asolmerce\/image-9783939469698.jpg\",\"width\":452,\"height\":640},{\"@type\":\"BreadcrumbList\",\"@id\":\"https:\/\/shop.verlag.uni-potsdam.de\/en\/shop\/antike-in-potsdam-sanssouci\/#breadcrumb\",\"itemListElement\":[{\"@type\":\"ListItem\",\"position\":1,\"name\":\"Startseite\",\"item\":\"https:\/\/shop.verlag.uni-potsdam.de\/en\/\"},{\"@type\":\"ListItem\",\"position\":2,\"name\":\"Shop\",\"item\":\"https:\/\/shop.verlag.uni-potsdam.de\/en\/shop\/\"},{\"@type\":\"ListItem\",\"position\":3,\"name\":\"Antike in Potsdam-Sanssouci\"}]},{\"@type\":\"WebSite\",\"@id\":\"https:\/\/shop.verlag.uni-potsdam.de\/en\/#website\",\"url\":\"https:\/\/shop.verlag.uni-potsdam.de\/en\/\",\"name\":\"Universit\u00e4tsverlag Potsdam\",\"description\":\"\",\"publisher\":{\"@id\":\"https:\/\/shop.verlag.uni-potsdam.de\/en\/#organization\"},\"potentialAction\":[{\"@type\":\"SearchAction\",\"target\":{\"@type\":\"EntryPoint\",\"urlTemplate\":\"https:\/\/shop.verlag.uni-potsdam.de\/en\/?s={search_term_string}\"},\"query-input\":{\"@type\":\"PropertyValueSpecification\",\"valueRequired\":true,\"valueName\":\"search_term_string\"}}],\"inLanguage\":\"en-US\"},{\"@type\":\"Organization\",\"@id\":\"https:\/\/shop.verlag.uni-potsdam.de\/en\/#organization\",\"name\":\"Universit\u00e4tsverlag Potsdam\",\"url\":\"https:\/\/shop.verlag.uni-potsdam.de\/en\/\",\"logo\":{\"@type\":\"ImageObject\",\"inLanguage\":\"en-US\",\"@id\":\"https:\/\/shop.verlag.uni-potsdam.de\/en\/#\/schema\/logo\/image\/\",\"url\":\"https:\/\/shop.verlag.uni-potsdam.de\/wp-content\/uploads\/2017\/04\/up_logo_university_2.png\",\"contentUrl\":\"https:\/\/shop.verlag.uni-potsdam.de\/wp-content\/uploads\/2017\/04\/up_logo_university_2.png\",\"width\":160,\"height\":172,\"caption\":\"Universit\u00e4tsverlag Potsdam\"},\"image\":{\"@id\":\"https:\/\/shop.verlag.uni-potsdam.de\/en\/#\/schema\/logo\/image\/\"}}]}<\/script>\n<!-- \/ Yoast SEO plugin. -->","yoast_head_json":{"title":"Antike in Potsdam-Sanssouci - Universit\u00e4tsverlag Potsdam","robots":{"index":"index","follow":"follow","max-snippet":"max-snippet:-1","max-image-preview":"max-image-preview:large","max-video-preview":"max-video-preview:-1"},"canonical":"https:\/\/shop.verlag.uni-potsdam.de\/en\/shop\/antike-in-potsdam-sanssouci\/","og_locale":"en_US","og_type":"article","og_title":"Antike in Potsdam-Sanssouci - Universit\u00e4tsverlag Potsdam","og_description":"Die in diesem Band zusammengestellten Beitr\u00e4ge sollen zu einer aktiven Auseinandersetzung mit der Antikerezeption auf dem Parkgel\u00e4nde von Potsdam-Sanssouci anregen. Ein Aufsatz zur Gartenkunst in der Antike und in Sanssouci leitet den Band ein. Den Hauptteil bilden zahlreiche F\u00fchrungsbl\u00e4tter zur Mythologie, Architektur, Malerei u.a. Sie sind besonders als Grundlage f\u00fcr die Planung von Exkursionen mit Sch\u00fclergruppen geeignet, richten sich aber auch ganz allgemein an Freunde der Antike. Weitere Informationstexte, antike Quellen, L\u00f6sungen zu den F\u00fchrungsbl\u00e4ttern sowie Karten und praktische Hinweise f\u00fcr einen Potsdam-Besuch runden den Band ab.","og_url":"https:\/\/shop.verlag.uni-potsdam.de\/en\/shop\/antike-in-potsdam-sanssouci\/","og_site_name":"Universit\u00e4tsverlag Potsdam","article_modified_time":"2026-03-23T10:54:06+00:00","og_image":[{"width":452,"height":640,"url":"https:\/\/shop.verlag.uni-potsdam.de\/wp-content\/uploads\/asolmerce\/image-9783939469698.jpg","type":"image\/jpeg"}],"twitter_card":"summary_large_image","schema":{"@context":"https:\/\/schema.org","@graph":[{"@type":"WebPage","@id":"https:\/\/shop.verlag.uni-potsdam.de\/en\/shop\/antike-in-potsdam-sanssouci\/","url":"https:\/\/shop.verlag.uni-potsdam.de\/en\/shop\/antike-in-potsdam-sanssouci\/","name":"Antike in Potsdam-Sanssouci - Universit\u00e4tsverlag Potsdam","isPartOf":{"@id":"https:\/\/shop.verlag.uni-potsdam.de\/en\/#website"},"primaryImageOfPage":{"@id":"https:\/\/shop.verlag.uni-potsdam.de\/en\/shop\/antike-in-potsdam-sanssouci\/#primaryimage"},"image":{"@id":"https:\/\/shop.verlag.uni-potsdam.de\/shop\/antike-in-potsdam-sanssouci\/#primaryimage"},"thumbnailUrl":"https:\/\/shop.verlag.uni-potsdam.de\/wp-content\/uploads\/asolmerce\/image-9783939469698.jpg","datePublished":"2026-03-23T08:53:06+00:00","dateModified":"2026-03-23T10:54:06+00:00","breadcrumb":{"@id":"https:\/\/shop.verlag.uni-potsdam.de\/en\/shop\/antike-in-potsdam-sanssouci\/#breadcrumb"},"inLanguage":"en-US","potentialAction":[{"@type":"ReadAction","target":[["https:\/\/shop.verlag.uni-potsdam.de\/en\/shop\/antike-in-potsdam-sanssouci\/"]]}]},{"@type":"ImageObject","inLanguage":"en-US","@id":"https:\/\/shop.verlag.uni-potsdam.de\/en\/shop\/antike-in-potsdam-sanssouci\/#primaryimage","url":"https:\/\/shop.verlag.uni-potsdam.de\/wp-content\/uploads\/asolmerce\/image-9783939469698.jpg","contentUrl":"https:\/\/shop.verlag.uni-potsdam.de\/wp-content\/uploads\/asolmerce\/image-9783939469698.jpg","width":452,"height":640},{"@type":"BreadcrumbList","@id":"https:\/\/shop.verlag.uni-potsdam.de\/en\/shop\/antike-in-potsdam-sanssouci\/#breadcrumb","itemListElement":[{"@type":"ListItem","position":1,"name":"Startseite","item":"https:\/\/shop.verlag.uni-potsdam.de\/en\/"},{"@type":"ListItem","position":2,"name":"Shop","item":"https:\/\/shop.verlag.uni-potsdam.de\/en\/shop\/"},{"@type":"ListItem","position":3,"name":"Antike in Potsdam-Sanssouci"}]},{"@type":"WebSite","@id":"https:\/\/shop.verlag.uni-potsdam.de\/en\/#website","url":"https:\/\/shop.verlag.uni-potsdam.de\/en\/","name":"Universit\u00e4tsverlag Potsdam","description":"","publisher":{"@id":"https:\/\/shop.verlag.uni-potsdam.de\/en\/#organization"},"potentialAction":[{"@type":"SearchAction","target":{"@type":"EntryPoint","urlTemplate":"https:\/\/shop.verlag.uni-potsdam.de\/en\/?s={search_term_string}"},"query-input":{"@type":"PropertyValueSpecification","valueRequired":true,"valueName":"search_term_string"}}],"inLanguage":"en-US"},{"@type":"Organization","@id":"https:\/\/shop.verlag.uni-potsdam.de\/en\/#organization","name":"Universit\u00e4tsverlag Potsdam","url":"https:\/\/shop.verlag.uni-potsdam.de\/en\/","logo":{"@type":"ImageObject","inLanguage":"en-US","@id":"https:\/\/shop.verlag.uni-potsdam.de\/en\/#\/schema\/logo\/image\/","url":"https:\/\/shop.verlag.uni-potsdam.de\/wp-content\/uploads\/2017\/04\/up_logo_university_2.png","contentUrl":"https:\/\/shop.verlag.uni-potsdam.de\/wp-content\/uploads\/2017\/04\/up_logo_university_2.png","width":160,"height":172,"caption":"Universit\u00e4tsverlag Potsdam"},"image":{"@id":"https:\/\/shop.verlag.uni-potsdam.de\/en\/#\/schema\/logo\/image\/"}}]}},"_links":{"self":[{"href":"https:\/\/shop.verlag.uni-potsdam.de\/en\/wp-json\/wp\/v2\/product\/51821","targetHints":{"allow":["GET"]}}],"collection":[{"href":"https:\/\/shop.verlag.uni-potsdam.de\/en\/wp-json\/wp\/v2\/product"}],"about":[{"href":"https:\/\/shop.verlag.uni-potsdam.de\/en\/wp-json\/wp\/v2\/types\/product"}],"wp:featuredmedia":[{"embeddable":true,"href":"https:\/\/shop.verlag.uni-potsdam.de\/en\/wp-json\/wp\/v2\/media\/53739"}],"wp:attachment":[{"href":"https:\/\/shop.verlag.uni-potsdam.de\/en\/wp-json\/wp\/v2\/media?parent=51821"}],"wp:term":[{"taxonomy":"product_brand","embeddable":true,"href":"https:\/\/shop.verlag.uni-potsdam.de\/en\/wp-json\/wp\/v2\/product_brand?post=51821"},{"taxonomy":"product_cat","embeddable":true,"href":"https:\/\/shop.verlag.uni-potsdam.de\/en\/wp-json\/wp\/v2\/product_cat?post=51821"},{"taxonomy":"product_tag","embeddable":true,"href":"https:\/\/shop.verlag.uni-potsdam.de\/en\/wp-json\/wp\/v2\/product_tag?post=51821"}],"curies":[{"name":"wp","href":"https:\/\/api.w.org\/{rel}","templated":true}]}}