{"id":51843,"date":"2026-03-23T08:53:13","date_gmt":"2026-03-23T08:53:13","guid":{"rendered":"http:\/\/shop.verlag.uni-potsdam.de\/produkt\/pardes-12-heine\/"},"modified":"2026-03-23T11:54:13","modified_gmt":"2026-03-23T10:54:13","slug":"themenheft-zum-150-todestag-von-heinrich-heine","status":"publish","type":"product","link":"https:\/\/shop.verlag.uni-potsdam.de\/en\/shop\/themenheft-zum-150-todestag-von-heinrich-heine\/","title":{"rendered":"Themenheft zum 150. Todestag von Heinrich Heine"},"content":{"rendered":"<p class=\"qtranxs-available-languages-message qtranxs-available-languages-message-en\">Sorry, this entry is only available in <a href=\"https:\/\/shop.verlag.uni-potsdam.de\/de\/wp-json\/wp\/v2\/product\/51843\" class=\"qtranxs-available-language-link qtranxs-available-language-link-de\" title=\"Deutsch\">Deutsch<\/a>.<\/p><p>Aus dem Editorial:<br \/>Die vorliegende PaRDeS-Ausgabe ist dem 150. Todestag Heinrich Heines (1797-1856) gewidmet, \u00fcber den Gustav Karpeles folgende treffende Bemerkung machte: &#8220;Er hat sich eben geirrt, wenn er glaubte, dass ihm seine Stammesgenossen keinen Kaddisch nachsagen w\u00fcrden. Sein wehevoller Ausruf: Nichts gesagt und nichts gesungen wird an meinen Sterbetagen!` ist gl\u00fccklicherweise nicht in Erf\u00fcllung gegangen. Man sagt und singt heute so viel von Heine, wie von keinem anderen modernen Dichter. Man liest seine Werke mehr als die aller anderen, und man versenkt sich mit Eifer in die Geschichte seines Lebens und in die Sch\u00f6pfungen seines Geistes.&#8221; Dass das Interesse an Heine auch im Jahre 2006 noch ungebrochen ist, zeigen zahlreiche Tagungen, Publikationen und nicht zuletzt die Beitr\u00e4ge der vorliegenden PaRDeS-Ausgabe, die dem Ged\u00e4chtnis des Schriftstellers gewidmet ist. <br \/><\/p>","protected":false},"excerpt":{"rendered":"<p class=\"qtranxs-available-languages-message qtranxs-available-languages-message-en\">Sorry, this entry is only available in <a href=\"https:\/\/shop.verlag.uni-potsdam.de\/de\/wp-json\/wp\/v2\/product\/51843\" class=\"qtranxs-available-language-link qtranxs-available-language-link-de\" title=\"Deutsch\">Deutsch<\/a>.<\/p>\n<p>Aus dem Editorial:<br \/>Die vorliegende PaRDeS-Ausgabe ist dem 150. Todestag Heinrich Heines (1797-1856) gewidmet, \u00fcber den Gustav Karpeles folgende treffende Bemerkung machte: &#8220;Er hat sich eben geirrt, wenn er glaubte, dass ihm seine Stammesgenossen keinen Kaddisch nachsagen w\u00fcrden. Sein wehevoller Ausruf: Nichts gesagt und nichts gesungen wird an meinen Sterbetagen!` ist gl\u00fccklicherweise nicht in Erf\u00fcllung gegangen. Man sagt und singt heute so viel von Heine, wie von keinem anderen modernen Dichter. Man liest seine Werke mehr als die aller anderen, und man versenkt sich mit Eifer in die Geschichte seines Lebens und in die Sch\u00f6pfungen seines Geistes.&#8221; Dass das Interesse an Heine auch im Jahre 2006 noch ungebrochen ist, zeigen zahlreiche Tagungen, Publikationen und nicht zuletzt die Beitr\u00e4ge der vorliegenden PaRDeS-Ausgabe, die dem Ged\u00e4chtnis des Schriftstellers gewidmet ist. <\/p>\n","protected":false},"featured_media":53758,"template":"","meta":{"_acf_changed":false},"product_brand":[],"product_cat":[6226],"product_tag":[5455,5456],"class_list":{"0":"post-51843","1":"product","2":"type-product","3":"status-publish","4":"has-post-thumbnail","6":"product_cat-religion-theologie","7":"product_tag-damaskusaffaere-heine","8":"product_tag-heinrich-samaritanerforschung","9":"autor-alexander-dubrau","10":"autor-anat-feinberg","11":"autor-caspar-battegay","12":"autor-daniel-juette","13":"autor-edith-lutz","14":"autor-elvira-groezinger","15":"autor-hans-michael-haussig","16":"autor-hans-otto-horch","17":"autor-hendrik-madsen","18":"autor-jakob-hessing","19":"autor-joachim-schloer","20":"autor-karl-erich-groezinger","21":"autor-nathanael-riemer","22":"autor-olivia-franz-klauser","23":"autor-robert-juette","24":"autor-sabine-bierwirth","25":"autor-susanne-hudak-lazic","26":"zeitschriften-pardes","28":"first","29":"instock","30":"shipping-taxable","31":"purchasable","32":"product-type-simple"},"acf":[],"yoast_head":"<!-- This site is optimized with the Yoast SEO plugin v27.1.1 - https:\/\/yoast.com\/product\/yoast-seo-wordpress\/ -->\n<title>Themenheft zum 150. Todestag von Heinrich Heine - Universit\u00e4tsverlag Potsdam<\/title>\n<meta name=\"robots\" content=\"index, follow, max-snippet:-1, max-image-preview:large, max-video-preview:-1\" \/>\n<link rel=\"canonical\" href=\"https:\/\/shop.verlag.uni-potsdam.de\/en\/shop\/themenheft-zum-150-todestag-von-heinrich-heine\/\" \/>\n<meta property=\"og:locale\" content=\"en_US\" \/>\n<meta property=\"og:type\" content=\"article\" \/>\n<meta property=\"og:title\" content=\"Themenheft zum 150. Todestag von Heinrich Heine - Universit\u00e4tsverlag Potsdam\" \/>\n<meta property=\"og:description\" content=\"Aus dem Editorial:Die vorliegende PaRDeS-Ausgabe ist dem 150. Todestag Heinrich Heines (1797-1856) gewidmet, \u00fcber den Gustav Karpeles folgende treffende Bemerkung machte: &quot;Er hat sich eben geirrt, wenn er glaubte, dass ihm seine Stammesgenossen keinen Kaddisch nachsagen w\u00fcrden. Sein wehevoller Ausruf: Nichts gesagt und nichts gesungen wird an meinen Sterbetagen!` ist gl\u00fccklicherweise nicht in Erf\u00fcllung gegangen. Man sagt und singt heute so viel von Heine, wie von keinem anderen modernen Dichter. Man liest seine Werke mehr als die aller anderen, und man versenkt sich mit Eifer in die Geschichte seines Lebens und in die Sch\u00f6pfungen seines Geistes.&quot; Dass das Interesse an Heine auch im Jahre 2006 noch ungebrochen ist, zeigen zahlreiche Tagungen, Publikationen und nicht zuletzt die Beitr\u00e4ge der vorliegenden PaRDeS-Ausgabe, die dem Ged\u00e4chtnis des Schriftstellers gewidmet ist.\" \/>\n<meta property=\"og:url\" content=\"https:\/\/shop.verlag.uni-potsdam.de\/en\/shop\/themenheft-zum-150-todestag-von-heinrich-heine\/\" \/>\n<meta property=\"og:site_name\" content=\"Universit\u00e4tsverlag Potsdam\" \/>\n<meta property=\"article:modified_time\" content=\"2026-03-23T10:54:13+00:00\" \/>\n<meta property=\"og:image\" content=\"https:\/\/shop.verlag.uni-potsdam.de\/wp-content\/uploads\/asolmerce\/image-9783939469193.jpg\" \/>\n\t<meta property=\"og:image:width\" content=\"476\" \/>\n\t<meta property=\"og:image:height\" content=\"640\" \/>\n\t<meta property=\"og:image:type\" content=\"image\/jpeg\" \/>\n<meta name=\"twitter:card\" content=\"summary_large_image\" \/>\n<meta name=\"twitter:label1\" content=\"Est. reading time\" \/>\n\t<meta name=\"twitter:data1\" content=\"1 minute\" \/>\n<script type=\"application\/ld+json\" class=\"yoast-schema-graph\">{\"@context\":\"https:\/\/schema.org\",\"@graph\":[{\"@type\":\"WebPage\",\"@id\":\"https:\/\/shop.verlag.uni-potsdam.de\/en\/shop\/themenheft-zum-150-todestag-von-heinrich-heine\/\",\"url\":\"https:\/\/shop.verlag.uni-potsdam.de\/en\/shop\/themenheft-zum-150-todestag-von-heinrich-heine\/\",\"name\":\"Themenheft zum 150. Todestag von Heinrich Heine - Universit\u00e4tsverlag Potsdam\",\"isPartOf\":{\"@id\":\"https:\/\/shop.verlag.uni-potsdam.de\/en\/#website\"},\"primaryImageOfPage\":{\"@id\":\"https:\/\/shop.verlag.uni-potsdam.de\/en\/shop\/themenheft-zum-150-todestag-von-heinrich-heine\/#primaryimage\"},\"image\":{\"@id\":\"https:\/\/shop.verlag.uni-potsdam.de\/shop\/themenheft-zum-150-todestag-von-heinrich-heine\/#primaryimage\"},\"thumbnailUrl\":\"https:\/\/shop.verlag.uni-potsdam.de\/wp-content\/uploads\/asolmerce\/image-9783939469193.jpg\",\"datePublished\":\"2026-03-23T08:53:13+00:00\",\"dateModified\":\"2026-03-23T10:54:13+00:00\",\"breadcrumb\":{\"@id\":\"https:\/\/shop.verlag.uni-potsdam.de\/en\/shop\/themenheft-zum-150-todestag-von-heinrich-heine\/#breadcrumb\"},\"inLanguage\":\"en-US\",\"potentialAction\":[{\"@type\":\"ReadAction\",\"target\":[[\"https:\/\/shop.verlag.uni-potsdam.de\/en\/shop\/themenheft-zum-150-todestag-von-heinrich-heine\/\"]]}]},{\"@type\":\"ImageObject\",\"inLanguage\":\"en-US\",\"@id\":\"https:\/\/shop.verlag.uni-potsdam.de\/en\/shop\/themenheft-zum-150-todestag-von-heinrich-heine\/#primaryimage\",\"url\":\"https:\/\/shop.verlag.uni-potsdam.de\/wp-content\/uploads\/asolmerce\/image-9783939469193.jpg\",\"contentUrl\":\"https:\/\/shop.verlag.uni-potsdam.de\/wp-content\/uploads\/asolmerce\/image-9783939469193.jpg\",\"width\":476,\"height\":640},{\"@type\":\"BreadcrumbList\",\"@id\":\"https:\/\/shop.verlag.uni-potsdam.de\/en\/shop\/themenheft-zum-150-todestag-von-heinrich-heine\/#breadcrumb\",\"itemListElement\":[{\"@type\":\"ListItem\",\"position\":1,\"name\":\"Startseite\",\"item\":\"https:\/\/shop.verlag.uni-potsdam.de\/en\/\"},{\"@type\":\"ListItem\",\"position\":2,\"name\":\"Shop\",\"item\":\"https:\/\/shop.verlag.uni-potsdam.de\/en\/shop\/\"},{\"@type\":\"ListItem\",\"position\":3,\"name\":\"Themenheft zum 150. Todestag von Heinrich Heine\"}]},{\"@type\":\"WebSite\",\"@id\":\"https:\/\/shop.verlag.uni-potsdam.de\/en\/#website\",\"url\":\"https:\/\/shop.verlag.uni-potsdam.de\/en\/\",\"name\":\"Universit\u00e4tsverlag Potsdam\",\"description\":\"\",\"publisher\":{\"@id\":\"https:\/\/shop.verlag.uni-potsdam.de\/en\/#organization\"},\"potentialAction\":[{\"@type\":\"SearchAction\",\"target\":{\"@type\":\"EntryPoint\",\"urlTemplate\":\"https:\/\/shop.verlag.uni-potsdam.de\/en\/?s={search_term_string}\"},\"query-input\":{\"@type\":\"PropertyValueSpecification\",\"valueRequired\":true,\"valueName\":\"search_term_string\"}}],\"inLanguage\":\"en-US\"},{\"@type\":\"Organization\",\"@id\":\"https:\/\/shop.verlag.uni-potsdam.de\/en\/#organization\",\"name\":\"Universit\u00e4tsverlag Potsdam\",\"url\":\"https:\/\/shop.verlag.uni-potsdam.de\/en\/\",\"logo\":{\"@type\":\"ImageObject\",\"inLanguage\":\"en-US\",\"@id\":\"https:\/\/shop.verlag.uni-potsdam.de\/en\/#\/schema\/logo\/image\/\",\"url\":\"https:\/\/shop.verlag.uni-potsdam.de\/wp-content\/uploads\/2017\/04\/up_logo_university_2.png\",\"contentUrl\":\"https:\/\/shop.verlag.uni-potsdam.de\/wp-content\/uploads\/2017\/04\/up_logo_university_2.png\",\"width\":160,\"height\":172,\"caption\":\"Universit\u00e4tsverlag Potsdam\"},\"image\":{\"@id\":\"https:\/\/shop.verlag.uni-potsdam.de\/en\/#\/schema\/logo\/image\/\"}}]}<\/script>\n<!-- \/ Yoast SEO plugin. -->","yoast_head_json":{"title":"Themenheft zum 150. Todestag von Heinrich Heine - Universit\u00e4tsverlag Potsdam","robots":{"index":"index","follow":"follow","max-snippet":"max-snippet:-1","max-image-preview":"max-image-preview:large","max-video-preview":"max-video-preview:-1"},"canonical":"https:\/\/shop.verlag.uni-potsdam.de\/en\/shop\/themenheft-zum-150-todestag-von-heinrich-heine\/","og_locale":"en_US","og_type":"article","og_title":"Themenheft zum 150. Todestag von Heinrich Heine - Universit\u00e4tsverlag Potsdam","og_description":"Aus dem Editorial:Die vorliegende PaRDeS-Ausgabe ist dem 150. Todestag Heinrich Heines (1797-1856) gewidmet, \u00fcber den Gustav Karpeles folgende treffende Bemerkung machte: \"Er hat sich eben geirrt, wenn er glaubte, dass ihm seine Stammesgenossen keinen Kaddisch nachsagen w\u00fcrden. Sein wehevoller Ausruf: Nichts gesagt und nichts gesungen wird an meinen Sterbetagen!` ist gl\u00fccklicherweise nicht in Erf\u00fcllung gegangen. Man sagt und singt heute so viel von Heine, wie von keinem anderen modernen Dichter. Man liest seine Werke mehr als die aller anderen, und man versenkt sich mit Eifer in die Geschichte seines Lebens und in die Sch\u00f6pfungen seines Geistes.\" Dass das Interesse an Heine auch im Jahre 2006 noch ungebrochen ist, zeigen zahlreiche Tagungen, Publikationen und nicht zuletzt die Beitr\u00e4ge der vorliegenden PaRDeS-Ausgabe, die dem Ged\u00e4chtnis des Schriftstellers gewidmet ist.","og_url":"https:\/\/shop.verlag.uni-potsdam.de\/en\/shop\/themenheft-zum-150-todestag-von-heinrich-heine\/","og_site_name":"Universit\u00e4tsverlag Potsdam","article_modified_time":"2026-03-23T10:54:13+00:00","og_image":[{"width":476,"height":640,"url":"https:\/\/shop.verlag.uni-potsdam.de\/wp-content\/uploads\/asolmerce\/image-9783939469193.jpg","type":"image\/jpeg"}],"twitter_card":"summary_large_image","twitter_misc":{"Est. reading time":"1 minute"},"schema":{"@context":"https:\/\/schema.org","@graph":[{"@type":"WebPage","@id":"https:\/\/shop.verlag.uni-potsdam.de\/en\/shop\/themenheft-zum-150-todestag-von-heinrich-heine\/","url":"https:\/\/shop.verlag.uni-potsdam.de\/en\/shop\/themenheft-zum-150-todestag-von-heinrich-heine\/","name":"Themenheft zum 150. Todestag von Heinrich Heine - Universit\u00e4tsverlag Potsdam","isPartOf":{"@id":"https:\/\/shop.verlag.uni-potsdam.de\/en\/#website"},"primaryImageOfPage":{"@id":"https:\/\/shop.verlag.uni-potsdam.de\/en\/shop\/themenheft-zum-150-todestag-von-heinrich-heine\/#primaryimage"},"image":{"@id":"https:\/\/shop.verlag.uni-potsdam.de\/shop\/themenheft-zum-150-todestag-von-heinrich-heine\/#primaryimage"},"thumbnailUrl":"https:\/\/shop.verlag.uni-potsdam.de\/wp-content\/uploads\/asolmerce\/image-9783939469193.jpg","datePublished":"2026-03-23T08:53:13+00:00","dateModified":"2026-03-23T10:54:13+00:00","breadcrumb":{"@id":"https:\/\/shop.verlag.uni-potsdam.de\/en\/shop\/themenheft-zum-150-todestag-von-heinrich-heine\/#breadcrumb"},"inLanguage":"en-US","potentialAction":[{"@type":"ReadAction","target":[["https:\/\/shop.verlag.uni-potsdam.de\/en\/shop\/themenheft-zum-150-todestag-von-heinrich-heine\/"]]}]},{"@type":"ImageObject","inLanguage":"en-US","@id":"https:\/\/shop.verlag.uni-potsdam.de\/en\/shop\/themenheft-zum-150-todestag-von-heinrich-heine\/#primaryimage","url":"https:\/\/shop.verlag.uni-potsdam.de\/wp-content\/uploads\/asolmerce\/image-9783939469193.jpg","contentUrl":"https:\/\/shop.verlag.uni-potsdam.de\/wp-content\/uploads\/asolmerce\/image-9783939469193.jpg","width":476,"height":640},{"@type":"BreadcrumbList","@id":"https:\/\/shop.verlag.uni-potsdam.de\/en\/shop\/themenheft-zum-150-todestag-von-heinrich-heine\/#breadcrumb","itemListElement":[{"@type":"ListItem","position":1,"name":"Startseite","item":"https:\/\/shop.verlag.uni-potsdam.de\/en\/"},{"@type":"ListItem","position":2,"name":"Shop","item":"https:\/\/shop.verlag.uni-potsdam.de\/en\/shop\/"},{"@type":"ListItem","position":3,"name":"Themenheft zum 150. Todestag von Heinrich Heine"}]},{"@type":"WebSite","@id":"https:\/\/shop.verlag.uni-potsdam.de\/en\/#website","url":"https:\/\/shop.verlag.uni-potsdam.de\/en\/","name":"Universit\u00e4tsverlag Potsdam","description":"","publisher":{"@id":"https:\/\/shop.verlag.uni-potsdam.de\/en\/#organization"},"potentialAction":[{"@type":"SearchAction","target":{"@type":"EntryPoint","urlTemplate":"https:\/\/shop.verlag.uni-potsdam.de\/en\/?s={search_term_string}"},"query-input":{"@type":"PropertyValueSpecification","valueRequired":true,"valueName":"search_term_string"}}],"inLanguage":"en-US"},{"@type":"Organization","@id":"https:\/\/shop.verlag.uni-potsdam.de\/en\/#organization","name":"Universit\u00e4tsverlag Potsdam","url":"https:\/\/shop.verlag.uni-potsdam.de\/en\/","logo":{"@type":"ImageObject","inLanguage":"en-US","@id":"https:\/\/shop.verlag.uni-potsdam.de\/en\/#\/schema\/logo\/image\/","url":"https:\/\/shop.verlag.uni-potsdam.de\/wp-content\/uploads\/2017\/04\/up_logo_university_2.png","contentUrl":"https:\/\/shop.verlag.uni-potsdam.de\/wp-content\/uploads\/2017\/04\/up_logo_university_2.png","width":160,"height":172,"caption":"Universit\u00e4tsverlag Potsdam"},"image":{"@id":"https:\/\/shop.verlag.uni-potsdam.de\/en\/#\/schema\/logo\/image\/"}}]}},"_links":{"self":[{"href":"https:\/\/shop.verlag.uni-potsdam.de\/en\/wp-json\/wp\/v2\/product\/51843","targetHints":{"allow":["GET"]}}],"collection":[{"href":"https:\/\/shop.verlag.uni-potsdam.de\/en\/wp-json\/wp\/v2\/product"}],"about":[{"href":"https:\/\/shop.verlag.uni-potsdam.de\/en\/wp-json\/wp\/v2\/types\/product"}],"wp:featuredmedia":[{"embeddable":true,"href":"https:\/\/shop.verlag.uni-potsdam.de\/en\/wp-json\/wp\/v2\/media\/53758"}],"wp:attachment":[{"href":"https:\/\/shop.verlag.uni-potsdam.de\/en\/wp-json\/wp\/v2\/media?parent=51843"}],"wp:term":[{"taxonomy":"product_brand","embeddable":true,"href":"https:\/\/shop.verlag.uni-potsdam.de\/en\/wp-json\/wp\/v2\/product_brand?post=51843"},{"taxonomy":"product_cat","embeddable":true,"href":"https:\/\/shop.verlag.uni-potsdam.de\/en\/wp-json\/wp\/v2\/product_cat?post=51843"},{"taxonomy":"product_tag","embeddable":true,"href":"https:\/\/shop.verlag.uni-potsdam.de\/en\/wp-json\/wp\/v2\/product_tag?post=51843"}],"curies":[{"name":"wp","href":"https:\/\/api.w.org\/{rel}","templated":true}]}}