{"id":51846,"date":"2026-03-23T08:53:24","date_gmt":"2026-03-23T08:53:24","guid":{"rendered":"http:\/\/shop.verlag.uni-potsdam.de\/produkt\/public-management\/"},"modified":"2026-03-23T11:54:24","modified_gmt":"2026-03-23T10:54:24","slug":"public-management-eine-neue-generation-in-wissenschaft-und-praxis","status":"publish","type":"product","link":"https:\/\/shop.verlag.uni-potsdam.de\/en\/shop\/public-management-eine-neue-generation-in-wissenschaft-und-praxis\/","title":{"rendered":"Public Management &#8211; Eine neue Generation in Wissenschaft und Praxis"},"content":{"rendered":"<p class=\"qtranxs-available-languages-message qtranxs-available-languages-message-en\">Sorry, this entry is only available in <a href=\"https:\/\/shop.verlag.uni-potsdam.de\/de\/wp-json\/wp\/v2\/product\/51846\" class=\"qtranxs-available-language-link qtranxs-available-language-link-de\" title=\"Deutsch\">Deutsch<\/a>.<\/p><p>Der vorliegende Band vereinigt Beitr\u00e4ge zu zentralen Bereichen des Public Managements. Dabei werden Fragestellungen und Herausforderungen f\u00fcr Wissenschaftler und Praktiker aufgezeigt, Entwicklungen im \u00f6ffentlichen Sektor empirisch nachgezeichnet und Problem- sowie Erfolgsfelder der Verwaltungsmodernisierung beleuchtet. Im Mittelpunkt steht dabei die Frage, wie ein modernes Management von \u00f6ffentlichen Dienstleistungen aussieht und aussehen kann. Die Autoren\/innen nehmen die Entwicklungen der letzten Jahre im \u00f6ffentlichen Sektor zum Anlass, ihre eigenen Forschungsarbeiten im Bereich eGovernment, Wissensmanagement, Nonprofit und Hochschulmanagement, Finanzmanagement sowie dem Management \u00f6ffentlicher Dienstleistungen zu pr\u00e4sentieren. Jeder dieser Beitr\u00e4ge ist das Resultat langj\u00e4hriger und empirischer Besch\u00e4ftigung mit dem Ph\u00e4nomenbereich des Public Management.<\/p>","protected":false},"excerpt":{"rendered":"<p class=\"qtranxs-available-languages-message qtranxs-available-languages-message-en\">Sorry, this entry is only available in <a href=\"https:\/\/shop.verlag.uni-potsdam.de\/de\/wp-json\/wp\/v2\/product\/51846\" class=\"qtranxs-available-language-link qtranxs-available-language-link-de\" title=\"Deutsch\">Deutsch<\/a>.<\/p>\n<p>Der vorliegende Band vereinigt Beitr\u00e4ge zu zentralen Bereichen des Public Managements. Dabei werden Fragestellungen und Herausforderungen f\u00fcr Wissenschaftler und Praktiker aufgezeigt, Entwicklungen im \u00f6ffentlichen Sektor empirisch nachgezeichnet und Problem- sowie Erfolgsfelder der Verwaltungsmodernisierung beleuchtet. Im Mittelpunkt steht dabei die Frage, wie ein modernes Management von \u00f6ffentlichen Dienstleistungen aussieht und aussehen kann. Die Autoren\/innen nehmen die Entwicklungen der letzten Jahre im \u00f6ffentlichen Sektor zum Anlass, ihre eigenen Forschungsarbeiten im Bereich eGovernment, Wissensmanagement, Nonprofit und Hochschulmanagement, Finanzmanagement sowie dem Management \u00f6ffentlicher Dienstleistungen zu pr\u00e4sentieren. Jeder dieser Beitr\u00e4ge ist das Resultat langj\u00e4hriger und empirischer Besch\u00e4ftigung mit dem Ph\u00e4nomenbereich des Public Management.<\/p>\n","protected":false},"featured_media":53808,"template":"","meta":{"_acf_changed":false},"product_brand":[],"product_cat":[6223],"product_tag":[5370],"class_list":{"0":"post-51846","1":"product","2":"type-product","3":"status-publish","4":"has-post-thumbnail","6":"product_cat-politikwissenschaft-web-kategorie","7":"product_tag-npm-nsm-new-public-management-reformen-verwaltungsmodernisierung","8":"autor-christian-maass","9":"autor-kai-birkholz","10":"autor-patricia-siebart","11":"autor-patrick-von-maravic","13":"first","14":"instock","15":"shipping-taxable","16":"purchasable","17":"product-type-simple"},"acf":[],"yoast_head":"<!-- This site is optimized with the Yoast SEO plugin v27.1.1 - https:\/\/yoast.com\/product\/yoast-seo-wordpress\/ -->\n<title>Public Management - Eine neue Generation in Wissenschaft und Praxis - Universit\u00e4tsverlag Potsdam<\/title>\n<meta name=\"robots\" content=\"index, follow, max-snippet:-1, max-image-preview:large, max-video-preview:-1\" \/>\n<link rel=\"canonical\" href=\"https:\/\/shop.verlag.uni-potsdam.de\/en\/shop\/public-management-eine-neue-generation-in-wissenschaft-und-praxis\/\" \/>\n<meta property=\"og:locale\" content=\"en_US\" \/>\n<meta property=\"og:type\" content=\"article\" \/>\n<meta property=\"og:title\" content=\"Public Management - Eine neue Generation in Wissenschaft und Praxis - Universit\u00e4tsverlag Potsdam\" \/>\n<meta property=\"og:description\" content=\"Der vorliegende Band vereinigt Beitr\u00e4ge zu zentralen Bereichen des Public Managements. Dabei werden Fragestellungen und Herausforderungen f\u00fcr Wissenschaftler und Praktiker aufgezeigt, Entwicklungen im \u00f6ffentlichen Sektor empirisch nachgezeichnet und Problem- sowie Erfolgsfelder der Verwaltungsmodernisierung beleuchtet. Im Mittelpunkt steht dabei die Frage, wie ein modernes Management von \u00f6ffentlichen Dienstleistungen aussieht und aussehen kann. Die Autoren\/innen nehmen die Entwicklungen der letzten Jahre im \u00f6ffentlichen Sektor zum Anlass, ihre eigenen Forschungsarbeiten im Bereich eGovernment, Wissensmanagement, Nonprofit und Hochschulmanagement, Finanzmanagement sowie dem Management \u00f6ffentlicher Dienstleistungen zu pr\u00e4sentieren. Jeder dieser Beitr\u00e4ge ist das Resultat langj\u00e4hriger und empirischer Besch\u00e4ftigung mit dem Ph\u00e4nomenbereich des Public Management.\" \/>\n<meta property=\"og:url\" content=\"https:\/\/shop.verlag.uni-potsdam.de\/en\/shop\/public-management-eine-neue-generation-in-wissenschaft-und-praxis\/\" \/>\n<meta property=\"og:site_name\" content=\"Universit\u00e4tsverlag Potsdam\" \/>\n<meta property=\"article:modified_time\" content=\"2026-03-23T10:54:24+00:00\" \/>\n<meta property=\"og:image\" content=\"https:\/\/shop.verlag.uni-potsdam.de\/wp-content\/uploads\/asolmerce\/image-9783939469094.jpg\" \/>\n\t<meta property=\"og:image:width\" content=\"462\" \/>\n\t<meta property=\"og:image:height\" content=\"640\" \/>\n\t<meta property=\"og:image:type\" content=\"image\/jpeg\" \/>\n<meta name=\"twitter:card\" content=\"summary_large_image\" \/>\n<meta name=\"twitter:label1\" content=\"Est. reading time\" \/>\n\t<meta name=\"twitter:data1\" content=\"1 minute\" \/>\n<script type=\"application\/ld+json\" class=\"yoast-schema-graph\">{\"@context\":\"https:\/\/schema.org\",\"@graph\":[{\"@type\":\"WebPage\",\"@id\":\"https:\/\/shop.verlag.uni-potsdam.de\/en\/shop\/public-management-eine-neue-generation-in-wissenschaft-und-praxis\/\",\"url\":\"https:\/\/shop.verlag.uni-potsdam.de\/en\/shop\/public-management-eine-neue-generation-in-wissenschaft-und-praxis\/\",\"name\":\"Public Management - Eine neue Generation in Wissenschaft und Praxis - Universit\u00e4tsverlag Potsdam\",\"isPartOf\":{\"@id\":\"https:\/\/shop.verlag.uni-potsdam.de\/en\/#website\"},\"primaryImageOfPage\":{\"@id\":\"https:\/\/shop.verlag.uni-potsdam.de\/en\/shop\/public-management-eine-neue-generation-in-wissenschaft-und-praxis\/#primaryimage\"},\"image\":{\"@id\":\"https:\/\/shop.verlag.uni-potsdam.de\/shop\/public-management-eine-neue-generation-in-wissenschaft-und-praxis\/#primaryimage\"},\"thumbnailUrl\":\"https:\/\/shop.verlag.uni-potsdam.de\/wp-content\/uploads\/asolmerce\/image-9783939469094.jpg\",\"datePublished\":\"2026-03-23T08:53:24+00:00\",\"dateModified\":\"2026-03-23T10:54:24+00:00\",\"breadcrumb\":{\"@id\":\"https:\/\/shop.verlag.uni-potsdam.de\/en\/shop\/public-management-eine-neue-generation-in-wissenschaft-und-praxis\/#breadcrumb\"},\"inLanguage\":\"en-US\",\"potentialAction\":[{\"@type\":\"ReadAction\",\"target\":[[\"https:\/\/shop.verlag.uni-potsdam.de\/en\/shop\/public-management-eine-neue-generation-in-wissenschaft-und-praxis\/\"]]}]},{\"@type\":\"ImageObject\",\"inLanguage\":\"en-US\",\"@id\":\"https:\/\/shop.verlag.uni-potsdam.de\/en\/shop\/public-management-eine-neue-generation-in-wissenschaft-und-praxis\/#primaryimage\",\"url\":\"https:\/\/shop.verlag.uni-potsdam.de\/wp-content\/uploads\/asolmerce\/image-9783939469094.jpg\",\"contentUrl\":\"https:\/\/shop.verlag.uni-potsdam.de\/wp-content\/uploads\/asolmerce\/image-9783939469094.jpg\",\"width\":462,\"height\":640},{\"@type\":\"BreadcrumbList\",\"@id\":\"https:\/\/shop.verlag.uni-potsdam.de\/en\/shop\/public-management-eine-neue-generation-in-wissenschaft-und-praxis\/#breadcrumb\",\"itemListElement\":[{\"@type\":\"ListItem\",\"position\":1,\"name\":\"Startseite\",\"item\":\"https:\/\/shop.verlag.uni-potsdam.de\/en\/\"},{\"@type\":\"ListItem\",\"position\":2,\"name\":\"Shop\",\"item\":\"https:\/\/shop.verlag.uni-potsdam.de\/en\/shop\/\"},{\"@type\":\"ListItem\",\"position\":3,\"name\":\"Public Management &#8211; Eine neue Generation in Wissenschaft und Praxis\"}]},{\"@type\":\"WebSite\",\"@id\":\"https:\/\/shop.verlag.uni-potsdam.de\/en\/#website\",\"url\":\"https:\/\/shop.verlag.uni-potsdam.de\/en\/\",\"name\":\"Universit\u00e4tsverlag Potsdam\",\"description\":\"\",\"publisher\":{\"@id\":\"https:\/\/shop.verlag.uni-potsdam.de\/en\/#organization\"},\"potentialAction\":[{\"@type\":\"SearchAction\",\"target\":{\"@type\":\"EntryPoint\",\"urlTemplate\":\"https:\/\/shop.verlag.uni-potsdam.de\/en\/?s={search_term_string}\"},\"query-input\":{\"@type\":\"PropertyValueSpecification\",\"valueRequired\":true,\"valueName\":\"search_term_string\"}}],\"inLanguage\":\"en-US\"},{\"@type\":\"Organization\",\"@id\":\"https:\/\/shop.verlag.uni-potsdam.de\/en\/#organization\",\"name\":\"Universit\u00e4tsverlag Potsdam\",\"url\":\"https:\/\/shop.verlag.uni-potsdam.de\/en\/\",\"logo\":{\"@type\":\"ImageObject\",\"inLanguage\":\"en-US\",\"@id\":\"https:\/\/shop.verlag.uni-potsdam.de\/en\/#\/schema\/logo\/image\/\",\"url\":\"https:\/\/shop.verlag.uni-potsdam.de\/wp-content\/uploads\/2017\/04\/up_logo_university_2.png\",\"contentUrl\":\"https:\/\/shop.verlag.uni-potsdam.de\/wp-content\/uploads\/2017\/04\/up_logo_university_2.png\",\"width\":160,\"height\":172,\"caption\":\"Universit\u00e4tsverlag Potsdam\"},\"image\":{\"@id\":\"https:\/\/shop.verlag.uni-potsdam.de\/en\/#\/schema\/logo\/image\/\"}}]}<\/script>\n<!-- \/ Yoast SEO plugin. -->","yoast_head_json":{"title":"Public Management - Eine neue Generation in Wissenschaft und Praxis - Universit\u00e4tsverlag Potsdam","robots":{"index":"index","follow":"follow","max-snippet":"max-snippet:-1","max-image-preview":"max-image-preview:large","max-video-preview":"max-video-preview:-1"},"canonical":"https:\/\/shop.verlag.uni-potsdam.de\/en\/shop\/public-management-eine-neue-generation-in-wissenschaft-und-praxis\/","og_locale":"en_US","og_type":"article","og_title":"Public Management - Eine neue Generation in Wissenschaft und Praxis - Universit\u00e4tsverlag Potsdam","og_description":"Der vorliegende Band vereinigt Beitr\u00e4ge zu zentralen Bereichen des Public Managements. Dabei werden Fragestellungen und Herausforderungen f\u00fcr Wissenschaftler und Praktiker aufgezeigt, Entwicklungen im \u00f6ffentlichen Sektor empirisch nachgezeichnet und Problem- sowie Erfolgsfelder der Verwaltungsmodernisierung beleuchtet. Im Mittelpunkt steht dabei die Frage, wie ein modernes Management von \u00f6ffentlichen Dienstleistungen aussieht und aussehen kann. Die Autoren\/innen nehmen die Entwicklungen der letzten Jahre im \u00f6ffentlichen Sektor zum Anlass, ihre eigenen Forschungsarbeiten im Bereich eGovernment, Wissensmanagement, Nonprofit und Hochschulmanagement, Finanzmanagement sowie dem Management \u00f6ffentlicher Dienstleistungen zu pr\u00e4sentieren. Jeder dieser Beitr\u00e4ge ist das Resultat langj\u00e4hriger und empirischer Besch\u00e4ftigung mit dem Ph\u00e4nomenbereich des Public Management.","og_url":"https:\/\/shop.verlag.uni-potsdam.de\/en\/shop\/public-management-eine-neue-generation-in-wissenschaft-und-praxis\/","og_site_name":"Universit\u00e4tsverlag Potsdam","article_modified_time":"2026-03-23T10:54:24+00:00","og_image":[{"width":462,"height":640,"url":"https:\/\/shop.verlag.uni-potsdam.de\/wp-content\/uploads\/asolmerce\/image-9783939469094.jpg","type":"image\/jpeg"}],"twitter_card":"summary_large_image","twitter_misc":{"Est. reading time":"1 minute"},"schema":{"@context":"https:\/\/schema.org","@graph":[{"@type":"WebPage","@id":"https:\/\/shop.verlag.uni-potsdam.de\/en\/shop\/public-management-eine-neue-generation-in-wissenschaft-und-praxis\/","url":"https:\/\/shop.verlag.uni-potsdam.de\/en\/shop\/public-management-eine-neue-generation-in-wissenschaft-und-praxis\/","name":"Public Management - Eine neue Generation in Wissenschaft und Praxis - Universit\u00e4tsverlag Potsdam","isPartOf":{"@id":"https:\/\/shop.verlag.uni-potsdam.de\/en\/#website"},"primaryImageOfPage":{"@id":"https:\/\/shop.verlag.uni-potsdam.de\/en\/shop\/public-management-eine-neue-generation-in-wissenschaft-und-praxis\/#primaryimage"},"image":{"@id":"https:\/\/shop.verlag.uni-potsdam.de\/shop\/public-management-eine-neue-generation-in-wissenschaft-und-praxis\/#primaryimage"},"thumbnailUrl":"https:\/\/shop.verlag.uni-potsdam.de\/wp-content\/uploads\/asolmerce\/image-9783939469094.jpg","datePublished":"2026-03-23T08:53:24+00:00","dateModified":"2026-03-23T10:54:24+00:00","breadcrumb":{"@id":"https:\/\/shop.verlag.uni-potsdam.de\/en\/shop\/public-management-eine-neue-generation-in-wissenschaft-und-praxis\/#breadcrumb"},"inLanguage":"en-US","potentialAction":[{"@type":"ReadAction","target":[["https:\/\/shop.verlag.uni-potsdam.de\/en\/shop\/public-management-eine-neue-generation-in-wissenschaft-und-praxis\/"]]}]},{"@type":"ImageObject","inLanguage":"en-US","@id":"https:\/\/shop.verlag.uni-potsdam.de\/en\/shop\/public-management-eine-neue-generation-in-wissenschaft-und-praxis\/#primaryimage","url":"https:\/\/shop.verlag.uni-potsdam.de\/wp-content\/uploads\/asolmerce\/image-9783939469094.jpg","contentUrl":"https:\/\/shop.verlag.uni-potsdam.de\/wp-content\/uploads\/asolmerce\/image-9783939469094.jpg","width":462,"height":640},{"@type":"BreadcrumbList","@id":"https:\/\/shop.verlag.uni-potsdam.de\/en\/shop\/public-management-eine-neue-generation-in-wissenschaft-und-praxis\/#breadcrumb","itemListElement":[{"@type":"ListItem","position":1,"name":"Startseite","item":"https:\/\/shop.verlag.uni-potsdam.de\/en\/"},{"@type":"ListItem","position":2,"name":"Shop","item":"https:\/\/shop.verlag.uni-potsdam.de\/en\/shop\/"},{"@type":"ListItem","position":3,"name":"Public Management &#8211; Eine neue Generation in Wissenschaft und Praxis"}]},{"@type":"WebSite","@id":"https:\/\/shop.verlag.uni-potsdam.de\/en\/#website","url":"https:\/\/shop.verlag.uni-potsdam.de\/en\/","name":"Universit\u00e4tsverlag Potsdam","description":"","publisher":{"@id":"https:\/\/shop.verlag.uni-potsdam.de\/en\/#organization"},"potentialAction":[{"@type":"SearchAction","target":{"@type":"EntryPoint","urlTemplate":"https:\/\/shop.verlag.uni-potsdam.de\/en\/?s={search_term_string}"},"query-input":{"@type":"PropertyValueSpecification","valueRequired":true,"valueName":"search_term_string"}}],"inLanguage":"en-US"},{"@type":"Organization","@id":"https:\/\/shop.verlag.uni-potsdam.de\/en\/#organization","name":"Universit\u00e4tsverlag Potsdam","url":"https:\/\/shop.verlag.uni-potsdam.de\/en\/","logo":{"@type":"ImageObject","inLanguage":"en-US","@id":"https:\/\/shop.verlag.uni-potsdam.de\/en\/#\/schema\/logo\/image\/","url":"https:\/\/shop.verlag.uni-potsdam.de\/wp-content\/uploads\/2017\/04\/up_logo_university_2.png","contentUrl":"https:\/\/shop.verlag.uni-potsdam.de\/wp-content\/uploads\/2017\/04\/up_logo_university_2.png","width":160,"height":172,"caption":"Universit\u00e4tsverlag Potsdam"},"image":{"@id":"https:\/\/shop.verlag.uni-potsdam.de\/en\/#\/schema\/logo\/image\/"}}]}},"_links":{"self":[{"href":"https:\/\/shop.verlag.uni-potsdam.de\/en\/wp-json\/wp\/v2\/product\/51846","targetHints":{"allow":["GET"]}}],"collection":[{"href":"https:\/\/shop.verlag.uni-potsdam.de\/en\/wp-json\/wp\/v2\/product"}],"about":[{"href":"https:\/\/shop.verlag.uni-potsdam.de\/en\/wp-json\/wp\/v2\/types\/product"}],"wp:featuredmedia":[{"embeddable":true,"href":"https:\/\/shop.verlag.uni-potsdam.de\/en\/wp-json\/wp\/v2\/media\/53808"}],"wp:attachment":[{"href":"https:\/\/shop.verlag.uni-potsdam.de\/en\/wp-json\/wp\/v2\/media?parent=51846"}],"wp:term":[{"taxonomy":"product_brand","embeddable":true,"href":"https:\/\/shop.verlag.uni-potsdam.de\/en\/wp-json\/wp\/v2\/product_brand?post=51846"},{"taxonomy":"product_cat","embeddable":true,"href":"https:\/\/shop.verlag.uni-potsdam.de\/en\/wp-json\/wp\/v2\/product_cat?post=51846"},{"taxonomy":"product_tag","embeddable":true,"href":"https:\/\/shop.verlag.uni-potsdam.de\/en\/wp-json\/wp\/v2\/product_tag?post=51846"}],"curies":[{"name":"wp","href":"https:\/\/api.w.org\/{rel}","templated":true}]}}