{"id":51849,"date":"2026-04-21T13:45:40","date_gmt":"2026-04-21T13:45:40","guid":{"rendered":"http:\/\/shop.verlag.uni-potsdam.de\/produkt\/qualitaetsentwicklung-und-evaluation\/"},"modified":"2026-04-21T17:46:40","modified_gmt":"2026-04-21T15:46:40","slug":"qualitaetsentwicklung-und-evaluation-in-der-lehrerbildung","status":"publish","type":"product","link":"https:\/\/shop.verlag.uni-potsdam.de\/en\/shop\/qualitaetsentwicklung-und-evaluation-in-der-lehrerbildung\/","title":{"rendered":"Qualit\u00e4tsentwicklung und Evaluation in der Lehrerbildung"},"content":{"rendered":"<p class=\"qtranxs-available-languages-message qtranxs-available-languages-message-en\">Sorry, this entry is only available in <a href=\"https:\/\/shop.verlag.uni-potsdam.de\/de\/wp-json\/wp\/v2\/product\/51849\" class=\"qtranxs-available-language-link qtranxs-available-language-link-de\" title=\"Deutsch\">Deutsch<\/a>.<\/p><p>Die allgemein gestiegene Nachfrage nach empirischen Qualit\u00e4tsbeurteilungen von Bildungsaktivit\u00e4ten hat auch in der Lehrerbildung zahlreiche Forschungsaktivit\u00e4ten ausgel\u00f6st. Die zweite Phase der Lehrerbildung (sog. Vorbereitungsdienst bzw. Referendariat) &#8211; lange Zeit als der &#8220;vergessene Teil der Lehrerbildung&#8221; angesehen &#8211; ist dabei zunehmend ins Blickfeld geraten, nachdem sich der Fokus zun\u00e4chst eher auf die erste, universit\u00e4re Phase bezog. Die zweite Phase der Lehrerbildung dient vor allem dem Ziel, den angehenden Lehrerinnen und Lehrern Gelegenheit zu geben, professionsbezogene Handlungsroutinen aufzubauen, die sie in die Lage versetzen, im Alltag des Lehrberufs situationsangemessen zu arbeiten und zu reagieren. Aus diesem Anspruch ergeben sich verschiedene Qualit\u00e4tsanforderungen, die an die Lehrerausbildung und hier insbesondere die zweite Phase zu stellen sind. Der vorliegende Band versucht, sich der Frage der Qualit\u00e4t der Lehrerausbildung aus zwei Perspektiven zu n\u00e4hern: zum einen aus einer eher inhaltlich-analytischen und zum anderen aus einer eher methodologischen bzw. methodischen Perspektive. Bei der inhaltlich-analytischen Sichtweise geht es um Konzepte, Methoden, Themen und Dimensionen von Qualit\u00e4t, um unterschiedliche Zug\u00e4nge bei der Erforschung von Qualit\u00e4t in der Lehrerbildung, um den Praxistransfer von Evaluationsergebnissen und -nicht zuletzt &#8211; um Untersuchungsbefunde zu verschiedenen Qualit\u00e4tsbereichen, z.B. zu St\u00e4rken und Schw\u00e4chen des Vorbereitungsdienstes, zu Kompetenzen von Lehramtskandidatinnen und Lehramtskandidaten oder zur Ausbildungsqualit\u00e4t. Dar\u00fcber hinaus stellt sich die Frage nach der &#8220;probaten&#8221; (Evaluations-) Methodologie, die f\u00fcr die Erfassung und Beurteilung der genannten Qualit\u00e4tsparameter eingesetzt wird. Welche Qualit\u00e4tsaspekte sind f\u00fcr die entsprechenden Einsch\u00e4tzungen relevant und welche Reichweite haben Aussagen, die \u00fcber die Qualit\u00e4t des &#8220;Evaluandums zweite Ausbildungsphase&#8221; gemacht werden bzw. welchen Limitationen unterliegen diese? Beide Perspektiven des Bandes sollen dem \u00fcbergeordneten Ziel dienen, die Diskussion und den Erfahrungsaustausch zu Fragen der Qualit\u00e4t und Evaluation in der Lehrerbildung anzuregen und grundlegende Orientierungen und Hinweise f\u00fcr die Qualit\u00e4tssicherungs- und Evaluationsdebatte in der Lehrerbildung zu geben.<\/p>","protected":false},"excerpt":{"rendered":"<p class=\"qtranxs-available-languages-message qtranxs-available-languages-message-en\">Sorry, this entry is only available in <a href=\"https:\/\/shop.verlag.uni-potsdam.de\/de\/wp-json\/wp\/v2\/product\/51849\" class=\"qtranxs-available-language-link qtranxs-available-language-link-de\" title=\"Deutsch\">Deutsch<\/a>.<\/p>\n<p>Die allgemein gestiegene Nachfrage nach empirischen Qualit\u00e4tsbeurteilungen von Bildungsaktivit\u00e4ten hat auch in der Lehrerbildung zahlreiche Forschungsaktivit\u00e4ten ausgel\u00f6st. Die zweite Phase der Lehrerbildung (sog. Vorbereitungsdienst bzw. Referendariat) &#8211; lange Zeit als der &#8220;vergessene Teil der Lehrerbildung&#8221; angesehen &#8211; ist dabei zunehmend ins Blickfeld geraten, nachdem sich der Fokus zun\u00e4chst eher auf die erste, universit\u00e4re Phase bezog. Die zweite Phase der Lehrerbildung dient vor allem dem Ziel, den angehenden Lehrerinnen und Lehrern Gelegenheit zu geben, professionsbezogene Handlungsroutinen aufzubauen, die sie in die Lage versetzen, im Alltag des Lehrberufs situationsangemessen zu arbeiten und zu reagieren. Aus diesem Anspruch ergeben sich verschiedene Qualit\u00e4tsanforderungen, die an die Lehrerausbildung und hier insbesondere die zweite Phase zu stellen sind. Der vorliegende Band versucht, sich der Frage der Qualit\u00e4t der Lehrerausbildung aus zwei Perspektiven zu n\u00e4hern: zum einen aus einer eher inhaltlich-analytischen und zum anderen aus einer eher methodologischen bzw. methodischen Perspektive. Bei der inhaltlich-analytischen Sichtweise geht es um Konzepte, Methoden, Themen und Dimensionen von Qualit\u00e4t, um unterschiedliche Zug\u00e4nge bei der Erforschung von Qualit\u00e4t in der Lehrerbildung, um den Praxistransfer von Evaluationsergebnissen und -nicht zuletzt &#8211; um Untersuchungsbefunde zu verschiedenen Qualit\u00e4tsbereichen, z.B. zu St\u00e4rken und Schw\u00e4chen des Vorbereitungsdienstes, zu Kompetenzen von Lehramtskandidatinnen und Lehramtskandidaten oder zur Ausbildungsqualit\u00e4t. Dar\u00fcber hinaus stellt sich die Frage nach der &#8220;probaten&#8221; (Evaluations-) Methodologie, die f\u00fcr die Erfassung und Beurteilung der genannten Qualit\u00e4tsparameter eingesetzt wird. Welche Qualit\u00e4tsaspekte sind f\u00fcr die entsprechenden Einsch\u00e4tzungen relevant und welche Reichweite haben Aussagen, die \u00fcber die Qualit\u00e4t des &#8220;Evaluandums zweite Ausbildungsphase&#8221; gemacht werden bzw. welchen Limitationen unterliegen diese? Beide Perspektiven des Bandes sollen dem \u00fcbergeordneten Ziel dienen, die Diskussion und den Erfahrungsaustausch zu Fragen der Qualit\u00e4t und Evaluation in der Lehrerbildung anzuregen und grundlegende Orientierungen und Hinweise f\u00fcr die Qualit\u00e4tssicherungs- und Evaluationsdebatte in der Lehrerbildung zu geben.<\/p>\n","protected":false},"featured_media":53763,"template":"","meta":{"_acf_changed":false},"product_brand":[],"product_cat":[6166,6220],"product_tag":[5666],"class_list":{"0":"post-51849","1":"product","2":"type-product","3":"status-publish","4":"has-post-thumbnail","6":"product_cat-sozialwissenschaften-web-kategorie","7":"product_cat-paedagogik-web-kategorie","8":"product_tag-brandenburg-evaluation-lehrerbildung-qualitaetssicherung-referendariat","9":"autor-philipp-pohlenz","10":"autor-wilfried-schubarth","11":"edition-restexemplare","13":"first","14":"instock","15":"shipping-taxable","16":"purchasable","17":"product-type-simple"},"acf":[],"yoast_head":"<!-- This site is optimized with the Yoast SEO plugin v27.1.1 - https:\/\/yoast.com\/product\/yoast-seo-wordpress\/ -->\n<title>Qualit\u00e4tsentwicklung und Evaluation in der Lehrerbildung - Universit\u00e4tsverlag Potsdam<\/title>\n<meta name=\"robots\" content=\"index, follow, max-snippet:-1, max-image-preview:large, max-video-preview:-1\" \/>\n<link rel=\"canonical\" href=\"https:\/\/shop.verlag.uni-potsdam.de\/en\/shop\/qualitaetsentwicklung-und-evaluation-in-der-lehrerbildung\/\" \/>\n<meta property=\"og:locale\" content=\"en_US\" \/>\n<meta property=\"og:type\" content=\"article\" \/>\n<meta property=\"og:title\" content=\"Qualit\u00e4tsentwicklung und Evaluation in der Lehrerbildung - Universit\u00e4tsverlag Potsdam\" \/>\n<meta property=\"og:description\" content=\"Die allgemein gestiegene Nachfrage nach empirischen Qualit\u00e4tsbeurteilungen von Bildungsaktivit\u00e4ten hat auch in der Lehrerbildung zahlreiche Forschungsaktivit\u00e4ten ausgel\u00f6st. Die zweite Phase der Lehrerbildung (sog. Vorbereitungsdienst bzw. Referendariat) - lange Zeit als der &quot;vergessene Teil der Lehrerbildung&quot; angesehen - ist dabei zunehmend ins Blickfeld geraten, nachdem sich der Fokus zun\u00e4chst eher auf die erste, universit\u00e4re Phase bezog. Die zweite Phase der Lehrerbildung dient vor allem dem Ziel, den angehenden Lehrerinnen und Lehrern Gelegenheit zu geben, professionsbezogene Handlungsroutinen aufzubauen, die sie in die Lage versetzen, im Alltag des Lehrberufs situationsangemessen zu arbeiten und zu reagieren. Aus diesem Anspruch ergeben sich verschiedene Qualit\u00e4tsanforderungen, die an die Lehrerausbildung und hier insbesondere die zweite Phase zu stellen sind. Der vorliegende Band versucht, sich der Frage der Qualit\u00e4t der Lehrerausbildung aus zwei Perspektiven zu n\u00e4hern: zum einen aus einer eher inhaltlich-analytischen und zum anderen aus einer eher methodologischen bzw. methodischen Perspektive. Bei der inhaltlich-analytischen Sichtweise geht es um Konzepte, Methoden, Themen und Dimensionen von Qualit\u00e4t, um unterschiedliche Zug\u00e4nge bei der Erforschung von Qualit\u00e4t in der Lehrerbildung, um den Praxistransfer von Evaluationsergebnissen und -nicht zuletzt - um Untersuchungsbefunde zu verschiedenen Qualit\u00e4tsbereichen, z.B. zu St\u00e4rken und Schw\u00e4chen des Vorbereitungsdienstes, zu Kompetenzen von Lehramtskandidatinnen und Lehramtskandidaten oder zur Ausbildungsqualit\u00e4t. Dar\u00fcber hinaus stellt sich die Frage nach der &quot;probaten&quot; (Evaluations-) Methodologie, die f\u00fcr die Erfassung und Beurteilung der genannten Qualit\u00e4tsparameter eingesetzt wird. Welche Qualit\u00e4tsaspekte sind f\u00fcr die entsprechenden Einsch\u00e4tzungen relevant und welche Reichweite haben Aussagen, die \u00fcber die Qualit\u00e4t des &quot;Evaluandums zweite Ausbildungsphase&quot; gemacht werden bzw. welchen Limitationen unterliegen diese? Beide Perspektiven des Bandes sollen dem \u00fcbergeordneten Ziel dienen, die Diskussion und den Erfahrungsaustausch zu Fragen der Qualit\u00e4t und Evaluation in der Lehrerbildung anzuregen und grundlegende Orientierungen und Hinweise f\u00fcr die Qualit\u00e4tssicherungs- und Evaluationsdebatte in der Lehrerbildung zu geben.\" \/>\n<meta property=\"og:url\" content=\"https:\/\/shop.verlag.uni-potsdam.de\/en\/shop\/qualitaetsentwicklung-und-evaluation-in-der-lehrerbildung\/\" \/>\n<meta property=\"og:site_name\" content=\"Universit\u00e4tsverlag Potsdam\" \/>\n<meta property=\"article:modified_time\" content=\"2026-04-21T15:46:40+00:00\" \/>\n<meta property=\"og:image\" content=\"https:\/\/shop.verlag.uni-potsdam.de\/wp-content\/uploads\/asolmerce\/image-9783937786087.jpg\" \/>\n\t<meta property=\"og:image:width\" content=\"451\" \/>\n\t<meta property=\"og:image:height\" content=\"640\" \/>\n\t<meta property=\"og:image:type\" content=\"image\/jpeg\" \/>\n<meta name=\"twitter:card\" content=\"summary_large_image\" \/>\n<meta name=\"twitter:label1\" content=\"Est. reading time\" \/>\n\t<meta name=\"twitter:data1\" content=\"2 minutes\" \/>\n<script type=\"application\/ld+json\" class=\"yoast-schema-graph\">{\"@context\":\"https:\/\/schema.org\",\"@graph\":[{\"@type\":\"WebPage\",\"@id\":\"https:\/\/shop.verlag.uni-potsdam.de\/en\/shop\/qualitaetsentwicklung-und-evaluation-in-der-lehrerbildung\/\",\"url\":\"https:\/\/shop.verlag.uni-potsdam.de\/en\/shop\/qualitaetsentwicklung-und-evaluation-in-der-lehrerbildung\/\",\"name\":\"Qualit\u00e4tsentwicklung und Evaluation in der Lehrerbildung - Universit\u00e4tsverlag Potsdam\",\"isPartOf\":{\"@id\":\"https:\/\/shop.verlag.uni-potsdam.de\/en\/#website\"},\"primaryImageOfPage\":{\"@id\":\"https:\/\/shop.verlag.uni-potsdam.de\/en\/shop\/qualitaetsentwicklung-und-evaluation-in-der-lehrerbildung\/#primaryimage\"},\"image\":{\"@id\":\"https:\/\/shop.verlag.uni-potsdam.de\/shop\/qualitaetsentwicklung-und-evaluation-in-der-lehrerbildung\/#primaryimage\"},\"thumbnailUrl\":\"https:\/\/shop.verlag.uni-potsdam.de\/wp-content\/uploads\/asolmerce\/image-9783937786087.jpg\",\"datePublished\":\"2026-04-21T13:45:40+00:00\",\"dateModified\":\"2026-04-21T15:46:40+00:00\",\"breadcrumb\":{\"@id\":\"https:\/\/shop.verlag.uni-potsdam.de\/en\/shop\/qualitaetsentwicklung-und-evaluation-in-der-lehrerbildung\/#breadcrumb\"},\"inLanguage\":\"en-US\",\"potentialAction\":[{\"@type\":\"ReadAction\",\"target\":[[\"https:\/\/shop.verlag.uni-potsdam.de\/en\/shop\/qualitaetsentwicklung-und-evaluation-in-der-lehrerbildung\/\"]]}]},{\"@type\":\"ImageObject\",\"inLanguage\":\"en-US\",\"@id\":\"https:\/\/shop.verlag.uni-potsdam.de\/en\/shop\/qualitaetsentwicklung-und-evaluation-in-der-lehrerbildung\/#primaryimage\",\"url\":\"https:\/\/shop.verlag.uni-potsdam.de\/wp-content\/uploads\/asolmerce\/image-9783937786087.jpg\",\"contentUrl\":\"https:\/\/shop.verlag.uni-potsdam.de\/wp-content\/uploads\/asolmerce\/image-9783937786087.jpg\",\"width\":451,\"height\":640},{\"@type\":\"BreadcrumbList\",\"@id\":\"https:\/\/shop.verlag.uni-potsdam.de\/en\/shop\/qualitaetsentwicklung-und-evaluation-in-der-lehrerbildung\/#breadcrumb\",\"itemListElement\":[{\"@type\":\"ListItem\",\"position\":1,\"name\":\"Startseite\",\"item\":\"https:\/\/shop.verlag.uni-potsdam.de\/en\/\"},{\"@type\":\"ListItem\",\"position\":2,\"name\":\"Shop\",\"item\":\"https:\/\/shop.verlag.uni-potsdam.de\/en\/shop\/\"},{\"@type\":\"ListItem\",\"position\":3,\"name\":\"Qualit\u00e4tsentwicklung und Evaluation in der Lehrerbildung\"}]},{\"@type\":\"WebSite\",\"@id\":\"https:\/\/shop.verlag.uni-potsdam.de\/en\/#website\",\"url\":\"https:\/\/shop.verlag.uni-potsdam.de\/en\/\",\"name\":\"Universit\u00e4tsverlag Potsdam\",\"description\":\"\",\"publisher\":{\"@id\":\"https:\/\/shop.verlag.uni-potsdam.de\/en\/#organization\"},\"potentialAction\":[{\"@type\":\"SearchAction\",\"target\":{\"@type\":\"EntryPoint\",\"urlTemplate\":\"https:\/\/shop.verlag.uni-potsdam.de\/en\/?s={search_term_string}\"},\"query-input\":{\"@type\":\"PropertyValueSpecification\",\"valueRequired\":true,\"valueName\":\"search_term_string\"}}],\"inLanguage\":\"en-US\"},{\"@type\":\"Organization\",\"@id\":\"https:\/\/shop.verlag.uni-potsdam.de\/en\/#organization\",\"name\":\"Universit\u00e4tsverlag Potsdam\",\"url\":\"https:\/\/shop.verlag.uni-potsdam.de\/en\/\",\"logo\":{\"@type\":\"ImageObject\",\"inLanguage\":\"en-US\",\"@id\":\"https:\/\/shop.verlag.uni-potsdam.de\/en\/#\/schema\/logo\/image\/\",\"url\":\"https:\/\/shop.verlag.uni-potsdam.de\/wp-content\/uploads\/2017\/04\/up_logo_university_2.png\",\"contentUrl\":\"https:\/\/shop.verlag.uni-potsdam.de\/wp-content\/uploads\/2017\/04\/up_logo_university_2.png\",\"width\":160,\"height\":172,\"caption\":\"Universit\u00e4tsverlag Potsdam\"},\"image\":{\"@id\":\"https:\/\/shop.verlag.uni-potsdam.de\/en\/#\/schema\/logo\/image\/\"}}]}<\/script>\n<!-- \/ Yoast SEO plugin. -->","yoast_head_json":{"title":"Qualit\u00e4tsentwicklung und Evaluation in der Lehrerbildung - Universit\u00e4tsverlag Potsdam","robots":{"index":"index","follow":"follow","max-snippet":"max-snippet:-1","max-image-preview":"max-image-preview:large","max-video-preview":"max-video-preview:-1"},"canonical":"https:\/\/shop.verlag.uni-potsdam.de\/en\/shop\/qualitaetsentwicklung-und-evaluation-in-der-lehrerbildung\/","og_locale":"en_US","og_type":"article","og_title":"Qualit\u00e4tsentwicklung und Evaluation in der Lehrerbildung - Universit\u00e4tsverlag Potsdam","og_description":"Die allgemein gestiegene Nachfrage nach empirischen Qualit\u00e4tsbeurteilungen von Bildungsaktivit\u00e4ten hat auch in der Lehrerbildung zahlreiche Forschungsaktivit\u00e4ten ausgel\u00f6st. Die zweite Phase der Lehrerbildung (sog. Vorbereitungsdienst bzw. Referendariat) - lange Zeit als der \"vergessene Teil der Lehrerbildung\" angesehen - ist dabei zunehmend ins Blickfeld geraten, nachdem sich der Fokus zun\u00e4chst eher auf die erste, universit\u00e4re Phase bezog. Die zweite Phase der Lehrerbildung dient vor allem dem Ziel, den angehenden Lehrerinnen und Lehrern Gelegenheit zu geben, professionsbezogene Handlungsroutinen aufzubauen, die sie in die Lage versetzen, im Alltag des Lehrberufs situationsangemessen zu arbeiten und zu reagieren. Aus diesem Anspruch ergeben sich verschiedene Qualit\u00e4tsanforderungen, die an die Lehrerausbildung und hier insbesondere die zweite Phase zu stellen sind. Der vorliegende Band versucht, sich der Frage der Qualit\u00e4t der Lehrerausbildung aus zwei Perspektiven zu n\u00e4hern: zum einen aus einer eher inhaltlich-analytischen und zum anderen aus einer eher methodologischen bzw. methodischen Perspektive. Bei der inhaltlich-analytischen Sichtweise geht es um Konzepte, Methoden, Themen und Dimensionen von Qualit\u00e4t, um unterschiedliche Zug\u00e4nge bei der Erforschung von Qualit\u00e4t in der Lehrerbildung, um den Praxistransfer von Evaluationsergebnissen und -nicht zuletzt - um Untersuchungsbefunde zu verschiedenen Qualit\u00e4tsbereichen, z.B. zu St\u00e4rken und Schw\u00e4chen des Vorbereitungsdienstes, zu Kompetenzen von Lehramtskandidatinnen und Lehramtskandidaten oder zur Ausbildungsqualit\u00e4t. Dar\u00fcber hinaus stellt sich die Frage nach der \"probaten\" (Evaluations-) Methodologie, die f\u00fcr die Erfassung und Beurteilung der genannten Qualit\u00e4tsparameter eingesetzt wird. Welche Qualit\u00e4tsaspekte sind f\u00fcr die entsprechenden Einsch\u00e4tzungen relevant und welche Reichweite haben Aussagen, die \u00fcber die Qualit\u00e4t des \"Evaluandums zweite Ausbildungsphase\" gemacht werden bzw. welchen Limitationen unterliegen diese? Beide Perspektiven des Bandes sollen dem \u00fcbergeordneten Ziel dienen, die Diskussion und den Erfahrungsaustausch zu Fragen der Qualit\u00e4t und Evaluation in der Lehrerbildung anzuregen und grundlegende Orientierungen und Hinweise f\u00fcr die Qualit\u00e4tssicherungs- und Evaluationsdebatte in der Lehrerbildung zu geben.","og_url":"https:\/\/shop.verlag.uni-potsdam.de\/en\/shop\/qualitaetsentwicklung-und-evaluation-in-der-lehrerbildung\/","og_site_name":"Universit\u00e4tsverlag Potsdam","article_modified_time":"2026-04-21T15:46:40+00:00","og_image":[{"width":451,"height":640,"url":"https:\/\/shop.verlag.uni-potsdam.de\/wp-content\/uploads\/asolmerce\/image-9783937786087.jpg","type":"image\/jpeg"}],"twitter_card":"summary_large_image","twitter_misc":{"Est. reading time":"2 minutes"},"schema":{"@context":"https:\/\/schema.org","@graph":[{"@type":"WebPage","@id":"https:\/\/shop.verlag.uni-potsdam.de\/en\/shop\/qualitaetsentwicklung-und-evaluation-in-der-lehrerbildung\/","url":"https:\/\/shop.verlag.uni-potsdam.de\/en\/shop\/qualitaetsentwicklung-und-evaluation-in-der-lehrerbildung\/","name":"Qualit\u00e4tsentwicklung und Evaluation in der Lehrerbildung - Universit\u00e4tsverlag Potsdam","isPartOf":{"@id":"https:\/\/shop.verlag.uni-potsdam.de\/en\/#website"},"primaryImageOfPage":{"@id":"https:\/\/shop.verlag.uni-potsdam.de\/en\/shop\/qualitaetsentwicklung-und-evaluation-in-der-lehrerbildung\/#primaryimage"},"image":{"@id":"https:\/\/shop.verlag.uni-potsdam.de\/shop\/qualitaetsentwicklung-und-evaluation-in-der-lehrerbildung\/#primaryimage"},"thumbnailUrl":"https:\/\/shop.verlag.uni-potsdam.de\/wp-content\/uploads\/asolmerce\/image-9783937786087.jpg","datePublished":"2026-04-21T13:45:40+00:00","dateModified":"2026-04-21T15:46:40+00:00","breadcrumb":{"@id":"https:\/\/shop.verlag.uni-potsdam.de\/en\/shop\/qualitaetsentwicklung-und-evaluation-in-der-lehrerbildung\/#breadcrumb"},"inLanguage":"en-US","potentialAction":[{"@type":"ReadAction","target":[["https:\/\/shop.verlag.uni-potsdam.de\/en\/shop\/qualitaetsentwicklung-und-evaluation-in-der-lehrerbildung\/"]]}]},{"@type":"ImageObject","inLanguage":"en-US","@id":"https:\/\/shop.verlag.uni-potsdam.de\/en\/shop\/qualitaetsentwicklung-und-evaluation-in-der-lehrerbildung\/#primaryimage","url":"https:\/\/shop.verlag.uni-potsdam.de\/wp-content\/uploads\/asolmerce\/image-9783937786087.jpg","contentUrl":"https:\/\/shop.verlag.uni-potsdam.de\/wp-content\/uploads\/asolmerce\/image-9783937786087.jpg","width":451,"height":640},{"@type":"BreadcrumbList","@id":"https:\/\/shop.verlag.uni-potsdam.de\/en\/shop\/qualitaetsentwicklung-und-evaluation-in-der-lehrerbildung\/#breadcrumb","itemListElement":[{"@type":"ListItem","position":1,"name":"Startseite","item":"https:\/\/shop.verlag.uni-potsdam.de\/en\/"},{"@type":"ListItem","position":2,"name":"Shop","item":"https:\/\/shop.verlag.uni-potsdam.de\/en\/shop\/"},{"@type":"ListItem","position":3,"name":"Qualit\u00e4tsentwicklung und Evaluation in der Lehrerbildung"}]},{"@type":"WebSite","@id":"https:\/\/shop.verlag.uni-potsdam.de\/en\/#website","url":"https:\/\/shop.verlag.uni-potsdam.de\/en\/","name":"Universit\u00e4tsverlag Potsdam","description":"","publisher":{"@id":"https:\/\/shop.verlag.uni-potsdam.de\/en\/#organization"},"potentialAction":[{"@type":"SearchAction","target":{"@type":"EntryPoint","urlTemplate":"https:\/\/shop.verlag.uni-potsdam.de\/en\/?s={search_term_string}"},"query-input":{"@type":"PropertyValueSpecification","valueRequired":true,"valueName":"search_term_string"}}],"inLanguage":"en-US"},{"@type":"Organization","@id":"https:\/\/shop.verlag.uni-potsdam.de\/en\/#organization","name":"Universit\u00e4tsverlag Potsdam","url":"https:\/\/shop.verlag.uni-potsdam.de\/en\/","logo":{"@type":"ImageObject","inLanguage":"en-US","@id":"https:\/\/shop.verlag.uni-potsdam.de\/en\/#\/schema\/logo\/image\/","url":"https:\/\/shop.verlag.uni-potsdam.de\/wp-content\/uploads\/2017\/04\/up_logo_university_2.png","contentUrl":"https:\/\/shop.verlag.uni-potsdam.de\/wp-content\/uploads\/2017\/04\/up_logo_university_2.png","width":160,"height":172,"caption":"Universit\u00e4tsverlag Potsdam"},"image":{"@id":"https:\/\/shop.verlag.uni-potsdam.de\/en\/#\/schema\/logo\/image\/"}}]}},"_links":{"self":[{"href":"https:\/\/shop.verlag.uni-potsdam.de\/en\/wp-json\/wp\/v2\/product\/51849","targetHints":{"allow":["GET"]}}],"collection":[{"href":"https:\/\/shop.verlag.uni-potsdam.de\/en\/wp-json\/wp\/v2\/product"}],"about":[{"href":"https:\/\/shop.verlag.uni-potsdam.de\/en\/wp-json\/wp\/v2\/types\/product"}],"wp:featuredmedia":[{"embeddable":true,"href":"https:\/\/shop.verlag.uni-potsdam.de\/en\/wp-json\/wp\/v2\/media\/53763"}],"wp:attachment":[{"href":"https:\/\/shop.verlag.uni-potsdam.de\/en\/wp-json\/wp\/v2\/media?parent=51849"}],"wp:term":[{"taxonomy":"product_brand","embeddable":true,"href":"https:\/\/shop.verlag.uni-potsdam.de\/en\/wp-json\/wp\/v2\/product_brand?post=51849"},{"taxonomy":"product_cat","embeddable":true,"href":"https:\/\/shop.verlag.uni-potsdam.de\/en\/wp-json\/wp\/v2\/product_cat?post=51849"},{"taxonomy":"product_tag","embeddable":true,"href":"https:\/\/shop.verlag.uni-potsdam.de\/en\/wp-json\/wp\/v2\/product_tag?post=51849"}],"curies":[{"name":"wp","href":"https:\/\/api.w.org\/{rel}","templated":true}]}}