{"id":51853,"date":"2026-03-23T08:53:05","date_gmt":"2026-03-23T08:53:05","guid":{"rendered":"http:\/\/shop.verlag.uni-potsdam.de\/produkt\/ethik-integritaet-und-korruption\/"},"modified":"2026-03-23T11:54:05","modified_gmt":"2026-03-23T10:54:05","slug":"ethik-integritaet-und-korruption-neue-herausforderungen-im-sich-wandelnden-oeffentlichen-sektor","status":"publish","type":"product","link":"https:\/\/shop.verlag.uni-potsdam.de\/en\/shop\/ethik-integritaet-und-korruption-neue-herausforderungen-im-sich-wandelnden-oeffentlichen-sektor\/","title":{"rendered":"Ethik, Integrit\u00e4t und Korruption &#8211; Neue Herausforderungen im sich wandelnden \u00f6ffentlichen Sektor?"},"content":{"rendered":"<p class=\"qtranxs-available-languages-message qtranxs-available-languages-message-en\">Sorry, this entry is only available in <a href=\"https:\/\/shop.verlag.uni-potsdam.de\/de\/wp-json\/wp\/v2\/product\/51853\" class=\"qtranxs-available-language-link qtranxs-available-language-link-de\" title=\"Deutsch\">Deutsch<\/a>.<\/p><p><\/p>\n<div>Im \u00f6ffentlichen Sektor hat, wie wir wissen, in den letzten 10 &#8211; 20 Jahren ein erheblicher Wandel stattgefunden. Die staatlichen Strukturen haben sich immer mehr ausdifferenziert und \u00f6ffentliche Leistungen werden in sehr unterschiedlichen Erledigungsformen erbracht. Ein beachtlicher Teil der Leistungen ist auf private Dritte ausgelagert oder ganz privatisiert worden. Zudem haben sich verschiedene Muster von \u00f6ffentlich-privaten Kooperationen herausgebildet. Verwaltungen und \u00f6ffentliche Unternehmen wurden unter verst\u00e4rkten Leistungsdruck und Wettbewerb gesetzt. All das f\u00fchrte zu einer weithin wahrnehmbaren \u00d6konomisierung und \u201eManagerialisierung\u201c des \u00f6ffentlichen Sektors, die verst\u00e4ndlicherweise auch Werte und Verhaltensweisen der \u00f6ffentlich Besch\u00e4ftigten beeinflusst hat. Daraus ergeben sich ohne Zweifel erhebliche Konsequenzen f\u00fcr die Integrit\u00e4t der Akteure im \u00f6ffentlichen Sektor sowie f\u00fcr deren Korruptionsanf\u00e4lligkeit. <\/div>\n<div>Das Buch f\u00fchrt wesentliche Argumentationsstr\u00e4nge und Praxiserfahrungen zum Thema \u201eEthik, Integrit\u00e4t und Korruption im \u00f6ffentlichen Sektor\u201c aus dem Blickwinkel der sich wandelnden Rahmenbedingungen und Strukturfaktoren zusammen.<\/div>\n<p><\/p>","protected":false},"excerpt":{"rendered":"<p class=\"qtranxs-available-languages-message qtranxs-available-languages-message-en\">Sorry, this entry is only available in <a href=\"https:\/\/shop.verlag.uni-potsdam.de\/de\/wp-json\/wp\/v2\/product\/51853\" class=\"qtranxs-available-language-link qtranxs-available-language-link-de\" title=\"Deutsch\">Deutsch<\/a>.<\/p>\n<div>Im \u00f6ffentlichen Sektor hat, wie wir wissen, in den letzten 10 &#8211; 20 Jahren ein erheblicher Wandel stattgefunden. Die staatlichen Strukturen haben sich immer mehr ausdifferenziert und \u00f6ffentliche Leistungen werden in sehr unterschiedlichen Erledigungsformen erbracht. Ein beachtlicher Teil der Leistungen ist auf private Dritte ausgelagert oder ganz privatisiert worden. Zudem haben sich verschiedene Muster von \u00f6ffentlich-privaten Kooperationen herausgebildet. Verwaltungen und \u00f6ffentliche Unternehmen wurden unter verst\u00e4rkten Leistungsdruck und Wettbewerb gesetzt. All das f\u00fchrte zu einer weithin wahrnehmbaren \u00d6konomisierung und \u201eManagerialisierung\u201c des \u00f6ffentlichen Sektors, die verst\u00e4ndlicherweise auch Werte und Verhaltensweisen der \u00f6ffentlich Besch\u00e4ftigten beeinflusst hat. Daraus ergeben sich ohne Zweifel erhebliche Konsequenzen f\u00fcr die Integrit\u00e4t der Akteure im \u00f6ffentlichen Sektor sowie f\u00fcr deren Korruptionsanf\u00e4lligkeit. <\/div>\n<div>Das Buch f\u00fchrt wesentliche Argumentationsstr\u00e4nge und Praxiserfahrungen zum Thema \u201eEthik, Integrit\u00e4t und Korruption im \u00f6ffentlichen Sektor\u201c aus dem Blickwinkel der sich wandelnden Rahmenbedingungen und Strukturfaktoren zusammen.<\/div>\n","protected":false},"featured_media":53715,"template":"","meta":{"_acf_changed":false},"product_brand":[],"product_cat":[6223],"product_tag":[5943],"class_list":{"0":"post-51853","1":"product","2":"type-product","3":"status-publish","4":"has-post-thumbnail","6":"product_cat-politikwissenschaft-web-kategorie","7":"product_tag-korruptionsrisiken-managerialisierung-verwaltungsreform-oeffentliche-verwaltung","8":"autor-christoph-reichard","9":"autor-patrick-von-maravic","11":"first","12":"instock","13":"shipping-taxable","14":"purchasable","15":"product-type-simple"},"acf":[],"yoast_head":"<!-- This site is optimized with the Yoast SEO plugin v27.1.1 - https:\/\/yoast.com\/product\/yoast-seo-wordpress\/ -->\n<title>Ethik, Integrit\u00e4t und Korruption - Neue Herausforderungen im sich wandelnden \u00f6ffentlichen Sektor? - Universit\u00e4tsverlag Potsdam<\/title>\n<meta name=\"robots\" content=\"index, follow, max-snippet:-1, max-image-preview:large, max-video-preview:-1\" \/>\n<link rel=\"canonical\" href=\"https:\/\/shop.verlag.uni-potsdam.de\/en\/shop\/ethik-integritaet-und-korruption-neue-herausforderungen-im-sich-wandelnden-oeffentlichen-sektor\/\" \/>\n<meta property=\"og:locale\" content=\"en_US\" \/>\n<meta property=\"og:type\" content=\"article\" \/>\n<meta property=\"og:title\" content=\"Ethik, Integrit\u00e4t und Korruption - Neue Herausforderungen im sich wandelnden \u00f6ffentlichen Sektor? - Universit\u00e4tsverlag Potsdam\" \/>\n<meta property=\"og:description\" content=\"Im \u00f6ffentlichen Sektor hat, wie wir wissen, in den letzten 10 - 20 Jahren ein erheblicher Wandel stattgefunden. Die staatlichen Strukturen haben sich immer mehr ausdifferenziert und \u00f6ffentliche Leistungen werden in sehr unterschiedlichen Erledigungsformen erbracht. Ein beachtlicher Teil der Leistungen ist auf private Dritte ausgelagert oder ganz privatisiert worden. Zudem haben sich verschiedene Muster von \u00f6ffentlich-privaten Kooperationen herausgebildet. Verwaltungen und \u00f6ffentliche Unternehmen wurden unter verst\u00e4rkten Leistungsdruck und Wettbewerb gesetzt. All das f\u00fchrte zu einer weithin wahrnehmbaren \u00d6konomisierung und \u201eManagerialisierung\u201c des \u00f6ffentlichen Sektors, die verst\u00e4ndlicherweise auch Werte und Verhaltensweisen der \u00f6ffentlich Besch\u00e4ftigten beeinflusst hat. Daraus ergeben sich ohne Zweifel erhebliche Konsequenzen f\u00fcr die Integrit\u00e4t der Akteure im \u00f6ffentlichen Sektor sowie f\u00fcr deren Korruptionsanf\u00e4lligkeit. Das Buch f\u00fchrt wesentliche Argumentationsstr\u00e4nge und Praxiserfahrungen zum Thema \u201eEthik, Integrit\u00e4t und Korruption im \u00f6ffentlichen Sektor\u201c aus dem Blickwinkel der sich wandelnden Rahmenbedingungen und Strukturfaktoren zusammen.\" \/>\n<meta property=\"og:url\" content=\"https:\/\/shop.verlag.uni-potsdam.de\/en\/shop\/ethik-integritaet-und-korruption-neue-herausforderungen-im-sich-wandelnden-oeffentlichen-sektor\/\" \/>\n<meta property=\"og:site_name\" content=\"Universit\u00e4tsverlag Potsdam\" \/>\n<meta property=\"article:modified_time\" content=\"2026-03-23T10:54:05+00:00\" \/>\n<meta property=\"og:image\" content=\"https:\/\/shop.verlag.uni-potsdam.de\/wp-content\/uploads\/asolmerce\/image-9783937786575.jpg\" \/>\n\t<meta property=\"og:image:width\" content=\"442\" \/>\n\t<meta property=\"og:image:height\" content=\"640\" \/>\n\t<meta property=\"og:image:type\" content=\"image\/jpeg\" \/>\n<meta name=\"twitter:card\" content=\"summary_large_image\" \/>\n<meta name=\"twitter:label1\" content=\"Est. reading time\" \/>\n\t<meta name=\"twitter:data1\" content=\"1 minute\" \/>\n<script type=\"application\/ld+json\" class=\"yoast-schema-graph\">{\"@context\":\"https:\/\/schema.org\",\"@graph\":[{\"@type\":\"WebPage\",\"@id\":\"https:\/\/shop.verlag.uni-potsdam.de\/en\/shop\/ethik-integritaet-und-korruption-neue-herausforderungen-im-sich-wandelnden-oeffentlichen-sektor\/\",\"url\":\"https:\/\/shop.verlag.uni-potsdam.de\/en\/shop\/ethik-integritaet-und-korruption-neue-herausforderungen-im-sich-wandelnden-oeffentlichen-sektor\/\",\"name\":\"Ethik, Integrit\u00e4t und Korruption - Neue Herausforderungen im sich wandelnden \u00f6ffentlichen Sektor? - Universit\u00e4tsverlag Potsdam\",\"isPartOf\":{\"@id\":\"https:\/\/shop.verlag.uni-potsdam.de\/en\/#website\"},\"primaryImageOfPage\":{\"@id\":\"https:\/\/shop.verlag.uni-potsdam.de\/en\/shop\/ethik-integritaet-und-korruption-neue-herausforderungen-im-sich-wandelnden-oeffentlichen-sektor\/#primaryimage\"},\"image\":{\"@id\":\"https:\/\/shop.verlag.uni-potsdam.de\/shop\/ethik-integritaet-und-korruption-neue-herausforderungen-im-sich-wandelnden-oeffentlichen-sektor\/#primaryimage\"},\"thumbnailUrl\":\"https:\/\/shop.verlag.uni-potsdam.de\/wp-content\/uploads\/asolmerce\/image-9783937786575.jpg\",\"datePublished\":\"2026-03-23T08:53:05+00:00\",\"dateModified\":\"2026-03-23T10:54:05+00:00\",\"breadcrumb\":{\"@id\":\"https:\/\/shop.verlag.uni-potsdam.de\/en\/shop\/ethik-integritaet-und-korruption-neue-herausforderungen-im-sich-wandelnden-oeffentlichen-sektor\/#breadcrumb\"},\"inLanguage\":\"en-US\",\"potentialAction\":[{\"@type\":\"ReadAction\",\"target\":[[\"https:\/\/shop.verlag.uni-potsdam.de\/en\/shop\/ethik-integritaet-und-korruption-neue-herausforderungen-im-sich-wandelnden-oeffentlichen-sektor\/\"]]}]},{\"@type\":\"ImageObject\",\"inLanguage\":\"en-US\",\"@id\":\"https:\/\/shop.verlag.uni-potsdam.de\/en\/shop\/ethik-integritaet-und-korruption-neue-herausforderungen-im-sich-wandelnden-oeffentlichen-sektor\/#primaryimage\",\"url\":\"https:\/\/shop.verlag.uni-potsdam.de\/wp-content\/uploads\/asolmerce\/image-9783937786575.jpg\",\"contentUrl\":\"https:\/\/shop.verlag.uni-potsdam.de\/wp-content\/uploads\/asolmerce\/image-9783937786575.jpg\",\"width\":442,\"height\":640},{\"@type\":\"BreadcrumbList\",\"@id\":\"https:\/\/shop.verlag.uni-potsdam.de\/en\/shop\/ethik-integritaet-und-korruption-neue-herausforderungen-im-sich-wandelnden-oeffentlichen-sektor\/#breadcrumb\",\"itemListElement\":[{\"@type\":\"ListItem\",\"position\":1,\"name\":\"Startseite\",\"item\":\"https:\/\/shop.verlag.uni-potsdam.de\/en\/\"},{\"@type\":\"ListItem\",\"position\":2,\"name\":\"Shop\",\"item\":\"https:\/\/shop.verlag.uni-potsdam.de\/en\/shop\/\"},{\"@type\":\"ListItem\",\"position\":3,\"name\":\"Ethik, Integrit\u00e4t und Korruption &#8211; Neue Herausforderungen im sich wandelnden \u00f6ffentlichen Sektor?\"}]},{\"@type\":\"WebSite\",\"@id\":\"https:\/\/shop.verlag.uni-potsdam.de\/en\/#website\",\"url\":\"https:\/\/shop.verlag.uni-potsdam.de\/en\/\",\"name\":\"Universit\u00e4tsverlag Potsdam\",\"description\":\"\",\"publisher\":{\"@id\":\"https:\/\/shop.verlag.uni-potsdam.de\/en\/#organization\"},\"potentialAction\":[{\"@type\":\"SearchAction\",\"target\":{\"@type\":\"EntryPoint\",\"urlTemplate\":\"https:\/\/shop.verlag.uni-potsdam.de\/en\/?s={search_term_string}\"},\"query-input\":{\"@type\":\"PropertyValueSpecification\",\"valueRequired\":true,\"valueName\":\"search_term_string\"}}],\"inLanguage\":\"en-US\"},{\"@type\":\"Organization\",\"@id\":\"https:\/\/shop.verlag.uni-potsdam.de\/en\/#organization\",\"name\":\"Universit\u00e4tsverlag Potsdam\",\"url\":\"https:\/\/shop.verlag.uni-potsdam.de\/en\/\",\"logo\":{\"@type\":\"ImageObject\",\"inLanguage\":\"en-US\",\"@id\":\"https:\/\/shop.verlag.uni-potsdam.de\/en\/#\/schema\/logo\/image\/\",\"url\":\"https:\/\/shop.verlag.uni-potsdam.de\/wp-content\/uploads\/2017\/04\/up_logo_university_2.png\",\"contentUrl\":\"https:\/\/shop.verlag.uni-potsdam.de\/wp-content\/uploads\/2017\/04\/up_logo_university_2.png\",\"width\":160,\"height\":172,\"caption\":\"Universit\u00e4tsverlag Potsdam\"},\"image\":{\"@id\":\"https:\/\/shop.verlag.uni-potsdam.de\/en\/#\/schema\/logo\/image\/\"}}]}<\/script>\n<!-- \/ Yoast SEO plugin. -->","yoast_head_json":{"title":"Ethik, Integrit\u00e4t und Korruption - Neue Herausforderungen im sich wandelnden \u00f6ffentlichen Sektor? - Universit\u00e4tsverlag Potsdam","robots":{"index":"index","follow":"follow","max-snippet":"max-snippet:-1","max-image-preview":"max-image-preview:large","max-video-preview":"max-video-preview:-1"},"canonical":"https:\/\/shop.verlag.uni-potsdam.de\/en\/shop\/ethik-integritaet-und-korruption-neue-herausforderungen-im-sich-wandelnden-oeffentlichen-sektor\/","og_locale":"en_US","og_type":"article","og_title":"Ethik, Integrit\u00e4t und Korruption - Neue Herausforderungen im sich wandelnden \u00f6ffentlichen Sektor? - Universit\u00e4tsverlag Potsdam","og_description":"Im \u00f6ffentlichen Sektor hat, wie wir wissen, in den letzten 10 - 20 Jahren ein erheblicher Wandel stattgefunden. Die staatlichen Strukturen haben sich immer mehr ausdifferenziert und \u00f6ffentliche Leistungen werden in sehr unterschiedlichen Erledigungsformen erbracht. Ein beachtlicher Teil der Leistungen ist auf private Dritte ausgelagert oder ganz privatisiert worden. Zudem haben sich verschiedene Muster von \u00f6ffentlich-privaten Kooperationen herausgebildet. Verwaltungen und \u00f6ffentliche Unternehmen wurden unter verst\u00e4rkten Leistungsdruck und Wettbewerb gesetzt. All das f\u00fchrte zu einer weithin wahrnehmbaren \u00d6konomisierung und \u201eManagerialisierung\u201c des \u00f6ffentlichen Sektors, die verst\u00e4ndlicherweise auch Werte und Verhaltensweisen der \u00f6ffentlich Besch\u00e4ftigten beeinflusst hat. Daraus ergeben sich ohne Zweifel erhebliche Konsequenzen f\u00fcr die Integrit\u00e4t der Akteure im \u00f6ffentlichen Sektor sowie f\u00fcr deren Korruptionsanf\u00e4lligkeit. Das Buch f\u00fchrt wesentliche Argumentationsstr\u00e4nge und Praxiserfahrungen zum Thema \u201eEthik, Integrit\u00e4t und Korruption im \u00f6ffentlichen Sektor\u201c aus dem Blickwinkel der sich wandelnden Rahmenbedingungen und Strukturfaktoren zusammen.","og_url":"https:\/\/shop.verlag.uni-potsdam.de\/en\/shop\/ethik-integritaet-und-korruption-neue-herausforderungen-im-sich-wandelnden-oeffentlichen-sektor\/","og_site_name":"Universit\u00e4tsverlag Potsdam","article_modified_time":"2026-03-23T10:54:05+00:00","og_image":[{"width":442,"height":640,"url":"https:\/\/shop.verlag.uni-potsdam.de\/wp-content\/uploads\/asolmerce\/image-9783937786575.jpg","type":"image\/jpeg"}],"twitter_card":"summary_large_image","twitter_misc":{"Est. reading time":"1 minute"},"schema":{"@context":"https:\/\/schema.org","@graph":[{"@type":"WebPage","@id":"https:\/\/shop.verlag.uni-potsdam.de\/en\/shop\/ethik-integritaet-und-korruption-neue-herausforderungen-im-sich-wandelnden-oeffentlichen-sektor\/","url":"https:\/\/shop.verlag.uni-potsdam.de\/en\/shop\/ethik-integritaet-und-korruption-neue-herausforderungen-im-sich-wandelnden-oeffentlichen-sektor\/","name":"Ethik, Integrit\u00e4t und Korruption - Neue Herausforderungen im sich wandelnden \u00f6ffentlichen Sektor? - Universit\u00e4tsverlag Potsdam","isPartOf":{"@id":"https:\/\/shop.verlag.uni-potsdam.de\/en\/#website"},"primaryImageOfPage":{"@id":"https:\/\/shop.verlag.uni-potsdam.de\/en\/shop\/ethik-integritaet-und-korruption-neue-herausforderungen-im-sich-wandelnden-oeffentlichen-sektor\/#primaryimage"},"image":{"@id":"https:\/\/shop.verlag.uni-potsdam.de\/shop\/ethik-integritaet-und-korruption-neue-herausforderungen-im-sich-wandelnden-oeffentlichen-sektor\/#primaryimage"},"thumbnailUrl":"https:\/\/shop.verlag.uni-potsdam.de\/wp-content\/uploads\/asolmerce\/image-9783937786575.jpg","datePublished":"2026-03-23T08:53:05+00:00","dateModified":"2026-03-23T10:54:05+00:00","breadcrumb":{"@id":"https:\/\/shop.verlag.uni-potsdam.de\/en\/shop\/ethik-integritaet-und-korruption-neue-herausforderungen-im-sich-wandelnden-oeffentlichen-sektor\/#breadcrumb"},"inLanguage":"en-US","potentialAction":[{"@type":"ReadAction","target":[["https:\/\/shop.verlag.uni-potsdam.de\/en\/shop\/ethik-integritaet-und-korruption-neue-herausforderungen-im-sich-wandelnden-oeffentlichen-sektor\/"]]}]},{"@type":"ImageObject","inLanguage":"en-US","@id":"https:\/\/shop.verlag.uni-potsdam.de\/en\/shop\/ethik-integritaet-und-korruption-neue-herausforderungen-im-sich-wandelnden-oeffentlichen-sektor\/#primaryimage","url":"https:\/\/shop.verlag.uni-potsdam.de\/wp-content\/uploads\/asolmerce\/image-9783937786575.jpg","contentUrl":"https:\/\/shop.verlag.uni-potsdam.de\/wp-content\/uploads\/asolmerce\/image-9783937786575.jpg","width":442,"height":640},{"@type":"BreadcrumbList","@id":"https:\/\/shop.verlag.uni-potsdam.de\/en\/shop\/ethik-integritaet-und-korruption-neue-herausforderungen-im-sich-wandelnden-oeffentlichen-sektor\/#breadcrumb","itemListElement":[{"@type":"ListItem","position":1,"name":"Startseite","item":"https:\/\/shop.verlag.uni-potsdam.de\/en\/"},{"@type":"ListItem","position":2,"name":"Shop","item":"https:\/\/shop.verlag.uni-potsdam.de\/en\/shop\/"},{"@type":"ListItem","position":3,"name":"Ethik, Integrit\u00e4t und Korruption &#8211; Neue Herausforderungen im sich wandelnden \u00f6ffentlichen Sektor?"}]},{"@type":"WebSite","@id":"https:\/\/shop.verlag.uni-potsdam.de\/en\/#website","url":"https:\/\/shop.verlag.uni-potsdam.de\/en\/","name":"Universit\u00e4tsverlag Potsdam","description":"","publisher":{"@id":"https:\/\/shop.verlag.uni-potsdam.de\/en\/#organization"},"potentialAction":[{"@type":"SearchAction","target":{"@type":"EntryPoint","urlTemplate":"https:\/\/shop.verlag.uni-potsdam.de\/en\/?s={search_term_string}"},"query-input":{"@type":"PropertyValueSpecification","valueRequired":true,"valueName":"search_term_string"}}],"inLanguage":"en-US"},{"@type":"Organization","@id":"https:\/\/shop.verlag.uni-potsdam.de\/en\/#organization","name":"Universit\u00e4tsverlag Potsdam","url":"https:\/\/shop.verlag.uni-potsdam.de\/en\/","logo":{"@type":"ImageObject","inLanguage":"en-US","@id":"https:\/\/shop.verlag.uni-potsdam.de\/en\/#\/schema\/logo\/image\/","url":"https:\/\/shop.verlag.uni-potsdam.de\/wp-content\/uploads\/2017\/04\/up_logo_university_2.png","contentUrl":"https:\/\/shop.verlag.uni-potsdam.de\/wp-content\/uploads\/2017\/04\/up_logo_university_2.png","width":160,"height":172,"caption":"Universit\u00e4tsverlag Potsdam"},"image":{"@id":"https:\/\/shop.verlag.uni-potsdam.de\/en\/#\/schema\/logo\/image\/"}}]}},"_links":{"self":[{"href":"https:\/\/shop.verlag.uni-potsdam.de\/en\/wp-json\/wp\/v2\/product\/51853","targetHints":{"allow":["GET"]}}],"collection":[{"href":"https:\/\/shop.verlag.uni-potsdam.de\/en\/wp-json\/wp\/v2\/product"}],"about":[{"href":"https:\/\/shop.verlag.uni-potsdam.de\/en\/wp-json\/wp\/v2\/types\/product"}],"wp:featuredmedia":[{"embeddable":true,"href":"https:\/\/shop.verlag.uni-potsdam.de\/en\/wp-json\/wp\/v2\/media\/53715"}],"wp:attachment":[{"href":"https:\/\/shop.verlag.uni-potsdam.de\/en\/wp-json\/wp\/v2\/media?parent=51853"}],"wp:term":[{"taxonomy":"product_brand","embeddable":true,"href":"https:\/\/shop.verlag.uni-potsdam.de\/en\/wp-json\/wp\/v2\/product_brand?post=51853"},{"taxonomy":"product_cat","embeddable":true,"href":"https:\/\/shop.verlag.uni-potsdam.de\/en\/wp-json\/wp\/v2\/product_cat?post=51853"},{"taxonomy":"product_tag","embeddable":true,"href":"https:\/\/shop.verlag.uni-potsdam.de\/en\/wp-json\/wp\/v2\/product_tag?post=51853"}],"curies":[{"name":"wp","href":"https:\/\/api.w.org\/{rel}","templated":true}]}}