{"id":51911,"date":"2026-03-23T08:53:19","date_gmt":"2026-03-23T08:53:19","guid":{"rendered":"http:\/\/shop.verlag.uni-potsdam.de\/produkt\/reden-ueber-raeume\/"},"modified":"2026-03-23T11:54:19","modified_gmt":"2026-03-23T10:54:19","slug":"reden-ueber-raeume-region-transformation-migration","status":"publish","type":"product","link":"https:\/\/shop.verlag.uni-potsdam.de\/en\/shop\/reden-ueber-raeume-region-transformation-migration\/","title":{"rendered":"Reden \u00fcber R\u00e4ume: Region &#8211; Transformation &#8211; Migration"},"content":{"rendered":"<p class=\"qtranxs-available-languages-message qtranxs-available-languages-message-en\">Sorry, this entry is only available in <a href=\"https:\/\/shop.verlag.uni-potsdam.de\/de\/wp-json\/wp\/v2\/product\/51911\" class=\"qtranxs-available-language-link qtranxs-available-language-link-de\" title=\"Deutsch\">Deutsch<\/a>.<\/p><p>Die Beitr\u00e4ge dieses Bandes sind aus Vortr\u00e4gen eines Symposiums zu Ehren von Wilfried Heller hervorgegangen. Sie stellen sich die Frage, unter welchen Bedingungen r\u00e4umliche Aspekte in der gesellschaftlichen Entwicklung welche Funktionen \u00fcbernehmen und hinterfragen kritisch, welche Erkl\u00e4rungskraft wissenschaftliche Raumtheorien in diesem Zusammenhang besitzen k\u00f6nnen. <br \/>Das Themenspektrum erstreckt sich vom Transnationalismus-Ansatz, Netzwerkans\u00e4tzen und dem Konzept \u201cLernende Regionen\u201d \u00fcber das Migrationsgeschehen in Rum\u00e4nien, historische Definitionen von \u201cRum\u00e4nien\u201d und das Verh\u00e4ltnis von Raum und Globalisierung bis zur Globalisierung von Natur.<\/p>","protected":false},"excerpt":{"rendered":"<p class=\"qtranxs-available-languages-message qtranxs-available-languages-message-en\">Sorry, this entry is only available in <a href=\"https:\/\/shop.verlag.uni-potsdam.de\/de\/wp-json\/wp\/v2\/product\/51911\" class=\"qtranxs-available-language-link qtranxs-available-language-link-de\" title=\"Deutsch\">Deutsch<\/a>.<\/p>\n<p>Die Beitr\u00e4ge dieses Bandes sind aus Vortr\u00e4gen eines Symposiums zu Ehren von Wilfried Heller hervorgegangen. Sie stellen sich die Frage, unter welchen Bedingungen r\u00e4umliche Aspekte in der gesellschaftlichen Entwicklung welche Funktionen \u00fcbernehmen und hinterfragen kritisch, welche Erkl\u00e4rungskraft wissenschaftliche Raumtheorien in diesem Zusammenhang besitzen k\u00f6nnen. <br \/>Das Themenspektrum erstreckt sich vom Transnationalismus-Ansatz, Netzwerkans\u00e4tzen und dem Konzept \u201cLernende Regionen\u201d \u00fcber das Migrationsgeschehen in Rum\u00e4nien, historische Definitionen von \u201cRum\u00e4nien\u201d und das Verh\u00e4ltnis von Raum und Globalisierung bis zur Globalisierung von Natur.<\/p>\n","protected":false},"featured_media":54548,"template":"","meta":{"_acf_changed":false},"product_brand":[],"product_cat":[6166],"product_tag":[5592],"class_list":{"0":"post-51911","1":"product","2":"type-product","3":"status-publish","4":"has-post-thumbnail","6":"product_cat-sozialwissenschaften-web-kategorie","7":"product_tag-migration-raumtheorie-transformation","8":"autor-carsten-felgentreff","9":"autor-joerg-becker","10":"autor-wolfgang-aschauer","11":"edition-ohne-volltext","13":"first","14":"instock","15":"shipping-taxable","16":"purchasable","17":"product-type-simple"},"acf":[],"yoast_head":"<!-- This site is optimized with the Yoast SEO plugin v27.1.1 - https:\/\/yoast.com\/product\/yoast-seo-wordpress\/ -->\n<title>Reden \u00fcber R\u00e4ume: Region - Transformation - Migration - Universit\u00e4tsverlag Potsdam<\/title>\n<meta name=\"robots\" content=\"index, follow, max-snippet:-1, max-image-preview:large, max-video-preview:-1\" \/>\n<link rel=\"canonical\" href=\"https:\/\/shop.verlag.uni-potsdam.de\/en\/shop\/reden-ueber-raeume-region-transformation-migration\/\" \/>\n<meta property=\"og:locale\" content=\"en_US\" \/>\n<meta property=\"og:type\" content=\"article\" \/>\n<meta property=\"og:title\" content=\"Reden \u00fcber R\u00e4ume: Region - Transformation - Migration - Universit\u00e4tsverlag Potsdam\" \/>\n<meta property=\"og:description\" content=\"Die Beitr\u00e4ge dieses Bandes sind aus Vortr\u00e4gen eines Symposiums zu Ehren von Wilfried Heller hervorgegangen. Sie stellen sich die Frage, unter welchen Bedingungen r\u00e4umliche Aspekte in der gesellschaftlichen Entwicklung welche Funktionen \u00fcbernehmen und hinterfragen kritisch, welche Erkl\u00e4rungskraft wissenschaftliche Raumtheorien in diesem Zusammenhang besitzen k\u00f6nnen. Das Themenspektrum erstreckt sich vom Transnationalismus-Ansatz, Netzwerkans\u00e4tzen und dem Konzept \u201cLernende Regionen\u201d \u00fcber das Migrationsgeschehen in Rum\u00e4nien, historische Definitionen von \u201cRum\u00e4nien\u201d und das Verh\u00e4ltnis von Raum und Globalisierung bis zur Globalisierung von Natur.\" \/>\n<meta property=\"og:url\" content=\"https:\/\/shop.verlag.uni-potsdam.de\/en\/shop\/reden-ueber-raeume-region-transformation-migration\/\" \/>\n<meta property=\"og:site_name\" content=\"Universit\u00e4tsverlag Potsdam\" \/>\n<meta property=\"article:modified_time\" content=\"2026-03-23T10:54:19+00:00\" \/>\n<meta property=\"og:image\" content=\"https:\/\/shop.verlag.uni-potsdam.de\/wp-content\/uploads\/asolmerce\/image-978-3-935024-57-0.jpg\" \/>\n\t<meta property=\"og:image:width\" content=\"400\" \/>\n\t<meta property=\"og:image:height\" content=\"585\" \/>\n\t<meta property=\"og:image:type\" content=\"image\/jpeg\" \/>\n<meta name=\"twitter:card\" content=\"summary_large_image\" \/>\n<script type=\"application\/ld+json\" class=\"yoast-schema-graph\">{\"@context\":\"https:\/\/schema.org\",\"@graph\":[{\"@type\":\"WebPage\",\"@id\":\"https:\/\/shop.verlag.uni-potsdam.de\/en\/shop\/reden-ueber-raeume-region-transformation-migration\/\",\"url\":\"https:\/\/shop.verlag.uni-potsdam.de\/en\/shop\/reden-ueber-raeume-region-transformation-migration\/\",\"name\":\"Reden \u00fcber R\u00e4ume: Region - Transformation - Migration - Universit\u00e4tsverlag Potsdam\",\"isPartOf\":{\"@id\":\"https:\/\/shop.verlag.uni-potsdam.de\/en\/#website\"},\"primaryImageOfPage\":{\"@id\":\"https:\/\/shop.verlag.uni-potsdam.de\/en\/shop\/reden-ueber-raeume-region-transformation-migration\/#primaryimage\"},\"image\":{\"@id\":\"https:\/\/shop.verlag.uni-potsdam.de\/shop\/reden-ueber-raeume-region-transformation-migration\/#primaryimage\"},\"thumbnailUrl\":\"https:\/\/shop.verlag.uni-potsdam.de\/wp-content\/uploads\/asolmerce\/image-978-3-935024-57-0.jpg\",\"datePublished\":\"2026-03-23T08:53:19+00:00\",\"dateModified\":\"2026-03-23T10:54:19+00:00\",\"breadcrumb\":{\"@id\":\"https:\/\/shop.verlag.uni-potsdam.de\/en\/shop\/reden-ueber-raeume-region-transformation-migration\/#breadcrumb\"},\"inLanguage\":\"en-US\",\"potentialAction\":[{\"@type\":\"ReadAction\",\"target\":[[\"https:\/\/shop.verlag.uni-potsdam.de\/en\/shop\/reden-ueber-raeume-region-transformation-migration\/\"]]}]},{\"@type\":\"ImageObject\",\"inLanguage\":\"en-US\",\"@id\":\"https:\/\/shop.verlag.uni-potsdam.de\/en\/shop\/reden-ueber-raeume-region-transformation-migration\/#primaryimage\",\"url\":\"https:\/\/shop.verlag.uni-potsdam.de\/wp-content\/uploads\/asolmerce\/image-978-3-935024-57-0.jpg\",\"contentUrl\":\"https:\/\/shop.verlag.uni-potsdam.de\/wp-content\/uploads\/asolmerce\/image-978-3-935024-57-0.jpg\",\"width\":400,\"height\":585},{\"@type\":\"BreadcrumbList\",\"@id\":\"https:\/\/shop.verlag.uni-potsdam.de\/en\/shop\/reden-ueber-raeume-region-transformation-migration\/#breadcrumb\",\"itemListElement\":[{\"@type\":\"ListItem\",\"position\":1,\"name\":\"Startseite\",\"item\":\"https:\/\/shop.verlag.uni-potsdam.de\/en\/\"},{\"@type\":\"ListItem\",\"position\":2,\"name\":\"Shop\",\"item\":\"https:\/\/shop.verlag.uni-potsdam.de\/en\/shop\/\"},{\"@type\":\"ListItem\",\"position\":3,\"name\":\"Reden \u00fcber R\u00e4ume: Region &#8211; Transformation &#8211; Migration\"}]},{\"@type\":\"WebSite\",\"@id\":\"https:\/\/shop.verlag.uni-potsdam.de\/en\/#website\",\"url\":\"https:\/\/shop.verlag.uni-potsdam.de\/en\/\",\"name\":\"Universit\u00e4tsverlag Potsdam\",\"description\":\"\",\"publisher\":{\"@id\":\"https:\/\/shop.verlag.uni-potsdam.de\/en\/#organization\"},\"potentialAction\":[{\"@type\":\"SearchAction\",\"target\":{\"@type\":\"EntryPoint\",\"urlTemplate\":\"https:\/\/shop.verlag.uni-potsdam.de\/en\/?s={search_term_string}\"},\"query-input\":{\"@type\":\"PropertyValueSpecification\",\"valueRequired\":true,\"valueName\":\"search_term_string\"}}],\"inLanguage\":\"en-US\"},{\"@type\":\"Organization\",\"@id\":\"https:\/\/shop.verlag.uni-potsdam.de\/en\/#organization\",\"name\":\"Universit\u00e4tsverlag Potsdam\",\"url\":\"https:\/\/shop.verlag.uni-potsdam.de\/en\/\",\"logo\":{\"@type\":\"ImageObject\",\"inLanguage\":\"en-US\",\"@id\":\"https:\/\/shop.verlag.uni-potsdam.de\/en\/#\/schema\/logo\/image\/\",\"url\":\"https:\/\/shop.verlag.uni-potsdam.de\/wp-content\/uploads\/2017\/04\/up_logo_university_2.png\",\"contentUrl\":\"https:\/\/shop.verlag.uni-potsdam.de\/wp-content\/uploads\/2017\/04\/up_logo_university_2.png\",\"width\":160,\"height\":172,\"caption\":\"Universit\u00e4tsverlag Potsdam\"},\"image\":{\"@id\":\"https:\/\/shop.verlag.uni-potsdam.de\/en\/#\/schema\/logo\/image\/\"}}]}<\/script>\n<!-- \/ Yoast SEO plugin. -->","yoast_head_json":{"title":"Reden \u00fcber R\u00e4ume: Region - Transformation - Migration - Universit\u00e4tsverlag Potsdam","robots":{"index":"index","follow":"follow","max-snippet":"max-snippet:-1","max-image-preview":"max-image-preview:large","max-video-preview":"max-video-preview:-1"},"canonical":"https:\/\/shop.verlag.uni-potsdam.de\/en\/shop\/reden-ueber-raeume-region-transformation-migration\/","og_locale":"en_US","og_type":"article","og_title":"Reden \u00fcber R\u00e4ume: Region - Transformation - Migration - Universit\u00e4tsverlag Potsdam","og_description":"Die Beitr\u00e4ge dieses Bandes sind aus Vortr\u00e4gen eines Symposiums zu Ehren von Wilfried Heller hervorgegangen. Sie stellen sich die Frage, unter welchen Bedingungen r\u00e4umliche Aspekte in der gesellschaftlichen Entwicklung welche Funktionen \u00fcbernehmen und hinterfragen kritisch, welche Erkl\u00e4rungskraft wissenschaftliche Raumtheorien in diesem Zusammenhang besitzen k\u00f6nnen. Das Themenspektrum erstreckt sich vom Transnationalismus-Ansatz, Netzwerkans\u00e4tzen und dem Konzept \u201cLernende Regionen\u201d \u00fcber das Migrationsgeschehen in Rum\u00e4nien, historische Definitionen von \u201cRum\u00e4nien\u201d und das Verh\u00e4ltnis von Raum und Globalisierung bis zur Globalisierung von Natur.","og_url":"https:\/\/shop.verlag.uni-potsdam.de\/en\/shop\/reden-ueber-raeume-region-transformation-migration\/","og_site_name":"Universit\u00e4tsverlag Potsdam","article_modified_time":"2026-03-23T10:54:19+00:00","og_image":[{"width":400,"height":585,"url":"https:\/\/shop.verlag.uni-potsdam.de\/wp-content\/uploads\/asolmerce\/image-978-3-935024-57-0.jpg","type":"image\/jpeg"}],"twitter_card":"summary_large_image","schema":{"@context":"https:\/\/schema.org","@graph":[{"@type":"WebPage","@id":"https:\/\/shop.verlag.uni-potsdam.de\/en\/shop\/reden-ueber-raeume-region-transformation-migration\/","url":"https:\/\/shop.verlag.uni-potsdam.de\/en\/shop\/reden-ueber-raeume-region-transformation-migration\/","name":"Reden \u00fcber R\u00e4ume: Region - Transformation - Migration - Universit\u00e4tsverlag Potsdam","isPartOf":{"@id":"https:\/\/shop.verlag.uni-potsdam.de\/en\/#website"},"primaryImageOfPage":{"@id":"https:\/\/shop.verlag.uni-potsdam.de\/en\/shop\/reden-ueber-raeume-region-transformation-migration\/#primaryimage"},"image":{"@id":"https:\/\/shop.verlag.uni-potsdam.de\/shop\/reden-ueber-raeume-region-transformation-migration\/#primaryimage"},"thumbnailUrl":"https:\/\/shop.verlag.uni-potsdam.de\/wp-content\/uploads\/asolmerce\/image-978-3-935024-57-0.jpg","datePublished":"2026-03-23T08:53:19+00:00","dateModified":"2026-03-23T10:54:19+00:00","breadcrumb":{"@id":"https:\/\/shop.verlag.uni-potsdam.de\/en\/shop\/reden-ueber-raeume-region-transformation-migration\/#breadcrumb"},"inLanguage":"en-US","potentialAction":[{"@type":"ReadAction","target":[["https:\/\/shop.verlag.uni-potsdam.de\/en\/shop\/reden-ueber-raeume-region-transformation-migration\/"]]}]},{"@type":"ImageObject","inLanguage":"en-US","@id":"https:\/\/shop.verlag.uni-potsdam.de\/en\/shop\/reden-ueber-raeume-region-transformation-migration\/#primaryimage","url":"https:\/\/shop.verlag.uni-potsdam.de\/wp-content\/uploads\/asolmerce\/image-978-3-935024-57-0.jpg","contentUrl":"https:\/\/shop.verlag.uni-potsdam.de\/wp-content\/uploads\/asolmerce\/image-978-3-935024-57-0.jpg","width":400,"height":585},{"@type":"BreadcrumbList","@id":"https:\/\/shop.verlag.uni-potsdam.de\/en\/shop\/reden-ueber-raeume-region-transformation-migration\/#breadcrumb","itemListElement":[{"@type":"ListItem","position":1,"name":"Startseite","item":"https:\/\/shop.verlag.uni-potsdam.de\/en\/"},{"@type":"ListItem","position":2,"name":"Shop","item":"https:\/\/shop.verlag.uni-potsdam.de\/en\/shop\/"},{"@type":"ListItem","position":3,"name":"Reden \u00fcber R\u00e4ume: Region &#8211; Transformation &#8211; Migration"}]},{"@type":"WebSite","@id":"https:\/\/shop.verlag.uni-potsdam.de\/en\/#website","url":"https:\/\/shop.verlag.uni-potsdam.de\/en\/","name":"Universit\u00e4tsverlag Potsdam","description":"","publisher":{"@id":"https:\/\/shop.verlag.uni-potsdam.de\/en\/#organization"},"potentialAction":[{"@type":"SearchAction","target":{"@type":"EntryPoint","urlTemplate":"https:\/\/shop.verlag.uni-potsdam.de\/en\/?s={search_term_string}"},"query-input":{"@type":"PropertyValueSpecification","valueRequired":true,"valueName":"search_term_string"}}],"inLanguage":"en-US"},{"@type":"Organization","@id":"https:\/\/shop.verlag.uni-potsdam.de\/en\/#organization","name":"Universit\u00e4tsverlag Potsdam","url":"https:\/\/shop.verlag.uni-potsdam.de\/en\/","logo":{"@type":"ImageObject","inLanguage":"en-US","@id":"https:\/\/shop.verlag.uni-potsdam.de\/en\/#\/schema\/logo\/image\/","url":"https:\/\/shop.verlag.uni-potsdam.de\/wp-content\/uploads\/2017\/04\/up_logo_university_2.png","contentUrl":"https:\/\/shop.verlag.uni-potsdam.de\/wp-content\/uploads\/2017\/04\/up_logo_university_2.png","width":160,"height":172,"caption":"Universit\u00e4tsverlag Potsdam"},"image":{"@id":"https:\/\/shop.verlag.uni-potsdam.de\/en\/#\/schema\/logo\/image\/"}}]}},"_links":{"self":[{"href":"https:\/\/shop.verlag.uni-potsdam.de\/en\/wp-json\/wp\/v2\/product\/51911","targetHints":{"allow":["GET"]}}],"collection":[{"href":"https:\/\/shop.verlag.uni-potsdam.de\/en\/wp-json\/wp\/v2\/product"}],"about":[{"href":"https:\/\/shop.verlag.uni-potsdam.de\/en\/wp-json\/wp\/v2\/types\/product"}],"wp:featuredmedia":[{"embeddable":true,"href":"https:\/\/shop.verlag.uni-potsdam.de\/en\/wp-json\/wp\/v2\/media\/54548"}],"wp:attachment":[{"href":"https:\/\/shop.verlag.uni-potsdam.de\/en\/wp-json\/wp\/v2\/media?parent=51911"}],"wp:term":[{"taxonomy":"product_brand","embeddable":true,"href":"https:\/\/shop.verlag.uni-potsdam.de\/en\/wp-json\/wp\/v2\/product_brand?post=51911"},{"taxonomy":"product_cat","embeddable":true,"href":"https:\/\/shop.verlag.uni-potsdam.de\/en\/wp-json\/wp\/v2\/product_cat?post=51911"},{"taxonomy":"product_tag","embeddable":true,"href":"https:\/\/shop.verlag.uni-potsdam.de\/en\/wp-json\/wp\/v2\/product_tag?post=51911"}],"curies":[{"name":"wp","href":"https:\/\/api.w.org\/{rel}","templated":true}]}}