{"id":51914,"date":"2026-03-23T08:53:06","date_gmt":"2026-03-23T08:53:06","guid":{"rendered":"http:\/\/shop.verlag.uni-potsdam.de\/produkt\/august-klughardt\/"},"modified":"2026-03-23T11:54:06","modified_gmt":"2026-03-23T10:54:06","slug":"august-klughardt","status":"publish","type":"product","link":"https:\/\/shop.verlag.uni-potsdam.de\/en\/shop\/august-klughardt\/","title":{"rendered":"August Klughardt"},"content":{"rendered":"<p class=\"qtranxs-available-languages-message qtranxs-available-languages-message-en\">Sorry, this entry is only available in <a href=\"https:\/\/shop.verlag.uni-potsdam.de\/de\/wp-json\/wp\/v2\/product\/51914\" class=\"qtranxs-available-language-link qtranxs-available-language-link-de\" title=\"Deutsch\">Deutsch<\/a>.<\/p><p>August Klughardt (1847-1902) Komponist, Dirigent und Pianist Neben K\u00f6then, Dresden, Posen, L\u00fcbeck und Weimar sind Dessau und auch Neustrelitz Klughardts wichtigste Lebensstationen. Durch sein kompositorisches Schaffen wie auch durch sein Wirken in den beiden letztgenannten St\u00e4dten, erlangte er einen \u00fcber Deutschland hinaus wirkenden Bekanntheitsgrad. Im Wirken Klughardts im Gro\u00dfherzogtum Mecklenburg-Strelitz und im Herzogtum Anhalt vereinen sich der Drang, Neues und qualitativ Hochwertiges zu schaffen und der Anspruch, musikalische Traditionen zu bewahren. Mit der vorliegenden Publikation werden erstmals in gr\u00f6\u00dferem Umfange Tagebuchnotizen und pers\u00f6nliche Korrespondenz des Musikers aus den Jahren 1873-1882 ver\u00f6ffentlicht, die einen Einblick nicht nur in das Musik- und Theaterwesen der beiden Residenzst\u00e4dte Dessau und Neustrelitz geben und gleichzeitig ein Panorama der f\u00fchrenden musikalischen Orte und K\u00f6pfe aus der Sicht eines mecklenburgischen Hofkapellmeisters entwerfen. Deutlich heraus tritt dabei seine Beziehung zu den H\u00f6fen in Neustrelitz und Dessau. Die Ver\u00f6ffentlichung der im Tagebuch enthaltenen Beschreibung der ersten Bayreuther Festspiele 1876 von Klughardts Hand und eines vorangegangenen Briefwechsels mit Richard Wagner setzt einen zus\u00e4tzlichen thematischen Schwerpunkt.<\/p>","protected":false},"excerpt":{"rendered":"<p class=\"qtranxs-available-languages-message qtranxs-available-languages-message-en\">Sorry, this entry is only available in <a href=\"https:\/\/shop.verlag.uni-potsdam.de\/de\/wp-json\/wp\/v2\/product\/51914\" class=\"qtranxs-available-language-link qtranxs-available-language-link-de\" title=\"Deutsch\">Deutsch<\/a>.<\/p>\n<p>August Klughardt (1847-1902) Komponist, Dirigent und Pianist Neben K\u00f6then, Dresden, Posen, L\u00fcbeck und Weimar sind Dessau und auch Neustrelitz Klughardts wichtigste Lebensstationen. Durch sein kompositorisches Schaffen wie auch durch sein Wirken in den beiden letztgenannten St\u00e4dten, erlangte er einen \u00fcber Deutschland hinaus wirkenden Bekanntheitsgrad. Im Wirken Klughardts im Gro\u00dfherzogtum Mecklenburg-Strelitz und im Herzogtum Anhalt vereinen sich der Drang, Neues und qualitativ Hochwertiges zu schaffen und der Anspruch, musikalische Traditionen zu bewahren. Mit der vorliegenden Publikation werden erstmals in gr\u00f6\u00dferem Umfange Tagebuchnotizen und pers\u00f6nliche Korrespondenz des Musikers aus den Jahren 1873-1882 ver\u00f6ffentlicht, die einen Einblick nicht nur in das Musik- und Theaterwesen der beiden Residenzst\u00e4dte Dessau und Neustrelitz geben und gleichzeitig ein Panorama der f\u00fchrenden musikalischen Orte und K\u00f6pfe aus der Sicht eines mecklenburgischen Hofkapellmeisters entwerfen. Deutlich heraus tritt dabei seine Beziehung zu den H\u00f6fen in Neustrelitz und Dessau. Die Ver\u00f6ffentlichung der im Tagebuch enthaltenen Beschreibung der ersten Bayreuther Festspiele 1876 von Klughardts Hand und eines vorangegangenen Briefwechsels mit Richard Wagner setzt einen zus\u00e4tzlichen thematischen Schwerpunkt.<\/p>\n","protected":false},"featured_media":55128,"template":"","meta":{"_acf_changed":false},"product_brand":[],"product_cat":[6218],"product_tag":[5798],"class_list":{"0":"post-51914","1":"product","2":"type-product","3":"status-publish","4":"has-post-thumbnail","6":"product_cat-musik-web-kategorie","7":"product_tag-august-bayreuther-festspiele-klughardt-werkverzeichnis","8":"autor-guenther-eisenhardt","9":"autor-marco-zabel","10":"edition-restexemplare","12":"first","13":"instock","14":"shipping-taxable","15":"purchasable","16":"product-type-simple"},"acf":[],"yoast_head":"<!-- This site is optimized with the Yoast SEO plugin v27.1.1 - https:\/\/yoast.com\/product\/yoast-seo-wordpress\/ -->\n<title>August Klughardt - Universit\u00e4tsverlag Potsdam<\/title>\n<meta name=\"robots\" content=\"index, follow, max-snippet:-1, max-image-preview:large, max-video-preview:-1\" \/>\n<link rel=\"canonical\" href=\"https:\/\/shop.verlag.uni-potsdam.de\/en\/shop\/august-klughardt\/\" \/>\n<meta property=\"og:locale\" content=\"en_US\" \/>\n<meta property=\"og:type\" content=\"article\" \/>\n<meta property=\"og:title\" content=\"August Klughardt - Universit\u00e4tsverlag Potsdam\" \/>\n<meta property=\"og:description\" content=\"August Klughardt (1847-1902) Komponist, Dirigent und Pianist Neben K\u00f6then, Dresden, Posen, L\u00fcbeck und Weimar sind Dessau und auch Neustrelitz Klughardts wichtigste Lebensstationen. Durch sein kompositorisches Schaffen wie auch durch sein Wirken in den beiden letztgenannten St\u00e4dten, erlangte er einen \u00fcber Deutschland hinaus wirkenden Bekanntheitsgrad. Im Wirken Klughardts im Gro\u00dfherzogtum Mecklenburg-Strelitz und im Herzogtum Anhalt vereinen sich der Drang, Neues und qualitativ Hochwertiges zu schaffen und der Anspruch, musikalische Traditionen zu bewahren. Mit der vorliegenden Publikation werden erstmals in gr\u00f6\u00dferem Umfange Tagebuchnotizen und pers\u00f6nliche Korrespondenz des Musikers aus den Jahren 1873-1882 ver\u00f6ffentlicht, die einen Einblick nicht nur in das Musik- und Theaterwesen der beiden Residenzst\u00e4dte Dessau und Neustrelitz geben und gleichzeitig ein Panorama der f\u00fchrenden musikalischen Orte und K\u00f6pfe aus der Sicht eines mecklenburgischen Hofkapellmeisters entwerfen. Deutlich heraus tritt dabei seine Beziehung zu den H\u00f6fen in Neustrelitz und Dessau. Die Ver\u00f6ffentlichung der im Tagebuch enthaltenen Beschreibung der ersten Bayreuther Festspiele 1876 von Klughardts Hand und eines vorangegangenen Briefwechsels mit Richard Wagner setzt einen zus\u00e4tzlichen thematischen Schwerpunkt.\" \/>\n<meta property=\"og:url\" content=\"https:\/\/shop.verlag.uni-potsdam.de\/en\/shop\/august-klughardt\/\" \/>\n<meta property=\"og:site_name\" content=\"Universit\u00e4tsverlag Potsdam\" \/>\n<meta property=\"article:modified_time\" content=\"2026-03-23T10:54:06+00:00\" \/>\n<meta property=\"og:image\" content=\"https:\/\/shop.verlag.uni-potsdam.de\/wp-content\/uploads\/asolmerce\/image-978-3-935024-42-6.jpg\" \/>\n\t<meta property=\"og:image:width\" content=\"1722\" \/>\n\t<meta property=\"og:image:height\" content=\"2443\" \/>\n\t<meta property=\"og:image:type\" content=\"image\/jpeg\" \/>\n<meta name=\"twitter:card\" content=\"summary_large_image\" \/>\n<meta name=\"twitter:label1\" content=\"Est. reading time\" \/>\n\t<meta name=\"twitter:data1\" content=\"1 minute\" \/>\n<script type=\"application\/ld+json\" class=\"yoast-schema-graph\">{\"@context\":\"https:\/\/schema.org\",\"@graph\":[{\"@type\":\"WebPage\",\"@id\":\"https:\/\/shop.verlag.uni-potsdam.de\/en\/shop\/august-klughardt\/\",\"url\":\"https:\/\/shop.verlag.uni-potsdam.de\/en\/shop\/august-klughardt\/\",\"name\":\"August Klughardt - Universit\u00e4tsverlag Potsdam\",\"isPartOf\":{\"@id\":\"https:\/\/shop.verlag.uni-potsdam.de\/en\/#website\"},\"primaryImageOfPage\":{\"@id\":\"https:\/\/shop.verlag.uni-potsdam.de\/en\/shop\/august-klughardt\/#primaryimage\"},\"image\":{\"@id\":\"https:\/\/shop.verlag.uni-potsdam.de\/shop\/august-klughardt\/#primaryimage\"},\"thumbnailUrl\":\"https:\/\/shop.verlag.uni-potsdam.de\/wp-content\/uploads\/asolmerce\/image-978-3-935024-42-6.jpg\",\"datePublished\":\"2026-03-23T08:53:06+00:00\",\"dateModified\":\"2026-03-23T10:54:06+00:00\",\"breadcrumb\":{\"@id\":\"https:\/\/shop.verlag.uni-potsdam.de\/en\/shop\/august-klughardt\/#breadcrumb\"},\"inLanguage\":\"en-US\",\"potentialAction\":[{\"@type\":\"ReadAction\",\"target\":[[\"https:\/\/shop.verlag.uni-potsdam.de\/en\/shop\/august-klughardt\/\"]]}]},{\"@type\":\"ImageObject\",\"inLanguage\":\"en-US\",\"@id\":\"https:\/\/shop.verlag.uni-potsdam.de\/en\/shop\/august-klughardt\/#primaryimage\",\"url\":\"https:\/\/shop.verlag.uni-potsdam.de\/wp-content\/uploads\/asolmerce\/image-978-3-935024-42-6.jpg\",\"contentUrl\":\"https:\/\/shop.verlag.uni-potsdam.de\/wp-content\/uploads\/asolmerce\/image-978-3-935024-42-6.jpg\",\"width\":1722,\"height\":2443},{\"@type\":\"BreadcrumbList\",\"@id\":\"https:\/\/shop.verlag.uni-potsdam.de\/en\/shop\/august-klughardt\/#breadcrumb\",\"itemListElement\":[{\"@type\":\"ListItem\",\"position\":1,\"name\":\"Startseite\",\"item\":\"https:\/\/shop.verlag.uni-potsdam.de\/en\/\"},{\"@type\":\"ListItem\",\"position\":2,\"name\":\"Shop\",\"item\":\"https:\/\/shop.verlag.uni-potsdam.de\/en\/shop\/\"},{\"@type\":\"ListItem\",\"position\":3,\"name\":\"August Klughardt\"}]},{\"@type\":\"WebSite\",\"@id\":\"https:\/\/shop.verlag.uni-potsdam.de\/en\/#website\",\"url\":\"https:\/\/shop.verlag.uni-potsdam.de\/en\/\",\"name\":\"Universit\u00e4tsverlag Potsdam\",\"description\":\"\",\"publisher\":{\"@id\":\"https:\/\/shop.verlag.uni-potsdam.de\/en\/#organization\"},\"potentialAction\":[{\"@type\":\"SearchAction\",\"target\":{\"@type\":\"EntryPoint\",\"urlTemplate\":\"https:\/\/shop.verlag.uni-potsdam.de\/en\/?s={search_term_string}\"},\"query-input\":{\"@type\":\"PropertyValueSpecification\",\"valueRequired\":true,\"valueName\":\"search_term_string\"}}],\"inLanguage\":\"en-US\"},{\"@type\":\"Organization\",\"@id\":\"https:\/\/shop.verlag.uni-potsdam.de\/en\/#organization\",\"name\":\"Universit\u00e4tsverlag Potsdam\",\"url\":\"https:\/\/shop.verlag.uni-potsdam.de\/en\/\",\"logo\":{\"@type\":\"ImageObject\",\"inLanguage\":\"en-US\",\"@id\":\"https:\/\/shop.verlag.uni-potsdam.de\/en\/#\/schema\/logo\/image\/\",\"url\":\"https:\/\/shop.verlag.uni-potsdam.de\/wp-content\/uploads\/2017\/04\/up_logo_university_2.png\",\"contentUrl\":\"https:\/\/shop.verlag.uni-potsdam.de\/wp-content\/uploads\/2017\/04\/up_logo_university_2.png\",\"width\":160,\"height\":172,\"caption\":\"Universit\u00e4tsverlag Potsdam\"},\"image\":{\"@id\":\"https:\/\/shop.verlag.uni-potsdam.de\/en\/#\/schema\/logo\/image\/\"}}]}<\/script>\n<!-- \/ Yoast SEO plugin. -->","yoast_head_json":{"title":"August Klughardt - Universit\u00e4tsverlag Potsdam","robots":{"index":"index","follow":"follow","max-snippet":"max-snippet:-1","max-image-preview":"max-image-preview:large","max-video-preview":"max-video-preview:-1"},"canonical":"https:\/\/shop.verlag.uni-potsdam.de\/en\/shop\/august-klughardt\/","og_locale":"en_US","og_type":"article","og_title":"August Klughardt - Universit\u00e4tsverlag Potsdam","og_description":"August Klughardt (1847-1902) Komponist, Dirigent und Pianist Neben K\u00f6then, Dresden, Posen, L\u00fcbeck und Weimar sind Dessau und auch Neustrelitz Klughardts wichtigste Lebensstationen. Durch sein kompositorisches Schaffen wie auch durch sein Wirken in den beiden letztgenannten St\u00e4dten, erlangte er einen \u00fcber Deutschland hinaus wirkenden Bekanntheitsgrad. Im Wirken Klughardts im Gro\u00dfherzogtum Mecklenburg-Strelitz und im Herzogtum Anhalt vereinen sich der Drang, Neues und qualitativ Hochwertiges zu schaffen und der Anspruch, musikalische Traditionen zu bewahren. Mit der vorliegenden Publikation werden erstmals in gr\u00f6\u00dferem Umfange Tagebuchnotizen und pers\u00f6nliche Korrespondenz des Musikers aus den Jahren 1873-1882 ver\u00f6ffentlicht, die einen Einblick nicht nur in das Musik- und Theaterwesen der beiden Residenzst\u00e4dte Dessau und Neustrelitz geben und gleichzeitig ein Panorama der f\u00fchrenden musikalischen Orte und K\u00f6pfe aus der Sicht eines mecklenburgischen Hofkapellmeisters entwerfen. Deutlich heraus tritt dabei seine Beziehung zu den H\u00f6fen in Neustrelitz und Dessau. Die Ver\u00f6ffentlichung der im Tagebuch enthaltenen Beschreibung der ersten Bayreuther Festspiele 1876 von Klughardts Hand und eines vorangegangenen Briefwechsels mit Richard Wagner setzt einen zus\u00e4tzlichen thematischen Schwerpunkt.","og_url":"https:\/\/shop.verlag.uni-potsdam.de\/en\/shop\/august-klughardt\/","og_site_name":"Universit\u00e4tsverlag Potsdam","article_modified_time":"2026-03-23T10:54:06+00:00","og_image":[{"width":1722,"height":2443,"url":"https:\/\/shop.verlag.uni-potsdam.de\/wp-content\/uploads\/asolmerce\/image-978-3-935024-42-6.jpg","type":"image\/jpeg"}],"twitter_card":"summary_large_image","twitter_misc":{"Est. reading time":"1 minute"},"schema":{"@context":"https:\/\/schema.org","@graph":[{"@type":"WebPage","@id":"https:\/\/shop.verlag.uni-potsdam.de\/en\/shop\/august-klughardt\/","url":"https:\/\/shop.verlag.uni-potsdam.de\/en\/shop\/august-klughardt\/","name":"August Klughardt - Universit\u00e4tsverlag Potsdam","isPartOf":{"@id":"https:\/\/shop.verlag.uni-potsdam.de\/en\/#website"},"primaryImageOfPage":{"@id":"https:\/\/shop.verlag.uni-potsdam.de\/en\/shop\/august-klughardt\/#primaryimage"},"image":{"@id":"https:\/\/shop.verlag.uni-potsdam.de\/shop\/august-klughardt\/#primaryimage"},"thumbnailUrl":"https:\/\/shop.verlag.uni-potsdam.de\/wp-content\/uploads\/asolmerce\/image-978-3-935024-42-6.jpg","datePublished":"2026-03-23T08:53:06+00:00","dateModified":"2026-03-23T10:54:06+00:00","breadcrumb":{"@id":"https:\/\/shop.verlag.uni-potsdam.de\/en\/shop\/august-klughardt\/#breadcrumb"},"inLanguage":"en-US","potentialAction":[{"@type":"ReadAction","target":[["https:\/\/shop.verlag.uni-potsdam.de\/en\/shop\/august-klughardt\/"]]}]},{"@type":"ImageObject","inLanguage":"en-US","@id":"https:\/\/shop.verlag.uni-potsdam.de\/en\/shop\/august-klughardt\/#primaryimage","url":"https:\/\/shop.verlag.uni-potsdam.de\/wp-content\/uploads\/asolmerce\/image-978-3-935024-42-6.jpg","contentUrl":"https:\/\/shop.verlag.uni-potsdam.de\/wp-content\/uploads\/asolmerce\/image-978-3-935024-42-6.jpg","width":1722,"height":2443},{"@type":"BreadcrumbList","@id":"https:\/\/shop.verlag.uni-potsdam.de\/en\/shop\/august-klughardt\/#breadcrumb","itemListElement":[{"@type":"ListItem","position":1,"name":"Startseite","item":"https:\/\/shop.verlag.uni-potsdam.de\/en\/"},{"@type":"ListItem","position":2,"name":"Shop","item":"https:\/\/shop.verlag.uni-potsdam.de\/en\/shop\/"},{"@type":"ListItem","position":3,"name":"August Klughardt"}]},{"@type":"WebSite","@id":"https:\/\/shop.verlag.uni-potsdam.de\/en\/#website","url":"https:\/\/shop.verlag.uni-potsdam.de\/en\/","name":"Universit\u00e4tsverlag Potsdam","description":"","publisher":{"@id":"https:\/\/shop.verlag.uni-potsdam.de\/en\/#organization"},"potentialAction":[{"@type":"SearchAction","target":{"@type":"EntryPoint","urlTemplate":"https:\/\/shop.verlag.uni-potsdam.de\/en\/?s={search_term_string}"},"query-input":{"@type":"PropertyValueSpecification","valueRequired":true,"valueName":"search_term_string"}}],"inLanguage":"en-US"},{"@type":"Organization","@id":"https:\/\/shop.verlag.uni-potsdam.de\/en\/#organization","name":"Universit\u00e4tsverlag Potsdam","url":"https:\/\/shop.verlag.uni-potsdam.de\/en\/","logo":{"@type":"ImageObject","inLanguage":"en-US","@id":"https:\/\/shop.verlag.uni-potsdam.de\/en\/#\/schema\/logo\/image\/","url":"https:\/\/shop.verlag.uni-potsdam.de\/wp-content\/uploads\/2017\/04\/up_logo_university_2.png","contentUrl":"https:\/\/shop.verlag.uni-potsdam.de\/wp-content\/uploads\/2017\/04\/up_logo_university_2.png","width":160,"height":172,"caption":"Universit\u00e4tsverlag Potsdam"},"image":{"@id":"https:\/\/shop.verlag.uni-potsdam.de\/en\/#\/schema\/logo\/image\/"}}]}},"_links":{"self":[{"href":"https:\/\/shop.verlag.uni-potsdam.de\/en\/wp-json\/wp\/v2\/product\/51914","targetHints":{"allow":["GET"]}}],"collection":[{"href":"https:\/\/shop.verlag.uni-potsdam.de\/en\/wp-json\/wp\/v2\/product"}],"about":[{"href":"https:\/\/shop.verlag.uni-potsdam.de\/en\/wp-json\/wp\/v2\/types\/product"}],"wp:featuredmedia":[{"embeddable":true,"href":"https:\/\/shop.verlag.uni-potsdam.de\/en\/wp-json\/wp\/v2\/media\/55128"}],"wp:attachment":[{"href":"https:\/\/shop.verlag.uni-potsdam.de\/en\/wp-json\/wp\/v2\/media?parent=51914"}],"wp:term":[{"taxonomy":"product_brand","embeddable":true,"href":"https:\/\/shop.verlag.uni-potsdam.de\/en\/wp-json\/wp\/v2\/product_brand?post=51914"},{"taxonomy":"product_cat","embeddable":true,"href":"https:\/\/shop.verlag.uni-potsdam.de\/en\/wp-json\/wp\/v2\/product_cat?post=51914"},{"taxonomy":"product_tag","embeddable":true,"href":"https:\/\/shop.verlag.uni-potsdam.de\/en\/wp-json\/wp\/v2\/product_tag?post=51914"}],"curies":[{"name":"wp","href":"https:\/\/api.w.org\/{rel}","templated":true}]}}