{"id":51944,"date":"2026-03-23T08:54:15","date_gmt":"2026-03-23T08:54:15","guid":{"rendered":"http:\/\/shop.verlag.uni-potsdam.de\/produkt\/deppner-el-aleph-eine-metapher-der-moderne-und-ihrer-differance\/"},"modified":"2026-03-23T11:55:15","modified_gmt":"2026-03-23T10:55:15","slug":"el-aleph","status":"publish","type":"product","link":"https:\/\/shop.verlag.uni-potsdam.de\/en\/shop\/el-aleph\/","title":{"rendered":"El Aleph"},"content":{"rendered":"<p class=\"qtranxs-available-languages-message qtranxs-available-languages-message-en\">Sorry, this entry is only available in <a href=\"https:\/\/shop.verlag.uni-potsdam.de\/de\/wp-json\/wp\/v2\/product\/51944\" class=\"qtranxs-available-language-link qtranxs-available-language-link-de\" title=\"Deutsch\">Deutsch<\/a>.<\/p><p>Der argentinische Schriftsteller Jorge Luis Borges (1899-1986) gilt als ein Literat, der bereits in seinen Werken der 30er und 40er Jahre des 20. Jahrhunderts Strukturen geschaffen hat, die sp\u00e4ter die Postmoderne pr\u00e4gen sollten. Foucault hat sich auf ihn berufen. Borges Erz\u00e4hlungen sind insbesondere von intertextuellen Bezugnahmen und sich in Paradoxien verstrickende Narrative durchzogen. Die Folge ist ein dezentrierter sowie dialogisierender Text, der keine eindeutige Aussage hervorbringt, sondern in einer vielstimmigen und unabgeschlossenen Textauslegung zur Wirkung kommt. <\/p>\n<p>Die vorliegende Studie stellt zur Diskussion, ob ein wesentlicher Grund f\u00fcr Borges\u2019 innovatives, die literarische Postmoderne pr\u00e4gendes Textkonzept darin gesehen werden kann, dass sich der argentinische Schriftsteller nachweislich mit j\u00fcdischer Schriftkultur auseinandergesetzt hat. Geht man davon aus, dass die in j\u00fcdischer Tradition kultivierte mehrschichtige Textdeutung zugleich einen permanenten, unendlichen Rezeptionsprozess zur Folge hat wird deutlich, dass diese Tradition nicht nur kompatibel zu Borges\u2019 Literatur ist, sondern auch zahlreiche Reflexionen in der modernen Literatur und Literaturforschung angeregt hat.<\/p>","protected":false},"excerpt":{"rendered":"<p class=\"qtranxs-available-languages-message qtranxs-available-languages-message-en\">Sorry, this entry is only available in <a href=\"https:\/\/shop.verlag.uni-potsdam.de\/de\/wp-json\/wp\/v2\/product\/51944\" class=\"qtranxs-available-language-link qtranxs-available-language-link-de\" title=\"Deutsch\">Deutsch<\/a>.<\/p>\n<p>Der argentinische Schriftsteller Jorge Luis Borges (1899-1986) gilt als ein Literat, der bereits in seinen Werken der 30er und 40er Jahre des 20. Jahrhunderts Strukturen geschaffen hat, die sp\u00e4ter die Postmoderne pr\u00e4gen sollten. Foucault hat sich auf ihn berufen. Borges Erz\u00e4hlungen sind insbesondere von intertextuellen Bezugnahmen und sich in Paradoxien verstrickende Narrative durchzogen. Die Folge ist ein dezentrierter sowie dialogisierender Text, der keine eindeutige Aussage hervorbringt, sondern in einer vielstimmigen und unabgeschlossenen Textauslegung zur Wirkung kommt. <\/p>\n<p>Die vorliegende Studie stellt zur Diskussion, ob ein wesentlicher Grund f\u00fcr Borges\u2019 innovatives, die literarische Postmoderne pr\u00e4gendes Textkonzept darin gesehen werden kann, dass sich der argentinische Schriftsteller nachweislich mit j\u00fcdischer Schriftkultur auseinandergesetzt hat. Geht man davon aus, dass die in j\u00fcdischer Tradition kultivierte mehrschichtige Textdeutung zugleich einen permanenten, unendlichen Rezeptionsprozess zur Folge hat wird deutlich, dass diese Tradition nicht nur kompatibel zu Borges\u2019 Literatur ist, sondern auch zahlreiche Reflexionen in der modernen Literatur und Literaturforschung angeregt hat.<\/p>\n","protected":false},"featured_media":54210,"template":"","meta":{"_acf_changed":false},"product_brand":[],"product_cat":[6226,6229],"product_tag":[5393],"class_list":{"0":"post-51944","1":"product","2":"type-product","3":"status-publish","4":"has-post-thumbnail","6":"product_cat-religion-theologie","7":"product_cat-sprachwissenschaft-literaturwissenschaft-web-kategorie","8":"product_tag-exil-exile-imagism-imagismus-jewishmysticism-juedische-mystik-post-structuralism-poststrukturalismus","9":"autor-corinna-deppner","10":"reihe-pri-ha-pardes","12":"first","13":"instock","14":"shipping-taxable","15":"purchasable","16":"product-type-simple"},"acf":[],"yoast_head":"<!-- This site is optimized with the Yoast SEO plugin v27.1.1 - https:\/\/yoast.com\/product\/yoast-seo-wordpress\/ -->\n<title>El Aleph - Universit\u00e4tsverlag Potsdam<\/title>\n<meta name=\"robots\" content=\"index, follow, max-snippet:-1, max-image-preview:large, max-video-preview:-1\" \/>\n<link rel=\"canonical\" href=\"https:\/\/shop.verlag.uni-potsdam.de\/en\/shop\/el-aleph\/\" \/>\n<meta property=\"og:locale\" content=\"en_US\" \/>\n<meta property=\"og:type\" content=\"article\" \/>\n<meta property=\"og:title\" content=\"El Aleph - Universit\u00e4tsverlag Potsdam\" \/>\n<meta property=\"og:description\" content=\"Der argentinische Schriftsteller Jorge Luis Borges (1899-1986) gilt als ein Literat, der bereits in seinen Werken der 30er und 40er Jahre des 20. Jahrhunderts Strukturen geschaffen hat, die sp\u00e4ter die Postmoderne pr\u00e4gen sollten. Foucault hat sich auf ihn berufen. Borges Erz\u00e4hlungen sind insbesondere von intertextuellen Bezugnahmen und sich in Paradoxien verstrickende Narrative durchzogen. Die Folge ist ein dezentrierter sowie dialogisierender Text, der keine eindeutige Aussage hervorbringt, sondern in einer vielstimmigen und unabgeschlossenen Textauslegung zur Wirkung kommt. Die vorliegende Studie stellt zur Diskussion, ob ein wesentlicher Grund f\u00fcr Borges\u2019 innovatives, die literarische Postmoderne pr\u00e4gendes Textkonzept darin gesehen werden kann, dass sich der argentinische Schriftsteller nachweislich mit j\u00fcdischer Schriftkultur auseinandergesetzt hat. Geht man davon aus, dass die in j\u00fcdischer Tradition kultivierte mehrschichtige Textdeutung zugleich einen permanenten, unendlichen Rezeptionsprozess zur Folge hat wird deutlich, dass diese Tradition nicht nur kompatibel zu Borges\u2019 Literatur ist, sondern auch zahlreiche Reflexionen in der modernen Literatur und Literaturforschung angeregt hat.\" \/>\n<meta property=\"og:url\" content=\"https:\/\/shop.verlag.uni-potsdam.de\/en\/shop\/el-aleph\/\" \/>\n<meta property=\"og:site_name\" content=\"Universit\u00e4tsverlag Potsdam\" \/>\n<meta property=\"article:modified_time\" content=\"2026-03-23T10:55:15+00:00\" \/>\n<meta property=\"og:image\" content=\"https:\/\/shop.verlag.uni-potsdam.de\/wp-content\/uploads\/asolmerce\/image-9783869563756.jpg\" \/>\n\t<meta property=\"og:image:width\" content=\"451\" \/>\n\t<meta property=\"og:image:height\" content=\"640\" \/>\n\t<meta property=\"og:image:type\" content=\"image\/jpeg\" \/>\n<meta name=\"twitter:card\" content=\"summary_large_image\" \/>\n<meta name=\"twitter:label1\" content=\"Est. reading time\" \/>\n\t<meta name=\"twitter:data1\" content=\"1 minute\" \/>\n<script type=\"application\/ld+json\" class=\"yoast-schema-graph\">{\"@context\":\"https:\/\/schema.org\",\"@graph\":[{\"@type\":\"WebPage\",\"@id\":\"https:\/\/shop.verlag.uni-potsdam.de\/en\/shop\/el-aleph\/\",\"url\":\"https:\/\/shop.verlag.uni-potsdam.de\/en\/shop\/el-aleph\/\",\"name\":\"El Aleph - Universit\u00e4tsverlag Potsdam\",\"isPartOf\":{\"@id\":\"https:\/\/shop.verlag.uni-potsdam.de\/en\/#website\"},\"primaryImageOfPage\":{\"@id\":\"https:\/\/shop.verlag.uni-potsdam.de\/en\/shop\/el-aleph\/#primaryimage\"},\"image\":{\"@id\":\"https:\/\/shop.verlag.uni-potsdam.de\/shop\/el-aleph\/#primaryimage\"},\"thumbnailUrl\":\"https:\/\/shop.verlag.uni-potsdam.de\/wp-content\/uploads\/asolmerce\/image-9783869563756.jpg\",\"datePublished\":\"2026-03-23T08:54:15+00:00\",\"dateModified\":\"2026-03-23T10:55:15+00:00\",\"breadcrumb\":{\"@id\":\"https:\/\/shop.verlag.uni-potsdam.de\/en\/shop\/el-aleph\/#breadcrumb\"},\"inLanguage\":\"en-US\",\"potentialAction\":[{\"@type\":\"ReadAction\",\"target\":[[\"https:\/\/shop.verlag.uni-potsdam.de\/en\/shop\/el-aleph\/\"]]}]},{\"@type\":\"ImageObject\",\"inLanguage\":\"en-US\",\"@id\":\"https:\/\/shop.verlag.uni-potsdam.de\/en\/shop\/el-aleph\/#primaryimage\",\"url\":\"https:\/\/shop.verlag.uni-potsdam.de\/wp-content\/uploads\/asolmerce\/image-9783869563756.jpg\",\"contentUrl\":\"https:\/\/shop.verlag.uni-potsdam.de\/wp-content\/uploads\/asolmerce\/image-9783869563756.jpg\",\"width\":451,\"height\":640},{\"@type\":\"BreadcrumbList\",\"@id\":\"https:\/\/shop.verlag.uni-potsdam.de\/en\/shop\/el-aleph\/#breadcrumb\",\"itemListElement\":[{\"@type\":\"ListItem\",\"position\":1,\"name\":\"Startseite\",\"item\":\"https:\/\/shop.verlag.uni-potsdam.de\/en\/\"},{\"@type\":\"ListItem\",\"position\":2,\"name\":\"Shop\",\"item\":\"https:\/\/shop.verlag.uni-potsdam.de\/en\/shop\/\"},{\"@type\":\"ListItem\",\"position\":3,\"name\":\"El Aleph\"}]},{\"@type\":\"WebSite\",\"@id\":\"https:\/\/shop.verlag.uni-potsdam.de\/en\/#website\",\"url\":\"https:\/\/shop.verlag.uni-potsdam.de\/en\/\",\"name\":\"Universit\u00e4tsverlag Potsdam\",\"description\":\"\",\"publisher\":{\"@id\":\"https:\/\/shop.verlag.uni-potsdam.de\/en\/#organization\"},\"potentialAction\":[{\"@type\":\"SearchAction\",\"target\":{\"@type\":\"EntryPoint\",\"urlTemplate\":\"https:\/\/shop.verlag.uni-potsdam.de\/en\/?s={search_term_string}\"},\"query-input\":{\"@type\":\"PropertyValueSpecification\",\"valueRequired\":true,\"valueName\":\"search_term_string\"}}],\"inLanguage\":\"en-US\"},{\"@type\":\"Organization\",\"@id\":\"https:\/\/shop.verlag.uni-potsdam.de\/en\/#organization\",\"name\":\"Universit\u00e4tsverlag Potsdam\",\"url\":\"https:\/\/shop.verlag.uni-potsdam.de\/en\/\",\"logo\":{\"@type\":\"ImageObject\",\"inLanguage\":\"en-US\",\"@id\":\"https:\/\/shop.verlag.uni-potsdam.de\/en\/#\/schema\/logo\/image\/\",\"url\":\"https:\/\/shop.verlag.uni-potsdam.de\/wp-content\/uploads\/2017\/04\/up_logo_university_2.png\",\"contentUrl\":\"https:\/\/shop.verlag.uni-potsdam.de\/wp-content\/uploads\/2017\/04\/up_logo_university_2.png\",\"width\":160,\"height\":172,\"caption\":\"Universit\u00e4tsverlag Potsdam\"},\"image\":{\"@id\":\"https:\/\/shop.verlag.uni-potsdam.de\/en\/#\/schema\/logo\/image\/\"}}]}<\/script>\n<!-- \/ Yoast SEO plugin. -->","yoast_head_json":{"title":"El Aleph - Universit\u00e4tsverlag Potsdam","robots":{"index":"index","follow":"follow","max-snippet":"max-snippet:-1","max-image-preview":"max-image-preview:large","max-video-preview":"max-video-preview:-1"},"canonical":"https:\/\/shop.verlag.uni-potsdam.de\/en\/shop\/el-aleph\/","og_locale":"en_US","og_type":"article","og_title":"El Aleph - Universit\u00e4tsverlag Potsdam","og_description":"Der argentinische Schriftsteller Jorge Luis Borges (1899-1986) gilt als ein Literat, der bereits in seinen Werken der 30er und 40er Jahre des 20. Jahrhunderts Strukturen geschaffen hat, die sp\u00e4ter die Postmoderne pr\u00e4gen sollten. Foucault hat sich auf ihn berufen. Borges Erz\u00e4hlungen sind insbesondere von intertextuellen Bezugnahmen und sich in Paradoxien verstrickende Narrative durchzogen. Die Folge ist ein dezentrierter sowie dialogisierender Text, der keine eindeutige Aussage hervorbringt, sondern in einer vielstimmigen und unabgeschlossenen Textauslegung zur Wirkung kommt. Die vorliegende Studie stellt zur Diskussion, ob ein wesentlicher Grund f\u00fcr Borges\u2019 innovatives, die literarische Postmoderne pr\u00e4gendes Textkonzept darin gesehen werden kann, dass sich der argentinische Schriftsteller nachweislich mit j\u00fcdischer Schriftkultur auseinandergesetzt hat. Geht man davon aus, dass die in j\u00fcdischer Tradition kultivierte mehrschichtige Textdeutung zugleich einen permanenten, unendlichen Rezeptionsprozess zur Folge hat wird deutlich, dass diese Tradition nicht nur kompatibel zu Borges\u2019 Literatur ist, sondern auch zahlreiche Reflexionen in der modernen Literatur und Literaturforschung angeregt hat.","og_url":"https:\/\/shop.verlag.uni-potsdam.de\/en\/shop\/el-aleph\/","og_site_name":"Universit\u00e4tsverlag Potsdam","article_modified_time":"2026-03-23T10:55:15+00:00","og_image":[{"width":451,"height":640,"url":"https:\/\/shop.verlag.uni-potsdam.de\/wp-content\/uploads\/asolmerce\/image-9783869563756.jpg","type":"image\/jpeg"}],"twitter_card":"summary_large_image","twitter_misc":{"Est. reading time":"1 minute"},"schema":{"@context":"https:\/\/schema.org","@graph":[{"@type":"WebPage","@id":"https:\/\/shop.verlag.uni-potsdam.de\/en\/shop\/el-aleph\/","url":"https:\/\/shop.verlag.uni-potsdam.de\/en\/shop\/el-aleph\/","name":"El Aleph - Universit\u00e4tsverlag Potsdam","isPartOf":{"@id":"https:\/\/shop.verlag.uni-potsdam.de\/en\/#website"},"primaryImageOfPage":{"@id":"https:\/\/shop.verlag.uni-potsdam.de\/en\/shop\/el-aleph\/#primaryimage"},"image":{"@id":"https:\/\/shop.verlag.uni-potsdam.de\/shop\/el-aleph\/#primaryimage"},"thumbnailUrl":"https:\/\/shop.verlag.uni-potsdam.de\/wp-content\/uploads\/asolmerce\/image-9783869563756.jpg","datePublished":"2026-03-23T08:54:15+00:00","dateModified":"2026-03-23T10:55:15+00:00","breadcrumb":{"@id":"https:\/\/shop.verlag.uni-potsdam.de\/en\/shop\/el-aleph\/#breadcrumb"},"inLanguage":"en-US","potentialAction":[{"@type":"ReadAction","target":[["https:\/\/shop.verlag.uni-potsdam.de\/en\/shop\/el-aleph\/"]]}]},{"@type":"ImageObject","inLanguage":"en-US","@id":"https:\/\/shop.verlag.uni-potsdam.de\/en\/shop\/el-aleph\/#primaryimage","url":"https:\/\/shop.verlag.uni-potsdam.de\/wp-content\/uploads\/asolmerce\/image-9783869563756.jpg","contentUrl":"https:\/\/shop.verlag.uni-potsdam.de\/wp-content\/uploads\/asolmerce\/image-9783869563756.jpg","width":451,"height":640},{"@type":"BreadcrumbList","@id":"https:\/\/shop.verlag.uni-potsdam.de\/en\/shop\/el-aleph\/#breadcrumb","itemListElement":[{"@type":"ListItem","position":1,"name":"Startseite","item":"https:\/\/shop.verlag.uni-potsdam.de\/en\/"},{"@type":"ListItem","position":2,"name":"Shop","item":"https:\/\/shop.verlag.uni-potsdam.de\/en\/shop\/"},{"@type":"ListItem","position":3,"name":"El Aleph"}]},{"@type":"WebSite","@id":"https:\/\/shop.verlag.uni-potsdam.de\/en\/#website","url":"https:\/\/shop.verlag.uni-potsdam.de\/en\/","name":"Universit\u00e4tsverlag Potsdam","description":"","publisher":{"@id":"https:\/\/shop.verlag.uni-potsdam.de\/en\/#organization"},"potentialAction":[{"@type":"SearchAction","target":{"@type":"EntryPoint","urlTemplate":"https:\/\/shop.verlag.uni-potsdam.de\/en\/?s={search_term_string}"},"query-input":{"@type":"PropertyValueSpecification","valueRequired":true,"valueName":"search_term_string"}}],"inLanguage":"en-US"},{"@type":"Organization","@id":"https:\/\/shop.verlag.uni-potsdam.de\/en\/#organization","name":"Universit\u00e4tsverlag Potsdam","url":"https:\/\/shop.verlag.uni-potsdam.de\/en\/","logo":{"@type":"ImageObject","inLanguage":"en-US","@id":"https:\/\/shop.verlag.uni-potsdam.de\/en\/#\/schema\/logo\/image\/","url":"https:\/\/shop.verlag.uni-potsdam.de\/wp-content\/uploads\/2017\/04\/up_logo_university_2.png","contentUrl":"https:\/\/shop.verlag.uni-potsdam.de\/wp-content\/uploads\/2017\/04\/up_logo_university_2.png","width":160,"height":172,"caption":"Universit\u00e4tsverlag Potsdam"},"image":{"@id":"https:\/\/shop.verlag.uni-potsdam.de\/en\/#\/schema\/logo\/image\/"}}]}},"_links":{"self":[{"href":"https:\/\/shop.verlag.uni-potsdam.de\/en\/wp-json\/wp\/v2\/product\/51944","targetHints":{"allow":["GET"]}}],"collection":[{"href":"https:\/\/shop.verlag.uni-potsdam.de\/en\/wp-json\/wp\/v2\/product"}],"about":[{"href":"https:\/\/shop.verlag.uni-potsdam.de\/en\/wp-json\/wp\/v2\/types\/product"}],"wp:featuredmedia":[{"embeddable":true,"href":"https:\/\/shop.verlag.uni-potsdam.de\/en\/wp-json\/wp\/v2\/media\/54210"}],"wp:attachment":[{"href":"https:\/\/shop.verlag.uni-potsdam.de\/en\/wp-json\/wp\/v2\/media?parent=51944"}],"wp:term":[{"taxonomy":"product_brand","embeddable":true,"href":"https:\/\/shop.verlag.uni-potsdam.de\/en\/wp-json\/wp\/v2\/product_brand?post=51944"},{"taxonomy":"product_cat","embeddable":true,"href":"https:\/\/shop.verlag.uni-potsdam.de\/en\/wp-json\/wp\/v2\/product_cat?post=51944"},{"taxonomy":"product_tag","embeddable":true,"href":"https:\/\/shop.verlag.uni-potsdam.de\/en\/wp-json\/wp\/v2\/product_tag?post=51944"}],"curies":[{"name":"wp","href":"https:\/\/api.w.org\/{rel}","templated":true}]}}