{"id":51947,"date":"2026-03-23T08:54:15","date_gmt":"2026-03-23T08:54:15","guid":{"rendered":"http:\/\/shop.verlag.uni-potsdam.de\/produkt\/mitidieri-wissenschaft-technik-und-medien-im-werk-alfred-doeblins-im-kontext-der-europaeischen-avantgarde\/"},"modified":"2026-03-23T11:55:15","modified_gmt":"2026-03-23T10:55:15","slug":"wissenschaft-technik-und-medien-im-werk-alfred-doeblins-im-kontext-der-europaeischen-avantgarde","status":"publish","type":"product","link":"https:\/\/shop.verlag.uni-potsdam.de\/en\/shop\/wissenschaft-technik-und-medien-im-werk-alfred-doeblins-im-kontext-der-europaeischen-avantgarde\/","title":{"rendered":"Wissenschaft, Technik und Medien im Werk Alfred D\u00f6blins im Kontext der europ\u00e4ischen Avantgarde"},"content":{"rendered":"<p>Aim of this study is to discover, in despite of the seldom and incomplete research in that field, the multiform two-way relationships between science\/technology and literature on the outstanding example of the work of the writer, physician and psychiatrist Alfred D\u00f6blin. Indeed, his medical studies and job, which themselves relate to many scientific discourses, as well as his avant-garde writing techniques seem to have promoted this mutual influence.    With regards to the object and aim, this research is intended as a cultural study. In that frame which assumes the interaction of all cultural practices within a omni-comprehensive culture field is possible to experiment the interaction between a variety of approaches, such as the classical philological and the constructivist and the comparatist ones;it let easy connect literary history with science philosophy and critical studies of technology.  The study focalizes its attention on topics and ways of seeing and representation as well as on features of writing techniques which can be related to science and technology in D\u00f6blin\u2019s literary work until 1924. In the same way, it draws attention to the linguistic and literary aspects of his scientific articles and technical texts. The analysis of D\u00f6blin\u2019s psychiatric, clinical and biochemical studies as well as of his literary works and nonfiction writings about society and popular science, not to forget his reflexion concerning the new audiovisual media, shows a interdiscursivity, which cross the boundaries between the \u2018two cultures\u2019, as well as it has an apparent critical function of the \u2018orders of discourse\u2019. In connection with it, the study shows the hybridity of all D\u00f6blin\u2019s texts, which relativize basic distinctions between types of text as well as between genres.<\/p>","protected":false},"excerpt":{"rendered":"<p>Aim of this study is to discover, in despite of the seldom and incomplete research in that field, the multiform two-way relationships between science\/technology and literature on the outstanding example of the work of the writer, physician and psychiatrist Alfred D\u00f6blin. Indeed, his medical studies and job, which themselves relate to many scientific discourses, as well as his avant-garde writing techniques seem to have promoted this mutual influence.    With regards to the object and aim, this research is intended as a cultural study. In that frame which assumes the interaction of all cultural practices within a omni-comprehensive culture field is possible to experiment the interaction between a variety of approaches, such as the classical philological and the constructivist and the comparatist ones;it let easy connect literary history with science philosophy and critical studies of technology.  The study focalizes its attention on topics and ways of seeing and representation as well as on features of writing techniques which can be related to science and technology in D\u00f6blin\u2019s literary work until 1924. In the same way, it draws attention to the linguistic and literary aspects of his scientific articles and technical texts. The analysis of D\u00f6blin\u2019s psychiatric, clinical and biochemical studies as well as of his literary works and nonfiction writings about society and popular science, not to forget his reflexion concerning the new audiovisual media, shows a interdiscursivity, which cross the boundaries between the \u2018two cultures\u2019, as well as it has an apparent critical function of the \u2018orders of discourse\u2019. In connection with it, the study shows the hybridity of all D\u00f6blin\u2019s texts, which relativize basic distinctions between types of text as well as between genres.<\/p>\n","protected":false},"featured_media":54206,"template":"","meta":{"_acf_changed":false},"product_brand":[],"product_cat":[6229],"product_tag":[5156],"class_list":{"0":"post-51947","1":"product","2":"type-product","3":"status-publish","4":"has-post-thumbnail","6":"product_cat-sprachwissenschaft-literaturwissenschaft-web-kategorie","7":"product_tag-alfred-avantgarde-doeblin-germanistik-literatur-medien-technik-wissenschaft","8":"autor-gaetano-mitidieri","10":"first","11":"instock","12":"shipping-taxable","13":"purchasable","14":"product-type-simple"},"acf":[],"yoast_head":"<!-- This site is optimized with the Yoast SEO plugin v27.1.1 - https:\/\/yoast.com\/product\/yoast-seo-wordpress\/ -->\n<title>Wissenschaft, Technik und Medien im Werk Alfred D\u00f6blins im Kontext der europ\u00e4ischen Avantgarde - Universit\u00e4tsverlag Potsdam<\/title>\n<meta name=\"robots\" content=\"index, follow, max-snippet:-1, max-image-preview:large, max-video-preview:-1\" \/>\n<link rel=\"canonical\" href=\"https:\/\/shop.verlag.uni-potsdam.de\/en\/shop\/wissenschaft-technik-und-medien-im-werk-alfred-doeblins-im-kontext-der-europaeischen-avantgarde\/\" \/>\n<meta property=\"og:locale\" content=\"en_US\" \/>\n<meta property=\"og:type\" content=\"article\" \/>\n<meta property=\"og:title\" content=\"Wissenschaft, Technik und Medien im Werk Alfred D\u00f6blins im Kontext der europ\u00e4ischen Avantgarde - Universit\u00e4tsverlag Potsdam\" \/>\n<meta property=\"og:description\" content=\"Aim of this study is to discover, in despite of the seldom and incomplete research in that field, the multiform two-way relationships between science\/technology and literature on the outstanding example of the work of the writer, physician and psychiatrist Alfred D\u00f6blin. Indeed, his medical studies and job, which themselves relate to many scientific discourses, as well as his avant-garde writing techniques seem to have promoted this mutual influence.  With regards to the object and aim, this research is intended as a cultural study. In that frame which assumes the interaction of all cultural practices within a omni-comprehensive culture field is possible to experiment the interaction between a variety of approaches, such as the classical philological and the constructivist and the comparatist ones;it let easy connect literary history with science philosophy and critical studies of technology. The study focalizes its attention on topics and ways of seeing and representation as well as on features of writing techniques which can be related to science and technology in D\u00f6blin\u2019s literary work until 1924. In the same way, it draws attention to the linguistic and literary aspects of his scientific articles and technical texts. The analysis of D\u00f6blin\u2019s psychiatric, clinical and biochemical studies as well as of his literary works and nonfiction writings about society and popular science, not to forget his reflexion concerning the new audiovisual media, shows a interdiscursivity, which cross the boundaries between the \u2018two cultures\u2019, as well as it has an apparent critical function of the \u2018orders of discourse\u2019. In connection with it, the study shows the hybridity of all D\u00f6blin\u2019s texts, which relativize basic distinctions between types of text as well as between genres.\" \/>\n<meta property=\"og:url\" content=\"https:\/\/shop.verlag.uni-potsdam.de\/en\/shop\/wissenschaft-technik-und-medien-im-werk-alfred-doeblins-im-kontext-der-europaeischen-avantgarde\/\" \/>\n<meta property=\"og:site_name\" content=\"Universit\u00e4tsverlag Potsdam\" \/>\n<meta property=\"article:modified_time\" content=\"2026-03-23T10:55:15+00:00\" \/>\n<meta property=\"og:image\" content=\"https:\/\/shop.verlag.uni-potsdam.de\/wp-content\/uploads\/asolmerce\/image-9783869563640.jpg\" \/>\n\t<meta property=\"og:image:width\" content=\"451\" \/>\n\t<meta property=\"og:image:height\" content=\"640\" \/>\n\t<meta property=\"og:image:type\" content=\"image\/jpeg\" \/>\n<meta name=\"twitter:card\" content=\"summary_large_image\" \/>\n<meta name=\"twitter:label1\" content=\"Est. reading time\" \/>\n\t<meta name=\"twitter:data1\" content=\"3 minutes\" \/>\n<script type=\"application\/ld+json\" class=\"yoast-schema-graph\">{\"@context\":\"https:\/\/schema.org\",\"@graph\":[{\"@type\":\"WebPage\",\"@id\":\"https:\/\/shop.verlag.uni-potsdam.de\/en\/shop\/wissenschaft-technik-und-medien-im-werk-alfred-doeblins-im-kontext-der-europaeischen-avantgarde\/\",\"url\":\"https:\/\/shop.verlag.uni-potsdam.de\/en\/shop\/wissenschaft-technik-und-medien-im-werk-alfred-doeblins-im-kontext-der-europaeischen-avantgarde\/\",\"name\":\"Wissenschaft, Technik und Medien im Werk Alfred D\u00f6blins im Kontext der europ\u00e4ischen Avantgarde - Universit\u00e4tsverlag Potsdam\",\"isPartOf\":{\"@id\":\"https:\/\/shop.verlag.uni-potsdam.de\/en\/#website\"},\"primaryImageOfPage\":{\"@id\":\"https:\/\/shop.verlag.uni-potsdam.de\/en\/shop\/wissenschaft-technik-und-medien-im-werk-alfred-doeblins-im-kontext-der-europaeischen-avantgarde\/#primaryimage\"},\"image\":{\"@id\":\"https:\/\/shop.verlag.uni-potsdam.de\/shop\/wissenschaft-technik-und-medien-im-werk-alfred-doeblins-im-kontext-der-europaeischen-avantgarde\/#primaryimage\"},\"thumbnailUrl\":\"https:\/\/shop.verlag.uni-potsdam.de\/wp-content\/uploads\/asolmerce\/image-9783869563640.jpg\",\"datePublished\":\"2026-03-23T08:54:15+00:00\",\"dateModified\":\"2026-03-23T10:55:15+00:00\",\"breadcrumb\":{\"@id\":\"https:\/\/shop.verlag.uni-potsdam.de\/en\/shop\/wissenschaft-technik-und-medien-im-werk-alfred-doeblins-im-kontext-der-europaeischen-avantgarde\/#breadcrumb\"},\"inLanguage\":\"en-US\",\"potentialAction\":[{\"@type\":\"ReadAction\",\"target\":[[\"https:\/\/shop.verlag.uni-potsdam.de\/en\/shop\/wissenschaft-technik-und-medien-im-werk-alfred-doeblins-im-kontext-der-europaeischen-avantgarde\/\"]]}]},{\"@type\":\"ImageObject\",\"inLanguage\":\"en-US\",\"@id\":\"https:\/\/shop.verlag.uni-potsdam.de\/en\/shop\/wissenschaft-technik-und-medien-im-werk-alfred-doeblins-im-kontext-der-europaeischen-avantgarde\/#primaryimage\",\"url\":\"https:\/\/shop.verlag.uni-potsdam.de\/wp-content\/uploads\/asolmerce\/image-9783869563640.jpg\",\"contentUrl\":\"https:\/\/shop.verlag.uni-potsdam.de\/wp-content\/uploads\/asolmerce\/image-9783869563640.jpg\",\"width\":451,\"height\":640},{\"@type\":\"BreadcrumbList\",\"@id\":\"https:\/\/shop.verlag.uni-potsdam.de\/en\/shop\/wissenschaft-technik-und-medien-im-werk-alfred-doeblins-im-kontext-der-europaeischen-avantgarde\/#breadcrumb\",\"itemListElement\":[{\"@type\":\"ListItem\",\"position\":1,\"name\":\"Startseite\",\"item\":\"https:\/\/shop.verlag.uni-potsdam.de\/en\/\"},{\"@type\":\"ListItem\",\"position\":2,\"name\":\"Shop\",\"item\":\"https:\/\/shop.verlag.uni-potsdam.de\/en\/shop\/\"},{\"@type\":\"ListItem\",\"position\":3,\"name\":\"Wissenschaft, Technik und Medien im Werk Alfred D\u00f6blins im Kontext der europ\u00e4ischen Avantgarde\"}]},{\"@type\":\"WebSite\",\"@id\":\"https:\/\/shop.verlag.uni-potsdam.de\/en\/#website\",\"url\":\"https:\/\/shop.verlag.uni-potsdam.de\/en\/\",\"name\":\"Universit\u00e4tsverlag Potsdam\",\"description\":\"\",\"publisher\":{\"@id\":\"https:\/\/shop.verlag.uni-potsdam.de\/en\/#organization\"},\"potentialAction\":[{\"@type\":\"SearchAction\",\"target\":{\"@type\":\"EntryPoint\",\"urlTemplate\":\"https:\/\/shop.verlag.uni-potsdam.de\/en\/?s={search_term_string}\"},\"query-input\":{\"@type\":\"PropertyValueSpecification\",\"valueRequired\":true,\"valueName\":\"search_term_string\"}}],\"inLanguage\":\"en-US\"},{\"@type\":\"Organization\",\"@id\":\"https:\/\/shop.verlag.uni-potsdam.de\/en\/#organization\",\"name\":\"Universit\u00e4tsverlag Potsdam\",\"url\":\"https:\/\/shop.verlag.uni-potsdam.de\/en\/\",\"logo\":{\"@type\":\"ImageObject\",\"inLanguage\":\"en-US\",\"@id\":\"https:\/\/shop.verlag.uni-potsdam.de\/en\/#\/schema\/logo\/image\/\",\"url\":\"https:\/\/shop.verlag.uni-potsdam.de\/wp-content\/uploads\/2017\/04\/up_logo_university_2.png\",\"contentUrl\":\"https:\/\/shop.verlag.uni-potsdam.de\/wp-content\/uploads\/2017\/04\/up_logo_university_2.png\",\"width\":160,\"height\":172,\"caption\":\"Universit\u00e4tsverlag Potsdam\"},\"image\":{\"@id\":\"https:\/\/shop.verlag.uni-potsdam.de\/en\/#\/schema\/logo\/image\/\"}}]}<\/script>\n<!-- \/ Yoast SEO plugin. -->","yoast_head_json":{"title":"Wissenschaft, Technik und Medien im Werk Alfred D\u00f6blins im Kontext der europ\u00e4ischen Avantgarde - Universit\u00e4tsverlag Potsdam","robots":{"index":"index","follow":"follow","max-snippet":"max-snippet:-1","max-image-preview":"max-image-preview:large","max-video-preview":"max-video-preview:-1"},"canonical":"https:\/\/shop.verlag.uni-potsdam.de\/en\/shop\/wissenschaft-technik-und-medien-im-werk-alfred-doeblins-im-kontext-der-europaeischen-avantgarde\/","og_locale":"en_US","og_type":"article","og_title":"Wissenschaft, Technik und Medien im Werk Alfred D\u00f6blins im Kontext der europ\u00e4ischen Avantgarde - Universit\u00e4tsverlag Potsdam","og_description":"Aim of this study is to discover, in despite of the seldom and incomplete research in that field, the multiform two-way relationships between science\/technology and literature on the outstanding example of the work of the writer, physician and psychiatrist Alfred D\u00f6blin. Indeed, his medical studies and job, which themselves relate to many scientific discourses, as well as his avant-garde writing techniques seem to have promoted this mutual influence.  With regards to the object and aim, this research is intended as a cultural study. In that frame which assumes the interaction of all cultural practices within a omni-comprehensive culture field is possible to experiment the interaction between a variety of approaches, such as the classical philological and the constructivist and the comparatist ones;it let easy connect literary history with science philosophy and critical studies of technology. The study focalizes its attention on topics and ways of seeing and representation as well as on features of writing techniques which can be related to science and technology in D\u00f6blin\u2019s literary work until 1924. In the same way, it draws attention to the linguistic and literary aspects of his scientific articles and technical texts. The analysis of D\u00f6blin\u2019s psychiatric, clinical and biochemical studies as well as of his literary works and nonfiction writings about society and popular science, not to forget his reflexion concerning the new audiovisual media, shows a interdiscursivity, which cross the boundaries between the \u2018two cultures\u2019, as well as it has an apparent critical function of the \u2018orders of discourse\u2019. In connection with it, the study shows the hybridity of all D\u00f6blin\u2019s texts, which relativize basic distinctions between types of text as well as between genres.","og_url":"https:\/\/shop.verlag.uni-potsdam.de\/en\/shop\/wissenschaft-technik-und-medien-im-werk-alfred-doeblins-im-kontext-der-europaeischen-avantgarde\/","og_site_name":"Universit\u00e4tsverlag Potsdam","article_modified_time":"2026-03-23T10:55:15+00:00","og_image":[{"width":451,"height":640,"url":"https:\/\/shop.verlag.uni-potsdam.de\/wp-content\/uploads\/asolmerce\/image-9783869563640.jpg","type":"image\/jpeg"}],"twitter_card":"summary_large_image","twitter_misc":{"Est. reading time":"3 minutes"},"schema":{"@context":"https:\/\/schema.org","@graph":[{"@type":"WebPage","@id":"https:\/\/shop.verlag.uni-potsdam.de\/en\/shop\/wissenschaft-technik-und-medien-im-werk-alfred-doeblins-im-kontext-der-europaeischen-avantgarde\/","url":"https:\/\/shop.verlag.uni-potsdam.de\/en\/shop\/wissenschaft-technik-und-medien-im-werk-alfred-doeblins-im-kontext-der-europaeischen-avantgarde\/","name":"Wissenschaft, Technik und Medien im Werk Alfred D\u00f6blins im Kontext der europ\u00e4ischen Avantgarde - Universit\u00e4tsverlag Potsdam","isPartOf":{"@id":"https:\/\/shop.verlag.uni-potsdam.de\/en\/#website"},"primaryImageOfPage":{"@id":"https:\/\/shop.verlag.uni-potsdam.de\/en\/shop\/wissenschaft-technik-und-medien-im-werk-alfred-doeblins-im-kontext-der-europaeischen-avantgarde\/#primaryimage"},"image":{"@id":"https:\/\/shop.verlag.uni-potsdam.de\/shop\/wissenschaft-technik-und-medien-im-werk-alfred-doeblins-im-kontext-der-europaeischen-avantgarde\/#primaryimage"},"thumbnailUrl":"https:\/\/shop.verlag.uni-potsdam.de\/wp-content\/uploads\/asolmerce\/image-9783869563640.jpg","datePublished":"2026-03-23T08:54:15+00:00","dateModified":"2026-03-23T10:55:15+00:00","breadcrumb":{"@id":"https:\/\/shop.verlag.uni-potsdam.de\/en\/shop\/wissenschaft-technik-und-medien-im-werk-alfred-doeblins-im-kontext-der-europaeischen-avantgarde\/#breadcrumb"},"inLanguage":"en-US","potentialAction":[{"@type":"ReadAction","target":[["https:\/\/shop.verlag.uni-potsdam.de\/en\/shop\/wissenschaft-technik-und-medien-im-werk-alfred-doeblins-im-kontext-der-europaeischen-avantgarde\/"]]}]},{"@type":"ImageObject","inLanguage":"en-US","@id":"https:\/\/shop.verlag.uni-potsdam.de\/en\/shop\/wissenschaft-technik-und-medien-im-werk-alfred-doeblins-im-kontext-der-europaeischen-avantgarde\/#primaryimage","url":"https:\/\/shop.verlag.uni-potsdam.de\/wp-content\/uploads\/asolmerce\/image-9783869563640.jpg","contentUrl":"https:\/\/shop.verlag.uni-potsdam.de\/wp-content\/uploads\/asolmerce\/image-9783869563640.jpg","width":451,"height":640},{"@type":"BreadcrumbList","@id":"https:\/\/shop.verlag.uni-potsdam.de\/en\/shop\/wissenschaft-technik-und-medien-im-werk-alfred-doeblins-im-kontext-der-europaeischen-avantgarde\/#breadcrumb","itemListElement":[{"@type":"ListItem","position":1,"name":"Startseite","item":"https:\/\/shop.verlag.uni-potsdam.de\/en\/"},{"@type":"ListItem","position":2,"name":"Shop","item":"https:\/\/shop.verlag.uni-potsdam.de\/en\/shop\/"},{"@type":"ListItem","position":3,"name":"Wissenschaft, Technik und Medien im Werk Alfred D\u00f6blins im Kontext der europ\u00e4ischen Avantgarde"}]},{"@type":"WebSite","@id":"https:\/\/shop.verlag.uni-potsdam.de\/en\/#website","url":"https:\/\/shop.verlag.uni-potsdam.de\/en\/","name":"Universit\u00e4tsverlag Potsdam","description":"","publisher":{"@id":"https:\/\/shop.verlag.uni-potsdam.de\/en\/#organization"},"potentialAction":[{"@type":"SearchAction","target":{"@type":"EntryPoint","urlTemplate":"https:\/\/shop.verlag.uni-potsdam.de\/en\/?s={search_term_string}"},"query-input":{"@type":"PropertyValueSpecification","valueRequired":true,"valueName":"search_term_string"}}],"inLanguage":"en-US"},{"@type":"Organization","@id":"https:\/\/shop.verlag.uni-potsdam.de\/en\/#organization","name":"Universit\u00e4tsverlag Potsdam","url":"https:\/\/shop.verlag.uni-potsdam.de\/en\/","logo":{"@type":"ImageObject","inLanguage":"en-US","@id":"https:\/\/shop.verlag.uni-potsdam.de\/en\/#\/schema\/logo\/image\/","url":"https:\/\/shop.verlag.uni-potsdam.de\/wp-content\/uploads\/2017\/04\/up_logo_university_2.png","contentUrl":"https:\/\/shop.verlag.uni-potsdam.de\/wp-content\/uploads\/2017\/04\/up_logo_university_2.png","width":160,"height":172,"caption":"Universit\u00e4tsverlag Potsdam"},"image":{"@id":"https:\/\/shop.verlag.uni-potsdam.de\/en\/#\/schema\/logo\/image\/"}}]}},"_links":{"self":[{"href":"https:\/\/shop.verlag.uni-potsdam.de\/en\/wp-json\/wp\/v2\/product\/51947","targetHints":{"allow":["GET"]}}],"collection":[{"href":"https:\/\/shop.verlag.uni-potsdam.de\/en\/wp-json\/wp\/v2\/product"}],"about":[{"href":"https:\/\/shop.verlag.uni-potsdam.de\/en\/wp-json\/wp\/v2\/types\/product"}],"wp:featuredmedia":[{"embeddable":true,"href":"https:\/\/shop.verlag.uni-potsdam.de\/en\/wp-json\/wp\/v2\/media\/54206"}],"wp:attachment":[{"href":"https:\/\/shop.verlag.uni-potsdam.de\/en\/wp-json\/wp\/v2\/media?parent=51947"}],"wp:term":[{"taxonomy":"product_brand","embeddable":true,"href":"https:\/\/shop.verlag.uni-potsdam.de\/en\/wp-json\/wp\/v2\/product_brand?post=51947"},{"taxonomy":"product_cat","embeddable":true,"href":"https:\/\/shop.verlag.uni-potsdam.de\/en\/wp-json\/wp\/v2\/product_cat?post=51947"},{"taxonomy":"product_tag","embeddable":true,"href":"https:\/\/shop.verlag.uni-potsdam.de\/en\/wp-json\/wp\/v2\/product_tag?post=51947"}],"curies":[{"name":"wp","href":"https:\/\/api.w.org\/{rel}","templated":true}]}}