{"id":51955,"date":"2026-03-23T08:54:09","date_gmt":"2026-03-23T08:54:09","guid":{"rendered":"http:\/\/shop.verlag.uni-potsdam.de\/produkt\/die-neutralitaetstheorie-des-geldes\/"},"modified":"2026-03-23T11:55:09","modified_gmt":"2026-03-23T10:55:09","slug":"die-neutralitaetstheorie-des-geldes","status":"publish","type":"product","link":"https:\/\/shop.verlag.uni-potsdam.de\/en\/shop\/die-neutralitaetstheorie-des-geldes\/","title":{"rendered":"Die Neutralit\u00e4tstheorie des Geldes"},"content":{"rendered":"<p class=\"qtranxs-available-languages-message qtranxs-available-languages-message-en\">Sorry, this entry is only available in <a href=\"https:\/\/shop.verlag.uni-potsdam.de\/de\/wp-json\/wp\/v2\/product\/51955\" class=\"qtranxs-available-language-link qtranxs-available-language-link-de\" title=\"Deutsch\">Deutsch<\/a>.<\/p><p>\u00d6konomen wie Wirtschaftspolitiker berufen sich auf die Neutralit\u00e4tstheorie des Geldes, wenn sie eine Entpolitisierung der Geldpolitik fordern. Sowohl die Theorie der Geldneutralit\u00e4t als auch das Paradigma der Entpolitisierung der Geldpolitik sind jedoch problematisch. Die polit\u00f6konomischen Entwicklungen nach der globalen Finanz- und Wirtschaftskrise 2007\/2008 und die j\u00fcngsten Kontroversen \u00fcber die Rolle und Bedeutung von Geld haben dies deutlich vor Augen gef\u00fchrt. Die vorliegende Arbeit diskutiert zun\u00e4chst die konzeptionellen Grundlagen und theoretischen Modelle der Geldneutralit\u00e4t. Anschlie\u00dfend werden die zentralen theoretischen Annahmen und Aussagen der Neutralit\u00e4tstheorie aus einer kritischen heterodoxen Perspektive hinterfragt. Es wird argumentiert, dass Geld eine nicht-neutrale Produktionskraft ist, die weder \u00f6konomisch noch sozial neutral ist. Die Bedingungen, unter denen Geld verf\u00fcgbar ist und zirkuliert, sind richtungsweisend f\u00fcr die \u00f6konomische Entwicklung. Daher kann es auch kein neutrales Geld oder gar eine apolitische Geldpolitik geben.<\/p>","protected":false},"excerpt":{"rendered":"<p class=\"qtranxs-available-languages-message qtranxs-available-languages-message-en\">Sorry, this entry is only available in <a href=\"https:\/\/shop.verlag.uni-potsdam.de\/de\/wp-json\/wp\/v2\/product\/51955\" class=\"qtranxs-available-language-link qtranxs-available-language-link-de\" title=\"Deutsch\">Deutsch<\/a>.<\/p>\n<p>\u00d6konomen wie Wirtschaftspolitiker berufen sich auf die Neutralit\u00e4tstheorie des Geldes, wenn sie eine Entpolitisierung der Geldpolitik fordern. Sowohl die Theorie der Geldneutralit\u00e4t als auch das Paradigma der Entpolitisierung der Geldpolitik sind jedoch problematisch. Die polit\u00f6konomischen Entwicklungen nach der globalen Finanz- und Wirtschaftskrise 2007\/2008 und die j\u00fcngsten Kontroversen \u00fcber die Rolle und Bedeutung von Geld haben dies deutlich vor Augen gef\u00fchrt. Die vorliegende Arbeit diskutiert zun\u00e4chst die konzeptionellen Grundlagen und theoretischen Modelle der Geldneutralit\u00e4t. Anschlie\u00dfend werden die zentralen theoretischen Annahmen und Aussagen der Neutralit\u00e4tstheorie aus einer kritischen heterodoxen Perspektive hinterfragt. Es wird argumentiert, dass Geld eine nicht-neutrale Produktionskraft ist, die weder \u00f6konomisch noch sozial neutral ist. Die Bedingungen, unter denen Geld verf\u00fcgbar ist und zirkuliert, sind richtungsweisend f\u00fcr die \u00f6konomische Entwicklung. Daher kann es auch kein neutrales Geld oder gar eine apolitische Geldpolitik geben.<\/p>\n","protected":false},"featured_media":55135,"template":"","meta":{"_acf_changed":false},"product_brand":[],"product_cat":[6232],"product_tag":[5616],"class_list":{"0":"post-51955","1":"product","2":"type-product","3":"status-publish","4":"has-post-thumbnail","6":"product_cat-wirtschaft-web-kategorie","7":"product_tag-endogenitaet-geld-geldneutralitaet-heterodoxe-oekonomik","8":"autor-ulas-sener","10":"first","11":"instock","12":"shipping-taxable","13":"purchasable","14":"product-type-simple"},"acf":[],"yoast_head":"<!-- This site is optimized with the Yoast SEO plugin v27.1.1 - https:\/\/yoast.com\/product\/yoast-seo-wordpress\/ -->\n<title>Die Neutralit\u00e4tstheorie des Geldes - Universit\u00e4tsverlag Potsdam<\/title>\n<meta name=\"robots\" content=\"index, follow, max-snippet:-1, max-image-preview:large, max-video-preview:-1\" \/>\n<link rel=\"canonical\" href=\"https:\/\/shop.verlag.uni-potsdam.de\/en\/shop\/die-neutralitaetstheorie-des-geldes\/\" \/>\n<meta property=\"og:locale\" content=\"en_US\" \/>\n<meta property=\"og:type\" content=\"article\" \/>\n<meta property=\"og:title\" content=\"Die Neutralit\u00e4tstheorie des Geldes - Universit\u00e4tsverlag Potsdam\" \/>\n<meta property=\"og:description\" content=\"\u00d6konomen wie Wirtschaftspolitiker berufen sich auf die Neutralit\u00e4tstheorie des Geldes, wenn sie eine Entpolitisierung der Geldpolitik fordern. Sowohl die Theorie der Geldneutralit\u00e4t als auch das Paradigma der Entpolitisierung der Geldpolitik sind jedoch problematisch. Die polit\u00f6konomischen Entwicklungen nach der globalen Finanz- und Wirtschaftskrise 2007\/2008 und die j\u00fcngsten Kontroversen \u00fcber die Rolle und Bedeutung von Geld haben dies deutlich vor Augen gef\u00fchrt. Die vorliegende Arbeit diskutiert zun\u00e4chst die konzeptionellen Grundlagen und theoretischen Modelle der Geldneutralit\u00e4t. Anschlie\u00dfend werden die zentralen theoretischen Annahmen und Aussagen der Neutralit\u00e4tstheorie aus einer kritischen heterodoxen Perspektive hinterfragt. Es wird argumentiert, dass Geld eine nicht-neutrale Produktionskraft ist, die weder \u00f6konomisch noch sozial neutral ist. Die Bedingungen, unter denen Geld verf\u00fcgbar ist und zirkuliert, sind richtungsweisend f\u00fcr die \u00f6konomische Entwicklung. Daher kann es auch kein neutrales Geld oder gar eine apolitische Geldpolitik geben.\" \/>\n<meta property=\"og:url\" content=\"https:\/\/shop.verlag.uni-potsdam.de\/en\/shop\/die-neutralitaetstheorie-des-geldes\/\" \/>\n<meta property=\"og:site_name\" content=\"Universit\u00e4tsverlag Potsdam\" \/>\n<meta property=\"article:modified_time\" content=\"2026-03-23T10:55:09+00:00\" \/>\n<meta property=\"og:image\" content=\"https:\/\/shop.verlag.uni-potsdam.de\/wp-content\/uploads\/asolmerce\/image-978-3-86956-344-2.jpg\" \/>\n\t<meta property=\"og:image:width\" content=\"669\" \/>\n\t<meta property=\"og:image:height\" content=\"944\" \/>\n\t<meta property=\"og:image:type\" content=\"image\/jpeg\" \/>\n<meta name=\"twitter:card\" content=\"summary_large_image\" \/>\n<meta name=\"twitter:label1\" content=\"Est. reading time\" \/>\n\t<meta name=\"twitter:data1\" content=\"1 minute\" \/>\n<script type=\"application\/ld+json\" class=\"yoast-schema-graph\">{\"@context\":\"https:\/\/schema.org\",\"@graph\":[{\"@type\":\"WebPage\",\"@id\":\"https:\/\/shop.verlag.uni-potsdam.de\/en\/shop\/die-neutralitaetstheorie-des-geldes\/\",\"url\":\"https:\/\/shop.verlag.uni-potsdam.de\/en\/shop\/die-neutralitaetstheorie-des-geldes\/\",\"name\":\"Die Neutralit\u00e4tstheorie des Geldes - Universit\u00e4tsverlag Potsdam\",\"isPartOf\":{\"@id\":\"https:\/\/shop.verlag.uni-potsdam.de\/en\/#website\"},\"primaryImageOfPage\":{\"@id\":\"https:\/\/shop.verlag.uni-potsdam.de\/en\/shop\/die-neutralitaetstheorie-des-geldes\/#primaryimage\"},\"image\":{\"@id\":\"https:\/\/shop.verlag.uni-potsdam.de\/shop\/die-neutralitaetstheorie-des-geldes\/#primaryimage\"},\"thumbnailUrl\":\"https:\/\/shop.verlag.uni-potsdam.de\/wp-content\/uploads\/asolmerce\/image-978-3-86956-344-2.jpg\",\"datePublished\":\"2026-03-23T08:54:09+00:00\",\"dateModified\":\"2026-03-23T10:55:09+00:00\",\"breadcrumb\":{\"@id\":\"https:\/\/shop.verlag.uni-potsdam.de\/en\/shop\/die-neutralitaetstheorie-des-geldes\/#breadcrumb\"},\"inLanguage\":\"en-US\",\"potentialAction\":[{\"@type\":\"ReadAction\",\"target\":[[\"https:\/\/shop.verlag.uni-potsdam.de\/en\/shop\/die-neutralitaetstheorie-des-geldes\/\"]]}]},{\"@type\":\"ImageObject\",\"inLanguage\":\"en-US\",\"@id\":\"https:\/\/shop.verlag.uni-potsdam.de\/en\/shop\/die-neutralitaetstheorie-des-geldes\/#primaryimage\",\"url\":\"https:\/\/shop.verlag.uni-potsdam.de\/wp-content\/uploads\/asolmerce\/image-978-3-86956-344-2.jpg\",\"contentUrl\":\"https:\/\/shop.verlag.uni-potsdam.de\/wp-content\/uploads\/asolmerce\/image-978-3-86956-344-2.jpg\",\"width\":669,\"height\":944},{\"@type\":\"BreadcrumbList\",\"@id\":\"https:\/\/shop.verlag.uni-potsdam.de\/en\/shop\/die-neutralitaetstheorie-des-geldes\/#breadcrumb\",\"itemListElement\":[{\"@type\":\"ListItem\",\"position\":1,\"name\":\"Startseite\",\"item\":\"https:\/\/shop.verlag.uni-potsdam.de\/en\/\"},{\"@type\":\"ListItem\",\"position\":2,\"name\":\"Shop\",\"item\":\"https:\/\/shop.verlag.uni-potsdam.de\/en\/shop\/\"},{\"@type\":\"ListItem\",\"position\":3,\"name\":\"Die Neutralit\u00e4tstheorie des Geldes\"}]},{\"@type\":\"WebSite\",\"@id\":\"https:\/\/shop.verlag.uni-potsdam.de\/en\/#website\",\"url\":\"https:\/\/shop.verlag.uni-potsdam.de\/en\/\",\"name\":\"Universit\u00e4tsverlag Potsdam\",\"description\":\"\",\"publisher\":{\"@id\":\"https:\/\/shop.verlag.uni-potsdam.de\/en\/#organization\"},\"potentialAction\":[{\"@type\":\"SearchAction\",\"target\":{\"@type\":\"EntryPoint\",\"urlTemplate\":\"https:\/\/shop.verlag.uni-potsdam.de\/en\/?s={search_term_string}\"},\"query-input\":{\"@type\":\"PropertyValueSpecification\",\"valueRequired\":true,\"valueName\":\"search_term_string\"}}],\"inLanguage\":\"en-US\"},{\"@type\":\"Organization\",\"@id\":\"https:\/\/shop.verlag.uni-potsdam.de\/en\/#organization\",\"name\":\"Universit\u00e4tsverlag Potsdam\",\"url\":\"https:\/\/shop.verlag.uni-potsdam.de\/en\/\",\"logo\":{\"@type\":\"ImageObject\",\"inLanguage\":\"en-US\",\"@id\":\"https:\/\/shop.verlag.uni-potsdam.de\/en\/#\/schema\/logo\/image\/\",\"url\":\"https:\/\/shop.verlag.uni-potsdam.de\/wp-content\/uploads\/2017\/04\/up_logo_university_2.png\",\"contentUrl\":\"https:\/\/shop.verlag.uni-potsdam.de\/wp-content\/uploads\/2017\/04\/up_logo_university_2.png\",\"width\":160,\"height\":172,\"caption\":\"Universit\u00e4tsverlag Potsdam\"},\"image\":{\"@id\":\"https:\/\/shop.verlag.uni-potsdam.de\/en\/#\/schema\/logo\/image\/\"}}]}<\/script>\n<!-- \/ Yoast SEO plugin. -->","yoast_head_json":{"title":"Die Neutralit\u00e4tstheorie des Geldes - Universit\u00e4tsverlag Potsdam","robots":{"index":"index","follow":"follow","max-snippet":"max-snippet:-1","max-image-preview":"max-image-preview:large","max-video-preview":"max-video-preview:-1"},"canonical":"https:\/\/shop.verlag.uni-potsdam.de\/en\/shop\/die-neutralitaetstheorie-des-geldes\/","og_locale":"en_US","og_type":"article","og_title":"Die Neutralit\u00e4tstheorie des Geldes - Universit\u00e4tsverlag Potsdam","og_description":"\u00d6konomen wie Wirtschaftspolitiker berufen sich auf die Neutralit\u00e4tstheorie des Geldes, wenn sie eine Entpolitisierung der Geldpolitik fordern. Sowohl die Theorie der Geldneutralit\u00e4t als auch das Paradigma der Entpolitisierung der Geldpolitik sind jedoch problematisch. Die polit\u00f6konomischen Entwicklungen nach der globalen Finanz- und Wirtschaftskrise 2007\/2008 und die j\u00fcngsten Kontroversen \u00fcber die Rolle und Bedeutung von Geld haben dies deutlich vor Augen gef\u00fchrt. Die vorliegende Arbeit diskutiert zun\u00e4chst die konzeptionellen Grundlagen und theoretischen Modelle der Geldneutralit\u00e4t. Anschlie\u00dfend werden die zentralen theoretischen Annahmen und Aussagen der Neutralit\u00e4tstheorie aus einer kritischen heterodoxen Perspektive hinterfragt. Es wird argumentiert, dass Geld eine nicht-neutrale Produktionskraft ist, die weder \u00f6konomisch noch sozial neutral ist. Die Bedingungen, unter denen Geld verf\u00fcgbar ist und zirkuliert, sind richtungsweisend f\u00fcr die \u00f6konomische Entwicklung. Daher kann es auch kein neutrales Geld oder gar eine apolitische Geldpolitik geben.","og_url":"https:\/\/shop.verlag.uni-potsdam.de\/en\/shop\/die-neutralitaetstheorie-des-geldes\/","og_site_name":"Universit\u00e4tsverlag Potsdam","article_modified_time":"2026-03-23T10:55:09+00:00","og_image":[{"width":669,"height":944,"url":"https:\/\/shop.verlag.uni-potsdam.de\/wp-content\/uploads\/asolmerce\/image-978-3-86956-344-2.jpg","type":"image\/jpeg"}],"twitter_card":"summary_large_image","twitter_misc":{"Est. reading time":"1 minute"},"schema":{"@context":"https:\/\/schema.org","@graph":[{"@type":"WebPage","@id":"https:\/\/shop.verlag.uni-potsdam.de\/en\/shop\/die-neutralitaetstheorie-des-geldes\/","url":"https:\/\/shop.verlag.uni-potsdam.de\/en\/shop\/die-neutralitaetstheorie-des-geldes\/","name":"Die Neutralit\u00e4tstheorie des Geldes - Universit\u00e4tsverlag Potsdam","isPartOf":{"@id":"https:\/\/shop.verlag.uni-potsdam.de\/en\/#website"},"primaryImageOfPage":{"@id":"https:\/\/shop.verlag.uni-potsdam.de\/en\/shop\/die-neutralitaetstheorie-des-geldes\/#primaryimage"},"image":{"@id":"https:\/\/shop.verlag.uni-potsdam.de\/shop\/die-neutralitaetstheorie-des-geldes\/#primaryimage"},"thumbnailUrl":"https:\/\/shop.verlag.uni-potsdam.de\/wp-content\/uploads\/asolmerce\/image-978-3-86956-344-2.jpg","datePublished":"2026-03-23T08:54:09+00:00","dateModified":"2026-03-23T10:55:09+00:00","breadcrumb":{"@id":"https:\/\/shop.verlag.uni-potsdam.de\/en\/shop\/die-neutralitaetstheorie-des-geldes\/#breadcrumb"},"inLanguage":"en-US","potentialAction":[{"@type":"ReadAction","target":[["https:\/\/shop.verlag.uni-potsdam.de\/en\/shop\/die-neutralitaetstheorie-des-geldes\/"]]}]},{"@type":"ImageObject","inLanguage":"en-US","@id":"https:\/\/shop.verlag.uni-potsdam.de\/en\/shop\/die-neutralitaetstheorie-des-geldes\/#primaryimage","url":"https:\/\/shop.verlag.uni-potsdam.de\/wp-content\/uploads\/asolmerce\/image-978-3-86956-344-2.jpg","contentUrl":"https:\/\/shop.verlag.uni-potsdam.de\/wp-content\/uploads\/asolmerce\/image-978-3-86956-344-2.jpg","width":669,"height":944},{"@type":"BreadcrumbList","@id":"https:\/\/shop.verlag.uni-potsdam.de\/en\/shop\/die-neutralitaetstheorie-des-geldes\/#breadcrumb","itemListElement":[{"@type":"ListItem","position":1,"name":"Startseite","item":"https:\/\/shop.verlag.uni-potsdam.de\/en\/"},{"@type":"ListItem","position":2,"name":"Shop","item":"https:\/\/shop.verlag.uni-potsdam.de\/en\/shop\/"},{"@type":"ListItem","position":3,"name":"Die Neutralit\u00e4tstheorie des Geldes"}]},{"@type":"WebSite","@id":"https:\/\/shop.verlag.uni-potsdam.de\/en\/#website","url":"https:\/\/shop.verlag.uni-potsdam.de\/en\/","name":"Universit\u00e4tsverlag Potsdam","description":"","publisher":{"@id":"https:\/\/shop.verlag.uni-potsdam.de\/en\/#organization"},"potentialAction":[{"@type":"SearchAction","target":{"@type":"EntryPoint","urlTemplate":"https:\/\/shop.verlag.uni-potsdam.de\/en\/?s={search_term_string}"},"query-input":{"@type":"PropertyValueSpecification","valueRequired":true,"valueName":"search_term_string"}}],"inLanguage":"en-US"},{"@type":"Organization","@id":"https:\/\/shop.verlag.uni-potsdam.de\/en\/#organization","name":"Universit\u00e4tsverlag Potsdam","url":"https:\/\/shop.verlag.uni-potsdam.de\/en\/","logo":{"@type":"ImageObject","inLanguage":"en-US","@id":"https:\/\/shop.verlag.uni-potsdam.de\/en\/#\/schema\/logo\/image\/","url":"https:\/\/shop.verlag.uni-potsdam.de\/wp-content\/uploads\/2017\/04\/up_logo_university_2.png","contentUrl":"https:\/\/shop.verlag.uni-potsdam.de\/wp-content\/uploads\/2017\/04\/up_logo_university_2.png","width":160,"height":172,"caption":"Universit\u00e4tsverlag Potsdam"},"image":{"@id":"https:\/\/shop.verlag.uni-potsdam.de\/en\/#\/schema\/logo\/image\/"}}]}},"_links":{"self":[{"href":"https:\/\/shop.verlag.uni-potsdam.de\/en\/wp-json\/wp\/v2\/product\/51955","targetHints":{"allow":["GET"]}}],"collection":[{"href":"https:\/\/shop.verlag.uni-potsdam.de\/en\/wp-json\/wp\/v2\/product"}],"about":[{"href":"https:\/\/shop.verlag.uni-potsdam.de\/en\/wp-json\/wp\/v2\/types\/product"}],"wp:featuredmedia":[{"embeddable":true,"href":"https:\/\/shop.verlag.uni-potsdam.de\/en\/wp-json\/wp\/v2\/media\/55135"}],"wp:attachment":[{"href":"https:\/\/shop.verlag.uni-potsdam.de\/en\/wp-json\/wp\/v2\/media?parent=51955"}],"wp:term":[{"taxonomy":"product_brand","embeddable":true,"href":"https:\/\/shop.verlag.uni-potsdam.de\/en\/wp-json\/wp\/v2\/product_brand?post=51955"},{"taxonomy":"product_cat","embeddable":true,"href":"https:\/\/shop.verlag.uni-potsdam.de\/en\/wp-json\/wp\/v2\/product_cat?post=51955"},{"taxonomy":"product_tag","embeddable":true,"href":"https:\/\/shop.verlag.uni-potsdam.de\/en\/wp-json\/wp\/v2\/product_tag?post=51955"}],"curies":[{"name":"wp","href":"https:\/\/api.w.org\/{rel}","templated":true}]}}